{"id":58688,"date":"2025-12-13T17:38:52","date_gmt":"2025-12-13T16:38:52","guid":{"rendered":"https:\/\/www.mapesteadoree.fr\/boutique\/?post_type=product&#038;p=58688"},"modified":"2025-12-14T11:17:23","modified_gmt":"2025-12-14T10:17:23","slug":"pendentifs-doc-martens-cristal-de-roche","status":"publish","type":"product","link":"https:\/\/www.mapesteadoree.fr\/boutique\/bijoux\/pendentifs-doc-martens-cristal-de-roche\/","title":{"rendered":"Bijoux de bottines en cristal de roche &#8211; couleur argent"},"content":{"rendered":"<p data-start=\"146\" data-end=\"396\"><strong>Adoptez les cristaux magiques pour vos bottes &amp; bottines \u2013 compatibles avec languette arri\u00e8re type Dr. Martens<\/strong><\/p>\n<p data-start=\"398\" data-end=\"804\">Vendus par paire, les pendentifs se composent d\u2019un mousqueton circulaire en alliage plaqu\u00e9 couleur acier inox et d\u2019une pointe de cristal de roche. Le grand anneau mousqueton s\u2019accroche directement \u00e0 la languette arri\u00e8re de la bottine, permettant \u00e0 celle-ci de retomber naturellement vers le bas sous le poids du pendentif, tout en mettant la pierre en valeur \u00e0 l\u2019arri\u00e8re de la chaussure.<\/p>\n<h3 data-start=\"806\" data-end=\"826\">Caract\u00e9ristiques de la paire de charms pour Doc Martens<\/h3>\n<ul data-start=\"827\" data-end=\"1207\">\n<li data-start=\"827\" data-end=\"859\">\n<p data-start=\"829\" data-end=\"859\">Vendu par paire (2 pendentifs)<\/p>\n<\/li>\n<li data-start=\"860\" data-end=\"914\">\n<p data-start=\"862\" data-end=\"914\">Pierre : Cristal de roche laiteux, pointe facett\u00e9e<\/p>\n<\/li>\n<li data-start=\"915\" data-end=\"956\">\n<p data-start=\"917\" data-end=\"956\">Longueur du pendentif \u00a0avec la pierre : environ 25 mm \/ Pierre seule : 20mm<\/p>\n<\/li>\n<li data-start=\"957\" data-end=\"997\">\n<p data-start=\"959\" data-end=\"997\">Mousqueton \u00e0 ressort : alliage de m\u00e9tal avec placage longue dur\u00e9e couleur argent<\/p>\n<\/li>\n<li data-start=\"998\" data-end=\"1050\">\n<p data-start=\"1000\" data-end=\"1050\">Dimensions du mousqueton : environ 24,5 x 4,5 mm<\/p>\n<\/li>\n<li data-start=\"1051\" data-end=\"1094\">\n<p data-start=\"1053\" data-end=\"1094\">Couleur du m\u00e9tal : acier inox \/ platine<\/p>\n<\/li>\n<li data-start=\"1142\" data-end=\"1207\">\n<p data-start=\"1144\" data-end=\"1207\">Compatible avec : bottines type Doc Martens (s&rsquo;accroche simplement sur la languette arri\u00e8re)<\/p>\n<\/li>\n<\/ul>\n<h2 data-start=\"1416\" data-end=\"1448\">Bienfaits du cristal de roche<\/h2>\n<p data-start=\"1450\" data-end=\"1784\">Le cristal de roche est une pierre d\u2019harmonisation et de clart\u00e9. Il aide \u00e0 structurer les pens\u00e9es, \u00e0 rester concentr\u00e9 et \u00e0 garder une \u00e9nergie stable tout au long de la journ\u00e9e.<\/p>\n<p data-start=\"1450\" data-end=\"1784\">Port\u00e9 au coll\u00e8ge, au lyc\u00e9e ou au travail, il accompagne les journ\u00e9es charg\u00e9es en favorisant l\u2019\u00e9quilibre, la lucidit\u00e9 et une sensation d\u2019alignement int\u00e9rieur.<\/p>\n<h3 data-start=\"1209\" data-end=\"1224\">Comment accrocher les charms pour Dr. Martens ?<\/h3>\n<p data-start=\"1225\" data-end=\"1409\">Les pendentifs s\u2019attachent facilement en ouvrant le mousqueton et en le passant dans la languette arri\u00e8re de la bottine. Aucun outil n\u2019est n\u00e9cessaire. Convient pour un usage quotidien.<\/p>\n<p data-start=\"1450\" data-end=\"1784\">\n","protected":false},"excerpt":{"rendered":"<p data-start=\"1828\" data-end=\"1984\"><strong>Paire de pendentifs pour bottines de type Doc Martens (avec languette \u00e0 l&rsquo;arri\u00e8re) avec pointe de cristal de roche.<\/strong><br data-start=\"1902\" data-end=\"1905\" \/>Un accessoire original \u00a0pour rendre vos bottines pr\u00e9f\u00e9r\u00e9es uniques !<\/p>\n","protected":false},"featured_media":58691,"comment_status":"open","ping_status":"closed","template":"","meta":[],"product_brand":[],"product_cat":[25,26,2095],"product_tag":[2120],"class_list":{"0":"post-58688","1":"product","2":"type-product","3":"status-publish","4":"has-post-thumbnail","6":"product_cat-accessoires","7":"product_cat-pierres-naturelles","8":"product_cat-vente-ephemere","9":"product_tag-bijoux-de-bottines","11":"first","12":"instock","13":"shipping-taxable","14":"purchasable","15":"product-type-simple"},"acf":[],"yoast_head":"<!-- This site is optimized with the Yoast SEO plugin v27.5 - https:\/\/yoast.com\/product\/yoast-seo-wordpress\/ -->\n<title>Pendentifs ou bijoux pour Doc Martens en cristal de roche<\/title>\n<meta name=\"description\" content=\"Pendentifs ou bijoux pour Doc Martens en cristal de roche. Vendus par paire, faciles \u00e0 accrocher, pour un style unique et une \u00e9nergie \u00e9quilibr\u00e9e\" \/>\n<meta name=\"robots\" content=\"index, follow, max-snippet:-1, max-image-preview:large, max-video-preview:-1\" \/>\n<link rel=\"canonical\" href=\"https:\/\/www.mapesteadoree.fr\/boutique\/bijoux\/pendentifs-doc-martens-cristal-de-roche\/\" \/>\n<meta property=\"og:locale\" content=\"fr_FR\" \/>\n<meta property=\"og:type\" content=\"article\" \/>\n<meta property=\"og:title\" content=\"Pendentifs ou bijoux pour Doc Martens en cristal de roche\" \/>\n<meta property=\"og:description\" content=\"Pendentifs ou bijoux pour Doc Martens en cristal de roche. Vendus par paire, faciles \u00e0 accrocher, pour un style unique et une \u00e9nergie \u00e9quilibr\u00e9e\" \/>\n<meta property=\"og:url\" content=\"https:\/\/www.mapesteadoree.fr\/boutique\/bijoux\/pendentifs-doc-martens-cristal-de-roche\/\" \/>\n<meta property=\"og:site_name\" content=\"Ma Peste Ador\u00e9e\" \/>\n<meta property=\"article:modified_time\" content=\"2025-12-14T10:17:23+00:00\" \/>\n<meta property=\"og:image\" content=\"https:\/\/www.mapesteadoree.fr\/boutique\/wp-content\/uploads\/2025\/12\/doc-martens-pendentifs-cristal-roche.jpg\" \/>\n\t<meta property=\"og:image:width\" content=\"1500\" \/>\n\t<meta property=\"og:image:height\" content=\"1500\" \/>\n\t<meta property=\"og:image:type\" content=\"image\/jpeg\" \/>\n<meta name=\"twitter:card\" content=\"summary_large_image\" \/>\n<meta name=\"twitter:label1\" content=\"Dur\u00e9e de lecture estim\u00e9e\" \/>\n\t<meta name=\"twitter:data1\" content=\"1 minute\" \/>\n<script type=\"application\/ld+json\" class=\"yoast-schema-graph\">{\"@context\":\"https:\\\/\\\/schema.org\",\"@graph\":[{\"@type\":\"WebPage\",\"@id\":\"https:\\\/\\\/www.mapesteadoree.fr\\\/boutique\\\/bijoux\\\/pendentifs-doc-martens-cristal-de-roche\\\/\",\"url\":\"https:\\\/\\\/www.mapesteadoree.fr\\\/boutique\\\/bijoux\\\/pendentifs-doc-martens-cristal-de-roche\\\/\",\"name\":\"Pendentifs ou bijoux pour Doc Martens en cristal de roche\",\"isPartOf\":{\"@id\":\"https:\\\/\\\/www.mapesteadoree.fr\\\/boutique\\\/#website\"},\"primaryImageOfPage\":{\"@id\":\"https:\\\/\\\/www.mapesteadoree.fr\\\/boutique\\\/bijoux\\\/pendentifs-doc-martens-cristal-de-roche\\\/#primaryimage\"},\"image\":{\"@id\":\"https:\\\/\\\/www.mapesteadoree.fr\\\/boutique\\\/bijoux\\\/pendentifs-doc-martens-cristal-de-roche\\\/#primaryimage\"},\"thumbnailUrl\":\"https:\\\/\\\/www.mapesteadoree.fr\\\/boutique\\\/wp-content\\\/uploads\\\/2025\\\/12\\\/doc-martens-pendentifs-cristal-roche.jpg\",\"datePublished\":\"2025-12-13T16:38:52+00:00\",\"dateModified\":\"2025-12-14T10:17:23+00:00\",\"description\":\"Pendentifs ou bijoux pour Doc Martens en cristal de roche. Vendus par paire, faciles \u00e0 accrocher, pour un style unique et une \u00e9nergie \u00e9quilibr\u00e9e\",\"breadcrumb\":{\"@id\":\"https:\\\/\\\/www.mapesteadoree.fr\\\/boutique\\\/bijoux\\\/pendentifs-doc-martens-cristal-de-roche\\\/#breadcrumb\"},\"inLanguage\":\"fr-FR\",\"potentialAction\":[{\"@type\":\"ReadAction\",\"target\":[\"https:\\\/\\\/www.mapesteadoree.fr\\\/boutique\\\/bijoux\\\/pendentifs-doc-martens-cristal-de-roche\\\/\"]}]},{\"@type\":\"ImageObject\",\"inLanguage\":\"fr-FR\",\"@id\":\"https:\\\/\\\/www.mapesteadoree.fr\\\/boutique\\\/bijoux\\\/pendentifs-doc-martens-cristal-de-roche\\\/#primaryimage\",\"url\":\"https:\\\/\\\/www.mapesteadoree.fr\\\/boutique\\\/wp-content\\\/uploads\\\/2025\\\/12\\\/doc-martens-pendentifs-cristal-roche.jpg\",\"contentUrl\":\"https:\\\/\\\/www.mapesteadoree.fr\\\/boutique\\\/wp-content\\\/uploads\\\/2025\\\/12\\\/doc-martens-pendentifs-cristal-roche.jpg\",\"width\":1500,\"height\":1500,\"caption\":\"paire de pendentifs ou bijoux pour bottines doc martens avec cristal de roche\"},{\"@type\":\"BreadcrumbList\",\"@id\":\"https:\\\/\\\/www.mapesteadoree.fr\\\/boutique\\\/bijoux\\\/pendentifs-doc-martens-cristal-de-roche\\\/#breadcrumb\",\"itemListElement\":[{\"@type\":\"ListItem\",\"position\":1,\"name\":\"Accueil\",\"item\":\"https:\\\/\\\/www.mapesteadoree.fr\\\/boutique\\\/\"},{\"@type\":\"ListItem\",\"position\":2,\"name\":\"Boutique de bijoux uniques en pierres naturelles\",\"item\":\"https:\\\/\\\/www.mapesteadoree.fr\\\/boutique\\\/\"},{\"@type\":\"ListItem\",\"position\":3,\"name\":\"Bijoux de bottines en cristal de roche &#8211; couleur argent\"}]},{\"@type\":\"WebSite\",\"@id\":\"https:\\\/\\\/www.mapesteadoree.fr\\\/boutique\\\/#website\",\"url\":\"https:\\\/\\\/www.mapesteadoree.fr\\\/boutique\\\/\",\"name\":\"Ma Peste Ador\u00e9e\",\"description\":\"\",\"publisher\":{\"@id\":\"https:\\\/\\\/www.mapesteadoree.fr\\\/boutique\\\/#organization\"},\"potentialAction\":[{\"@type\":\"SearchAction\",\"target\":{\"@type\":\"EntryPoint\",\"urlTemplate\":\"https:\\\/\\\/www.mapesteadoree.fr\\\/boutique\\\/?s={search_term_string}\"},\"query-input\":{\"@type\":\"PropertyValueSpecification\",\"valueRequired\":true,\"valueName\":\"search_term_string\"}}],\"inLanguage\":\"fr-FR\"},{\"@type\":\"Organization\",\"@id\":\"https:\\\/\\\/www.mapesteadoree.fr\\\/boutique\\\/#organization\",\"name\":\"Ma Peste Ador\u00e9e\",\"url\":\"https:\\\/\\\/www.mapesteadoree.fr\\\/boutique\\\/\",\"logo\":{\"@type\":\"ImageObject\",\"inLanguage\":\"fr-FR\",\"@id\":\"https:\\\/\\\/www.mapesteadoree.fr\\\/boutique\\\/#\\\/schema\\\/logo\\\/image\\\/\",\"url\":\"https:\\\/\\\/www.mapesteadoree.fr\\\/boutique\\\/wp-content\\\/uploads\\\/2024\\\/10\\\/cropped-logo-mpa-2024.png\",\"contentUrl\":\"https:\\\/\\\/www.mapesteadoree.fr\\\/boutique\\\/wp-content\\\/uploads\\\/2024\\\/10\\\/cropped-logo-mpa-2024.png\",\"width\":470,\"height\":110,\"caption\":\"Ma Peste Ador\u00e9e\"},\"image\":{\"@id\":\"https:\\\/\\\/www.mapesteadoree.fr\\\/boutique\\\/#\\\/schema\\\/logo\\\/image\\\/\"}}]}<\/script>\n<!-- \/ Yoast SEO plugin. -->","yoast_head_json":{"title":"Pendentifs ou bijoux pour Doc Martens en cristal de roche","description":"Pendentifs ou bijoux pour Doc Martens en cristal de roche. Vendus par paire, faciles \u00e0 accrocher, pour un style unique et une \u00e9nergie \u00e9quilibr\u00e9e","robots":{"index":"index","follow":"follow","max-snippet":"max-snippet:-1","max-image-preview":"max-image-preview:large","max-video-preview":"max-video-preview:-1"},"canonical":"https:\/\/www.mapesteadoree.fr\/boutique\/bijoux\/pendentifs-doc-martens-cristal-de-roche\/","og_locale":"fr_FR","og_type":"article","og_title":"Pendentifs ou bijoux pour Doc Martens en cristal de roche","og_description":"Pendentifs ou bijoux pour Doc Martens en cristal de roche. Vendus par paire, faciles \u00e0 accrocher, pour un style unique et une \u00e9nergie \u00e9quilibr\u00e9e","og_url":"https:\/\/www.mapesteadoree.fr\/boutique\/bijoux\/pendentifs-doc-martens-cristal-de-roche\/","og_site_name":"Ma Peste Ador\u00e9e","article_modified_time":"2025-12-14T10:17:23+00:00","og_image":[{"width":1500,"height":1500,"url":"https:\/\/www.mapesteadoree.fr\/boutique\/wp-content\/uploads\/2025\/12\/doc-martens-pendentifs-cristal-roche.jpg","type":"image\/jpeg"}],"twitter_card":"summary_large_image","twitter_misc":{"Dur\u00e9e de lecture estim\u00e9e":"1 minute"},"schema":{"@context":"https:\/\/schema.org","@graph":[{"@type":"WebPage","@id":"https:\/\/www.mapesteadoree.fr\/boutique\/bijoux\/pendentifs-doc-martens-cristal-de-roche\/","url":"https:\/\/www.mapesteadoree.fr\/boutique\/bijoux\/pendentifs-doc-martens-cristal-de-roche\/","name":"Pendentifs ou bijoux pour Doc Martens en cristal de roche","isPartOf":{"@id":"https:\/\/www.mapesteadoree.fr\/boutique\/#website"},"primaryImageOfPage":{"@id":"https:\/\/www.mapesteadoree.fr\/boutique\/bijoux\/pendentifs-doc-martens-cristal-de-roche\/#primaryimage"},"image":{"@id":"https:\/\/www.mapesteadoree.fr\/boutique\/bijoux\/pendentifs-doc-martens-cristal-de-roche\/#primaryimage"},"thumbnailUrl":"https:\/\/www.mapesteadoree.fr\/boutique\/wp-content\/uploads\/2025\/12\/doc-martens-pendentifs-cristal-roche.jpg","datePublished":"2025-12-13T16:38:52+00:00","dateModified":"2025-12-14T10:17:23+00:00","description":"Pendentifs ou bijoux pour Doc Martens en cristal de roche. Vendus par paire, faciles \u00e0 accrocher, pour un style unique et une \u00e9nergie \u00e9quilibr\u00e9e","breadcrumb":{"@id":"https:\/\/www.mapesteadoree.fr\/boutique\/bijoux\/pendentifs-doc-martens-cristal-de-roche\/#breadcrumb"},"inLanguage":"fr-FR","potentialAction":[{"@type":"ReadAction","target":["https:\/\/www.mapesteadoree.fr\/boutique\/bijoux\/pendentifs-doc-martens-cristal-de-roche\/"]}]},{"@type":"ImageObject","inLanguage":"fr-FR","@id":"https:\/\/www.mapesteadoree.fr\/boutique\/bijoux\/pendentifs-doc-martens-cristal-de-roche\/#primaryimage","url":"https:\/\/www.mapesteadoree.fr\/boutique\/wp-content\/uploads\/2025\/12\/doc-martens-pendentifs-cristal-roche.jpg","contentUrl":"https:\/\/www.mapesteadoree.fr\/boutique\/wp-content\/uploads\/2025\/12\/doc-martens-pendentifs-cristal-roche.jpg","width":1500,"height":1500,"caption":"paire de pendentifs ou bijoux pour bottines doc martens avec cristal de roche"},{"@type":"BreadcrumbList","@id":"https:\/\/www.mapesteadoree.fr\/boutique\/bijoux\/pendentifs-doc-martens-cristal-de-roche\/#breadcrumb","itemListElement":[{"@type":"ListItem","position":1,"name":"Accueil","item":"https:\/\/www.mapesteadoree.fr\/boutique\/"},{"@type":"ListItem","position":2,"name":"Boutique de bijoux uniques en pierres naturelles","item":"https:\/\/www.mapesteadoree.fr\/boutique\/"},{"@type":"ListItem","position":3,"name":"Bijoux de bottines en cristal de roche &#8211; couleur argent"}]},{"@type":"WebSite","@id":"https:\/\/www.mapesteadoree.fr\/boutique\/#website","url":"https:\/\/www.mapesteadoree.fr\/boutique\/","name":"Ma Peste Ador\u00e9e","description":"","publisher":{"@id":"https:\/\/www.mapesteadoree.fr\/boutique\/#organization"},"potentialAction":[{"@type":"SearchAction","target":{"@type":"EntryPoint","urlTemplate":"https:\/\/www.mapesteadoree.fr\/boutique\/?s={search_term_string}"},"query-input":{"@type":"PropertyValueSpecification","valueRequired":true,"valueName":"search_term_string"}}],"inLanguage":"fr-FR"},{"@type":"Organization","@id":"https:\/\/www.mapesteadoree.fr\/boutique\/#organization","name":"Ma Peste Ador\u00e9e","url":"https:\/\/www.mapesteadoree.fr\/boutique\/","logo":{"@type":"ImageObject","inLanguage":"fr-FR","@id":"https:\/\/www.mapesteadoree.fr\/boutique\/#\/schema\/logo\/image\/","url":"https:\/\/www.mapesteadoree.fr\/boutique\/wp-content\/uploads\/2024\/10\/cropped-logo-mpa-2024.png","contentUrl":"https:\/\/www.mapesteadoree.fr\/boutique\/wp-content\/uploads\/2024\/10\/cropped-logo-mpa-2024.png","width":470,"height":110,"caption":"Ma Peste Ador\u00e9e"},"image":{"@id":"https:\/\/www.mapesteadoree.fr\/boutique\/#\/schema\/logo\/image\/"}}]}},"wcpa_form_fields":null,"_links":{"self":[{"href":"https:\/\/www.mapesteadoree.fr\/boutique\/wp-json\/wp\/v2\/product\/58688","targetHints":{"allow":["GET"]}}],"collection":[{"href":"https:\/\/www.mapesteadoree.fr\/boutique\/wp-json\/wp\/v2\/product"}],"about":[{"href":"https:\/\/www.mapesteadoree.fr\/boutique\/wp-json\/wp\/v2\/types\/product"}],"replies":[{"embeddable":true,"href":"https:\/\/www.mapesteadoree.fr\/boutique\/wp-json\/wp\/v2\/comments?post=58688"}],"wp:featuredmedia":[{"embeddable":true,"href":"https:\/\/www.mapesteadoree.fr\/boutique\/wp-json\/wp\/v2\/media\/58691"}],"wp:attachment":[{"href":"https:\/\/www.mapesteadoree.fr\/boutique\/wp-json\/wp\/v2\/media?parent=58688"}],"wp:term":[{"taxonomy":"product_brand","embeddable":true,"href":"https:\/\/www.mapesteadoree.fr\/boutique\/wp-json\/wp\/v2\/product_brand?post=58688"},{"taxonomy":"product_cat","embeddable":true,"href":"https:\/\/www.mapesteadoree.fr\/boutique\/wp-json\/wp\/v2\/product_cat?post=58688"},{"taxonomy":"product_tag","embeddable":true,"href":"https:\/\/www.mapesteadoree.fr\/boutique\/wp-json\/wp\/v2\/product_tag?post=58688"}],"curies":[{"name":"wp","href":"https:\/\/api.w.org\/{rel}","templated":true}]}}