{"id":58432,"date":"2025-11-18T10:48:30","date_gmt":"2025-11-18T09:48:30","guid":{"rendered":"https:\/\/www.mapesteadoree.fr\/boutique\/?post_type=product&#038;p=58432"},"modified":"2025-12-14T20:18:48","modified_gmt":"2025-12-14T19:18:48","slug":"pochette-surprise-lithotherapie-personnalisee","status":"publish","type":"product","link":"https:\/\/www.mapesteadoree.fr\/boutique\/bijoux\/pochette-surprise-lithotherapie-personnalisee\/","title":{"rendered":"Pochette Surprise Lithoth\u00e9rapie"},"content":{"rendered":"<p data-start=\"539\" data-end=\"980\">Dans chaque pochette, vous trouverez 3 tr\u00e9sors :<\/p>\n<p data-start=\"539\" data-end=\"980\">\ud83d\udc49 2 bijoux ou accessoires + 1 pierre naturelle.<\/p>\n<p data-start=\"539\" data-end=\"980\"><br data-start=\"650\" data-end=\"653\" \/>Selon l\u2019inspiration et votre profil, la pochette peut contenir :<\/p>\n<ul>\n<li data-start=\"539\" data-end=\"980\">bracelet<\/li>\n<li data-start=\"539\" data-end=\"980\">collier<\/li>\n<li data-start=\"539\" data-end=\"980\">boucles d\u2019oreilles<\/li>\n<li data-start=\"539\" data-end=\"980\">bague<\/li>\n<li data-start=\"539\" data-end=\"980\">porte-cl\u00e9s<\/li>\n<li data-start=\"539\" data-end=\"980\">grigri de sac<\/li>\n<li data-start=\"539\" data-end=\"980\">attrape-soleil<\/li>\n<li data-start=\"539\" data-end=\"980\">pierre naturelle roul\u00e9e<\/li>\n<\/ul>\n<p><strong>Vous pouvez cochez jusqu&rsquo;\u00e0 3 \u00e9l\u00e9ments pour me donner des indications sur vos pr\u00e9f\u00e9rences ! N&rsquo;oubliez pas de pr\u00e9cisez dans la case de texte la longueur du collier, la taille des boucles etc&#8230; si vous avez coch\u00e9 \u00e7a : )<\/strong><\/p>\n<blockquote><p>Chaque \u00e9l\u00e9ment est s\u00e9lectionn\u00e9 avec soin pour correspondre \u00e0 aux gout de la personne et l\u2019\u00e9nergie recherch\u00e9e.<\/p><\/blockquote>\n<p data-start=\"982\" data-end=\"1428\" data-is-last-node=\"\" data-is-only-node=\"\">Pour passer commande, rien de plus simple : il vous suffit de choisir si vous souhaitez un kit enfant, femme ou homme, d\u2019indiquer l\u2019\u00e2ge, la taille de poignet, puis de partager quelques infos compl\u00e9mentaires : couleurs pr\u00e9f\u00e9r\u00e9es, style (par exemple : discret, boh\u00e8me, color\u00e9\u2026), ou toute autre particularit\u00e9 \u00e0 signaler. Je me charge ensuite de composer votre pochette surprise sur mesure, avec amour et intentions bienveillantes \ud83d\udc95.<\/p>\n","protected":false},"excerpt":{"rendered":"<p>Pochette surprise lithoth\u00e9rapie \u2013 <strong data-start=\"34\" data-end=\"82\">25\u20ac seulement pour une valeur minimum de 50\u20ac<\/strong> \u2728<br data-start=\"84\" data-end=\"87\" \/>Offrez (ou offrez-vous) une exp\u00e9rience unique avec cette pochette surprise lithoth\u00e9rapie remplie d\u2019\u00e9nergies positives.<\/p>\n<p><strong>Chaque pochette contient au minimum 50\u20ac de produits, soit 50 % de remise garantie.<\/strong> Elle est enti\u00e8rement personnalis\u00e9e avec le pr\u00e9nom de la personne et un petit livret explicatif des bienfaits des pierres et des bijoux qui s\u2019y trouvent. Une belle id\u00e9e cadeau pour un anniversaire, No\u00ebl, ou simplement pour faire plaisir.<\/p>\n","protected":false},"featured_media":58436,"comment_status":"open","ping_status":"closed","template":"","meta":[],"product_brand":[],"product_cat":[1998],"product_tag":[],"class_list":{"0":"post-58432","1":"product","2":"type-product","3":"status-publish","4":"has-post-thumbnail","6":"product_cat-kits-lithotherapie","7":"wcpa_has_options","9":"first","10":"instock","11":"sale","12":"shipping-taxable","13":"purchasable","14":"product-type-simple"},"acf":[],"yoast_head":"<!-- This site is optimized with the Yoast SEO plugin v27.4 - https:\/\/yoast.com\/product\/yoast-seo-wordpress\/ -->\n<title>Pochette surprise lithoth\u00e9rapie personnalis\u00e9e \u2013 3 tr\u00e9sors bien-\u00eatre<\/title>\n<meta name=\"description\" content=\"Offrez une pochette surprise lithoth\u00e9rapie personnalis\u00e9e : 2 bijoux + 1 pierre naturelle pour seulement 25\u20ac, valeur minimale 50\u20ac.\" \/>\n<meta name=\"robots\" content=\"index, follow, max-snippet:-1, max-image-preview:large, max-video-preview:-1\" \/>\n<link rel=\"canonical\" href=\"https:\/\/www.mapesteadoree.fr\/boutique\/bijoux\/pochette-surprise-lithotherapie-personnalisee\/\" \/>\n<meta property=\"og:locale\" content=\"fr_FR\" \/>\n<meta property=\"og:type\" content=\"article\" \/>\n<meta property=\"og:title\" content=\"Pochette surprise lithoth\u00e9rapie personnalis\u00e9e \u2013 3 tr\u00e9sors bien-\u00eatre\" \/>\n<meta property=\"og:description\" content=\"Offrez une pochette surprise lithoth\u00e9rapie personnalis\u00e9e : 2 bijoux + 1 pierre naturelle pour seulement 25\u20ac, valeur minimale 50\u20ac.\" \/>\n<meta property=\"og:url\" content=\"https:\/\/www.mapesteadoree.fr\/boutique\/bijoux\/pochette-surprise-lithotherapie-personnalisee\/\" \/>\n<meta property=\"og:site_name\" content=\"Ma Peste Ador\u00e9e\" \/>\n<meta property=\"article:modified_time\" content=\"2025-12-14T19:18:48+00:00\" \/>\n<meta property=\"og:image\" content=\"https:\/\/www.mapesteadoree.fr\/boutique\/wp-content\/uploads\/2025\/11\/Pochettesurprise.jpg\" \/>\n\t<meta property=\"og:image:width\" content=\"1500\" \/>\n\t<meta property=\"og:image:height\" content=\"1500\" \/>\n\t<meta property=\"og:image:type\" content=\"image\/jpeg\" \/>\n<meta name=\"twitter:card\" content=\"summary_large_image\" \/>\n<meta name=\"twitter:label1\" content=\"Dur\u00e9e de lecture estim\u00e9e\" \/>\n\t<meta name=\"twitter:data1\" content=\"1 minute\" \/>\n<script type=\"application\/ld+json\" class=\"yoast-schema-graph\">{\"@context\":\"https:\\\/\\\/schema.org\",\"@graph\":[{\"@type\":\"WebPage\",\"@id\":\"https:\\\/\\\/www.mapesteadoree.fr\\\/boutique\\\/bijoux\\\/pochette-surprise-lithotherapie-personnalisee\\\/\",\"url\":\"https:\\\/\\\/www.mapesteadoree.fr\\\/boutique\\\/bijoux\\\/pochette-surprise-lithotherapie-personnalisee\\\/\",\"name\":\"Pochette surprise lithoth\u00e9rapie personnalis\u00e9e \u2013 3 tr\u00e9sors bien-\u00eatre\",\"isPartOf\":{\"@id\":\"https:\\\/\\\/www.mapesteadoree.fr\\\/boutique\\\/#website\"},\"primaryImageOfPage\":{\"@id\":\"https:\\\/\\\/www.mapesteadoree.fr\\\/boutique\\\/bijoux\\\/pochette-surprise-lithotherapie-personnalisee\\\/#primaryimage\"},\"image\":{\"@id\":\"https:\\\/\\\/www.mapesteadoree.fr\\\/boutique\\\/bijoux\\\/pochette-surprise-lithotherapie-personnalisee\\\/#primaryimage\"},\"thumbnailUrl\":\"https:\\\/\\\/www.mapesteadoree.fr\\\/boutique\\\/wp-content\\\/uploads\\\/2025\\\/11\\\/Pochettesurprise.jpg\",\"datePublished\":\"2025-11-18T09:48:30+00:00\",\"dateModified\":\"2025-12-14T19:18:48+00:00\",\"description\":\"Offrez une pochette surprise lithoth\u00e9rapie personnalis\u00e9e : 2 bijoux + 1 pierre naturelle pour seulement 25\u20ac, valeur minimale 50\u20ac.\",\"breadcrumb\":{\"@id\":\"https:\\\/\\\/www.mapesteadoree.fr\\\/boutique\\\/bijoux\\\/pochette-surprise-lithotherapie-personnalisee\\\/#breadcrumb\"},\"inLanguage\":\"fr-FR\",\"potentialAction\":[{\"@type\":\"ReadAction\",\"target\":[\"https:\\\/\\\/www.mapesteadoree.fr\\\/boutique\\\/bijoux\\\/pochette-surprise-lithotherapie-personnalisee\\\/\"]}]},{\"@type\":\"ImageObject\",\"inLanguage\":\"fr-FR\",\"@id\":\"https:\\\/\\\/www.mapesteadoree.fr\\\/boutique\\\/bijoux\\\/pochette-surprise-lithotherapie-personnalisee\\\/#primaryimage\",\"url\":\"https:\\\/\\\/www.mapesteadoree.fr\\\/boutique\\\/wp-content\\\/uploads\\\/2025\\\/11\\\/Pochettesurprise.jpg\",\"contentUrl\":\"https:\\\/\\\/www.mapesteadoree.fr\\\/boutique\\\/wp-content\\\/uploads\\\/2025\\\/11\\\/Pochettesurprise.jpg\",\"width\":1500,\"height\":1500,\"caption\":\"Id\u00e9e cadeau bien-\u00eatre : pochette surprise lithoth\u00e9rapie au pr\u00e9nom, valeur 50\u20ac pour 25\u20ac\"},{\"@type\":\"BreadcrumbList\",\"@id\":\"https:\\\/\\\/www.mapesteadoree.fr\\\/boutique\\\/bijoux\\\/pochette-surprise-lithotherapie-personnalisee\\\/#breadcrumb\",\"itemListElement\":[{\"@type\":\"ListItem\",\"position\":1,\"name\":\"Accueil\",\"item\":\"https:\\\/\\\/www.mapesteadoree.fr\\\/boutique\\\/\"},{\"@type\":\"ListItem\",\"position\":2,\"name\":\"Boutique de bijoux uniques en pierres naturelles\",\"item\":\"https:\\\/\\\/www.mapesteadoree.fr\\\/boutique\\\/\"},{\"@type\":\"ListItem\",\"position\":3,\"name\":\"Pochette Surprise Lithoth\u00e9rapie\"}]},{\"@type\":\"WebSite\",\"@id\":\"https:\\\/\\\/www.mapesteadoree.fr\\\/boutique\\\/#website\",\"url\":\"https:\\\/\\\/www.mapesteadoree.fr\\\/boutique\\\/\",\"name\":\"Ma Peste Ador\u00e9e\",\"description\":\"\",\"publisher\":{\"@id\":\"https:\\\/\\\/www.mapesteadoree.fr\\\/boutique\\\/#organization\"},\"potentialAction\":[{\"@type\":\"SearchAction\",\"target\":{\"@type\":\"EntryPoint\",\"urlTemplate\":\"https:\\\/\\\/www.mapesteadoree.fr\\\/boutique\\\/?s={search_term_string}\"},\"query-input\":{\"@type\":\"PropertyValueSpecification\",\"valueRequired\":true,\"valueName\":\"search_term_string\"}}],\"inLanguage\":\"fr-FR\"},{\"@type\":\"Organization\",\"@id\":\"https:\\\/\\\/www.mapesteadoree.fr\\\/boutique\\\/#organization\",\"name\":\"Ma Peste Ador\u00e9e\",\"url\":\"https:\\\/\\\/www.mapesteadoree.fr\\\/boutique\\\/\",\"logo\":{\"@type\":\"ImageObject\",\"inLanguage\":\"fr-FR\",\"@id\":\"https:\\\/\\\/www.mapesteadoree.fr\\\/boutique\\\/#\\\/schema\\\/logo\\\/image\\\/\",\"url\":\"https:\\\/\\\/www.mapesteadoree.fr\\\/boutique\\\/wp-content\\\/uploads\\\/2024\\\/10\\\/cropped-logo-mpa-2024.png\",\"contentUrl\":\"https:\\\/\\\/www.mapesteadoree.fr\\\/boutique\\\/wp-content\\\/uploads\\\/2024\\\/10\\\/cropped-logo-mpa-2024.png\",\"width\":470,\"height\":110,\"caption\":\"Ma Peste Ador\u00e9e\"},\"image\":{\"@id\":\"https:\\\/\\\/www.mapesteadoree.fr\\\/boutique\\\/#\\\/schema\\\/logo\\\/image\\\/\"}}]}<\/script>\n<!-- \/ Yoast SEO plugin. -->","yoast_head_json":{"title":"Pochette surprise lithoth\u00e9rapie personnalis\u00e9e \u2013 3 tr\u00e9sors bien-\u00eatre","description":"Offrez une pochette surprise lithoth\u00e9rapie personnalis\u00e9e : 2 bijoux + 1 pierre naturelle pour seulement 25\u20ac, valeur minimale 50\u20ac.","robots":{"index":"index","follow":"follow","max-snippet":"max-snippet:-1","max-image-preview":"max-image-preview:large","max-video-preview":"max-video-preview:-1"},"canonical":"https:\/\/www.mapesteadoree.fr\/boutique\/bijoux\/pochette-surprise-lithotherapie-personnalisee\/","og_locale":"fr_FR","og_type":"article","og_title":"Pochette surprise lithoth\u00e9rapie personnalis\u00e9e \u2013 3 tr\u00e9sors bien-\u00eatre","og_description":"Offrez une pochette surprise lithoth\u00e9rapie personnalis\u00e9e : 2 bijoux + 1 pierre naturelle pour seulement 25\u20ac, valeur minimale 50\u20ac.","og_url":"https:\/\/www.mapesteadoree.fr\/boutique\/bijoux\/pochette-surprise-lithotherapie-personnalisee\/","og_site_name":"Ma Peste Ador\u00e9e","article_modified_time":"2025-12-14T19:18:48+00:00","og_image":[{"width":1500,"height":1500,"url":"https:\/\/www.mapesteadoree.fr\/boutique\/wp-content\/uploads\/2025\/11\/Pochettesurprise.jpg","type":"image\/jpeg"}],"twitter_card":"summary_large_image","twitter_misc":{"Dur\u00e9e de lecture estim\u00e9e":"1 minute"},"schema":{"@context":"https:\/\/schema.org","@graph":[{"@type":"WebPage","@id":"https:\/\/www.mapesteadoree.fr\/boutique\/bijoux\/pochette-surprise-lithotherapie-personnalisee\/","url":"https:\/\/www.mapesteadoree.fr\/boutique\/bijoux\/pochette-surprise-lithotherapie-personnalisee\/","name":"Pochette surprise lithoth\u00e9rapie personnalis\u00e9e \u2013 3 tr\u00e9sors bien-\u00eatre","isPartOf":{"@id":"https:\/\/www.mapesteadoree.fr\/boutique\/#website"},"primaryImageOfPage":{"@id":"https:\/\/www.mapesteadoree.fr\/boutique\/bijoux\/pochette-surprise-lithotherapie-personnalisee\/#primaryimage"},"image":{"@id":"https:\/\/www.mapesteadoree.fr\/boutique\/bijoux\/pochette-surprise-lithotherapie-personnalisee\/#primaryimage"},"thumbnailUrl":"https:\/\/www.mapesteadoree.fr\/boutique\/wp-content\/uploads\/2025\/11\/Pochettesurprise.jpg","datePublished":"2025-11-18T09:48:30+00:00","dateModified":"2025-12-14T19:18:48+00:00","description":"Offrez une pochette surprise lithoth\u00e9rapie personnalis\u00e9e : 2 bijoux + 1 pierre naturelle pour seulement 25\u20ac, valeur minimale 50\u20ac.","breadcrumb":{"@id":"https:\/\/www.mapesteadoree.fr\/boutique\/bijoux\/pochette-surprise-lithotherapie-personnalisee\/#breadcrumb"},"inLanguage":"fr-FR","potentialAction":[{"@type":"ReadAction","target":["https:\/\/www.mapesteadoree.fr\/boutique\/bijoux\/pochette-surprise-lithotherapie-personnalisee\/"]}]},{"@type":"ImageObject","inLanguage":"fr-FR","@id":"https:\/\/www.mapesteadoree.fr\/boutique\/bijoux\/pochette-surprise-lithotherapie-personnalisee\/#primaryimage","url":"https:\/\/www.mapesteadoree.fr\/boutique\/wp-content\/uploads\/2025\/11\/Pochettesurprise.jpg","contentUrl":"https:\/\/www.mapesteadoree.fr\/boutique\/wp-content\/uploads\/2025\/11\/Pochettesurprise.jpg","width":1500,"height":1500,"caption":"Id\u00e9e cadeau bien-\u00eatre : pochette surprise lithoth\u00e9rapie au pr\u00e9nom, valeur 50\u20ac pour 25\u20ac"},{"@type":"BreadcrumbList","@id":"https:\/\/www.mapesteadoree.fr\/boutique\/bijoux\/pochette-surprise-lithotherapie-personnalisee\/#breadcrumb","itemListElement":[{"@type":"ListItem","position":1,"name":"Accueil","item":"https:\/\/www.mapesteadoree.fr\/boutique\/"},{"@type":"ListItem","position":2,"name":"Boutique de bijoux uniques en pierres naturelles","item":"https:\/\/www.mapesteadoree.fr\/boutique\/"},{"@type":"ListItem","position":3,"name":"Pochette Surprise Lithoth\u00e9rapie"}]},{"@type":"WebSite","@id":"https:\/\/www.mapesteadoree.fr\/boutique\/#website","url":"https:\/\/www.mapesteadoree.fr\/boutique\/","name":"Ma Peste Ador\u00e9e","description":"","publisher":{"@id":"https:\/\/www.mapesteadoree.fr\/boutique\/#organization"},"potentialAction":[{"@type":"SearchAction","target":{"@type":"EntryPoint","urlTemplate":"https:\/\/www.mapesteadoree.fr\/boutique\/?s={search_term_string}"},"query-input":{"@type":"PropertyValueSpecification","valueRequired":true,"valueName":"search_term_string"}}],"inLanguage":"fr-FR"},{"@type":"Organization","@id":"https:\/\/www.mapesteadoree.fr\/boutique\/#organization","name":"Ma Peste Ador\u00e9e","url":"https:\/\/www.mapesteadoree.fr\/boutique\/","logo":{"@type":"ImageObject","inLanguage":"fr-FR","@id":"https:\/\/www.mapesteadoree.fr\/boutique\/#\/schema\/logo\/image\/","url":"https:\/\/www.mapesteadoree.fr\/boutique\/wp-content\/uploads\/2024\/10\/cropped-logo-mpa-2024.png","contentUrl":"https:\/\/www.mapesteadoree.fr\/boutique\/wp-content\/uploads\/2024\/10\/cropped-logo-mpa-2024.png","width":470,"height":110,"caption":"Ma Peste Ador\u00e9e"},"image":{"@id":"https:\/\/www.mapesteadoree.fr\/boutique\/#\/schema\/logo\/image\/"}}]}},"wcpa_form_fields":{"wcpaData":{"product":{"product_price":25,"price_html":"<del aria-hidden=\"true\"><span class=\"woocommerce-Price-amount amount\"><bdi>50,00&nbsp;<span class=\"woocommerce-Price-currencySymbol\">&euro;<\/span><\/bdi><\/span><\/del> <span class=\"screen-reader-text\">Le prix initial \u00e9tait\u00a0: 50,00&nbsp;&euro;.<\/span><ins aria-hidden=\"true\"><span class=\"woocommerce-Price-amount amount\"><bdi>25,00&nbsp;<span class=\"woocommerce-Price-currencySymbol\">&euro;<\/span><\/bdi><\/span><\/ins><span class=\"screen-reader-text\">Le prix actuel est\u00a0: 25,00&nbsp;&euro;.<\/span>","original_product_price":50,"price_including_tax":25,"price_excluding_tax":25,"product_id":{"parent":58432,"variation":false},"is_variable":false,"stock_status":"instock","stock_quantity":16,"parent_sku":"","product_attributes":[],"custom_fields":[],"is_taxable":false,"product_name":"Pochette Surprise Lithoth\u00e9rapie","hasImage":false},"fields":{"sec_8691c41328a3aa":{"extra":{"key":"sec_8691c41328a3aa","section_id":"sec_8691c41328a3aa","name":"Base","status":1,"cl_rule":"show","enableCl":false,"relations":[],"toggle":true,"title_tag":"h3","show_title":false,"showPrice":"default","repeater_section_field_label":"{field_label}","repeater_section_label":"{section_name}","repeater_bind":"","form_id":58437,"form_rules":{"exclude_from_discount":false,"fee_label":"Fee","disp_hide_options_price":false,"disp_show_section_price":false,"disp_show_field_price":true,"layout_option":"standard","pric_use_as_fee":false,"process_fee_as":"woo_fee"},"layout_option":"standard"},"fields":[[{"type":"textarea","elementId":"textarea_5691c41328a3c7","label":"Pr\u00e9nom (pour personnaliser la pochette)","pricingType":"fixed","rows":"1","name":"textarea_5691c41328a3c7","maxlength":"30","mapToCheckoutFieldParent":"billing","mapToCheckoutField":"billing_first_name","cl_rule":"show","col":3,"relations":false,"active":true,"tooltip":"","isWeightTemplate":false,"error":false,"isTemplate":false,"min_quantity":"1","quantity_decimal":false,"quantity_step":"1","quantity_label":"Quantity","repeater_field_label":"{field_label}","repeater_bind":"","description":"","gt_translate_keys":["label","description","tooltip","repeater_field_label","quantity_label"],"price_dependency":false,"cl_dependency":false,"value":""}],[{"type":"select","elementId":"select_0691c41328a3cf","label":"Personne \u00e0 qui est destin\u00e9e la pochette","enablePrice":false,"priceOptions":"different_for_all","pricingType":"fixed","name":"select_0691c41328a3cf","cl_rule":"show","col":6,"values":[{"label":"Femme","value":"option-1","price":"0","pimage":"","pimage_id":"","pthumb":"","selected":true,"tempId":"aco_534","gt_translate_keys":["label"]},{"label":"Homme","value":"option-2","price":"3","pimage":"","pimage_id":"","pthumb":"","tempId":"aco_535","gt_translate_keys":["label"]},{"label":"Fille","value":"option-3","price":"3","pimage":"","pimage_id":"","pthumb":"","tempId":"aco_536","gt_translate_keys":["label"]},{"label":"Gar\u00e7on","value":"option-4","selected":false,"tempId":"aco_726","gt_translate_keys":["label"]}],"relations":false,"price":0,"active":true,"tooltip":"","isWeightTemplate":false,"error":false,"isTemplate":false,"min_quantity":"1","quantity_decimal":false,"quantity_step":"1","quantity_label":"Quantity","repeater_field_label":"{field_label}","repeater_bind":"","dropdown_type":"basic","required":true,"gt_translate_keys":["label","tooltip","repeater_field_label","quantity_label"],"price_dependency":false,"cl_dependency":false,"value":""}],[{"active":true,"col":6,"relations":false,"cl_rule":"show","enableCl":false,"price":"","enablePrice":false,"className":"","label_position":"default","desc_position":"default","type":"text","subtype":"text","required":true,"elementId":"text_9462374907","label":"Age de la personne","name":"text_9462374907","value":"","caseType":"default","isWeightTemplate":false,"error":false,"isTemplate":false,"min_quantity":"1","quantity_decimal":false,"quantity_step":"1","quantity_label":"Quantity","repeater_field_label":"{field_label}","repeater_bind":"","maxlength":"10","minlength":"1","gt_translate_keys":["label","value","repeater_field_label","quantity_label"],"price_dependency":false,"cl_dependency":false}],[{"type":"checkbox-group","required":true,"elementId":"checkbox-group_9691c41328a3e7","label":"Taille du poignet","inline":true,"priceOptions":"different_for_all","pricingType":"fixed","name":"checkbox-group_9691c41328a3e7","min_options":"1","max_options":"1","other_text":"Other","cl_rule":"show","col":6,"values":[{"label":"Fin ","value":"option-1","price":"","pimage":"","pimage_id":"","pthumb":"","tempId":"aco_1186","gt_translate_keys":["label"]},{"label":"Normal ","value":"option-2","price":"","pimage":"","pimage_id":"","pthumb":"","tempId":"aco_1187","gt_translate_keys":["label"]},{"label":"Fort ","value":"option-3","price":"","pimage":"","pimage_id":"","pthumb":"","tempId":"aco_1188","gt_translate_keys":["label"]},{"label":"Personnalis\u00e9","value":"option-4","price":"","pimage":"","pimage_id":"","pthumb":"","tempId":"aco_1189","gt_translate_keys":["label"]}],"relations":false,"active":true,"tooltip":"","layOut":"inline","isWeightTemplate":false,"error":false,"isTemplate":false,"checkUi":"","min_quantity":"1","quantity_decimal":false,"quantity_step":"1","quantity_label":"Quantity","repeater_field_label":"{field_label}","repeater_bind":"","gt_translate_keys":["label","tooltip","repeater_field_label","quantity_label"],"price_dependency":false,"cl_dependency":["text_5691c41328a3ec"],"value":""}],[{"type":"text","elementId":"text_5691c41328a3ec","label":"Tour du poignet","description":"en centim\u00e8tres","pricingType":"fixed","name":"text_5691c41328a3ec","subtype":"text","minlength":"0","maxlength":"20","mapToCheckoutFieldParent":"billing","mapToCheckoutField":"billing_first_name","enableCl":true,"cl_rule":"show","cl_val":"option-4","col":6,"relations":[{"operator":false,"rules":[{"operator":false,"rules":{"cl_field":"checkbox-group_9691c41328a3e7","cl_relation":"is","cl_val":"option-4"}}]}],"active":true,"tooltip":"","error":false,"gt_translate_keys":["label","description","tooltip"],"price_dependency":false,"cl_dependency":false,"value":""}],[{"active":true,"col":6,"relations":false,"cl_rule":"show","enableCl":false,"price":"","enablePrice":false,"className":"","label_position":"default","desc_position":"default","type":"checkbox-group","required":true,"elementId":"checkbox-group_5691c41328a3dc","label":"Ce que vous pr\u00e9f\u00e9reriez avoir dans la pochette","name":"checkbox-group_5691c41328a3dc","values":[{"label":"bracelet","value":"Option - 1","selected":false,"tempId":"aco_10037","gt_translate_keys":["label"]},{"label":"boucles d'oreilles","value":"Option - 2","selected":false,"tempId":"aco_10038","gt_translate_keys":["label"]},{"label":"bague","value":"Option - 3","selected":false,"tempId":"aco_10039","gt_translate_keys":["label"]},{"label":"Porte-clefs","value":"Option - 4","selected":false,"tempId":"aco_10040","gt_translate_keys":["label"]},{"label":"Grigri de sac","value":"Option - 5","selected":false,"tempId":"aco_10041","gt_translate_keys":["label"]},{"label":"Attrape-soleil","value":"Option - 6","selected":false,"tempId":"aco_10042","gt_translate_keys":["label"]}],"isWeightTemplate":false,"error":false,"isTemplate":false,"layOut":"","checkUi":"","min_quantity":"1","quantity_decimal":false,"quantity_step":"1","quantity_label":"Quantity","repeater_field_label":"{field_label}","repeater_bind":"","description":"Vous pouvez cocher jusqu'\u00e0 3 cases","other":false,"other_text":"","enableClearSelection":true,"min_options":"1","max_options":"6","requiredError":"Il faut s'occuper de ce champ : )","minFieldsError":"Il faut au moins cocher une case : )","maxFieldsError":"Vous pouvez cocher  6 cases maximum","otherFieldError":"Il y a une erreur, merci de v\u00e9rifier que tout est bien rempli : )","gt_translate_keys":["label","description","repeater_field_label","quantity_label","requiredError","minFieldsError","maxFieldsError","otherFieldError"],"price_dependency":false,"cl_dependency":false,"value":""}],[{"type":"textarea","required":false,"elementId":"textarea_4691c41328a3e1","label":"\u2764\ufe0f Si vous le souhaitez, vous pouvez me laisser ici les go\u00fbts, ou la personnalit\u00e9 de la personne \u00e0 qui est destin\u00e9e la pochette","description":"(facultatif)","pricingType":"fixed","rows":"4","name":"textarea_4691c41328a3e1","minlength":"0","maxlength":"1000","mapToCheckoutFieldParent":"billing","mapToCheckoutField":"billing_first_name","cl_rule":"show","col":6,"relations":false,"active":true,"tooltip":"","isWeightTemplate":false,"error":false,"isTemplate":false,"min_quantity":"1","quantity_decimal":false,"quantity_step":"1","quantity_label":"Quantity","repeater_field_label":"{field_label}","repeater_bind":"","gt_translate_keys":["label","description","tooltip","repeater_field_label","quantity_label"],"price_dependency":false,"cl_dependency":false,"value":""}]]}},"config":{"price_override":"","enable_recaptcha":false,"bind_quantity":false,"quantity_bind_formula":false,"disp_summ_show_option_price":true,"disp_summ_show_product_price":true,"disp_summ_show_total_price":true,"disp_summ_show_fee":false,"disp_summ_show_discount":false,"summary_title":"","options_total_label":"Prix des options","total_label":"Total","options_product_label":"Prix du bijou","fee_label":"Fee","discount_label":"Discount","has_price":true,"has_quantity_formula":false},"mc_unit":1,"tax_rate":1,"tax_rate_real":1,"discount":{"percentage":0,"fixed":0},"design":{"conf":{"LabelPosition":"above","DescPosition":"above","UploadField":"custom_1","QuantityFieldStyle":"default"},"css":{"LeftLabelWidth":"120px"}},"formulas":[],"lookuptables":[],"clones":false,"cartKey":false}},"_links":{"self":[{"href":"https:\/\/www.mapesteadoree.fr\/boutique\/wp-json\/wp\/v2\/product\/58432","targetHints":{"allow":["GET"]}}],"collection":[{"href":"https:\/\/www.mapesteadoree.fr\/boutique\/wp-json\/wp\/v2\/product"}],"about":[{"href":"https:\/\/www.mapesteadoree.fr\/boutique\/wp-json\/wp\/v2\/types\/product"}],"replies":[{"embeddable":true,"href":"https:\/\/www.mapesteadoree.fr\/boutique\/wp-json\/wp\/v2\/comments?post=58432"}],"wp:featuredmedia":[{"embeddable":true,"href":"https:\/\/www.mapesteadoree.fr\/boutique\/wp-json\/wp\/v2\/media\/58436"}],"wp:attachment":[{"href":"https:\/\/www.mapesteadoree.fr\/boutique\/wp-json\/wp\/v2\/media?parent=58432"}],"wp:term":[{"taxonomy":"product_brand","embeddable":true,"href":"https:\/\/www.mapesteadoree.fr\/boutique\/wp-json\/wp\/v2\/product_brand?post=58432"},{"taxonomy":"product_cat","embeddable":true,"href":"https:\/\/www.mapesteadoree.fr\/boutique\/wp-json\/wp\/v2\/product_cat?post=58432"},{"taxonomy":"product_tag","embeddable":true,"href":"https:\/\/www.mapesteadoree.fr\/boutique\/wp-json\/wp\/v2\/product_tag?post=58432"}],"curies":[{"name":"wp","href":"https:\/\/api.w.org\/{rel}","templated":true}]}}