{"id":58323,"date":"2025-11-06T14:23:39","date_gmt":"2025-11-06T13:23:39","guid":{"rendered":"https:\/\/www.mapesteadoree.fr\/boutique\/?post_type=product&#038;p=58323"},"modified":"2025-12-18T13:55:07","modified_gmt":"2025-12-18T12:55:07","slug":"boucles-lizzie-xl-plusieurs-modeles","status":"publish","type":"product","link":"https:\/\/www.mapesteadoree.fr\/boutique\/bijoux\/boucles-lizzie-xl-plusieurs-modeles\/","title":{"rendered":"Boucles Lizzie XL &#8211; Plusieurs Mod\u00e8les"},"content":{"rendered":"<p><strong>D\u00e9couvrez les boucles d&rsquo;oreilles Lizzie, des boucles asym\u00e9triques XXL \u00e0 chaque fois uniques !<\/strong> Dans la galerie photo, vous pouvez voir toutes les couleurs disponibles.<\/p>\n<p><em>\u26a0\ufe0f Attention il n&rsquo;y a que peu d&rsquo;exemplaires de chaque et la paire peut \u00eatre diff\u00e9rente de la photo au niveau des quartz color\u00e9s (forme et taille diff\u00e9rente)<\/em><\/p>\n<h2>Des boucles d&rsquo;oreilles XL asym\u00e9triques uniques !<\/h2>\n<p><strong>Vous pouvez porter ces boucles d&rsquo;oreilles un peu folles ensemble ou alors seule. Et si tu craques pour 2 paires, tu peux les m\u00e9langer et les combiner &lt;3<\/strong><\/p>\n<p>Voici les caract\u00e9ristiques pr\u00e9cises de ces super grandes boucles d&rsquo;oreilles :<\/p>\n<p>Les appr\u00eats utilis\u00e9s sont 100% acier inox\/Gold Filled. Longueur de chaque boucle : entre 10 et 11cm environ.<\/p>\n<ul>\n<li>Crochets de type hame\u00e7ons<\/li>\n<li>Cercles martel\u00e9s de tailles diff\u00e9rentes<\/li>\n<li>Grande breloque ailes dor\u00e9es, 4cm de large<\/li>\n<li>2 perles de cristal de roche<\/li>\n<li>Cha\u00eene fine acier inox dor\u00e9<\/li>\n<li>Cristal de quartz trait\u00e9 \u00a0de couleurs et de formes \u00e0 chaque fois diff\u00e9rentes<\/li>\n<\/ul>\n<p>Couleurs propos\u00e9es : Vert Clair \/ Vert fonc\u00e9 \/Bleu Clair \/ Bleu fonc\u00e9 \/ Rose Clair \/ Rose Fonc\u00e9 \/ Violet \/ Orange<\/p>\n<h3>Les bienfaits du cristal de roche<\/h3>\n<p>Le cristal de roche est une pierre de lumi\u00e8re et de clart\u00e9 mentale, elle \u00a0maintient l&rsquo;harmonie entre le corps et l&rsquo;esprit, augmente l&rsquo;intuition et la perception intuitive.<\/p>\n<p>C&rsquo;est \u00e9galement une bonne pierre pour rester en forme et se sentir bien : elle dynamise l&rsquo;\u00e9nergie et favorise la r\u00e9g\u00e9n\u00e9ration et le ressourcement de l&rsquo;organisme, en cas de fatigue, de maladie, d&rsquo;\u00e9puisement physique ou m\u00eame de d\u00e9prime passag\u00e8re.<\/p>\n<h3>C&rsquo;est quoi le quartz color\u00e9 ?<\/h3>\n<p>C&rsquo;est du quartz qui re\u00e7oit un traitement sp\u00e9cial : le proc\u00e9d\u00e9 de galvanoplastie. C&rsquo;est une application pr\u00e9cise \u00a0qui d\u00e9pose une fine couche de m\u00e9tal sur la surface de chaque cristal de quartz , sublimant ainsi sa beaut\u00e9. Ici sur ces pierres, une couleur a chaque fois diff\u00e9rente est \u00e9galement appliqu\u00e9e.<\/p>\n<p>&nbsp;<\/p>\n<p>&nbsp;<\/p>\n","protected":false},"excerpt":{"rendered":"<p><strong>Boucles d&rsquo;oreilles Lizzie Asym\u00e9triques, Grandes et originales&#8230; mais l\u00e9g\u00e8res ! T<\/strong>out en acier inoxydable dor\u00e9 et Gold Filled, avec cristal de roche et quartz color\u00e9. Chaque paire est unique, diff\u00e9rentes couleur au choix !<\/p>\n","protected":false},"featured_media":58337,"comment_status":"open","ping_status":"closed","template":"","meta":[],"product_brand":[],"product_cat":[22,2081],"product_tag":[],"class_list":{"0":"post-58323","1":"product","2":"type-product","3":"status-publish","4":"has-post-thumbnail","6":"product_cat-bijoux-femmes","7":"product_cat-boucles-doreilles","9":"first","10":"instock","11":"shipping-taxable","12":"purchasable","13":"product-type-variable","14":"has-default-attributes"},"acf":[],"yoast_head":"<!-- This site is optimized with the Yoast SEO plugin v27.4 - https:\/\/yoast.com\/product\/yoast-seo-wordpress\/ -->\n<title>Boucles Lizzie XL - Plusieurs Mod\u00e8les - Ma Peste Ador\u00e9e<\/title>\n<meta name=\"description\" content=\"Boucles d&#039;oreilles xxl asym\u00e9triques en acier inox et gold filled,avec cristal de quartz ou de roche, chaque paire est unique !\" \/>\n<meta name=\"robots\" content=\"index, follow, max-snippet:-1, max-image-preview:large, max-video-preview:-1\" \/>\n<link rel=\"canonical\" href=\"https:\/\/www.mapesteadoree.fr\/boutique\/bijoux\/boucles-lizzie-xl-plusieurs-modeles\/\" \/>\n<meta property=\"og:locale\" content=\"fr_FR\" \/>\n<meta property=\"og:type\" content=\"article\" \/>\n<meta property=\"og:title\" content=\"Boucles Lizzie XL - Plusieurs Mod\u00e8les - Ma Peste Ador\u00e9e\" \/>\n<meta property=\"og:description\" content=\"Boucles d&#039;oreilles xxl asym\u00e9triques en acier inox et gold filled,avec cristal de quartz ou de roche, chaque paire est unique !\" \/>\n<meta property=\"og:url\" content=\"https:\/\/www.mapesteadoree.fr\/boutique\/bijoux\/boucles-lizzie-xl-plusieurs-modeles\/\" \/>\n<meta property=\"og:site_name\" content=\"Ma Peste Ador\u00e9e\" \/>\n<meta property=\"article:modified_time\" content=\"2025-12-18T12:55:07+00:00\" \/>\n<meta property=\"og:image\" content=\"https:\/\/www.mapesteadoree.fr\/boutique\/wp-content\/uploads\/2025\/11\/boucles-lizzie-img1.jpg\" \/>\n\t<meta property=\"og:image:width\" content=\"1500\" \/>\n\t<meta property=\"og:image:height\" content=\"1500\" \/>\n\t<meta property=\"og:image:type\" content=\"image\/jpeg\" \/>\n<meta name=\"twitter:card\" content=\"summary_large_image\" \/>\n<meta name=\"twitter:label1\" content=\"Dur\u00e9e de lecture estim\u00e9e\" \/>\n\t<meta name=\"twitter:data1\" content=\"2 minutes\" \/>\n<script type=\"application\/ld+json\" class=\"yoast-schema-graph\">{\"@context\":\"https:\\\/\\\/schema.org\",\"@graph\":[{\"@type\":\"WebPage\",\"@id\":\"https:\\\/\\\/www.mapesteadoree.fr\\\/boutique\\\/bijoux\\\/boucles-lizzie-xl-plusieurs-modeles\\\/\",\"url\":\"https:\\\/\\\/www.mapesteadoree.fr\\\/boutique\\\/bijoux\\\/boucles-lizzie-xl-plusieurs-modeles\\\/\",\"name\":\"Boucles Lizzie XL - Plusieurs Mod\u00e8les - Ma Peste Ador\u00e9e\",\"isPartOf\":{\"@id\":\"https:\\\/\\\/www.mapesteadoree.fr\\\/boutique\\\/#website\"},\"primaryImageOfPage\":{\"@id\":\"https:\\\/\\\/www.mapesteadoree.fr\\\/boutique\\\/bijoux\\\/boucles-lizzie-xl-plusieurs-modeles\\\/#primaryimage\"},\"image\":{\"@id\":\"https:\\\/\\\/www.mapesteadoree.fr\\\/boutique\\\/bijoux\\\/boucles-lizzie-xl-plusieurs-modeles\\\/#primaryimage\"},\"thumbnailUrl\":\"https:\\\/\\\/www.mapesteadoree.fr\\\/boutique\\\/wp-content\\\/uploads\\\/2025\\\/11\\\/boucles-lizzie-img1.jpg\",\"datePublished\":\"2025-11-06T13:23:39+00:00\",\"dateModified\":\"2025-12-18T12:55:07+00:00\",\"description\":\"Boucles d'oreilles xxl asym\u00e9triques en acier inox et gold filled,avec cristal de quartz ou de roche, chaque paire est unique !\",\"breadcrumb\":{\"@id\":\"https:\\\/\\\/www.mapesteadoree.fr\\\/boutique\\\/bijoux\\\/boucles-lizzie-xl-plusieurs-modeles\\\/#breadcrumb\"},\"inLanguage\":\"fr-FR\",\"potentialAction\":[{\"@type\":\"ReadAction\",\"target\":[\"https:\\\/\\\/www.mapesteadoree.fr\\\/boutique\\\/bijoux\\\/boucles-lizzie-xl-plusieurs-modeles\\\/\"]}]},{\"@type\":\"ImageObject\",\"inLanguage\":\"fr-FR\",\"@id\":\"https:\\\/\\\/www.mapesteadoree.fr\\\/boutique\\\/bijoux\\\/boucles-lizzie-xl-plusieurs-modeles\\\/#primaryimage\",\"url\":\"https:\\\/\\\/www.mapesteadoree.fr\\\/boutique\\\/wp-content\\\/uploads\\\/2025\\\/11\\\/boucles-lizzie-img1.jpg\",\"contentUrl\":\"https:\\\/\\\/www.mapesteadoree.fr\\\/boutique\\\/wp-content\\\/uploads\\\/2025\\\/11\\\/boucles-lizzie-img1.jpg\",\"width\":1500,\"height\":1500,\"caption\":\"Boucles d'oreilles originales \\\"Lizzie\\\" xl et asym\u00e9triques avec quartz by Ma Peste Ador\u00e9e\"},{\"@type\":\"BreadcrumbList\",\"@id\":\"https:\\\/\\\/www.mapesteadoree.fr\\\/boutique\\\/bijoux\\\/boucles-lizzie-xl-plusieurs-modeles\\\/#breadcrumb\",\"itemListElement\":[{\"@type\":\"ListItem\",\"position\":1,\"name\":\"Accueil\",\"item\":\"https:\\\/\\\/www.mapesteadoree.fr\\\/boutique\\\/\"},{\"@type\":\"ListItem\",\"position\":2,\"name\":\"Boutique de bijoux uniques en pierres naturelles\",\"item\":\"https:\\\/\\\/www.mapesteadoree.fr\\\/boutique\\\/\"},{\"@type\":\"ListItem\",\"position\":3,\"name\":\"Boucles Lizzie XL &#8211; Plusieurs Mod\u00e8les\"}]},{\"@type\":\"WebSite\",\"@id\":\"https:\\\/\\\/www.mapesteadoree.fr\\\/boutique\\\/#website\",\"url\":\"https:\\\/\\\/www.mapesteadoree.fr\\\/boutique\\\/\",\"name\":\"Ma Peste Ador\u00e9e\",\"description\":\"\",\"publisher\":{\"@id\":\"https:\\\/\\\/www.mapesteadoree.fr\\\/boutique\\\/#organization\"},\"potentialAction\":[{\"@type\":\"SearchAction\",\"target\":{\"@type\":\"EntryPoint\",\"urlTemplate\":\"https:\\\/\\\/www.mapesteadoree.fr\\\/boutique\\\/?s={search_term_string}\"},\"query-input\":{\"@type\":\"PropertyValueSpecification\",\"valueRequired\":true,\"valueName\":\"search_term_string\"}}],\"inLanguage\":\"fr-FR\"},{\"@type\":\"Organization\",\"@id\":\"https:\\\/\\\/www.mapesteadoree.fr\\\/boutique\\\/#organization\",\"name\":\"Ma Peste Ador\u00e9e\",\"url\":\"https:\\\/\\\/www.mapesteadoree.fr\\\/boutique\\\/\",\"logo\":{\"@type\":\"ImageObject\",\"inLanguage\":\"fr-FR\",\"@id\":\"https:\\\/\\\/www.mapesteadoree.fr\\\/boutique\\\/#\\\/schema\\\/logo\\\/image\\\/\",\"url\":\"https:\\\/\\\/www.mapesteadoree.fr\\\/boutique\\\/wp-content\\\/uploads\\\/2024\\\/10\\\/cropped-logo-mpa-2024.png\",\"contentUrl\":\"https:\\\/\\\/www.mapesteadoree.fr\\\/boutique\\\/wp-content\\\/uploads\\\/2024\\\/10\\\/cropped-logo-mpa-2024.png\",\"width\":470,\"height\":110,\"caption\":\"Ma Peste Ador\u00e9e\"},\"image\":{\"@id\":\"https:\\\/\\\/www.mapesteadoree.fr\\\/boutique\\\/#\\\/schema\\\/logo\\\/image\\\/\"}}]}<\/script>\n<!-- \/ Yoast SEO plugin. -->","yoast_head_json":{"title":"Boucles Lizzie XL - Plusieurs Mod\u00e8les - Ma Peste Ador\u00e9e","description":"Boucles d'oreilles xxl asym\u00e9triques en acier inox et gold filled,avec cristal de quartz ou de roche, chaque paire est unique !","robots":{"index":"index","follow":"follow","max-snippet":"max-snippet:-1","max-image-preview":"max-image-preview:large","max-video-preview":"max-video-preview:-1"},"canonical":"https:\/\/www.mapesteadoree.fr\/boutique\/bijoux\/boucles-lizzie-xl-plusieurs-modeles\/","og_locale":"fr_FR","og_type":"article","og_title":"Boucles Lizzie XL - Plusieurs Mod\u00e8les - Ma Peste Ador\u00e9e","og_description":"Boucles d'oreilles xxl asym\u00e9triques en acier inox et gold filled,avec cristal de quartz ou de roche, chaque paire est unique !","og_url":"https:\/\/www.mapesteadoree.fr\/boutique\/bijoux\/boucles-lizzie-xl-plusieurs-modeles\/","og_site_name":"Ma Peste Ador\u00e9e","article_modified_time":"2025-12-18T12:55:07+00:00","og_image":[{"width":1500,"height":1500,"url":"https:\/\/www.mapesteadoree.fr\/boutique\/wp-content\/uploads\/2025\/11\/boucles-lizzie-img1.jpg","type":"image\/jpeg"}],"twitter_card":"summary_large_image","twitter_misc":{"Dur\u00e9e de lecture estim\u00e9e":"2 minutes"},"schema":{"@context":"https:\/\/schema.org","@graph":[{"@type":"WebPage","@id":"https:\/\/www.mapesteadoree.fr\/boutique\/bijoux\/boucles-lizzie-xl-plusieurs-modeles\/","url":"https:\/\/www.mapesteadoree.fr\/boutique\/bijoux\/boucles-lizzie-xl-plusieurs-modeles\/","name":"Boucles Lizzie XL - Plusieurs Mod\u00e8les - Ma Peste Ador\u00e9e","isPartOf":{"@id":"https:\/\/www.mapesteadoree.fr\/boutique\/#website"},"primaryImageOfPage":{"@id":"https:\/\/www.mapesteadoree.fr\/boutique\/bijoux\/boucles-lizzie-xl-plusieurs-modeles\/#primaryimage"},"image":{"@id":"https:\/\/www.mapesteadoree.fr\/boutique\/bijoux\/boucles-lizzie-xl-plusieurs-modeles\/#primaryimage"},"thumbnailUrl":"https:\/\/www.mapesteadoree.fr\/boutique\/wp-content\/uploads\/2025\/11\/boucles-lizzie-img1.jpg","datePublished":"2025-11-06T13:23:39+00:00","dateModified":"2025-12-18T12:55:07+00:00","description":"Boucles d'oreilles xxl asym\u00e9triques en acier inox et gold filled,avec cristal de quartz ou de roche, chaque paire est unique !","breadcrumb":{"@id":"https:\/\/www.mapesteadoree.fr\/boutique\/bijoux\/boucles-lizzie-xl-plusieurs-modeles\/#breadcrumb"},"inLanguage":"fr-FR","potentialAction":[{"@type":"ReadAction","target":["https:\/\/www.mapesteadoree.fr\/boutique\/bijoux\/boucles-lizzie-xl-plusieurs-modeles\/"]}]},{"@type":"ImageObject","inLanguage":"fr-FR","@id":"https:\/\/www.mapesteadoree.fr\/boutique\/bijoux\/boucles-lizzie-xl-plusieurs-modeles\/#primaryimage","url":"https:\/\/www.mapesteadoree.fr\/boutique\/wp-content\/uploads\/2025\/11\/boucles-lizzie-img1.jpg","contentUrl":"https:\/\/www.mapesteadoree.fr\/boutique\/wp-content\/uploads\/2025\/11\/boucles-lizzie-img1.jpg","width":1500,"height":1500,"caption":"Boucles d'oreilles originales \"Lizzie\" xl et asym\u00e9triques avec quartz by Ma Peste Ador\u00e9e"},{"@type":"BreadcrumbList","@id":"https:\/\/www.mapesteadoree.fr\/boutique\/bijoux\/boucles-lizzie-xl-plusieurs-modeles\/#breadcrumb","itemListElement":[{"@type":"ListItem","position":1,"name":"Accueil","item":"https:\/\/www.mapesteadoree.fr\/boutique\/"},{"@type":"ListItem","position":2,"name":"Boutique de bijoux uniques en pierres naturelles","item":"https:\/\/www.mapesteadoree.fr\/boutique\/"},{"@type":"ListItem","position":3,"name":"Boucles Lizzie XL &#8211; Plusieurs Mod\u00e8les"}]},{"@type":"WebSite","@id":"https:\/\/www.mapesteadoree.fr\/boutique\/#website","url":"https:\/\/www.mapesteadoree.fr\/boutique\/","name":"Ma Peste Ador\u00e9e","description":"","publisher":{"@id":"https:\/\/www.mapesteadoree.fr\/boutique\/#organization"},"potentialAction":[{"@type":"SearchAction","target":{"@type":"EntryPoint","urlTemplate":"https:\/\/www.mapesteadoree.fr\/boutique\/?s={search_term_string}"},"query-input":{"@type":"PropertyValueSpecification","valueRequired":true,"valueName":"search_term_string"}}],"inLanguage":"fr-FR"},{"@type":"Organization","@id":"https:\/\/www.mapesteadoree.fr\/boutique\/#organization","name":"Ma Peste Ador\u00e9e","url":"https:\/\/www.mapesteadoree.fr\/boutique\/","logo":{"@type":"ImageObject","inLanguage":"fr-FR","@id":"https:\/\/www.mapesteadoree.fr\/boutique\/#\/schema\/logo\/image\/","url":"https:\/\/www.mapesteadoree.fr\/boutique\/wp-content\/uploads\/2024\/10\/cropped-logo-mpa-2024.png","contentUrl":"https:\/\/www.mapesteadoree.fr\/boutique\/wp-content\/uploads\/2024\/10\/cropped-logo-mpa-2024.png","width":470,"height":110,"caption":"Ma Peste Ador\u00e9e"},"image":{"@id":"https:\/\/www.mapesteadoree.fr\/boutique\/#\/schema\/logo\/image\/"}}]}},"wcpa_form_fields":null,"_links":{"self":[{"href":"https:\/\/www.mapesteadoree.fr\/boutique\/wp-json\/wp\/v2\/product\/58323","targetHints":{"allow":["GET"]}}],"collection":[{"href":"https:\/\/www.mapesteadoree.fr\/boutique\/wp-json\/wp\/v2\/product"}],"about":[{"href":"https:\/\/www.mapesteadoree.fr\/boutique\/wp-json\/wp\/v2\/types\/product"}],"replies":[{"embeddable":true,"href":"https:\/\/www.mapesteadoree.fr\/boutique\/wp-json\/wp\/v2\/comments?post=58323"}],"wp:featuredmedia":[{"embeddable":true,"href":"https:\/\/www.mapesteadoree.fr\/boutique\/wp-json\/wp\/v2\/media\/58337"}],"wp:attachment":[{"href":"https:\/\/www.mapesteadoree.fr\/boutique\/wp-json\/wp\/v2\/media?parent=58323"}],"wp:term":[{"taxonomy":"product_brand","embeddable":true,"href":"https:\/\/www.mapesteadoree.fr\/boutique\/wp-json\/wp\/v2\/product_brand?post=58323"},{"taxonomy":"product_cat","embeddable":true,"href":"https:\/\/www.mapesteadoree.fr\/boutique\/wp-json\/wp\/v2\/product_cat?post=58323"},{"taxonomy":"product_tag","embeddable":true,"href":"https:\/\/www.mapesteadoree.fr\/boutique\/wp-json\/wp\/v2\/product_tag?post=58323"}],"curies":[{"name":"wp","href":"https:\/\/api.w.org\/{rel}","templated":true}]}}