{"id":58208,"date":"2025-10-17T12:08:29","date_gmt":"2025-10-17T10:08:29","guid":{"rendered":"https:\/\/www.mapesteadoree.fr\/boutique\/?post_type=product&#038;p=58208"},"modified":"2025-11-12T14:02:11","modified_gmt":"2025-11-12T13:02:11","slug":"boucles-doreilles-renaissance","status":"publish","type":"product","link":"https:\/\/www.mapesteadoree.fr\/boutique\/bijoux\/boucles-doreilles-renaissance\/","title":{"rendered":"Boucles d&rsquo;oreilles Renaissance"},"content":{"rendered":"<p>\u2728 D\u00e9couvrez les longues boucles en acier inoxydable\u00a0\u00bbRenaissance\u00a0\u00bb, avec un serpent en acrylique, symbole de renouveau.<br data-start=\"553\" data-end=\"556\" \/>\ud83c\udf19 Des boucles l\u00e9g\u00e8res, originales qui accrochent le regard<\/p>\n<h2>Des boucles d&rsquo;oreilles Serpent en acier inoxydable<\/h2>\n<p class=\"LC20lb MBeuO DKV0Md\">\u2b50 Cette paire de boucles d\u2019oreilles est 100% en \u00a0acier inoxydable, \u00a0un mat\u00e9riau r\u00e9sistant qui ne ternit pas et convient aux peaux sensibles.<\/p>\n<ul>\n<li class=\"LC20lb MBeuO DKV0Md\">Crochets de type hame\u00e7on en acier inox<\/li>\n<li class=\"LC20lb MBeuO DKV0Md\">Cercle en acier inox martel\u00e9 diam\u00e8tre 25mm<\/li>\n<li>perle de cristal de roche \u00e0 facette diam\u00e8tre 10mm<\/li>\n<li class=\"LC20lb MBeuO DKV0Md\">Serpents en acrylique, noirs avec paillettes, longueur 7cm<\/li>\n<li>longueur des boucles = environ 11cm<\/li>\n<\/ul>\n<p><strong>Chaque paire est r\u00e9alis\u00e9e \u00e0 la main et sur mesure : )<\/strong><\/p>\n<h2 data-start=\"1116\" data-end=\"1162\">Les bienfaits des pierres naturelles<\/h2>\n<p data-start=\"1163\" data-end=\"1712\">Les pierres naturelles apportent une dimension unique et personnelle \u00e0 chaque paire de boucles d\u2019oreilles. Elles sont choisies pour leurs propri\u00e9t\u00e9s \u00e9nerg\u00e9tiques et esth\u00e9tiques.<\/p>\n<p data-start=\"1163\" data-end=\"1712\">J&rsquo;ai choisi le cristal de roche pour cette paire de boucles d&rsquo;oreilles mystique :<\/p>\n<p data-start=\"1163\" data-end=\"1712\">Le cristal de roche est souvent associ\u00e9 \u00e0 la lumi\u00e8re et \u00e0 la clart\u00e9 : il aide \u00e0 \u00e9claircir l\u2019esprit et \u00e0 dissiper l\u2019ancienne brume \u00e9motionnelle. On dit qu\u2019il purifie les \u00e9nergies, comme un souffle neuf qui lib\u00e8re les poids du pass\u00e9 et ouvre la voie \u00e0 un v\u00e9ritable renouveau. Il recentre, amplifie l\u2019intention et redonne l\u2019\u00e9lan int\u00e9rieur pour accueillir une nouvelle version de soi. \u00c0 son contact, on se sent comme \u00a0pr\u00eat.e \u00e0 rena\u00eetre plus lucide et plus l\u00e9ger.e.<\/p>\n<blockquote><p>Chaque paire est livr\u00e9e avec une carte personnalis\u00e9e, avec le pr\u00e9nom de la personne \u00e0 qui est destin\u00e9e le bijou, la pierre utilis\u00e9e ainsi que ses bienfait.<\/p><\/blockquote>\n<h2>La symbolique du serpent<\/h2>\n<p><strong>Le serpent symbolise la renaissance par sa mue :<\/strong> il abandonne son ancienne peau pour r\u00e9v\u00e9ler une vitalit\u00e9 neuve.<\/p>\n<p>Son mouvement ondulant \u00e9voque les cycles de mort et de renouveau, la capacit\u00e9 de se transformer encore et encore. Dans de nombreuses traditions, il incarne une force de gu\u00e9rison et d\u2019\u00e9veil (pensons \u00e0 l\u2019\u00e9nergie kundalini qui s\u2019\u00e9l\u00e8ve depuis la base).<\/p>\n<p><strong>L\u2019ouroboros, le serpent qui se mord la queue, rappelle que toute fin contient d\u00e9j\u00e0 un recommencement. Ainsi, le serpent invite \u00e0 l\u00e2cher l\u2019obsol\u00e8te et \u00e0 rena\u00eetre plus vivant, plus conscient.<\/strong><\/p>\n<h3>Entretien des bijoux lithoth\u00e9rapie<\/h3>\n<p class=\"LC20lb MBeuO DKV0Md\">\u26a0\ufe0fLes bijoux en pierres naturelles n\u00e9cessitent un soin particulier<\/p>\n<p class=\"LC20lb MBeuO DKV0Md\">\ud83c\udf12 1 fois par mois, passez un coup de chiffon doux sur votre bijou, puis rechargez les pierres les sois de pleine lune sur le rebord de votre fen\u00eatre<\/p>\n<p class=\"LC20lb MBeuO DKV0Md\">\ud83d\udebf Evitez le plus possible les douches, les bains, la piscine et l&rsquo;utilisation de produits abrasifs : parfum, savon, chlore, shampooing &#8230; Les pierres sont sensibles et peuvent ternir, se d\u00e9colorer voire d&rsquo;ab\u00eemer.<\/p>\n<p class=\"LC20lb MBeuO DKV0Md\">\ud83d\ude4f Mon conseil : mettez vos bijoux le matin, apr\u00e8s votre session douche\/maquillage\/parfum. Retirez-les le soir, avant votre bain ou douche si c&rsquo;est \u00e0 ce moment de la journ\u00e9e. Ainsi elles resteront belles longtemps : )<\/p>\n","protected":false},"excerpt":{"rendered":"<p class=\"LC20lb MBeuO DKV0Md\"><strong>\u00a0Boucles d\u2019oreilles en acier inoxydable \u00ab\u00a0Renaissance\u00a0\u00bb : une cr\u00e9ation mystique \u00a0avec perles de cristal de roche et serpents en acrylique.<\/strong><\/p>\n<p class=\"LC20lb MBeuO DKV0Md\">Longueur : env. 11cm. Crochets type hame\u00e7ons.<\/p>\n<p>&nbsp;<\/p>\n","protected":false},"featured_media":58211,"comment_status":"open","ping_status":"closed","template":"","meta":[],"product_brand":[],"product_cat":[22,2081,26],"product_tag":[],"class_list":{"0":"post-58208","1":"product","2":"type-product","3":"status-publish","4":"has-post-thumbnail","6":"product_cat-bijoux-femmes","7":"product_cat-boucles-doreilles","8":"product_cat-pierres-naturelles","10":"first","11":"instock","12":"shipping-taxable","13":"purchasable","14":"product-type-simple"},"acf":[],"yoast_head":"<!-- This site is optimized with the Yoast SEO plugin v27.6 - https:\/\/yoast.com\/product\/yoast-seo-wordpress\/ -->\n<title>Boucles d&#039;oreilles Renaissance - Ma Peste Ador\u00e9e<\/title>\n<meta name=\"description\" content=\"D\u00e9couvrez les boucles d&#039;oreilles originales &quot;Renaissance&quot;, une paire longue et l\u00e9g\u00e8re avec du cristal de roche et des serpents\" \/>\n<meta name=\"robots\" content=\"index, follow, max-snippet:-1, max-image-preview:large, max-video-preview:-1\" \/>\n<link rel=\"canonical\" href=\"https:\/\/www.mapesteadoree.fr\/boutique\/bijoux\/boucles-doreilles-renaissance\/\" \/>\n<meta property=\"og:locale\" content=\"fr_FR\" \/>\n<meta property=\"og:type\" content=\"article\" \/>\n<meta property=\"og:title\" content=\"Boucles d&#039;oreilles Renaissance - Ma Peste Ador\u00e9e\" \/>\n<meta property=\"og:description\" content=\"D\u00e9couvrez les boucles d&#039;oreilles originales &quot;Renaissance&quot;, une paire longue et l\u00e9g\u00e8re avec du cristal de roche et des serpents\" \/>\n<meta property=\"og:url\" content=\"https:\/\/www.mapesteadoree.fr\/boutique\/bijoux\/boucles-doreilles-renaissance\/\" \/>\n<meta property=\"og:site_name\" content=\"Ma Peste Ador\u00e9e\" \/>\n<meta property=\"article:modified_time\" content=\"2025-11-12T13:02:11+00:00\" \/>\n<meta property=\"og:image\" content=\"https:\/\/www.mapesteadoree.fr\/boutique\/wp-content\/uploads\/2025\/10\/boucles-longues-cristal-roche.jpg\" \/>\n\t<meta property=\"og:image:width\" content=\"1500\" \/>\n\t<meta property=\"og:image:height\" content=\"1500\" \/>\n\t<meta property=\"og:image:type\" content=\"image\/jpeg\" \/>\n<meta name=\"twitter:card\" content=\"summary_large_image\" \/>\n<meta name=\"twitter:label1\" content=\"Dur\u00e9e de lecture estim\u00e9e\" \/>\n\t<meta name=\"twitter:data1\" content=\"2 minutes\" \/>\n<script type=\"application\/ld+json\" class=\"yoast-schema-graph\">{\"@context\":\"https:\\\/\\\/schema.org\",\"@graph\":[{\"@type\":\"WebPage\",\"@id\":\"https:\\\/\\\/www.mapesteadoree.fr\\\/boutique\\\/bijoux\\\/boucles-doreilles-renaissance\\\/\",\"url\":\"https:\\\/\\\/www.mapesteadoree.fr\\\/boutique\\\/bijoux\\\/boucles-doreilles-renaissance\\\/\",\"name\":\"Boucles d'oreilles Renaissance - Ma Peste Ador\u00e9e\",\"isPartOf\":{\"@id\":\"https:\\\/\\\/www.mapesteadoree.fr\\\/boutique\\\/#website\"},\"primaryImageOfPage\":{\"@id\":\"https:\\\/\\\/www.mapesteadoree.fr\\\/boutique\\\/bijoux\\\/boucles-doreilles-renaissance\\\/#primaryimage\"},\"image\":{\"@id\":\"https:\\\/\\\/www.mapesteadoree.fr\\\/boutique\\\/bijoux\\\/boucles-doreilles-renaissance\\\/#primaryimage\"},\"thumbnailUrl\":\"https:\\\/\\\/www.mapesteadoree.fr\\\/boutique\\\/wp-content\\\/uploads\\\/2025\\\/10\\\/boucles-longues-cristal-roche.jpg\",\"datePublished\":\"2025-10-17T10:08:29+00:00\",\"dateModified\":\"2025-11-12T13:02:11+00:00\",\"description\":\"D\u00e9couvrez les boucles d'oreilles originales \\\"Renaissance\\\", une paire longue et l\u00e9g\u00e8re avec du cristal de roche et des serpents\",\"breadcrumb\":{\"@id\":\"https:\\\/\\\/www.mapesteadoree.fr\\\/boutique\\\/bijoux\\\/boucles-doreilles-renaissance\\\/#breadcrumb\"},\"inLanguage\":\"fr-FR\",\"potentialAction\":[{\"@type\":\"ReadAction\",\"target\":[\"https:\\\/\\\/www.mapesteadoree.fr\\\/boutique\\\/bijoux\\\/boucles-doreilles-renaissance\\\/\"]}]},{\"@type\":\"ImageObject\",\"inLanguage\":\"fr-FR\",\"@id\":\"https:\\\/\\\/www.mapesteadoree.fr\\\/boutique\\\/bijoux\\\/boucles-doreilles-renaissance\\\/#primaryimage\",\"url\":\"https:\\\/\\\/www.mapesteadoree.fr\\\/boutique\\\/wp-content\\\/uploads\\\/2025\\\/10\\\/boucles-longues-cristal-roche.jpg\",\"contentUrl\":\"https:\\\/\\\/www.mapesteadoree.fr\\\/boutique\\\/wp-content\\\/uploads\\\/2025\\\/10\\\/boucles-longues-cristal-roche.jpg\",\"width\":1500,\"height\":1500,\"caption\":\"Chaque paire de boucles d'oreilles est r\u00e9alis\u00e9e avec des pierres naturelles \u00e0 la main\"},{\"@type\":\"BreadcrumbList\",\"@id\":\"https:\\\/\\\/www.mapesteadoree.fr\\\/boutique\\\/bijoux\\\/boucles-doreilles-renaissance\\\/#breadcrumb\",\"itemListElement\":[{\"@type\":\"ListItem\",\"position\":1,\"name\":\"Accueil\",\"item\":\"https:\\\/\\\/www.mapesteadoree.fr\\\/boutique\\\/\"},{\"@type\":\"ListItem\",\"position\":2,\"name\":\"Boutique de bijoux uniques en pierres naturelles\",\"item\":\"https:\\\/\\\/www.mapesteadoree.fr\\\/boutique\\\/\"},{\"@type\":\"ListItem\",\"position\":3,\"name\":\"Boucles d&rsquo;oreilles Renaissance\"}]},{\"@type\":\"WebSite\",\"@id\":\"https:\\\/\\\/www.mapesteadoree.fr\\\/boutique\\\/#website\",\"url\":\"https:\\\/\\\/www.mapesteadoree.fr\\\/boutique\\\/\",\"name\":\"Ma Peste Ador\u00e9e\",\"description\":\"\",\"publisher\":{\"@id\":\"https:\\\/\\\/www.mapesteadoree.fr\\\/boutique\\\/#organization\"},\"potentialAction\":[{\"@type\":\"SearchAction\",\"target\":{\"@type\":\"EntryPoint\",\"urlTemplate\":\"https:\\\/\\\/www.mapesteadoree.fr\\\/boutique\\\/?s={search_term_string}\"},\"query-input\":{\"@type\":\"PropertyValueSpecification\",\"valueRequired\":true,\"valueName\":\"search_term_string\"}}],\"inLanguage\":\"fr-FR\"},{\"@type\":\"Organization\",\"@id\":\"https:\\\/\\\/www.mapesteadoree.fr\\\/boutique\\\/#organization\",\"name\":\"Ma Peste Ador\u00e9e\",\"url\":\"https:\\\/\\\/www.mapesteadoree.fr\\\/boutique\\\/\",\"logo\":{\"@type\":\"ImageObject\",\"inLanguage\":\"fr-FR\",\"@id\":\"https:\\\/\\\/www.mapesteadoree.fr\\\/boutique\\\/#\\\/schema\\\/logo\\\/image\\\/\",\"url\":\"https:\\\/\\\/www.mapesteadoree.fr\\\/boutique\\\/wp-content\\\/uploads\\\/2024\\\/10\\\/cropped-logo-mpa-2024.png\",\"contentUrl\":\"https:\\\/\\\/www.mapesteadoree.fr\\\/boutique\\\/wp-content\\\/uploads\\\/2024\\\/10\\\/cropped-logo-mpa-2024.png\",\"width\":470,\"height\":110,\"caption\":\"Ma Peste Ador\u00e9e\"},\"image\":{\"@id\":\"https:\\\/\\\/www.mapesteadoree.fr\\\/boutique\\\/#\\\/schema\\\/logo\\\/image\\\/\"}}]}<\/script>\n<!-- \/ Yoast SEO plugin. -->","yoast_head_json":{"title":"Boucles d'oreilles Renaissance - Ma Peste Ador\u00e9e","description":"D\u00e9couvrez les boucles d'oreilles originales \"Renaissance\", une paire longue et l\u00e9g\u00e8re avec du cristal de roche et des serpents","robots":{"index":"index","follow":"follow","max-snippet":"max-snippet:-1","max-image-preview":"max-image-preview:large","max-video-preview":"max-video-preview:-1"},"canonical":"https:\/\/www.mapesteadoree.fr\/boutique\/bijoux\/boucles-doreilles-renaissance\/","og_locale":"fr_FR","og_type":"article","og_title":"Boucles d'oreilles Renaissance - Ma Peste Ador\u00e9e","og_description":"D\u00e9couvrez les boucles d'oreilles originales \"Renaissance\", une paire longue et l\u00e9g\u00e8re avec du cristal de roche et des serpents","og_url":"https:\/\/www.mapesteadoree.fr\/boutique\/bijoux\/boucles-doreilles-renaissance\/","og_site_name":"Ma Peste Ador\u00e9e","article_modified_time":"2025-11-12T13:02:11+00:00","og_image":[{"width":1500,"height":1500,"url":"https:\/\/www.mapesteadoree.fr\/boutique\/wp-content\/uploads\/2025\/10\/boucles-longues-cristal-roche.jpg","type":"image\/jpeg"}],"twitter_card":"summary_large_image","twitter_misc":{"Dur\u00e9e de lecture estim\u00e9e":"2 minutes"},"schema":{"@context":"https:\/\/schema.org","@graph":[{"@type":"WebPage","@id":"https:\/\/www.mapesteadoree.fr\/boutique\/bijoux\/boucles-doreilles-renaissance\/","url":"https:\/\/www.mapesteadoree.fr\/boutique\/bijoux\/boucles-doreilles-renaissance\/","name":"Boucles d'oreilles Renaissance - Ma Peste Ador\u00e9e","isPartOf":{"@id":"https:\/\/www.mapesteadoree.fr\/boutique\/#website"},"primaryImageOfPage":{"@id":"https:\/\/www.mapesteadoree.fr\/boutique\/bijoux\/boucles-doreilles-renaissance\/#primaryimage"},"image":{"@id":"https:\/\/www.mapesteadoree.fr\/boutique\/bijoux\/boucles-doreilles-renaissance\/#primaryimage"},"thumbnailUrl":"https:\/\/www.mapesteadoree.fr\/boutique\/wp-content\/uploads\/2025\/10\/boucles-longues-cristal-roche.jpg","datePublished":"2025-10-17T10:08:29+00:00","dateModified":"2025-11-12T13:02:11+00:00","description":"D\u00e9couvrez les boucles d'oreilles originales \"Renaissance\", une paire longue et l\u00e9g\u00e8re avec du cristal de roche et des serpents","breadcrumb":{"@id":"https:\/\/www.mapesteadoree.fr\/boutique\/bijoux\/boucles-doreilles-renaissance\/#breadcrumb"},"inLanguage":"fr-FR","potentialAction":[{"@type":"ReadAction","target":["https:\/\/www.mapesteadoree.fr\/boutique\/bijoux\/boucles-doreilles-renaissance\/"]}]},{"@type":"ImageObject","inLanguage":"fr-FR","@id":"https:\/\/www.mapesteadoree.fr\/boutique\/bijoux\/boucles-doreilles-renaissance\/#primaryimage","url":"https:\/\/www.mapesteadoree.fr\/boutique\/wp-content\/uploads\/2025\/10\/boucles-longues-cristal-roche.jpg","contentUrl":"https:\/\/www.mapesteadoree.fr\/boutique\/wp-content\/uploads\/2025\/10\/boucles-longues-cristal-roche.jpg","width":1500,"height":1500,"caption":"Chaque paire de boucles d'oreilles est r\u00e9alis\u00e9e avec des pierres naturelles \u00e0 la main"},{"@type":"BreadcrumbList","@id":"https:\/\/www.mapesteadoree.fr\/boutique\/bijoux\/boucles-doreilles-renaissance\/#breadcrumb","itemListElement":[{"@type":"ListItem","position":1,"name":"Accueil","item":"https:\/\/www.mapesteadoree.fr\/boutique\/"},{"@type":"ListItem","position":2,"name":"Boutique de bijoux uniques en pierres naturelles","item":"https:\/\/www.mapesteadoree.fr\/boutique\/"},{"@type":"ListItem","position":3,"name":"Boucles d&rsquo;oreilles Renaissance"}]},{"@type":"WebSite","@id":"https:\/\/www.mapesteadoree.fr\/boutique\/#website","url":"https:\/\/www.mapesteadoree.fr\/boutique\/","name":"Ma Peste Ador\u00e9e","description":"","publisher":{"@id":"https:\/\/www.mapesteadoree.fr\/boutique\/#organization"},"potentialAction":[{"@type":"SearchAction","target":{"@type":"EntryPoint","urlTemplate":"https:\/\/www.mapesteadoree.fr\/boutique\/?s={search_term_string}"},"query-input":{"@type":"PropertyValueSpecification","valueRequired":true,"valueName":"search_term_string"}}],"inLanguage":"fr-FR"},{"@type":"Organization","@id":"https:\/\/www.mapesteadoree.fr\/boutique\/#organization","name":"Ma Peste Ador\u00e9e","url":"https:\/\/www.mapesteadoree.fr\/boutique\/","logo":{"@type":"ImageObject","inLanguage":"fr-FR","@id":"https:\/\/www.mapesteadoree.fr\/boutique\/#\/schema\/logo\/image\/","url":"https:\/\/www.mapesteadoree.fr\/boutique\/wp-content\/uploads\/2024\/10\/cropped-logo-mpa-2024.png","contentUrl":"https:\/\/www.mapesteadoree.fr\/boutique\/wp-content\/uploads\/2024\/10\/cropped-logo-mpa-2024.png","width":470,"height":110,"caption":"Ma Peste Ador\u00e9e"},"image":{"@id":"https:\/\/www.mapesteadoree.fr\/boutique\/#\/schema\/logo\/image\/"}}]}},"wcpa_form_fields":null,"_links":{"self":[{"href":"https:\/\/www.mapesteadoree.fr\/boutique\/wp-json\/wp\/v2\/product\/58208","targetHints":{"allow":["GET"]}}],"collection":[{"href":"https:\/\/www.mapesteadoree.fr\/boutique\/wp-json\/wp\/v2\/product"}],"about":[{"href":"https:\/\/www.mapesteadoree.fr\/boutique\/wp-json\/wp\/v2\/types\/product"}],"replies":[{"embeddable":true,"href":"https:\/\/www.mapesteadoree.fr\/boutique\/wp-json\/wp\/v2\/comments?post=58208"}],"wp:featuredmedia":[{"embeddable":true,"href":"https:\/\/www.mapesteadoree.fr\/boutique\/wp-json\/wp\/v2\/media\/58211"}],"wp:attachment":[{"href":"https:\/\/www.mapesteadoree.fr\/boutique\/wp-json\/wp\/v2\/media?parent=58208"}],"wp:term":[{"taxonomy":"product_brand","embeddable":true,"href":"https:\/\/www.mapesteadoree.fr\/boutique\/wp-json\/wp\/v2\/product_brand?post=58208"},{"taxonomy":"product_cat","embeddable":true,"href":"https:\/\/www.mapesteadoree.fr\/boutique\/wp-json\/wp\/v2\/product_cat?post=58208"},{"taxonomy":"product_tag","embeddable":true,"href":"https:\/\/www.mapesteadoree.fr\/boutique\/wp-json\/wp\/v2\/product_tag?post=58208"}],"curies":[{"name":"wp","href":"https:\/\/api.w.org\/{rel}","templated":true}]}}