{"id":58021,"date":"2025-09-26T11:16:33","date_gmt":"2025-09-26T09:16:33","guid":{"rendered":"https:\/\/www.mapesteadoree.fr\/boutique\/?post_type=product&#038;p=58021"},"modified":"2025-10-25T17:28:14","modified_gmt":"2025-10-25T15:28:14","slug":"bracelet-fuck-la-crise-acier-inox-amethyste","status":"publish","type":"product","link":"https:\/\/www.mapesteadoree.fr\/boutique\/bijoux\/bracelet-fuck-la-crise-acier-inox-amethyste\/","title":{"rendered":"Bracelet \u00ab\u00a0Fuck La Crise\u00a0\u00bb Acier Inox &#038; Am\u00e9thyste"},"content":{"rendered":"<p class=\"LC20lb MBeuO DKV0Md\"><strong>C&rsquo;est un bracelet audacieux et \u00e9l\u00e9gant en acier inoxydable, orn\u00e9 d\u2019une am\u00e9thyste oval<\/strong>e, r\u00e9glable \u00e0 votre poignet, et termin\u00e9 par une m\u00e9daille grav\u00e9e au message aussi cash qu\u2019inspirant : <em data-start=\"351\" data-end=\"359\">\u201cfuck\u201d<\/em> d\u2019un c\u00f4t\u00e9, <em data-start=\"371\" data-end=\"383\">\u201cla crise\u201d<\/em> de l\u2019autre.<\/p>\n<h2 data-start=\"404\" data-end=\"433\">L\u2019histoire du bracelet Fuck la Crise<\/h2>\n<p data-start=\"434\" data-end=\"985\">Parce que la vie n\u2019est pas toujours tendre et que la morosit\u00e9 ambiante peut peser, ce bracelet a \u00e9t\u00e9 pens\u00e9 comme un manifeste \u00e0 porter au quotidien.<\/p>\n<p data-start=\"434\" data-end=\"985\"><strong>Son nom, <em data-start=\"592\" data-end=\"609\">\u201cFuck La Crise\u201d<\/em>, annonce la couleur : une petite dose de r\u00e9bellion, un rappel de l\u00e9g\u00e8ret\u00e9, et surtout un symbole de r\u00e9silience.<\/strong> Le geste est simple \u2013 on l\u2019attache, on respire, et on se rappelle que tout finit par aller mieux.<\/p>\n<p data-start=\"434\" data-end=\"985\">La m\u00e9daille discr\u00e8te mais percutante incarne ce cri silencieux que beaucoup voudraient pousser : une mani\u00e8re \u00e9l\u00e9gante de transformer la col\u00e8re en \u00e9nergie positive.<\/p>\n<h4 data-start=\"96\" data-end=\"133\">D\u00e9tails techniques du bracelet<\/h4>\n<p data-start=\"134\" data-end=\"266\">Un bracelet effront\u00e9, que j&rsquo;ai pens\u00e9 pour durer et s\u2019adapter \u00e0 tous les poignets<\/p>\n<ul data-start=\"268\" data-end=\"855\">\n<li data-start=\"268\" data-end=\"374\">\n<p data-start=\"270\" data-end=\"374\">Acier inoxydable 304 (r\u00e9sistant au ternissement, durable et hypoallerg\u00e9nique)<\/p>\n<\/li>\n<li data-start=\"375\" data-end=\"438\">\n<p data-start=\"377\" data-end=\"438\">Am\u00e9thyste ovale naturelle, 18 x 13 mm<\/p>\n<\/li>\n<li data-start=\"439\" data-end=\"533\">\n<p data-start=\"441\" data-end=\"533\">Longueur du bracelet ajust\u00e9e selon la taille de poignet enregistr\u00e9e lors de la commande<\/p>\n<\/li>\n<li data-start=\"534\" data-end=\"569\">\n<p data-start=\"536\" data-end=\"569\">Maillon de type \u00ab\u00a0mother &amp; son\u00a0\u00bb largeur 7mm<\/p>\n<\/li>\n<li data-start=\"570\" data-end=\"641\">\n<p data-start=\"572\" data-end=\"641\">Fermoir type mousqueton<\/p>\n<\/li>\n<li data-start=\"642\" data-end=\"738\">\n<p data-start=\"644\" data-end=\"738\">Petite m\u00e9daille en bout de cha\u00eene, \u00a0acier inoxydable rond de 10 mm, grav\u00e9e \u201cfuck\u201d au recto et \u201cla crise\u201d au verso<\/p>\n<\/li>\n<\/ul>\n<h2 data-start=\"992\" data-end=\"1030\">L\u2019am\u00e9thyste, pierre de s\u00e9r\u00e9nit\u00e9<\/h2>\n<p data-start=\"1031\" data-end=\"1552\">Au centre, une am\u00e9thyste ovale de 18&#215;13 mm tr\u00f4ne comme une ancre de calme et de clart\u00e9.<\/p>\n<p data-start=\"1031\" data-end=\"1552\">Connue depuis l\u2019Antiquit\u00e9 comme la pierre de la sagesse et de la s\u00e9r\u00e9nit\u00e9, <strong>l\u2019am\u00e9thyste aide \u00e0 apaiser le mental, \u00e9loigner les \u00e9nergies n\u00e9gatives et retrouver une paix int\u00e9rieure.<\/strong> Elle favorise la lucidit\u00e9, la m\u00e9ditation, et apporte ce souffle rassurant dont on a besoin dans les p\u00e9riodes mouvement\u00e9es.<\/p>\n<p data-start=\"1031\" data-end=\"1552\">Associ\u00e9e \u00e0 l\u2019acier inoxydable \u2013 durable, r\u00e9sistant et intemporel \u2013 elle devient une alli\u00e9e \u00e0 la fois spirituelle et esth\u00e9tique.<\/p>\n<p data-start=\"1559\" data-end=\"1668\">\u2728 <strong data-start=\"1561\" data-end=\"1666\">Un bijou \u00e0 la fois brut, symbolique et raffin\u00e9 \u2013 pour porter un message fort tout en restant \u00e9l\u00e9gant.<\/strong><\/p>\n<h2>Un bracelet femme lithoth\u00e9rapie original et unique<\/h2>\n<p class=\"LC20lb MBeuO DKV0Md\">Chaque bracelet de la boutique est r\u00e9alis\u00e9 sur mesure et sur commande<\/p>\n<p class=\"LC20lb MBeuO DKV0Md\">\ud83c\udf81 C&rsquo;est une super id\u00e9e cadeau, pour une soeur, une BFF, une cousine ador\u00e9e&#8230;<\/p>\n<p class=\"LC20lb MBeuO DKV0Md\">\ud83d\udccf vous choisissez la taille du bracelet ou mieux : vous me donner pr\u00e9cis\u00e9ment le tour de poignet. Au final, vous recevez un bracelet \u00e0 la taille parfaite !<\/p>\n<p class=\"LC20lb MBeuO DKV0Md\">\u2795 Chaque bijou est livr\u00e9 dans un pochon en coton et accompagn\u00e9 d&rsquo;une carte personnalis\u00e9 qui reprend les pierres utilis\u00e9es ainsi que leurs bienfaits.<\/p>\n<p class=\"LC20lb MBeuO DKV0Md\">\u26a0\ufe0f <em>Les bijoux en pierres naturelles n\u00e9cessitent peu d&rsquo;entretien, n\u00e9anmoins il est conseill\u00e9 de les mettre \u00e0 l&rsquo;abri de l&rsquo;eau et de l&rsquo;humidit\u00e9.\u00a0<\/em><\/p>\n","protected":false},"excerpt":{"rendered":"<p>Bracelet r\u00e9glable en acier inoxydable \u00ab\u00a0Fuck la Crise\u00a0\u00bb avec pierre ovale d&rsquo;am\u00e9thyste et m\u00e9daillon effront\u00e9!<\/p>\n<p>\u270a <strong data-start=\"215\" data-end=\"301\">Un manifeste au poignet : \u201cFuck la crise\u201d, un message cash pour garder le sourire.<\/strong><br data-start=\"301\" data-end=\"304\" \/>\u2728 <strong data-start=\"306\" data-end=\"391\">Original, symbolique et audacieux \u2014 comme la rebelle que tu es : )<\/strong><\/p>\n","protected":false},"featured_media":58022,"comment_status":"open","ping_status":"closed","template":"","meta":[],"product_brand":[],"product_cat":[22,2084,26,35],"product_tag":[2114,2070],"class_list":{"0":"post-58021","1":"product","2":"type-product","3":"status-publish","4":"has-post-thumbnail","6":"product_cat-bijoux-femmes","7":"product_cat-bracelets-femme","8":"product_cat-pierres-naturelles","9":"product_cat-pierres-naturelles-femme","10":"product_tag-fuck","11":"product_tag-sommeil","12":"wcpa_has_options","14":"first","15":"instock","16":"shipping-taxable","17":"purchasable","18":"product-type-simple"},"acf":[],"yoast_head":"<!-- This site is optimized with the Yoast SEO plugin v27.6 - https:\/\/yoast.com\/product\/yoast-seo-wordpress\/ -->\n<title>Bracelet Fuck La Crise en acier inoxydable &amp; am\u00e9thyste<\/title>\n<meta name=\"description\" content=\"Un bracelet rebelle en acier inoxydable, avec une am\u00e9thyste. Avec sa m\u00e9daille grav\u00e9e \u201cFuck La Crise\u201d, un manifeste \u00e0 porter chaque jour contre la morosit\u00e9.\" \/>\n<meta name=\"robots\" content=\"index, follow, max-snippet:-1, max-image-preview:large, max-video-preview:-1\" \/>\n<link rel=\"canonical\" href=\"https:\/\/www.mapesteadoree.fr\/boutique\/bijoux\/bracelet-fuck-la-crise-acier-inox-amethyste\/\" \/>\n<meta property=\"og:locale\" content=\"fr_FR\" \/>\n<meta property=\"og:type\" content=\"article\" \/>\n<meta property=\"og:title\" content=\"Bracelet Fuck La Crise en acier inoxydable &amp; am\u00e9thyste\" \/>\n<meta property=\"og:description\" content=\"Un bracelet rebelle en acier inoxydable, avec une am\u00e9thyste. Avec sa m\u00e9daille grav\u00e9e \u201cFuck La Crise\u201d, un manifeste \u00e0 porter chaque jour contre la morosit\u00e9.\" \/>\n<meta property=\"og:url\" content=\"https:\/\/www.mapesteadoree.fr\/boutique\/bijoux\/bracelet-fuck-la-crise-acier-inox-amethyste\/\" \/>\n<meta property=\"og:site_name\" content=\"Ma Peste Ador\u00e9e\" \/>\n<meta property=\"article:modified_time\" content=\"2025-10-25T15:28:14+00:00\" \/>\n<meta property=\"og:image\" content=\"https:\/\/www.mapesteadoree.fr\/boutique\/wp-content\/uploads\/2025\/09\/bracelet-acier-inox-amethyste.jpg\" \/>\n\t<meta property=\"og:image:width\" content=\"1500\" \/>\n\t<meta property=\"og:image:height\" content=\"1500\" \/>\n\t<meta property=\"og:image:type\" content=\"image\/jpeg\" \/>\n<meta name=\"twitter:card\" content=\"summary_large_image\" \/>\n<meta name=\"twitter:label1\" content=\"Dur\u00e9e de lecture estim\u00e9e\" \/>\n\t<meta name=\"twitter:data1\" content=\"3 minutes\" \/>\n<script type=\"application\/ld+json\" class=\"yoast-schema-graph\">{\"@context\":\"https:\\\/\\\/schema.org\",\"@graph\":[{\"@type\":\"WebPage\",\"@id\":\"https:\\\/\\\/www.mapesteadoree.fr\\\/boutique\\\/bijoux\\\/bracelet-fuck-la-crise-acier-inox-amethyste\\\/\",\"url\":\"https:\\\/\\\/www.mapesteadoree.fr\\\/boutique\\\/bijoux\\\/bracelet-fuck-la-crise-acier-inox-amethyste\\\/\",\"name\":\"Bracelet Fuck La Crise en acier inoxydable & am\u00e9thyste\",\"isPartOf\":{\"@id\":\"https:\\\/\\\/www.mapesteadoree.fr\\\/boutique\\\/#website\"},\"primaryImageOfPage\":{\"@id\":\"https:\\\/\\\/www.mapesteadoree.fr\\\/boutique\\\/bijoux\\\/bracelet-fuck-la-crise-acier-inox-amethyste\\\/#primaryimage\"},\"image\":{\"@id\":\"https:\\\/\\\/www.mapesteadoree.fr\\\/boutique\\\/bijoux\\\/bracelet-fuck-la-crise-acier-inox-amethyste\\\/#primaryimage\"},\"thumbnailUrl\":\"https:\\\/\\\/www.mapesteadoree.fr\\\/boutique\\\/wp-content\\\/uploads\\\/2025\\\/09\\\/bracelet-acier-inox-amethyste.jpg\",\"datePublished\":\"2025-09-26T09:16:33+00:00\",\"dateModified\":\"2025-10-25T15:28:14+00:00\",\"description\":\"Un bracelet rebelle en acier inoxydable, avec une am\u00e9thyste. Avec sa m\u00e9daille grav\u00e9e \u201cFuck La Crise\u201d, un manifeste \u00e0 porter chaque jour contre la morosit\u00e9.\",\"breadcrumb\":{\"@id\":\"https:\\\/\\\/www.mapesteadoree.fr\\\/boutique\\\/bijoux\\\/bracelet-fuck-la-crise-acier-inox-amethyste\\\/#breadcrumb\"},\"inLanguage\":\"fr-FR\",\"potentialAction\":[{\"@type\":\"ReadAction\",\"target\":[\"https:\\\/\\\/www.mapesteadoree.fr\\\/boutique\\\/bijoux\\\/bracelet-fuck-la-crise-acier-inox-amethyste\\\/\"]}]},{\"@type\":\"ImageObject\",\"inLanguage\":\"fr-FR\",\"@id\":\"https:\\\/\\\/www.mapesteadoree.fr\\\/boutique\\\/bijoux\\\/bracelet-fuck-la-crise-acier-inox-amethyste\\\/#primaryimage\",\"url\":\"https:\\\/\\\/www.mapesteadoree.fr\\\/boutique\\\/wp-content\\\/uploads\\\/2025\\\/09\\\/bracelet-acier-inox-amethyste.jpg\",\"contentUrl\":\"https:\\\/\\\/www.mapesteadoree.fr\\\/boutique\\\/wp-content\\\/uploads\\\/2025\\\/09\\\/bracelet-acier-inox-amethyste.jpg\",\"width\":1500,\"height\":1500,\"caption\":\"Bracelet \u201cFuck La Crise\u201d \u2013 acier inoxydable et am\u00e9thyste, l\u2019\u00e9l\u00e9gance rebelle.\"},{\"@type\":\"BreadcrumbList\",\"@id\":\"https:\\\/\\\/www.mapesteadoree.fr\\\/boutique\\\/bijoux\\\/bracelet-fuck-la-crise-acier-inox-amethyste\\\/#breadcrumb\",\"itemListElement\":[{\"@type\":\"ListItem\",\"position\":1,\"name\":\"Accueil\",\"item\":\"https:\\\/\\\/www.mapesteadoree.fr\\\/boutique\\\/\"},{\"@type\":\"ListItem\",\"position\":2,\"name\":\"Boutique de bijoux uniques en pierres naturelles\",\"item\":\"https:\\\/\\\/www.mapesteadoree.fr\\\/boutique\\\/\"},{\"@type\":\"ListItem\",\"position\":3,\"name\":\"Bracelet \u00ab\u00a0Fuck La Crise\u00a0\u00bb Acier Inox &#038; Am\u00e9thyste\"}]},{\"@type\":\"WebSite\",\"@id\":\"https:\\\/\\\/www.mapesteadoree.fr\\\/boutique\\\/#website\",\"url\":\"https:\\\/\\\/www.mapesteadoree.fr\\\/boutique\\\/\",\"name\":\"Ma Peste Ador\u00e9e\",\"description\":\"\",\"publisher\":{\"@id\":\"https:\\\/\\\/www.mapesteadoree.fr\\\/boutique\\\/#organization\"},\"potentialAction\":[{\"@type\":\"SearchAction\",\"target\":{\"@type\":\"EntryPoint\",\"urlTemplate\":\"https:\\\/\\\/www.mapesteadoree.fr\\\/boutique\\\/?s={search_term_string}\"},\"query-input\":{\"@type\":\"PropertyValueSpecification\",\"valueRequired\":true,\"valueName\":\"search_term_string\"}}],\"inLanguage\":\"fr-FR\"},{\"@type\":\"Organization\",\"@id\":\"https:\\\/\\\/www.mapesteadoree.fr\\\/boutique\\\/#organization\",\"name\":\"Ma Peste Ador\u00e9e\",\"url\":\"https:\\\/\\\/www.mapesteadoree.fr\\\/boutique\\\/\",\"logo\":{\"@type\":\"ImageObject\",\"inLanguage\":\"fr-FR\",\"@id\":\"https:\\\/\\\/www.mapesteadoree.fr\\\/boutique\\\/#\\\/schema\\\/logo\\\/image\\\/\",\"url\":\"https:\\\/\\\/www.mapesteadoree.fr\\\/boutique\\\/wp-content\\\/uploads\\\/2024\\\/10\\\/cropped-logo-mpa-2024.png\",\"contentUrl\":\"https:\\\/\\\/www.mapesteadoree.fr\\\/boutique\\\/wp-content\\\/uploads\\\/2024\\\/10\\\/cropped-logo-mpa-2024.png\",\"width\":470,\"height\":110,\"caption\":\"Ma Peste Ador\u00e9e\"},\"image\":{\"@id\":\"https:\\\/\\\/www.mapesteadoree.fr\\\/boutique\\\/#\\\/schema\\\/logo\\\/image\\\/\"}}]}<\/script>\n<!-- \/ Yoast SEO plugin. -->","yoast_head_json":{"title":"Bracelet Fuck La Crise en acier inoxydable & am\u00e9thyste","description":"Un bracelet rebelle en acier inoxydable, avec une am\u00e9thyste. Avec sa m\u00e9daille grav\u00e9e \u201cFuck La Crise\u201d, un manifeste \u00e0 porter chaque jour contre la morosit\u00e9.","robots":{"index":"index","follow":"follow","max-snippet":"max-snippet:-1","max-image-preview":"max-image-preview:large","max-video-preview":"max-video-preview:-1"},"canonical":"https:\/\/www.mapesteadoree.fr\/boutique\/bijoux\/bracelet-fuck-la-crise-acier-inox-amethyste\/","og_locale":"fr_FR","og_type":"article","og_title":"Bracelet Fuck La Crise en acier inoxydable & am\u00e9thyste","og_description":"Un bracelet rebelle en acier inoxydable, avec une am\u00e9thyste. Avec sa m\u00e9daille grav\u00e9e \u201cFuck La Crise\u201d, un manifeste \u00e0 porter chaque jour contre la morosit\u00e9.","og_url":"https:\/\/www.mapesteadoree.fr\/boutique\/bijoux\/bracelet-fuck-la-crise-acier-inox-amethyste\/","og_site_name":"Ma Peste Ador\u00e9e","article_modified_time":"2025-10-25T15:28:14+00:00","og_image":[{"width":1500,"height":1500,"url":"https:\/\/www.mapesteadoree.fr\/boutique\/wp-content\/uploads\/2025\/09\/bracelet-acier-inox-amethyste.jpg","type":"image\/jpeg"}],"twitter_card":"summary_large_image","twitter_misc":{"Dur\u00e9e de lecture estim\u00e9e":"3 minutes"},"schema":{"@context":"https:\/\/schema.org","@graph":[{"@type":"WebPage","@id":"https:\/\/www.mapesteadoree.fr\/boutique\/bijoux\/bracelet-fuck-la-crise-acier-inox-amethyste\/","url":"https:\/\/www.mapesteadoree.fr\/boutique\/bijoux\/bracelet-fuck-la-crise-acier-inox-amethyste\/","name":"Bracelet Fuck La Crise en acier inoxydable & am\u00e9thyste","isPartOf":{"@id":"https:\/\/www.mapesteadoree.fr\/boutique\/#website"},"primaryImageOfPage":{"@id":"https:\/\/www.mapesteadoree.fr\/boutique\/bijoux\/bracelet-fuck-la-crise-acier-inox-amethyste\/#primaryimage"},"image":{"@id":"https:\/\/www.mapesteadoree.fr\/boutique\/bijoux\/bracelet-fuck-la-crise-acier-inox-amethyste\/#primaryimage"},"thumbnailUrl":"https:\/\/www.mapesteadoree.fr\/boutique\/wp-content\/uploads\/2025\/09\/bracelet-acier-inox-amethyste.jpg","datePublished":"2025-09-26T09:16:33+00:00","dateModified":"2025-10-25T15:28:14+00:00","description":"Un bracelet rebelle en acier inoxydable, avec une am\u00e9thyste. Avec sa m\u00e9daille grav\u00e9e \u201cFuck La Crise\u201d, un manifeste \u00e0 porter chaque jour contre la morosit\u00e9.","breadcrumb":{"@id":"https:\/\/www.mapesteadoree.fr\/boutique\/bijoux\/bracelet-fuck-la-crise-acier-inox-amethyste\/#breadcrumb"},"inLanguage":"fr-FR","potentialAction":[{"@type":"ReadAction","target":["https:\/\/www.mapesteadoree.fr\/boutique\/bijoux\/bracelet-fuck-la-crise-acier-inox-amethyste\/"]}]},{"@type":"ImageObject","inLanguage":"fr-FR","@id":"https:\/\/www.mapesteadoree.fr\/boutique\/bijoux\/bracelet-fuck-la-crise-acier-inox-amethyste\/#primaryimage","url":"https:\/\/www.mapesteadoree.fr\/boutique\/wp-content\/uploads\/2025\/09\/bracelet-acier-inox-amethyste.jpg","contentUrl":"https:\/\/www.mapesteadoree.fr\/boutique\/wp-content\/uploads\/2025\/09\/bracelet-acier-inox-amethyste.jpg","width":1500,"height":1500,"caption":"Bracelet \u201cFuck La Crise\u201d \u2013 acier inoxydable et am\u00e9thyste, l\u2019\u00e9l\u00e9gance rebelle."},{"@type":"BreadcrumbList","@id":"https:\/\/www.mapesteadoree.fr\/boutique\/bijoux\/bracelet-fuck-la-crise-acier-inox-amethyste\/#breadcrumb","itemListElement":[{"@type":"ListItem","position":1,"name":"Accueil","item":"https:\/\/www.mapesteadoree.fr\/boutique\/"},{"@type":"ListItem","position":2,"name":"Boutique de bijoux uniques en pierres naturelles","item":"https:\/\/www.mapesteadoree.fr\/boutique\/"},{"@type":"ListItem","position":3,"name":"Bracelet \u00ab\u00a0Fuck La Crise\u00a0\u00bb Acier Inox &#038; Am\u00e9thyste"}]},{"@type":"WebSite","@id":"https:\/\/www.mapesteadoree.fr\/boutique\/#website","url":"https:\/\/www.mapesteadoree.fr\/boutique\/","name":"Ma Peste Ador\u00e9e","description":"","publisher":{"@id":"https:\/\/www.mapesteadoree.fr\/boutique\/#organization"},"potentialAction":[{"@type":"SearchAction","target":{"@type":"EntryPoint","urlTemplate":"https:\/\/www.mapesteadoree.fr\/boutique\/?s={search_term_string}"},"query-input":{"@type":"PropertyValueSpecification","valueRequired":true,"valueName":"search_term_string"}}],"inLanguage":"fr-FR"},{"@type":"Organization","@id":"https:\/\/www.mapesteadoree.fr\/boutique\/#organization","name":"Ma Peste Ador\u00e9e","url":"https:\/\/www.mapesteadoree.fr\/boutique\/","logo":{"@type":"ImageObject","inLanguage":"fr-FR","@id":"https:\/\/www.mapesteadoree.fr\/boutique\/#\/schema\/logo\/image\/","url":"https:\/\/www.mapesteadoree.fr\/boutique\/wp-content\/uploads\/2024\/10\/cropped-logo-mpa-2024.png","contentUrl":"https:\/\/www.mapesteadoree.fr\/boutique\/wp-content\/uploads\/2024\/10\/cropped-logo-mpa-2024.png","width":470,"height":110,"caption":"Ma Peste Ador\u00e9e"},"image":{"@id":"https:\/\/www.mapesteadoree.fr\/boutique\/#\/schema\/logo\/image\/"}}]}},"wcpa_form_fields":{"wcpaData":{"product":{"product_price":19,"price_html":"<span class=\"woocommerce-Price-amount amount\"><bdi>19,00&nbsp;<span class=\"woocommerce-Price-currencySymbol\">&euro;<\/span><\/bdi><\/span>","original_product_price":19,"price_including_tax":19,"price_excluding_tax":19,"product_id":{"parent":58021,"variation":false},"is_variable":false,"stock_status":"instock","stock_quantity":20,"parent_sku":"","product_attributes":[],"custom_fields":[],"is_taxable":false,"product_name":"Bracelet \"Fuck La Crise\" Acier Inox & Am\u00e9thyste","hasImage":false},"fields":{"sec_1068d683f471fdd":{"extra":{"key":"sec_1068d683f471fdd","section_id":"sec_1068d683f471fdd","name":"Default","status":1,"cl_rule":"show","enableCl":false,"relations":[],"toggle":true,"title_tag":"h3","show_title":false,"showPrice":"default","form_id":58029,"form_rules":{"exclude_from_discount":false,"fee_label":"Fee","disp_hide_options_price":false,"disp_show_section_price":false,"disp_show_field_price":true,"layout_option":"standard","pric_use_as_fee":false,"process_fee_as":"woo_fee"},"layout_option":"standard"},"fields":[[{"type":"textarea","elementId":"textarea_868d683f47200a","label":"Pr\u00e9nom (sert \u00e0 personnaliser le livret explicatif)","pricingType":"fixed","rows":"1","name":"textarea_868d683f47200a","maxlength":"500","mapToCheckoutFieldParent":"billing","mapToCheckoutField":"billing_first_name","cl_rule":"show","col":3,"relations":false,"active":true,"tooltip":"","gt_translate_keys":["label","tooltip"],"price_dependency":false,"cl_dependency":false,"value":""}],[{"type":"checkbox-group","required":true,"elementId":"checkbox-group_068d683f47208c","label":"Taille du poignet","inline":true,"priceOptions":"different_for_all","pricingType":"fixed","name":"checkbox-group_068d683f47208c","min_options":"1","max_options":"1","other_text":"Other","cl_rule":"show","col":6,"values":[{"label":"Fin (15cm)","value":"option-1","price":"","pimage":"","pimage_id":"","pthumb":"","gt_translate_keys":["label"]},{"label":"Normal (16cm)","value":"option-2","price":"","pimage":"","pimage_id":"","pthumb":"","gt_translate_keys":["label"]},{"label":"Fort (17cm)","value":"option-3","price":"","pimage":"","pimage_id":"","pthumb":"","gt_translate_keys":["label"]},{"label":"Personnalis\u00e9","value":"option-4","price":"","pimage":"","pimage_id":"","pthumb":"","gt_translate_keys":["label"]}],"relations":false,"active":true,"tooltip":"","layOut":"inline","gt_translate_keys":["label","tooltip"],"price_dependency":false,"cl_dependency":["text_368d683f472091"],"value":""}],[{"type":"text","elementId":"text_368d683f472091","label":"Tour du poignet","description":"en centim\u00e8tres","pricingType":"fixed","name":"text_368d683f472091","subtype":"text","minlength":"0","maxlength":"20","mapToCheckoutFieldParent":"billing","mapToCheckoutField":"billing_first_name","enableCl":true,"cl_rule":"show","cl_val":"option-4","col":6,"relations":[{"operator":false,"rules":[{"operator":false,"rules":{"cl_field":"checkbox-group_068d683f47208c","cl_relation":"is","cl_val":"option-4"}}]}],"active":true,"tooltip":"","gt_translate_keys":["label","description","tooltip"],"price_dependency":false,"cl_dependency":false,"value":""}],[{"type":"textarea","elementId":"textarea_768d683f472098","label":"Commentaire","pricingType":"fixed","rows":"4","name":"textarea_768d683f472098","maxlength":"500","mapToCheckoutFieldParent":"billing","mapToCheckoutField":"billing_first_name","cl_rule":"show","col":6,"relations":false,"active":true,"tooltip":"","error":false,"isWeightTemplate":false,"isTemplate":false,"min_quantity":"1","quantity_decimal":false,"quantity_step":"1","quantity_label":"Quantity","repeater_field_label":"{field_label}","repeater_bind":"","description":"si vous ne voulez la m\u00e9daille fuck la crise, vous pouvez me le pr\u00e9ciser ici : )","gt_translate_keys":["label","description","tooltip","repeater_field_label","quantity_label"],"price_dependency":false,"cl_dependency":false,"value":""}]]}},"config":{"price_override":"","enable_recaptcha":false,"bind_quantity":false,"quantity_bind_formula":false,"disp_summ_show_option_price":true,"disp_summ_show_product_price":true,"disp_summ_show_total_price":true,"disp_summ_show_fee":false,"disp_summ_show_discount":false,"summary_title":"","options_total_label":"Prix des options","total_label":"Total","options_product_label":"Prix du bijou","fee_label":"Fee","discount_label":"Discount","has_price":true,"has_quantity_formula":false},"mc_unit":1,"tax_rate":1,"tax_rate_real":1,"discount":{"percentage":0,"fixed":0},"design":{"conf":{"LabelPosition":"above","DescPosition":"above","UploadField":"custom_1","QuantityFieldStyle":"default"},"css":{"LeftLabelWidth":"120px"}},"formulas":[],"lookuptables":[],"clones":false,"cartKey":false}},"_links":{"self":[{"href":"https:\/\/www.mapesteadoree.fr\/boutique\/wp-json\/wp\/v2\/product\/58021","targetHints":{"allow":["GET"]}}],"collection":[{"href":"https:\/\/www.mapesteadoree.fr\/boutique\/wp-json\/wp\/v2\/product"}],"about":[{"href":"https:\/\/www.mapesteadoree.fr\/boutique\/wp-json\/wp\/v2\/types\/product"}],"replies":[{"embeddable":true,"href":"https:\/\/www.mapesteadoree.fr\/boutique\/wp-json\/wp\/v2\/comments?post=58021"}],"wp:featuredmedia":[{"embeddable":true,"href":"https:\/\/www.mapesteadoree.fr\/boutique\/wp-json\/wp\/v2\/media\/58022"}],"wp:attachment":[{"href":"https:\/\/www.mapesteadoree.fr\/boutique\/wp-json\/wp\/v2\/media?parent=58021"}],"wp:term":[{"taxonomy":"product_brand","embeddable":true,"href":"https:\/\/www.mapesteadoree.fr\/boutique\/wp-json\/wp\/v2\/product_brand?post=58021"},{"taxonomy":"product_cat","embeddable":true,"href":"https:\/\/www.mapesteadoree.fr\/boutique\/wp-json\/wp\/v2\/product_cat?post=58021"},{"taxonomy":"product_tag","embeddable":true,"href":"https:\/\/www.mapesteadoree.fr\/boutique\/wp-json\/wp\/v2\/product_tag?post=58021"}],"curies":[{"name":"wp","href":"https:\/\/api.w.org\/{rel}","templated":true}]}}