{"id":58002,"date":"2025-09-19T15:42:29","date_gmt":"2025-09-19T13:42:29","guid":{"rendered":"https:\/\/www.mapesteadoree.fr\/boutique\/?post_type=product&#038;p=58002"},"modified":"2025-09-19T15:49:16","modified_gmt":"2025-09-19T13:49:16","slug":"amas-cristallin-de-quartz-blanc-qb2-311g","status":"publish","type":"product","link":"https:\/\/www.mapesteadoree.fr\/boutique\/bijoux\/amas-cristallin-de-quartz-blanc-qb2-311g\/","title":{"rendered":"Amas cristallin de Quartz Blanc [QB2-311G]"},"content":{"rendered":"<p data-start=\"227\" data-end=\"471\">D\u00e9couvrez ce <strong>magnifique amas cristallin\u00a0de Quartz blanc <\/strong>(appel\u00e9 aussi Cristal de roche), une pierre incontournable en lithoth\u00e9rapie. Ses cristaux translucides diffusent une lumi\u00e8re pure et rayonnante, qui apporte \u00e9quilibre, clart\u00e9 et purification.<\/p>\n<p data-start=\"473\" data-end=\"574\">Chaque druse est une <strong data-start=\"494\" data-end=\"510\">pi\u00e8ce unique<\/strong>, fa\u00e7onn\u00e9e par la nature, avec ses propres nuances et reflets.<\/p>\n<p data-start=\"576\" data-end=\"615\">Poids \u00a0: <strong>311\u00a0g.<\/strong><\/p>\n<h3 data-start=\"622\" data-end=\"689\">\ud83d\udc8e Bienfaits et propri\u00e9t\u00e9s du Quartz blanc (Cristal de roche)<\/h3>\n<p data-start=\"691\" data-end=\"800\">Le cristal de roche est reconnu comme la pierre la plus puissante et la plus universelle en lithoth\u00e9rapie :<\/p>\n<ul data-start=\"802\" data-end=\"1181\">\n<li data-start=\"802\" data-end=\"864\">\n<p data-start=\"804\" data-end=\"864\">Amplifie les \u00e9nergies et les bienfaits des autres pierres.<\/p>\n<\/li>\n<li data-start=\"865\" data-end=\"938\">\n<p data-start=\"867\" data-end=\"938\">Clarifie l\u2019esprit, aide \u00e0 la concentration et \u00e0 la prise de d\u00e9cision.<\/p>\n<\/li>\n<li data-start=\"939\" data-end=\"997\">\n<p data-start=\"941\" data-end=\"997\">Purifie et harmonise l\u2019aura ainsi que l\u2019environnement.<\/p>\n<\/li>\n<li data-start=\"998\" data-end=\"1056\">\n<p data-start=\"1000\" data-end=\"1056\">Favorise l\u2019\u00e9quilibre \u00e9motionnel et le calme int\u00e9rieur.<\/p>\n<\/li>\n<li data-start=\"1057\" data-end=\"1114\">\n<p data-start=\"1059\" data-end=\"1114\">Soutient la m\u00e9ditation et le d\u00e9veloppement spirituel.<\/p>\n<\/li>\n<li data-start=\"1115\" data-end=\"1181\">\n<p data-start=\"1117\" data-end=\"1181\">Prot\u00e8ge des \u00e9nergies n\u00e9gatives en les transformant en lumi\u00e8re.<\/p>\n<\/li>\n<\/ul>\n<h3 data-start=\"1188\" data-end=\"1237\">\ud83c\udf19 Utilisations d\u2019un amas de cristal de roche<\/h3>\n<ul data-start=\"1239\" data-end=\"1596\">\n<li data-start=\"1239\" data-end=\"1325\">\n<p data-start=\"1241\" data-end=\"1325\">Plac\u00e9e dans une pi\u00e8ce, elle purifie l\u2019atmosph\u00e8re et apporte une \u00e9nergie lumineuse.<\/p>\n<\/li>\n<li data-start=\"1326\" data-end=\"1410\">\n<p data-start=\"1328\" data-end=\"1410\">Dans un bureau ou espace d\u2019\u00e9tude, elle favorise concentration et clart\u00e9 mentale.<\/p>\n<\/li>\n<li data-start=\"1411\" data-end=\"1475\">\n<p data-start=\"1413\" data-end=\"1475\">Dans une chambre, elle apporte paix int\u00e9rieure et \u00e9quilibre.<\/p>\n<\/li>\n<li data-start=\"1476\" data-end=\"1596\">\n<p data-start=\"1478\" data-end=\"1596\">Elle peut aussi servir de <strong data-start=\"1504\" data-end=\"1547\">support de purification et rechargement<\/strong> pour vos bijoux et petites pierres naturelles.<\/p>\n<\/li>\n<\/ul>\n<hr data-start=\"1598\" data-end=\"1601\" \/>\n<h3 data-start=\"1603\" data-end=\"1628\">\u2696\ufe0f Caract\u00e9ristiques<\/h3>\n<ul data-start=\"1630\" data-end=\"1825\">\n<li data-start=\"1630\" data-end=\"1674\">\n<p data-start=\"1632\" data-end=\"1674\">Pierre : Quartz blanc (Cristal de roche)<\/p>\n<\/li>\n<li data-start=\"1675\" data-end=\"1721\">\n<p data-start=\"1677\" data-end=\"1721\">Forme : Druse naturelle (amas de cristaux)<\/p>\n<\/li>\n<li data-start=\"1722\" data-end=\"1773\">\n<p data-start=\"1724\" data-end=\"1773\">Poids : 311 g<\/p>\n<\/li>\n<li data-start=\"1774\" data-end=\"1825\">\n<p data-start=\"1776\" data-end=\"1825\">Origine : Br\u00e9sil<\/p>\n<\/li>\n<\/ul>\n<p data-start=\"1827\" data-end=\"1966\">Chaque druse est une <strong data-start=\"1848\" data-end=\"1864\">pi\u00e8ce unique<\/strong> : les cristaux, la couleur et la disposition varient, rendant chaque exemplaire absolument sp\u00e9cial.<\/p>\n<h3 data-start=\"1973\" data-end=\"2022\">\ud83c\udf81 Une id\u00e9e cadeau lumineuse et spirituelle<\/h3>\n<p data-start=\"2024\" data-end=\"2326\">La druse de Quartz blanc est \u00e0 la fois un <strong data-start=\"2066\" data-end=\"2100\">objet d\u00e9coratif et \u00e9nerg\u00e9tique<\/strong>. Elle illumine un int\u00e9rieur par ses cristaux brillants, tout en diffusant une \u00e9nergie de s\u00e9r\u00e9nit\u00e9 et de purification. C\u2019est un cadeau id\u00e9al pour toute personne passionn\u00e9e par les min\u00e9raux, la lithoth\u00e9rapie ou la m\u00e9ditation.<\/p>\n","protected":false},"excerpt":{"rendered":"<p>\u2764\ufe0f Le Cristal de roche est une pierre de clart\u00e9 et de purification, tr\u00e8s utilis\u00e9e en lithoth\u00e9rapie. Il amplifie l\u2019\u00e9nergie, favorise l\u2019\u00e9quilibre int\u00e9rieur et aide \u00e0 clarifier les pens\u00e9es. Chaque druse est une pi\u00e8ce unique qui rayonne d\u2019une \u00e9nergie pure et lumineuse.<\/p>\n<p>\u2696\ufe0f <strong>Amas cristallin QB2 &#8211; 311g<\/strong><\/p>\n","protected":false},"featured_media":58004,"comment_status":"open","ping_status":"closed","template":"","meta":[],"product_brand":[],"product_cat":[1997,26],"product_tag":[],"class_list":{"0":"post-58002","1":"product","2":"type-product","3":"status-publish","4":"has-post-thumbnail","6":"product_cat-mineraux","7":"product_cat-pierres-naturelles","9":"first","10":"instock","11":"shipping-taxable","12":"purchasable","13":"product-type-simple"},"acf":[],"yoast_head":"<!-- This site is optimized with the Yoast SEO plugin v27.6 - https:\/\/yoast.com\/product\/yoast-seo-wordpress\/ -->\n<title>Amas cristallin de quartz blanc pour la clart\u00e9 d&#039;esprit<\/title>\n<meta name=\"description\" content=\"Druse de quartz blanc 311 g : cristal de roche naturel. Pierre de clart\u00e9, purification et \u00e9quilibre \u00e9nerg\u00e9tique. Pi\u00e8ce unique.\" \/>\n<meta name=\"robots\" content=\"index, follow, max-snippet:-1, max-image-preview:large, max-video-preview:-1\" \/>\n<link rel=\"canonical\" href=\"https:\/\/www.mapesteadoree.fr\/boutique\/bijoux\/amas-cristallin-de-quartz-blanc-qb2-311g\/\" \/>\n<meta property=\"og:locale\" content=\"fr_FR\" \/>\n<meta property=\"og:type\" content=\"article\" \/>\n<meta property=\"og:title\" content=\"Amas cristallin de quartz blanc pour la clart\u00e9 d&#039;esprit\" \/>\n<meta property=\"og:description\" content=\"Druse de quartz blanc 311 g : cristal de roche naturel. Pierre de clart\u00e9, purification et \u00e9quilibre \u00e9nerg\u00e9tique. Pi\u00e8ce unique.\" \/>\n<meta property=\"og:url\" content=\"https:\/\/www.mapesteadoree.fr\/boutique\/bijoux\/amas-cristallin-de-quartz-blanc-qb2-311g\/\" \/>\n<meta property=\"og:site_name\" content=\"Ma Peste Ador\u00e9e\" \/>\n<meta property=\"article:modified_time\" content=\"2025-09-19T13:49:16+00:00\" \/>\n<meta property=\"og:image\" content=\"https:\/\/www.mapesteadoree.fr\/boutique\/wp-content\/uploads\/2025\/09\/cristal-de-roche-brut.jpg\" \/>\n\t<meta property=\"og:image:width\" content=\"1500\" \/>\n\t<meta property=\"og:image:height\" content=\"1500\" \/>\n\t<meta property=\"og:image:type\" content=\"image\/jpeg\" \/>\n<meta name=\"twitter:card\" content=\"summary_large_image\" \/>\n<meta name=\"twitter:label1\" content=\"Dur\u00e9e de lecture estim\u00e9e\" \/>\n\t<meta name=\"twitter:data1\" content=\"2 minutes\" \/>\n<script type=\"application\/ld+json\" class=\"yoast-schema-graph\">{\"@context\":\"https:\\\/\\\/schema.org\",\"@graph\":[{\"@type\":\"WebPage\",\"@id\":\"https:\\\/\\\/www.mapesteadoree.fr\\\/boutique\\\/bijoux\\\/amas-cristallin-de-quartz-blanc-qb2-311g\\\/\",\"url\":\"https:\\\/\\\/www.mapesteadoree.fr\\\/boutique\\\/bijoux\\\/amas-cristallin-de-quartz-blanc-qb2-311g\\\/\",\"name\":\"Amas cristallin de quartz blanc pour la clart\u00e9 d'esprit\",\"isPartOf\":{\"@id\":\"https:\\\/\\\/www.mapesteadoree.fr\\\/boutique\\\/#website\"},\"primaryImageOfPage\":{\"@id\":\"https:\\\/\\\/www.mapesteadoree.fr\\\/boutique\\\/bijoux\\\/amas-cristallin-de-quartz-blanc-qb2-311g\\\/#primaryimage\"},\"image\":{\"@id\":\"https:\\\/\\\/www.mapesteadoree.fr\\\/boutique\\\/bijoux\\\/amas-cristallin-de-quartz-blanc-qb2-311g\\\/#primaryimage\"},\"thumbnailUrl\":\"https:\\\/\\\/www.mapesteadoree.fr\\\/boutique\\\/wp-content\\\/uploads\\\/2025\\\/09\\\/cristal-de-roche-brut.jpg\",\"datePublished\":\"2025-09-19T13:42:29+00:00\",\"dateModified\":\"2025-09-19T13:49:16+00:00\",\"description\":\"Druse de quartz blanc 311 g : cristal de roche naturel. Pierre de clart\u00e9, purification et \u00e9quilibre \u00e9nerg\u00e9tique. Pi\u00e8ce unique.\",\"breadcrumb\":{\"@id\":\"https:\\\/\\\/www.mapesteadoree.fr\\\/boutique\\\/bijoux\\\/amas-cristallin-de-quartz-blanc-qb2-311g\\\/#breadcrumb\"},\"inLanguage\":\"fr-FR\",\"potentialAction\":[{\"@type\":\"ReadAction\",\"target\":[\"https:\\\/\\\/www.mapesteadoree.fr\\\/boutique\\\/bijoux\\\/amas-cristallin-de-quartz-blanc-qb2-311g\\\/\"]}]},{\"@type\":\"ImageObject\",\"inLanguage\":\"fr-FR\",\"@id\":\"https:\\\/\\\/www.mapesteadoree.fr\\\/boutique\\\/bijoux\\\/amas-cristallin-de-quartz-blanc-qb2-311g\\\/#primaryimage\",\"url\":\"https:\\\/\\\/www.mapesteadoree.fr\\\/boutique\\\/wp-content\\\/uploads\\\/2025\\\/09\\\/cristal-de-roche-brut.jpg\",\"contentUrl\":\"https:\\\/\\\/www.mapesteadoree.fr\\\/boutique\\\/wp-content\\\/uploads\\\/2025\\\/09\\\/cristal-de-roche-brut.jpg\",\"width\":1500,\"height\":1500,\"caption\":\"Druse de quartz blanc \u2013 Cristaux brillants pour \u00e9nergie positive et \u00e9quilibre spirituel.\"},{\"@type\":\"BreadcrumbList\",\"@id\":\"https:\\\/\\\/www.mapesteadoree.fr\\\/boutique\\\/bijoux\\\/amas-cristallin-de-quartz-blanc-qb2-311g\\\/#breadcrumb\",\"itemListElement\":[{\"@type\":\"ListItem\",\"position\":1,\"name\":\"Accueil\",\"item\":\"https:\\\/\\\/www.mapesteadoree.fr\\\/boutique\\\/\"},{\"@type\":\"ListItem\",\"position\":2,\"name\":\"Boutique de bijoux uniques en pierres naturelles\",\"item\":\"https:\\\/\\\/www.mapesteadoree.fr\\\/boutique\\\/\"},{\"@type\":\"ListItem\",\"position\":3,\"name\":\"Amas cristallin de Quartz Blanc [QB2-311G]\"}]},{\"@type\":\"WebSite\",\"@id\":\"https:\\\/\\\/www.mapesteadoree.fr\\\/boutique\\\/#website\",\"url\":\"https:\\\/\\\/www.mapesteadoree.fr\\\/boutique\\\/\",\"name\":\"Ma Peste Ador\u00e9e\",\"description\":\"\",\"publisher\":{\"@id\":\"https:\\\/\\\/www.mapesteadoree.fr\\\/boutique\\\/#organization\"},\"potentialAction\":[{\"@type\":\"SearchAction\",\"target\":{\"@type\":\"EntryPoint\",\"urlTemplate\":\"https:\\\/\\\/www.mapesteadoree.fr\\\/boutique\\\/?s={search_term_string}\"},\"query-input\":{\"@type\":\"PropertyValueSpecification\",\"valueRequired\":true,\"valueName\":\"search_term_string\"}}],\"inLanguage\":\"fr-FR\"},{\"@type\":\"Organization\",\"@id\":\"https:\\\/\\\/www.mapesteadoree.fr\\\/boutique\\\/#organization\",\"name\":\"Ma Peste Ador\u00e9e\",\"url\":\"https:\\\/\\\/www.mapesteadoree.fr\\\/boutique\\\/\",\"logo\":{\"@type\":\"ImageObject\",\"inLanguage\":\"fr-FR\",\"@id\":\"https:\\\/\\\/www.mapesteadoree.fr\\\/boutique\\\/#\\\/schema\\\/logo\\\/image\\\/\",\"url\":\"https:\\\/\\\/www.mapesteadoree.fr\\\/boutique\\\/wp-content\\\/uploads\\\/2024\\\/10\\\/cropped-logo-mpa-2024.png\",\"contentUrl\":\"https:\\\/\\\/www.mapesteadoree.fr\\\/boutique\\\/wp-content\\\/uploads\\\/2024\\\/10\\\/cropped-logo-mpa-2024.png\",\"width\":470,\"height\":110,\"caption\":\"Ma Peste Ador\u00e9e\"},\"image\":{\"@id\":\"https:\\\/\\\/www.mapesteadoree.fr\\\/boutique\\\/#\\\/schema\\\/logo\\\/image\\\/\"}}]}<\/script>\n<!-- \/ Yoast SEO plugin. -->","yoast_head_json":{"title":"Amas cristallin de quartz blanc pour la clart\u00e9 d'esprit","description":"Druse de quartz blanc 311 g : cristal de roche naturel. Pierre de clart\u00e9, purification et \u00e9quilibre \u00e9nerg\u00e9tique. Pi\u00e8ce unique.","robots":{"index":"index","follow":"follow","max-snippet":"max-snippet:-1","max-image-preview":"max-image-preview:large","max-video-preview":"max-video-preview:-1"},"canonical":"https:\/\/www.mapesteadoree.fr\/boutique\/bijoux\/amas-cristallin-de-quartz-blanc-qb2-311g\/","og_locale":"fr_FR","og_type":"article","og_title":"Amas cristallin de quartz blanc pour la clart\u00e9 d'esprit","og_description":"Druse de quartz blanc 311 g : cristal de roche naturel. Pierre de clart\u00e9, purification et \u00e9quilibre \u00e9nerg\u00e9tique. Pi\u00e8ce unique.","og_url":"https:\/\/www.mapesteadoree.fr\/boutique\/bijoux\/amas-cristallin-de-quartz-blanc-qb2-311g\/","og_site_name":"Ma Peste Ador\u00e9e","article_modified_time":"2025-09-19T13:49:16+00:00","og_image":[{"width":1500,"height":1500,"url":"https:\/\/www.mapesteadoree.fr\/boutique\/wp-content\/uploads\/2025\/09\/cristal-de-roche-brut.jpg","type":"image\/jpeg"}],"twitter_card":"summary_large_image","twitter_misc":{"Dur\u00e9e de lecture estim\u00e9e":"2 minutes"},"schema":{"@context":"https:\/\/schema.org","@graph":[{"@type":"WebPage","@id":"https:\/\/www.mapesteadoree.fr\/boutique\/bijoux\/amas-cristallin-de-quartz-blanc-qb2-311g\/","url":"https:\/\/www.mapesteadoree.fr\/boutique\/bijoux\/amas-cristallin-de-quartz-blanc-qb2-311g\/","name":"Amas cristallin de quartz blanc pour la clart\u00e9 d'esprit","isPartOf":{"@id":"https:\/\/www.mapesteadoree.fr\/boutique\/#website"},"primaryImageOfPage":{"@id":"https:\/\/www.mapesteadoree.fr\/boutique\/bijoux\/amas-cristallin-de-quartz-blanc-qb2-311g\/#primaryimage"},"image":{"@id":"https:\/\/www.mapesteadoree.fr\/boutique\/bijoux\/amas-cristallin-de-quartz-blanc-qb2-311g\/#primaryimage"},"thumbnailUrl":"https:\/\/www.mapesteadoree.fr\/boutique\/wp-content\/uploads\/2025\/09\/cristal-de-roche-brut.jpg","datePublished":"2025-09-19T13:42:29+00:00","dateModified":"2025-09-19T13:49:16+00:00","description":"Druse de quartz blanc 311 g : cristal de roche naturel. Pierre de clart\u00e9, purification et \u00e9quilibre \u00e9nerg\u00e9tique. Pi\u00e8ce unique.","breadcrumb":{"@id":"https:\/\/www.mapesteadoree.fr\/boutique\/bijoux\/amas-cristallin-de-quartz-blanc-qb2-311g\/#breadcrumb"},"inLanguage":"fr-FR","potentialAction":[{"@type":"ReadAction","target":["https:\/\/www.mapesteadoree.fr\/boutique\/bijoux\/amas-cristallin-de-quartz-blanc-qb2-311g\/"]}]},{"@type":"ImageObject","inLanguage":"fr-FR","@id":"https:\/\/www.mapesteadoree.fr\/boutique\/bijoux\/amas-cristallin-de-quartz-blanc-qb2-311g\/#primaryimage","url":"https:\/\/www.mapesteadoree.fr\/boutique\/wp-content\/uploads\/2025\/09\/cristal-de-roche-brut.jpg","contentUrl":"https:\/\/www.mapesteadoree.fr\/boutique\/wp-content\/uploads\/2025\/09\/cristal-de-roche-brut.jpg","width":1500,"height":1500,"caption":"Druse de quartz blanc \u2013 Cristaux brillants pour \u00e9nergie positive et \u00e9quilibre spirituel."},{"@type":"BreadcrumbList","@id":"https:\/\/www.mapesteadoree.fr\/boutique\/bijoux\/amas-cristallin-de-quartz-blanc-qb2-311g\/#breadcrumb","itemListElement":[{"@type":"ListItem","position":1,"name":"Accueil","item":"https:\/\/www.mapesteadoree.fr\/boutique\/"},{"@type":"ListItem","position":2,"name":"Boutique de bijoux uniques en pierres naturelles","item":"https:\/\/www.mapesteadoree.fr\/boutique\/"},{"@type":"ListItem","position":3,"name":"Amas cristallin de Quartz Blanc [QB2-311G]"}]},{"@type":"WebSite","@id":"https:\/\/www.mapesteadoree.fr\/boutique\/#website","url":"https:\/\/www.mapesteadoree.fr\/boutique\/","name":"Ma Peste Ador\u00e9e","description":"","publisher":{"@id":"https:\/\/www.mapesteadoree.fr\/boutique\/#organization"},"potentialAction":[{"@type":"SearchAction","target":{"@type":"EntryPoint","urlTemplate":"https:\/\/www.mapesteadoree.fr\/boutique\/?s={search_term_string}"},"query-input":{"@type":"PropertyValueSpecification","valueRequired":true,"valueName":"search_term_string"}}],"inLanguage":"fr-FR"},{"@type":"Organization","@id":"https:\/\/www.mapesteadoree.fr\/boutique\/#organization","name":"Ma Peste Ador\u00e9e","url":"https:\/\/www.mapesteadoree.fr\/boutique\/","logo":{"@type":"ImageObject","inLanguage":"fr-FR","@id":"https:\/\/www.mapesteadoree.fr\/boutique\/#\/schema\/logo\/image\/","url":"https:\/\/www.mapesteadoree.fr\/boutique\/wp-content\/uploads\/2024\/10\/cropped-logo-mpa-2024.png","contentUrl":"https:\/\/www.mapesteadoree.fr\/boutique\/wp-content\/uploads\/2024\/10\/cropped-logo-mpa-2024.png","width":470,"height":110,"caption":"Ma Peste Ador\u00e9e"},"image":{"@id":"https:\/\/www.mapesteadoree.fr\/boutique\/#\/schema\/logo\/image\/"}}]}},"wcpa_form_fields":null,"_links":{"self":[{"href":"https:\/\/www.mapesteadoree.fr\/boutique\/wp-json\/wp\/v2\/product\/58002","targetHints":{"allow":["GET"]}}],"collection":[{"href":"https:\/\/www.mapesteadoree.fr\/boutique\/wp-json\/wp\/v2\/product"}],"about":[{"href":"https:\/\/www.mapesteadoree.fr\/boutique\/wp-json\/wp\/v2\/types\/product"}],"replies":[{"embeddable":true,"href":"https:\/\/www.mapesteadoree.fr\/boutique\/wp-json\/wp\/v2\/comments?post=58002"}],"wp:featuredmedia":[{"embeddable":true,"href":"https:\/\/www.mapesteadoree.fr\/boutique\/wp-json\/wp\/v2\/media\/58004"}],"wp:attachment":[{"href":"https:\/\/www.mapesteadoree.fr\/boutique\/wp-json\/wp\/v2\/media?parent=58002"}],"wp:term":[{"taxonomy":"product_brand","embeddable":true,"href":"https:\/\/www.mapesteadoree.fr\/boutique\/wp-json\/wp\/v2\/product_brand?post=58002"},{"taxonomy":"product_cat","embeddable":true,"href":"https:\/\/www.mapesteadoree.fr\/boutique\/wp-json\/wp\/v2\/product_cat?post=58002"},{"taxonomy":"product_tag","embeddable":true,"href":"https:\/\/www.mapesteadoree.fr\/boutique\/wp-json\/wp\/v2\/product_tag?post=58002"}],"curies":[{"name":"wp","href":"https:\/\/api.w.org\/{rel}","templated":true}]}}