{"id":57677,"date":"2025-08-19T12:05:50","date_gmt":"2025-08-19T10:05:50","guid":{"rendered":"https:\/\/www.mapesteadoree.fr\/boutique\/?post_type=product&#038;p=57677"},"modified":"2025-08-24T15:36:15","modified_gmt":"2025-08-24T13:36:15","slug":"2-batons-dencens-palo-santo-ispalla","status":"publish","type":"product","link":"https:\/\/www.mapesteadoree.fr\/boutique\/bijoux\/2-batons-dencens-palo-santo-ispalla\/","title":{"rendered":"2 b\u00e2tons d&rsquo;Encens Palo Santo Ispalla"},"content":{"rendered":"<p data-start=\"157\" data-end=\"421\">Plongez dans la magie du Palo Santo avec les b\u00e2tons d&rsquo; encens Ispalla, cr\u00e9\u00e9s dans le respect des traditions ancestrales d\u2019Am\u00e9rique du Sud. Chaque b\u00e2ton incarne l\u2019essence du \u00ab bois sacr\u00e9 \u00bb, reconnu depuis des si\u00e8cles pour ses vertus purifiantes, protectrices et apaisantes.<\/p>\n<h4 data-start=\"423\" data-end=\"471\">Une fabrication artisanale et authentique<\/h4>\n<p data-start=\"472\" data-end=\"858\">Chaque b\u00e2ton d\u2019encens Ispalla Palo Santo est fa\u00e7onn\u00e9 \u00e0 la main \u00e0 partir de poudre de bois de Palo Santo issu de fili\u00e8res durables, m\u00e9lang\u00e9e \u00e0 des r\u00e9sines et herbes naturelles, puis li\u00e9e avec de l\u2019eau distill\u00e9e pure. Ce savoir-faire artisanal donne naissance \u00e0 un encens de haute qualit\u00e9, dont la combustion lib\u00e8re un parfum doux, bois\u00e9 et enveloppant, fid\u00e8le \u00e0 l\u2019esprit du Palo Santo.<\/p>\n<h4 data-start=\"860\" data-end=\"909\">Une purification \u00e9nerg\u00e9tique en profondeur<\/h4>\n<p data-start=\"910\" data-end=\"1244\">Allumer un b\u00e2ton d\u2019encens Ispalla, c\u2019est bien plus qu\u2019un geste \u00a0: c\u2019est un rituel de purification. <strong>La fum\u00e9e lib\u00e9r\u00e9e aide \u00e0 dissiper les \u00e9nergies n\u00e9gatives et \u00e0 instaurer une atmosph\u00e8re de paix et d\u2019harmonie<\/strong>. Parfait pour vos moments de m\u00e9ditation, de relaxation ou simplement pour r\u00e9\u00e9quilibrer l\u2019\u00e9nergie de votre lieu de vie.<\/p>\n<h4 data-start=\"1246\" data-end=\"1294\">Purifier vos bijoux et pierres naturelles<\/h4>\n<p data-start=\"1295\" data-end=\"1440\">Le Palo Santo est particuli\u00e8rement appr\u00e9ci\u00e9 pour nettoyer les min\u00e9raux et objets charg\u00e9s \u00e9nerg\u00e9tiquement. Pour purifier vos pierres ou bijoux :<\/p>\n<ol data-start=\"1441\" data-end=\"1728\">\n<li data-start=\"1441\" data-end=\"1520\">\n<p data-start=\"1444\" data-end=\"1520\">Allumez d\u00e9licatement une extr\u00e9mit\u00e9 de b\u00e2ton d\u2019encens dans une coupelle c\u00e9ramique, un porte encens &#8230;.<\/p>\n<\/li>\n<li data-start=\"1441\" data-end=\"1520\">\n<p data-start=\"1444\" data-end=\"1520\">Eteignez la flamme apr\u00e8s quelques secondes<\/p>\n<\/li>\n<li data-start=\"1521\" data-end=\"1610\">\n<p data-start=\"1524\" data-end=\"1610\">Passez vos pierres, cristaux ou bijoux \u00e0 travers la fum\u00e9e pendant une ou deux minutes.<\/p>\n<\/li>\n<li data-start=\"1611\" data-end=\"1728\">\n<p data-start=\"1614\" data-end=\"1728\">Laissez-les reposer ensuite dans un endroit calme afin qu\u2019ils se rechargent d\u2019une vibration plus l\u00e9g\u00e8re et pure.<\/p>\n<\/li>\n<\/ol>\n<p data-start=\"1730\" data-end=\"1914\">Avec ces <strong data-start=\"1739\" data-end=\"1779\">2 b\u00e2tons d\u2019encens Ispalla Palo Santo<\/strong>, offrez-vous un rituel simple et puissant pour \u00e9lever vos \u00e9nergies et pr\u00e9server l\u2019harmonie de vos espaces et de vos objets pr\u00e9cieux.<\/p>\n","protected":false},"excerpt":{"rendered":"<p><strong>Lot de 2 b\u00e2tonnets d&rsquo;encens Ispalla Palo santo <\/strong><\/p>\n<p>D\u00e9couvrez les encens Ispalla Palo Santo, fabriqu\u00e9s \u00e0 la main avec du bois sacr\u00e9 et des r\u00e9sines naturelles. Id\u00e9al pour purifier vos espaces, apaiser l\u2019esprit et nettoyer vos bijoux ou pierres \u00e9nerg\u00e9tiques.<\/p>\n","protected":false},"featured_media":57678,"comment_status":"open","ping_status":"closed","template":"","meta":[],"product_brand":[],"product_cat":[1997,2095],"product_tag":[],"class_list":{"0":"post-57677","1":"product","2":"type-product","3":"status-publish","4":"has-post-thumbnail","6":"product_cat-mineraux","7":"product_cat-vente-ephemere","9":"first","10":"instock","11":"shipping-taxable","12":"purchasable","13":"product-type-simple"},"acf":[],"yoast_head":"<!-- This site is optimized with the Yoast SEO plugin v27.4 - https:\/\/yoast.com\/product\/yoast-seo-wordpress\/ -->\n<title>2 B\u00e2tons d\u2019Encens Ispalla Palo Santo \u2013 Purification &amp; \u00c9nergie<\/title>\n<meta name=\"description\" content=\"Purifiez vos espaces, bijoux et pierres avec 2 b\u00e2tons d\u2019encens Ispalla Palo Santo, fabriqu\u00e9s artisanalement \u00e0 partir de bois sacr\u00e9 durable.\" \/>\n<meta name=\"robots\" content=\"index, follow, max-snippet:-1, max-image-preview:large, max-video-preview:-1\" \/>\n<link rel=\"canonical\" href=\"https:\/\/www.mapesteadoree.fr\/boutique\/bijoux\/2-batons-dencens-palo-santo-ispalla\/\" \/>\n<meta property=\"og:locale\" content=\"fr_FR\" \/>\n<meta property=\"og:type\" content=\"article\" \/>\n<meta property=\"og:title\" content=\"2 B\u00e2tons d\u2019Encens Ispalla Palo Santo \u2013 Purification &amp; \u00c9nergie\" \/>\n<meta property=\"og:description\" content=\"Purifiez vos espaces, bijoux et pierres avec 2 b\u00e2tons d\u2019encens Ispalla Palo Santo, fabriqu\u00e9s artisanalement \u00e0 partir de bois sacr\u00e9 durable.\" \/>\n<meta property=\"og:url\" content=\"https:\/\/www.mapesteadoree.fr\/boutique\/bijoux\/2-batons-dencens-palo-santo-ispalla\/\" \/>\n<meta property=\"og:site_name\" content=\"Ma Peste Ador\u00e9e\" \/>\n<meta property=\"article:modified_time\" content=\"2025-08-24T13:36:15+00:00\" \/>\n<meta property=\"og:image\" content=\"https:\/\/www.mapesteadoree.fr\/boutique\/wp-content\/uploads\/2025\/08\/baton-encens-palosanto.jpg\" \/>\n\t<meta property=\"og:image:width\" content=\"1500\" \/>\n\t<meta property=\"og:image:height\" content=\"1500\" \/>\n\t<meta property=\"og:image:type\" content=\"image\/jpeg\" \/>\n<meta name=\"twitter:card\" content=\"summary_large_image\" \/>\n<meta name=\"twitter:label1\" content=\"Dur\u00e9e de lecture estim\u00e9e\" \/>\n\t<meta name=\"twitter:data1\" content=\"2 minutes\" \/>\n<script type=\"application\/ld+json\" class=\"yoast-schema-graph\">{\"@context\":\"https:\\\/\\\/schema.org\",\"@graph\":[{\"@type\":\"WebPage\",\"@id\":\"https:\\\/\\\/www.mapesteadoree.fr\\\/boutique\\\/bijoux\\\/2-batons-dencens-palo-santo-ispalla\\\/\",\"url\":\"https:\\\/\\\/www.mapesteadoree.fr\\\/boutique\\\/bijoux\\\/2-batons-dencens-palo-santo-ispalla\\\/\",\"name\":\"2 B\u00e2tons d\u2019Encens Ispalla Palo Santo \u2013 Purification & \u00c9nergie\",\"isPartOf\":{\"@id\":\"https:\\\/\\\/www.mapesteadoree.fr\\\/boutique\\\/#website\"},\"primaryImageOfPage\":{\"@id\":\"https:\\\/\\\/www.mapesteadoree.fr\\\/boutique\\\/bijoux\\\/2-batons-dencens-palo-santo-ispalla\\\/#primaryimage\"},\"image\":{\"@id\":\"https:\\\/\\\/www.mapesteadoree.fr\\\/boutique\\\/bijoux\\\/2-batons-dencens-palo-santo-ispalla\\\/#primaryimage\"},\"thumbnailUrl\":\"https:\\\/\\\/www.mapesteadoree.fr\\\/boutique\\\/wp-content\\\/uploads\\\/2025\\\/08\\\/baton-encens-palosanto.jpg\",\"datePublished\":\"2025-08-19T10:05:50+00:00\",\"dateModified\":\"2025-08-24T13:36:15+00:00\",\"description\":\"Purifiez vos espaces, bijoux et pierres avec 2 b\u00e2tons d\u2019encens Ispalla Palo Santo, fabriqu\u00e9s artisanalement \u00e0 partir de bois sacr\u00e9 durable.\",\"breadcrumb\":{\"@id\":\"https:\\\/\\\/www.mapesteadoree.fr\\\/boutique\\\/bijoux\\\/2-batons-dencens-palo-santo-ispalla\\\/#breadcrumb\"},\"inLanguage\":\"fr-FR\",\"potentialAction\":[{\"@type\":\"ReadAction\",\"target\":[\"https:\\\/\\\/www.mapesteadoree.fr\\\/boutique\\\/bijoux\\\/2-batons-dencens-palo-santo-ispalla\\\/\"]}]},{\"@type\":\"ImageObject\",\"inLanguage\":\"fr-FR\",\"@id\":\"https:\\\/\\\/www.mapesteadoree.fr\\\/boutique\\\/bijoux\\\/2-batons-dencens-palo-santo-ispalla\\\/#primaryimage\",\"url\":\"https:\\\/\\\/www.mapesteadoree.fr\\\/boutique\\\/wp-content\\\/uploads\\\/2025\\\/08\\\/baton-encens-palosanto.jpg\",\"contentUrl\":\"https:\\\/\\\/www.mapesteadoree.fr\\\/boutique\\\/wp-content\\\/uploads\\\/2025\\\/08\\\/baton-encens-palosanto.jpg\",\"width\":1500,\"height\":1500,\"caption\":\"2 B\u00e2tons d\u2019Encens Ispalla Palo Santo\"},{\"@type\":\"BreadcrumbList\",\"@id\":\"https:\\\/\\\/www.mapesteadoree.fr\\\/boutique\\\/bijoux\\\/2-batons-dencens-palo-santo-ispalla\\\/#breadcrumb\",\"itemListElement\":[{\"@type\":\"ListItem\",\"position\":1,\"name\":\"Accueil\",\"item\":\"https:\\\/\\\/www.mapesteadoree.fr\\\/boutique\\\/\"},{\"@type\":\"ListItem\",\"position\":2,\"name\":\"Boutique de bijoux uniques en pierres naturelles\",\"item\":\"https:\\\/\\\/www.mapesteadoree.fr\\\/boutique\\\/\"},{\"@type\":\"ListItem\",\"position\":3,\"name\":\"2 b\u00e2tons d&rsquo;Encens Palo Santo Ispalla\"}]},{\"@type\":\"WebSite\",\"@id\":\"https:\\\/\\\/www.mapesteadoree.fr\\\/boutique\\\/#website\",\"url\":\"https:\\\/\\\/www.mapesteadoree.fr\\\/boutique\\\/\",\"name\":\"Ma Peste Ador\u00e9e\",\"description\":\"\",\"publisher\":{\"@id\":\"https:\\\/\\\/www.mapesteadoree.fr\\\/boutique\\\/#organization\"},\"potentialAction\":[{\"@type\":\"SearchAction\",\"target\":{\"@type\":\"EntryPoint\",\"urlTemplate\":\"https:\\\/\\\/www.mapesteadoree.fr\\\/boutique\\\/?s={search_term_string}\"},\"query-input\":{\"@type\":\"PropertyValueSpecification\",\"valueRequired\":true,\"valueName\":\"search_term_string\"}}],\"inLanguage\":\"fr-FR\"},{\"@type\":\"Organization\",\"@id\":\"https:\\\/\\\/www.mapesteadoree.fr\\\/boutique\\\/#organization\",\"name\":\"Ma Peste Ador\u00e9e\",\"url\":\"https:\\\/\\\/www.mapesteadoree.fr\\\/boutique\\\/\",\"logo\":{\"@type\":\"ImageObject\",\"inLanguage\":\"fr-FR\",\"@id\":\"https:\\\/\\\/www.mapesteadoree.fr\\\/boutique\\\/#\\\/schema\\\/logo\\\/image\\\/\",\"url\":\"https:\\\/\\\/www.mapesteadoree.fr\\\/boutique\\\/wp-content\\\/uploads\\\/2024\\\/10\\\/cropped-logo-mpa-2024.png\",\"contentUrl\":\"https:\\\/\\\/www.mapesteadoree.fr\\\/boutique\\\/wp-content\\\/uploads\\\/2024\\\/10\\\/cropped-logo-mpa-2024.png\",\"width\":470,\"height\":110,\"caption\":\"Ma Peste Ador\u00e9e\"},\"image\":{\"@id\":\"https:\\\/\\\/www.mapesteadoree.fr\\\/boutique\\\/#\\\/schema\\\/logo\\\/image\\\/\"}}]}<\/script>\n<!-- \/ Yoast SEO plugin. -->","yoast_head_json":{"title":"2 B\u00e2tons d\u2019Encens Ispalla Palo Santo \u2013 Purification & \u00c9nergie","description":"Purifiez vos espaces, bijoux et pierres avec 2 b\u00e2tons d\u2019encens Ispalla Palo Santo, fabriqu\u00e9s artisanalement \u00e0 partir de bois sacr\u00e9 durable.","robots":{"index":"index","follow":"follow","max-snippet":"max-snippet:-1","max-image-preview":"max-image-preview:large","max-video-preview":"max-video-preview:-1"},"canonical":"https:\/\/www.mapesteadoree.fr\/boutique\/bijoux\/2-batons-dencens-palo-santo-ispalla\/","og_locale":"fr_FR","og_type":"article","og_title":"2 B\u00e2tons d\u2019Encens Ispalla Palo Santo \u2013 Purification & \u00c9nergie","og_description":"Purifiez vos espaces, bijoux et pierres avec 2 b\u00e2tons d\u2019encens Ispalla Palo Santo, fabriqu\u00e9s artisanalement \u00e0 partir de bois sacr\u00e9 durable.","og_url":"https:\/\/www.mapesteadoree.fr\/boutique\/bijoux\/2-batons-dencens-palo-santo-ispalla\/","og_site_name":"Ma Peste Ador\u00e9e","article_modified_time":"2025-08-24T13:36:15+00:00","og_image":[{"width":1500,"height":1500,"url":"https:\/\/www.mapesteadoree.fr\/boutique\/wp-content\/uploads\/2025\/08\/baton-encens-palosanto.jpg","type":"image\/jpeg"}],"twitter_card":"summary_large_image","twitter_misc":{"Dur\u00e9e de lecture estim\u00e9e":"2 minutes"},"schema":{"@context":"https:\/\/schema.org","@graph":[{"@type":"WebPage","@id":"https:\/\/www.mapesteadoree.fr\/boutique\/bijoux\/2-batons-dencens-palo-santo-ispalla\/","url":"https:\/\/www.mapesteadoree.fr\/boutique\/bijoux\/2-batons-dencens-palo-santo-ispalla\/","name":"2 B\u00e2tons d\u2019Encens Ispalla Palo Santo \u2013 Purification & \u00c9nergie","isPartOf":{"@id":"https:\/\/www.mapesteadoree.fr\/boutique\/#website"},"primaryImageOfPage":{"@id":"https:\/\/www.mapesteadoree.fr\/boutique\/bijoux\/2-batons-dencens-palo-santo-ispalla\/#primaryimage"},"image":{"@id":"https:\/\/www.mapesteadoree.fr\/boutique\/bijoux\/2-batons-dencens-palo-santo-ispalla\/#primaryimage"},"thumbnailUrl":"https:\/\/www.mapesteadoree.fr\/boutique\/wp-content\/uploads\/2025\/08\/baton-encens-palosanto.jpg","datePublished":"2025-08-19T10:05:50+00:00","dateModified":"2025-08-24T13:36:15+00:00","description":"Purifiez vos espaces, bijoux et pierres avec 2 b\u00e2tons d\u2019encens Ispalla Palo Santo, fabriqu\u00e9s artisanalement \u00e0 partir de bois sacr\u00e9 durable.","breadcrumb":{"@id":"https:\/\/www.mapesteadoree.fr\/boutique\/bijoux\/2-batons-dencens-palo-santo-ispalla\/#breadcrumb"},"inLanguage":"fr-FR","potentialAction":[{"@type":"ReadAction","target":["https:\/\/www.mapesteadoree.fr\/boutique\/bijoux\/2-batons-dencens-palo-santo-ispalla\/"]}]},{"@type":"ImageObject","inLanguage":"fr-FR","@id":"https:\/\/www.mapesteadoree.fr\/boutique\/bijoux\/2-batons-dencens-palo-santo-ispalla\/#primaryimage","url":"https:\/\/www.mapesteadoree.fr\/boutique\/wp-content\/uploads\/2025\/08\/baton-encens-palosanto.jpg","contentUrl":"https:\/\/www.mapesteadoree.fr\/boutique\/wp-content\/uploads\/2025\/08\/baton-encens-palosanto.jpg","width":1500,"height":1500,"caption":"2 B\u00e2tons d\u2019Encens Ispalla Palo Santo"},{"@type":"BreadcrumbList","@id":"https:\/\/www.mapesteadoree.fr\/boutique\/bijoux\/2-batons-dencens-palo-santo-ispalla\/#breadcrumb","itemListElement":[{"@type":"ListItem","position":1,"name":"Accueil","item":"https:\/\/www.mapesteadoree.fr\/boutique\/"},{"@type":"ListItem","position":2,"name":"Boutique de bijoux uniques en pierres naturelles","item":"https:\/\/www.mapesteadoree.fr\/boutique\/"},{"@type":"ListItem","position":3,"name":"2 b\u00e2tons d&rsquo;Encens Palo Santo Ispalla"}]},{"@type":"WebSite","@id":"https:\/\/www.mapesteadoree.fr\/boutique\/#website","url":"https:\/\/www.mapesteadoree.fr\/boutique\/","name":"Ma Peste Ador\u00e9e","description":"","publisher":{"@id":"https:\/\/www.mapesteadoree.fr\/boutique\/#organization"},"potentialAction":[{"@type":"SearchAction","target":{"@type":"EntryPoint","urlTemplate":"https:\/\/www.mapesteadoree.fr\/boutique\/?s={search_term_string}"},"query-input":{"@type":"PropertyValueSpecification","valueRequired":true,"valueName":"search_term_string"}}],"inLanguage":"fr-FR"},{"@type":"Organization","@id":"https:\/\/www.mapesteadoree.fr\/boutique\/#organization","name":"Ma Peste Ador\u00e9e","url":"https:\/\/www.mapesteadoree.fr\/boutique\/","logo":{"@type":"ImageObject","inLanguage":"fr-FR","@id":"https:\/\/www.mapesteadoree.fr\/boutique\/#\/schema\/logo\/image\/","url":"https:\/\/www.mapesteadoree.fr\/boutique\/wp-content\/uploads\/2024\/10\/cropped-logo-mpa-2024.png","contentUrl":"https:\/\/www.mapesteadoree.fr\/boutique\/wp-content\/uploads\/2024\/10\/cropped-logo-mpa-2024.png","width":470,"height":110,"caption":"Ma Peste Ador\u00e9e"},"image":{"@id":"https:\/\/www.mapesteadoree.fr\/boutique\/#\/schema\/logo\/image\/"}}]}},"wcpa_form_fields":null,"_links":{"self":[{"href":"https:\/\/www.mapesteadoree.fr\/boutique\/wp-json\/wp\/v2\/product\/57677","targetHints":{"allow":["GET"]}}],"collection":[{"href":"https:\/\/www.mapesteadoree.fr\/boutique\/wp-json\/wp\/v2\/product"}],"about":[{"href":"https:\/\/www.mapesteadoree.fr\/boutique\/wp-json\/wp\/v2\/types\/product"}],"replies":[{"embeddable":true,"href":"https:\/\/www.mapesteadoree.fr\/boutique\/wp-json\/wp\/v2\/comments?post=57677"}],"wp:featuredmedia":[{"embeddable":true,"href":"https:\/\/www.mapesteadoree.fr\/boutique\/wp-json\/wp\/v2\/media\/57678"}],"wp:attachment":[{"href":"https:\/\/www.mapesteadoree.fr\/boutique\/wp-json\/wp\/v2\/media?parent=57677"}],"wp:term":[{"taxonomy":"product_brand","embeddable":true,"href":"https:\/\/www.mapesteadoree.fr\/boutique\/wp-json\/wp\/v2\/product_brand?post=57677"},{"taxonomy":"product_cat","embeddable":true,"href":"https:\/\/www.mapesteadoree.fr\/boutique\/wp-json\/wp\/v2\/product_cat?post=57677"},{"taxonomy":"product_tag","embeddable":true,"href":"https:\/\/www.mapesteadoree.fr\/boutique\/wp-json\/wp\/v2\/product_tag?post=57677"}],"curies":[{"name":"wp","href":"https:\/\/api.w.org\/{rel}","templated":true}]}}