{"id":57532,"date":"2025-08-14T14:03:10","date_gmt":"2025-08-14T12:03:10","guid":{"rendered":"https:\/\/www.mapesteadoree.fr\/boutique\/?post_type=product&#038;p=57532"},"modified":"2025-08-14T15:07:23","modified_gmt":"2025-08-14T13:07:23","slug":"donuts-sodalite-bleue-cordon","status":"publish","type":"product","link":"https:\/\/www.mapesteadoree.fr\/boutique\/bijoux\/donuts-sodalite-bleue-cordon\/","title":{"rendered":"Donuts Sodalite 40mm \u00e0 accrocher"},"content":{"rendered":"<p class=\"LC20lb MBeuO DKV0Md\"><em>\u27a1\ufe0f<\/em> Voici une pierre naturelle de sodalite en forme de donuts , \u00e0 accrocher dans une pi\u00e8ce, une chambre, une poign\u00e9e de porte, au lit, au r\u00e9troviseur de la voiture &#8230;.<\/p>\n<ul data-start=\"960\" data-end=\"1158\">\n<li data-start=\"960\" data-end=\"1022\">\n<p data-start=\"962\" data-end=\"1022\">Pierre naturelle : <strong data-start=\"981\" data-end=\"993\">Sodalite<\/strong> (chaque pi\u00e8ce est unique).<\/p>\n<\/li>\n<li data-start=\"1023\" data-end=\"1066\">\n<p data-start=\"1025\" data-end=\"1066\">Diam\u00e8tre du donuts : environ 4<strong data-start=\"1054\" data-end=\"1063\">0 mm<\/strong>.<\/p>\n<\/li>\n<li data-start=\"1067\" data-end=\"1116\">\n<p data-start=\"1069\" data-end=\"1116\">Cordon coton tress\u00e9 bleu clair<\/p>\n<\/li>\n<li data-start=\"1117\" data-end=\"1158\">\n<p data-start=\"1119\" data-end=\"1158\">Convient : femmes, hommes, enfant<\/p>\n<\/li>\n<\/ul>\n<p data-start=\"1160\" data-end=\"1304\">\ud83d\udc8c <strong data-start=\"1163\" data-end=\"1177\">Id\u00e9al pour<\/strong> : un cadeau symbolique pour une personne ch\u00e8re, la sodalite est une pierre qui aide \u00e0 mieux communiquer, qui d\u00e9veloppe l&rsquo;expression personnelle et donne confiance en soi. C&rsquo;est une pierre qui aide \u00e0 aller vers les autres, \u00e0 se faire de nouveaux amis : )<\/p>\n<h2 data-start=\"96\" data-end=\"739\"><strong data-start=\"96\" data-end=\"151\">Les bienfaits \u00e9motionnels et physiques <\/strong><strong data-start=\"96\" data-end=\"151\">de la sodalite<\/strong><\/h2>\n<p data-start=\"474\" data-end=\"505\">La sodalite est connue pour :<\/p>\n<ul data-start=\"506\" data-end=\"723\">\n<li data-start=\"506\" data-end=\"554\">\n<p data-start=\"508\" data-end=\"554\">Favoriser la clart\u00e9 d\u2019esprit et l\u2019intuition.<\/p>\n<\/li>\n<li data-start=\"555\" data-end=\"598\">\n<p data-start=\"557\" data-end=\"598\">Apaiser le mental et r\u00e9duire le stress.<\/p>\n<\/li>\n<li data-start=\"599\" data-end=\"661\">\n<p data-start=\"601\" data-end=\"661\">Renforcer la confiance en soi et l\u2019expression personnelle.<\/p>\n<\/li>\n<li data-start=\"662\" data-end=\"723\">\n<p data-start=\"664\" data-end=\"723\">Encourager l\u2019harmonie dans les \u00e9changes et les relations.<\/p>\n<\/li>\n<\/ul>\n<h4 data-start=\"725\" data-end=\"764\"><strong data-start=\"730\" data-end=\"762\">La symbolique du donuts\u00a0<\/strong><\/h4>\n<p data-start=\"765\" data-end=\"930\">La forme circulaire symbolise l\u2019harmonie et l\u2019infini, offrant un flux \u00e9nerg\u00e9tique continu. Port\u00e9 pr\u00e8s du c\u0153ur, il diffuse ses bienfaits tout au long de la journ\u00e9e.<\/p>\n<h2>Utilisation, entretien et rechargement de votre pierre de sodalite<\/h2>\n<p><br data-start=\"1419\" data-end=\"1422\" \/><strong>Placez votre pierre donuts de sodalite dans une pi\u00e8ce o\u00f9 vous passez beaucoup de temps, comme le salon, le bureau ou une chambre.\u00a0<\/strong><\/p>\n<blockquote><p>\u00ab Sa pr\u00e9sence diffuse une \u00e9nergie apaisante et clarifiante, favorisant un esprit calme, une pens\u00e9e claire et une communication harmonieuse. \u00bb<\/p><\/blockquote>\n<p>Chaque semaine, vous pouvez nettoyer votre pierre \u00a0de la poussi\u00e8re et des salet\u00e9s gr\u00e2ce \u00e0 un chiffon doux humide. Puis vous pouvez la purifier avec une fleur de vie, un bol tib\u00e9tain, de la sauge, un amas cristallin&#8230;.<\/p>\n<p>Et enfin la recharger en \u00e9nergie gr\u00e2ce \u00e0 la lune, au moins une fois par mois sur le bord de la fen\u00eatre (les soirs de pleine lune dans l&rsquo;id\u00e9al)<\/p>\n","protected":false},"excerpt":{"rendered":"<p><strong>Donuts en Sodalite diam\u00e8tre 40mm avec cordon coton tress\u00e9 pour l&rsquo;accrocher o\u00f9 vous le souhaitez : )<\/strong><\/p>\n<p class=\"LC20lb MBeuO DKV0Md\">\u2764\ufe0f \u00ab\u00a0Ce donuts en sodalite bleue vous accompagne au quotidien pour cultiver calme int\u00e9rieur, clart\u00e9 d\u2019esprit et harmonie dans vos \u00e9changes. \u00bb<\/p>\n","protected":false},"featured_media":57533,"comment_status":"open","ping_status":"closed","template":"","meta":[],"product_brand":[],"product_cat":[1997,26],"product_tag":[2088],"class_list":{"0":"post-57532","1":"product","2":"type-product","3":"status-publish","4":"has-post-thumbnail","6":"product_cat-mineraux","7":"product_cat-pierres-naturelles","8":"product_tag-rentree","10":"first","11":"instock","12":"shipping-taxable","13":"purchasable","14":"product-type-simple"},"acf":[],"yoast_head":"<!-- This site is optimized with the Yoast SEO plugin v27.3 - https:\/\/yoast.com\/product\/yoast-seo-wordpress\/ -->\n<title>Donuts en Sodalite Bleue avec Cordon \u2013 Pierre Naturelle Apaisante<\/title>\n<meta name=\"description\" content=\"Donuts en sodalite bleue avec cordon r\u00e9glable. Pierre naturelle apaisante qui favorise clart\u00e9 d\u2019esprit et communication harmonieuse.\" \/>\n<meta name=\"robots\" content=\"index, follow, max-snippet:-1, max-image-preview:large, max-video-preview:-1\" \/>\n<link rel=\"canonical\" href=\"https:\/\/www.mapesteadoree.fr\/boutique\/bijoux\/donuts-sodalite-bleue-cordon\/\" \/>\n<meta property=\"og:locale\" content=\"fr_FR\" \/>\n<meta property=\"og:type\" content=\"article\" \/>\n<meta property=\"og:title\" content=\"Donuts en Sodalite Bleue avec Cordon \u2013 Pierre Naturelle Apaisante\" \/>\n<meta property=\"og:description\" content=\"Donuts en sodalite bleue avec cordon r\u00e9glable. Pierre naturelle apaisante qui favorise clart\u00e9 d\u2019esprit et communication harmonieuse.\" \/>\n<meta property=\"og:url\" content=\"https:\/\/www.mapesteadoree.fr\/boutique\/bijoux\/donuts-sodalite-bleue-cordon\/\" \/>\n<meta property=\"og:site_name\" content=\"Ma Peste Ador\u00e9e\" \/>\n<meta property=\"article:modified_time\" content=\"2025-08-14T13:07:23+00:00\" \/>\n<meta property=\"og:image\" content=\"https:\/\/www.mapesteadoree.fr\/boutique\/wp-content\/uploads\/2025\/08\/donuts-pierres-sodalite.jpg\" \/>\n\t<meta property=\"og:image:width\" content=\"1500\" \/>\n\t<meta property=\"og:image:height\" content=\"1500\" \/>\n\t<meta property=\"og:image:type\" content=\"image\/jpeg\" \/>\n<meta name=\"twitter:card\" content=\"summary_large_image\" \/>\n<meta name=\"twitter:label1\" content=\"Dur\u00e9e de lecture estim\u00e9e\" \/>\n\t<meta name=\"twitter:data1\" content=\"2 minutes\" \/>\n<script type=\"application\/ld+json\" class=\"yoast-schema-graph\">{\"@context\":\"https:\\\/\\\/schema.org\",\"@graph\":[{\"@type\":\"WebPage\",\"@id\":\"https:\\\/\\\/www.mapesteadoree.fr\\\/boutique\\\/bijoux\\\/donuts-sodalite-bleue-cordon\\\/\",\"url\":\"https:\\\/\\\/www.mapesteadoree.fr\\\/boutique\\\/bijoux\\\/donuts-sodalite-bleue-cordon\\\/\",\"name\":\"Donuts en Sodalite Bleue avec Cordon \u2013 Pierre Naturelle Apaisante\",\"isPartOf\":{\"@id\":\"https:\\\/\\\/www.mapesteadoree.fr\\\/boutique\\\/#website\"},\"primaryImageOfPage\":{\"@id\":\"https:\\\/\\\/www.mapesteadoree.fr\\\/boutique\\\/bijoux\\\/donuts-sodalite-bleue-cordon\\\/#primaryimage\"},\"image\":{\"@id\":\"https:\\\/\\\/www.mapesteadoree.fr\\\/boutique\\\/bijoux\\\/donuts-sodalite-bleue-cordon\\\/#primaryimage\"},\"thumbnailUrl\":\"https:\\\/\\\/www.mapesteadoree.fr\\\/boutique\\\/wp-content\\\/uploads\\\/2025\\\/08\\\/donuts-pierres-sodalite.jpg\",\"datePublished\":\"2025-08-14T12:03:10+00:00\",\"dateModified\":\"2025-08-14T13:07:23+00:00\",\"description\":\"Donuts en sodalite bleue avec cordon r\u00e9glable. Pierre naturelle apaisante qui favorise clart\u00e9 d\u2019esprit et communication harmonieuse.\",\"breadcrumb\":{\"@id\":\"https:\\\/\\\/www.mapesteadoree.fr\\\/boutique\\\/bijoux\\\/donuts-sodalite-bleue-cordon\\\/#breadcrumb\"},\"inLanguage\":\"fr-FR\",\"potentialAction\":[{\"@type\":\"ReadAction\",\"target\":[\"https:\\\/\\\/www.mapesteadoree.fr\\\/boutique\\\/bijoux\\\/donuts-sodalite-bleue-cordon\\\/\"]}]},{\"@type\":\"ImageObject\",\"inLanguage\":\"fr-FR\",\"@id\":\"https:\\\/\\\/www.mapesteadoree.fr\\\/boutique\\\/bijoux\\\/donuts-sodalite-bleue-cordon\\\/#primaryimage\",\"url\":\"https:\\\/\\\/www.mapesteadoree.fr\\\/boutique\\\/wp-content\\\/uploads\\\/2025\\\/08\\\/donuts-pierres-sodalite.jpg\",\"contentUrl\":\"https:\\\/\\\/www.mapesteadoree.fr\\\/boutique\\\/wp-content\\\/uploads\\\/2025\\\/08\\\/donuts-pierres-sodalite.jpg\",\"width\":1500,\"height\":1500,\"caption\":\"Pierre naturelle de sodalite bleue marbr\u00e9e \u2013 pierre naturelle apaisante avec cordon.\"},{\"@type\":\"BreadcrumbList\",\"@id\":\"https:\\\/\\\/www.mapesteadoree.fr\\\/boutique\\\/bijoux\\\/donuts-sodalite-bleue-cordon\\\/#breadcrumb\",\"itemListElement\":[{\"@type\":\"ListItem\",\"position\":1,\"name\":\"Accueil\",\"item\":\"https:\\\/\\\/www.mapesteadoree.fr\\\/boutique\\\/\"},{\"@type\":\"ListItem\",\"position\":2,\"name\":\"Boutique de bijoux uniques en pierres naturelles\",\"item\":\"https:\\\/\\\/www.mapesteadoree.fr\\\/boutique\\\/\"},{\"@type\":\"ListItem\",\"position\":3,\"name\":\"Donuts Sodalite 40mm \u00e0 accrocher\"}]},{\"@type\":\"WebSite\",\"@id\":\"https:\\\/\\\/www.mapesteadoree.fr\\\/boutique\\\/#website\",\"url\":\"https:\\\/\\\/www.mapesteadoree.fr\\\/boutique\\\/\",\"name\":\"Ma Peste Ador\u00e9e\",\"description\":\"\",\"publisher\":{\"@id\":\"https:\\\/\\\/www.mapesteadoree.fr\\\/boutique\\\/#organization\"},\"potentialAction\":[{\"@type\":\"SearchAction\",\"target\":{\"@type\":\"EntryPoint\",\"urlTemplate\":\"https:\\\/\\\/www.mapesteadoree.fr\\\/boutique\\\/?s={search_term_string}\"},\"query-input\":{\"@type\":\"PropertyValueSpecification\",\"valueRequired\":true,\"valueName\":\"search_term_string\"}}],\"inLanguage\":\"fr-FR\"},{\"@type\":\"Organization\",\"@id\":\"https:\\\/\\\/www.mapesteadoree.fr\\\/boutique\\\/#organization\",\"name\":\"Ma Peste Ador\u00e9e\",\"url\":\"https:\\\/\\\/www.mapesteadoree.fr\\\/boutique\\\/\",\"logo\":{\"@type\":\"ImageObject\",\"inLanguage\":\"fr-FR\",\"@id\":\"https:\\\/\\\/www.mapesteadoree.fr\\\/boutique\\\/#\\\/schema\\\/logo\\\/image\\\/\",\"url\":\"https:\\\/\\\/www.mapesteadoree.fr\\\/boutique\\\/wp-content\\\/uploads\\\/2024\\\/10\\\/cropped-logo-mpa-2024.png\",\"contentUrl\":\"https:\\\/\\\/www.mapesteadoree.fr\\\/boutique\\\/wp-content\\\/uploads\\\/2024\\\/10\\\/cropped-logo-mpa-2024.png\",\"width\":470,\"height\":110,\"caption\":\"Ma Peste Ador\u00e9e\"},\"image\":{\"@id\":\"https:\\\/\\\/www.mapesteadoree.fr\\\/boutique\\\/#\\\/schema\\\/logo\\\/image\\\/\"}}]}<\/script>\n<!-- \/ Yoast SEO plugin. -->","yoast_head_json":{"title":"Donuts en Sodalite Bleue avec Cordon \u2013 Pierre Naturelle Apaisante","description":"Donuts en sodalite bleue avec cordon r\u00e9glable. Pierre naturelle apaisante qui favorise clart\u00e9 d\u2019esprit et communication harmonieuse.","robots":{"index":"index","follow":"follow","max-snippet":"max-snippet:-1","max-image-preview":"max-image-preview:large","max-video-preview":"max-video-preview:-1"},"canonical":"https:\/\/www.mapesteadoree.fr\/boutique\/bijoux\/donuts-sodalite-bleue-cordon\/","og_locale":"fr_FR","og_type":"article","og_title":"Donuts en Sodalite Bleue avec Cordon \u2013 Pierre Naturelle Apaisante","og_description":"Donuts en sodalite bleue avec cordon r\u00e9glable. Pierre naturelle apaisante qui favorise clart\u00e9 d\u2019esprit et communication harmonieuse.","og_url":"https:\/\/www.mapesteadoree.fr\/boutique\/bijoux\/donuts-sodalite-bleue-cordon\/","og_site_name":"Ma Peste Ador\u00e9e","article_modified_time":"2025-08-14T13:07:23+00:00","og_image":[{"width":1500,"height":1500,"url":"https:\/\/www.mapesteadoree.fr\/boutique\/wp-content\/uploads\/2025\/08\/donuts-pierres-sodalite.jpg","type":"image\/jpeg"}],"twitter_card":"summary_large_image","twitter_misc":{"Dur\u00e9e de lecture estim\u00e9e":"2 minutes"},"schema":{"@context":"https:\/\/schema.org","@graph":[{"@type":"WebPage","@id":"https:\/\/www.mapesteadoree.fr\/boutique\/bijoux\/donuts-sodalite-bleue-cordon\/","url":"https:\/\/www.mapesteadoree.fr\/boutique\/bijoux\/donuts-sodalite-bleue-cordon\/","name":"Donuts en Sodalite Bleue avec Cordon \u2013 Pierre Naturelle Apaisante","isPartOf":{"@id":"https:\/\/www.mapesteadoree.fr\/boutique\/#website"},"primaryImageOfPage":{"@id":"https:\/\/www.mapesteadoree.fr\/boutique\/bijoux\/donuts-sodalite-bleue-cordon\/#primaryimage"},"image":{"@id":"https:\/\/www.mapesteadoree.fr\/boutique\/bijoux\/donuts-sodalite-bleue-cordon\/#primaryimage"},"thumbnailUrl":"https:\/\/www.mapesteadoree.fr\/boutique\/wp-content\/uploads\/2025\/08\/donuts-pierres-sodalite.jpg","datePublished":"2025-08-14T12:03:10+00:00","dateModified":"2025-08-14T13:07:23+00:00","description":"Donuts en sodalite bleue avec cordon r\u00e9glable. Pierre naturelle apaisante qui favorise clart\u00e9 d\u2019esprit et communication harmonieuse.","breadcrumb":{"@id":"https:\/\/www.mapesteadoree.fr\/boutique\/bijoux\/donuts-sodalite-bleue-cordon\/#breadcrumb"},"inLanguage":"fr-FR","potentialAction":[{"@type":"ReadAction","target":["https:\/\/www.mapesteadoree.fr\/boutique\/bijoux\/donuts-sodalite-bleue-cordon\/"]}]},{"@type":"ImageObject","inLanguage":"fr-FR","@id":"https:\/\/www.mapesteadoree.fr\/boutique\/bijoux\/donuts-sodalite-bleue-cordon\/#primaryimage","url":"https:\/\/www.mapesteadoree.fr\/boutique\/wp-content\/uploads\/2025\/08\/donuts-pierres-sodalite.jpg","contentUrl":"https:\/\/www.mapesteadoree.fr\/boutique\/wp-content\/uploads\/2025\/08\/donuts-pierres-sodalite.jpg","width":1500,"height":1500,"caption":"Pierre naturelle de sodalite bleue marbr\u00e9e \u2013 pierre naturelle apaisante avec cordon."},{"@type":"BreadcrumbList","@id":"https:\/\/www.mapesteadoree.fr\/boutique\/bijoux\/donuts-sodalite-bleue-cordon\/#breadcrumb","itemListElement":[{"@type":"ListItem","position":1,"name":"Accueil","item":"https:\/\/www.mapesteadoree.fr\/boutique\/"},{"@type":"ListItem","position":2,"name":"Boutique de bijoux uniques en pierres naturelles","item":"https:\/\/www.mapesteadoree.fr\/boutique\/"},{"@type":"ListItem","position":3,"name":"Donuts Sodalite 40mm \u00e0 accrocher"}]},{"@type":"WebSite","@id":"https:\/\/www.mapesteadoree.fr\/boutique\/#website","url":"https:\/\/www.mapesteadoree.fr\/boutique\/","name":"Ma Peste Ador\u00e9e","description":"","publisher":{"@id":"https:\/\/www.mapesteadoree.fr\/boutique\/#organization"},"potentialAction":[{"@type":"SearchAction","target":{"@type":"EntryPoint","urlTemplate":"https:\/\/www.mapesteadoree.fr\/boutique\/?s={search_term_string}"},"query-input":{"@type":"PropertyValueSpecification","valueRequired":true,"valueName":"search_term_string"}}],"inLanguage":"fr-FR"},{"@type":"Organization","@id":"https:\/\/www.mapesteadoree.fr\/boutique\/#organization","name":"Ma Peste Ador\u00e9e","url":"https:\/\/www.mapesteadoree.fr\/boutique\/","logo":{"@type":"ImageObject","inLanguage":"fr-FR","@id":"https:\/\/www.mapesteadoree.fr\/boutique\/#\/schema\/logo\/image\/","url":"https:\/\/www.mapesteadoree.fr\/boutique\/wp-content\/uploads\/2024\/10\/cropped-logo-mpa-2024.png","contentUrl":"https:\/\/www.mapesteadoree.fr\/boutique\/wp-content\/uploads\/2024\/10\/cropped-logo-mpa-2024.png","width":470,"height":110,"caption":"Ma Peste Ador\u00e9e"},"image":{"@id":"https:\/\/www.mapesteadoree.fr\/boutique\/#\/schema\/logo\/image\/"}}]}},"wcpa_form_fields":null,"_links":{"self":[{"href":"https:\/\/www.mapesteadoree.fr\/boutique\/wp-json\/wp\/v2\/product\/57532","targetHints":{"allow":["GET"]}}],"collection":[{"href":"https:\/\/www.mapesteadoree.fr\/boutique\/wp-json\/wp\/v2\/product"}],"about":[{"href":"https:\/\/www.mapesteadoree.fr\/boutique\/wp-json\/wp\/v2\/types\/product"}],"replies":[{"embeddable":true,"href":"https:\/\/www.mapesteadoree.fr\/boutique\/wp-json\/wp\/v2\/comments?post=57532"}],"wp:featuredmedia":[{"embeddable":true,"href":"https:\/\/www.mapesteadoree.fr\/boutique\/wp-json\/wp\/v2\/media\/57533"}],"wp:attachment":[{"href":"https:\/\/www.mapesteadoree.fr\/boutique\/wp-json\/wp\/v2\/media?parent=57532"}],"wp:term":[{"taxonomy":"product_brand","embeddable":true,"href":"https:\/\/www.mapesteadoree.fr\/boutique\/wp-json\/wp\/v2\/product_brand?post=57532"},{"taxonomy":"product_cat","embeddable":true,"href":"https:\/\/www.mapesteadoree.fr\/boutique\/wp-json\/wp\/v2\/product_cat?post=57532"},{"taxonomy":"product_tag","embeddable":true,"href":"https:\/\/www.mapesteadoree.fr\/boutique\/wp-json\/wp\/v2\/product_tag?post=57532"}],"curies":[{"name":"wp","href":"https:\/\/api.w.org\/{rel}","templated":true}]}}