{"id":57518,"date":"2025-08-13T15:55:36","date_gmt":"2025-08-13T13:55:36","guid":{"rendered":"https:\/\/www.mapesteadoree.fr\/boutique\/?post_type=product&#038;p=57518"},"modified":"2025-11-13T09:19:43","modified_gmt":"2025-11-13T08:19:43","slug":"pierre-plate-fluorite-coeur","status":"publish","type":"product","link":"https:\/\/www.mapesteadoree.fr\/boutique\/bijoux\/pierre-plate-fluorite-coeur\/","title":{"rendered":"Pierre Plate Coeur en Fluorite"},"content":{"rendered":"<p class=\"LC20lb MBeuO DKV0Md\"><em>\u27a1\ufe0f<\/em> Voici une pierre naturelle en forme de coeur en Fluorite, taille environ 7x8cm.<\/p>\n<h2 data-start=\"96\" data-end=\"739\"><strong data-start=\"96\" data-end=\"151\">Les bienfaits \u00e9motionnels et physiques <\/strong><strong data-start=\"96\" data-end=\"151\">de la fluorite<\/strong><\/h2>\n<p data-start=\"96\" data-end=\"739\"><br data-start=\"151\" data-end=\"154\" \/>La fluorite est une pierre d\u2019harmonie et de clart\u00e9, agissant comme un v\u00e9ritable stabilisateur \u00e9motionnel. Sur le plan psychique, elle aide \u00e0 apaiser les pens\u00e9es envahissantes, \u00e0 diminuer le stress et \u00e0 favoriser la concentration. Elle est \u00e9galement r\u00e9put\u00e9e pour renforcer la confiance en soi et encourager une vision plus claire face aux choix et aux d\u00e9cisions. Sur le plan physique, la fluorite est associ\u00e9e au soutien du syst\u00e8me immunitaire, \u00e0 la r\u00e9duction de la fatigue et \u00e0 l\u2019am\u00e9lioration de la coordination. Ses \u00e9nergies douces conviennent aussi bien aux adultes qu\u2019aux enfants.<\/p>\n<blockquote>\n<p data-start=\"96\" data-end=\"739\"><strong>C&rsquo;est une pierre g\u00e9niale pour l&rsquo;\u00e9cole, les \u00e9tudes et les apprentissages, car elle booste la concentration et la confiance en soi<\/strong><\/p>\n<\/blockquote>\n<h2 data-start=\"741\" data-end=\"869\"><strong data-start=\"741\" data-end=\"790\">Dans quels cas utiliser la pierre de fluorite<\/strong><\/h2>\n<p data-start=\"741\" data-end=\"869\"><br data-start=\"790\" data-end=\"793\" \/>La fluorite est particuli\u00e8rement b\u00e9n\u00e9fique dans les situations suivantes :<\/p>\n<ul data-start=\"870\" data-end=\"1391\">\n<li data-start=\"870\" data-end=\"977\">\n<p data-start=\"872\" data-end=\"977\">Pour les adultes en p\u00e9riode de surcharge mentale ou professionnelle, afin de retrouver calme et clart\u00e9.<\/p>\n<\/li>\n<li data-start=\"978\" data-end=\"1085\">\n<p data-start=\"980\" data-end=\"1085\">Pour les enfants en pleine phase d\u2019apprentissage, afin de soutenir la concentration et la m\u00e9morisation.<\/p>\n<\/li>\n<li data-start=\"1086\" data-end=\"1172\">\n<p data-start=\"1088\" data-end=\"1172\">Lors de p\u00e9riodes de stress, de confusion ou de changements importants dans la vie.<\/p>\n<\/li>\n<li data-start=\"1173\" data-end=\"1259\">\n<p data-start=\"1175\" data-end=\"1259\">Pour harmoniser les relations familiales et apaiser les tensions au sein du foyer.<\/p>\n<\/li>\n<li data-start=\"1260\" data-end=\"1391\">\n<p data-start=\"1262\" data-end=\"1391\">En accompagnement d\u2019un travail de d\u00e9veloppement personnel ou spirituel, pour \u00e9claircir les objectifs et avancer avec confiance.<\/p>\n<\/li>\n<\/ul>\n<h2><strong data-start=\"178\" data-end=\"206\">Fluorite et neuroatypies<\/strong><\/h2>\n<p><br data-start=\"206\" data-end=\"209\" \/>La fluorite est particuli\u00e8rement appr\u00e9ci\u00e9e par certaines personnes pr\u00e9sentant des profils neuroatypiques, comme le TDAH, les troubles du spectre de l\u2019autisme ou l\u2019hypersensibilit\u00e9.<\/p>\n<p>Sa vibration douce et stabilisante peut aider \u00e0 canaliser le flux constant de pens\u00e9es, r\u00e9duire la dispersion mentale et favoriser des moments de recentrage.<\/p>\n<p>Elle apporte un sentiment de s\u00e9curit\u00e9 \u00e9motionnelle et encourage un ancrage doux, permettant de se sentir plus align\u00e9 dans son quotidien. En environnement de travail ou d\u2019\u00e9tude, la fluorite peut \u00eatre un alli\u00e9 pour soutenir la concentration et cr\u00e9er un espace apaisant.<\/p>\n<h2>Utilisation, entretien et rechargement de votre pierre de fluorite<\/h2>\n<p><br data-start=\"1419\" data-end=\"1422\" \/><strong>Placez votre pierre plate en fluorite dans une pi\u00e8ce o\u00f9 vous passez beaucoup de temps, comme le salon, le bureau ou une chambre. Sa pr\u00e9sence diffuse une \u00e9nergie douce et \u00e9quilibrante dans l\u2019espace, cr\u00e9ant une atmosph\u00e8re propice au calme et \u00e0 la concentration.<\/strong><\/p>\n<p>Vous pouvez \u00e9galement la poser pr\u00e8s de votre espace de travail pour favoriser la clart\u00e9 mentale ou dans la chambre d\u2019un enfant pour l\u2019aider \u00e0 se d\u00e9tendre et \u00e0 mieux se concentrer lors des devoirs.<\/p>\n<p>Chaque semaine, vous pouvez nettoyer votre pierre \u00a0de la poussi\u00e8re et des salet\u00e9s gr\u00e2ce \u00e0 un chiffon doux humide. Puis vous pouvez la purifier avec une fleur de vie, un bol tib\u00e9tain, de la sauge, un amas cristallin&#8230;.<\/p>\n<p>Et enfin la recharger en \u00e9nergie gr\u00e2ce \u00e0 la lune, au moins une fois par mois sur le bord de la fen\u00eatre (les soirs de pleine lune dans l&rsquo;id\u00e9al)<\/p>\n","protected":false},"excerpt":{"rendered":"<p><strong>Grande Pierre de Fluorite en forme de coeur<\/strong><\/p>\n<p class=\"LC20lb MBeuO DKV0Md\">\u2764\ufe0f Sublime pierre plate en fluorite naturelle, taill\u00e9e en forme de c\u0153ur, id\u00e9ale pour apaiser l\u2019esprit et clarifier les pens\u00e9es. Pi\u00e8ce unique d\u2019environ 7 x 8 cm, pesant entre 80 et 130 g, parfaite pour la m\u00e9ditation ou d\u00e9velopper sa concentration<\/p>\n","protected":false},"featured_media":57519,"comment_status":"open","ping_status":"closed","template":"","meta":[],"product_brand":[],"product_cat":[1997,26],"product_tag":[2098,2088],"class_list":{"0":"post-57518","1":"product","2":"type-product","3":"status-publish","4":"has-post-thumbnail","6":"product_cat-mineraux","7":"product_cat-pierres-naturelles","8":"product_tag-neuro-atypie","9":"product_tag-rentree","11":"first","12":"instock","13":"sale","14":"shipping-taxable","15":"purchasable","16":"product-type-simple"},"acf":[],"yoast_head":"<!-- This site is optimized with the Yoast SEO plugin v27.3 - https:\/\/yoast.com\/product\/yoast-seo-wordpress\/ -->\n<title>Pierre plate en fluorite c\u0153ur \u2013 Harmonie et clart\u00e9 mentale<\/title>\n<meta name=\"description\" content=\"Pierre plate en fluorite en forme de c\u0153ur (7 x 8 cm, 80 \u00e0 130 g). Favorise l\u2019\u00e9quilibre \u00e9motionnel, la concentration et l\u2019harmonie int\u00e9rieure.\" \/>\n<meta name=\"robots\" content=\"index, follow, max-snippet:-1, max-image-preview:large, max-video-preview:-1\" \/>\n<link rel=\"canonical\" href=\"https:\/\/www.mapesteadoree.fr\/boutique\/bijoux\/pierre-plate-fluorite-coeur\/\" \/>\n<meta property=\"og:locale\" content=\"fr_FR\" \/>\n<meta property=\"og:type\" content=\"article\" \/>\n<meta property=\"og:title\" content=\"Pierre plate en fluorite c\u0153ur \u2013 Harmonie et clart\u00e9 mentale\" \/>\n<meta property=\"og:description\" content=\"Pierre plate en fluorite en forme de c\u0153ur (7 x 8 cm, 80 \u00e0 130 g). Favorise l\u2019\u00e9quilibre \u00e9motionnel, la concentration et l\u2019harmonie int\u00e9rieure.\" \/>\n<meta property=\"og:url\" content=\"https:\/\/www.mapesteadoree.fr\/boutique\/bijoux\/pierre-plate-fluorite-coeur\/\" \/>\n<meta property=\"og:site_name\" content=\"Ma Peste Ador\u00e9e\" \/>\n<meta property=\"article:modified_time\" content=\"2025-11-13T08:19:43+00:00\" \/>\n<meta property=\"og:image\" content=\"https:\/\/www.mapesteadoree.fr\/boutique\/wp-content\/uploads\/2025\/08\/fluorite-coeur-grand-modele.jpg\" \/>\n\t<meta property=\"og:image:width\" content=\"1500\" \/>\n\t<meta property=\"og:image:height\" content=\"1500\" \/>\n\t<meta property=\"og:image:type\" content=\"image\/jpeg\" \/>\n<meta name=\"twitter:card\" content=\"summary_large_image\" \/>\n<meta name=\"twitter:label1\" content=\"Dur\u00e9e de lecture estim\u00e9e\" \/>\n\t<meta name=\"twitter:data1\" content=\"3 minutes\" \/>\n<script type=\"application\/ld+json\" class=\"yoast-schema-graph\">{\"@context\":\"https:\\\/\\\/schema.org\",\"@graph\":[{\"@type\":\"WebPage\",\"@id\":\"https:\\\/\\\/www.mapesteadoree.fr\\\/boutique\\\/bijoux\\\/pierre-plate-fluorite-coeur\\\/\",\"url\":\"https:\\\/\\\/www.mapesteadoree.fr\\\/boutique\\\/bijoux\\\/pierre-plate-fluorite-coeur\\\/\",\"name\":\"Pierre plate en fluorite c\u0153ur \u2013 Harmonie et clart\u00e9 mentale\",\"isPartOf\":{\"@id\":\"https:\\\/\\\/www.mapesteadoree.fr\\\/boutique\\\/#website\"},\"primaryImageOfPage\":{\"@id\":\"https:\\\/\\\/www.mapesteadoree.fr\\\/boutique\\\/bijoux\\\/pierre-plate-fluorite-coeur\\\/#primaryimage\"},\"image\":{\"@id\":\"https:\\\/\\\/www.mapesteadoree.fr\\\/boutique\\\/bijoux\\\/pierre-plate-fluorite-coeur\\\/#primaryimage\"},\"thumbnailUrl\":\"https:\\\/\\\/www.mapesteadoree.fr\\\/boutique\\\/wp-content\\\/uploads\\\/2025\\\/08\\\/fluorite-coeur-grand-modele.jpg\",\"datePublished\":\"2025-08-13T13:55:36+00:00\",\"dateModified\":\"2025-11-13T08:19:43+00:00\",\"description\":\"Pierre plate en fluorite en forme de c\u0153ur (7 x 8 cm, 80 \u00e0 130 g). Favorise l\u2019\u00e9quilibre \u00e9motionnel, la concentration et l\u2019harmonie int\u00e9rieure.\",\"breadcrumb\":{\"@id\":\"https:\\\/\\\/www.mapesteadoree.fr\\\/boutique\\\/bijoux\\\/pierre-plate-fluorite-coeur\\\/#breadcrumb\"},\"inLanguage\":\"fr-FR\",\"potentialAction\":[{\"@type\":\"ReadAction\",\"target\":[\"https:\\\/\\\/www.mapesteadoree.fr\\\/boutique\\\/bijoux\\\/pierre-plate-fluorite-coeur\\\/\"]}]},{\"@type\":\"ImageObject\",\"inLanguage\":\"fr-FR\",\"@id\":\"https:\\\/\\\/www.mapesteadoree.fr\\\/boutique\\\/bijoux\\\/pierre-plate-fluorite-coeur\\\/#primaryimage\",\"url\":\"https:\\\/\\\/www.mapesteadoree.fr\\\/boutique\\\/wp-content\\\/uploads\\\/2025\\\/08\\\/fluorite-coeur-grand-modele.jpg\",\"contentUrl\":\"https:\\\/\\\/www.mapesteadoree.fr\\\/boutique\\\/wp-content\\\/uploads\\\/2025\\\/08\\\/fluorite-coeur-grand-modele.jpg\",\"width\":1500,\"height\":1500,\"caption\":\"Grande pierre de Fluorite en forme de coeur pour la concentration et la confiance en soi\"},{\"@type\":\"BreadcrumbList\",\"@id\":\"https:\\\/\\\/www.mapesteadoree.fr\\\/boutique\\\/bijoux\\\/pierre-plate-fluorite-coeur\\\/#breadcrumb\",\"itemListElement\":[{\"@type\":\"ListItem\",\"position\":1,\"name\":\"Accueil\",\"item\":\"https:\\\/\\\/www.mapesteadoree.fr\\\/boutique\\\/\"},{\"@type\":\"ListItem\",\"position\":2,\"name\":\"Boutique de bijoux uniques en pierres naturelles\",\"item\":\"https:\\\/\\\/www.mapesteadoree.fr\\\/boutique\\\/\"},{\"@type\":\"ListItem\",\"position\":3,\"name\":\"Pierre Plate Coeur en Fluorite\"}]},{\"@type\":\"WebSite\",\"@id\":\"https:\\\/\\\/www.mapesteadoree.fr\\\/boutique\\\/#website\",\"url\":\"https:\\\/\\\/www.mapesteadoree.fr\\\/boutique\\\/\",\"name\":\"Ma Peste Ador\u00e9e\",\"description\":\"\",\"publisher\":{\"@id\":\"https:\\\/\\\/www.mapesteadoree.fr\\\/boutique\\\/#organization\"},\"potentialAction\":[{\"@type\":\"SearchAction\",\"target\":{\"@type\":\"EntryPoint\",\"urlTemplate\":\"https:\\\/\\\/www.mapesteadoree.fr\\\/boutique\\\/?s={search_term_string}\"},\"query-input\":{\"@type\":\"PropertyValueSpecification\",\"valueRequired\":true,\"valueName\":\"search_term_string\"}}],\"inLanguage\":\"fr-FR\"},{\"@type\":\"Organization\",\"@id\":\"https:\\\/\\\/www.mapesteadoree.fr\\\/boutique\\\/#organization\",\"name\":\"Ma Peste Ador\u00e9e\",\"url\":\"https:\\\/\\\/www.mapesteadoree.fr\\\/boutique\\\/\",\"logo\":{\"@type\":\"ImageObject\",\"inLanguage\":\"fr-FR\",\"@id\":\"https:\\\/\\\/www.mapesteadoree.fr\\\/boutique\\\/#\\\/schema\\\/logo\\\/image\\\/\",\"url\":\"https:\\\/\\\/www.mapesteadoree.fr\\\/boutique\\\/wp-content\\\/uploads\\\/2024\\\/10\\\/cropped-logo-mpa-2024.png\",\"contentUrl\":\"https:\\\/\\\/www.mapesteadoree.fr\\\/boutique\\\/wp-content\\\/uploads\\\/2024\\\/10\\\/cropped-logo-mpa-2024.png\",\"width\":470,\"height\":110,\"caption\":\"Ma Peste Ador\u00e9e\"},\"image\":{\"@id\":\"https:\\\/\\\/www.mapesteadoree.fr\\\/boutique\\\/#\\\/schema\\\/logo\\\/image\\\/\"}}]}<\/script>\n<!-- \/ Yoast SEO plugin. -->","yoast_head_json":{"title":"Pierre plate en fluorite c\u0153ur \u2013 Harmonie et clart\u00e9 mentale","description":"Pierre plate en fluorite en forme de c\u0153ur (7 x 8 cm, 80 \u00e0 130 g). Favorise l\u2019\u00e9quilibre \u00e9motionnel, la concentration et l\u2019harmonie int\u00e9rieure.","robots":{"index":"index","follow":"follow","max-snippet":"max-snippet:-1","max-image-preview":"max-image-preview:large","max-video-preview":"max-video-preview:-1"},"canonical":"https:\/\/www.mapesteadoree.fr\/boutique\/bijoux\/pierre-plate-fluorite-coeur\/","og_locale":"fr_FR","og_type":"article","og_title":"Pierre plate en fluorite c\u0153ur \u2013 Harmonie et clart\u00e9 mentale","og_description":"Pierre plate en fluorite en forme de c\u0153ur (7 x 8 cm, 80 \u00e0 130 g). Favorise l\u2019\u00e9quilibre \u00e9motionnel, la concentration et l\u2019harmonie int\u00e9rieure.","og_url":"https:\/\/www.mapesteadoree.fr\/boutique\/bijoux\/pierre-plate-fluorite-coeur\/","og_site_name":"Ma Peste Ador\u00e9e","article_modified_time":"2025-11-13T08:19:43+00:00","og_image":[{"width":1500,"height":1500,"url":"https:\/\/www.mapesteadoree.fr\/boutique\/wp-content\/uploads\/2025\/08\/fluorite-coeur-grand-modele.jpg","type":"image\/jpeg"}],"twitter_card":"summary_large_image","twitter_misc":{"Dur\u00e9e de lecture estim\u00e9e":"3 minutes"},"schema":{"@context":"https:\/\/schema.org","@graph":[{"@type":"WebPage","@id":"https:\/\/www.mapesteadoree.fr\/boutique\/bijoux\/pierre-plate-fluorite-coeur\/","url":"https:\/\/www.mapesteadoree.fr\/boutique\/bijoux\/pierre-plate-fluorite-coeur\/","name":"Pierre plate en fluorite c\u0153ur \u2013 Harmonie et clart\u00e9 mentale","isPartOf":{"@id":"https:\/\/www.mapesteadoree.fr\/boutique\/#website"},"primaryImageOfPage":{"@id":"https:\/\/www.mapesteadoree.fr\/boutique\/bijoux\/pierre-plate-fluorite-coeur\/#primaryimage"},"image":{"@id":"https:\/\/www.mapesteadoree.fr\/boutique\/bijoux\/pierre-plate-fluorite-coeur\/#primaryimage"},"thumbnailUrl":"https:\/\/www.mapesteadoree.fr\/boutique\/wp-content\/uploads\/2025\/08\/fluorite-coeur-grand-modele.jpg","datePublished":"2025-08-13T13:55:36+00:00","dateModified":"2025-11-13T08:19:43+00:00","description":"Pierre plate en fluorite en forme de c\u0153ur (7 x 8 cm, 80 \u00e0 130 g). Favorise l\u2019\u00e9quilibre \u00e9motionnel, la concentration et l\u2019harmonie int\u00e9rieure.","breadcrumb":{"@id":"https:\/\/www.mapesteadoree.fr\/boutique\/bijoux\/pierre-plate-fluorite-coeur\/#breadcrumb"},"inLanguage":"fr-FR","potentialAction":[{"@type":"ReadAction","target":["https:\/\/www.mapesteadoree.fr\/boutique\/bijoux\/pierre-plate-fluorite-coeur\/"]}]},{"@type":"ImageObject","inLanguage":"fr-FR","@id":"https:\/\/www.mapesteadoree.fr\/boutique\/bijoux\/pierre-plate-fluorite-coeur\/#primaryimage","url":"https:\/\/www.mapesteadoree.fr\/boutique\/wp-content\/uploads\/2025\/08\/fluorite-coeur-grand-modele.jpg","contentUrl":"https:\/\/www.mapesteadoree.fr\/boutique\/wp-content\/uploads\/2025\/08\/fluorite-coeur-grand-modele.jpg","width":1500,"height":1500,"caption":"Grande pierre de Fluorite en forme de coeur pour la concentration et la confiance en soi"},{"@type":"BreadcrumbList","@id":"https:\/\/www.mapesteadoree.fr\/boutique\/bijoux\/pierre-plate-fluorite-coeur\/#breadcrumb","itemListElement":[{"@type":"ListItem","position":1,"name":"Accueil","item":"https:\/\/www.mapesteadoree.fr\/boutique\/"},{"@type":"ListItem","position":2,"name":"Boutique de bijoux uniques en pierres naturelles","item":"https:\/\/www.mapesteadoree.fr\/boutique\/"},{"@type":"ListItem","position":3,"name":"Pierre Plate Coeur en Fluorite"}]},{"@type":"WebSite","@id":"https:\/\/www.mapesteadoree.fr\/boutique\/#website","url":"https:\/\/www.mapesteadoree.fr\/boutique\/","name":"Ma Peste Ador\u00e9e","description":"","publisher":{"@id":"https:\/\/www.mapesteadoree.fr\/boutique\/#organization"},"potentialAction":[{"@type":"SearchAction","target":{"@type":"EntryPoint","urlTemplate":"https:\/\/www.mapesteadoree.fr\/boutique\/?s={search_term_string}"},"query-input":{"@type":"PropertyValueSpecification","valueRequired":true,"valueName":"search_term_string"}}],"inLanguage":"fr-FR"},{"@type":"Organization","@id":"https:\/\/www.mapesteadoree.fr\/boutique\/#organization","name":"Ma Peste Ador\u00e9e","url":"https:\/\/www.mapesteadoree.fr\/boutique\/","logo":{"@type":"ImageObject","inLanguage":"fr-FR","@id":"https:\/\/www.mapesteadoree.fr\/boutique\/#\/schema\/logo\/image\/","url":"https:\/\/www.mapesteadoree.fr\/boutique\/wp-content\/uploads\/2024\/10\/cropped-logo-mpa-2024.png","contentUrl":"https:\/\/www.mapesteadoree.fr\/boutique\/wp-content\/uploads\/2024\/10\/cropped-logo-mpa-2024.png","width":470,"height":110,"caption":"Ma Peste Ador\u00e9e"},"image":{"@id":"https:\/\/www.mapesteadoree.fr\/boutique\/#\/schema\/logo\/image\/"}}]}},"wcpa_form_fields":null,"_links":{"self":[{"href":"https:\/\/www.mapesteadoree.fr\/boutique\/wp-json\/wp\/v2\/product\/57518","targetHints":{"allow":["GET"]}}],"collection":[{"href":"https:\/\/www.mapesteadoree.fr\/boutique\/wp-json\/wp\/v2\/product"}],"about":[{"href":"https:\/\/www.mapesteadoree.fr\/boutique\/wp-json\/wp\/v2\/types\/product"}],"replies":[{"embeddable":true,"href":"https:\/\/www.mapesteadoree.fr\/boutique\/wp-json\/wp\/v2\/comments?post=57518"}],"wp:featuredmedia":[{"embeddable":true,"href":"https:\/\/www.mapesteadoree.fr\/boutique\/wp-json\/wp\/v2\/media\/57519"}],"wp:attachment":[{"href":"https:\/\/www.mapesteadoree.fr\/boutique\/wp-json\/wp\/v2\/media?parent=57518"}],"wp:term":[{"taxonomy":"product_brand","embeddable":true,"href":"https:\/\/www.mapesteadoree.fr\/boutique\/wp-json\/wp\/v2\/product_brand?post=57518"},{"taxonomy":"product_cat","embeddable":true,"href":"https:\/\/www.mapesteadoree.fr\/boutique\/wp-json\/wp\/v2\/product_cat?post=57518"},{"taxonomy":"product_tag","embeddable":true,"href":"https:\/\/www.mapesteadoree.fr\/boutique\/wp-json\/wp\/v2\/product_tag?post=57518"}],"curies":[{"name":"wp","href":"https:\/\/api.w.org\/{rel}","templated":true}]}}