{"id":57128,"date":"2025-06-08T14:50:50","date_gmt":"2025-06-08T12:50:50","guid":{"rendered":"https:\/\/www.mapesteadoree.fr\/boutique\/?post_type=product&#038;p=57128"},"modified":"2025-06-20T15:21:47","modified_gmt":"2025-06-20T13:21:47","slug":"grigri-cadeau-maitresse-bijou-lapis-lazuli","status":"publish","type":"product","link":"https:\/\/www.mapesteadoree.fr\/boutique\/bijoux\/grigri-cadeau-maitresse-bijou-lapis-lazuli\/","title":{"rendered":"Grigri BLEU \u00ab\u00a0La Ma\u00eetresse en \ud83d\udc59\u00a0\u00bb"},"content":{"rendered":"<p data-start=\"300\" data-end=\"409\">Offrez \u00e0 la ma\u00eetresse un souvenir unique, dr\u00f4le et charg\u00e9 de sens pour cl\u00f4turer l\u2019ann\u00e9e scolaire en beaut\u00e9 \ud83d\udc99<\/p>\n<p data-start=\"411\" data-end=\"558\">Le grigri <em data-start=\"421\" data-end=\"455\">\u00ab Ma\u00eetresse en maillot de bain \u00bb<\/em> est une cr\u00e9ation color\u00e9e, \u00e0 la fois humoristique et symbolique, pens\u00e9e pour remercier avec le sourire.<\/p>\n<blockquote>\n<p data-start=\"201\" data-end=\"372\">Ce grigri peut \u00eatre utilis\u00e9 en porte-clefs, mais la ma\u00eetresse peut aussi \u00a0l&rsquo;accrocher \u00e0 un sac, \u00e0 une valise ou au r\u00e9troviseur de sa voiture !<\/p>\n<\/blockquote>\n<h2 data-start=\"142\" data-end=\"218\">Un cadeau de fin d\u2019ann\u00e9e original pour la ma\u00eetresse<\/h2>\n<p data-start=\"509\" data-end=\"535\">Cette cr\u00e9ation exclusive Ma Peste Ador\u00e9e est compos\u00e9e des \u00e9l\u00e9ments suivants :<\/p>\n<ul data-start=\"536\" data-end=\"998\">\n<li data-start=\"536\" data-end=\"619\">\n<p data-start=\"538\" data-end=\"619\">C\u00e2ble \u00e0 vis blanc en acier inoxydable blanc \u00a0r\u00e9sistant et pratique, diam\u00e8tre environ 5cm<\/p>\n<\/li>\n<li data-start=\"620\" data-end=\"689\">\n<p data-start=\"622\" data-end=\"689\">Ruban en v\u00e9ritable tissu Liberty<\/p>\n<\/li>\n<li data-start=\"690\" data-end=\"780\">\n<p data-start=\"692\" data-end=\"780\">Breloque en forme de brique de construction style Lego, clin d&rsquo;\u0153il aux jeux et \u00e0 l&rsquo;enfance<\/p>\n<\/li>\n<li data-start=\"781\" data-end=\"827\">\n<p data-start=\"783\" data-end=\"827\">Glace en r\u00e9sine color\u00e9e hauteur 40mm pour dire \u00ab\u00a0Bonnes vacances \u2600\ufe0f ! \u00ab\u00a0<\/p>\n<\/li>\n<li data-start=\"828\" data-end=\"912\">\n<p data-start=\"830\" data-end=\"912\">Pendentif r\u00e9sine \u00ab ma\u00eetresse en maillot de bain \u00bb, plein d\u2019humour et de l\u00e9g\u00e8ret\u00e9 (je l&rsquo;adore !)<\/p>\n<\/li>\n<li data-start=\"828\" data-end=\"912\">\n<p data-start=\"830\" data-end=\"912\">Pierre naturelle <strong data-start=\"921\" data-end=\"937\">lapis lazuli<\/strong>, symbole de sagesse, confiance et communication \u2728<\/p>\n<\/li>\n<\/ul>\n<p data-start=\"1238\" data-end=\"1321\">\u2728 Un cadeau original, color\u00e9, et plein d\u2019\u00e9motion pour cl\u00f4turer l\u2019ann\u00e9e avec style !<\/p>\n<h2>Un cadeau styl\u00e9 et bien emball\u00e9 : )<\/h2>\n<p data-start=\"118\" data-end=\"581\">Ce grigri est une \u00e9dition limit\u00e9e 2025, il a \u00e9t\u00e9 pens\u00e9 pour \u00eatre pr\u00eat \u00e0 offrir \u00e0 la super enseignante de votre fille ou de votre fils !<\/p>\n<ul>\n<li data-start=\"118\" data-end=\"581\">Emballage dans un paquet rose holographique<\/li>\n<li data-start=\"118\" data-end=\"581\">Accompagn\u00e9 d&rsquo;une carte, imprim\u00e9e recto et verso, qui explique le concept de cet accessoire et ainsi les bienfaits de la pierre naturelle pr\u00e9sente.<\/li>\n<li data-start=\"118\" data-end=\"581\">Vous pouvez cocher en plus la case \u00ab\u00a0emballage cadeau\u00a0\u00bb avant le paiement de votre commande, vous aurez en plus une pochette kraft color\u00e9e accompagn\u00e9e d&rsquo;un stickers MPA pour refermer le paquet \u2764\ufe0f<\/li>\n<\/ul>\n<p><em>Attention : certains \u00e9l\u00e9ments peuvent \u00eatre chang\u00e9s selon le stock, ou peuvent \u00eatre l\u00e9g\u00e8rement diff\u00e9rents de la photo. Mais le grigri restera toujours dans les m\u00eames tons harmonieux : )<\/em><\/p>\n<blockquote><p><em><strong>Vous pouvez retrouver <a href=\"schoolhttps:\/\/www.mapesteadoree.fr\/boutique\/etiquette-produit\/school\/\">toutes les id\u00e9es cadeaux pour la fin d&rsquo;ann\u00e9e scolaire dans la cat\u00e9gorie SCHOOL<\/a>&#8230; Bracelets &amp; accessoires pour ATSEM, Animatrices ALAE, Auxili\u00e8res de Pu\u00e9riculture, \u00a0Institutrices &#8230;.<\/strong><\/em><\/p><\/blockquote>\n","protected":false},"excerpt":{"rendered":"<p><strong>Un grigri tendre et d\u00e9cal\u00e9 \u00a0&#8211; \u00ab\u00a0Haut les mains &#8211; Peau de Lapin &#8211; La Ma\u00eetresse &#8230; \u00ab\u00a0<\/strong> = Bref vous connaissez la chanson ! Un accessoire original pour dire <em data-start=\"136\" data-end=\"153\">merci ma\u00eetresse<\/em>\u00a0 \ud83c\udf1e<br data-start=\"174\" data-end=\"177\" \/>Un grigri espi\u00e8gle et plein de sens pour remercier la ma\u00eetresse avec style \ud83d\udc99<br data-start=\"2253\" data-end=\"2256\" \/>Entre humour, tendresse et lapis lazuli porte-bonheur, ce bijou \u00e0 suspendre partout est un vrai coup de c\u0153ur de fin d\u2019ann\u00e9e !<\/p>\n","protected":false},"featured_media":57130,"comment_status":"open","ping_status":"closed","template":"","meta":[],"product_brand":[],"product_cat":[25,26],"product_tag":[2077],"class_list":{"0":"post-57128","1":"product","2":"type-product","3":"status-publish","4":"has-post-thumbnail","6":"product_cat-accessoires","7":"product_cat-pierres-naturelles","8":"product_tag-school","10":"first","11":"instock","12":"shipping-taxable","13":"purchasable","14":"product-type-simple"},"acf":[],"yoast_head":"<!-- This site is optimized with the Yoast SEO plugin v27.4 - https:\/\/yoast.com\/product\/yoast-seo-wordpress\/ -->\n<title>Grigri cadeau ma\u00eetresse \u2013 Bijou original avec lapis lazuli<\/title>\n<meta name=\"description\" content=\"Grigri original pour ma\u00eetresse : porte-cl\u00e9 avec pierre naturelle lapis lazuli, breloques ludiques et pendentif maillot de bain, parfait pour la fin d\u2019ann\u00e9e.\" \/>\n<meta name=\"robots\" content=\"index, follow, max-snippet:-1, max-image-preview:large, max-video-preview:-1\" \/>\n<link rel=\"canonical\" href=\"https:\/\/www.mapesteadoree.fr\/boutique\/bijoux\/grigri-cadeau-maitresse-bijou-lapis-lazuli\/\" \/>\n<meta property=\"og:locale\" content=\"fr_FR\" \/>\n<meta property=\"og:type\" content=\"article\" \/>\n<meta property=\"og:title\" content=\"Grigri cadeau ma\u00eetresse \u2013 Bijou original avec lapis lazuli\" \/>\n<meta property=\"og:description\" content=\"Grigri original pour ma\u00eetresse : porte-cl\u00e9 avec pierre naturelle lapis lazuli, breloques ludiques et pendentif maillot de bain, parfait pour la fin d\u2019ann\u00e9e.\" \/>\n<meta property=\"og:url\" content=\"https:\/\/www.mapesteadoree.fr\/boutique\/bijoux\/grigri-cadeau-maitresse-bijou-lapis-lazuli\/\" \/>\n<meta property=\"og:site_name\" content=\"Ma Peste Ador\u00e9e\" \/>\n<meta property=\"article:modified_time\" content=\"2025-06-20T13:21:47+00:00\" \/>\n<meta property=\"og:image\" content=\"https:\/\/www.mapesteadoree.fr\/boutique\/wp-content\/uploads\/2025\/06\/cadeau-maitresse-original.jpg\" \/>\n\t<meta property=\"og:image:width\" content=\"1500\" \/>\n\t<meta property=\"og:image:height\" content=\"1500\" \/>\n\t<meta property=\"og:image:type\" content=\"image\/jpeg\" \/>\n<meta name=\"twitter:card\" content=\"summary_large_image\" \/>\n<meta name=\"twitter:label1\" content=\"Dur\u00e9e de lecture estim\u00e9e\" \/>\n\t<meta name=\"twitter:data1\" content=\"2 minutes\" \/>\n<script type=\"application\/ld+json\" class=\"yoast-schema-graph\">{\"@context\":\"https:\\\/\\\/schema.org\",\"@graph\":[{\"@type\":\"WebPage\",\"@id\":\"https:\\\/\\\/www.mapesteadoree.fr\\\/boutique\\\/bijoux\\\/grigri-cadeau-maitresse-bijou-lapis-lazuli\\\/\",\"url\":\"https:\\\/\\\/www.mapesteadoree.fr\\\/boutique\\\/bijoux\\\/grigri-cadeau-maitresse-bijou-lapis-lazuli\\\/\",\"name\":\"Grigri cadeau ma\u00eetresse \u2013 Bijou original avec lapis lazuli\",\"isPartOf\":{\"@id\":\"https:\\\/\\\/www.mapesteadoree.fr\\\/boutique\\\/#website\"},\"primaryImageOfPage\":{\"@id\":\"https:\\\/\\\/www.mapesteadoree.fr\\\/boutique\\\/bijoux\\\/grigri-cadeau-maitresse-bijou-lapis-lazuli\\\/#primaryimage\"},\"image\":{\"@id\":\"https:\\\/\\\/www.mapesteadoree.fr\\\/boutique\\\/bijoux\\\/grigri-cadeau-maitresse-bijou-lapis-lazuli\\\/#primaryimage\"},\"thumbnailUrl\":\"https:\\\/\\\/www.mapesteadoree.fr\\\/boutique\\\/wp-content\\\/uploads\\\/2025\\\/06\\\/cadeau-maitresse-original.jpg\",\"datePublished\":\"2025-06-08T12:50:50+00:00\",\"dateModified\":\"2025-06-20T13:21:47+00:00\",\"description\":\"Grigri original pour ma\u00eetresse : porte-cl\u00e9 avec pierre naturelle lapis lazuli, breloques ludiques et pendentif maillot de bain, parfait pour la fin d\u2019ann\u00e9e.\",\"breadcrumb\":{\"@id\":\"https:\\\/\\\/www.mapesteadoree.fr\\\/boutique\\\/bijoux\\\/grigri-cadeau-maitresse-bijou-lapis-lazuli\\\/#breadcrumb\"},\"inLanguage\":\"fr-FR\",\"potentialAction\":[{\"@type\":\"ReadAction\",\"target\":[\"https:\\\/\\\/www.mapesteadoree.fr\\\/boutique\\\/bijoux\\\/grigri-cadeau-maitresse-bijou-lapis-lazuli\\\/\"]}]},{\"@type\":\"ImageObject\",\"inLanguage\":\"fr-FR\",\"@id\":\"https:\\\/\\\/www.mapesteadoree.fr\\\/boutique\\\/bijoux\\\/grigri-cadeau-maitresse-bijou-lapis-lazuli\\\/#primaryimage\",\"url\":\"https:\\\/\\\/www.mapesteadoree.fr\\\/boutique\\\/wp-content\\\/uploads\\\/2025\\\/06\\\/cadeau-maitresse-original.jpg\",\"contentUrl\":\"https:\\\/\\\/www.mapesteadoree.fr\\\/boutique\\\/wp-content\\\/uploads\\\/2025\\\/06\\\/cadeau-maitresse-original.jpg\",\"width\":1500,\"height\":1500,\"caption\":\"Bijou \u00ab ma\u00eetresse en maillot de bain \u00bb \u2013 porte-cl\u00e9 d\u00e9coratif avec ruban Liberty et pierre bleue\"},{\"@type\":\"BreadcrumbList\",\"@id\":\"https:\\\/\\\/www.mapesteadoree.fr\\\/boutique\\\/bijoux\\\/grigri-cadeau-maitresse-bijou-lapis-lazuli\\\/#breadcrumb\",\"itemListElement\":[{\"@type\":\"ListItem\",\"position\":1,\"name\":\"Accueil\",\"item\":\"https:\\\/\\\/www.mapesteadoree.fr\\\/boutique\\\/\"},{\"@type\":\"ListItem\",\"position\":2,\"name\":\"Boutique de bijoux uniques en pierres naturelles\",\"item\":\"https:\\\/\\\/www.mapesteadoree.fr\\\/boutique\\\/\"},{\"@type\":\"ListItem\",\"position\":3,\"name\":\"Grigri BLEU \u00ab\u00a0La Ma\u00eetresse en \ud83d\udc59\u00a0\u00bb\"}]},{\"@type\":\"WebSite\",\"@id\":\"https:\\\/\\\/www.mapesteadoree.fr\\\/boutique\\\/#website\",\"url\":\"https:\\\/\\\/www.mapesteadoree.fr\\\/boutique\\\/\",\"name\":\"Ma Peste Ador\u00e9e\",\"description\":\"\",\"publisher\":{\"@id\":\"https:\\\/\\\/www.mapesteadoree.fr\\\/boutique\\\/#organization\"},\"potentialAction\":[{\"@type\":\"SearchAction\",\"target\":{\"@type\":\"EntryPoint\",\"urlTemplate\":\"https:\\\/\\\/www.mapesteadoree.fr\\\/boutique\\\/?s={search_term_string}\"},\"query-input\":{\"@type\":\"PropertyValueSpecification\",\"valueRequired\":true,\"valueName\":\"search_term_string\"}}],\"inLanguage\":\"fr-FR\"},{\"@type\":\"Organization\",\"@id\":\"https:\\\/\\\/www.mapesteadoree.fr\\\/boutique\\\/#organization\",\"name\":\"Ma Peste Ador\u00e9e\",\"url\":\"https:\\\/\\\/www.mapesteadoree.fr\\\/boutique\\\/\",\"logo\":{\"@type\":\"ImageObject\",\"inLanguage\":\"fr-FR\",\"@id\":\"https:\\\/\\\/www.mapesteadoree.fr\\\/boutique\\\/#\\\/schema\\\/logo\\\/image\\\/\",\"url\":\"https:\\\/\\\/www.mapesteadoree.fr\\\/boutique\\\/wp-content\\\/uploads\\\/2024\\\/10\\\/cropped-logo-mpa-2024.png\",\"contentUrl\":\"https:\\\/\\\/www.mapesteadoree.fr\\\/boutique\\\/wp-content\\\/uploads\\\/2024\\\/10\\\/cropped-logo-mpa-2024.png\",\"width\":470,\"height\":110,\"caption\":\"Ma Peste Ador\u00e9e\"},\"image\":{\"@id\":\"https:\\\/\\\/www.mapesteadoree.fr\\\/boutique\\\/#\\\/schema\\\/logo\\\/image\\\/\"}}]}<\/script>\n<!-- \/ Yoast SEO plugin. -->","yoast_head_json":{"title":"Grigri cadeau ma\u00eetresse \u2013 Bijou original avec lapis lazuli","description":"Grigri original pour ma\u00eetresse : porte-cl\u00e9 avec pierre naturelle lapis lazuli, breloques ludiques et pendentif maillot de bain, parfait pour la fin d\u2019ann\u00e9e.","robots":{"index":"index","follow":"follow","max-snippet":"max-snippet:-1","max-image-preview":"max-image-preview:large","max-video-preview":"max-video-preview:-1"},"canonical":"https:\/\/www.mapesteadoree.fr\/boutique\/bijoux\/grigri-cadeau-maitresse-bijou-lapis-lazuli\/","og_locale":"fr_FR","og_type":"article","og_title":"Grigri cadeau ma\u00eetresse \u2013 Bijou original avec lapis lazuli","og_description":"Grigri original pour ma\u00eetresse : porte-cl\u00e9 avec pierre naturelle lapis lazuli, breloques ludiques et pendentif maillot de bain, parfait pour la fin d\u2019ann\u00e9e.","og_url":"https:\/\/www.mapesteadoree.fr\/boutique\/bijoux\/grigri-cadeau-maitresse-bijou-lapis-lazuli\/","og_site_name":"Ma Peste Ador\u00e9e","article_modified_time":"2025-06-20T13:21:47+00:00","og_image":[{"width":1500,"height":1500,"url":"https:\/\/www.mapesteadoree.fr\/boutique\/wp-content\/uploads\/2025\/06\/cadeau-maitresse-original.jpg","type":"image\/jpeg"}],"twitter_card":"summary_large_image","twitter_misc":{"Dur\u00e9e de lecture estim\u00e9e":"2 minutes"},"schema":{"@context":"https:\/\/schema.org","@graph":[{"@type":"WebPage","@id":"https:\/\/www.mapesteadoree.fr\/boutique\/bijoux\/grigri-cadeau-maitresse-bijou-lapis-lazuli\/","url":"https:\/\/www.mapesteadoree.fr\/boutique\/bijoux\/grigri-cadeau-maitresse-bijou-lapis-lazuli\/","name":"Grigri cadeau ma\u00eetresse \u2013 Bijou original avec lapis lazuli","isPartOf":{"@id":"https:\/\/www.mapesteadoree.fr\/boutique\/#website"},"primaryImageOfPage":{"@id":"https:\/\/www.mapesteadoree.fr\/boutique\/bijoux\/grigri-cadeau-maitresse-bijou-lapis-lazuli\/#primaryimage"},"image":{"@id":"https:\/\/www.mapesteadoree.fr\/boutique\/bijoux\/grigri-cadeau-maitresse-bijou-lapis-lazuli\/#primaryimage"},"thumbnailUrl":"https:\/\/www.mapesteadoree.fr\/boutique\/wp-content\/uploads\/2025\/06\/cadeau-maitresse-original.jpg","datePublished":"2025-06-08T12:50:50+00:00","dateModified":"2025-06-20T13:21:47+00:00","description":"Grigri original pour ma\u00eetresse : porte-cl\u00e9 avec pierre naturelle lapis lazuli, breloques ludiques et pendentif maillot de bain, parfait pour la fin d\u2019ann\u00e9e.","breadcrumb":{"@id":"https:\/\/www.mapesteadoree.fr\/boutique\/bijoux\/grigri-cadeau-maitresse-bijou-lapis-lazuli\/#breadcrumb"},"inLanguage":"fr-FR","potentialAction":[{"@type":"ReadAction","target":["https:\/\/www.mapesteadoree.fr\/boutique\/bijoux\/grigri-cadeau-maitresse-bijou-lapis-lazuli\/"]}]},{"@type":"ImageObject","inLanguage":"fr-FR","@id":"https:\/\/www.mapesteadoree.fr\/boutique\/bijoux\/grigri-cadeau-maitresse-bijou-lapis-lazuli\/#primaryimage","url":"https:\/\/www.mapesteadoree.fr\/boutique\/wp-content\/uploads\/2025\/06\/cadeau-maitresse-original.jpg","contentUrl":"https:\/\/www.mapesteadoree.fr\/boutique\/wp-content\/uploads\/2025\/06\/cadeau-maitresse-original.jpg","width":1500,"height":1500,"caption":"Bijou \u00ab ma\u00eetresse en maillot de bain \u00bb \u2013 porte-cl\u00e9 d\u00e9coratif avec ruban Liberty et pierre bleue"},{"@type":"BreadcrumbList","@id":"https:\/\/www.mapesteadoree.fr\/boutique\/bijoux\/grigri-cadeau-maitresse-bijou-lapis-lazuli\/#breadcrumb","itemListElement":[{"@type":"ListItem","position":1,"name":"Accueil","item":"https:\/\/www.mapesteadoree.fr\/boutique\/"},{"@type":"ListItem","position":2,"name":"Boutique de bijoux uniques en pierres naturelles","item":"https:\/\/www.mapesteadoree.fr\/boutique\/"},{"@type":"ListItem","position":3,"name":"Grigri BLEU \u00ab\u00a0La Ma\u00eetresse en \ud83d\udc59\u00a0\u00bb"}]},{"@type":"WebSite","@id":"https:\/\/www.mapesteadoree.fr\/boutique\/#website","url":"https:\/\/www.mapesteadoree.fr\/boutique\/","name":"Ma Peste Ador\u00e9e","description":"","publisher":{"@id":"https:\/\/www.mapesteadoree.fr\/boutique\/#organization"},"potentialAction":[{"@type":"SearchAction","target":{"@type":"EntryPoint","urlTemplate":"https:\/\/www.mapesteadoree.fr\/boutique\/?s={search_term_string}"},"query-input":{"@type":"PropertyValueSpecification","valueRequired":true,"valueName":"search_term_string"}}],"inLanguage":"fr-FR"},{"@type":"Organization","@id":"https:\/\/www.mapesteadoree.fr\/boutique\/#organization","name":"Ma Peste Ador\u00e9e","url":"https:\/\/www.mapesteadoree.fr\/boutique\/","logo":{"@type":"ImageObject","inLanguage":"fr-FR","@id":"https:\/\/www.mapesteadoree.fr\/boutique\/#\/schema\/logo\/image\/","url":"https:\/\/www.mapesteadoree.fr\/boutique\/wp-content\/uploads\/2024\/10\/cropped-logo-mpa-2024.png","contentUrl":"https:\/\/www.mapesteadoree.fr\/boutique\/wp-content\/uploads\/2024\/10\/cropped-logo-mpa-2024.png","width":470,"height":110,"caption":"Ma Peste Ador\u00e9e"},"image":{"@id":"https:\/\/www.mapesteadoree.fr\/boutique\/#\/schema\/logo\/image\/"}}]}},"wcpa_form_fields":null,"_links":{"self":[{"href":"https:\/\/www.mapesteadoree.fr\/boutique\/wp-json\/wp\/v2\/product\/57128","targetHints":{"allow":["GET"]}}],"collection":[{"href":"https:\/\/www.mapesteadoree.fr\/boutique\/wp-json\/wp\/v2\/product"}],"about":[{"href":"https:\/\/www.mapesteadoree.fr\/boutique\/wp-json\/wp\/v2\/types\/product"}],"replies":[{"embeddable":true,"href":"https:\/\/www.mapesteadoree.fr\/boutique\/wp-json\/wp\/v2\/comments?post=57128"}],"wp:featuredmedia":[{"embeddable":true,"href":"https:\/\/www.mapesteadoree.fr\/boutique\/wp-json\/wp\/v2\/media\/57130"}],"wp:attachment":[{"href":"https:\/\/www.mapesteadoree.fr\/boutique\/wp-json\/wp\/v2\/media?parent=57128"}],"wp:term":[{"taxonomy":"product_brand","embeddable":true,"href":"https:\/\/www.mapesteadoree.fr\/boutique\/wp-json\/wp\/v2\/product_brand?post=57128"},{"taxonomy":"product_cat","embeddable":true,"href":"https:\/\/www.mapesteadoree.fr\/boutique\/wp-json\/wp\/v2\/product_cat?post=57128"},{"taxonomy":"product_tag","embeddable":true,"href":"https:\/\/www.mapesteadoree.fr\/boutique\/wp-json\/wp\/v2\/product_tag?post=57128"}],"curies":[{"name":"wp","href":"https:\/\/api.w.org\/{rel}","templated":true}]}}