{"id":57015,"date":"2025-05-22T21:00:21","date_gmt":"2025-05-22T19:00:21","guid":{"rendered":"https:\/\/www.mapesteadoree.fr\/boutique\/?post_type=product&#038;p=57015"},"modified":"2025-05-29T20:37:00","modified_gmt":"2025-05-29T18:37:00","slug":"chaine-de-cheville-rosee-boheme","status":"publish","type":"product","link":"https:\/\/www.mapesteadoree.fr\/boutique\/bijoux\/chaine-de-cheville-rosee-boheme\/","title":{"rendered":"Cha\u00eene de Cheville \u00ab\u00a0Ros\u00e9e Boh\u00e8me\u00a0\u00bb"},"content":{"rendered":"<p data-start=\"201\" data-end=\"372\">Laissez-vous envo\u00fbter par la composition color\u00e9e de la cha\u00eene de pied que j&rsquo;ai nomm\u00e9e \u00a0\u00ab\u00a0<strong data-start=\"245\" data-end=\"261\">Ros\u00e9e Boh\u00e8me\u00a0\u00bb.<br \/>\n<\/strong>\u00a0C&rsquo;est une cha\u00eene de cheville faite main, inspir\u00e9e par la fra\u00eecheur des matins d\u2019\u00e9t\u00e9 et l\u2019esprit libre de la boh\u00e8me.<\/p>\n<blockquote>\n<p data-start=\"201\" data-end=\"372\">Ce bijou est une \u00e9dition limit\u00e9e, il m&rsquo;a \u00e9t\u00e9 inspir\u00e9 par l&rsquo;un des tissus de ma cr\u00e9atrice\/couturi\u00e8re pr\u00e9f\u00e9r\u00e9e : Anne aka <a href=\"https:\/\/www.lespepitesdelakshmi.com\">\u00ab\u00a0Les P\u00e9pites de Lakshmi\u00a0\u00bb<\/a><\/p>\n<\/blockquote>\n<h3 data-start=\"136\" data-end=\"199\"><strong data-start=\"140\" data-end=\"199\">Un bracelet de Cheville en Pierres Naturelles<\/strong><\/h3>\n<p data-start=\"374\" data-end=\"709\">Compos\u00e9e de perles naturelles de <strong data-start=\"407\" data-end=\"418\">p\u00e9ridot<\/strong> et <strong data-start=\"422\" data-end=\"435\">d\u2019apatite<\/strong>, associ\u00e9es \u00e0 deux gouttes en verre fuchsia aux reflets lumineux, cette cr\u00e9ation unique \u00e9voque les perles de ros\u00e9e qui scintillent \u00e0 l\u2019aube sur les p\u00e9tales d\u2019un jardin sauvage.<\/p>\n<p data-start=\"374\" data-end=\"709\"><br data-start=\"611\" data-end=\"614\" \/>Mont\u00e9e sur une cha\u00eene en <strong data-start=\"639\" data-end=\"659\">acier inoxydable<\/strong>, elle allie finesse, r\u00e9sistance et durabilit\u00e9.<\/p>\n<p data-start=\"711\" data-end=\"866\">\ud83d\udd39 <strong data-start=\"714\" data-end=\"727\">Mat\u00e9riaux<\/strong> :<br data-start=\"729\" data-end=\"732\" \/>\u2013 Acier inoxydable (hypoallerg\u00e9nique et r\u00e9sistant \u00e0 l\u2019eau)<br data-start=\"790\" data-end=\"793\" \/>\u2013 Perles naturelles : p\u00e9ridot &amp; apatite<br data-start=\"832\" data-end=\"835\" \/>\u2013 Gouttes en verre rose fuchsia<\/p>\n<p data-start=\"868\" data-end=\"943\">\ud83d\udd39 <strong data-start=\"871\" data-end=\"886\">Fabrication<\/strong> :<br data-start=\"888\" data-end=\"891\" \/>\u2013 Enti\u00e8rement r\u00e9alis\u00e9e \u00e0 la main, avec soin et amour<\/p>\n<p data-start=\"945\" data-end=\"1118\">\ud83d\udd39 <strong data-start=\"948\" data-end=\"958\">Taille<\/strong> :<br data-start=\"960\" data-end=\"963\" \/>\u2013 Longueur personnalisable pour un ajustement parfait autour de votre cheville<br data-start=\"1041\" data-end=\"1044\" \/>\u2013 Merci de s\u00e9lectionner votre mesure ou de la pr\u00e9ciser lors de la commande<\/p>\n<h2 data-start=\"118\" data-end=\"581\">\ud83c\udf3f <strong data-start=\"121\" data-end=\"150\">Les bienfaits des pierres de p\u00e9ridot et d&rsquo;apatite<\/strong><\/h2>\n<p data-start=\"118\" data-end=\"581\"><br data-start=\"150\" data-end=\"153\" \/>Le <strong data-start=\"156\" data-end=\"167\">p\u00e9ridot<\/strong>, pierre de lumi\u00e8re et de renouveau, est r\u00e9put\u00e9 pour apaiser les \u00e9motions et favoriser la clart\u00e9 mentale. Il apporte \u00e9quilibre, confiance et \u00e9nergie positive.<\/p>\n<p data-start=\"118\" data-end=\"581\">L\u2019<strong data-start=\"328\" data-end=\"339\">apatite<\/strong>, quant \u00e0 elle, est une pierre d\u2019inspiration et d\u2019expression. Elle stimule la cr\u00e9ativit\u00e9, encourage l\u2019ouverture d\u2019esprit et soutient la communication avec douceur. J&rsquo;aime aussi beaucoup cette pierre car c&rsquo;est une pierre recommand\u00e9e aux hypersensibles car elle aide \u00e0 mieux g\u00e9rer ses \u00e9motions.<\/p>\n<p data-start=\"118\" data-end=\"581\">Ensemble, ces pierres naturelles invitent \u00e0 la s\u00e9r\u00e9nit\u00e9 et au calme<\/p>\n<blockquote><p>Chaque cha\u00eene de pied est livr\u00e9e avec une carte personnalis\u00e9e, avec le pr\u00e9nom de la personne \u00e0 qui est destin\u00e9e le bijou, les pierres utilis\u00e9es ainsi que leurs bienfaits.<\/p><\/blockquote>\n<h3>Entretien des bijoux lithoth\u00e9rapie<\/h3>\n<p class=\"LC20lb MBeuO DKV0Md\">\u26a0\ufe0fLes bijoux en pierres naturelles n\u00e9cessitent un soin particulier<\/p>\n<p class=\"LC20lb MBeuO DKV0Md\">\ud83c\udf12 1 fois par mois, passez un coup de chiffon doux sur votre bijou, puis rechargez les pierres les soirs de pleine lune sur le rebord de votre fen\u00eatre<\/p>\n<p class=\"LC20lb MBeuO DKV0Md\">\ud83d\udebf Evitez le plus possible les douches, les bains, la piscine et l\u2019utilisation de produits abrasifs : parfum, savon, chlore, shampooing \u2026 Les pierres sont sensibles et peuvent ternir, se d\u00e9colorer voire d\u2019ab\u00eemer.<\/p>\n<p class=\"LC20lb MBeuO DKV0Md\">\ud83d\ude4f Mon conseil : mettez vos bijoux le matin. Retirez-les le soir, avant votre bain ou douche si c\u2019est \u00e0 ce moment de la journ\u00e9e. Ainsi ils resteront beaux longtemps : )<\/p>\n","protected":false},"excerpt":{"rendered":"<p><strong>Cha\u00eene de cheville \u00ab\u00a0Ros\u00e9e Boh\u00e8me\u00a0\u00bb en acier inoxydable et pierres naturelles de P\u00e9ridot et Apatite + Perles en verre en forme de gouttes roses flash. \u00a0R\u00e9alis\u00e9e sur mesure, selon votre mesure de tour de cheville.<\/strong><\/p>\n<blockquote><p>Color\u00e9e mais pas trop, Ros\u00e9e Boh\u00e8me capte la lumi\u00e8re et t\u2019invite \u00e0 marcher ancr\u00e9e, joyeuse, pr\u00e9sente.<\/p><\/blockquote>\n","protected":false},"featured_media":57020,"comment_status":"open","ping_status":"closed","template":"","meta":[],"product_brand":[],"product_cat":[2108,26],"product_tag":[2080],"class_list":{"0":"post-57015","1":"product","2":"type-product","3":"status-publish","4":"has-post-thumbnail","6":"product_cat-chaines-de-cheville","7":"product_cat-pierres-naturelles","8":"product_tag-summer","9":"wcpa_has_options","11":"first","12":"instock","13":"shipping-taxable","14":"purchasable","15":"product-type-simple"},"acf":[],"yoast_head":"<!-- This site is optimized with the Yoast SEO plugin v27.4 - https:\/\/yoast.com\/product\/yoast-seo-wordpress\/ -->\n<title>Cha\u00eene de Cheville &quot;Ros\u00e9e Boh\u00e8me&quot; - Ma Peste Ador\u00e9e<\/title>\n<meta name=\"description\" content=\"Chaine de cheville en pierres naturelles Ros\u00e9e Boh\u00e8me&quot; en acier inoxydable, apatite, p\u00e9ridot et gouttes en verre rose fuchsia\" \/>\n<meta name=\"robots\" content=\"index, follow, max-snippet:-1, max-image-preview:large, max-video-preview:-1\" \/>\n<link rel=\"canonical\" href=\"https:\/\/www.mapesteadoree.fr\/boutique\/bijoux\/chaine-de-cheville-rosee-boheme\/\" \/>\n<meta property=\"og:locale\" content=\"fr_FR\" \/>\n<meta property=\"og:type\" content=\"article\" \/>\n<meta property=\"og:title\" content=\"Cha\u00eene de Cheville &quot;Ros\u00e9e Boh\u00e8me&quot; - Ma Peste Ador\u00e9e\" \/>\n<meta property=\"og:description\" content=\"Chaine de cheville en pierres naturelles Ros\u00e9e Boh\u00e8me&quot; en acier inoxydable, apatite, p\u00e9ridot et gouttes en verre rose fuchsia\" \/>\n<meta property=\"og:url\" content=\"https:\/\/www.mapesteadoree.fr\/boutique\/bijoux\/chaine-de-cheville-rosee-boheme\/\" \/>\n<meta property=\"og:site_name\" content=\"Ma Peste Ador\u00e9e\" \/>\n<meta property=\"article:modified_time\" content=\"2025-05-29T18:37:00+00:00\" \/>\n<meta property=\"og:image\" content=\"https:\/\/www.mapesteadoree.fr\/boutique\/wp-content\/uploads\/2025\/05\/chaine-de-pied-pierres-naturelles.jpg\" \/>\n\t<meta property=\"og:image:width\" content=\"1500\" \/>\n\t<meta property=\"og:image:height\" content=\"1500\" \/>\n\t<meta property=\"og:image:type\" content=\"image\/jpeg\" \/>\n<meta name=\"twitter:card\" content=\"summary_large_image\" \/>\n<meta name=\"twitter:label1\" content=\"Dur\u00e9e de lecture estim\u00e9e\" \/>\n\t<meta name=\"twitter:data1\" content=\"2 minutes\" \/>\n<script type=\"application\/ld+json\" class=\"yoast-schema-graph\">{\"@context\":\"https:\\\/\\\/schema.org\",\"@graph\":[{\"@type\":\"WebPage\",\"@id\":\"https:\\\/\\\/www.mapesteadoree.fr\\\/boutique\\\/bijoux\\\/chaine-de-cheville-rosee-boheme\\\/\",\"url\":\"https:\\\/\\\/www.mapesteadoree.fr\\\/boutique\\\/bijoux\\\/chaine-de-cheville-rosee-boheme\\\/\",\"name\":\"Cha\u00eene de Cheville \\\"Ros\u00e9e Boh\u00e8me\\\" - Ma Peste Ador\u00e9e\",\"isPartOf\":{\"@id\":\"https:\\\/\\\/www.mapesteadoree.fr\\\/boutique\\\/#website\"},\"primaryImageOfPage\":{\"@id\":\"https:\\\/\\\/www.mapesteadoree.fr\\\/boutique\\\/bijoux\\\/chaine-de-cheville-rosee-boheme\\\/#primaryimage\"},\"image\":{\"@id\":\"https:\\\/\\\/www.mapesteadoree.fr\\\/boutique\\\/bijoux\\\/chaine-de-cheville-rosee-boheme\\\/#primaryimage\"},\"thumbnailUrl\":\"https:\\\/\\\/www.mapesteadoree.fr\\\/boutique\\\/wp-content\\\/uploads\\\/2025\\\/05\\\/chaine-de-pied-pierres-naturelles.jpg\",\"datePublished\":\"2025-05-22T19:00:21+00:00\",\"dateModified\":\"2025-05-29T18:37:00+00:00\",\"description\":\"Chaine de cheville en pierres naturelles Ros\u00e9e Boh\u00e8me\\\" en acier inoxydable, apatite, p\u00e9ridot et gouttes en verre rose fuchsia\",\"breadcrumb\":{\"@id\":\"https:\\\/\\\/www.mapesteadoree.fr\\\/boutique\\\/bijoux\\\/chaine-de-cheville-rosee-boheme\\\/#breadcrumb\"},\"inLanguage\":\"fr-FR\",\"potentialAction\":[{\"@type\":\"ReadAction\",\"target\":[\"https:\\\/\\\/www.mapesteadoree.fr\\\/boutique\\\/bijoux\\\/chaine-de-cheville-rosee-boheme\\\/\"]}]},{\"@type\":\"ImageObject\",\"inLanguage\":\"fr-FR\",\"@id\":\"https:\\\/\\\/www.mapesteadoree.fr\\\/boutique\\\/bijoux\\\/chaine-de-cheville-rosee-boheme\\\/#primaryimage\",\"url\":\"https:\\\/\\\/www.mapesteadoree.fr\\\/boutique\\\/wp-content\\\/uploads\\\/2025\\\/05\\\/chaine-de-pied-pierres-naturelles.jpg\",\"contentUrl\":\"https:\\\/\\\/www.mapesteadoree.fr\\\/boutique\\\/wp-content\\\/uploads\\\/2025\\\/05\\\/chaine-de-pied-pierres-naturelles.jpg\",\"width\":1500,\"height\":1500,\"caption\":\"Chaine ou bracelet de cheville en pierres naturelles\"},{\"@type\":\"BreadcrumbList\",\"@id\":\"https:\\\/\\\/www.mapesteadoree.fr\\\/boutique\\\/bijoux\\\/chaine-de-cheville-rosee-boheme\\\/#breadcrumb\",\"itemListElement\":[{\"@type\":\"ListItem\",\"position\":1,\"name\":\"Accueil\",\"item\":\"https:\\\/\\\/www.mapesteadoree.fr\\\/boutique\\\/\"},{\"@type\":\"ListItem\",\"position\":2,\"name\":\"Boutique de bijoux uniques en pierres naturelles\",\"item\":\"https:\\\/\\\/www.mapesteadoree.fr\\\/boutique\\\/\"},{\"@type\":\"ListItem\",\"position\":3,\"name\":\"Cha\u00eene de Cheville \u00ab\u00a0Ros\u00e9e Boh\u00e8me\u00a0\u00bb\"}]},{\"@type\":\"WebSite\",\"@id\":\"https:\\\/\\\/www.mapesteadoree.fr\\\/boutique\\\/#website\",\"url\":\"https:\\\/\\\/www.mapesteadoree.fr\\\/boutique\\\/\",\"name\":\"Ma Peste Ador\u00e9e\",\"description\":\"\",\"publisher\":{\"@id\":\"https:\\\/\\\/www.mapesteadoree.fr\\\/boutique\\\/#organization\"},\"potentialAction\":[{\"@type\":\"SearchAction\",\"target\":{\"@type\":\"EntryPoint\",\"urlTemplate\":\"https:\\\/\\\/www.mapesteadoree.fr\\\/boutique\\\/?s={search_term_string}\"},\"query-input\":{\"@type\":\"PropertyValueSpecification\",\"valueRequired\":true,\"valueName\":\"search_term_string\"}}],\"inLanguage\":\"fr-FR\"},{\"@type\":\"Organization\",\"@id\":\"https:\\\/\\\/www.mapesteadoree.fr\\\/boutique\\\/#organization\",\"name\":\"Ma Peste Ador\u00e9e\",\"url\":\"https:\\\/\\\/www.mapesteadoree.fr\\\/boutique\\\/\",\"logo\":{\"@type\":\"ImageObject\",\"inLanguage\":\"fr-FR\",\"@id\":\"https:\\\/\\\/www.mapesteadoree.fr\\\/boutique\\\/#\\\/schema\\\/logo\\\/image\\\/\",\"url\":\"https:\\\/\\\/www.mapesteadoree.fr\\\/boutique\\\/wp-content\\\/uploads\\\/2024\\\/10\\\/cropped-logo-mpa-2024.png\",\"contentUrl\":\"https:\\\/\\\/www.mapesteadoree.fr\\\/boutique\\\/wp-content\\\/uploads\\\/2024\\\/10\\\/cropped-logo-mpa-2024.png\",\"width\":470,\"height\":110,\"caption\":\"Ma Peste Ador\u00e9e\"},\"image\":{\"@id\":\"https:\\\/\\\/www.mapesteadoree.fr\\\/boutique\\\/#\\\/schema\\\/logo\\\/image\\\/\"}}]}<\/script>\n<!-- \/ Yoast SEO plugin. -->","yoast_head_json":{"title":"Cha\u00eene de Cheville \"Ros\u00e9e Boh\u00e8me\" - Ma Peste Ador\u00e9e","description":"Chaine de cheville en pierres naturelles Ros\u00e9e Boh\u00e8me\" en acier inoxydable, apatite, p\u00e9ridot et gouttes en verre rose fuchsia","robots":{"index":"index","follow":"follow","max-snippet":"max-snippet:-1","max-image-preview":"max-image-preview:large","max-video-preview":"max-video-preview:-1"},"canonical":"https:\/\/www.mapesteadoree.fr\/boutique\/bijoux\/chaine-de-cheville-rosee-boheme\/","og_locale":"fr_FR","og_type":"article","og_title":"Cha\u00eene de Cheville \"Ros\u00e9e Boh\u00e8me\" - Ma Peste Ador\u00e9e","og_description":"Chaine de cheville en pierres naturelles Ros\u00e9e Boh\u00e8me\" en acier inoxydable, apatite, p\u00e9ridot et gouttes en verre rose fuchsia","og_url":"https:\/\/www.mapesteadoree.fr\/boutique\/bijoux\/chaine-de-cheville-rosee-boheme\/","og_site_name":"Ma Peste Ador\u00e9e","article_modified_time":"2025-05-29T18:37:00+00:00","og_image":[{"width":1500,"height":1500,"url":"https:\/\/www.mapesteadoree.fr\/boutique\/wp-content\/uploads\/2025\/05\/chaine-de-pied-pierres-naturelles.jpg","type":"image\/jpeg"}],"twitter_card":"summary_large_image","twitter_misc":{"Dur\u00e9e de lecture estim\u00e9e":"2 minutes"},"schema":{"@context":"https:\/\/schema.org","@graph":[{"@type":"WebPage","@id":"https:\/\/www.mapesteadoree.fr\/boutique\/bijoux\/chaine-de-cheville-rosee-boheme\/","url":"https:\/\/www.mapesteadoree.fr\/boutique\/bijoux\/chaine-de-cheville-rosee-boheme\/","name":"Cha\u00eene de Cheville \"Ros\u00e9e Boh\u00e8me\" - Ma Peste Ador\u00e9e","isPartOf":{"@id":"https:\/\/www.mapesteadoree.fr\/boutique\/#website"},"primaryImageOfPage":{"@id":"https:\/\/www.mapesteadoree.fr\/boutique\/bijoux\/chaine-de-cheville-rosee-boheme\/#primaryimage"},"image":{"@id":"https:\/\/www.mapesteadoree.fr\/boutique\/bijoux\/chaine-de-cheville-rosee-boheme\/#primaryimage"},"thumbnailUrl":"https:\/\/www.mapesteadoree.fr\/boutique\/wp-content\/uploads\/2025\/05\/chaine-de-pied-pierres-naturelles.jpg","datePublished":"2025-05-22T19:00:21+00:00","dateModified":"2025-05-29T18:37:00+00:00","description":"Chaine de cheville en pierres naturelles Ros\u00e9e Boh\u00e8me\" en acier inoxydable, apatite, p\u00e9ridot et gouttes en verre rose fuchsia","breadcrumb":{"@id":"https:\/\/www.mapesteadoree.fr\/boutique\/bijoux\/chaine-de-cheville-rosee-boheme\/#breadcrumb"},"inLanguage":"fr-FR","potentialAction":[{"@type":"ReadAction","target":["https:\/\/www.mapesteadoree.fr\/boutique\/bijoux\/chaine-de-cheville-rosee-boheme\/"]}]},{"@type":"ImageObject","inLanguage":"fr-FR","@id":"https:\/\/www.mapesteadoree.fr\/boutique\/bijoux\/chaine-de-cheville-rosee-boheme\/#primaryimage","url":"https:\/\/www.mapesteadoree.fr\/boutique\/wp-content\/uploads\/2025\/05\/chaine-de-pied-pierres-naturelles.jpg","contentUrl":"https:\/\/www.mapesteadoree.fr\/boutique\/wp-content\/uploads\/2025\/05\/chaine-de-pied-pierres-naturelles.jpg","width":1500,"height":1500,"caption":"Chaine ou bracelet de cheville en pierres naturelles"},{"@type":"BreadcrumbList","@id":"https:\/\/www.mapesteadoree.fr\/boutique\/bijoux\/chaine-de-cheville-rosee-boheme\/#breadcrumb","itemListElement":[{"@type":"ListItem","position":1,"name":"Accueil","item":"https:\/\/www.mapesteadoree.fr\/boutique\/"},{"@type":"ListItem","position":2,"name":"Boutique de bijoux uniques en pierres naturelles","item":"https:\/\/www.mapesteadoree.fr\/boutique\/"},{"@type":"ListItem","position":3,"name":"Cha\u00eene de Cheville \u00ab\u00a0Ros\u00e9e Boh\u00e8me\u00a0\u00bb"}]},{"@type":"WebSite","@id":"https:\/\/www.mapesteadoree.fr\/boutique\/#website","url":"https:\/\/www.mapesteadoree.fr\/boutique\/","name":"Ma Peste Ador\u00e9e","description":"","publisher":{"@id":"https:\/\/www.mapesteadoree.fr\/boutique\/#organization"},"potentialAction":[{"@type":"SearchAction","target":{"@type":"EntryPoint","urlTemplate":"https:\/\/www.mapesteadoree.fr\/boutique\/?s={search_term_string}"},"query-input":{"@type":"PropertyValueSpecification","valueRequired":true,"valueName":"search_term_string"}}],"inLanguage":"fr-FR"},{"@type":"Organization","@id":"https:\/\/www.mapesteadoree.fr\/boutique\/#organization","name":"Ma Peste Ador\u00e9e","url":"https:\/\/www.mapesteadoree.fr\/boutique\/","logo":{"@type":"ImageObject","inLanguage":"fr-FR","@id":"https:\/\/www.mapesteadoree.fr\/boutique\/#\/schema\/logo\/image\/","url":"https:\/\/www.mapesteadoree.fr\/boutique\/wp-content\/uploads\/2024\/10\/cropped-logo-mpa-2024.png","contentUrl":"https:\/\/www.mapesteadoree.fr\/boutique\/wp-content\/uploads\/2024\/10\/cropped-logo-mpa-2024.png","width":470,"height":110,"caption":"Ma Peste Ador\u00e9e"},"image":{"@id":"https:\/\/www.mapesteadoree.fr\/boutique\/#\/schema\/logo\/image\/"}}]}},"wcpa_form_fields":{"wcpaData":{"product":{"product_price":16,"price_html":"<span class=\"woocommerce-Price-amount amount\"><bdi>16,00&nbsp;<span class=\"woocommerce-Price-currencySymbol\">&euro;<\/span><\/bdi><\/span>","original_product_price":16,"price_including_tax":16,"price_excluding_tax":16,"product_id":{"parent":57015,"variation":false},"is_variable":false,"stock_status":"instock","stock_quantity":9,"parent_sku":"","product_attributes":[],"custom_fields":[],"is_taxable":false,"product_name":"Cha\u00eene de Cheville \"Ros\u00e9e Boh\u00e8me\"","hasImage":false},"fields":{"sec_56810cfa8a360e":{"extra":{"key":"sec_56810cfa8a360e","section_id":"sec_56810cfa8a360e","name":"Default","status":1,"cl_rule":"show","enableCl":false,"relations":[],"toggle":true,"title_tag":"h3","show_title":false,"showPrice":"default","form_id":56835,"form_rules":{"exclude_from_discount":false,"fee_label":"Fee","disp_hide_options_price":false,"disp_show_section_price":false,"disp_show_field_price":true,"layout_option":"standard","pric_use_as_fee":false,"process_fee_as":"woo_fee"},"layout_option":"standard"},"fields":[[{"type":"textarea","elementId":"textarea_26810cfa8a3633","label":"Pr\u00e9nom (sert \u00e0 personnaliser le livret explicatif)","pricingType":"fixed","rows":"1","name":"textarea_26810cfa8a3633","maxlength":"500","mapToCheckoutFieldParent":"billing","mapToCheckoutField":"billing_first_name","cl_rule":"show","col":3,"relations":false,"active":true,"tooltip":"","gt_translate_keys":["label","tooltip"],"price_dependency":false,"cl_dependency":false,"value":""}],[{"type":"checkbox-group","required":true,"elementId":"checkbox-group_16810cfa8a3648","label":"Choisissez la taille selon votre tour de cheville","inline":true,"priceOptions":"different_for_all","pricingType":"fixed","name":"checkbox-group_16810cfa8a3648","min_options":"1","max_options":"1","other_text":"Other","cl_rule":"show","col":6,"values":[{"label":"Fine \/ 18-19cm","value":"option-1","price":"","pimage":"","pimage_id":"","pthumb":"","tempId":"aco_33","gt_translate_keys":["label"]},{"label":"Normal \/ 20-21cm","value":"option-2","price":"","pimage":"","pimage_id":"","pthumb":"","tempId":"aco_34","gt_translate_keys":["label"]},{"label":"Forte \/ 22-23cm","value":"option-3","price":"","pimage":"","pimage_id":"","pthumb":"","tempId":"aco_35","gt_translate_keys":["label"]},{"label":"Personnalis\u00e9e","value":"option-4","price":"","pimage":"","pimage_id":"","pthumb":"","tempId":"aco_36","gt_translate_keys":["label"]}],"relations":false,"active":true,"tooltip":"","layOut":"inline","checkUi":"","error":false,"isWeightTemplate":false,"isTemplate":false,"min_quantity":"1","quantity_decimal":false,"quantity_step":"1","quantity_label":"Quantity","repeater_field_label":"{field_label}","repeater_bind":"","gt_translate_keys":["label","tooltip","repeater_field_label","quantity_label"],"price_dependency":false,"cl_dependency":["text_86810cfa8a364f"],"value":""}],[{"type":"text","elementId":"text_86810cfa8a364f","label":"Tour de cheville","description":"en centim\u00e8tres","pricingType":"fixed","name":"text_86810cfa8a364f","subtype":"text","minlength":"0","maxlength":"20","mapToCheckoutFieldParent":"billing","mapToCheckoutField":"billing_first_name","enableCl":true,"cl_rule":"show","cl_val":"option-4","col":6,"relations":[{"operator":false,"rules":[{"operator":false,"rules":{"cl_field":"checkbox-group_16810cfa8a3648","cl_relation":"is","cl_val":"option-4"}}]}],"active":true,"tooltip":"","error":false,"gt_translate_keys":["label","description","tooltip"],"price_dependency":false,"cl_dependency":false,"value":""}],[{"type":"textarea","elementId":"textarea_16810cfa8a3657","label":"Commentaire","pricingType":"fixed","rows":"4","name":"textarea_16810cfa8a3657","maxlength":"500","mapToCheckoutFieldParent":"billing","mapToCheckoutField":"billing_first_name","cl_rule":"show","col":6,"relations":false,"active":true,"tooltip":"","error":false,"gt_translate_keys":["label","tooltip"],"price_dependency":false,"cl_dependency":false,"value":""}]]}},"config":{"price_override":"","enable_recaptcha":false,"bind_quantity":false,"quantity_bind_formula":false,"disp_summ_show_option_price":true,"disp_summ_show_product_price":true,"disp_summ_show_total_price":true,"disp_summ_show_fee":false,"disp_summ_show_discount":false,"summary_title":"","options_total_label":"Prix des options","total_label":"Total","options_product_label":"Prix du bijou","fee_label":"Fee","discount_label":"Discount","has_price":true,"has_quantity_formula":false},"mc_unit":1,"tax_rate":1,"tax_rate_real":1,"discount":{"percentage":0,"fixed":0},"design":{"conf":{"LabelPosition":"above","DescPosition":"above","UploadField":"custom_1","QuantityFieldStyle":"default"},"css":{"LeftLabelWidth":"120px"}},"formulas":[],"lookuptables":[],"clones":false,"cartKey":false}},"_links":{"self":[{"href":"https:\/\/www.mapesteadoree.fr\/boutique\/wp-json\/wp\/v2\/product\/57015","targetHints":{"allow":["GET"]}}],"collection":[{"href":"https:\/\/www.mapesteadoree.fr\/boutique\/wp-json\/wp\/v2\/product"}],"about":[{"href":"https:\/\/www.mapesteadoree.fr\/boutique\/wp-json\/wp\/v2\/types\/product"}],"replies":[{"embeddable":true,"href":"https:\/\/www.mapesteadoree.fr\/boutique\/wp-json\/wp\/v2\/comments?post=57015"}],"wp:featuredmedia":[{"embeddable":true,"href":"https:\/\/www.mapesteadoree.fr\/boutique\/wp-json\/wp\/v2\/media\/57020"}],"wp:attachment":[{"href":"https:\/\/www.mapesteadoree.fr\/boutique\/wp-json\/wp\/v2\/media?parent=57015"}],"wp:term":[{"taxonomy":"product_brand","embeddable":true,"href":"https:\/\/www.mapesteadoree.fr\/boutique\/wp-json\/wp\/v2\/product_brand?post=57015"},{"taxonomy":"product_cat","embeddable":true,"href":"https:\/\/www.mapesteadoree.fr\/boutique\/wp-json\/wp\/v2\/product_cat?post=57015"},{"taxonomy":"product_tag","embeddable":true,"href":"https:\/\/www.mapesteadoree.fr\/boutique\/wp-json\/wp\/v2\/product_tag?post=57015"}],"curies":[{"name":"wp","href":"https:\/\/api.w.org\/{rel}","templated":true}]}}