{"id":56838,"date":"2025-04-29T15:28:08","date_gmt":"2025-04-29T13:28:08","guid":{"rendered":"https:\/\/www.mapesteadoree.fr\/boutique\/?post_type=product&#038;p=56838"},"modified":"2025-11-13T09:22:14","modified_gmt":"2025-11-13T08:22:14","slug":"chaine-de-cheville-nyx","status":"publish","type":"product","link":"https:\/\/www.mapesteadoree.fr\/boutique\/bijoux\/chaine-de-cheville-nyx\/","title":{"rendered":"Cha\u00eene de Cheville \u00ab\u00a0Nyx\u00a0\u00bb"},"content":{"rendered":"<p class=\"LC20lb MBeuO DKV0Md\">\ud83d\udd25 D\u00e9couvrez la cha\u00eene de cheville <strong data-start=\"421\" data-end=\"432\">\u00ab\u00a0Nyx\u00a0\u00bb<\/strong> \u2013 Une cha\u00eene de cheville magn\u00e9tique et protectrice, inspir\u00e9e par la puissance discr\u00e8te de la nuit<\/p>\n<p class=\"\" data-start=\"1227\" data-end=\"1495\">R\u00e9alis\u00e9e en acier inoxydable couleur argent, elle est compos\u00e9e de 2 pierres naturelles et d&rsquo;une perle noire avec un oeil turc (protection). Elle a \u00e9t\u00e9 imagin\u00e9e comme un grigri magique, \u00e0 porter \u00e0 la cheville toute la journ\u00e9e. Elle est compos\u00e9e de labradorite et d&rsquo;obsidienne<\/p>\n<blockquote>\n<p class=\"LC20lb MBeuO DKV0Md\">Nyx = la d\u00e9esse grecque de la nuit<\/p>\n<\/blockquote>\n<h2 data-start=\"1227\" data-end=\"1495\">Une cha\u00eene de pied lithoth\u00e9rapie r\u00e9alis\u00e9e \u00e0 la main<\/h2>\n<p>Chaque cha\u00eene est r\u00e9alis\u00e9e \u00e0 la main et sur commande dans mon atelier de Carcassonne. Ainsi, si vous le souhaitez, vous pouvez renseigner le tour de cheville pr\u00e9cis pour que je r\u00e9alise un bijou parfait pour vous.<\/p>\n<ul>\n<li>Chaine fine en acier inoxydable 3x2mm<\/li>\n<li>Fermoir et chainette d&rsquo;extension en acier inoxydable<\/li>\n<li>pierres ovale \u00e0 facettes de labradorite<\/li>\n<li>Pierre naturelles 4mm d&rsquo;obsidienne<\/li>\n<li>Perles en r\u00e9sine Nazar ou Oeil Turc qui porte chance<\/li>\n<\/ul>\n<h2 data-start=\"1497\" data-end=\"1533\">Une cha\u00eene de cheville en labradorite et obsidienne<\/h2>\n<p class=\"\" data-start=\"1014\" data-end=\"1111\">Cette cha\u00eene de cheville argent\u00e9e allie \u00e9l\u00e9gance minimaliste et forte symbolique de protection.<\/p>\n<ul data-start=\"1112\" data-end=\"1360\">\n<li class=\"\" data-start=\"1112\" data-end=\"1204\">\n<p class=\"\" data-start=\"1114\" data-end=\"1204\"><strong data-start=\"1114\" data-end=\"1132\">La labradorite<\/strong>, pierre de l\u2019intuition, agit comme un v\u00e9ritable bouclier \u00e9nerg\u00e9tique.<\/p>\n<\/li>\n<li class=\"\" data-start=\"1205\" data-end=\"1287\">\n<p class=\"\" data-start=\"1207\" data-end=\"1287\"><strong data-start=\"1207\" data-end=\"1226\">L\u2019\u0153il turc noir<\/strong>, puissant talisman, prot\u00e8ge contre les \u00e9nergies n\u00e9gatives.<\/p>\n<\/li>\n<li class=\"\" data-start=\"1288\" data-end=\"1360\">\n<p class=\"\" data-start=\"1290\" data-end=\"1360\"><strong data-start=\"1290\" data-end=\"1312\">L\u2019obsidienne noire<\/strong> ancre profond\u00e9ment et apporte force int\u00e9rieure.<\/p>\n<\/li>\n<\/ul>\n<p class=\"\" data-start=\"1362\" data-end=\"1506\"><strong data-start=\"1362\" data-end=\"1378\">Nyx<\/strong> est un bijou mystique et intemporel, pens\u00e9 pour celles qui , discr\u00e8tes, ont besoin de protection pour avancer sur leur chemin.<\/p>\n<blockquote><p>Chaque cha\u00eene de pied est livr\u00e9e avec une carte personnalis\u00e9e, avec le pr\u00e9nom de la personne \u00e0 qui est destin\u00e9e le bijou, les pierres utilis\u00e9es ainsi que leurs bienfaits.<\/p><\/blockquote>\n<h3>Entretien des bijoux lithoth\u00e9rapie<\/h3>\n<p class=\"LC20lb MBeuO DKV0Md\">\u26a0\ufe0fLes bijoux en pierres naturelles n\u00e9cessitent un soin particulier<\/p>\n<p class=\"LC20lb MBeuO DKV0Md\">\ud83c\udf12 1 fois par mois, passez un coup de chiffon doux sur votre bijou, puis rechargez les pierres les soirs de pleine lune sur le rebord de votre fen\u00eatre<\/p>\n<p class=\"LC20lb MBeuO DKV0Md\">\ud83d\udebf Evitez le plus possible les douches, les bains, la piscine et l\u2019utilisation de produits abrasifs : parfum, savon, chlore, shampooing \u2026 Les pierres sont sensibles et peuvent ternir, se d\u00e9colorer voire d\u2019ab\u00eemer.<\/p>\n<p class=\"LC20lb MBeuO DKV0Md\">\ud83d\ude4f Mon conseil : mettez vos bijoux le matin, apr\u00e8s votre session douche\/maquillage\/parfum. Retirez-les le soir, avant votre bain ou douche si c\u2019est \u00e0 ce moment de la journ\u00e9e. Ainsi elles resteront belles longtemps : )<\/p>\n","protected":false},"excerpt":{"rendered":"<p><strong>Cha\u00eene de cheville \u00ab\u00a0Nyx\u00a0\u00bb en acier inoxydable et pierres naturelles de labradorite et obsidienne + oeil turc pour la protection. \u00a0R\u00e9alis\u00e9e sur mesure, selon votre mesure de tour de cheville.<\/strong><\/p>\n<blockquote><p>Avancez prot\u00e9g\u00e9e et align\u00e9e avec Nyx, elle vous accompagne et vous prot\u00e8ge \u00e0 chacun de vos pas<\/p><\/blockquote>\n","protected":false},"featured_media":56829,"comment_status":"open","ping_status":"closed","template":"","meta":[],"product_brand":[],"product_cat":[2108,26],"product_tag":[2034,2080],"class_list":{"0":"post-56838","1":"product","2":"type-product","3":"status-publish","4":"has-post-thumbnail","6":"product_cat-chaines-de-cheville","7":"product_cat-pierres-naturelles","8":"product_tag-protection","9":"product_tag-summer","10":"wcpa_has_options","12":"first","13":"instock","14":"shipping-taxable","15":"purchasable","16":"product-type-simple"},"acf":[],"yoast_head":"<!-- This site is optimized with the Yoast SEO plugin v27.4 - https:\/\/yoast.com\/product\/yoast-seo-wordpress\/ -->\n<title>Cha\u00eene de Cheville &quot;Nyx&quot; - Ma Peste Ador\u00e9e<\/title>\n<meta name=\"description\" content=\"Chaine de cheville en pierres naturelles &quot;Nyx&quot; style boh\u00e8me en acier inoxydable, labradorite, obsidienne et oeil turc ou nazar\" \/>\n<meta name=\"robots\" content=\"index, follow, max-snippet:-1, max-image-preview:large, max-video-preview:-1\" \/>\n<link rel=\"canonical\" href=\"https:\/\/www.mapesteadoree.fr\/boutique\/bijoux\/chaine-de-cheville-nyx\/\" \/>\n<meta property=\"og:locale\" content=\"fr_FR\" \/>\n<meta property=\"og:type\" content=\"article\" \/>\n<meta property=\"og:title\" content=\"Cha\u00eene de Cheville &quot;Nyx&quot; - Ma Peste Ador\u00e9e\" \/>\n<meta property=\"og:description\" content=\"Chaine de cheville en pierres naturelles &quot;Nyx&quot; style boh\u00e8me en acier inoxydable, labradorite, obsidienne et oeil turc ou nazar\" \/>\n<meta property=\"og:url\" content=\"https:\/\/www.mapesteadoree.fr\/boutique\/bijoux\/chaine-de-cheville-nyx\/\" \/>\n<meta property=\"og:site_name\" content=\"Ma Peste Ador\u00e9e\" \/>\n<meta property=\"article:modified_time\" content=\"2025-11-13T08:22:14+00:00\" \/>\n<meta property=\"og:image\" content=\"https:\/\/www.mapesteadoree.fr\/boutique\/wp-content\/uploads\/2025\/04\/chaine-cheville-lbradorite.jpg\" \/>\n\t<meta property=\"og:image:width\" content=\"1500\" \/>\n\t<meta property=\"og:image:height\" content=\"1500\" \/>\n\t<meta property=\"og:image:type\" content=\"image\/jpeg\" \/>\n<meta name=\"twitter:card\" content=\"summary_large_image\" \/>\n<meta name=\"twitter:label1\" content=\"Dur\u00e9e de lecture estim\u00e9e\" \/>\n\t<meta name=\"twitter:data1\" content=\"2 minutes\" \/>\n<script type=\"application\/ld+json\" class=\"yoast-schema-graph\">{\"@context\":\"https:\\\/\\\/schema.org\",\"@graph\":[{\"@type\":\"WebPage\",\"@id\":\"https:\\\/\\\/www.mapesteadoree.fr\\\/boutique\\\/bijoux\\\/chaine-de-cheville-nyx\\\/\",\"url\":\"https:\\\/\\\/www.mapesteadoree.fr\\\/boutique\\\/bijoux\\\/chaine-de-cheville-nyx\\\/\",\"name\":\"Cha\u00eene de Cheville \\\"Nyx\\\" - Ma Peste Ador\u00e9e\",\"isPartOf\":{\"@id\":\"https:\\\/\\\/www.mapesteadoree.fr\\\/boutique\\\/#website\"},\"primaryImageOfPage\":{\"@id\":\"https:\\\/\\\/www.mapesteadoree.fr\\\/boutique\\\/bijoux\\\/chaine-de-cheville-nyx\\\/#primaryimage\"},\"image\":{\"@id\":\"https:\\\/\\\/www.mapesteadoree.fr\\\/boutique\\\/bijoux\\\/chaine-de-cheville-nyx\\\/#primaryimage\"},\"thumbnailUrl\":\"https:\\\/\\\/www.mapesteadoree.fr\\\/boutique\\\/wp-content\\\/uploads\\\/2025\\\/04\\\/chaine-cheville-lbradorite.jpg\",\"datePublished\":\"2025-04-29T13:28:08+00:00\",\"dateModified\":\"2025-11-13T08:22:14+00:00\",\"description\":\"Chaine de cheville en pierres naturelles \\\"Nyx\\\" style boh\u00e8me en acier inoxydable, labradorite, obsidienne et oeil turc ou nazar\",\"breadcrumb\":{\"@id\":\"https:\\\/\\\/www.mapesteadoree.fr\\\/boutique\\\/bijoux\\\/chaine-de-cheville-nyx\\\/#breadcrumb\"},\"inLanguage\":\"fr-FR\",\"potentialAction\":[{\"@type\":\"ReadAction\",\"target\":[\"https:\\\/\\\/www.mapesteadoree.fr\\\/boutique\\\/bijoux\\\/chaine-de-cheville-nyx\\\/\"]}]},{\"@type\":\"ImageObject\",\"inLanguage\":\"fr-FR\",\"@id\":\"https:\\\/\\\/www.mapesteadoree.fr\\\/boutique\\\/bijoux\\\/chaine-de-cheville-nyx\\\/#primaryimage\",\"url\":\"https:\\\/\\\/www.mapesteadoree.fr\\\/boutique\\\/wp-content\\\/uploads\\\/2025\\\/04\\\/chaine-cheville-lbradorite.jpg\",\"contentUrl\":\"https:\\\/\\\/www.mapesteadoree.fr\\\/boutique\\\/wp-content\\\/uploads\\\/2025\\\/04\\\/chaine-cheville-lbradorite.jpg\",\"width\":1500,\"height\":1500,\"caption\":\"Bracelet de cheville de protection en pierres naturelles\"},{\"@type\":\"BreadcrumbList\",\"@id\":\"https:\\\/\\\/www.mapesteadoree.fr\\\/boutique\\\/bijoux\\\/chaine-de-cheville-nyx\\\/#breadcrumb\",\"itemListElement\":[{\"@type\":\"ListItem\",\"position\":1,\"name\":\"Accueil\",\"item\":\"https:\\\/\\\/www.mapesteadoree.fr\\\/boutique\\\/\"},{\"@type\":\"ListItem\",\"position\":2,\"name\":\"Boutique de bijoux uniques en pierres naturelles\",\"item\":\"https:\\\/\\\/www.mapesteadoree.fr\\\/boutique\\\/\"},{\"@type\":\"ListItem\",\"position\":3,\"name\":\"Cha\u00eene de Cheville \u00ab\u00a0Nyx\u00a0\u00bb\"}]},{\"@type\":\"WebSite\",\"@id\":\"https:\\\/\\\/www.mapesteadoree.fr\\\/boutique\\\/#website\",\"url\":\"https:\\\/\\\/www.mapesteadoree.fr\\\/boutique\\\/\",\"name\":\"Ma Peste Ador\u00e9e\",\"description\":\"\",\"publisher\":{\"@id\":\"https:\\\/\\\/www.mapesteadoree.fr\\\/boutique\\\/#organization\"},\"potentialAction\":[{\"@type\":\"SearchAction\",\"target\":{\"@type\":\"EntryPoint\",\"urlTemplate\":\"https:\\\/\\\/www.mapesteadoree.fr\\\/boutique\\\/?s={search_term_string}\"},\"query-input\":{\"@type\":\"PropertyValueSpecification\",\"valueRequired\":true,\"valueName\":\"search_term_string\"}}],\"inLanguage\":\"fr-FR\"},{\"@type\":\"Organization\",\"@id\":\"https:\\\/\\\/www.mapesteadoree.fr\\\/boutique\\\/#organization\",\"name\":\"Ma Peste Ador\u00e9e\",\"url\":\"https:\\\/\\\/www.mapesteadoree.fr\\\/boutique\\\/\",\"logo\":{\"@type\":\"ImageObject\",\"inLanguage\":\"fr-FR\",\"@id\":\"https:\\\/\\\/www.mapesteadoree.fr\\\/boutique\\\/#\\\/schema\\\/logo\\\/image\\\/\",\"url\":\"https:\\\/\\\/www.mapesteadoree.fr\\\/boutique\\\/wp-content\\\/uploads\\\/2024\\\/10\\\/cropped-logo-mpa-2024.png\",\"contentUrl\":\"https:\\\/\\\/www.mapesteadoree.fr\\\/boutique\\\/wp-content\\\/uploads\\\/2024\\\/10\\\/cropped-logo-mpa-2024.png\",\"width\":470,\"height\":110,\"caption\":\"Ma Peste Ador\u00e9e\"},\"image\":{\"@id\":\"https:\\\/\\\/www.mapesteadoree.fr\\\/boutique\\\/#\\\/schema\\\/logo\\\/image\\\/\"}}]}<\/script>\n<!-- \/ Yoast SEO plugin. -->","yoast_head_json":{"title":"Cha\u00eene de Cheville \"Nyx\" - Ma Peste Ador\u00e9e","description":"Chaine de cheville en pierres naturelles \"Nyx\" style boh\u00e8me en acier inoxydable, labradorite, obsidienne et oeil turc ou nazar","robots":{"index":"index","follow":"follow","max-snippet":"max-snippet:-1","max-image-preview":"max-image-preview:large","max-video-preview":"max-video-preview:-1"},"canonical":"https:\/\/www.mapesteadoree.fr\/boutique\/bijoux\/chaine-de-cheville-nyx\/","og_locale":"fr_FR","og_type":"article","og_title":"Cha\u00eene de Cheville \"Nyx\" - Ma Peste Ador\u00e9e","og_description":"Chaine de cheville en pierres naturelles \"Nyx\" style boh\u00e8me en acier inoxydable, labradorite, obsidienne et oeil turc ou nazar","og_url":"https:\/\/www.mapesteadoree.fr\/boutique\/bijoux\/chaine-de-cheville-nyx\/","og_site_name":"Ma Peste Ador\u00e9e","article_modified_time":"2025-11-13T08:22:14+00:00","og_image":[{"width":1500,"height":1500,"url":"https:\/\/www.mapesteadoree.fr\/boutique\/wp-content\/uploads\/2025\/04\/chaine-cheville-lbradorite.jpg","type":"image\/jpeg"}],"twitter_card":"summary_large_image","twitter_misc":{"Dur\u00e9e de lecture estim\u00e9e":"2 minutes"},"schema":{"@context":"https:\/\/schema.org","@graph":[{"@type":"WebPage","@id":"https:\/\/www.mapesteadoree.fr\/boutique\/bijoux\/chaine-de-cheville-nyx\/","url":"https:\/\/www.mapesteadoree.fr\/boutique\/bijoux\/chaine-de-cheville-nyx\/","name":"Cha\u00eene de Cheville \"Nyx\" - Ma Peste Ador\u00e9e","isPartOf":{"@id":"https:\/\/www.mapesteadoree.fr\/boutique\/#website"},"primaryImageOfPage":{"@id":"https:\/\/www.mapesteadoree.fr\/boutique\/bijoux\/chaine-de-cheville-nyx\/#primaryimage"},"image":{"@id":"https:\/\/www.mapesteadoree.fr\/boutique\/bijoux\/chaine-de-cheville-nyx\/#primaryimage"},"thumbnailUrl":"https:\/\/www.mapesteadoree.fr\/boutique\/wp-content\/uploads\/2025\/04\/chaine-cheville-lbradorite.jpg","datePublished":"2025-04-29T13:28:08+00:00","dateModified":"2025-11-13T08:22:14+00:00","description":"Chaine de cheville en pierres naturelles \"Nyx\" style boh\u00e8me en acier inoxydable, labradorite, obsidienne et oeil turc ou nazar","breadcrumb":{"@id":"https:\/\/www.mapesteadoree.fr\/boutique\/bijoux\/chaine-de-cheville-nyx\/#breadcrumb"},"inLanguage":"fr-FR","potentialAction":[{"@type":"ReadAction","target":["https:\/\/www.mapesteadoree.fr\/boutique\/bijoux\/chaine-de-cheville-nyx\/"]}]},{"@type":"ImageObject","inLanguage":"fr-FR","@id":"https:\/\/www.mapesteadoree.fr\/boutique\/bijoux\/chaine-de-cheville-nyx\/#primaryimage","url":"https:\/\/www.mapesteadoree.fr\/boutique\/wp-content\/uploads\/2025\/04\/chaine-cheville-lbradorite.jpg","contentUrl":"https:\/\/www.mapesteadoree.fr\/boutique\/wp-content\/uploads\/2025\/04\/chaine-cheville-lbradorite.jpg","width":1500,"height":1500,"caption":"Bracelet de cheville de protection en pierres naturelles"},{"@type":"BreadcrumbList","@id":"https:\/\/www.mapesteadoree.fr\/boutique\/bijoux\/chaine-de-cheville-nyx\/#breadcrumb","itemListElement":[{"@type":"ListItem","position":1,"name":"Accueil","item":"https:\/\/www.mapesteadoree.fr\/boutique\/"},{"@type":"ListItem","position":2,"name":"Boutique de bijoux uniques en pierres naturelles","item":"https:\/\/www.mapesteadoree.fr\/boutique\/"},{"@type":"ListItem","position":3,"name":"Cha\u00eene de Cheville \u00ab\u00a0Nyx\u00a0\u00bb"}]},{"@type":"WebSite","@id":"https:\/\/www.mapesteadoree.fr\/boutique\/#website","url":"https:\/\/www.mapesteadoree.fr\/boutique\/","name":"Ma Peste Ador\u00e9e","description":"","publisher":{"@id":"https:\/\/www.mapesteadoree.fr\/boutique\/#organization"},"potentialAction":[{"@type":"SearchAction","target":{"@type":"EntryPoint","urlTemplate":"https:\/\/www.mapesteadoree.fr\/boutique\/?s={search_term_string}"},"query-input":{"@type":"PropertyValueSpecification","valueRequired":true,"valueName":"search_term_string"}}],"inLanguage":"fr-FR"},{"@type":"Organization","@id":"https:\/\/www.mapesteadoree.fr\/boutique\/#organization","name":"Ma Peste Ador\u00e9e","url":"https:\/\/www.mapesteadoree.fr\/boutique\/","logo":{"@type":"ImageObject","inLanguage":"fr-FR","@id":"https:\/\/www.mapesteadoree.fr\/boutique\/#\/schema\/logo\/image\/","url":"https:\/\/www.mapesteadoree.fr\/boutique\/wp-content\/uploads\/2024\/10\/cropped-logo-mpa-2024.png","contentUrl":"https:\/\/www.mapesteadoree.fr\/boutique\/wp-content\/uploads\/2024\/10\/cropped-logo-mpa-2024.png","width":470,"height":110,"caption":"Ma Peste Ador\u00e9e"},"image":{"@id":"https:\/\/www.mapesteadoree.fr\/boutique\/#\/schema\/logo\/image\/"}}]}},"wcpa_form_fields":{"wcpaData":{"product":{"product_price":12,"price_html":"<span class=\"woocommerce-Price-amount amount\"><bdi>12,00&nbsp;<span class=\"woocommerce-Price-currencySymbol\">&euro;<\/span><\/bdi><\/span>","original_product_price":12,"price_including_tax":12,"price_excluding_tax":12,"product_id":{"parent":56838,"variation":false},"is_variable":false,"stock_status":"instock","stock_quantity":9,"parent_sku":"","product_attributes":[],"custom_fields":[],"is_taxable":false,"product_name":"Cha\u00eene de Cheville \"Nyx\"","hasImage":false},"fields":{"sec_56810cfa8a360e":{"extra":{"key":"sec_56810cfa8a360e","section_id":"sec_56810cfa8a360e","name":"Default","status":1,"cl_rule":"show","enableCl":false,"relations":[],"toggle":true,"title_tag":"h3","show_title":false,"showPrice":"default","form_id":56835,"form_rules":{"exclude_from_discount":false,"fee_label":"Fee","disp_hide_options_price":false,"disp_show_section_price":false,"disp_show_field_price":true,"layout_option":"standard","pric_use_as_fee":false,"process_fee_as":"woo_fee"},"layout_option":"standard"},"fields":[[{"type":"textarea","elementId":"textarea_26810cfa8a3633","label":"Pr\u00e9nom (sert \u00e0 personnaliser le livret explicatif)","pricingType":"fixed","rows":"1","name":"textarea_26810cfa8a3633","maxlength":"500","mapToCheckoutFieldParent":"billing","mapToCheckoutField":"billing_first_name","cl_rule":"show","col":3,"relations":false,"active":true,"tooltip":"","gt_translate_keys":["label","tooltip"],"price_dependency":false,"cl_dependency":false,"value":""}],[{"type":"checkbox-group","required":true,"elementId":"checkbox-group_16810cfa8a3648","label":"Choisissez la taille selon votre tour de cheville","inline":true,"priceOptions":"different_for_all","pricingType":"fixed","name":"checkbox-group_16810cfa8a3648","min_options":"1","max_options":"1","other_text":"Other","cl_rule":"show","col":6,"values":[{"label":"Fine \/ 18-19cm","value":"option-1","price":"","pimage":"","pimage_id":"","pthumb":"","tempId":"aco_33","gt_translate_keys":["label"]},{"label":"Normal \/ 20-21cm","value":"option-2","price":"","pimage":"","pimage_id":"","pthumb":"","tempId":"aco_34","gt_translate_keys":["label"]},{"label":"Forte \/ 22-23cm","value":"option-3","price":"","pimage":"","pimage_id":"","pthumb":"","tempId":"aco_35","gt_translate_keys":["label"]},{"label":"Personnalis\u00e9e","value":"option-4","price":"","pimage":"","pimage_id":"","pthumb":"","tempId":"aco_36","gt_translate_keys":["label"]}],"relations":false,"active":true,"tooltip":"","layOut":"inline","checkUi":"","error":false,"isWeightTemplate":false,"isTemplate":false,"min_quantity":"1","quantity_decimal":false,"quantity_step":"1","quantity_label":"Quantity","repeater_field_label":"{field_label}","repeater_bind":"","gt_translate_keys":["label","tooltip","repeater_field_label","quantity_label"],"price_dependency":false,"cl_dependency":["text_86810cfa8a364f"],"value":""}],[{"type":"text","elementId":"text_86810cfa8a364f","label":"Tour de cheville","description":"en centim\u00e8tres","pricingType":"fixed","name":"text_86810cfa8a364f","subtype":"text","minlength":"0","maxlength":"20","mapToCheckoutFieldParent":"billing","mapToCheckoutField":"billing_first_name","enableCl":true,"cl_rule":"show","cl_val":"option-4","col":6,"relations":[{"operator":false,"rules":[{"operator":false,"rules":{"cl_field":"checkbox-group_16810cfa8a3648","cl_relation":"is","cl_val":"option-4"}}]}],"active":true,"tooltip":"","error":false,"gt_translate_keys":["label","description","tooltip"],"price_dependency":false,"cl_dependency":false,"value":""}],[{"type":"textarea","elementId":"textarea_16810cfa8a3657","label":"Commentaire","pricingType":"fixed","rows":"4","name":"textarea_16810cfa8a3657","maxlength":"500","mapToCheckoutFieldParent":"billing","mapToCheckoutField":"billing_first_name","cl_rule":"show","col":6,"relations":false,"active":true,"tooltip":"","error":false,"gt_translate_keys":["label","tooltip"],"price_dependency":false,"cl_dependency":false,"value":""}]]}},"config":{"price_override":"","enable_recaptcha":false,"bind_quantity":false,"quantity_bind_formula":false,"disp_summ_show_option_price":true,"disp_summ_show_product_price":true,"disp_summ_show_total_price":true,"disp_summ_show_fee":false,"disp_summ_show_discount":false,"summary_title":"","options_total_label":"Prix des options","total_label":"Total","options_product_label":"Prix du bijou","fee_label":"Fee","discount_label":"Discount","has_price":true,"has_quantity_formula":false},"mc_unit":1,"tax_rate":1,"tax_rate_real":1,"discount":{"percentage":0,"fixed":0},"design":{"conf":{"LabelPosition":"above","DescPosition":"above","UploadField":"custom_1","QuantityFieldStyle":"default"},"css":{"LeftLabelWidth":"120px"}},"formulas":[],"lookuptables":[],"clones":false,"cartKey":false}},"_links":{"self":[{"href":"https:\/\/www.mapesteadoree.fr\/boutique\/wp-json\/wp\/v2\/product\/56838","targetHints":{"allow":["GET"]}}],"collection":[{"href":"https:\/\/www.mapesteadoree.fr\/boutique\/wp-json\/wp\/v2\/product"}],"about":[{"href":"https:\/\/www.mapesteadoree.fr\/boutique\/wp-json\/wp\/v2\/types\/product"}],"replies":[{"embeddable":true,"href":"https:\/\/www.mapesteadoree.fr\/boutique\/wp-json\/wp\/v2\/comments?post=56838"}],"wp:featuredmedia":[{"embeddable":true,"href":"https:\/\/www.mapesteadoree.fr\/boutique\/wp-json\/wp\/v2\/media\/56829"}],"wp:attachment":[{"href":"https:\/\/www.mapesteadoree.fr\/boutique\/wp-json\/wp\/v2\/media?parent=56838"}],"wp:term":[{"taxonomy":"product_brand","embeddable":true,"href":"https:\/\/www.mapesteadoree.fr\/boutique\/wp-json\/wp\/v2\/product_brand?post=56838"},{"taxonomy":"product_cat","embeddable":true,"href":"https:\/\/www.mapesteadoree.fr\/boutique\/wp-json\/wp\/v2\/product_cat?post=56838"},{"taxonomy":"product_tag","embeddable":true,"href":"https:\/\/www.mapesteadoree.fr\/boutique\/wp-json\/wp\/v2\/product_tag?post=56838"}],"curies":[{"name":"wp","href":"https:\/\/api.w.org\/{rel}","templated":true}]}}