{"id":56806,"date":"2025-04-29T11:41:16","date_gmt":"2025-04-29T09:41:16","guid":{"rendered":"https:\/\/www.mapesteadoree.fr\/boutique\/?post_type=product&#038;p=56806"},"modified":"2026-02-10T11:00:21","modified_gmt":"2026-02-10T10:00:21","slug":"chaine-de-cheville-solara","status":"publish","type":"product","link":"https:\/\/www.mapesteadoree.fr\/boutique\/bijoux\/chaine-de-cheville-solara\/","title":{"rendered":"Cha\u00eene de Cheville \u00ab\u00a0Solara\u00a0\u00bb"},"content":{"rendered":"<p class=\"LC20lb MBeuO DKV0Md\">\ud83e\udeac V\u00e9ritable talisman \u00e0 fleur de peau, <strong>la cha\u00eene de cheville<\/strong> <strong data-start=\"1285\" data-end=\"1295\">Solara<\/strong> est une ode \u00e0 la chaleur, \u00e0 la force int\u00e9rieure et \u00e0 l\u2019\u00e9nergie solaire.<\/p>\n<p class=\"\" data-start=\"1227\" data-end=\"1495\">R\u00e9alis\u00e9e en acier inoxydable [argent\u00e9 ou dor\u00e9] et compos\u00e9e de pierres naturelles de 4 mm, elle allie les teintes dor\u00e9es et brunes pour une \u00e9l\u00e9gance organique et lumineuse : oeil de tigre, bois fossile, pierre de soleil, citrine + perles en verres orang\u00e9es.<\/p>\n<h2 data-start=\"1227\" data-end=\"1495\">Une cha\u00eene de pied lithoth\u00e9rapie r\u00e9alis\u00e9e \u00e0 la main<\/h2>\n<p>Chaque cha\u00eene est r\u00e9alis\u00e9e \u00e0 la main et sur commande dans mon atelier de Carcassonne.<\/p>\n<ul>\n<li>Chaine fine en acier inoxydable dor\u00e9 3x2mm<\/li>\n<li>Fermoir et chainette d&rsquo;extension en acier inoxydable dor\u00e9<\/li>\n<li>Pierres naturelles 4mm mont\u00e9es sur du c\u00e2ble souple acier inox recouvert de nylon<\/li>\n<li>Perles en verres \u00e0 facettes assorties<\/li>\n<li>Petits s\u00e9parateurs entre les perles en acier inox dor\u00e9<\/li>\n<\/ul>\n<p class=\"LC20lb MBeuO DKV0Md\">\u2795 A choisir pour une chevill\u00e8re personnalis\u00e9e qui vous plait et vous va \u00e0 100%<\/p>\n<ul>\n<li>Couleur des appr\u00eats \/ acier inox ou acier inox dor\u00e9<\/li>\n<li>Taille \/ Tour de cheville<\/li>\n<\/ul>\n<h2 data-start=\"1497\" data-end=\"1533\">Cha\u00eene de cheville en \u0152il de tigre, Bois Fossile, Citrine &amp; Pierre de Soleil<\/h2>\n<p class=\"\" data-start=\"1497\" data-end=\"1533\">Chaque pierre raconte une histoire :<\/p>\n<ul data-start=\"1534\" data-end=\"1794\">\n<li class=\"\" data-start=\"1534\" data-end=\"1601\">\n<p class=\"\" data-start=\"1536\" data-end=\"1601\"><strong data-start=\"1536\" data-end=\"1554\">L\u2019\u0153il de tigre<\/strong>, pierre de protection et de confiance en soi<\/p>\n<\/li>\n<li class=\"\" data-start=\"1602\" data-end=\"1676\">\n<p class=\"\" data-start=\"1604\" data-end=\"1676\"><strong data-start=\"1604\" data-end=\"1623\">Le bois fossile<\/strong>, lien direct avec la Terre et la m\u00e9moire du vivant<\/p>\n<\/li>\n<li class=\"\" data-start=\"1677\" data-end=\"1725\">\n<p class=\"\" data-start=\"1679\" data-end=\"1725\"><strong data-start=\"1679\" data-end=\"1693\">La citrine<\/strong>, \u00e9clat de joie et d\u2019abondance<\/p>\n<\/li>\n<li class=\"\" data-start=\"1726\" data-end=\"1794\">\n<p class=\"\" data-start=\"1728\" data-end=\"1794\"><strong data-start=\"1728\" data-end=\"1751\">La pierre de soleil<\/strong>, rayonnement personnel et \u00e9nergie positive<\/p>\n<\/li>\n<\/ul>\n<p class=\"\" data-start=\"1796\" data-end=\"1900\">\u00c0 porter pieds nus ou avec des sandales dor\u00e9es, <strong data-start=\"1844\" data-end=\"1854\">Solara<\/strong> accompagne vos pas avec puissance et douceur.<\/p>\n<blockquote><p>Chaque bracelet de cheville est livr\u00e9 avec une carte personnalis\u00e9e, avec le pr\u00e9nom de la personne \u00e0 qui est destin\u00e9e le bijou, les pierres utilis\u00e9es ainsi que leurs bienfaits.<\/p><\/blockquote>\n<h3>Entretien des bijoux lithoth\u00e9rapie<\/h3>\n<p class=\"LC20lb MBeuO DKV0Md\">\u26a0\ufe0fLes bijoux en pierres naturelles n\u00e9cessitent un soin particulier<\/p>\n<p class=\"LC20lb MBeuO DKV0Md\">\ud83c\udf12 1 fois par mois, passez un coup de chiffon doux sur votre bijou, puis rechargez les pierres les soirs de pleine lune sur le rebord de votre fen\u00eatre<\/p>\n<p class=\"LC20lb MBeuO DKV0Md\">\ud83d\udebf Evitez le plus possible les douches, les bains, la piscine et l\u2019utilisation de produits abrasifs : parfum, savon, chlore, shampooing \u2026 Les pierres sont sensibles et peuvent ternir, se d\u00e9colorer voire d\u2019ab\u00eemer.<\/p>\n<p class=\"LC20lb MBeuO DKV0Md\">\ud83d\ude4f Mon conseil : mettez vos bijoux le matin, apr\u00e8s votre session douche\/maquillage\/parfum. Retirez-les le soir, avant votre bain ou douche si c\u2019est \u00e0 ce moment de la journ\u00e9e. Ainsi elles resteront belles longtemps : )<\/p>\n","protected":false},"excerpt":{"rendered":"<p><strong>Cha\u00eene de cheville \u00ab\u00a0Solara\u00a0\u00bb en acier inoxydable dor\u00e9 ou argent\u00e9 et pierres naturelles 4mm \u00e0 facettes. \u00a0R\u00e9alis\u00e9e sur mesure, selon votre mesure de tour de cheville.<\/strong><\/p>\n<blockquote><p>Solara, la chaleur du soleil au creux de la cheville : un bijou d\u2019ancrage et de lumi\u00e8re.<\/p><\/blockquote>\n","protected":false},"featured_media":56813,"comment_status":"open","ping_status":"closed","template":"","meta":[],"product_brand":[],"product_cat":[2108,26],"product_tag":[2100,2080],"class_list":{"0":"post-56806","1":"product","2":"type-product","3":"status-publish","4":"has-post-thumbnail","6":"product_cat-chaines-de-cheville","7":"product_cat-pierres-naturelles","8":"product_tag-chance","9":"product_tag-summer","10":"wcpa_has_options","12":"first","13":"instock","14":"shipping-taxable","15":"purchasable","16":"product-type-simple"},"acf":[],"yoast_head":"<!-- This site is optimized with the Yoast SEO plugin v27.6 - https:\/\/yoast.com\/product\/yoast-seo-wordpress\/ -->\n<title>Cha\u00eene de Cheville &quot;Solara&quot; - Ma Peste Ador\u00e9e<\/title>\n<meta name=\"description\" content=\"Chaine de cheville en pierres naturelles \u00e0 facettes 4 mm, &quot;Solara&quot; style boh\u00e8me en acier inoxydable, oeil de tigre, citrine, pierre de soleil\" \/>\n<meta name=\"robots\" content=\"index, follow, max-snippet:-1, max-image-preview:large, max-video-preview:-1\" \/>\n<link rel=\"canonical\" href=\"https:\/\/www.mapesteadoree.fr\/boutique\/bijoux\/chaine-de-cheville-solara\/\" \/>\n<meta property=\"og:locale\" content=\"fr_FR\" \/>\n<meta property=\"og:type\" content=\"article\" \/>\n<meta property=\"og:title\" content=\"Cha\u00eene de Cheville &quot;Solara&quot; - Ma Peste Ador\u00e9e\" \/>\n<meta property=\"og:description\" content=\"Chaine de cheville en pierres naturelles \u00e0 facettes 4 mm, &quot;Solara&quot; style boh\u00e8me en acier inoxydable, oeil de tigre, citrine, pierre de soleil\" \/>\n<meta property=\"og:url\" content=\"https:\/\/www.mapesteadoree.fr\/boutique\/bijoux\/chaine-de-cheville-solara\/\" \/>\n<meta property=\"og:site_name\" content=\"Ma Peste Ador\u00e9e\" \/>\n<meta property=\"article:modified_time\" content=\"2026-02-10T10:00:21+00:00\" \/>\n<meta property=\"og:image\" content=\"https:\/\/www.mapesteadoree.fr\/boutique\/wp-content\/uploads\/2025\/04\/chaine-cheville-solara_2.jpg\" \/>\n\t<meta property=\"og:image:width\" content=\"1500\" \/>\n\t<meta property=\"og:image:height\" content=\"1500\" \/>\n\t<meta property=\"og:image:type\" content=\"image\/jpeg\" \/>\n<meta name=\"twitter:card\" content=\"summary_large_image\" \/>\n<meta name=\"twitter:label1\" content=\"Dur\u00e9e de lecture estim\u00e9e\" \/>\n\t<meta name=\"twitter:data1\" content=\"2 minutes\" \/>\n<script type=\"application\/ld+json\" class=\"yoast-schema-graph\">{\"@context\":\"https:\\\/\\\/schema.org\",\"@graph\":[{\"@type\":\"WebPage\",\"@id\":\"https:\\\/\\\/www.mapesteadoree.fr\\\/boutique\\\/bijoux\\\/chaine-de-cheville-solara\\\/\",\"url\":\"https:\\\/\\\/www.mapesteadoree.fr\\\/boutique\\\/bijoux\\\/chaine-de-cheville-solara\\\/\",\"name\":\"Cha\u00eene de Cheville \\\"Solara\\\" - Ma Peste Ador\u00e9e\",\"isPartOf\":{\"@id\":\"https:\\\/\\\/www.mapesteadoree.fr\\\/boutique\\\/#website\"},\"primaryImageOfPage\":{\"@id\":\"https:\\\/\\\/www.mapesteadoree.fr\\\/boutique\\\/bijoux\\\/chaine-de-cheville-solara\\\/#primaryimage\"},\"image\":{\"@id\":\"https:\\\/\\\/www.mapesteadoree.fr\\\/boutique\\\/bijoux\\\/chaine-de-cheville-solara\\\/#primaryimage\"},\"thumbnailUrl\":\"https:\\\/\\\/www.mapesteadoree.fr\\\/boutique\\\/wp-content\\\/uploads\\\/2025\\\/04\\\/chaine-cheville-solara_2.jpg\",\"datePublished\":\"2025-04-29T09:41:16+00:00\",\"dateModified\":\"2026-02-10T10:00:21+00:00\",\"description\":\"Chaine de cheville en pierres naturelles \u00e0 facettes 4 mm, \\\"Solara\\\" style boh\u00e8me en acier inoxydable, oeil de tigre, citrine, pierre de soleil\",\"breadcrumb\":{\"@id\":\"https:\\\/\\\/www.mapesteadoree.fr\\\/boutique\\\/bijoux\\\/chaine-de-cheville-solara\\\/#breadcrumb\"},\"inLanguage\":\"fr-FR\",\"potentialAction\":[{\"@type\":\"ReadAction\",\"target\":[\"https:\\\/\\\/www.mapesteadoree.fr\\\/boutique\\\/bijoux\\\/chaine-de-cheville-solara\\\/\"]}]},{\"@type\":\"ImageObject\",\"inLanguage\":\"fr-FR\",\"@id\":\"https:\\\/\\\/www.mapesteadoree.fr\\\/boutique\\\/bijoux\\\/chaine-de-cheville-solara\\\/#primaryimage\",\"url\":\"https:\\\/\\\/www.mapesteadoree.fr\\\/boutique\\\/wp-content\\\/uploads\\\/2025\\\/04\\\/chaine-cheville-solara_2.jpg\",\"contentUrl\":\"https:\\\/\\\/www.mapesteadoree.fr\\\/boutique\\\/wp-content\\\/uploads\\\/2025\\\/04\\\/chaine-cheville-solara_2.jpg\",\"width\":1500,\"height\":1500,\"caption\":\"cha\u00eene de pied ou chevill\u00e9e en pierres naturelles r\u00e9alis\u00e9e sur mesure\"},{\"@type\":\"BreadcrumbList\",\"@id\":\"https:\\\/\\\/www.mapesteadoree.fr\\\/boutique\\\/bijoux\\\/chaine-de-cheville-solara\\\/#breadcrumb\",\"itemListElement\":[{\"@type\":\"ListItem\",\"position\":1,\"name\":\"Accueil\",\"item\":\"https:\\\/\\\/www.mapesteadoree.fr\\\/boutique\\\/\"},{\"@type\":\"ListItem\",\"position\":2,\"name\":\"Boutique de bijoux uniques en pierres naturelles\",\"item\":\"https:\\\/\\\/www.mapesteadoree.fr\\\/boutique\\\/\"},{\"@type\":\"ListItem\",\"position\":3,\"name\":\"Cha\u00eene de Cheville \u00ab\u00a0Solara\u00a0\u00bb\"}]},{\"@type\":\"WebSite\",\"@id\":\"https:\\\/\\\/www.mapesteadoree.fr\\\/boutique\\\/#website\",\"url\":\"https:\\\/\\\/www.mapesteadoree.fr\\\/boutique\\\/\",\"name\":\"Ma Peste Ador\u00e9e\",\"description\":\"\",\"publisher\":{\"@id\":\"https:\\\/\\\/www.mapesteadoree.fr\\\/boutique\\\/#organization\"},\"potentialAction\":[{\"@type\":\"SearchAction\",\"target\":{\"@type\":\"EntryPoint\",\"urlTemplate\":\"https:\\\/\\\/www.mapesteadoree.fr\\\/boutique\\\/?s={search_term_string}\"},\"query-input\":{\"@type\":\"PropertyValueSpecification\",\"valueRequired\":true,\"valueName\":\"search_term_string\"}}],\"inLanguage\":\"fr-FR\"},{\"@type\":\"Organization\",\"@id\":\"https:\\\/\\\/www.mapesteadoree.fr\\\/boutique\\\/#organization\",\"name\":\"Ma Peste Ador\u00e9e\",\"url\":\"https:\\\/\\\/www.mapesteadoree.fr\\\/boutique\\\/\",\"logo\":{\"@type\":\"ImageObject\",\"inLanguage\":\"fr-FR\",\"@id\":\"https:\\\/\\\/www.mapesteadoree.fr\\\/boutique\\\/#\\\/schema\\\/logo\\\/image\\\/\",\"url\":\"https:\\\/\\\/www.mapesteadoree.fr\\\/boutique\\\/wp-content\\\/uploads\\\/2024\\\/10\\\/cropped-logo-mpa-2024.png\",\"contentUrl\":\"https:\\\/\\\/www.mapesteadoree.fr\\\/boutique\\\/wp-content\\\/uploads\\\/2024\\\/10\\\/cropped-logo-mpa-2024.png\",\"width\":470,\"height\":110,\"caption\":\"Ma Peste Ador\u00e9e\"},\"image\":{\"@id\":\"https:\\\/\\\/www.mapesteadoree.fr\\\/boutique\\\/#\\\/schema\\\/logo\\\/image\\\/\"}}]}<\/script>\n<!-- \/ Yoast SEO plugin. -->","yoast_head_json":{"title":"Cha\u00eene de Cheville \"Solara\" - Ma Peste Ador\u00e9e","description":"Chaine de cheville en pierres naturelles \u00e0 facettes 4 mm, \"Solara\" style boh\u00e8me en acier inoxydable, oeil de tigre, citrine, pierre de soleil","robots":{"index":"index","follow":"follow","max-snippet":"max-snippet:-1","max-image-preview":"max-image-preview:large","max-video-preview":"max-video-preview:-1"},"canonical":"https:\/\/www.mapesteadoree.fr\/boutique\/bijoux\/chaine-de-cheville-solara\/","og_locale":"fr_FR","og_type":"article","og_title":"Cha\u00eene de Cheville \"Solara\" - Ma Peste Ador\u00e9e","og_description":"Chaine de cheville en pierres naturelles \u00e0 facettes 4 mm, \"Solara\" style boh\u00e8me en acier inoxydable, oeil de tigre, citrine, pierre de soleil","og_url":"https:\/\/www.mapesteadoree.fr\/boutique\/bijoux\/chaine-de-cheville-solara\/","og_site_name":"Ma Peste Ador\u00e9e","article_modified_time":"2026-02-10T10:00:21+00:00","og_image":[{"width":1500,"height":1500,"url":"https:\/\/www.mapesteadoree.fr\/boutique\/wp-content\/uploads\/2025\/04\/chaine-cheville-solara_2.jpg","type":"image\/jpeg"}],"twitter_card":"summary_large_image","twitter_misc":{"Dur\u00e9e de lecture estim\u00e9e":"2 minutes"},"schema":{"@context":"https:\/\/schema.org","@graph":[{"@type":"WebPage","@id":"https:\/\/www.mapesteadoree.fr\/boutique\/bijoux\/chaine-de-cheville-solara\/","url":"https:\/\/www.mapesteadoree.fr\/boutique\/bijoux\/chaine-de-cheville-solara\/","name":"Cha\u00eene de Cheville \"Solara\" - Ma Peste Ador\u00e9e","isPartOf":{"@id":"https:\/\/www.mapesteadoree.fr\/boutique\/#website"},"primaryImageOfPage":{"@id":"https:\/\/www.mapesteadoree.fr\/boutique\/bijoux\/chaine-de-cheville-solara\/#primaryimage"},"image":{"@id":"https:\/\/www.mapesteadoree.fr\/boutique\/bijoux\/chaine-de-cheville-solara\/#primaryimage"},"thumbnailUrl":"https:\/\/www.mapesteadoree.fr\/boutique\/wp-content\/uploads\/2025\/04\/chaine-cheville-solara_2.jpg","datePublished":"2025-04-29T09:41:16+00:00","dateModified":"2026-02-10T10:00:21+00:00","description":"Chaine de cheville en pierres naturelles \u00e0 facettes 4 mm, \"Solara\" style boh\u00e8me en acier inoxydable, oeil de tigre, citrine, pierre de soleil","breadcrumb":{"@id":"https:\/\/www.mapesteadoree.fr\/boutique\/bijoux\/chaine-de-cheville-solara\/#breadcrumb"},"inLanguage":"fr-FR","potentialAction":[{"@type":"ReadAction","target":["https:\/\/www.mapesteadoree.fr\/boutique\/bijoux\/chaine-de-cheville-solara\/"]}]},{"@type":"ImageObject","inLanguage":"fr-FR","@id":"https:\/\/www.mapesteadoree.fr\/boutique\/bijoux\/chaine-de-cheville-solara\/#primaryimage","url":"https:\/\/www.mapesteadoree.fr\/boutique\/wp-content\/uploads\/2025\/04\/chaine-cheville-solara_2.jpg","contentUrl":"https:\/\/www.mapesteadoree.fr\/boutique\/wp-content\/uploads\/2025\/04\/chaine-cheville-solara_2.jpg","width":1500,"height":1500,"caption":"cha\u00eene de pied ou chevill\u00e9e en pierres naturelles r\u00e9alis\u00e9e sur mesure"},{"@type":"BreadcrumbList","@id":"https:\/\/www.mapesteadoree.fr\/boutique\/bijoux\/chaine-de-cheville-solara\/#breadcrumb","itemListElement":[{"@type":"ListItem","position":1,"name":"Accueil","item":"https:\/\/www.mapesteadoree.fr\/boutique\/"},{"@type":"ListItem","position":2,"name":"Boutique de bijoux uniques en pierres naturelles","item":"https:\/\/www.mapesteadoree.fr\/boutique\/"},{"@type":"ListItem","position":3,"name":"Cha\u00eene de Cheville \u00ab\u00a0Solara\u00a0\u00bb"}]},{"@type":"WebSite","@id":"https:\/\/www.mapesteadoree.fr\/boutique\/#website","url":"https:\/\/www.mapesteadoree.fr\/boutique\/","name":"Ma Peste Ador\u00e9e","description":"","publisher":{"@id":"https:\/\/www.mapesteadoree.fr\/boutique\/#organization"},"potentialAction":[{"@type":"SearchAction","target":{"@type":"EntryPoint","urlTemplate":"https:\/\/www.mapesteadoree.fr\/boutique\/?s={search_term_string}"},"query-input":{"@type":"PropertyValueSpecification","valueRequired":true,"valueName":"search_term_string"}}],"inLanguage":"fr-FR"},{"@type":"Organization","@id":"https:\/\/www.mapesteadoree.fr\/boutique\/#organization","name":"Ma Peste Ador\u00e9e","url":"https:\/\/www.mapesteadoree.fr\/boutique\/","logo":{"@type":"ImageObject","inLanguage":"fr-FR","@id":"https:\/\/www.mapesteadoree.fr\/boutique\/#\/schema\/logo\/image\/","url":"https:\/\/www.mapesteadoree.fr\/boutique\/wp-content\/uploads\/2024\/10\/cropped-logo-mpa-2024.png","contentUrl":"https:\/\/www.mapesteadoree.fr\/boutique\/wp-content\/uploads\/2024\/10\/cropped-logo-mpa-2024.png","width":470,"height":110,"caption":"Ma Peste Ador\u00e9e"},"image":{"@id":"https:\/\/www.mapesteadoree.fr\/boutique\/#\/schema\/logo\/image\/"}}]}},"wcpa_form_fields":{"wcpaData":{"product":{"product_price":19,"price_html":"<span class=\"woocommerce-Price-amount amount\"><bdi>19,00&nbsp;<span class=\"woocommerce-Price-currencySymbol\">&euro;<\/span><\/bdi><\/span>","original_product_price":19,"price_including_tax":19,"price_excluding_tax":19,"product_id":{"parent":56806,"variation":false},"is_variable":false,"stock_status":"instock","stock_quantity":9,"parent_sku":"","product_attributes":[],"custom_fields":[],"is_taxable":false,"product_name":"Cha\u00eene de Cheville \"Solara\"","hasImage":false},"fields":{"sec_96810a970be02e":{"extra":{"key":"sec_96810a970be02e","section_id":"sec_96810a970be02e","name":"Default","status":1,"cl_rule":"show","enableCl":false,"relations":[],"toggle":true,"title_tag":"h3","show_title":false,"showPrice":"default","form_id":56814,"form_rules":{"exclude_from_discount":false,"fee_label":"Fee","disp_hide_options_price":false,"disp_show_section_price":false,"disp_show_field_price":true,"layout_option":"standard","pric_use_as_fee":false,"process_fee_as":"woo_fee"},"layout_option":"standard"},"fields":[[{"type":"textarea","elementId":"textarea_56810a970be04d","label":"Pr\u00e9nom (sert \u00e0 personnaliser le livret explicatif)","pricingType":"fixed","rows":"1","name":"textarea_56810a970be04d","maxlength":"500","mapToCheckoutFieldParent":"billing","mapToCheckoutField":"billing_first_name","cl_rule":"show","col":3,"relations":false,"active":true,"tooltip":"","gt_translate_keys":["label","tooltip"],"price_dependency":false,"cl_dependency":false,"value":""}],[{"active":true,"col":6,"relations":false,"cl_rule":"show","enableCl":false,"price":"","enablePrice":false,"className":"","label_position":"default","desc_position":"default","type":"select","required":true,"elementId":"select_56810a970be05b","label":"Couleur des appr\u00eats","name":"select_56810a970be05b","values":[{"label":"Couleur argent","value":"Option - 1","selected":false,"tempId":"aco_4424","gt_translate_keys":["label"]},{"label":"Couleur or","value":"Option - 2","selected":false,"tempId":"aco_4425","gt_translate_keys":["label"]}],"dropdown_type":"basic","error":false,"gt_translate_keys":["label"],"price_dependency":false,"cl_dependency":false,"value":""}],[{"type":"checkbox-group","required":true,"elementId":"checkbox-group_96810a970be09f","label":"Choisissez la taille selon votre tour de cheville","inline":true,"priceOptions":"different_for_all","pricingType":"fixed","name":"checkbox-group_96810a970be09f","min_options":"1","max_options":"1","other_text":"Other","cl_rule":"show","col":6,"values":[{"label":"Fine \/ 18-19 cm","value":"option-1","price":"","pimage":"","pimage_id":"","pthumb":"","tempId":"aco_33","gt_translate_keys":["label"]},{"label":"Normal \/20-21 cm","value":"option-2","price":"","pimage":"","pimage_id":"","pthumb":"","tempId":"aco_34","gt_translate_keys":["label"]},{"label":"Forte \/22-23cm","value":"option-3","price":"","pimage":"","pimage_id":"","pthumb":"","tempId":"aco_35","gt_translate_keys":["label"]},{"label":"Personnalis\u00e9e","value":"option-4","price":"","pimage":"","pimage_id":"","pthumb":"","tempId":"aco_36","gt_translate_keys":["label"]}],"relations":false,"active":true,"tooltip":"","layOut":"inline","checkUi":"","error":false,"isWeightTemplate":false,"isTemplate":false,"min_quantity":"1","quantity_decimal":false,"quantity_step":"1","quantity_label":"Quantity","repeater_field_label":"{field_label}","repeater_bind":"","gt_translate_keys":["label","tooltip","repeater_field_label","quantity_label"],"price_dependency":false,"cl_dependency":["text_56810a970be0a2"],"value":""}],[{"type":"text","elementId":"text_56810a970be0a2","label":"Tour de cheville","description":"en centim\u00e8tres","pricingType":"fixed","name":"text_56810a970be0a2","subtype":"text","minlength":"0","maxlength":"20","mapToCheckoutFieldParent":"billing","mapToCheckoutField":"billing_first_name","enableCl":true,"cl_rule":"show","cl_val":"option-4","col":6,"relations":[{"operator":false,"rules":[{"operator":false,"rules":{"cl_field":"checkbox-group_96810a970be09f","cl_relation":"is","cl_val":"option-4"}}]}],"active":true,"tooltip":"","error":false,"gt_translate_keys":["label","description","tooltip"],"price_dependency":false,"cl_dependency":false,"value":""}],[{"type":"textarea","elementId":"textarea_76810a970be0a7","label":"Commentaire","pricingType":"fixed","rows":"4","name":"textarea_76810a970be0a7","maxlength":"500","mapToCheckoutFieldParent":"billing","mapToCheckoutField":"billing_first_name","cl_rule":"show","col":6,"relations":false,"active":true,"tooltip":"","error":false,"gt_translate_keys":["label","tooltip"],"price_dependency":false,"cl_dependency":false,"value":""}]]}},"config":{"price_override":"","enable_recaptcha":false,"bind_quantity":false,"quantity_bind_formula":false,"disp_summ_show_option_price":true,"disp_summ_show_product_price":true,"disp_summ_show_total_price":true,"disp_summ_show_fee":false,"disp_summ_show_discount":false,"summary_title":"","options_total_label":"Prix des options","total_label":"Total","options_product_label":"Prix du bijou","fee_label":"Fee","discount_label":"Discount","has_price":true,"has_quantity_formula":false},"mc_unit":1,"tax_rate":1,"tax_rate_real":1,"discount":{"percentage":0,"fixed":0},"design":{"conf":{"LabelPosition":"above","DescPosition":"above","UploadField":"custom_1","QuantityFieldStyle":"default"},"css":{"LeftLabelWidth":"120px"}},"formulas":[],"lookuptables":[],"clones":false,"cartKey":false}},"_links":{"self":[{"href":"https:\/\/www.mapesteadoree.fr\/boutique\/wp-json\/wp\/v2\/product\/56806","targetHints":{"allow":["GET"]}}],"collection":[{"href":"https:\/\/www.mapesteadoree.fr\/boutique\/wp-json\/wp\/v2\/product"}],"about":[{"href":"https:\/\/www.mapesteadoree.fr\/boutique\/wp-json\/wp\/v2\/types\/product"}],"replies":[{"embeddable":true,"href":"https:\/\/www.mapesteadoree.fr\/boutique\/wp-json\/wp\/v2\/comments?post=56806"}],"wp:featuredmedia":[{"embeddable":true,"href":"https:\/\/www.mapesteadoree.fr\/boutique\/wp-json\/wp\/v2\/media\/56813"}],"wp:attachment":[{"href":"https:\/\/www.mapesteadoree.fr\/boutique\/wp-json\/wp\/v2\/media?parent=56806"}],"wp:term":[{"taxonomy":"product_brand","embeddable":true,"href":"https:\/\/www.mapesteadoree.fr\/boutique\/wp-json\/wp\/v2\/product_brand?post=56806"},{"taxonomy":"product_cat","embeddable":true,"href":"https:\/\/www.mapesteadoree.fr\/boutique\/wp-json\/wp\/v2\/product_cat?post=56806"},{"taxonomy":"product_tag","embeddable":true,"href":"https:\/\/www.mapesteadoree.fr\/boutique\/wp-json\/wp\/v2\/product_tag?post=56806"}],"curies":[{"name":"wp","href":"https:\/\/api.w.org\/{rel}","templated":true}]}}