{"id":56802,"date":"2025-04-29T11:13:21","date_gmt":"2025-04-29T09:13:21","guid":{"rendered":"https:\/\/www.mapesteadoree.fr\/boutique\/?post_type=product&#038;p=56802"},"modified":"2025-11-02T10:32:53","modified_gmt":"2025-11-02T09:32:53","slug":"boucles-doreilles-solstice","status":"publish","type":"product","link":"https:\/\/www.mapesteadoree.fr\/boutique\/bijoux\/boucles-doreilles-solstice\/","title":{"rendered":"Boucles d&rsquo;oreilles Solstice"},"content":{"rendered":"<p>J&rsquo;ai imagin\u00e9 ces boucles d&rsquo;oreilles tr\u00e8s graphiques, modernes et a\u00e9riennes, avec une structure qui rappelle un \u00e9ventail solaire soulign\u00e9 par des petites pierres bleues en cascade. Elles sont compos\u00e9es d&rsquo;aigue marine, de lapis lazuli et d&rsquo;apatite, des <a href=\"https:\/\/www.mapesteadoree.fr\/boutique\/bijoux\/bracelet-femme-chakra-de-la-gorge-4mm\/\">pierres bleues associ\u00e9es au chakra de la gorge<\/a>.<\/p>\n<h2>Des boucles d&rsquo;oreilles lithoth\u00e9rapie bleues mer<\/h2>\n<p class=\"LC20lb MBeuO DKV0Md\">\u2b50 Rayonnantes et fluides, les boucles Solstice capturent l\u2019\u00e9nergie du ciel et de la mer&#8230;.<\/p>\n<ul>\n<li>Longueur de chaque boucle : environ 8cm<\/li>\n<li>Perles d&rsquo;aigue marine en losange<\/li>\n<li>3 petites perles \u00e0 facettes 4mm de lapis lazuli, aigue marine et apatite<\/li>\n<li>Breloques \u00e9ventail ou rayons de soleil en acier inoxydable<\/li>\n<li>Crochets d&rsquo;oreilles de type hame\u00e7ons en acier inox<\/li>\n<\/ul>\n<p><strong>Chaque paire est r\u00e9alis\u00e9e \u00e0 la main et sur mesure : )<\/strong><\/p>\n<h2>L&rsquo;association magiques des pierres bleues<\/h2>\n<p><span style=\"font-size: 16px;\">\ud83d\udc8e Clart\u00e9, fluidit\u00e9, intuition : ces boucles sont une ode \u00e0 l\u2019expression de soi.<\/span><\/p>\n<ul data-start=\"499\" data-end=\"738\">\n<li class=\"\" style=\"list-style-type: none;\" data-start=\"499\" data-end=\"611\">\n<ul data-start=\"394\" data-end=\"653\">\n<li class=\"\" data-start=\"394\" data-end=\"486\">\n<p class=\"\" data-start=\"396\" data-end=\"486\"><strong data-start=\"396\" data-end=\"414\">L\u2019aigue-marine<\/strong>, douce et fluide, \u00e9voque la mer et favorise la communication sereine.<\/p>\n<\/li>\n<li class=\"\" data-start=\"487\" data-end=\"573\">\n<p class=\"\" data-start=\"489\" data-end=\"573\"><strong data-start=\"489\" data-end=\"508\">Le lapis lazuli<\/strong>, profond et c\u00e9leste, stimule l\u2019intuition et la clart\u00e9 mentale.<\/p>\n<\/li>\n<li class=\"\" data-start=\"574\" data-end=\"653\">\n<p class=\"\" data-start=\"576\" data-end=\"653\"><strong data-start=\"576\" data-end=\"589\">L\u2019apatite<\/strong>, vibrante, dynamise l\u2019expression personnelle et l\u2019\u00e9lan cr\u00e9atif.<\/p>\n<\/li>\n<\/ul>\n<p class=\"\" data-start=\"655\" data-end=\"772\">Un bijou \u00e9quilibr\u00e9 entre force et l\u00e9g\u00e8ret\u00e9, \u00e0 porter comme un talisman d\u2019harmonie int\u00e9rieure et d\u2019\u00e9l\u00e9gance naturelle.<\/p>\n<\/li>\n<\/ul>\n<blockquote><p>Chaque paire est livr\u00e9e avec une carte personnalis\u00e9e, avec le pr\u00e9nom de la personne \u00e0 qui est destin\u00e9e le bijou, les pierres utilis\u00e9es ainsi que leurs bienfaits.<\/p><\/blockquote>\n<h3>Entretien des bijoux lithoth\u00e9rapie<\/h3>\n<p class=\"LC20lb MBeuO DKV0Md\">\u26a0\ufe0fLes bijoux en pierres naturelles n\u00e9cessitent un soin particulier<\/p>\n<p class=\"LC20lb MBeuO DKV0Md\">\ud83c\udf12 1 fois par mois, passez un coup de chiffon doux sur votre bijou, puis rechargez les pierres les sois de pleine lune sur le rebord de votre fen\u00eatre<\/p>\n<p class=\"LC20lb MBeuO DKV0Md\">\ud83d\udebf Evitez le plus possible les douches, les bains, la piscine et l&rsquo;utilisation de produits abrasifs : parfum, savon, chlore, shampooing &#8230; Les pierres sont sensibles et peuvent ternir, se d\u00e9colorer voire d&rsquo;ab\u00eemer.<\/p>\n<p class=\"LC20lb MBeuO DKV0Md\">\ud83d\ude4f Mon conseil : mettez vos bijoux le matin, apr\u00e8s votre session douche\/maquillage\/parfum. Retirez-les le soir, avant votre bain ou douche si c&rsquo;est \u00e0 ce moment de la journ\u00e9e. Ainsi elles resteront belles longtemps : )<\/p>\n","protected":false},"excerpt":{"rendered":"<p class=\"LC20lb MBeuO DKV0Md\">\u2600\ufe0f\u00a0<strong>Les boucles d&rsquo;oreilles \u00ab\u00a0Solstice\u00a0\u00bb font rayonner les nuances bleues de l\u2019aigue-marine, du lapis lazuli et de l\u2019apatite.<\/strong><\/p>\n<p>Elles sont r\u00e9alis\u00e9es \u00e0 la main, en acier inoxydable et pierres naturelles.<\/p>\n<p>&nbsp;<\/p>\n","protected":false},"featured_media":56803,"comment_status":"open","ping_status":"closed","template":"","meta":[],"product_brand":[],"product_cat":[22,2081,26],"product_tag":[],"class_list":{"0":"post-56802","1":"product","2":"type-product","3":"status-publish","4":"has-post-thumbnail","6":"product_cat-bijoux-femmes","7":"product_cat-boucles-doreilles","8":"product_cat-pierres-naturelles","10":"first","11":"instock","12":"shipping-taxable","13":"purchasable","14":"product-type-simple"},"acf":[],"yoast_head":"<!-- This site is optimized with the Yoast SEO plugin v27.6 - https:\/\/yoast.com\/product\/yoast-seo-wordpress\/ -->\n<title>Boucles d&#039;oreilles Solstice - Ma Peste Ador\u00e9e<\/title>\n<meta name=\"description\" content=\"D\u00e9couvrez les boucles d&#039;oreilles originales &quot;Solstice&quot;, une paire l\u00e9g\u00e8re en acier inoxydable et pierres bleues : aigue marine, lapis lazuli et apatite\" \/>\n<meta name=\"robots\" content=\"index, follow, max-snippet:-1, max-image-preview:large, max-video-preview:-1\" \/>\n<link rel=\"canonical\" href=\"https:\/\/www.mapesteadoree.fr\/boutique\/bijoux\/boucles-doreilles-solstice\/\" \/>\n<meta property=\"og:locale\" content=\"fr_FR\" \/>\n<meta property=\"og:type\" content=\"article\" \/>\n<meta property=\"og:title\" content=\"Boucles d&#039;oreilles Solstice - Ma Peste Ador\u00e9e\" \/>\n<meta property=\"og:description\" content=\"D\u00e9couvrez les boucles d&#039;oreilles originales &quot;Solstice&quot;, une paire l\u00e9g\u00e8re en acier inoxydable et pierres bleues : aigue marine, lapis lazuli et apatite\" \/>\n<meta property=\"og:url\" content=\"https:\/\/www.mapesteadoree.fr\/boutique\/bijoux\/boucles-doreilles-solstice\/\" \/>\n<meta property=\"og:site_name\" content=\"Ma Peste Ador\u00e9e\" \/>\n<meta property=\"article:modified_time\" content=\"2025-11-02T09:32:53+00:00\" \/>\n<meta property=\"og:image\" content=\"https:\/\/www.mapesteadoree.fr\/boutique\/wp-content\/uploads\/2025\/04\/boucles-acier-inox-aigue-marine.jpg\" \/>\n\t<meta property=\"og:image:width\" content=\"1500\" \/>\n\t<meta property=\"og:image:height\" content=\"1500\" \/>\n\t<meta property=\"og:image:type\" content=\"image\/jpeg\" \/>\n<meta name=\"twitter:card\" content=\"summary_large_image\" \/>\n<meta name=\"twitter:label1\" content=\"Dur\u00e9e de lecture estim\u00e9e\" \/>\n\t<meta name=\"twitter:data1\" content=\"2 minutes\" \/>\n<script type=\"application\/ld+json\" class=\"yoast-schema-graph\">{\"@context\":\"https:\\\/\\\/schema.org\",\"@graph\":[{\"@type\":\"WebPage\",\"@id\":\"https:\\\/\\\/www.mapesteadoree.fr\\\/boutique\\\/bijoux\\\/boucles-doreilles-solstice\\\/\",\"url\":\"https:\\\/\\\/www.mapesteadoree.fr\\\/boutique\\\/bijoux\\\/boucles-doreilles-solstice\\\/\",\"name\":\"Boucles d'oreilles Solstice - Ma Peste Ador\u00e9e\",\"isPartOf\":{\"@id\":\"https:\\\/\\\/www.mapesteadoree.fr\\\/boutique\\\/#website\"},\"primaryImageOfPage\":{\"@id\":\"https:\\\/\\\/www.mapesteadoree.fr\\\/boutique\\\/bijoux\\\/boucles-doreilles-solstice\\\/#primaryimage\"},\"image\":{\"@id\":\"https:\\\/\\\/www.mapesteadoree.fr\\\/boutique\\\/bijoux\\\/boucles-doreilles-solstice\\\/#primaryimage\"},\"thumbnailUrl\":\"https:\\\/\\\/www.mapesteadoree.fr\\\/boutique\\\/wp-content\\\/uploads\\\/2025\\\/04\\\/boucles-acier-inox-aigue-marine.jpg\",\"datePublished\":\"2025-04-29T09:13:21+00:00\",\"dateModified\":\"2025-11-02T09:32:53+00:00\",\"description\":\"D\u00e9couvrez les boucles d'oreilles originales \\\"Solstice\\\", une paire l\u00e9g\u00e8re en acier inoxydable et pierres bleues : aigue marine, lapis lazuli et apatite\",\"breadcrumb\":{\"@id\":\"https:\\\/\\\/www.mapesteadoree.fr\\\/boutique\\\/bijoux\\\/boucles-doreilles-solstice\\\/#breadcrumb\"},\"inLanguage\":\"fr-FR\",\"potentialAction\":[{\"@type\":\"ReadAction\",\"target\":[\"https:\\\/\\\/www.mapesteadoree.fr\\\/boutique\\\/bijoux\\\/boucles-doreilles-solstice\\\/\"]}]},{\"@type\":\"ImageObject\",\"inLanguage\":\"fr-FR\",\"@id\":\"https:\\\/\\\/www.mapesteadoree.fr\\\/boutique\\\/bijoux\\\/boucles-doreilles-solstice\\\/#primaryimage\",\"url\":\"https:\\\/\\\/www.mapesteadoree.fr\\\/boutique\\\/wp-content\\\/uploads\\\/2025\\\/04\\\/boucles-acier-inox-aigue-marine.jpg\",\"contentUrl\":\"https:\\\/\\\/www.mapesteadoree.fr\\\/boutique\\\/wp-content\\\/uploads\\\/2025\\\/04\\\/boucles-acier-inox-aigue-marine.jpg\",\"width\":1500,\"height\":1500,\"caption\":\"Boucles d'oreilles avec perles bleues \\\"solstice\\\"\"},{\"@type\":\"BreadcrumbList\",\"@id\":\"https:\\\/\\\/www.mapesteadoree.fr\\\/boutique\\\/bijoux\\\/boucles-doreilles-solstice\\\/#breadcrumb\",\"itemListElement\":[{\"@type\":\"ListItem\",\"position\":1,\"name\":\"Accueil\",\"item\":\"https:\\\/\\\/www.mapesteadoree.fr\\\/boutique\\\/\"},{\"@type\":\"ListItem\",\"position\":2,\"name\":\"Boutique de bijoux uniques en pierres naturelles\",\"item\":\"https:\\\/\\\/www.mapesteadoree.fr\\\/boutique\\\/\"},{\"@type\":\"ListItem\",\"position\":3,\"name\":\"Boucles d&rsquo;oreilles Solstice\"}]},{\"@type\":\"WebSite\",\"@id\":\"https:\\\/\\\/www.mapesteadoree.fr\\\/boutique\\\/#website\",\"url\":\"https:\\\/\\\/www.mapesteadoree.fr\\\/boutique\\\/\",\"name\":\"Ma Peste Ador\u00e9e\",\"description\":\"\",\"publisher\":{\"@id\":\"https:\\\/\\\/www.mapesteadoree.fr\\\/boutique\\\/#organization\"},\"potentialAction\":[{\"@type\":\"SearchAction\",\"target\":{\"@type\":\"EntryPoint\",\"urlTemplate\":\"https:\\\/\\\/www.mapesteadoree.fr\\\/boutique\\\/?s={search_term_string}\"},\"query-input\":{\"@type\":\"PropertyValueSpecification\",\"valueRequired\":true,\"valueName\":\"search_term_string\"}}],\"inLanguage\":\"fr-FR\"},{\"@type\":\"Organization\",\"@id\":\"https:\\\/\\\/www.mapesteadoree.fr\\\/boutique\\\/#organization\",\"name\":\"Ma Peste Ador\u00e9e\",\"url\":\"https:\\\/\\\/www.mapesteadoree.fr\\\/boutique\\\/\",\"logo\":{\"@type\":\"ImageObject\",\"inLanguage\":\"fr-FR\",\"@id\":\"https:\\\/\\\/www.mapesteadoree.fr\\\/boutique\\\/#\\\/schema\\\/logo\\\/image\\\/\",\"url\":\"https:\\\/\\\/www.mapesteadoree.fr\\\/boutique\\\/wp-content\\\/uploads\\\/2024\\\/10\\\/cropped-logo-mpa-2024.png\",\"contentUrl\":\"https:\\\/\\\/www.mapesteadoree.fr\\\/boutique\\\/wp-content\\\/uploads\\\/2024\\\/10\\\/cropped-logo-mpa-2024.png\",\"width\":470,\"height\":110,\"caption\":\"Ma Peste Ador\u00e9e\"},\"image\":{\"@id\":\"https:\\\/\\\/www.mapesteadoree.fr\\\/boutique\\\/#\\\/schema\\\/logo\\\/image\\\/\"}}]}<\/script>\n<!-- \/ Yoast SEO plugin. -->","yoast_head_json":{"title":"Boucles d'oreilles Solstice - Ma Peste Ador\u00e9e","description":"D\u00e9couvrez les boucles d'oreilles originales \"Solstice\", une paire l\u00e9g\u00e8re en acier inoxydable et pierres bleues : aigue marine, lapis lazuli et apatite","robots":{"index":"index","follow":"follow","max-snippet":"max-snippet:-1","max-image-preview":"max-image-preview:large","max-video-preview":"max-video-preview:-1"},"canonical":"https:\/\/www.mapesteadoree.fr\/boutique\/bijoux\/boucles-doreilles-solstice\/","og_locale":"fr_FR","og_type":"article","og_title":"Boucles d'oreilles Solstice - Ma Peste Ador\u00e9e","og_description":"D\u00e9couvrez les boucles d'oreilles originales \"Solstice\", une paire l\u00e9g\u00e8re en acier inoxydable et pierres bleues : aigue marine, lapis lazuli et apatite","og_url":"https:\/\/www.mapesteadoree.fr\/boutique\/bijoux\/boucles-doreilles-solstice\/","og_site_name":"Ma Peste Ador\u00e9e","article_modified_time":"2025-11-02T09:32:53+00:00","og_image":[{"width":1500,"height":1500,"url":"https:\/\/www.mapesteadoree.fr\/boutique\/wp-content\/uploads\/2025\/04\/boucles-acier-inox-aigue-marine.jpg","type":"image\/jpeg"}],"twitter_card":"summary_large_image","twitter_misc":{"Dur\u00e9e de lecture estim\u00e9e":"2 minutes"},"schema":{"@context":"https:\/\/schema.org","@graph":[{"@type":"WebPage","@id":"https:\/\/www.mapesteadoree.fr\/boutique\/bijoux\/boucles-doreilles-solstice\/","url":"https:\/\/www.mapesteadoree.fr\/boutique\/bijoux\/boucles-doreilles-solstice\/","name":"Boucles d'oreilles Solstice - Ma Peste Ador\u00e9e","isPartOf":{"@id":"https:\/\/www.mapesteadoree.fr\/boutique\/#website"},"primaryImageOfPage":{"@id":"https:\/\/www.mapesteadoree.fr\/boutique\/bijoux\/boucles-doreilles-solstice\/#primaryimage"},"image":{"@id":"https:\/\/www.mapesteadoree.fr\/boutique\/bijoux\/boucles-doreilles-solstice\/#primaryimage"},"thumbnailUrl":"https:\/\/www.mapesteadoree.fr\/boutique\/wp-content\/uploads\/2025\/04\/boucles-acier-inox-aigue-marine.jpg","datePublished":"2025-04-29T09:13:21+00:00","dateModified":"2025-11-02T09:32:53+00:00","description":"D\u00e9couvrez les boucles d'oreilles originales \"Solstice\", une paire l\u00e9g\u00e8re en acier inoxydable et pierres bleues : aigue marine, lapis lazuli et apatite","breadcrumb":{"@id":"https:\/\/www.mapesteadoree.fr\/boutique\/bijoux\/boucles-doreilles-solstice\/#breadcrumb"},"inLanguage":"fr-FR","potentialAction":[{"@type":"ReadAction","target":["https:\/\/www.mapesteadoree.fr\/boutique\/bijoux\/boucles-doreilles-solstice\/"]}]},{"@type":"ImageObject","inLanguage":"fr-FR","@id":"https:\/\/www.mapesteadoree.fr\/boutique\/bijoux\/boucles-doreilles-solstice\/#primaryimage","url":"https:\/\/www.mapesteadoree.fr\/boutique\/wp-content\/uploads\/2025\/04\/boucles-acier-inox-aigue-marine.jpg","contentUrl":"https:\/\/www.mapesteadoree.fr\/boutique\/wp-content\/uploads\/2025\/04\/boucles-acier-inox-aigue-marine.jpg","width":1500,"height":1500,"caption":"Boucles d'oreilles avec perles bleues \"solstice\""},{"@type":"BreadcrumbList","@id":"https:\/\/www.mapesteadoree.fr\/boutique\/bijoux\/boucles-doreilles-solstice\/#breadcrumb","itemListElement":[{"@type":"ListItem","position":1,"name":"Accueil","item":"https:\/\/www.mapesteadoree.fr\/boutique\/"},{"@type":"ListItem","position":2,"name":"Boutique de bijoux uniques en pierres naturelles","item":"https:\/\/www.mapesteadoree.fr\/boutique\/"},{"@type":"ListItem","position":3,"name":"Boucles d&rsquo;oreilles Solstice"}]},{"@type":"WebSite","@id":"https:\/\/www.mapesteadoree.fr\/boutique\/#website","url":"https:\/\/www.mapesteadoree.fr\/boutique\/","name":"Ma Peste Ador\u00e9e","description":"","publisher":{"@id":"https:\/\/www.mapesteadoree.fr\/boutique\/#organization"},"potentialAction":[{"@type":"SearchAction","target":{"@type":"EntryPoint","urlTemplate":"https:\/\/www.mapesteadoree.fr\/boutique\/?s={search_term_string}"},"query-input":{"@type":"PropertyValueSpecification","valueRequired":true,"valueName":"search_term_string"}}],"inLanguage":"fr-FR"},{"@type":"Organization","@id":"https:\/\/www.mapesteadoree.fr\/boutique\/#organization","name":"Ma Peste Ador\u00e9e","url":"https:\/\/www.mapesteadoree.fr\/boutique\/","logo":{"@type":"ImageObject","inLanguage":"fr-FR","@id":"https:\/\/www.mapesteadoree.fr\/boutique\/#\/schema\/logo\/image\/","url":"https:\/\/www.mapesteadoree.fr\/boutique\/wp-content\/uploads\/2024\/10\/cropped-logo-mpa-2024.png","contentUrl":"https:\/\/www.mapesteadoree.fr\/boutique\/wp-content\/uploads\/2024\/10\/cropped-logo-mpa-2024.png","width":470,"height":110,"caption":"Ma Peste Ador\u00e9e"},"image":{"@id":"https:\/\/www.mapesteadoree.fr\/boutique\/#\/schema\/logo\/image\/"}}]}},"wcpa_form_fields":null,"_links":{"self":[{"href":"https:\/\/www.mapesteadoree.fr\/boutique\/wp-json\/wp\/v2\/product\/56802","targetHints":{"allow":["GET"]}}],"collection":[{"href":"https:\/\/www.mapesteadoree.fr\/boutique\/wp-json\/wp\/v2\/product"}],"about":[{"href":"https:\/\/www.mapesteadoree.fr\/boutique\/wp-json\/wp\/v2\/types\/product"}],"replies":[{"embeddable":true,"href":"https:\/\/www.mapesteadoree.fr\/boutique\/wp-json\/wp\/v2\/comments?post=56802"}],"wp:featuredmedia":[{"embeddable":true,"href":"https:\/\/www.mapesteadoree.fr\/boutique\/wp-json\/wp\/v2\/media\/56803"}],"wp:attachment":[{"href":"https:\/\/www.mapesteadoree.fr\/boutique\/wp-json\/wp\/v2\/media?parent=56802"}],"wp:term":[{"taxonomy":"product_brand","embeddable":true,"href":"https:\/\/www.mapesteadoree.fr\/boutique\/wp-json\/wp\/v2\/product_brand?post=56802"},{"taxonomy":"product_cat","embeddable":true,"href":"https:\/\/www.mapesteadoree.fr\/boutique\/wp-json\/wp\/v2\/product_cat?post=56802"},{"taxonomy":"product_tag","embeddable":true,"href":"https:\/\/www.mapesteadoree.fr\/boutique\/wp-json\/wp\/v2\/product_tag?post=56802"}],"curies":[{"name":"wp","href":"https:\/\/api.w.org\/{rel}","templated":true}]}}