{"id":56797,"date":"2025-04-29T10:57:48","date_gmt":"2025-04-29T08:57:48","guid":{"rendered":"https:\/\/www.mapesteadoree.fr\/boutique\/?post_type=product&#038;p=56797"},"modified":"2025-11-13T09:23:10","modified_gmt":"2025-11-13T08:23:10","slug":"boucles-doreilles-scarabee","status":"publish","type":"product","link":"https:\/\/www.mapesteadoree.fr\/boutique\/bijoux\/boucles-doreilles-scarabee\/","title":{"rendered":"Boucles d&rsquo;oreilles Soleil Bleu"},"content":{"rendered":"<p>Symbole de sagesse et de protection, cette paire de boucles d\u2019oreilles que j&rsquo;ai nomm\u00e9e \u00ab\u00a0Soleil Bleu\u00a0\u00bb associe l\u2019intensit\u00e9 du <strong data-start=\"289\" data-end=\"305\">lapis lazuli<\/strong>, pierre de v\u00e9rit\u00e9 et d\u2019intuition, \u00e0 la puissance symbolique du <strong data-start=\"369\" data-end=\"381\">scarab\u00e9e<\/strong>, porte-bonheur ancestral li\u00e9 \u00e0 la renaissance et \u00e0 la transformation.<\/p>\n<h2>Des boucles d&rsquo;oreilles lithoth\u00e9rapie uniques<\/h2>\n<p class=\"LC20lb MBeuO DKV0Md\">\u2b50 Cette paire de boucles d&rsquo;oreille sur le th\u00e8me de l&rsquo;Egypte est discr\u00e8te et en m\u00eame temps super originale avec ses petits scarab\u00e9es dor\u00e9s :<\/p>\n<ul>\n<li>Longueur de chaque boucle : environ 5cm<\/li>\n<li>Perles de Lapis Lazuli 8mm de diam\u00e8tre<\/li>\n<li>Breloques Scarab\u00e9es, avec plein de d\u00e9tails, en gold filled<\/li>\n<li>Crochets d&rsquo;oreilles de type hame\u00e7ons en acier inox dor\u00e9<\/li>\n<\/ul>\n<p><strong>Chaque paire est r\u00e9alis\u00e9e \u00e0 la main et sur mesure : )<\/strong><\/p>\n<h2>Un bijou avec les symboles de l&rsquo;Egypte ancienne<\/h2>\n<p class=\"LC20lb MBeuO DKV0Md\">\ud83d\udc8e Ces boucles d&rsquo;oreilles convoquent force int\u00e9rieure, sagesse et protection :<\/p>\n<ul data-start=\"499\" data-end=\"738\">\n<li class=\"\" data-start=\"499\" data-end=\"611\">\n<p class=\"\" data-start=\"501\" data-end=\"611\">Le <strong data-start=\"504\" data-end=\"520\">lapis lazuli<\/strong>, aux reflets profonds et \u00e9toil\u00e9s, \u00e9veille l\u2019esprit et favorise l\u2019expression authentique.<\/p>\n<\/li>\n<li class=\"\" data-start=\"612\" data-end=\"738\">\n<p class=\"\" data-start=\"614\" data-end=\"738\">Le <strong data-start=\"617\" data-end=\"629\">scarab\u00e9e<\/strong>, inspir\u00e9 des amulettes \u00e9gyptiennes, agit comme un talisman protecteur, ancr\u00e9 dans l\u2019histoire et le mystique.<\/p>\n<\/li>\n<\/ul>\n<p class=\"\" data-start=\"740\" data-end=\"854\">Un bijou \u00e0 la fois fort et raffin\u00e9, pour celles qui cherchent \u00e0 allier beaut\u00e9, signification et intention.<\/p>\n<blockquote><p>Chaque paire est livr\u00e9e avec une carte personnalis\u00e9e, avec le pr\u00e9nom de la personne \u00e0 qui est destin\u00e9e le bijou, les pierres utilis\u00e9es ainsi que leurs bienfaits.<\/p><\/blockquote>\n<h3>Entretien des bijoux lithoth\u00e9rapie<\/h3>\n<p class=\"LC20lb MBeuO DKV0Md\">\u26a0\ufe0fLes bijoux en pierres naturelles n\u00e9cessitent un soin particulier<\/p>\n<p class=\"LC20lb MBeuO DKV0Md\">\ud83c\udf12 1 fois par mois, passez un coup de chiffon doux sur votre bijou, puis rechargez les pierres les sois de pleine lune sur le rebord de votre fen\u00eatre<\/p>\n<p class=\"LC20lb MBeuO DKV0Md\">\ud83d\udebf Evitez le plus possible les douches, les bains, la piscine et l&rsquo;utilisation de produits abrasifs : parfum, savon, chlore, shampooing &#8230; Les pierres sont sensibles et peuvent ternir, se d\u00e9colorer voire d&rsquo;ab\u00eemer.<\/p>\n<p class=\"LC20lb MBeuO DKV0Md\">\ud83d\ude4f Mon conseil : mettez vos bijoux le matin, apr\u00e8s votre session douche\/maquillage\/parfum. Retirez-les le soir, avant votre bain ou douche si c&rsquo;est \u00e0 ce moment de la journ\u00e9e. Ainsi elles resteront belles longtemps : )<\/p>\n","protected":false},"excerpt":{"rendered":"<p class=\"LC20lb MBeuO DKV0Md\">\ud83e\udeb2 \u00a0<strong>Mystique et puissant, le lapis lazuli rencontre le scarab\u00e9e protecteur pour un bijou charg\u00e9 de sens.<\/strong><\/p>\n<p>Les boucles d&rsquo;oreilles \u00ab\u00a0Soleil Bleu\u00a0\u00bb sont r\u00e9alis\u00e9es \u00e0 la main, en acier inox dor\u00e9, gold filled et lapis\u00a0lazuli.<\/p>\n<p>&nbsp;<\/p>\n","protected":false},"featured_media":56801,"comment_status":"open","ping_status":"closed","template":"","meta":[],"product_brand":[],"product_cat":[22,2081,26],"product_tag":[],"class_list":{"0":"post-56797","1":"product","2":"type-product","3":"status-publish","4":"has-post-thumbnail","6":"product_cat-bijoux-femmes","7":"product_cat-boucles-doreilles","8":"product_cat-pierres-naturelles","10":"first","11":"instock","12":"shipping-taxable","13":"purchasable","14":"product-type-simple"},"acf":[],"yoast_head":"<!-- This site is optimized with the Yoast SEO plugin v27.6 - https:\/\/yoast.com\/product\/yoast-seo-wordpress\/ -->\n<title>Boucles d&#039;oreilles Soleil Bleu - Ma Peste Ador\u00e9e<\/title>\n<meta name=\"description\" content=\"D\u00e9couvrez les boucles d&#039;oreilles originales &quot;Soleil Bleu&quot;, une paire l\u00e9g\u00e8re et originale avec ses perles de lapis lazuli et ses scarab\u00e9es dor\u00e9s\" \/>\n<meta name=\"robots\" content=\"index, follow, max-snippet:-1, max-image-preview:large, max-video-preview:-1\" \/>\n<link rel=\"canonical\" href=\"https:\/\/www.mapesteadoree.fr\/boutique\/bijoux\/boucles-doreilles-scarabee\/\" \/>\n<meta property=\"og:locale\" content=\"fr_FR\" \/>\n<meta property=\"og:type\" content=\"article\" \/>\n<meta property=\"og:title\" content=\"Boucles d&#039;oreilles Soleil Bleu - Ma Peste Ador\u00e9e\" \/>\n<meta property=\"og:description\" content=\"D\u00e9couvrez les boucles d&#039;oreilles originales &quot;Soleil Bleu&quot;, une paire l\u00e9g\u00e8re et originale avec ses perles de lapis lazuli et ses scarab\u00e9es dor\u00e9s\" \/>\n<meta property=\"og:url\" content=\"https:\/\/www.mapesteadoree.fr\/boutique\/bijoux\/boucles-doreilles-scarabee\/\" \/>\n<meta property=\"og:site_name\" content=\"Ma Peste Ador\u00e9e\" \/>\n<meta property=\"article:modified_time\" content=\"2025-11-13T08:23:10+00:00\" \/>\n<meta property=\"og:image\" content=\"https:\/\/www.mapesteadoree.fr\/boutique\/wp-content\/uploads\/2025\/04\/boucles-oreilles-scarabes.jpg\" \/>\n\t<meta property=\"og:image:width\" content=\"1500\" \/>\n\t<meta property=\"og:image:height\" content=\"1500\" \/>\n\t<meta property=\"og:image:type\" content=\"image\/jpeg\" \/>\n<meta name=\"twitter:card\" content=\"summary_large_image\" \/>\n<meta name=\"twitter:label1\" content=\"Dur\u00e9e de lecture estim\u00e9e\" \/>\n\t<meta name=\"twitter:data1\" content=\"2 minutes\" \/>\n<script type=\"application\/ld+json\" class=\"yoast-schema-graph\">{\"@context\":\"https:\\\/\\\/schema.org\",\"@graph\":[{\"@type\":\"WebPage\",\"@id\":\"https:\\\/\\\/www.mapesteadoree.fr\\\/boutique\\\/bijoux\\\/boucles-doreilles-scarabee\\\/\",\"url\":\"https:\\\/\\\/www.mapesteadoree.fr\\\/boutique\\\/bijoux\\\/boucles-doreilles-scarabee\\\/\",\"name\":\"Boucles d'oreilles Soleil Bleu - Ma Peste Ador\u00e9e\",\"isPartOf\":{\"@id\":\"https:\\\/\\\/www.mapesteadoree.fr\\\/boutique\\\/#website\"},\"primaryImageOfPage\":{\"@id\":\"https:\\\/\\\/www.mapesteadoree.fr\\\/boutique\\\/bijoux\\\/boucles-doreilles-scarabee\\\/#primaryimage\"},\"image\":{\"@id\":\"https:\\\/\\\/www.mapesteadoree.fr\\\/boutique\\\/bijoux\\\/boucles-doreilles-scarabee\\\/#primaryimage\"},\"thumbnailUrl\":\"https:\\\/\\\/www.mapesteadoree.fr\\\/boutique\\\/wp-content\\\/uploads\\\/2025\\\/04\\\/boucles-oreilles-scarabes.jpg\",\"datePublished\":\"2025-04-29T08:57:48+00:00\",\"dateModified\":\"2025-11-13T08:23:10+00:00\",\"description\":\"D\u00e9couvrez les boucles d'oreilles originales \\\"Soleil Bleu\\\", une paire l\u00e9g\u00e8re et originale avec ses perles de lapis lazuli et ses scarab\u00e9es dor\u00e9s\",\"breadcrumb\":{\"@id\":\"https:\\\/\\\/www.mapesteadoree.fr\\\/boutique\\\/bijoux\\\/boucles-doreilles-scarabee\\\/#breadcrumb\"},\"inLanguage\":\"fr-FR\",\"potentialAction\":[{\"@type\":\"ReadAction\",\"target\":[\"https:\\\/\\\/www.mapesteadoree.fr\\\/boutique\\\/bijoux\\\/boucles-doreilles-scarabee\\\/\"]}]},{\"@type\":\"ImageObject\",\"inLanguage\":\"fr-FR\",\"@id\":\"https:\\\/\\\/www.mapesteadoree.fr\\\/boutique\\\/bijoux\\\/boucles-doreilles-scarabee\\\/#primaryimage\",\"url\":\"https:\\\/\\\/www.mapesteadoree.fr\\\/boutique\\\/wp-content\\\/uploads\\\/2025\\\/04\\\/boucles-oreilles-scarabes.jpg\",\"contentUrl\":\"https:\\\/\\\/www.mapesteadoree.fr\\\/boutique\\\/wp-content\\\/uploads\\\/2025\\\/04\\\/boucles-oreilles-scarabes.jpg\",\"width\":1500,\"height\":1500,\"caption\":\"Boucles d'oreilles soleil bleu en acier inox, lapis lazuli avec breloque scarab\u00e9e\"},{\"@type\":\"BreadcrumbList\",\"@id\":\"https:\\\/\\\/www.mapesteadoree.fr\\\/boutique\\\/bijoux\\\/boucles-doreilles-scarabee\\\/#breadcrumb\",\"itemListElement\":[{\"@type\":\"ListItem\",\"position\":1,\"name\":\"Accueil\",\"item\":\"https:\\\/\\\/www.mapesteadoree.fr\\\/boutique\\\/\"},{\"@type\":\"ListItem\",\"position\":2,\"name\":\"Boutique de bijoux uniques en pierres naturelles\",\"item\":\"https:\\\/\\\/www.mapesteadoree.fr\\\/boutique\\\/\"},{\"@type\":\"ListItem\",\"position\":3,\"name\":\"Boucles d&rsquo;oreilles Soleil Bleu\"}]},{\"@type\":\"WebSite\",\"@id\":\"https:\\\/\\\/www.mapesteadoree.fr\\\/boutique\\\/#website\",\"url\":\"https:\\\/\\\/www.mapesteadoree.fr\\\/boutique\\\/\",\"name\":\"Ma Peste Ador\u00e9e\",\"description\":\"\",\"publisher\":{\"@id\":\"https:\\\/\\\/www.mapesteadoree.fr\\\/boutique\\\/#organization\"},\"potentialAction\":[{\"@type\":\"SearchAction\",\"target\":{\"@type\":\"EntryPoint\",\"urlTemplate\":\"https:\\\/\\\/www.mapesteadoree.fr\\\/boutique\\\/?s={search_term_string}\"},\"query-input\":{\"@type\":\"PropertyValueSpecification\",\"valueRequired\":true,\"valueName\":\"search_term_string\"}}],\"inLanguage\":\"fr-FR\"},{\"@type\":\"Organization\",\"@id\":\"https:\\\/\\\/www.mapesteadoree.fr\\\/boutique\\\/#organization\",\"name\":\"Ma Peste Ador\u00e9e\",\"url\":\"https:\\\/\\\/www.mapesteadoree.fr\\\/boutique\\\/\",\"logo\":{\"@type\":\"ImageObject\",\"inLanguage\":\"fr-FR\",\"@id\":\"https:\\\/\\\/www.mapesteadoree.fr\\\/boutique\\\/#\\\/schema\\\/logo\\\/image\\\/\",\"url\":\"https:\\\/\\\/www.mapesteadoree.fr\\\/boutique\\\/wp-content\\\/uploads\\\/2024\\\/10\\\/cropped-logo-mpa-2024.png\",\"contentUrl\":\"https:\\\/\\\/www.mapesteadoree.fr\\\/boutique\\\/wp-content\\\/uploads\\\/2024\\\/10\\\/cropped-logo-mpa-2024.png\",\"width\":470,\"height\":110,\"caption\":\"Ma Peste Ador\u00e9e\"},\"image\":{\"@id\":\"https:\\\/\\\/www.mapesteadoree.fr\\\/boutique\\\/#\\\/schema\\\/logo\\\/image\\\/\"}}]}<\/script>\n<!-- \/ Yoast SEO plugin. -->","yoast_head_json":{"title":"Boucles d'oreilles Soleil Bleu - Ma Peste Ador\u00e9e","description":"D\u00e9couvrez les boucles d'oreilles originales \"Soleil Bleu\", une paire l\u00e9g\u00e8re et originale avec ses perles de lapis lazuli et ses scarab\u00e9es dor\u00e9s","robots":{"index":"index","follow":"follow","max-snippet":"max-snippet:-1","max-image-preview":"max-image-preview:large","max-video-preview":"max-video-preview:-1"},"canonical":"https:\/\/www.mapesteadoree.fr\/boutique\/bijoux\/boucles-doreilles-scarabee\/","og_locale":"fr_FR","og_type":"article","og_title":"Boucles d'oreilles Soleil Bleu - Ma Peste Ador\u00e9e","og_description":"D\u00e9couvrez les boucles d'oreilles originales \"Soleil Bleu\", une paire l\u00e9g\u00e8re et originale avec ses perles de lapis lazuli et ses scarab\u00e9es dor\u00e9s","og_url":"https:\/\/www.mapesteadoree.fr\/boutique\/bijoux\/boucles-doreilles-scarabee\/","og_site_name":"Ma Peste Ador\u00e9e","article_modified_time":"2025-11-13T08:23:10+00:00","og_image":[{"width":1500,"height":1500,"url":"https:\/\/www.mapesteadoree.fr\/boutique\/wp-content\/uploads\/2025\/04\/boucles-oreilles-scarabes.jpg","type":"image\/jpeg"}],"twitter_card":"summary_large_image","twitter_misc":{"Dur\u00e9e de lecture estim\u00e9e":"2 minutes"},"schema":{"@context":"https:\/\/schema.org","@graph":[{"@type":"WebPage","@id":"https:\/\/www.mapesteadoree.fr\/boutique\/bijoux\/boucles-doreilles-scarabee\/","url":"https:\/\/www.mapesteadoree.fr\/boutique\/bijoux\/boucles-doreilles-scarabee\/","name":"Boucles d'oreilles Soleil Bleu - Ma Peste Ador\u00e9e","isPartOf":{"@id":"https:\/\/www.mapesteadoree.fr\/boutique\/#website"},"primaryImageOfPage":{"@id":"https:\/\/www.mapesteadoree.fr\/boutique\/bijoux\/boucles-doreilles-scarabee\/#primaryimage"},"image":{"@id":"https:\/\/www.mapesteadoree.fr\/boutique\/bijoux\/boucles-doreilles-scarabee\/#primaryimage"},"thumbnailUrl":"https:\/\/www.mapesteadoree.fr\/boutique\/wp-content\/uploads\/2025\/04\/boucles-oreilles-scarabes.jpg","datePublished":"2025-04-29T08:57:48+00:00","dateModified":"2025-11-13T08:23:10+00:00","description":"D\u00e9couvrez les boucles d'oreilles originales \"Soleil Bleu\", une paire l\u00e9g\u00e8re et originale avec ses perles de lapis lazuli et ses scarab\u00e9es dor\u00e9s","breadcrumb":{"@id":"https:\/\/www.mapesteadoree.fr\/boutique\/bijoux\/boucles-doreilles-scarabee\/#breadcrumb"},"inLanguage":"fr-FR","potentialAction":[{"@type":"ReadAction","target":["https:\/\/www.mapesteadoree.fr\/boutique\/bijoux\/boucles-doreilles-scarabee\/"]}]},{"@type":"ImageObject","inLanguage":"fr-FR","@id":"https:\/\/www.mapesteadoree.fr\/boutique\/bijoux\/boucles-doreilles-scarabee\/#primaryimage","url":"https:\/\/www.mapesteadoree.fr\/boutique\/wp-content\/uploads\/2025\/04\/boucles-oreilles-scarabes.jpg","contentUrl":"https:\/\/www.mapesteadoree.fr\/boutique\/wp-content\/uploads\/2025\/04\/boucles-oreilles-scarabes.jpg","width":1500,"height":1500,"caption":"Boucles d'oreilles soleil bleu en acier inox, lapis lazuli avec breloque scarab\u00e9e"},{"@type":"BreadcrumbList","@id":"https:\/\/www.mapesteadoree.fr\/boutique\/bijoux\/boucles-doreilles-scarabee\/#breadcrumb","itemListElement":[{"@type":"ListItem","position":1,"name":"Accueil","item":"https:\/\/www.mapesteadoree.fr\/boutique\/"},{"@type":"ListItem","position":2,"name":"Boutique de bijoux uniques en pierres naturelles","item":"https:\/\/www.mapesteadoree.fr\/boutique\/"},{"@type":"ListItem","position":3,"name":"Boucles d&rsquo;oreilles Soleil Bleu"}]},{"@type":"WebSite","@id":"https:\/\/www.mapesteadoree.fr\/boutique\/#website","url":"https:\/\/www.mapesteadoree.fr\/boutique\/","name":"Ma Peste Ador\u00e9e","description":"","publisher":{"@id":"https:\/\/www.mapesteadoree.fr\/boutique\/#organization"},"potentialAction":[{"@type":"SearchAction","target":{"@type":"EntryPoint","urlTemplate":"https:\/\/www.mapesteadoree.fr\/boutique\/?s={search_term_string}"},"query-input":{"@type":"PropertyValueSpecification","valueRequired":true,"valueName":"search_term_string"}}],"inLanguage":"fr-FR"},{"@type":"Organization","@id":"https:\/\/www.mapesteadoree.fr\/boutique\/#organization","name":"Ma Peste Ador\u00e9e","url":"https:\/\/www.mapesteadoree.fr\/boutique\/","logo":{"@type":"ImageObject","inLanguage":"fr-FR","@id":"https:\/\/www.mapesteadoree.fr\/boutique\/#\/schema\/logo\/image\/","url":"https:\/\/www.mapesteadoree.fr\/boutique\/wp-content\/uploads\/2024\/10\/cropped-logo-mpa-2024.png","contentUrl":"https:\/\/www.mapesteadoree.fr\/boutique\/wp-content\/uploads\/2024\/10\/cropped-logo-mpa-2024.png","width":470,"height":110,"caption":"Ma Peste Ador\u00e9e"},"image":{"@id":"https:\/\/www.mapesteadoree.fr\/boutique\/#\/schema\/logo\/image\/"}}]}},"wcpa_form_fields":null,"_links":{"self":[{"href":"https:\/\/www.mapesteadoree.fr\/boutique\/wp-json\/wp\/v2\/product\/56797","targetHints":{"allow":["GET"]}}],"collection":[{"href":"https:\/\/www.mapesteadoree.fr\/boutique\/wp-json\/wp\/v2\/product"}],"about":[{"href":"https:\/\/www.mapesteadoree.fr\/boutique\/wp-json\/wp\/v2\/types\/product"}],"replies":[{"embeddable":true,"href":"https:\/\/www.mapesteadoree.fr\/boutique\/wp-json\/wp\/v2\/comments?post=56797"}],"wp:featuredmedia":[{"embeddable":true,"href":"https:\/\/www.mapesteadoree.fr\/boutique\/wp-json\/wp\/v2\/media\/56801"}],"wp:attachment":[{"href":"https:\/\/www.mapesteadoree.fr\/boutique\/wp-json\/wp\/v2\/media?parent=56797"}],"wp:term":[{"taxonomy":"product_brand","embeddable":true,"href":"https:\/\/www.mapesteadoree.fr\/boutique\/wp-json\/wp\/v2\/product_brand?post=56797"},{"taxonomy":"product_cat","embeddable":true,"href":"https:\/\/www.mapesteadoree.fr\/boutique\/wp-json\/wp\/v2\/product_cat?post=56797"},{"taxonomy":"product_tag","embeddable":true,"href":"https:\/\/www.mapesteadoree.fr\/boutique\/wp-json\/wp\/v2\/product_tag?post=56797"}],"curies":[{"name":"wp","href":"https:\/\/api.w.org\/{rel}","templated":true}]}}