{"id":56791,"date":"2025-04-29T10:33:56","date_gmt":"2025-04-29T08:33:56","guid":{"rendered":"https:\/\/www.mapesteadoree.fr\/boutique\/?post_type=product&#038;p=56791"},"modified":"2025-04-29T10:54:23","modified_gmt":"2025-04-29T08:54:23","slug":"boucles-doreilles-cape-diem","status":"publish","type":"product","link":"https:\/\/www.mapesteadoree.fr\/boutique\/bijoux\/boucles-doreilles-cape-diem\/","title":{"rendered":"Boucles d&rsquo;oreilles Carpe Diem"},"content":{"rendered":"<p>Laissez-vous s\u00e9duire par l&rsquo;\u00e9nergie douce et positive des boucles d&rsquo;oreilles <strong data-start=\"227\" data-end=\"243\">\u00ab\u00a0Carpe Diem\u00a0\u00bb<\/strong>. Con\u00e7ues comme une invitation \u00e0 vivre l\u2019instant pr\u00e9sent, elles allient la tendresse du <strong data-start=\"331\" data-end=\"346\">quartz rose<\/strong> \u00e0 la profondeur spirituelle de <strong data-start=\"378\" data-end=\"393\">l&rsquo;am\u00e9thyste<\/strong>.<\/p>\n<h2>Des boucles d&rsquo;oreilles lithoth\u00e9rapie avec am\u00e9thyste et quartz rose<\/h2>\n<p class=\"LC20lb MBeuO DKV0Md\">\u2b50 Cette paire de boucles d&rsquo;oreille est vraiment originale, autant par son montage que par sa taille<\/p>\n<ul>\n<li>Longueur de chaque boucle : 10cm<\/li>\n<li>3 cercles en gold filled avec 3 diam\u00e8tres : 15 &#8211; 25 et 40 mm<\/li>\n<li>Crochets de type hame\u00e7ons en acier inox dor\u00e9<\/li>\n<li>Perle ronde 8mm de quartz rose<\/li>\n<li>Perle ovale d&rsquo;am\u00e9thyste 18x5mm<\/li>\n<\/ul>\n<p><strong>Chaque paire est r\u00e9alis\u00e9e \u00e0 la main et sur mesure : ) Tr\u00e8s l\u00e9g\u00e8res, vous verrez que vous ne mes sentirez absolument pas sur vos oreilles : )<\/strong><\/p>\n<h2>Des pierres de s\u00e9r\u00e9nit\u00e9 et de l\u00e2cher prise<\/h2>\n<p class=\"LC20lb MBeuO DKV0Md\">\ud83d\udc8e Voici les 2 pierres s\u00e9lectionn\u00e9e pour leurs vertus :<\/p>\n<ul data-start=\"463\" data-end=\"708\">\n<li class=\"\" data-start=\"463\" data-end=\"556\">\n<p class=\"\" data-start=\"465\" data-end=\"556\">Le <strong data-start=\"468\" data-end=\"483\">quartz rose<\/strong>, symbole d&rsquo;amour et de paix int\u00e9rieure, diffuse une \u00e9nergie apaisante.<\/p>\n<\/li>\n<li class=\"\" data-start=\"557\" data-end=\"708\">\n<p class=\"\" data-start=\"559\" data-end=\"708\">L\u2019<strong data-start=\"561\" data-end=\"574\">am\u00e9thyste<\/strong>, connue pour favoriser la s\u00e9r\u00e9nit\u00e9 et la clart\u00e9 d\u2019esprit, accompagne celles et ceux qui cherchent \u00e0 cultiver un \u00e9quilibre \u00e9motionnel.<\/p>\n<\/li>\n<\/ul>\n<p class=\"\" data-start=\"710\" data-end=\"857\">Originales et lumineuses, ces boucles d\u2019oreilles se portent pour toutes les occasions et en toute saison ! En \u00e9t\u00e9 avec une robe l\u00e9g\u00e8re, en hiver avec un pull col roul\u00e9 cr\u00e8me : )<\/p>\n<blockquote><p>Chaque paire est livr\u00e9e avec une carte personnalis\u00e9e, avec le pr\u00e9nom de la personne \u00e0 qui est destin\u00e9e le bijou, les pierres utilis\u00e9es ainsi que leurs bienfaits.<\/p><\/blockquote>\n<h3>Entretien des bijoux lithoth\u00e9rapie<\/h3>\n<p class=\"LC20lb MBeuO DKV0Md\">\u26a0\ufe0fLes bijoux en pierres naturelles n\u00e9cessitent un soin particulier<\/p>\n<p class=\"LC20lb MBeuO DKV0Md\">\ud83c\udf12 1 fois par mois, passez un coup de chiffon doux sur votre bijou, puis rechargez les pierres les sois de pleine lune sur le rebord de votre fen\u00eatre<\/p>\n<p class=\"LC20lb MBeuO DKV0Md\">\ud83d\udebf Evitez le plus possible les douches, les bains, la piscine et l&rsquo;utilisation de produits abrasifs : parfum, savon, chlore, shampooing &#8230; Les pierres sont sensibles et peuvent ternir, se d\u00e9colorer voire d&rsquo;ab\u00eemer.<\/p>\n<p class=\"LC20lb MBeuO DKV0Md\">\ud83d\ude4f Mon conseil : mettez vos bijoux le matin, apr\u00e8s votre session douche\/maquillage\/parfum. Retirez-les le soir, avant votre bain ou douche si c&rsquo;est \u00e0 ce moment de la journ\u00e9e. Ainsi elles resteront belles longtemps : )<\/p>\n","protected":false},"excerpt":{"rendered":"<p class=\"LC20lb MBeuO DKV0Md\">\u2b50 <strong>Les boucles d&rsquo;oreilles \u00ab\u00a0Carpe Diem\u00a0\u00bb sont r\u00e9alis\u00e9es en acier inoxydable et gold filled. L\u00e9g\u00e8res et originales, elles sont orn\u00e9es de 2 pierres.<\/strong><\/p>\n<p class=\"LC20lb MBeuO DKV0Md\">\ud83d\udc8e\u00a0Deux pierres, deux forces : le quartz rose pour le c\u0153ur, l\u2019am\u00e9thyste pour l\u2019esprit \u2013 un \u00e9quilibre pr\u00e9cieux \u00e0 porter chaque jour.\u00a0\u00bb<\/p>\n","protected":false},"featured_media":56795,"comment_status":"open","ping_status":"closed","template":"","meta":[],"product_brand":[],"product_cat":[22,2081,26],"product_tag":[],"class_list":{"0":"post-56791","1":"product","2":"type-product","3":"status-publish","4":"has-post-thumbnail","6":"product_cat-bijoux-femmes","7":"product_cat-boucles-doreilles","8":"product_cat-pierres-naturelles","10":"first","11":"instock","12":"shipping-taxable","13":"purchasable","14":"product-type-simple"},"acf":[],"yoast_head":"<!-- This site is optimized with the Yoast SEO plugin v27.5 - https:\/\/yoast.com\/product\/yoast-seo-wordpress\/ -->\n<title>Boucles d&#039;oreilles Carpe Diem - Ma Peste Ador\u00e9e<\/title>\n<meta name=\"description\" content=\"D\u00e9couvrez les boucles d&#039;oreilles originales &quot;Carpe Diem&quot;, une paire l\u00e9g\u00e8re et originale ! Pierres naturelles de quartz rose et am\u00e9thyste\" \/>\n<meta name=\"robots\" content=\"index, follow, max-snippet:-1, max-image-preview:large, max-video-preview:-1\" \/>\n<link rel=\"canonical\" href=\"https:\/\/www.mapesteadoree.fr\/boutique\/bijoux\/boucles-doreilles-cape-diem\/\" \/>\n<meta property=\"og:locale\" content=\"fr_FR\" \/>\n<meta property=\"og:type\" content=\"article\" \/>\n<meta property=\"og:title\" content=\"Boucles d&#039;oreilles Carpe Diem - Ma Peste Ador\u00e9e\" \/>\n<meta property=\"og:description\" content=\"D\u00e9couvrez les boucles d&#039;oreilles originales &quot;Carpe Diem&quot;, une paire l\u00e9g\u00e8re et originale ! Pierres naturelles de quartz rose et am\u00e9thyste\" \/>\n<meta property=\"og:url\" content=\"https:\/\/www.mapesteadoree.fr\/boutique\/bijoux\/boucles-doreilles-cape-diem\/\" \/>\n<meta property=\"og:site_name\" content=\"Ma Peste Ador\u00e9e\" \/>\n<meta property=\"article:modified_time\" content=\"2025-04-29T08:54:23+00:00\" \/>\n<meta property=\"og:image\" content=\"https:\/\/www.mapesteadoree.fr\/boutique\/wp-content\/uploads\/2025\/04\/boucles-longues-serenite.jpg\" \/>\n\t<meta property=\"og:image:width\" content=\"1500\" \/>\n\t<meta property=\"og:image:height\" content=\"1500\" \/>\n\t<meta property=\"og:image:type\" content=\"image\/jpeg\" \/>\n<meta name=\"twitter:card\" content=\"summary_large_image\" \/>\n<meta name=\"twitter:label1\" content=\"Dur\u00e9e de lecture estim\u00e9e\" \/>\n\t<meta name=\"twitter:data1\" content=\"2 minutes\" \/>\n<script type=\"application\/ld+json\" class=\"yoast-schema-graph\">{\"@context\":\"https:\\\/\\\/schema.org\",\"@graph\":[{\"@type\":\"WebPage\",\"@id\":\"https:\\\/\\\/www.mapesteadoree.fr\\\/boutique\\\/bijoux\\\/boucles-doreilles-cape-diem\\\/\",\"url\":\"https:\\\/\\\/www.mapesteadoree.fr\\\/boutique\\\/bijoux\\\/boucles-doreilles-cape-diem\\\/\",\"name\":\"Boucles d'oreilles Carpe Diem - Ma Peste Ador\u00e9e\",\"isPartOf\":{\"@id\":\"https:\\\/\\\/www.mapesteadoree.fr\\\/boutique\\\/#website\"},\"primaryImageOfPage\":{\"@id\":\"https:\\\/\\\/www.mapesteadoree.fr\\\/boutique\\\/bijoux\\\/boucles-doreilles-cape-diem\\\/#primaryimage\"},\"image\":{\"@id\":\"https:\\\/\\\/www.mapesteadoree.fr\\\/boutique\\\/bijoux\\\/boucles-doreilles-cape-diem\\\/#primaryimage\"},\"thumbnailUrl\":\"https:\\\/\\\/www.mapesteadoree.fr\\\/boutique\\\/wp-content\\\/uploads\\\/2025\\\/04\\\/boucles-longues-serenite.jpg\",\"datePublished\":\"2025-04-29T08:33:56+00:00\",\"dateModified\":\"2025-04-29T08:54:23+00:00\",\"description\":\"D\u00e9couvrez les boucles d'oreilles originales \\\"Carpe Diem\\\", une paire l\u00e9g\u00e8re et originale ! Pierres naturelles de quartz rose et am\u00e9thyste\",\"breadcrumb\":{\"@id\":\"https:\\\/\\\/www.mapesteadoree.fr\\\/boutique\\\/bijoux\\\/boucles-doreilles-cape-diem\\\/#breadcrumb\"},\"inLanguage\":\"fr-FR\",\"potentialAction\":[{\"@type\":\"ReadAction\",\"target\":[\"https:\\\/\\\/www.mapesteadoree.fr\\\/boutique\\\/bijoux\\\/boucles-doreilles-cape-diem\\\/\"]}]},{\"@type\":\"ImageObject\",\"inLanguage\":\"fr-FR\",\"@id\":\"https:\\\/\\\/www.mapesteadoree.fr\\\/boutique\\\/bijoux\\\/boucles-doreilles-cape-diem\\\/#primaryimage\",\"url\":\"https:\\\/\\\/www.mapesteadoree.fr\\\/boutique\\\/wp-content\\\/uploads\\\/2025\\\/04\\\/boucles-longues-serenite.jpg\",\"contentUrl\":\"https:\\\/\\\/www.mapesteadoree.fr\\\/boutique\\\/wp-content\\\/uploads\\\/2025\\\/04\\\/boucles-longues-serenite.jpg\",\"width\":1500,\"height\":1500,\"caption\":\"Boucles d'oreilles en quartz rose et am\u00e9thyste \\\"carpe diem\\\"\"},{\"@type\":\"BreadcrumbList\",\"@id\":\"https:\\\/\\\/www.mapesteadoree.fr\\\/boutique\\\/bijoux\\\/boucles-doreilles-cape-diem\\\/#breadcrumb\",\"itemListElement\":[{\"@type\":\"ListItem\",\"position\":1,\"name\":\"Accueil\",\"item\":\"https:\\\/\\\/www.mapesteadoree.fr\\\/boutique\\\/\"},{\"@type\":\"ListItem\",\"position\":2,\"name\":\"Boutique de bijoux uniques en pierres naturelles\",\"item\":\"https:\\\/\\\/www.mapesteadoree.fr\\\/boutique\\\/\"},{\"@type\":\"ListItem\",\"position\":3,\"name\":\"Boucles d&rsquo;oreilles Carpe Diem\"}]},{\"@type\":\"WebSite\",\"@id\":\"https:\\\/\\\/www.mapesteadoree.fr\\\/boutique\\\/#website\",\"url\":\"https:\\\/\\\/www.mapesteadoree.fr\\\/boutique\\\/\",\"name\":\"Ma Peste Ador\u00e9e\",\"description\":\"\",\"publisher\":{\"@id\":\"https:\\\/\\\/www.mapesteadoree.fr\\\/boutique\\\/#organization\"},\"potentialAction\":[{\"@type\":\"SearchAction\",\"target\":{\"@type\":\"EntryPoint\",\"urlTemplate\":\"https:\\\/\\\/www.mapesteadoree.fr\\\/boutique\\\/?s={search_term_string}\"},\"query-input\":{\"@type\":\"PropertyValueSpecification\",\"valueRequired\":true,\"valueName\":\"search_term_string\"}}],\"inLanguage\":\"fr-FR\"},{\"@type\":\"Organization\",\"@id\":\"https:\\\/\\\/www.mapesteadoree.fr\\\/boutique\\\/#organization\",\"name\":\"Ma Peste Ador\u00e9e\",\"url\":\"https:\\\/\\\/www.mapesteadoree.fr\\\/boutique\\\/\",\"logo\":{\"@type\":\"ImageObject\",\"inLanguage\":\"fr-FR\",\"@id\":\"https:\\\/\\\/www.mapesteadoree.fr\\\/boutique\\\/#\\\/schema\\\/logo\\\/image\\\/\",\"url\":\"https:\\\/\\\/www.mapesteadoree.fr\\\/boutique\\\/wp-content\\\/uploads\\\/2024\\\/10\\\/cropped-logo-mpa-2024.png\",\"contentUrl\":\"https:\\\/\\\/www.mapesteadoree.fr\\\/boutique\\\/wp-content\\\/uploads\\\/2024\\\/10\\\/cropped-logo-mpa-2024.png\",\"width\":470,\"height\":110,\"caption\":\"Ma Peste Ador\u00e9e\"},\"image\":{\"@id\":\"https:\\\/\\\/www.mapesteadoree.fr\\\/boutique\\\/#\\\/schema\\\/logo\\\/image\\\/\"}}]}<\/script>\n<!-- \/ Yoast SEO plugin. -->","yoast_head_json":{"title":"Boucles d'oreilles Carpe Diem - Ma Peste Ador\u00e9e","description":"D\u00e9couvrez les boucles d'oreilles originales \"Carpe Diem\", une paire l\u00e9g\u00e8re et originale ! Pierres naturelles de quartz rose et am\u00e9thyste","robots":{"index":"index","follow":"follow","max-snippet":"max-snippet:-1","max-image-preview":"max-image-preview:large","max-video-preview":"max-video-preview:-1"},"canonical":"https:\/\/www.mapesteadoree.fr\/boutique\/bijoux\/boucles-doreilles-cape-diem\/","og_locale":"fr_FR","og_type":"article","og_title":"Boucles d'oreilles Carpe Diem - Ma Peste Ador\u00e9e","og_description":"D\u00e9couvrez les boucles d'oreilles originales \"Carpe Diem\", une paire l\u00e9g\u00e8re et originale ! Pierres naturelles de quartz rose et am\u00e9thyste","og_url":"https:\/\/www.mapesteadoree.fr\/boutique\/bijoux\/boucles-doreilles-cape-diem\/","og_site_name":"Ma Peste Ador\u00e9e","article_modified_time":"2025-04-29T08:54:23+00:00","og_image":[{"width":1500,"height":1500,"url":"https:\/\/www.mapesteadoree.fr\/boutique\/wp-content\/uploads\/2025\/04\/boucles-longues-serenite.jpg","type":"image\/jpeg"}],"twitter_card":"summary_large_image","twitter_misc":{"Dur\u00e9e de lecture estim\u00e9e":"2 minutes"},"schema":{"@context":"https:\/\/schema.org","@graph":[{"@type":"WebPage","@id":"https:\/\/www.mapesteadoree.fr\/boutique\/bijoux\/boucles-doreilles-cape-diem\/","url":"https:\/\/www.mapesteadoree.fr\/boutique\/bijoux\/boucles-doreilles-cape-diem\/","name":"Boucles d'oreilles Carpe Diem - Ma Peste Ador\u00e9e","isPartOf":{"@id":"https:\/\/www.mapesteadoree.fr\/boutique\/#website"},"primaryImageOfPage":{"@id":"https:\/\/www.mapesteadoree.fr\/boutique\/bijoux\/boucles-doreilles-cape-diem\/#primaryimage"},"image":{"@id":"https:\/\/www.mapesteadoree.fr\/boutique\/bijoux\/boucles-doreilles-cape-diem\/#primaryimage"},"thumbnailUrl":"https:\/\/www.mapesteadoree.fr\/boutique\/wp-content\/uploads\/2025\/04\/boucles-longues-serenite.jpg","datePublished":"2025-04-29T08:33:56+00:00","dateModified":"2025-04-29T08:54:23+00:00","description":"D\u00e9couvrez les boucles d'oreilles originales \"Carpe Diem\", une paire l\u00e9g\u00e8re et originale ! Pierres naturelles de quartz rose et am\u00e9thyste","breadcrumb":{"@id":"https:\/\/www.mapesteadoree.fr\/boutique\/bijoux\/boucles-doreilles-cape-diem\/#breadcrumb"},"inLanguage":"fr-FR","potentialAction":[{"@type":"ReadAction","target":["https:\/\/www.mapesteadoree.fr\/boutique\/bijoux\/boucles-doreilles-cape-diem\/"]}]},{"@type":"ImageObject","inLanguage":"fr-FR","@id":"https:\/\/www.mapesteadoree.fr\/boutique\/bijoux\/boucles-doreilles-cape-diem\/#primaryimage","url":"https:\/\/www.mapesteadoree.fr\/boutique\/wp-content\/uploads\/2025\/04\/boucles-longues-serenite.jpg","contentUrl":"https:\/\/www.mapesteadoree.fr\/boutique\/wp-content\/uploads\/2025\/04\/boucles-longues-serenite.jpg","width":1500,"height":1500,"caption":"Boucles d'oreilles en quartz rose et am\u00e9thyste \"carpe diem\""},{"@type":"BreadcrumbList","@id":"https:\/\/www.mapesteadoree.fr\/boutique\/bijoux\/boucles-doreilles-cape-diem\/#breadcrumb","itemListElement":[{"@type":"ListItem","position":1,"name":"Accueil","item":"https:\/\/www.mapesteadoree.fr\/boutique\/"},{"@type":"ListItem","position":2,"name":"Boutique de bijoux uniques en pierres naturelles","item":"https:\/\/www.mapesteadoree.fr\/boutique\/"},{"@type":"ListItem","position":3,"name":"Boucles d&rsquo;oreilles Carpe Diem"}]},{"@type":"WebSite","@id":"https:\/\/www.mapesteadoree.fr\/boutique\/#website","url":"https:\/\/www.mapesteadoree.fr\/boutique\/","name":"Ma Peste Ador\u00e9e","description":"","publisher":{"@id":"https:\/\/www.mapesteadoree.fr\/boutique\/#organization"},"potentialAction":[{"@type":"SearchAction","target":{"@type":"EntryPoint","urlTemplate":"https:\/\/www.mapesteadoree.fr\/boutique\/?s={search_term_string}"},"query-input":{"@type":"PropertyValueSpecification","valueRequired":true,"valueName":"search_term_string"}}],"inLanguage":"fr-FR"},{"@type":"Organization","@id":"https:\/\/www.mapesteadoree.fr\/boutique\/#organization","name":"Ma Peste Ador\u00e9e","url":"https:\/\/www.mapesteadoree.fr\/boutique\/","logo":{"@type":"ImageObject","inLanguage":"fr-FR","@id":"https:\/\/www.mapesteadoree.fr\/boutique\/#\/schema\/logo\/image\/","url":"https:\/\/www.mapesteadoree.fr\/boutique\/wp-content\/uploads\/2024\/10\/cropped-logo-mpa-2024.png","contentUrl":"https:\/\/www.mapesteadoree.fr\/boutique\/wp-content\/uploads\/2024\/10\/cropped-logo-mpa-2024.png","width":470,"height":110,"caption":"Ma Peste Ador\u00e9e"},"image":{"@id":"https:\/\/www.mapesteadoree.fr\/boutique\/#\/schema\/logo\/image\/"}}]}},"wcpa_form_fields":null,"_links":{"self":[{"href":"https:\/\/www.mapesteadoree.fr\/boutique\/wp-json\/wp\/v2\/product\/56791","targetHints":{"allow":["GET"]}}],"collection":[{"href":"https:\/\/www.mapesteadoree.fr\/boutique\/wp-json\/wp\/v2\/product"}],"about":[{"href":"https:\/\/www.mapesteadoree.fr\/boutique\/wp-json\/wp\/v2\/types\/product"}],"replies":[{"embeddable":true,"href":"https:\/\/www.mapesteadoree.fr\/boutique\/wp-json\/wp\/v2\/comments?post=56791"}],"wp:featuredmedia":[{"embeddable":true,"href":"https:\/\/www.mapesteadoree.fr\/boutique\/wp-json\/wp\/v2\/media\/56795"}],"wp:attachment":[{"href":"https:\/\/www.mapesteadoree.fr\/boutique\/wp-json\/wp\/v2\/media?parent=56791"}],"wp:term":[{"taxonomy":"product_brand","embeddable":true,"href":"https:\/\/www.mapesteadoree.fr\/boutique\/wp-json\/wp\/v2\/product_brand?post=56791"},{"taxonomy":"product_cat","embeddable":true,"href":"https:\/\/www.mapesteadoree.fr\/boutique\/wp-json\/wp\/v2\/product_cat?post=56791"},{"taxonomy":"product_tag","embeddable":true,"href":"https:\/\/www.mapesteadoree.fr\/boutique\/wp-json\/wp\/v2\/product_tag?post=56791"}],"curies":[{"name":"wp","href":"https:\/\/api.w.org\/{rel}","templated":true}]}}