{"id":56707,"date":"2025-04-16T16:43:27","date_gmt":"2025-04-16T14:43:27","guid":{"rendered":"https:\/\/www.mapesteadoree.fr\/boutique\/?post_type=product&#038;p=56707"},"modified":"2025-12-14T20:18:48","modified_gmt":"2025-12-14T19:18:48","slug":"boucles-doreilles-baigneuses-amethyste","status":"publish","type":"product","link":"https:\/\/www.mapesteadoree.fr\/boutique\/bijoux\/boucles-doreilles-baigneuses-amethyste\/","title":{"rendered":"Boucles d&rsquo;oreilles Baigneuses &#8211; Am\u00e9thyste"},"content":{"rendered":"<p class=\"LC20lb MBeuO DKV0Md\">\ud83d\udc59 <strong>D\u00e9couvrez les boucles d&rsquo;oreilles \u00a0\u00ab\u00a0Baigneuses\u00a0\u00bb ou encore \u00ab\u00a0La Ma\u00eetresse en maillot de bain\u00a0\u00bb<\/strong> en acier inoxydable avec \u00a0perles naturelles d&rsquo;am\u00e9thyste<\/p>\n<blockquote>\n<p class=\"LC20lb MBeuO DKV0Md\">Un bijou original \u00e0 porter en tout simplicit\u00e9 cet \u00e9t\u00e9 ou alors un cadeau original et rigolo pour une enseignante ! Si vous pensez qu&rsquo;elles sont trop originales pour la ma\u00eetresse de votre enfant, d\u00e9trompez-vous : je suis s\u00fbre qu&rsquo;elle va les adorer ! Et puis, sortir de sa zone de confort, on en a toutes envie, non ?<\/p>\n<\/blockquote>\n<h2>Des boucles d&rsquo;oreilles originales pour les ma\u00eetresses<\/h2>\n<p class=\"LC20lb MBeuO DKV0Md\">\u2b50 Ou pas ! Personnellement, j&rsquo;adore ces boucles ! Je ne suis pas ma\u00eetresse du tout, mais j&rsquo;adore leur c\u00f4t\u00e9 fun et color\u00e9. Elles sont en plus tr\u00e8s l\u00e9g\u00e8res et vous verrez qu&rsquo;elles vont avec toutes les tenues estivales.<\/p>\n<ul>\n<li>Longueur de chaque boucle : environ 70mm<\/li>\n<li>Cercle 25 mm Acier inoxydable<\/li>\n<li>Baigneuse en r\u00e9sine 30mm<\/li>\n<li>Anneau et bout de chaine acier inoxydable<\/li>\n<li>Crochets de type hame\u00e7ons \u00a0 en acier inox \u00e9galement<\/li>\n<li>Perles naturelles \u00e0 facettes d&rsquo;aventurine verte &#8211; 8mm de diam\u00e8tre<\/li>\n<\/ul>\n<p><strong>Chaque paire est r\u00e9alis\u00e9e \u00e0 la main et sur mesure : )<\/strong><\/p>\n<h2>L&rsquo;am\u00e9thyste , une pierre de sagesse<\/h2>\n<p class=\"LC20lb MBeuO DKV0Md\">\ud83d\udc8e L&rsquo;am\u00e9thyste est une pierre violette qui repr\u00e9sente la sagesse et l&rsquo;apaisement. Elle apporte \u00e9galement protection et aide \u00e0 bien dormir : )<\/p>\n<p>Cette pierre est parfaite pour une ma\u00eetresse zen qui reste toujours calme et disponible.<\/p>\n<blockquote><p>Chaque paire est livr\u00e9e avec une carte personnalis\u00e9e, avec le pr\u00e9nom de la personne \u00e0 qui est destin\u00e9e le bijou, les pierres utilis\u00e9es ainsi que leurs bienfaits.<\/p><\/blockquote>\n<h3>Entretien des bijoux lithoth\u00e9rapie<\/h3>\n<p class=\"LC20lb MBeuO DKV0Md\">\u26a0\ufe0fLes bijoux en pierres naturelles n\u00e9cessitent un soin particulier<\/p>\n<p class=\"LC20lb MBeuO DKV0Md\">\ud83c\udf12 1 fois par mois, passez un coup de chiffon doux sur votre bijou, puis rechargez les pierres les sois de pleine lune sur le rebord de votre fen\u00eatre<\/p>\n<p class=\"LC20lb MBeuO DKV0Md\">\ud83d\udebf Evitez le plus possible les douches, les bains, la piscine et l&rsquo;utilisation de produits abrasifs : parfum, savon, chlore, shampooing &#8230; Les pierres sont sensibles et peuvent ternir, se d\u00e9colorer voire d&rsquo;ab\u00eemer.<\/p>\n<p class=\"LC20lb MBeuO DKV0Md\">\ud83d\ude4f Mon conseil : mettez vos bijoux le matin, apr\u00e8s votre session douche\/maquillage\/parfum. Retirez-les le soir, avant votre bain ou douche si c&rsquo;est \u00e0 ce moment de la journ\u00e9e. Ainsi elles resteront belles longtemps : )<\/p>\n","protected":false},"excerpt":{"rendered":"<p class=\"LC20lb MBeuO DKV0Md\">\ud83d\udc9c <strong>Les boucles d&rsquo;oreilles \u00ab\u00a0BAIGNEUSES\u00a0\u00bb Am\u00e9thyste \u00a0sont en acier inoxydable<\/strong> ! je les appelle aussi \u00ab\u00a0la ma\u00eetresse en maillot de bain\u00a0\u00bb car je les ai imagin\u00e9es comme un cadeau original pour les enseignantes qui font un boulot g\u00e9nial et qui m\u00e9ritent bien un cadeau de ce genre (je me jette des fleurs, passons)<\/p>\n<p class=\"LC20lb MBeuO DKV0Md\">\u27a1\ufe0f Elles ont la longueur parfaite et upgradent les tenues simples. C&rsquo;est promis : elles feront mouche !<\/p>\n","protected":false},"featured_media":56694,"comment_status":"open","ping_status":"closed","template":"","meta":[],"product_brand":[],"product_cat":[2081],"product_tag":[2077],"class_list":{"0":"post-56707","1":"product","2":"type-product","3":"status-publish","4":"has-post-thumbnail","6":"product_cat-boucles-doreilles","7":"product_tag-school","9":"first","10":"instock","11":"shipping-taxable","12":"purchasable","13":"product-type-simple"},"acf":[],"yoast_head":"<!-- This site is optimized with the Yoast SEO plugin v27.4 - https:\/\/yoast.com\/product\/yoast-seo-wordpress\/ -->\n<title>Boucles d&#039;oreilles Baigneuses - Am\u00e9thyste - Ma Peste Ador\u00e9e<\/title>\n<meta name=\"description\" content=\"D\u00e9couvrez les boucles d&#039;oreilles originales \u00e0 garder pour vous ou \u00e0 offrir \u00e0 la ma\u00eetresse pour la fin de l&#039;ann\u00e9e scolaire\" \/>\n<meta name=\"robots\" content=\"index, follow, max-snippet:-1, max-image-preview:large, max-video-preview:-1\" \/>\n<link rel=\"canonical\" href=\"https:\/\/www.mapesteadoree.fr\/boutique\/bijoux\/boucles-doreilles-baigneuses-amethyste\/\" \/>\n<meta property=\"og:locale\" content=\"fr_FR\" \/>\n<meta property=\"og:type\" content=\"article\" \/>\n<meta property=\"og:title\" content=\"Boucles d&#039;oreilles Baigneuses - Am\u00e9thyste - Ma Peste Ador\u00e9e\" \/>\n<meta property=\"og:description\" content=\"D\u00e9couvrez les boucles d&#039;oreilles originales \u00e0 garder pour vous ou \u00e0 offrir \u00e0 la ma\u00eetresse pour la fin de l&#039;ann\u00e9e scolaire\" \/>\n<meta property=\"og:url\" content=\"https:\/\/www.mapesteadoree.fr\/boutique\/bijoux\/boucles-doreilles-baigneuses-amethyste\/\" \/>\n<meta property=\"og:site_name\" content=\"Ma Peste Ador\u00e9e\" \/>\n<meta property=\"article:modified_time\" content=\"2025-12-14T19:18:48+00:00\" \/>\n<meta property=\"og:image\" content=\"https:\/\/www.mapesteadoree.fr\/boutique\/wp-content\/uploads\/2025\/04\/boucles-baigneuse-maillot.jpg\" \/>\n\t<meta property=\"og:image:width\" content=\"1500\" \/>\n\t<meta property=\"og:image:height\" content=\"1500\" \/>\n\t<meta property=\"og:image:type\" content=\"image\/jpeg\" \/>\n<meta name=\"twitter:card\" content=\"summary_large_image\" \/>\n<meta name=\"twitter:label1\" content=\"Dur\u00e9e de lecture estim\u00e9e\" \/>\n\t<meta name=\"twitter:data1\" content=\"2 minutes\" \/>\n<script type=\"application\/ld+json\" class=\"yoast-schema-graph\">{\"@context\":\"https:\\\/\\\/schema.org\",\"@graph\":[{\"@type\":\"WebPage\",\"@id\":\"https:\\\/\\\/www.mapesteadoree.fr\\\/boutique\\\/bijoux\\\/boucles-doreilles-baigneuses-amethyste\\\/\",\"url\":\"https:\\\/\\\/www.mapesteadoree.fr\\\/boutique\\\/bijoux\\\/boucles-doreilles-baigneuses-amethyste\\\/\",\"name\":\"Boucles d'oreilles Baigneuses - Am\u00e9thyste - Ma Peste Ador\u00e9e\",\"isPartOf\":{\"@id\":\"https:\\\/\\\/www.mapesteadoree.fr\\\/boutique\\\/#website\"},\"primaryImageOfPage\":{\"@id\":\"https:\\\/\\\/www.mapesteadoree.fr\\\/boutique\\\/bijoux\\\/boucles-doreilles-baigneuses-amethyste\\\/#primaryimage\"},\"image\":{\"@id\":\"https:\\\/\\\/www.mapesteadoree.fr\\\/boutique\\\/bijoux\\\/boucles-doreilles-baigneuses-amethyste\\\/#primaryimage\"},\"thumbnailUrl\":\"https:\\\/\\\/www.mapesteadoree.fr\\\/boutique\\\/wp-content\\\/uploads\\\/2025\\\/04\\\/boucles-baigneuse-maillot.jpg\",\"datePublished\":\"2025-04-16T14:43:27+00:00\",\"dateModified\":\"2025-12-14T19:18:48+00:00\",\"description\":\"D\u00e9couvrez les boucles d'oreilles originales \u00e0 garder pour vous ou \u00e0 offrir \u00e0 la ma\u00eetresse pour la fin de l'ann\u00e9e scolaire\",\"breadcrumb\":{\"@id\":\"https:\\\/\\\/www.mapesteadoree.fr\\\/boutique\\\/bijoux\\\/boucles-doreilles-baigneuses-amethyste\\\/#breadcrumb\"},\"inLanguage\":\"fr-FR\",\"potentialAction\":[{\"@type\":\"ReadAction\",\"target\":[\"https:\\\/\\\/www.mapesteadoree.fr\\\/boutique\\\/bijoux\\\/boucles-doreilles-baigneuses-amethyste\\\/\"]}]},{\"@type\":\"ImageObject\",\"inLanguage\":\"fr-FR\",\"@id\":\"https:\\\/\\\/www.mapesteadoree.fr\\\/boutique\\\/bijoux\\\/boucles-doreilles-baigneuses-amethyste\\\/#primaryimage\",\"url\":\"https:\\\/\\\/www.mapesteadoree.fr\\\/boutique\\\/wp-content\\\/uploads\\\/2025\\\/04\\\/boucles-baigneuse-maillot.jpg\",\"contentUrl\":\"https:\\\/\\\/www.mapesteadoree.fr\\\/boutique\\\/wp-content\\\/uploads\\\/2025\\\/04\\\/boucles-baigneuse-maillot.jpg\",\"width\":1500,\"height\":1500,\"caption\":\"Boucles d'oreilles les baigneuses ou la maitresse en maillot de bain\"},{\"@type\":\"BreadcrumbList\",\"@id\":\"https:\\\/\\\/www.mapesteadoree.fr\\\/boutique\\\/bijoux\\\/boucles-doreilles-baigneuses-amethyste\\\/#breadcrumb\",\"itemListElement\":[{\"@type\":\"ListItem\",\"position\":1,\"name\":\"Accueil\",\"item\":\"https:\\\/\\\/www.mapesteadoree.fr\\\/boutique\\\/\"},{\"@type\":\"ListItem\",\"position\":2,\"name\":\"Boutique de bijoux uniques en pierres naturelles\",\"item\":\"https:\\\/\\\/www.mapesteadoree.fr\\\/boutique\\\/\"},{\"@type\":\"ListItem\",\"position\":3,\"name\":\"Boucles d&rsquo;oreilles Baigneuses &#8211; Am\u00e9thyste\"}]},{\"@type\":\"WebSite\",\"@id\":\"https:\\\/\\\/www.mapesteadoree.fr\\\/boutique\\\/#website\",\"url\":\"https:\\\/\\\/www.mapesteadoree.fr\\\/boutique\\\/\",\"name\":\"Ma Peste Ador\u00e9e\",\"description\":\"\",\"publisher\":{\"@id\":\"https:\\\/\\\/www.mapesteadoree.fr\\\/boutique\\\/#organization\"},\"potentialAction\":[{\"@type\":\"SearchAction\",\"target\":{\"@type\":\"EntryPoint\",\"urlTemplate\":\"https:\\\/\\\/www.mapesteadoree.fr\\\/boutique\\\/?s={search_term_string}\"},\"query-input\":{\"@type\":\"PropertyValueSpecification\",\"valueRequired\":true,\"valueName\":\"search_term_string\"}}],\"inLanguage\":\"fr-FR\"},{\"@type\":\"Organization\",\"@id\":\"https:\\\/\\\/www.mapesteadoree.fr\\\/boutique\\\/#organization\",\"name\":\"Ma Peste Ador\u00e9e\",\"url\":\"https:\\\/\\\/www.mapesteadoree.fr\\\/boutique\\\/\",\"logo\":{\"@type\":\"ImageObject\",\"inLanguage\":\"fr-FR\",\"@id\":\"https:\\\/\\\/www.mapesteadoree.fr\\\/boutique\\\/#\\\/schema\\\/logo\\\/image\\\/\",\"url\":\"https:\\\/\\\/www.mapesteadoree.fr\\\/boutique\\\/wp-content\\\/uploads\\\/2024\\\/10\\\/cropped-logo-mpa-2024.png\",\"contentUrl\":\"https:\\\/\\\/www.mapesteadoree.fr\\\/boutique\\\/wp-content\\\/uploads\\\/2024\\\/10\\\/cropped-logo-mpa-2024.png\",\"width\":470,\"height\":110,\"caption\":\"Ma Peste Ador\u00e9e\"},\"image\":{\"@id\":\"https:\\\/\\\/www.mapesteadoree.fr\\\/boutique\\\/#\\\/schema\\\/logo\\\/image\\\/\"}}]}<\/script>\n<!-- \/ Yoast SEO plugin. -->","yoast_head_json":{"title":"Boucles d'oreilles Baigneuses - Am\u00e9thyste - Ma Peste Ador\u00e9e","description":"D\u00e9couvrez les boucles d'oreilles originales \u00e0 garder pour vous ou \u00e0 offrir \u00e0 la ma\u00eetresse pour la fin de l'ann\u00e9e scolaire","robots":{"index":"index","follow":"follow","max-snippet":"max-snippet:-1","max-image-preview":"max-image-preview:large","max-video-preview":"max-video-preview:-1"},"canonical":"https:\/\/www.mapesteadoree.fr\/boutique\/bijoux\/boucles-doreilles-baigneuses-amethyste\/","og_locale":"fr_FR","og_type":"article","og_title":"Boucles d'oreilles Baigneuses - Am\u00e9thyste - Ma Peste Ador\u00e9e","og_description":"D\u00e9couvrez les boucles d'oreilles originales \u00e0 garder pour vous ou \u00e0 offrir \u00e0 la ma\u00eetresse pour la fin de l'ann\u00e9e scolaire","og_url":"https:\/\/www.mapesteadoree.fr\/boutique\/bijoux\/boucles-doreilles-baigneuses-amethyste\/","og_site_name":"Ma Peste Ador\u00e9e","article_modified_time":"2025-12-14T19:18:48+00:00","og_image":[{"width":1500,"height":1500,"url":"https:\/\/www.mapesteadoree.fr\/boutique\/wp-content\/uploads\/2025\/04\/boucles-baigneuse-maillot.jpg","type":"image\/jpeg"}],"twitter_card":"summary_large_image","twitter_misc":{"Dur\u00e9e de lecture estim\u00e9e":"2 minutes"},"schema":{"@context":"https:\/\/schema.org","@graph":[{"@type":"WebPage","@id":"https:\/\/www.mapesteadoree.fr\/boutique\/bijoux\/boucles-doreilles-baigneuses-amethyste\/","url":"https:\/\/www.mapesteadoree.fr\/boutique\/bijoux\/boucles-doreilles-baigneuses-amethyste\/","name":"Boucles d'oreilles Baigneuses - Am\u00e9thyste - Ma Peste Ador\u00e9e","isPartOf":{"@id":"https:\/\/www.mapesteadoree.fr\/boutique\/#website"},"primaryImageOfPage":{"@id":"https:\/\/www.mapesteadoree.fr\/boutique\/bijoux\/boucles-doreilles-baigneuses-amethyste\/#primaryimage"},"image":{"@id":"https:\/\/www.mapesteadoree.fr\/boutique\/bijoux\/boucles-doreilles-baigneuses-amethyste\/#primaryimage"},"thumbnailUrl":"https:\/\/www.mapesteadoree.fr\/boutique\/wp-content\/uploads\/2025\/04\/boucles-baigneuse-maillot.jpg","datePublished":"2025-04-16T14:43:27+00:00","dateModified":"2025-12-14T19:18:48+00:00","description":"D\u00e9couvrez les boucles d'oreilles originales \u00e0 garder pour vous ou \u00e0 offrir \u00e0 la ma\u00eetresse pour la fin de l'ann\u00e9e scolaire","breadcrumb":{"@id":"https:\/\/www.mapesteadoree.fr\/boutique\/bijoux\/boucles-doreilles-baigneuses-amethyste\/#breadcrumb"},"inLanguage":"fr-FR","potentialAction":[{"@type":"ReadAction","target":["https:\/\/www.mapesteadoree.fr\/boutique\/bijoux\/boucles-doreilles-baigneuses-amethyste\/"]}]},{"@type":"ImageObject","inLanguage":"fr-FR","@id":"https:\/\/www.mapesteadoree.fr\/boutique\/bijoux\/boucles-doreilles-baigneuses-amethyste\/#primaryimage","url":"https:\/\/www.mapesteadoree.fr\/boutique\/wp-content\/uploads\/2025\/04\/boucles-baigneuse-maillot.jpg","contentUrl":"https:\/\/www.mapesteadoree.fr\/boutique\/wp-content\/uploads\/2025\/04\/boucles-baigneuse-maillot.jpg","width":1500,"height":1500,"caption":"Boucles d'oreilles les baigneuses ou la maitresse en maillot de bain"},{"@type":"BreadcrumbList","@id":"https:\/\/www.mapesteadoree.fr\/boutique\/bijoux\/boucles-doreilles-baigneuses-amethyste\/#breadcrumb","itemListElement":[{"@type":"ListItem","position":1,"name":"Accueil","item":"https:\/\/www.mapesteadoree.fr\/boutique\/"},{"@type":"ListItem","position":2,"name":"Boutique de bijoux uniques en pierres naturelles","item":"https:\/\/www.mapesteadoree.fr\/boutique\/"},{"@type":"ListItem","position":3,"name":"Boucles d&rsquo;oreilles Baigneuses &#8211; Am\u00e9thyste"}]},{"@type":"WebSite","@id":"https:\/\/www.mapesteadoree.fr\/boutique\/#website","url":"https:\/\/www.mapesteadoree.fr\/boutique\/","name":"Ma Peste Ador\u00e9e","description":"","publisher":{"@id":"https:\/\/www.mapesteadoree.fr\/boutique\/#organization"},"potentialAction":[{"@type":"SearchAction","target":{"@type":"EntryPoint","urlTemplate":"https:\/\/www.mapesteadoree.fr\/boutique\/?s={search_term_string}"},"query-input":{"@type":"PropertyValueSpecification","valueRequired":true,"valueName":"search_term_string"}}],"inLanguage":"fr-FR"},{"@type":"Organization","@id":"https:\/\/www.mapesteadoree.fr\/boutique\/#organization","name":"Ma Peste Ador\u00e9e","url":"https:\/\/www.mapesteadoree.fr\/boutique\/","logo":{"@type":"ImageObject","inLanguage":"fr-FR","@id":"https:\/\/www.mapesteadoree.fr\/boutique\/#\/schema\/logo\/image\/","url":"https:\/\/www.mapesteadoree.fr\/boutique\/wp-content\/uploads\/2024\/10\/cropped-logo-mpa-2024.png","contentUrl":"https:\/\/www.mapesteadoree.fr\/boutique\/wp-content\/uploads\/2024\/10\/cropped-logo-mpa-2024.png","width":470,"height":110,"caption":"Ma Peste Ador\u00e9e"},"image":{"@id":"https:\/\/www.mapesteadoree.fr\/boutique\/#\/schema\/logo\/image\/"}}]}},"wcpa_form_fields":null,"_links":{"self":[{"href":"https:\/\/www.mapesteadoree.fr\/boutique\/wp-json\/wp\/v2\/product\/56707","targetHints":{"allow":["GET"]}}],"collection":[{"href":"https:\/\/www.mapesteadoree.fr\/boutique\/wp-json\/wp\/v2\/product"}],"about":[{"href":"https:\/\/www.mapesteadoree.fr\/boutique\/wp-json\/wp\/v2\/types\/product"}],"replies":[{"embeddable":true,"href":"https:\/\/www.mapesteadoree.fr\/boutique\/wp-json\/wp\/v2\/comments?post=56707"}],"wp:featuredmedia":[{"embeddable":true,"href":"https:\/\/www.mapesteadoree.fr\/boutique\/wp-json\/wp\/v2\/media\/56694"}],"wp:attachment":[{"href":"https:\/\/www.mapesteadoree.fr\/boutique\/wp-json\/wp\/v2\/media?parent=56707"}],"wp:term":[{"taxonomy":"product_brand","embeddable":true,"href":"https:\/\/www.mapesteadoree.fr\/boutique\/wp-json\/wp\/v2\/product_brand?post=56707"},{"taxonomy":"product_cat","embeddable":true,"href":"https:\/\/www.mapesteadoree.fr\/boutique\/wp-json\/wp\/v2\/product_cat?post=56707"},{"taxonomy":"product_tag","embeddable":true,"href":"https:\/\/www.mapesteadoree.fr\/boutique\/wp-json\/wp\/v2\/product_tag?post=56707"}],"curies":[{"name":"wp","href":"https:\/\/api.w.org\/{rel}","templated":true}]}}