{"id":56428,"date":"2025-03-28T14:59:07","date_gmt":"2025-03-28T13:59:07","guid":{"rendered":"https:\/\/www.mapesteadoree.fr\/boutique\/?post_type=product&#038;p=56428"},"modified":"2026-02-27T20:41:52","modified_gmt":"2026-02-27T19:41:52","slug":"boucles-doreilles-saturne","status":"publish","type":"product","link":"https:\/\/www.mapesteadoree.fr\/boutique\/bijoux\/boucles-doreilles-saturne\/","title":{"rendered":"Boucles d&rsquo;oreilles Saturne"},"content":{"rendered":"<p>D\u00e9couvrez les boucles d&rsquo;oreilles \u00ab\u00a0Saturne\u00a0\u00bb, une paire de boucles en acier inoxydable dor\u00e9 ou argent\u00e9 ! <strong>Pour ce bijou, j&rsquo;ai choisi des pierres de soleil, pierre de lune et l\u00e9pidolite.<br \/>\n<\/strong><\/p>\n<h2>Des boucles d&rsquo;oreilles lithoth\u00e9rapie originales<\/h2>\n<p class=\"LC20lb MBeuO DKV0Md\">\u2b50 Cette paire de boucles d&rsquo;oreille\u00a0 a ce que je ne sais quoi de diff\u00e9rent des autres : )<\/p>\n<ul>\n<li>Longueur de chaque boucle : environ 5 cm<\/li>\n<li>Tube en acier inoxydable<\/li>\n<li>Petits appr\u00eats en acier inoxydable entre les perles (peuvent changer de la photo, selon le stock)<\/li>\n<li>Crochets de type hame\u00e7ons en acier inox<\/li>\n<li>Perles naturelles de 10mm (pierre de soleil), 6mm (l\u00e9pidolite) et 4mm (pierre de lune) de diam\u00e8tre.<\/li>\n<\/ul>\n<p><strong>Chaque paire est r\u00e9alis\u00e9e \u00e0 la main et sur mesure : ) Les appr\u00eats peuvent \u00eatre command\u00e9s en acier inox ou acier inox dor\u00e9.<br \/>\n<\/strong><\/p>\n<h2>Des pierres pour voir le bon c\u00f4t\u00e9 des choses<\/h2>\n<p class=\"LC20lb MBeuO DKV0Md\">\ud83d\udc8e J&rsquo;ai choisi 3 pierres que j&rsquo;aime beaucoup pour cette cr\u00e9ation :<\/p>\n<ul>\n<li>La pierre de soleil, pour ses bonnes vibes et la joie de vivre qu&rsquo;elle apporte<\/li>\n<li>La pierre de lune : pierre des femmes, elle guide vers le l\u00e2cher prise et la sagesse<\/li>\n<li>La l\u00e9pidolite : elle aide \u00e0 avoir l&rsquo;esprit en paix, \u00e0 laisser de c\u00f4t\u00e9 ses peurs et ses phobies<\/li>\n<\/ul>\n<blockquote><p>Chaque paire est livr\u00e9e avec une carte personnalis\u00e9e, avec le pr\u00e9nom de la personne \u00e0 qui est destin\u00e9e le bijou, les pierres utilis\u00e9es ainsi que leurs bienfaits.<\/p><\/blockquote>\n<h3>Entretien des bijoux lithoth\u00e9rapie<\/h3>\n<p class=\"LC20lb MBeuO DKV0Md\">\u26a0\ufe0f Les bijoux en pierres naturelles n\u00e9cessitent un soin particulier<\/p>\n<p class=\"LC20lb MBeuO DKV0Md\">\ud83c\udf12 1 fois par mois, passez un coup de chiffon doux sur votre bijou, puis rechargez les pierres les sois de pleine lune sur le rebord de votre fen\u00eatre<\/p>\n<p class=\"LC20lb MBeuO DKV0Md\">\ud83d\udebf Evitez le plus possible les douches, les bains, la piscine et l&rsquo;utilisation de produits abrasifs : parfum, savon, chlore, shampooing &#8230; Les pierres sont sensibles et peuvent ternir, se d\u00e9colorer voire d&rsquo;ab\u00eemer.<\/p>\n<p class=\"LC20lb MBeuO DKV0Md\">\ud83d\ude4f Mon conseil : mettez vos bijoux le matin, apr\u00e8s votre session douche\/maquillage\/parfum. Retirez-les le soir, avant votre bain ou douche si c&rsquo;est \u00e0 ce moment de la journ\u00e9e. Ainsi elles resteront belles longtemps : )<\/p>\n","protected":false},"excerpt":{"rendered":"<p><strong>Les boucles d&rsquo;oreilles \u00ab\u00a0Saturne\u00a0\u00bb ont ce petit truc en plus ! Enti\u00e8rement r\u00e9alis\u00e9es en acier inoxydable, vous pouvez choisir la finition argent\u00e9e ou dor\u00e9e ! <\/strong>Ces boucles d&rsquo;oreilles sont mont\u00e9s avec des perles naturelles 10,6 et 4mm : pierre de soleil, pierre de lune et l\u00e9pidolite.<\/p>\n","protected":false},"featured_media":56430,"comment_status":"open","ping_status":"closed","template":"","meta":[],"product_brand":[],"product_cat":[22,2081,26],"product_tag":[],"class_list":{"0":"post-56428","1":"product","2":"type-product","3":"status-publish","4":"has-post-thumbnail","6":"product_cat-bijoux-femmes","7":"product_cat-boucles-doreilles","8":"product_cat-pierres-naturelles","9":"wcpa_has_options","11":"first","12":"instock","13":"shipping-taxable","14":"purchasable","15":"product-type-simple"},"acf":[],"yoast_head":"<!-- This site is optimized with the Yoast SEO plugin v27.4 - https:\/\/yoast.com\/product\/yoast-seo-wordpress\/ -->\n<title>Boucles d&#039;oreilles Saturne - Ma Peste Ador\u00e9e<\/title>\n<meta name=\"description\" content=\"D\u00e9couvrez les boucles d&#039;oreilles originales &quot;Saturne&quot;, une paire l\u00e9g\u00e8re et originale avec des pierres naturelles 10, 6 et 4mm\" \/>\n<meta name=\"robots\" content=\"index, follow, max-snippet:-1, max-image-preview:large, max-video-preview:-1\" \/>\n<link rel=\"canonical\" href=\"https:\/\/www.mapesteadoree.fr\/boutique\/bijoux\/boucles-doreilles-saturne\/\" \/>\n<meta property=\"og:locale\" content=\"fr_FR\" \/>\n<meta property=\"og:type\" content=\"article\" \/>\n<meta property=\"og:title\" content=\"Boucles d&#039;oreilles Saturne - Ma Peste Ador\u00e9e\" \/>\n<meta property=\"og:description\" content=\"D\u00e9couvrez les boucles d&#039;oreilles originales &quot;Saturne&quot;, une paire l\u00e9g\u00e8re et originale avec des pierres naturelles 10, 6 et 4mm\" \/>\n<meta property=\"og:url\" content=\"https:\/\/www.mapesteadoree.fr\/boutique\/bijoux\/boucles-doreilles-saturne\/\" \/>\n<meta property=\"og:site_name\" content=\"Ma Peste Ador\u00e9e\" \/>\n<meta property=\"article:modified_time\" content=\"2026-02-27T19:41:52+00:00\" \/>\n<meta property=\"og:image\" content=\"https:\/\/www.mapesteadoree.fr\/boutique\/wp-content\/uploads\/2025\/03\/boucles-orange-violettes.jpg\" \/>\n\t<meta property=\"og:image:width\" content=\"1500\" \/>\n\t<meta property=\"og:image:height\" content=\"1500\" \/>\n\t<meta property=\"og:image:type\" content=\"image\/jpeg\" \/>\n<meta name=\"twitter:card\" content=\"summary_large_image\" \/>\n<meta name=\"twitter:label1\" content=\"Dur\u00e9e de lecture estim\u00e9e\" \/>\n\t<meta name=\"twitter:data1\" content=\"2 minutes\" \/>\n<script type=\"application\/ld+json\" class=\"yoast-schema-graph\">{\"@context\":\"https:\\\/\\\/schema.org\",\"@graph\":[{\"@type\":\"WebPage\",\"@id\":\"https:\\\/\\\/www.mapesteadoree.fr\\\/boutique\\\/bijoux\\\/boucles-doreilles-saturne\\\/\",\"url\":\"https:\\\/\\\/www.mapesteadoree.fr\\\/boutique\\\/bijoux\\\/boucles-doreilles-saturne\\\/\",\"name\":\"Boucles d'oreilles Saturne - Ma Peste Ador\u00e9e\",\"isPartOf\":{\"@id\":\"https:\\\/\\\/www.mapesteadoree.fr\\\/boutique\\\/#website\"},\"primaryImageOfPage\":{\"@id\":\"https:\\\/\\\/www.mapesteadoree.fr\\\/boutique\\\/bijoux\\\/boucles-doreilles-saturne\\\/#primaryimage\"},\"image\":{\"@id\":\"https:\\\/\\\/www.mapesteadoree.fr\\\/boutique\\\/bijoux\\\/boucles-doreilles-saturne\\\/#primaryimage\"},\"thumbnailUrl\":\"https:\\\/\\\/www.mapesteadoree.fr\\\/boutique\\\/wp-content\\\/uploads\\\/2025\\\/03\\\/boucles-orange-violettes.jpg\",\"datePublished\":\"2025-03-28T13:59:07+00:00\",\"dateModified\":\"2026-02-27T19:41:52+00:00\",\"description\":\"D\u00e9couvrez les boucles d'oreilles originales \\\"Saturne\\\", une paire l\u00e9g\u00e8re et originale avec des pierres naturelles 10, 6 et 4mm\",\"breadcrumb\":{\"@id\":\"https:\\\/\\\/www.mapesteadoree.fr\\\/boutique\\\/bijoux\\\/boucles-doreilles-saturne\\\/#breadcrumb\"},\"inLanguage\":\"fr-FR\",\"potentialAction\":[{\"@type\":\"ReadAction\",\"target\":[\"https:\\\/\\\/www.mapesteadoree.fr\\\/boutique\\\/bijoux\\\/boucles-doreilles-saturne\\\/\"]}]},{\"@type\":\"ImageObject\",\"inLanguage\":\"fr-FR\",\"@id\":\"https:\\\/\\\/www.mapesteadoree.fr\\\/boutique\\\/bijoux\\\/boucles-doreilles-saturne\\\/#primaryimage\",\"url\":\"https:\\\/\\\/www.mapesteadoree.fr\\\/boutique\\\/wp-content\\\/uploads\\\/2025\\\/03\\\/boucles-orange-violettes.jpg\",\"contentUrl\":\"https:\\\/\\\/www.mapesteadoree.fr\\\/boutique\\\/wp-content\\\/uploads\\\/2025\\\/03\\\/boucles-orange-violettes.jpg\",\"width\":1500,\"height\":1500,\"caption\":\"Boucles d'oreilles avec pierres de soleil et l\u00e9pidolite\"},{\"@type\":\"BreadcrumbList\",\"@id\":\"https:\\\/\\\/www.mapesteadoree.fr\\\/boutique\\\/bijoux\\\/boucles-doreilles-saturne\\\/#breadcrumb\",\"itemListElement\":[{\"@type\":\"ListItem\",\"position\":1,\"name\":\"Accueil\",\"item\":\"https:\\\/\\\/www.mapesteadoree.fr\\\/boutique\\\/\"},{\"@type\":\"ListItem\",\"position\":2,\"name\":\"Boutique de bijoux uniques en pierres naturelles\",\"item\":\"https:\\\/\\\/www.mapesteadoree.fr\\\/boutique\\\/\"},{\"@type\":\"ListItem\",\"position\":3,\"name\":\"Boucles d&rsquo;oreilles Saturne\"}]},{\"@type\":\"WebSite\",\"@id\":\"https:\\\/\\\/www.mapesteadoree.fr\\\/boutique\\\/#website\",\"url\":\"https:\\\/\\\/www.mapesteadoree.fr\\\/boutique\\\/\",\"name\":\"Ma Peste Ador\u00e9e\",\"description\":\"\",\"publisher\":{\"@id\":\"https:\\\/\\\/www.mapesteadoree.fr\\\/boutique\\\/#organization\"},\"potentialAction\":[{\"@type\":\"SearchAction\",\"target\":{\"@type\":\"EntryPoint\",\"urlTemplate\":\"https:\\\/\\\/www.mapesteadoree.fr\\\/boutique\\\/?s={search_term_string}\"},\"query-input\":{\"@type\":\"PropertyValueSpecification\",\"valueRequired\":true,\"valueName\":\"search_term_string\"}}],\"inLanguage\":\"fr-FR\"},{\"@type\":\"Organization\",\"@id\":\"https:\\\/\\\/www.mapesteadoree.fr\\\/boutique\\\/#organization\",\"name\":\"Ma Peste Ador\u00e9e\",\"url\":\"https:\\\/\\\/www.mapesteadoree.fr\\\/boutique\\\/\",\"logo\":{\"@type\":\"ImageObject\",\"inLanguage\":\"fr-FR\",\"@id\":\"https:\\\/\\\/www.mapesteadoree.fr\\\/boutique\\\/#\\\/schema\\\/logo\\\/image\\\/\",\"url\":\"https:\\\/\\\/www.mapesteadoree.fr\\\/boutique\\\/wp-content\\\/uploads\\\/2024\\\/10\\\/cropped-logo-mpa-2024.png\",\"contentUrl\":\"https:\\\/\\\/www.mapesteadoree.fr\\\/boutique\\\/wp-content\\\/uploads\\\/2024\\\/10\\\/cropped-logo-mpa-2024.png\",\"width\":470,\"height\":110,\"caption\":\"Ma Peste Ador\u00e9e\"},\"image\":{\"@id\":\"https:\\\/\\\/www.mapesteadoree.fr\\\/boutique\\\/#\\\/schema\\\/logo\\\/image\\\/\"}}]}<\/script>\n<!-- \/ Yoast SEO plugin. -->","yoast_head_json":{"title":"Boucles d'oreilles Saturne - Ma Peste Ador\u00e9e","description":"D\u00e9couvrez les boucles d'oreilles originales \"Saturne\", une paire l\u00e9g\u00e8re et originale avec des pierres naturelles 10, 6 et 4mm","robots":{"index":"index","follow":"follow","max-snippet":"max-snippet:-1","max-image-preview":"max-image-preview:large","max-video-preview":"max-video-preview:-1"},"canonical":"https:\/\/www.mapesteadoree.fr\/boutique\/bijoux\/boucles-doreilles-saturne\/","og_locale":"fr_FR","og_type":"article","og_title":"Boucles d'oreilles Saturne - Ma Peste Ador\u00e9e","og_description":"D\u00e9couvrez les boucles d'oreilles originales \"Saturne\", une paire l\u00e9g\u00e8re et originale avec des pierres naturelles 10, 6 et 4mm","og_url":"https:\/\/www.mapesteadoree.fr\/boutique\/bijoux\/boucles-doreilles-saturne\/","og_site_name":"Ma Peste Ador\u00e9e","article_modified_time":"2026-02-27T19:41:52+00:00","og_image":[{"width":1500,"height":1500,"url":"https:\/\/www.mapesteadoree.fr\/boutique\/wp-content\/uploads\/2025\/03\/boucles-orange-violettes.jpg","type":"image\/jpeg"}],"twitter_card":"summary_large_image","twitter_misc":{"Dur\u00e9e de lecture estim\u00e9e":"2 minutes"},"schema":{"@context":"https:\/\/schema.org","@graph":[{"@type":"WebPage","@id":"https:\/\/www.mapesteadoree.fr\/boutique\/bijoux\/boucles-doreilles-saturne\/","url":"https:\/\/www.mapesteadoree.fr\/boutique\/bijoux\/boucles-doreilles-saturne\/","name":"Boucles d'oreilles Saturne - Ma Peste Ador\u00e9e","isPartOf":{"@id":"https:\/\/www.mapesteadoree.fr\/boutique\/#website"},"primaryImageOfPage":{"@id":"https:\/\/www.mapesteadoree.fr\/boutique\/bijoux\/boucles-doreilles-saturne\/#primaryimage"},"image":{"@id":"https:\/\/www.mapesteadoree.fr\/boutique\/bijoux\/boucles-doreilles-saturne\/#primaryimage"},"thumbnailUrl":"https:\/\/www.mapesteadoree.fr\/boutique\/wp-content\/uploads\/2025\/03\/boucles-orange-violettes.jpg","datePublished":"2025-03-28T13:59:07+00:00","dateModified":"2026-02-27T19:41:52+00:00","description":"D\u00e9couvrez les boucles d'oreilles originales \"Saturne\", une paire l\u00e9g\u00e8re et originale avec des pierres naturelles 10, 6 et 4mm","breadcrumb":{"@id":"https:\/\/www.mapesteadoree.fr\/boutique\/bijoux\/boucles-doreilles-saturne\/#breadcrumb"},"inLanguage":"fr-FR","potentialAction":[{"@type":"ReadAction","target":["https:\/\/www.mapesteadoree.fr\/boutique\/bijoux\/boucles-doreilles-saturne\/"]}]},{"@type":"ImageObject","inLanguage":"fr-FR","@id":"https:\/\/www.mapesteadoree.fr\/boutique\/bijoux\/boucles-doreilles-saturne\/#primaryimage","url":"https:\/\/www.mapesteadoree.fr\/boutique\/wp-content\/uploads\/2025\/03\/boucles-orange-violettes.jpg","contentUrl":"https:\/\/www.mapesteadoree.fr\/boutique\/wp-content\/uploads\/2025\/03\/boucles-orange-violettes.jpg","width":1500,"height":1500,"caption":"Boucles d'oreilles avec pierres de soleil et l\u00e9pidolite"},{"@type":"BreadcrumbList","@id":"https:\/\/www.mapesteadoree.fr\/boutique\/bijoux\/boucles-doreilles-saturne\/#breadcrumb","itemListElement":[{"@type":"ListItem","position":1,"name":"Accueil","item":"https:\/\/www.mapesteadoree.fr\/boutique\/"},{"@type":"ListItem","position":2,"name":"Boutique de bijoux uniques en pierres naturelles","item":"https:\/\/www.mapesteadoree.fr\/boutique\/"},{"@type":"ListItem","position":3,"name":"Boucles d&rsquo;oreilles Saturne"}]},{"@type":"WebSite","@id":"https:\/\/www.mapesteadoree.fr\/boutique\/#website","url":"https:\/\/www.mapesteadoree.fr\/boutique\/","name":"Ma Peste Ador\u00e9e","description":"","publisher":{"@id":"https:\/\/www.mapesteadoree.fr\/boutique\/#organization"},"potentialAction":[{"@type":"SearchAction","target":{"@type":"EntryPoint","urlTemplate":"https:\/\/www.mapesteadoree.fr\/boutique\/?s={search_term_string}"},"query-input":{"@type":"PropertyValueSpecification","valueRequired":true,"valueName":"search_term_string"}}],"inLanguage":"fr-FR"},{"@type":"Organization","@id":"https:\/\/www.mapesteadoree.fr\/boutique\/#organization","name":"Ma Peste Ador\u00e9e","url":"https:\/\/www.mapesteadoree.fr\/boutique\/","logo":{"@type":"ImageObject","inLanguage":"fr-FR","@id":"https:\/\/www.mapesteadoree.fr\/boutique\/#\/schema\/logo\/image\/","url":"https:\/\/www.mapesteadoree.fr\/boutique\/wp-content\/uploads\/2024\/10\/cropped-logo-mpa-2024.png","contentUrl":"https:\/\/www.mapesteadoree.fr\/boutique\/wp-content\/uploads\/2024\/10\/cropped-logo-mpa-2024.png","width":470,"height":110,"caption":"Ma Peste Ador\u00e9e"},"image":{"@id":"https:\/\/www.mapesteadoree.fr\/boutique\/#\/schema\/logo\/image\/"}}]}},"wcpa_form_fields":{"wcpaData":{"product":{"product_price":16,"price_html":"<span class=\"woocommerce-Price-amount amount\"><bdi>16,00&nbsp;<span class=\"woocommerce-Price-currencySymbol\">&euro;<\/span><\/bdi><\/span>","original_product_price":16,"price_including_tax":16,"price_excluding_tax":16,"product_id":{"parent":56428,"variation":false},"is_variable":false,"stock_status":"instock","stock_quantity":6,"parent_sku":"","product_attributes":[],"custom_fields":[],"is_taxable":false,"product_name":"Boucles d'oreilles Saturne","hasImage":false},"fields":{"sec_967e6aee2d3505":{"extra":{"key":"sec_967e6aee2d3505","section_id":"sec_967e6aee2d3505","name":"Default","status":1,"cl_rule":"show","enableCl":false,"relations":[],"toggle":true,"title_tag":"h3","show_title":false,"showPrice":"default","form_id":56433,"form_rules":{"exclude_from_discount":false,"fee_label":"Fee","disp_hide_options_price":false,"disp_show_section_price":false,"disp_show_field_price":true,"layout_option":"standard","pric_use_as_fee":false,"process_fee_as":"woo_fee"},"layout_option":"standard"},"fields":[[{"type":"textarea","elementId":"textarea_367e6aee2d351d","label":"Pr\u00e9nom (sert \u00e0 personnaliser le livret explicatif)","pricingType":"fixed","rows":"1","name":"textarea_367e6aee2d351d","maxlength":"500","mapToCheckoutFieldParent":"billing","mapToCheckoutField":"billing_first_name","cl_rule":"show","col":3,"relations":false,"active":true,"tooltip":"","gt_translate_keys":["label","tooltip"],"price_dependency":false,"cl_dependency":false,"value":""}],[{"active":true,"col":6,"relations":false,"cl_rule":"show","enableCl":false,"price":"","enablePrice":false,"className":"","label_position":"default","desc_position":"default","type":"select","required":true,"elementId":"select_067e6aee2d3525","label":"Choix de la couleur","name":"select_067e6aee2d3525","values":[{"label":"Acier inox couleur or","value":"Option - 1","selected":true,"tempId":"aco_521","price":"0","gt_translate_keys":["label"]},{"label":"Acier inox couleur argent","value":"Option - 2","selected":false,"tempId":"aco_522","price":"2","gt_translate_keys":["label"]}],"dropdown_type":"basic","error":false,"priceOptions":"different_for_all","pricingType":"fixed","gt_translate_keys":["label"],"price_dependency":false,"cl_dependency":false,"value":""}],[{"type":"textarea","elementId":"textarea_467e6aee2d3530","label":"Commentaire","pricingType":"fixed","rows":"4","name":"textarea_467e6aee2d3530","maxlength":"500","mapToCheckoutFieldParent":"billing","mapToCheckoutField":"billing_first_name","cl_rule":"show","col":6,"relations":false,"active":true,"tooltip":"","error":false,"gt_translate_keys":["label","tooltip"],"price_dependency":false,"cl_dependency":false,"value":""}]]}},"config":{"price_override":"","enable_recaptcha":false,"bind_quantity":false,"quantity_bind_formula":false,"disp_summ_show_option_price":true,"disp_summ_show_product_price":true,"disp_summ_show_total_price":true,"disp_summ_show_fee":false,"disp_summ_show_discount":false,"summary_title":"","options_total_label":"Prix des options","total_label":"Total","options_product_label":"Prix du bijou","fee_label":"Fee","discount_label":"Discount","has_price":true,"has_quantity_formula":false},"mc_unit":1,"tax_rate":1,"tax_rate_real":1,"discount":{"percentage":0,"fixed":0},"design":{"conf":{"LabelPosition":"above","DescPosition":"above","UploadField":"custom_1","QuantityFieldStyle":"default"},"css":{"LeftLabelWidth":"120px"}},"formulas":[],"lookuptables":[],"clones":false,"cartKey":false}},"_links":{"self":[{"href":"https:\/\/www.mapesteadoree.fr\/boutique\/wp-json\/wp\/v2\/product\/56428","targetHints":{"allow":["GET"]}}],"collection":[{"href":"https:\/\/www.mapesteadoree.fr\/boutique\/wp-json\/wp\/v2\/product"}],"about":[{"href":"https:\/\/www.mapesteadoree.fr\/boutique\/wp-json\/wp\/v2\/types\/product"}],"replies":[{"embeddable":true,"href":"https:\/\/www.mapesteadoree.fr\/boutique\/wp-json\/wp\/v2\/comments?post=56428"}],"wp:featuredmedia":[{"embeddable":true,"href":"https:\/\/www.mapesteadoree.fr\/boutique\/wp-json\/wp\/v2\/media\/56430"}],"wp:attachment":[{"href":"https:\/\/www.mapesteadoree.fr\/boutique\/wp-json\/wp\/v2\/media?parent=56428"}],"wp:term":[{"taxonomy":"product_brand","embeddable":true,"href":"https:\/\/www.mapesteadoree.fr\/boutique\/wp-json\/wp\/v2\/product_brand?post=56428"},{"taxonomy":"product_cat","embeddable":true,"href":"https:\/\/www.mapesteadoree.fr\/boutique\/wp-json\/wp\/v2\/product_cat?post=56428"},{"taxonomy":"product_tag","embeddable":true,"href":"https:\/\/www.mapesteadoree.fr\/boutique\/wp-json\/wp\/v2\/product_tag?post=56428"}],"curies":[{"name":"wp","href":"https:\/\/api.w.org\/{rel}","templated":true}]}}