{"id":56246,"date":"2025-03-17T15:13:41","date_gmt":"2025-03-17T14:13:41","guid":{"rendered":"https:\/\/www.mapesteadoree.fr\/boutique\/?post_type=product&#038;p=56246"},"modified":"2026-04-18T20:30:22","modified_gmt":"2026-04-18T18:30:22","slug":"creoles-20mm-synergie-au-choix","status":"publish","type":"product","link":"https:\/\/www.mapesteadoree.fr\/boutique\/bijoux\/creoles-20mm-synergie-au-choix\/","title":{"rendered":"Cr\u00e9oles 20mm &#8211; Synergie au choix"},"content":{"rendered":"<p class=\"LC20lb MBeuO DKV0Md\">\ud83d\udc42D\u00e9couvrez les boucles d&rsquo;oreilles cr\u00e9oles, 20mm de diam\u00e8tre, en acier inoxydable (argent\u00e9 ou dor\u00e9, au choix) et pierres naturelles.<\/p>\n<p>\ud83d\udd25 Vous avez le choix entre 5 synergies de min\u00e9raux diff\u00e9rentes, selon vos besoins<\/p>\n<p class=\"LC20lb MBeuO DKV0Md\">\ud83d\udd12 J&rsquo;ai s\u00e9lectionn\u00e9 des cr\u00e9oles en acier inoxydable, qui sont une vraie tendance mode : ) <strong>Et surtout, ce sont des boucles d&rsquo;oreilles solides qu&rsquo;on ne perd pas, ou en tout cas pas facilement.<\/strong> C&rsquo;est vraiment mon syst\u00e8me de fermeture pr\u00e9f\u00e9r\u00e9, facile \u00e0 mettre en place et qui est s\u00e9curis\u00e9. Vous verrez, l&rsquo;essayer c&rsquo;est l&rsquo;adopter : )<\/p>\n<blockquote>\n<p class=\"LC20lb MBeuO DKV0Md\">\ud83d\udca1Si vous cherchez des petites boucles d&rsquo;oreilles lithoth\u00e9rapie pour filles, j&rsquo;ai \u00e9galement un mod\u00e8le g\u00e9nial ! Ce sont des petites cr\u00e9oles en argent 925 ou plaqu\u00e9 or v\u00e9ritable, avec 3 perles naturelles 4mm au choix. C&rsquo;est \u00e9galement un mod\u00e8le que j&rsquo;ai s\u00e9lectionn\u00e9 car il tient bien aux oreilles des enfants : )<\/p>\n<\/blockquote>\n<h2>Des cr\u00e9oles lithoth\u00e9rapie en acier inox<\/h2>\n<p>Pour ces boucles d&rsquo;oreilles cr\u00e9oles en pierres, vous avez le choix entre 2 mod\u00e8les, de 2 couleurs diff\u00e9rentes :<\/p>\n<ul>\n<li>Cr\u00e9oles acier inox couleur argent, assez fines<\/li>\n<li>Cr\u00e9oles acier inox couleur dor\u00e9, plus \u00e9paisses<\/li>\n<\/ul>\n<p>Chaque paire est r\u00e9gl\u00e9 par mes soins, pour que le syst\u00e8me de fermeture fonctionne bien. Pour que ce soit facile \u00e0 clipser, et que cela reste bien en place.<\/p>\n<p>Longueur totale des boucles : environ 40mm.<\/p>\n<h2>5 synergies de pierres au choix<\/h2>\n<p>Une fois la couleur de votre paire de cr\u00e9oles choisie, vous pouvez choisir entre 5 synergies (association) diff\u00e9rentes. Chaque cr\u00e9ole est compos\u00e9e de 4 pierres, de tailles et formes diff\u00e9rentes, assembl\u00e9s sur une tige en acier inoxydable. De bas en haut : perle 3-4mm &#8211; Chips &#8211; perle \u00e0 facette 7mm &#8211; perle 3-4mm<\/p>\n<p>Voici les associations de 5 couleurs propos\u00e9es :<\/p>\n<ul>\n<li><b>\u00a0Rose \/ Douceur &amp; Calme : <\/b>avec nacre, cristal de roche, quartz rose et pierre de lune<\/li>\n<li><b>Bleu \/ Communication &amp; Anti stress : <\/b>avec lapis lazuli, cristal de roche, aigue marine et sodalite<\/li>\n<li><b>Violet \/ Protection &amp; Sommeil : <\/b>avec am\u00e9thyste, spinelle noire et h\u00e9matite<\/li>\n<li><b>Marron \/ Force &amp; Optimisme : <\/b>avec quartz fum\u00e9, citrine, oeil de tigre et bois fossile<\/li>\n<li><b>Multicolore \/ Cr\u00e9ativit\u00e9 &amp; Joie : <\/b>avec am\u00e9thyste, citrine, aventurine verte et cornaline<\/li>\n<\/ul>\n<blockquote>\n<p class=\"LC20lb MBeuO DKV0Md\">\ud83d\udcd6 <em>Si vous souhaitez d\u00e9couvrir les bienfaits des pierres plus en d\u00e9tails, vous pouvez les consulter dans <a href=\"https:\/\/www.mapesteadoree.fr\/boutique\/pierres-naturelles-et-lithotherapie\/\">mon guide pratique de lithoth\u00e9rapie\u00a0<\/a><\/em><\/p>\n<\/blockquote>\n<p>&nbsp;<\/p>\n<p>Chaque paire de cr\u00e9oles est livr\u00e9e dans une pochette holographique, \u00a0accompagn\u00e9e d&rsquo;une carte personnalis\u00e9e qui reprend la synergie utilis\u00e9e ainsi que ses bienfaits.<\/p>\n<p><em>Les bijoux en pierres naturelles n\u00e9cessitent peu d&rsquo;entretien, n\u00e9anmoins il est conseill\u00e9 de les mettre \u00e0 l&rsquo;abri de l&rsquo;eau et de l&rsquo;humidit\u00e9.\u00a0<\/em><\/p>\n","protected":false},"excerpt":{"rendered":"<p>\u2764\ufe0f Paire de cr\u00e9oles pour femme en acier inoxable couleur argent ou or, diam\u00e8tre 20mm, avec syst\u00e8me de fermeture s\u00e9curis\u00e9.<\/p>\n<p class=\"LC20lb MBeuO DKV0Md\">\u00a0\ud83c\udf08 Vous avez le choix entre 5 associations de pierres diff\u00e9rentes, selon vos go\u00fbts ou vos besoins.<\/p>\n<p class=\"LC20lb MBeuO DKV0Md\">\ud83d\udce9 N&rsquo;h\u00e9sitez pas \u00e0 me contacter si vous avez des questions ou besoin de conseil : )<\/p>\n","protected":false},"featured_media":56248,"comment_status":"open","ping_status":"closed","template":"","meta":[],"product_brand":[],"product_cat":[22,2081,26,35],"product_tag":[2068,2034,2070,2069,2076],"class_list":{"0":"post-56246","1":"product","2":"type-product","3":"status-publish","4":"has-post-thumbnail","6":"product_cat-bijoux-femmes","7":"product_cat-boucles-doreilles","8":"product_cat-pierres-naturelles","9":"product_cat-pierres-naturelles-femme","10":"product_tag-maman","11":"product_tag-protection","12":"product_tag-sommeil","13":"product_tag-stress","14":"product_tag-selection-de-bijoux-sur-mesure-en-pierres-naturelles","15":"wcpa_has_options","17":"first","18":"instock","19":"shipping-taxable","20":"purchasable","21":"product-type-simple"},"acf":[],"yoast_head":"<!-- This site is optimized with the Yoast SEO plugin v27.5 - https:\/\/yoast.com\/product\/yoast-seo-wordpress\/ -->\n<title>Cr\u00e9oles lithoth\u00e9rapie acier inox femme<\/title>\n<meta name=\"description\" content=\"D\u00e9couvrez la paire de cr\u00e9oles en acier inoxydable en pierres naturelles, avec au choix la couleur dor\u00e9e ou argent\u00e9e + 5 associations propos\u00e9es\" \/>\n<meta name=\"robots\" content=\"index, follow, max-snippet:-1, max-image-preview:large, max-video-preview:-1\" \/>\n<link rel=\"canonical\" href=\"https:\/\/www.mapesteadoree.fr\/boutique\/bijoux\/creoles-20mm-synergie-au-choix\/\" \/>\n<meta property=\"og:locale\" content=\"fr_FR\" \/>\n<meta property=\"og:type\" content=\"article\" \/>\n<meta property=\"og:title\" content=\"Cr\u00e9oles lithoth\u00e9rapie acier inox femme\" \/>\n<meta property=\"og:description\" content=\"D\u00e9couvrez la paire de cr\u00e9oles en acier inoxydable en pierres naturelles, avec au choix la couleur dor\u00e9e ou argent\u00e9e + 5 associations propos\u00e9es\" \/>\n<meta property=\"og:url\" content=\"https:\/\/www.mapesteadoree.fr\/boutique\/bijoux\/creoles-20mm-synergie-au-choix\/\" \/>\n<meta property=\"og:site_name\" content=\"Ma Peste Ador\u00e9e\" \/>\n<meta property=\"article:modified_time\" content=\"2026-04-18T18:30:22+00:00\" \/>\n<meta property=\"og:image\" content=\"https:\/\/www.mapesteadoree.fr\/boutique\/wp-content\/uploads\/2025\/03\/creoles-20mm-fp.jpg\" \/>\n\t<meta property=\"og:image:width\" content=\"1500\" \/>\n\t<meta property=\"og:image:height\" content=\"1500\" \/>\n\t<meta property=\"og:image:type\" content=\"image\/jpeg\" \/>\n<meta name=\"twitter:card\" content=\"summary_large_image\" \/>\n<meta name=\"twitter:label1\" content=\"Dur\u00e9e de lecture estim\u00e9e\" \/>\n\t<meta name=\"twitter:data1\" content=\"3 minutes\" \/>\n<script type=\"application\/ld+json\" class=\"yoast-schema-graph\">{\"@context\":\"https:\\\/\\\/schema.org\",\"@graph\":[{\"@type\":\"WebPage\",\"@id\":\"https:\\\/\\\/www.mapesteadoree.fr\\\/boutique\\\/bijoux\\\/creoles-20mm-synergie-au-choix\\\/\",\"url\":\"https:\\\/\\\/www.mapesteadoree.fr\\\/boutique\\\/bijoux\\\/creoles-20mm-synergie-au-choix\\\/\",\"name\":\"Cr\u00e9oles lithoth\u00e9rapie acier inox femme\",\"isPartOf\":{\"@id\":\"https:\\\/\\\/www.mapesteadoree.fr\\\/boutique\\\/#website\"},\"primaryImageOfPage\":{\"@id\":\"https:\\\/\\\/www.mapesteadoree.fr\\\/boutique\\\/bijoux\\\/creoles-20mm-synergie-au-choix\\\/#primaryimage\"},\"image\":{\"@id\":\"https:\\\/\\\/www.mapesteadoree.fr\\\/boutique\\\/bijoux\\\/creoles-20mm-synergie-au-choix\\\/#primaryimage\"},\"thumbnailUrl\":\"https:\\\/\\\/www.mapesteadoree.fr\\\/boutique\\\/wp-content\\\/uploads\\\/2025\\\/03\\\/creoles-20mm-fp.jpg\",\"datePublished\":\"2025-03-17T14:13:41+00:00\",\"dateModified\":\"2026-04-18T18:30:22+00:00\",\"description\":\"D\u00e9couvrez la paire de cr\u00e9oles en acier inoxydable en pierres naturelles, avec au choix la couleur dor\u00e9e ou argent\u00e9e + 5 associations propos\u00e9es\",\"breadcrumb\":{\"@id\":\"https:\\\/\\\/www.mapesteadoree.fr\\\/boutique\\\/bijoux\\\/creoles-20mm-synergie-au-choix\\\/#breadcrumb\"},\"inLanguage\":\"fr-FR\",\"potentialAction\":[{\"@type\":\"ReadAction\",\"target\":[\"https:\\\/\\\/www.mapesteadoree.fr\\\/boutique\\\/bijoux\\\/creoles-20mm-synergie-au-choix\\\/\"]}]},{\"@type\":\"ImageObject\",\"inLanguage\":\"fr-FR\",\"@id\":\"https:\\\/\\\/www.mapesteadoree.fr\\\/boutique\\\/bijoux\\\/creoles-20mm-synergie-au-choix\\\/#primaryimage\",\"url\":\"https:\\\/\\\/www.mapesteadoree.fr\\\/boutique\\\/wp-content\\\/uploads\\\/2025\\\/03\\\/creoles-20mm-fp.jpg\",\"contentUrl\":\"https:\\\/\\\/www.mapesteadoree.fr\\\/boutique\\\/wp-content\\\/uploads\\\/2025\\\/03\\\/creoles-20mm-fp.jpg\",\"width\":1500,\"height\":1500,\"caption\":\"Cr\u00e9oles lithoth\u00e9rapie femme an acier inoxydable avec synergie de pierres naturelles au choix\"},{\"@type\":\"BreadcrumbList\",\"@id\":\"https:\\\/\\\/www.mapesteadoree.fr\\\/boutique\\\/bijoux\\\/creoles-20mm-synergie-au-choix\\\/#breadcrumb\",\"itemListElement\":[{\"@type\":\"ListItem\",\"position\":1,\"name\":\"Accueil\",\"item\":\"https:\\\/\\\/www.mapesteadoree.fr\\\/boutique\\\/\"},{\"@type\":\"ListItem\",\"position\":2,\"name\":\"Boutique de bijoux uniques en pierres naturelles\",\"item\":\"https:\\\/\\\/www.mapesteadoree.fr\\\/boutique\\\/\"},{\"@type\":\"ListItem\",\"position\":3,\"name\":\"Cr\u00e9oles 20mm &#8211; Synergie au choix\"}]},{\"@type\":\"WebSite\",\"@id\":\"https:\\\/\\\/www.mapesteadoree.fr\\\/boutique\\\/#website\",\"url\":\"https:\\\/\\\/www.mapesteadoree.fr\\\/boutique\\\/\",\"name\":\"Ma Peste Ador\u00e9e\",\"description\":\"\",\"publisher\":{\"@id\":\"https:\\\/\\\/www.mapesteadoree.fr\\\/boutique\\\/#organization\"},\"potentialAction\":[{\"@type\":\"SearchAction\",\"target\":{\"@type\":\"EntryPoint\",\"urlTemplate\":\"https:\\\/\\\/www.mapesteadoree.fr\\\/boutique\\\/?s={search_term_string}\"},\"query-input\":{\"@type\":\"PropertyValueSpecification\",\"valueRequired\":true,\"valueName\":\"search_term_string\"}}],\"inLanguage\":\"fr-FR\"},{\"@type\":\"Organization\",\"@id\":\"https:\\\/\\\/www.mapesteadoree.fr\\\/boutique\\\/#organization\",\"name\":\"Ma Peste Ador\u00e9e\",\"url\":\"https:\\\/\\\/www.mapesteadoree.fr\\\/boutique\\\/\",\"logo\":{\"@type\":\"ImageObject\",\"inLanguage\":\"fr-FR\",\"@id\":\"https:\\\/\\\/www.mapesteadoree.fr\\\/boutique\\\/#\\\/schema\\\/logo\\\/image\\\/\",\"url\":\"https:\\\/\\\/www.mapesteadoree.fr\\\/boutique\\\/wp-content\\\/uploads\\\/2024\\\/10\\\/cropped-logo-mpa-2024.png\",\"contentUrl\":\"https:\\\/\\\/www.mapesteadoree.fr\\\/boutique\\\/wp-content\\\/uploads\\\/2024\\\/10\\\/cropped-logo-mpa-2024.png\",\"width\":470,\"height\":110,\"caption\":\"Ma Peste Ador\u00e9e\"},\"image\":{\"@id\":\"https:\\\/\\\/www.mapesteadoree.fr\\\/boutique\\\/#\\\/schema\\\/logo\\\/image\\\/\"}}]}<\/script>\n<!-- \/ Yoast SEO plugin. -->","yoast_head_json":{"title":"Cr\u00e9oles lithoth\u00e9rapie acier inox femme","description":"D\u00e9couvrez la paire de cr\u00e9oles en acier inoxydable en pierres naturelles, avec au choix la couleur dor\u00e9e ou argent\u00e9e + 5 associations propos\u00e9es","robots":{"index":"index","follow":"follow","max-snippet":"max-snippet:-1","max-image-preview":"max-image-preview:large","max-video-preview":"max-video-preview:-1"},"canonical":"https:\/\/www.mapesteadoree.fr\/boutique\/bijoux\/creoles-20mm-synergie-au-choix\/","og_locale":"fr_FR","og_type":"article","og_title":"Cr\u00e9oles lithoth\u00e9rapie acier inox femme","og_description":"D\u00e9couvrez la paire de cr\u00e9oles en acier inoxydable en pierres naturelles, avec au choix la couleur dor\u00e9e ou argent\u00e9e + 5 associations propos\u00e9es","og_url":"https:\/\/www.mapesteadoree.fr\/boutique\/bijoux\/creoles-20mm-synergie-au-choix\/","og_site_name":"Ma Peste Ador\u00e9e","article_modified_time":"2026-04-18T18:30:22+00:00","og_image":[{"width":1500,"height":1500,"url":"https:\/\/www.mapesteadoree.fr\/boutique\/wp-content\/uploads\/2025\/03\/creoles-20mm-fp.jpg","type":"image\/jpeg"}],"twitter_card":"summary_large_image","twitter_misc":{"Dur\u00e9e de lecture estim\u00e9e":"3 minutes"},"schema":{"@context":"https:\/\/schema.org","@graph":[{"@type":"WebPage","@id":"https:\/\/www.mapesteadoree.fr\/boutique\/bijoux\/creoles-20mm-synergie-au-choix\/","url":"https:\/\/www.mapesteadoree.fr\/boutique\/bijoux\/creoles-20mm-synergie-au-choix\/","name":"Cr\u00e9oles lithoth\u00e9rapie acier inox femme","isPartOf":{"@id":"https:\/\/www.mapesteadoree.fr\/boutique\/#website"},"primaryImageOfPage":{"@id":"https:\/\/www.mapesteadoree.fr\/boutique\/bijoux\/creoles-20mm-synergie-au-choix\/#primaryimage"},"image":{"@id":"https:\/\/www.mapesteadoree.fr\/boutique\/bijoux\/creoles-20mm-synergie-au-choix\/#primaryimage"},"thumbnailUrl":"https:\/\/www.mapesteadoree.fr\/boutique\/wp-content\/uploads\/2025\/03\/creoles-20mm-fp.jpg","datePublished":"2025-03-17T14:13:41+00:00","dateModified":"2026-04-18T18:30:22+00:00","description":"D\u00e9couvrez la paire de cr\u00e9oles en acier inoxydable en pierres naturelles, avec au choix la couleur dor\u00e9e ou argent\u00e9e + 5 associations propos\u00e9es","breadcrumb":{"@id":"https:\/\/www.mapesteadoree.fr\/boutique\/bijoux\/creoles-20mm-synergie-au-choix\/#breadcrumb"},"inLanguage":"fr-FR","potentialAction":[{"@type":"ReadAction","target":["https:\/\/www.mapesteadoree.fr\/boutique\/bijoux\/creoles-20mm-synergie-au-choix\/"]}]},{"@type":"ImageObject","inLanguage":"fr-FR","@id":"https:\/\/www.mapesteadoree.fr\/boutique\/bijoux\/creoles-20mm-synergie-au-choix\/#primaryimage","url":"https:\/\/www.mapesteadoree.fr\/boutique\/wp-content\/uploads\/2025\/03\/creoles-20mm-fp.jpg","contentUrl":"https:\/\/www.mapesteadoree.fr\/boutique\/wp-content\/uploads\/2025\/03\/creoles-20mm-fp.jpg","width":1500,"height":1500,"caption":"Cr\u00e9oles lithoth\u00e9rapie femme an acier inoxydable avec synergie de pierres naturelles au choix"},{"@type":"BreadcrumbList","@id":"https:\/\/www.mapesteadoree.fr\/boutique\/bijoux\/creoles-20mm-synergie-au-choix\/#breadcrumb","itemListElement":[{"@type":"ListItem","position":1,"name":"Accueil","item":"https:\/\/www.mapesteadoree.fr\/boutique\/"},{"@type":"ListItem","position":2,"name":"Boutique de bijoux uniques en pierres naturelles","item":"https:\/\/www.mapesteadoree.fr\/boutique\/"},{"@type":"ListItem","position":3,"name":"Cr\u00e9oles 20mm &#8211; Synergie au choix"}]},{"@type":"WebSite","@id":"https:\/\/www.mapesteadoree.fr\/boutique\/#website","url":"https:\/\/www.mapesteadoree.fr\/boutique\/","name":"Ma Peste Ador\u00e9e","description":"","publisher":{"@id":"https:\/\/www.mapesteadoree.fr\/boutique\/#organization"},"potentialAction":[{"@type":"SearchAction","target":{"@type":"EntryPoint","urlTemplate":"https:\/\/www.mapesteadoree.fr\/boutique\/?s={search_term_string}"},"query-input":{"@type":"PropertyValueSpecification","valueRequired":true,"valueName":"search_term_string"}}],"inLanguage":"fr-FR"},{"@type":"Organization","@id":"https:\/\/www.mapesteadoree.fr\/boutique\/#organization","name":"Ma Peste Ador\u00e9e","url":"https:\/\/www.mapesteadoree.fr\/boutique\/","logo":{"@type":"ImageObject","inLanguage":"fr-FR","@id":"https:\/\/www.mapesteadoree.fr\/boutique\/#\/schema\/logo\/image\/","url":"https:\/\/www.mapesteadoree.fr\/boutique\/wp-content\/uploads\/2024\/10\/cropped-logo-mpa-2024.png","contentUrl":"https:\/\/www.mapesteadoree.fr\/boutique\/wp-content\/uploads\/2024\/10\/cropped-logo-mpa-2024.png","width":470,"height":110,"caption":"Ma Peste Ador\u00e9e"},"image":{"@id":"https:\/\/www.mapesteadoree.fr\/boutique\/#\/schema\/logo\/image\/"}}]}},"wcpa_form_fields":{"wcpaData":{"product":{"product_price":16,"price_html":"<span class=\"woocommerce-Price-amount amount\"><bdi>16,00&nbsp;<span class=\"woocommerce-Price-currencySymbol\">&euro;<\/span><\/bdi><\/span>","original_product_price":16,"price_including_tax":16,"price_excluding_tax":16,"product_id":{"parent":56246,"variation":false},"is_variable":false,"stock_status":"instock","stock_quantity":3,"parent_sku":"","product_attributes":[],"custom_fields":[],"is_taxable":false,"product_name":"Cr\u00e9oles 20mm - Synergie au choix","hasImage":false},"fields":{"sec_967d97fe01bb9b":{"extra":{"key":"sec_967d97fe01bb9b","section_id":"sec_967d97fe01bb9b","name":"Default","status":1,"cl_rule":"show","enableCl":false,"relations":[],"toggle":true,"title_tag":"h3","show_title":false,"showPrice":"default","form_id":56261,"form_rules":{"exclude_from_discount":false,"fee_label":"Fee","disp_hide_options_price":false,"disp_show_section_price":false,"disp_show_field_price":true,"layout_option":"standard","pric_use_as_fee":false,"process_fee_as":"woo_fee"},"layout_option":"standard"},"fields":[[{"type":"textarea","elementId":"textarea_367d97fe01bbc8","label":"Pr\u00e9nom (sert \u00e0 personnaliser le livret explicatif)","pricingType":"fixed","rows":"1","name":"textarea_367d97fe01bbc8","maxlength":"500","mapToCheckoutFieldParent":"billing","mapToCheckoutField":"billing_first_name","cl_rule":"show","col":3,"relations":false,"active":true,"tooltip":"","gt_translate_keys":["label","tooltip"],"price_dependency":false,"cl_dependency":false,"value":""}],[{"type":"select","elementId":"select_767d97fe01bbd4","label":"Couleur des cr\u00e9oles","enablePrice":false,"priceOptions":"different_for_all","pricingType":"fixed","name":"select_767d97fe01bbd4","cl_rule":"show","col":6,"values":[{"label":"Acier inox argent\u00e9","value":"option-1","price":"0","pimage":"","pimage_id":"","pthumb":"","selected":true,"tempId":"aco_333","gt_translate_keys":["label"]},{"label":"Acier inox dor\u00e9","value":"option-2","price":"3","pimage":"","pimage_id":"","pthumb":"","tempId":"aco_334","gt_translate_keys":["label"]}],"relations":false,"price":0,"active":true,"tooltip":"","dropdown_type":"basic","error":false,"required":true,"gt_translate_keys":["label","tooltip"],"price_dependency":false,"cl_dependency":false,"value":""}],[{"active":true,"col":6,"relations":false,"cl_rule":"show","enableCl":false,"price":"","enablePrice":false,"className":"","label_position":"default","desc_position":"default","type":"color-group","required":true,"elementId":"color_group_4154451097","label":"Choix de la Synergie","name":"color_group_4154451097","disp_type":"squircle","values":[{"label":"Rose","value":"Option - 1","selected":false,"color":"#f8cbf0","tempId":"aco_2290","gt_translate_keys":["label"]},{"label":"Bleu","value":"Option - 2","selected":false,"color":"#607dee","tempId":"aco_2291","gt_translate_keys":["label"]},{"label":"Marron","value":"Option - 3","selected":false,"color":"#8b572a","tempId":"aco_2292","gt_translate_keys":["label"]},{"label":"Violet","value":"Option - 4","selected":false,"color":"#a977d8","tempId":"aco_2503","gt_translate_keys":["label"]},{"label":"Multicolore","value":"Option - 5","selected":false,"color":"#acecd3","tempId":"aco_2604","gt_translate_keys":["label"]}],"layOut":"inline","error":false,"description":"Choisissez l'association de perles","tooltip":"(voir galerie photo)","selection_type":"tick","max_options":"1","min_options":"1","gt_translate_keys":["label","description","tooltip"],"price_dependency":false,"cl_dependency":false,"value":""}],[{"type":"textarea","elementId":"textarea_867d97fe01bc5a","label":"Commentaire","pricingType":"fixed","rows":"4","name":"textarea_867d97fe01bc5a","maxlength":"500","mapToCheckoutFieldParent":"billing","mapToCheckoutField":"billing_first_name","cl_rule":"show","col":6,"relations":false,"active":true,"tooltip":"","error":false,"gt_translate_keys":["label","tooltip"],"price_dependency":false,"cl_dependency":false,"value":""}]]}},"config":{"price_override":"","enable_recaptcha":false,"bind_quantity":false,"quantity_bind_formula":false,"disp_summ_show_option_price":true,"disp_summ_show_product_price":true,"disp_summ_show_total_price":true,"disp_summ_show_fee":false,"disp_summ_show_discount":false,"summary_title":"","options_total_label":"Prix des options","total_label":"Total","options_product_label":"Prix du bijou","fee_label":"Fee","discount_label":"Discount","has_price":true,"has_quantity_formula":false},"mc_unit":1,"tax_rate":1,"tax_rate_real":1,"discount":{"percentage":0,"fixed":0},"design":{"conf":{"LabelPosition":"above","DescPosition":"above","UploadField":"custom_1","QuantityFieldStyle":"default"},"css":{"LeftLabelWidth":"120px"}},"formulas":[],"lookuptables":[],"clones":false,"cartKey":false}},"_links":{"self":[{"href":"https:\/\/www.mapesteadoree.fr\/boutique\/wp-json\/wp\/v2\/product\/56246","targetHints":{"allow":["GET"]}}],"collection":[{"href":"https:\/\/www.mapesteadoree.fr\/boutique\/wp-json\/wp\/v2\/product"}],"about":[{"href":"https:\/\/www.mapesteadoree.fr\/boutique\/wp-json\/wp\/v2\/types\/product"}],"replies":[{"embeddable":true,"href":"https:\/\/www.mapesteadoree.fr\/boutique\/wp-json\/wp\/v2\/comments?post=56246"}],"wp:featuredmedia":[{"embeddable":true,"href":"https:\/\/www.mapesteadoree.fr\/boutique\/wp-json\/wp\/v2\/media\/56248"}],"wp:attachment":[{"href":"https:\/\/www.mapesteadoree.fr\/boutique\/wp-json\/wp\/v2\/media?parent=56246"}],"wp:term":[{"taxonomy":"product_brand","embeddable":true,"href":"https:\/\/www.mapesteadoree.fr\/boutique\/wp-json\/wp\/v2\/product_brand?post=56246"},{"taxonomy":"product_cat","embeddable":true,"href":"https:\/\/www.mapesteadoree.fr\/boutique\/wp-json\/wp\/v2\/product_cat?post=56246"},{"taxonomy":"product_tag","embeddable":true,"href":"https:\/\/www.mapesteadoree.fr\/boutique\/wp-json\/wp\/v2\/product_tag?post=56246"}],"curies":[{"name":"wp","href":"https:\/\/api.w.org\/{rel}","templated":true}]}}