{"id":56160,"date":"2025-03-14T11:04:54","date_gmt":"2025-03-14T10:04:54","guid":{"rendered":"https:\/\/www.mapesteadoree.fr\/boutique\/?post_type=product&#038;p=56160"},"modified":"2026-04-09T18:54:38","modified_gmt":"2026-04-09T16:54:38","slug":"pierre-de-pouce-coeur-cristal-de-roche","status":"publish","type":"product","link":"https:\/\/www.mapesteadoree.fr\/boutique\/bijoux\/pierre-de-pouce-coeur-cristal-de-roche\/","title":{"rendered":"Pierre de Pouce Coeur &#8211; Cristal de Roche"},"content":{"rendered":"<p class=\"LC20lb MBeuO DKV0Md\">\u27a1\ufe0f Voici une pierre de pouce en forme de coeur, diam\u00e8tre environ 40mm, en pierre de quartz blanc ou cristal de roche<\/p>\n<h2>C&rsquo;est quoi la pierre de pouce ?<\/h2>\n<p class=\"LC20lb MBeuO DKV0Md\">\ud83e\udea8 La pierre de pouce est \u00e9galement appel\u00e9e \u00ab\u00a0worry stone\u00a0\u00bb, pierre d&rsquo;inqui\u00e9tude ou pierre d&rsquo;apaisement. Elle peut \u00eatre en c\u00e9ramique ou comme ici en pierre naturelle.<\/p>\n<p class=\"LC20lb MBeuO DKV0Md\">\ud83e\uddd8 La pierre de pouce est une pierre lisse et polie, avec un ceux en son centre qui permet d&rsquo;y positionner son pouce. On peut ainsi frotter ce creux de mani\u00e8re r\u00e9p\u00e9t\u00e9\u00e9 pour diminuer son stress, \u00e9vacuer un sentiment d&rsquo;anxi\u00e9t\u00e9 ou toute \u00e9motion difficile \u00e0 g\u00e9rer.<\/p>\n<p class=\"LC20lb MBeuO DKV0Md\">\u2600\ufe0f<strong> Il est ainsi conseill\u00e9 de garder une pierre de pouce dans sa poche pour soulager l&rsquo;anxi\u00e9t\u00e9 et le stress \u00e0 tout moment.<\/strong><\/p>\n<p class=\"LC20lb MBeuO DKV0Md\">\ud83c\uddec\ud83c\uddf7 Depuis la Gr\u00e8ce antique, on utilise des pierres avec un creux pour la toucher, la frotter, et ainsi voir les soucis s&rsquo;envoler : )<\/p>\n<p class=\"LC20lb MBeuO DKV0Md\">\u2139\ufe0f <a href=\"https:\/\/www.mapesteadoree.fr\/pierre-de-pouce-votre-alliee-anti-stress-millenaire-de-lithotherapie\/\">Pour en savoir plus sur les pierres de pouce<\/a>, vous pouvez consulter notre article sur ce sujet sur le blog.<\/p>\n<h2>Une pierre d&rsquo;inqui\u00e9tude en cristal de quartz<\/h2>\n<p class=\"LC20lb MBeuO DKV0Md\">\ud83d\udca1 Combiner l&rsquo;action d&rsquo;une pierre d&rsquo;apaisement avec les bienfaits d&rsquo;une pierre naturelle, mais quelle belle id\u00e9e !<\/p>\n<p class=\"LC20lb MBeuO DKV0Md\">\ud83d\udc8e <strong>Le cristal de roche est une pierre qui apporte de la sagesse et de l&rsquo;\u00e9nergie positive \u00e0 son porteur. <\/strong>Elle permet d&rsquo;activer les chakras, favorise la t\u00e9l\u00e9pathie, facilite la m\u00e9ditation et accroit la clairvoyance. Le cristal de quartz est une pierre de lumi\u00e8re. Elle a le pouvoir d&rsquo;ailleurs de recharger les autres cristaux \u00e0 son contact.<strong><br \/>\n<\/strong><\/p>\n<p>La Pierre de pouce peut \u00eatre utilis\u00e9e aussi bien par les adultes que par les enfants (A partir de 3-4 ans). La pierre d&rsquo;inqui\u00e9tude peut ainsi \u00eatre utilis\u00e9e tout au long de la journ\u00e9e :<\/p>\n<ul>\n<li>Vous pouvez la prendre avec vous la journ\u00e9e, la garder dans la poche ou dans votre sac ou cartable<\/li>\n<li>Lorsque vous vous sentez stress\u00e9.e ou contrari\u00e9.e, vous pouvez prendre votre pierre en main et la frotter autant de temps que n\u00e9cessaire<\/li>\n<li>En rentrant \u00e0 la maison, vous pouvez poser votre pierre de pouce dans votre chambre, dans une coupelle par exemple, pour que les bienfaits de la pierre continuent \u00e0 agir.<\/li>\n<\/ul>\n<blockquote><p>Les pierres d&rsquo;apaisement sont un vrai coup de pouce pour apaiser les angoisses, le stress et l&rsquo;anxi\u00e9t\u00e9 au quotidien. Elles agissent de par leur forme particuli\u00e8re mais aussi gr\u00e2ce aux \u00e9nergies positive du min\u00e9ral. Pour beaucoup, c&rsquo;est aussi un porte-bonheur, un grigri magique, un soutien au quotidien.<\/p><\/blockquote>\n<h3>Entretien et rechargement des pierres d&rsquo;inqui\u00e9tude<\/h3>\n<p>Chaque semaine, vous pouvez nettoyer votre pierre de pouce de la poussi\u00e8re et des salet\u00e9s gr\u00e2ce \u00e0 un chiffon doux humide. Puis vous pouvez la purifier avec une fleur de vie, un bol tib\u00e9tain, de la sauge, un amas cristallin&#8230;.<\/p>\n<p>Et enfin la recharger en \u00e9nergie gr\u00e2ce \u00e0 la lune, au moins une fois par mois sur le bord de la fen\u00eatre (les soirs de pleine lune dans l&rsquo;id\u00e9al)<\/p>\n","protected":false},"excerpt":{"rendered":"<p><strong>Pierre de pouce Cristal de roche en forme de coeur, diam\u00e8tre 40mm.<\/strong><\/p>\n<p class=\"LC20lb MBeuO DKV0Md\">\u2764\ufe0f La pierre de pouce, encore appel\u00e9e pierre d&rsquo;inqui\u00e9tude ou d&rsquo;apaisement vous permet de l\u00e2cher prise et d&rsquo;\u00e9vacuer votre stress simplement en frottant de mani\u00e8re r\u00e9p\u00e9t\u00e9e le creux de votre pierre.<\/p>\n","protected":false},"featured_media":56161,"comment_status":"open","ping_status":"closed","template":"","meta":[],"product_brand":[],"product_cat":[1997,26],"product_tag":[2103],"class_list":{"0":"post-56160","1":"product","2":"type-product","3":"status-publish","4":"has-post-thumbnail","6":"product_cat-mineraux","7":"product_cat-pierres-naturelles","8":"product_tag-pierredepouce","10":"first","11":"outofstock","12":"shipping-taxable","13":"purchasable","14":"product-type-simple"},"acf":[],"yoast_head":"<!-- This site is optimized with the Yoast SEO plugin v27.4 - https:\/\/yoast.com\/product\/yoast-seo-wordpress\/ -->\n<title>Pierre de pouce en forme de coeur et cristal de quartz<\/title>\n<meta name=\"description\" content=\"La pierre de pouce en cristal de roche, encore appel\u00e9e pierre d&#039;inqui\u00e9tude ou d&#039;apaisement vous permet d&#039;\u00e9vacuer votre stress et votre anxi\u00e9t\u00e9 rapidement\" \/>\n<meta name=\"robots\" content=\"index, follow, max-snippet:-1, max-image-preview:large, max-video-preview:-1\" \/>\n<link rel=\"canonical\" href=\"https:\/\/www.mapesteadoree.fr\/boutique\/bijoux\/pierre-de-pouce-coeur-cristal-de-roche\/\" \/>\n<meta property=\"og:locale\" content=\"fr_FR\" \/>\n<meta property=\"og:type\" content=\"article\" \/>\n<meta property=\"og:title\" content=\"Pierre de pouce en forme de coeur et cristal de quartz\" \/>\n<meta property=\"og:description\" content=\"La pierre de pouce en cristal de roche, encore appel\u00e9e pierre d&#039;inqui\u00e9tude ou d&#039;apaisement vous permet d&#039;\u00e9vacuer votre stress et votre anxi\u00e9t\u00e9 rapidement\" \/>\n<meta property=\"og:url\" content=\"https:\/\/www.mapesteadoree.fr\/boutique\/bijoux\/pierre-de-pouce-coeur-cristal-de-roche\/\" \/>\n<meta property=\"og:site_name\" content=\"Ma Peste Ador\u00e9e\" \/>\n<meta property=\"article:modified_time\" content=\"2026-04-09T16:54:38+00:00\" \/>\n<meta property=\"og:image\" content=\"https:\/\/www.mapesteadoree.fr\/boutique\/wp-content\/uploads\/2025\/03\/pierre-pouce-cristal.jpg\" \/>\n\t<meta property=\"og:image:width\" content=\"1500\" \/>\n\t<meta property=\"og:image:height\" content=\"1500\" \/>\n\t<meta property=\"og:image:type\" content=\"image\/jpeg\" \/>\n<meta name=\"twitter:card\" content=\"summary_large_image\" \/>\n<meta name=\"twitter:label1\" content=\"Dur\u00e9e de lecture estim\u00e9e\" \/>\n\t<meta name=\"twitter:data1\" content=\"2 minutes\" \/>\n<script type=\"application\/ld+json\" class=\"yoast-schema-graph\">{\"@context\":\"https:\\\/\\\/schema.org\",\"@graph\":[{\"@type\":\"WebPage\",\"@id\":\"https:\\\/\\\/www.mapesteadoree.fr\\\/boutique\\\/bijoux\\\/pierre-de-pouce-coeur-cristal-de-roche\\\/\",\"url\":\"https:\\\/\\\/www.mapesteadoree.fr\\\/boutique\\\/bijoux\\\/pierre-de-pouce-coeur-cristal-de-roche\\\/\",\"name\":\"Pierre de pouce en forme de coeur et cristal de quartz\",\"isPartOf\":{\"@id\":\"https:\\\/\\\/www.mapesteadoree.fr\\\/boutique\\\/#website\"},\"primaryImageOfPage\":{\"@id\":\"https:\\\/\\\/www.mapesteadoree.fr\\\/boutique\\\/bijoux\\\/pierre-de-pouce-coeur-cristal-de-roche\\\/#primaryimage\"},\"image\":{\"@id\":\"https:\\\/\\\/www.mapesteadoree.fr\\\/boutique\\\/bijoux\\\/pierre-de-pouce-coeur-cristal-de-roche\\\/#primaryimage\"},\"thumbnailUrl\":\"https:\\\/\\\/www.mapesteadoree.fr\\\/boutique\\\/wp-content\\\/uploads\\\/2025\\\/03\\\/pierre-pouce-cristal.jpg\",\"datePublished\":\"2025-03-14T10:04:54+00:00\",\"dateModified\":\"2026-04-09T16:54:38+00:00\",\"description\":\"La pierre de pouce en cristal de roche, encore appel\u00e9e pierre d'inqui\u00e9tude ou d'apaisement vous permet d'\u00e9vacuer votre stress et votre anxi\u00e9t\u00e9 rapidement\",\"breadcrumb\":{\"@id\":\"https:\\\/\\\/www.mapesteadoree.fr\\\/boutique\\\/bijoux\\\/pierre-de-pouce-coeur-cristal-de-roche\\\/#breadcrumb\"},\"inLanguage\":\"fr-FR\",\"potentialAction\":[{\"@type\":\"ReadAction\",\"target\":[\"https:\\\/\\\/www.mapesteadoree.fr\\\/boutique\\\/bijoux\\\/pierre-de-pouce-coeur-cristal-de-roche\\\/\"]}]},{\"@type\":\"ImageObject\",\"inLanguage\":\"fr-FR\",\"@id\":\"https:\\\/\\\/www.mapesteadoree.fr\\\/boutique\\\/bijoux\\\/pierre-de-pouce-coeur-cristal-de-roche\\\/#primaryimage\",\"url\":\"https:\\\/\\\/www.mapesteadoree.fr\\\/boutique\\\/wp-content\\\/uploads\\\/2025\\\/03\\\/pierre-pouce-cristal.jpg\",\"contentUrl\":\"https:\\\/\\\/www.mapesteadoree.fr\\\/boutique\\\/wp-content\\\/uploads\\\/2025\\\/03\\\/pierre-pouce-cristal.jpg\",\"width\":1500,\"height\":1500,\"caption\":\"pierre de pouce en forme de coeur en cristal de roche\"},{\"@type\":\"BreadcrumbList\",\"@id\":\"https:\\\/\\\/www.mapesteadoree.fr\\\/boutique\\\/bijoux\\\/pierre-de-pouce-coeur-cristal-de-roche\\\/#breadcrumb\",\"itemListElement\":[{\"@type\":\"ListItem\",\"position\":1,\"name\":\"Accueil\",\"item\":\"https:\\\/\\\/www.mapesteadoree.fr\\\/boutique\\\/\"},{\"@type\":\"ListItem\",\"position\":2,\"name\":\"Boutique de bijoux uniques en pierres naturelles\",\"item\":\"https:\\\/\\\/www.mapesteadoree.fr\\\/boutique\\\/\"},{\"@type\":\"ListItem\",\"position\":3,\"name\":\"Pierre de Pouce Coeur &#8211; Cristal de Roche\"}]},{\"@type\":\"WebSite\",\"@id\":\"https:\\\/\\\/www.mapesteadoree.fr\\\/boutique\\\/#website\",\"url\":\"https:\\\/\\\/www.mapesteadoree.fr\\\/boutique\\\/\",\"name\":\"Ma Peste Ador\u00e9e\",\"description\":\"\",\"publisher\":{\"@id\":\"https:\\\/\\\/www.mapesteadoree.fr\\\/boutique\\\/#organization\"},\"potentialAction\":[{\"@type\":\"SearchAction\",\"target\":{\"@type\":\"EntryPoint\",\"urlTemplate\":\"https:\\\/\\\/www.mapesteadoree.fr\\\/boutique\\\/?s={search_term_string}\"},\"query-input\":{\"@type\":\"PropertyValueSpecification\",\"valueRequired\":true,\"valueName\":\"search_term_string\"}}],\"inLanguage\":\"fr-FR\"},{\"@type\":\"Organization\",\"@id\":\"https:\\\/\\\/www.mapesteadoree.fr\\\/boutique\\\/#organization\",\"name\":\"Ma Peste Ador\u00e9e\",\"url\":\"https:\\\/\\\/www.mapesteadoree.fr\\\/boutique\\\/\",\"logo\":{\"@type\":\"ImageObject\",\"inLanguage\":\"fr-FR\",\"@id\":\"https:\\\/\\\/www.mapesteadoree.fr\\\/boutique\\\/#\\\/schema\\\/logo\\\/image\\\/\",\"url\":\"https:\\\/\\\/www.mapesteadoree.fr\\\/boutique\\\/wp-content\\\/uploads\\\/2024\\\/10\\\/cropped-logo-mpa-2024.png\",\"contentUrl\":\"https:\\\/\\\/www.mapesteadoree.fr\\\/boutique\\\/wp-content\\\/uploads\\\/2024\\\/10\\\/cropped-logo-mpa-2024.png\",\"width\":470,\"height\":110,\"caption\":\"Ma Peste Ador\u00e9e\"},\"image\":{\"@id\":\"https:\\\/\\\/www.mapesteadoree.fr\\\/boutique\\\/#\\\/schema\\\/logo\\\/image\\\/\"}}]}<\/script>\n<!-- \/ Yoast SEO plugin. -->","yoast_head_json":{"title":"Pierre de pouce en forme de coeur et cristal de quartz","description":"La pierre de pouce en cristal de roche, encore appel\u00e9e pierre d'inqui\u00e9tude ou d'apaisement vous permet d'\u00e9vacuer votre stress et votre anxi\u00e9t\u00e9 rapidement","robots":{"index":"index","follow":"follow","max-snippet":"max-snippet:-1","max-image-preview":"max-image-preview:large","max-video-preview":"max-video-preview:-1"},"canonical":"https:\/\/www.mapesteadoree.fr\/boutique\/bijoux\/pierre-de-pouce-coeur-cristal-de-roche\/","og_locale":"fr_FR","og_type":"article","og_title":"Pierre de pouce en forme de coeur et cristal de quartz","og_description":"La pierre de pouce en cristal de roche, encore appel\u00e9e pierre d'inqui\u00e9tude ou d'apaisement vous permet d'\u00e9vacuer votre stress et votre anxi\u00e9t\u00e9 rapidement","og_url":"https:\/\/www.mapesteadoree.fr\/boutique\/bijoux\/pierre-de-pouce-coeur-cristal-de-roche\/","og_site_name":"Ma Peste Ador\u00e9e","article_modified_time":"2026-04-09T16:54:38+00:00","og_image":[{"width":1500,"height":1500,"url":"https:\/\/www.mapesteadoree.fr\/boutique\/wp-content\/uploads\/2025\/03\/pierre-pouce-cristal.jpg","type":"image\/jpeg"}],"twitter_card":"summary_large_image","twitter_misc":{"Dur\u00e9e de lecture estim\u00e9e":"2 minutes"},"schema":{"@context":"https:\/\/schema.org","@graph":[{"@type":"WebPage","@id":"https:\/\/www.mapesteadoree.fr\/boutique\/bijoux\/pierre-de-pouce-coeur-cristal-de-roche\/","url":"https:\/\/www.mapesteadoree.fr\/boutique\/bijoux\/pierre-de-pouce-coeur-cristal-de-roche\/","name":"Pierre de pouce en forme de coeur et cristal de quartz","isPartOf":{"@id":"https:\/\/www.mapesteadoree.fr\/boutique\/#website"},"primaryImageOfPage":{"@id":"https:\/\/www.mapesteadoree.fr\/boutique\/bijoux\/pierre-de-pouce-coeur-cristal-de-roche\/#primaryimage"},"image":{"@id":"https:\/\/www.mapesteadoree.fr\/boutique\/bijoux\/pierre-de-pouce-coeur-cristal-de-roche\/#primaryimage"},"thumbnailUrl":"https:\/\/www.mapesteadoree.fr\/boutique\/wp-content\/uploads\/2025\/03\/pierre-pouce-cristal.jpg","datePublished":"2025-03-14T10:04:54+00:00","dateModified":"2026-04-09T16:54:38+00:00","description":"La pierre de pouce en cristal de roche, encore appel\u00e9e pierre d'inqui\u00e9tude ou d'apaisement vous permet d'\u00e9vacuer votre stress et votre anxi\u00e9t\u00e9 rapidement","breadcrumb":{"@id":"https:\/\/www.mapesteadoree.fr\/boutique\/bijoux\/pierre-de-pouce-coeur-cristal-de-roche\/#breadcrumb"},"inLanguage":"fr-FR","potentialAction":[{"@type":"ReadAction","target":["https:\/\/www.mapesteadoree.fr\/boutique\/bijoux\/pierre-de-pouce-coeur-cristal-de-roche\/"]}]},{"@type":"ImageObject","inLanguage":"fr-FR","@id":"https:\/\/www.mapesteadoree.fr\/boutique\/bijoux\/pierre-de-pouce-coeur-cristal-de-roche\/#primaryimage","url":"https:\/\/www.mapesteadoree.fr\/boutique\/wp-content\/uploads\/2025\/03\/pierre-pouce-cristal.jpg","contentUrl":"https:\/\/www.mapesteadoree.fr\/boutique\/wp-content\/uploads\/2025\/03\/pierre-pouce-cristal.jpg","width":1500,"height":1500,"caption":"pierre de pouce en forme de coeur en cristal de roche"},{"@type":"BreadcrumbList","@id":"https:\/\/www.mapesteadoree.fr\/boutique\/bijoux\/pierre-de-pouce-coeur-cristal-de-roche\/#breadcrumb","itemListElement":[{"@type":"ListItem","position":1,"name":"Accueil","item":"https:\/\/www.mapesteadoree.fr\/boutique\/"},{"@type":"ListItem","position":2,"name":"Boutique de bijoux uniques en pierres naturelles","item":"https:\/\/www.mapesteadoree.fr\/boutique\/"},{"@type":"ListItem","position":3,"name":"Pierre de Pouce Coeur &#8211; Cristal de Roche"}]},{"@type":"WebSite","@id":"https:\/\/www.mapesteadoree.fr\/boutique\/#website","url":"https:\/\/www.mapesteadoree.fr\/boutique\/","name":"Ma Peste Ador\u00e9e","description":"","publisher":{"@id":"https:\/\/www.mapesteadoree.fr\/boutique\/#organization"},"potentialAction":[{"@type":"SearchAction","target":{"@type":"EntryPoint","urlTemplate":"https:\/\/www.mapesteadoree.fr\/boutique\/?s={search_term_string}"},"query-input":{"@type":"PropertyValueSpecification","valueRequired":true,"valueName":"search_term_string"}}],"inLanguage":"fr-FR"},{"@type":"Organization","@id":"https:\/\/www.mapesteadoree.fr\/boutique\/#organization","name":"Ma Peste Ador\u00e9e","url":"https:\/\/www.mapesteadoree.fr\/boutique\/","logo":{"@type":"ImageObject","inLanguage":"fr-FR","@id":"https:\/\/www.mapesteadoree.fr\/boutique\/#\/schema\/logo\/image\/","url":"https:\/\/www.mapesteadoree.fr\/boutique\/wp-content\/uploads\/2024\/10\/cropped-logo-mpa-2024.png","contentUrl":"https:\/\/www.mapesteadoree.fr\/boutique\/wp-content\/uploads\/2024\/10\/cropped-logo-mpa-2024.png","width":470,"height":110,"caption":"Ma Peste Ador\u00e9e"},"image":{"@id":"https:\/\/www.mapesteadoree.fr\/boutique\/#\/schema\/logo\/image\/"}}]}},"wcpa_form_fields":null,"_links":{"self":[{"href":"https:\/\/www.mapesteadoree.fr\/boutique\/wp-json\/wp\/v2\/product\/56160","targetHints":{"allow":["GET"]}}],"collection":[{"href":"https:\/\/www.mapesteadoree.fr\/boutique\/wp-json\/wp\/v2\/product"}],"about":[{"href":"https:\/\/www.mapesteadoree.fr\/boutique\/wp-json\/wp\/v2\/types\/product"}],"replies":[{"embeddable":true,"href":"https:\/\/www.mapesteadoree.fr\/boutique\/wp-json\/wp\/v2\/comments?post=56160"}],"wp:featuredmedia":[{"embeddable":true,"href":"https:\/\/www.mapesteadoree.fr\/boutique\/wp-json\/wp\/v2\/media\/56161"}],"wp:attachment":[{"href":"https:\/\/www.mapesteadoree.fr\/boutique\/wp-json\/wp\/v2\/media?parent=56160"}],"wp:term":[{"taxonomy":"product_brand","embeddable":true,"href":"https:\/\/www.mapesteadoree.fr\/boutique\/wp-json\/wp\/v2\/product_brand?post=56160"},{"taxonomy":"product_cat","embeddable":true,"href":"https:\/\/www.mapesteadoree.fr\/boutique\/wp-json\/wp\/v2\/product_cat?post=56160"},{"taxonomy":"product_tag","embeddable":true,"href":"https:\/\/www.mapesteadoree.fr\/boutique\/wp-json\/wp\/v2\/product_tag?post=56160"}],"curies":[{"name":"wp","href":"https:\/\/api.w.org\/{rel}","templated":true}]}}