{"id":55497,"date":"2025-01-30T14:10:01","date_gmt":"2025-01-30T13:10:01","guid":{"rendered":"https:\/\/www.mapesteadoree.fr\/boutique\/?post_type=product&#038;p=55497"},"modified":"2025-11-12T14:04:42","modified_gmt":"2025-11-12T13:04:42","slug":"bracelet-enfant-amour-toujours","status":"publish","type":"product","link":"https:\/\/www.mapesteadoree.fr\/boutique\/bijoux\/bracelet-enfant-amour-toujours\/","title":{"rendered":"Bracelet Enfant \u00ab\u00a0Amour Toujours\u00a0\u00bb"},"content":{"rendered":"<p><strong>Ce petit bracelet fin en pierres naturelles \u00a0est compos\u00e9 de 4 pierres diff\u00e9rentes, de taille 4mm : quartz rose, amazonite, ang\u00e9lite et am\u00e9thyste.<\/strong><\/p>\n<p>\u2764\ufe0f C&rsquo;est un bracelet pour dire \u00e0 sa fille qu&rsquo;on l&rsquo;aime et qu&rsquo;on sera toujours la pour elle<\/p>\n<p class=\"LC20lb MBeuO DKV0Md\">\u2601\ufe0f Le truc le plus mignon du monde = le petit nuage en argent 925 grav\u00e9 avec \u00ab\u00a0amour\u00a0\u00bb au recto et \u00ab\u00a0toujours\u00a0\u00bb au verso &#8211; Inclus dans le prix<\/p>\n<p class=\"LC20lb MBeuO DKV0Md\">\ud83d\udca1Ce bijou l\u00e9ger et discret est un parfois petit cadeau \u00e0 offrir \u00e0 sa petite fille, entre 4 et 12 ans<\/p>\n<h2>Des pierres pour d&rsquo;amour &amp; de tendresse<\/h2>\n<p class=\"LC20lb MBeuO DKV0Md\">\ud83d\udc8e Voici donc les cristaux que j&rsquo;ai choisi pour ce bracelet pour fille :<\/p>\n<ul>\n<li><strong>Quartz rose \u00a0:<\/strong> symbole de l&rsquo;amour ultime. Apporte sentiment de s\u00e9curit\u00e9, apaise et r\u00e9conforte. Pour se sentir aim\u00e9e et entour\u00e9e.<\/li>\n<li><strong>Amazonite<\/strong> : pierre de douceur et d&rsquo;amour, li\u00e9e comme le quartz rose au chakra du coeur. Apporte tendresse et paix int\u00e9rieure. Renforce la communication.<\/li>\n<li><strong>Am\u00e9thyste<\/strong> : pierre qui insuffle des sentiments profonds d&rsquo;amour. Apporte s\u00e9r\u00e9nit\u00e9 et protection, chasse le n\u00e9gatif. Renforce les liens familiaux.<\/li>\n<li><b>Ang\u00e9lite <\/b>: c&rsquo;est une pierre qui repr\u00e9sente l&rsquo;ange gardien qui prot\u00e8ge. Repr\u00e9sente les parents qui veillent sur les enfants.<\/li>\n<\/ul>\n<p><strong>+ Pierre en verre \u00e0 facettes sur le pourtour du bracelet.<\/strong><\/p>\n<h2>Un bracelet pour dire je t&rsquo;aime \/ je suis l\u00e0 pour toi<\/h2>\n<p class=\"LC20lb MBeuO DKV0Md\">\u2600\ufe0f Ce bracelet est un bracelet r\u00e9alis\u00e9 sur-mesure, avec des perles naturelles 4mm . C&rsquo;est un bracelet pour dire \u00e0 sa fille qu&rsquo;on l&rsquo;aime.<\/p>\n<blockquote>\n<p class=\"LC20lb MBeuO DKV0Md\">Offrir ce bracelet \u00e0 son enfant, c&rsquo;est lui rappeler qu&rsquo;on l&rsquo;aime et qu&rsquo;on est l\u00e0 pour elle.<\/p>\n<\/blockquote>\n<p><strong>Ce bracelet, c&rsquo;est le symbole de l&rsquo;amour de <\/strong><b>ses parents \u00e0 porter au poignet.<\/b><\/p>\n<h2>Une bracelet unique avec m\u00e9daille nuage en argent 925<\/h2>\n<p class=\"LC20lb MBeuO DKV0Md\">\u2b50 Ce bracelet est super mignon avec ses couleurs douces et son joli nuage.<\/p>\n<p class=\"LC20lb MBeuO DKV0Md\">\u2601\ufe0f Ce nuage + la gravure du message \u00ab\u00a0Amour \/ Toujours\u00a0\u00bb est incluse dans le prix du bracelet.<\/p>\n<p class=\"LC20lb MBeuO DKV0Md\">\ud83d\udccf Sur la fiche du bracelet, vous devez la taille du bracelet ou mieux : vous me donner pr\u00e9cis\u00e9ment le tour de poignet. Au final, vous recevez un bracelet tel que compos\u00e9 lors de la commande \ud83d\ude42<\/p>\n<p class=\"LC20lb MBeuO DKV0Md\">\ud83d\udccb\u00a0Chaque bijou est livr\u00e9 dans un pochon en coton et accompagn\u00e9 d&rsquo;une carte personnalis\u00e9 qui reprend les pierres utilis\u00e9es ainsi que leurs bienfaits.<\/p>\n<p class=\"LC20lb MBeuO DKV0Md\">\u26a0\ufe0f <em>Les bijoux en pierres naturelles n\u00e9cessitent peu d&rsquo;entretien, n\u00e9anmoins il est conseill\u00e9 de les mettre \u00e0 l&rsquo;abri de l&rsquo;eau et de l&rsquo;humidit\u00e9.\u00a0<\/em><\/p>\n","protected":false},"excerpt":{"rendered":"<p>Bracelet \u00a0pour fille \u00ab\u00a0Amour Toujours\u00a0\u00bb, r\u00e9alis\u00e9 en Pierres Naturelles 4mm. Une id\u00e9e de cadeau pour dire \u00e0 sa fille qu&rsquo;on l&rsquo;aime \u2764\ufe0f<\/p>\n<p>La synergie est la suivante : quartz rose, amazonite, ang\u00e9lite et am\u00e9thyste.<\/p>\n","protected":false},"featured_media":55500,"comment_status":"open","ping_status":"closed","template":"","meta":[],"product_brand":[],"product_cat":[23,26,33],"product_tag":[2102],"class_list":{"0":"post-55497","1":"product","2":"type-product","3":"status-publish","4":"has-post-thumbnail","6":"product_cat-bijoux-enfants","7":"product_cat-pierres-naturelles","8":"product_cat-pierres-naturelles-enfant","9":"product_tag-amour","10":"wcpa_has_options","12":"first","13":"instock","14":"shipping-taxable","15":"purchasable","16":"product-type-simple"},"acf":[],"yoast_head":"<!-- This site is optimized with the Yoast SEO plugin v27.6 - https:\/\/yoast.com\/product\/yoast-seo-wordpress\/ -->\n<title>Bracelet Lithoth\u00e9rapie enfant fille &quot;Amour toujours&quot;<\/title>\n<meta name=\"description\" content=\"Bracelet en pierres naturelles personnalis\u00e9 pour fille Amour Toujours, une id\u00e9e cadeau pour dire \u00e0 sa fille qu&#039;on l&#039;aime pour toujours\" \/>\n<meta name=\"robots\" content=\"index, follow, max-snippet:-1, max-image-preview:large, max-video-preview:-1\" \/>\n<link rel=\"canonical\" href=\"https:\/\/www.mapesteadoree.fr\/boutique\/bijoux\/bracelet-enfant-amour-toujours\/\" \/>\n<meta property=\"og:locale\" content=\"fr_FR\" \/>\n<meta property=\"og:type\" content=\"article\" \/>\n<meta property=\"og:title\" content=\"Bracelet Lithoth\u00e9rapie enfant fille &quot;Amour toujours&quot;\" \/>\n<meta property=\"og:description\" content=\"Bracelet en pierres naturelles personnalis\u00e9 pour fille Amour Toujours, une id\u00e9e cadeau pour dire \u00e0 sa fille qu&#039;on l&#039;aime pour toujours\" \/>\n<meta property=\"og:url\" content=\"https:\/\/www.mapesteadoree.fr\/boutique\/bijoux\/bracelet-enfant-amour-toujours\/\" \/>\n<meta property=\"og:site_name\" content=\"Ma Peste Ador\u00e9e\" \/>\n<meta property=\"article:modified_time\" content=\"2025-11-12T13:04:42+00:00\" \/>\n<meta property=\"og:image\" content=\"https:\/\/www.mapesteadoree.fr\/boutique\/wp-content\/uploads\/2025\/01\/bracelet-fille-amour.jpg\" \/>\n\t<meta property=\"og:image:width\" content=\"1500\" \/>\n\t<meta property=\"og:image:height\" content=\"1500\" \/>\n\t<meta property=\"og:image:type\" content=\"image\/jpeg\" \/>\n<meta name=\"twitter:card\" content=\"summary_large_image\" \/>\n<meta name=\"twitter:label1\" content=\"Dur\u00e9e de lecture estim\u00e9e\" \/>\n\t<meta name=\"twitter:data1\" content=\"3 minutes\" \/>\n<script type=\"application\/ld+json\" class=\"yoast-schema-graph\">{\"@context\":\"https:\\\/\\\/schema.org\",\"@graph\":[{\"@type\":\"WebPage\",\"@id\":\"https:\\\/\\\/www.mapesteadoree.fr\\\/boutique\\\/bijoux\\\/bracelet-enfant-amour-toujours\\\/\",\"url\":\"https:\\\/\\\/www.mapesteadoree.fr\\\/boutique\\\/bijoux\\\/bracelet-enfant-amour-toujours\\\/\",\"name\":\"Bracelet Lithoth\u00e9rapie enfant fille \\\"Amour toujours\\\"\",\"isPartOf\":{\"@id\":\"https:\\\/\\\/www.mapesteadoree.fr\\\/boutique\\\/#website\"},\"primaryImageOfPage\":{\"@id\":\"https:\\\/\\\/www.mapesteadoree.fr\\\/boutique\\\/bijoux\\\/bracelet-enfant-amour-toujours\\\/#primaryimage\"},\"image\":{\"@id\":\"https:\\\/\\\/www.mapesteadoree.fr\\\/boutique\\\/bijoux\\\/bracelet-enfant-amour-toujours\\\/#primaryimage\"},\"thumbnailUrl\":\"https:\\\/\\\/www.mapesteadoree.fr\\\/boutique\\\/wp-content\\\/uploads\\\/2025\\\/01\\\/bracelet-fille-amour.jpg\",\"datePublished\":\"2025-01-30T13:10:01+00:00\",\"dateModified\":\"2025-11-12T13:04:42+00:00\",\"description\":\"Bracelet en pierres naturelles personnalis\u00e9 pour fille Amour Toujours, une id\u00e9e cadeau pour dire \u00e0 sa fille qu'on l'aime pour toujours\",\"breadcrumb\":{\"@id\":\"https:\\\/\\\/www.mapesteadoree.fr\\\/boutique\\\/bijoux\\\/bracelet-enfant-amour-toujours\\\/#breadcrumb\"},\"inLanguage\":\"fr-FR\",\"potentialAction\":[{\"@type\":\"ReadAction\",\"target\":[\"https:\\\/\\\/www.mapesteadoree.fr\\\/boutique\\\/bijoux\\\/bracelet-enfant-amour-toujours\\\/\"]}]},{\"@type\":\"ImageObject\",\"inLanguage\":\"fr-FR\",\"@id\":\"https:\\\/\\\/www.mapesteadoree.fr\\\/boutique\\\/bijoux\\\/bracelet-enfant-amour-toujours\\\/#primaryimage\",\"url\":\"https:\\\/\\\/www.mapesteadoree.fr\\\/boutique\\\/wp-content\\\/uploads\\\/2025\\\/01\\\/bracelet-fille-amour.jpg\",\"contentUrl\":\"https:\\\/\\\/www.mapesteadoree.fr\\\/boutique\\\/wp-content\\\/uploads\\\/2025\\\/01\\\/bracelet-fille-amour.jpg\",\"width\":1500,\"height\":1500,\"caption\":\"D\u00e9couvrez le bracelet lithoth\u00e9rapie pour fille avec nuage grav\u00e9 \\\"amour toujours\\\"\"},{\"@type\":\"BreadcrumbList\",\"@id\":\"https:\\\/\\\/www.mapesteadoree.fr\\\/boutique\\\/bijoux\\\/bracelet-enfant-amour-toujours\\\/#breadcrumb\",\"itemListElement\":[{\"@type\":\"ListItem\",\"position\":1,\"name\":\"Accueil\",\"item\":\"https:\\\/\\\/www.mapesteadoree.fr\\\/boutique\\\/\"},{\"@type\":\"ListItem\",\"position\":2,\"name\":\"Boutique de bijoux uniques en pierres naturelles\",\"item\":\"https:\\\/\\\/www.mapesteadoree.fr\\\/boutique\\\/\"},{\"@type\":\"ListItem\",\"position\":3,\"name\":\"Bracelet Enfant \u00ab\u00a0Amour Toujours\u00a0\u00bb\"}]},{\"@type\":\"WebSite\",\"@id\":\"https:\\\/\\\/www.mapesteadoree.fr\\\/boutique\\\/#website\",\"url\":\"https:\\\/\\\/www.mapesteadoree.fr\\\/boutique\\\/\",\"name\":\"Ma Peste Ador\u00e9e\",\"description\":\"\",\"publisher\":{\"@id\":\"https:\\\/\\\/www.mapesteadoree.fr\\\/boutique\\\/#organization\"},\"potentialAction\":[{\"@type\":\"SearchAction\",\"target\":{\"@type\":\"EntryPoint\",\"urlTemplate\":\"https:\\\/\\\/www.mapesteadoree.fr\\\/boutique\\\/?s={search_term_string}\"},\"query-input\":{\"@type\":\"PropertyValueSpecification\",\"valueRequired\":true,\"valueName\":\"search_term_string\"}}],\"inLanguage\":\"fr-FR\"},{\"@type\":\"Organization\",\"@id\":\"https:\\\/\\\/www.mapesteadoree.fr\\\/boutique\\\/#organization\",\"name\":\"Ma Peste Ador\u00e9e\",\"url\":\"https:\\\/\\\/www.mapesteadoree.fr\\\/boutique\\\/\",\"logo\":{\"@type\":\"ImageObject\",\"inLanguage\":\"fr-FR\",\"@id\":\"https:\\\/\\\/www.mapesteadoree.fr\\\/boutique\\\/#\\\/schema\\\/logo\\\/image\\\/\",\"url\":\"https:\\\/\\\/www.mapesteadoree.fr\\\/boutique\\\/wp-content\\\/uploads\\\/2024\\\/10\\\/cropped-logo-mpa-2024.png\",\"contentUrl\":\"https:\\\/\\\/www.mapesteadoree.fr\\\/boutique\\\/wp-content\\\/uploads\\\/2024\\\/10\\\/cropped-logo-mpa-2024.png\",\"width\":470,\"height\":110,\"caption\":\"Ma Peste Ador\u00e9e\"},\"image\":{\"@id\":\"https:\\\/\\\/www.mapesteadoree.fr\\\/boutique\\\/#\\\/schema\\\/logo\\\/image\\\/\"}}]}<\/script>\n<!-- \/ Yoast SEO plugin. -->","yoast_head_json":{"title":"Bracelet Lithoth\u00e9rapie enfant fille \"Amour toujours\"","description":"Bracelet en pierres naturelles personnalis\u00e9 pour fille Amour Toujours, une id\u00e9e cadeau pour dire \u00e0 sa fille qu'on l'aime pour toujours","robots":{"index":"index","follow":"follow","max-snippet":"max-snippet:-1","max-image-preview":"max-image-preview:large","max-video-preview":"max-video-preview:-1"},"canonical":"https:\/\/www.mapesteadoree.fr\/boutique\/bijoux\/bracelet-enfant-amour-toujours\/","og_locale":"fr_FR","og_type":"article","og_title":"Bracelet Lithoth\u00e9rapie enfant fille \"Amour toujours\"","og_description":"Bracelet en pierres naturelles personnalis\u00e9 pour fille Amour Toujours, une id\u00e9e cadeau pour dire \u00e0 sa fille qu'on l'aime pour toujours","og_url":"https:\/\/www.mapesteadoree.fr\/boutique\/bijoux\/bracelet-enfant-amour-toujours\/","og_site_name":"Ma Peste Ador\u00e9e","article_modified_time":"2025-11-12T13:04:42+00:00","og_image":[{"width":1500,"height":1500,"url":"https:\/\/www.mapesteadoree.fr\/boutique\/wp-content\/uploads\/2025\/01\/bracelet-fille-amour.jpg","type":"image\/jpeg"}],"twitter_card":"summary_large_image","twitter_misc":{"Dur\u00e9e de lecture estim\u00e9e":"3 minutes"},"schema":{"@context":"https:\/\/schema.org","@graph":[{"@type":"WebPage","@id":"https:\/\/www.mapesteadoree.fr\/boutique\/bijoux\/bracelet-enfant-amour-toujours\/","url":"https:\/\/www.mapesteadoree.fr\/boutique\/bijoux\/bracelet-enfant-amour-toujours\/","name":"Bracelet Lithoth\u00e9rapie enfant fille \"Amour toujours\"","isPartOf":{"@id":"https:\/\/www.mapesteadoree.fr\/boutique\/#website"},"primaryImageOfPage":{"@id":"https:\/\/www.mapesteadoree.fr\/boutique\/bijoux\/bracelet-enfant-amour-toujours\/#primaryimage"},"image":{"@id":"https:\/\/www.mapesteadoree.fr\/boutique\/bijoux\/bracelet-enfant-amour-toujours\/#primaryimage"},"thumbnailUrl":"https:\/\/www.mapesteadoree.fr\/boutique\/wp-content\/uploads\/2025\/01\/bracelet-fille-amour.jpg","datePublished":"2025-01-30T13:10:01+00:00","dateModified":"2025-11-12T13:04:42+00:00","description":"Bracelet en pierres naturelles personnalis\u00e9 pour fille Amour Toujours, une id\u00e9e cadeau pour dire \u00e0 sa fille qu'on l'aime pour toujours","breadcrumb":{"@id":"https:\/\/www.mapesteadoree.fr\/boutique\/bijoux\/bracelet-enfant-amour-toujours\/#breadcrumb"},"inLanguage":"fr-FR","potentialAction":[{"@type":"ReadAction","target":["https:\/\/www.mapesteadoree.fr\/boutique\/bijoux\/bracelet-enfant-amour-toujours\/"]}]},{"@type":"ImageObject","inLanguage":"fr-FR","@id":"https:\/\/www.mapesteadoree.fr\/boutique\/bijoux\/bracelet-enfant-amour-toujours\/#primaryimage","url":"https:\/\/www.mapesteadoree.fr\/boutique\/wp-content\/uploads\/2025\/01\/bracelet-fille-amour.jpg","contentUrl":"https:\/\/www.mapesteadoree.fr\/boutique\/wp-content\/uploads\/2025\/01\/bracelet-fille-amour.jpg","width":1500,"height":1500,"caption":"D\u00e9couvrez le bracelet lithoth\u00e9rapie pour fille avec nuage grav\u00e9 \"amour toujours\""},{"@type":"BreadcrumbList","@id":"https:\/\/www.mapesteadoree.fr\/boutique\/bijoux\/bracelet-enfant-amour-toujours\/#breadcrumb","itemListElement":[{"@type":"ListItem","position":1,"name":"Accueil","item":"https:\/\/www.mapesteadoree.fr\/boutique\/"},{"@type":"ListItem","position":2,"name":"Boutique de bijoux uniques en pierres naturelles","item":"https:\/\/www.mapesteadoree.fr\/boutique\/"},{"@type":"ListItem","position":3,"name":"Bracelet Enfant \u00ab\u00a0Amour Toujours\u00a0\u00bb"}]},{"@type":"WebSite","@id":"https:\/\/www.mapesteadoree.fr\/boutique\/#website","url":"https:\/\/www.mapesteadoree.fr\/boutique\/","name":"Ma Peste Ador\u00e9e","description":"","publisher":{"@id":"https:\/\/www.mapesteadoree.fr\/boutique\/#organization"},"potentialAction":[{"@type":"SearchAction","target":{"@type":"EntryPoint","urlTemplate":"https:\/\/www.mapesteadoree.fr\/boutique\/?s={search_term_string}"},"query-input":{"@type":"PropertyValueSpecification","valueRequired":true,"valueName":"search_term_string"}}],"inLanguage":"fr-FR"},{"@type":"Organization","@id":"https:\/\/www.mapesteadoree.fr\/boutique\/#organization","name":"Ma Peste Ador\u00e9e","url":"https:\/\/www.mapesteadoree.fr\/boutique\/","logo":{"@type":"ImageObject","inLanguage":"fr-FR","@id":"https:\/\/www.mapesteadoree.fr\/boutique\/#\/schema\/logo\/image\/","url":"https:\/\/www.mapesteadoree.fr\/boutique\/wp-content\/uploads\/2024\/10\/cropped-logo-mpa-2024.png","contentUrl":"https:\/\/www.mapesteadoree.fr\/boutique\/wp-content\/uploads\/2024\/10\/cropped-logo-mpa-2024.png","width":470,"height":110,"caption":"Ma Peste Ador\u00e9e"},"image":{"@id":"https:\/\/www.mapesteadoree.fr\/boutique\/#\/schema\/logo\/image\/"}}]}},"wcpa_form_fields":{"wcpaData":{"product":{"product_price":20,"price_html":"<span class=\"woocommerce-Price-amount amount\"><bdi>20,00&nbsp;<span class=\"woocommerce-Price-currencySymbol\">&euro;<\/span><\/bdi><\/span>","original_product_price":20,"price_including_tax":20,"price_excluding_tax":20,"product_id":{"parent":55497,"variation":false},"is_variable":false,"stock_status":"instock","stock_quantity":10,"parent_sku":"","product_attributes":[],"custom_fields":[],"is_taxable":false,"product_name":"Bracelet Enfant \"Amour Toujours\"","hasImage":false},"fields":{"sec_9679b7e8de1e3d":{"extra":{"key":"sec_9679b7e8de1e3d","section_id":"sec_9679b7e8de1e3d","name":"Default","status":1,"cl_rule":"show","enableCl":false,"relations":[],"toggle":true,"title_tag":"h3","show_title":false,"showPrice":"default","form_id":55498,"form_rules":{"exclude_from_discount":false,"fee_label":"Fee","disp_hide_options_price":false,"disp_show_section_price":false,"disp_show_field_price":true,"layout_option":"standard","pric_use_as_fee":false,"process_fee_as":"woo_fee"},"layout_option":"standard"},"fields":[[{"type":"textarea","elementId":"textarea_7679b7e8de1e64","label":"Pr\u00e9nom (sert \u00e0 personnaliser le livret explicatif)","pricingType":"fixed","rows":"6","name":"textarea_7679b7e8de1e64","maxlength":"500","mapToCheckoutFieldParent":"billing","mapToCheckoutField":"billing_first_name","cl_rule":"show","col":3,"relations":false,"active":true,"tooltip":"","gt_translate_keys":["label","tooltip"],"price_dependency":false,"cl_dependency":false,"value":""}],[{"type":"select","elementId":"select_1679b7e8de1e6e","label":"Montage du bracelet","enablePrice":true,"priceOptions":"different_for_all","pricingType":"fixed","name":"select_1679b7e8de1e6e","cl_rule":"show","col":6,"values":[{"label":"Fil \u00e9lastique","value":"option-1","price":"0","pimage":"","pimage_id":"","pthumb":"","selected":true,"tempId":"aco_22","gt_translate_keys":["label"]},{"label":"Fil rigide couleur argent","value":"option-2","price":"3","pimage":"","pimage_id":"","pthumb":"","tempId":"aco_23","gt_translate_keys":["label"]}],"relations":false,"price":0,"active":true,"tooltip":"","dropdown_type":"basic","error":false,"gt_translate_keys":["label","tooltip"],"price_dependency":false,"cl_dependency":false,"value":""}],[{"type":"select","required":true,"elementId":"select_8679b7e8de1ebd","label":"Avec ou sans Coeur magn\u00e9tique ?","description":"Vous aurez 1 demi coeur sur le bracelet","priceOptions":"different_for_all","pricingType":"fixed","name":"select_8679b7e8de1ebd","enable_product_image":true,"cl_rule":"show","col":6,"values":[{"label":"Sans :(","value":"option-1","price":"","pimage":"","pimage_id":"","pthumb":"","gt_translate_keys":["label"]},{"label":"Avec !","value":"option-2","price":"1","pimage":"","pimage_id":"","pthumb":"","gt_translate_keys":["label"]}],"relations":false,"active":true,"tooltip":"","gt_translate_keys":["label","description","tooltip"],"price_dependency":false,"cl_dependency":["image-group_7679b7e8de1ec2","textarea_8679b7e8de1ec7"],"value":""}],[{"type":"image-group","label":"Demi-Coeur magn\u00e9tique","elementId":"image-group_7679b7e8de1ec2","inline":true,"enablePrice":true,"priceOptions":"different_for_all","pricingType":"fixed","enable_popup":"no","name":"image-group_7679b7e8de1ec2","disp_type":"square","img_selection_type":"outline","other_text":"Other","enableCl":true,"cl_rule":"show","cl_val":"option-2","col":6,"values":[{"label":"Acier inox","price":"2","image":"https:\/\/www.mapesteadoree.fr\/boutique\/wp-content\/uploads\/2022\/01\/coeur-magnetique-argent-151.jpg","image_id":"53240","thumb":"https:\/\/www.mapesteadoree.fr\/boutique\/wp-content\/uploads\/2022\/01\/coeur-magnetique-argent-151.jpg","selected":true,"value":"0","tempId":"aco_502","thumb_src":"https:\/\/www.mapesteadoree.fr\/boutique\/wp-content\/uploads\/2022\/01\/coeur-magnetique-argent-151.jpg","gt_translate_keys":["label"]}],"relations":[{"operator":false,"rules":[{"operator":false,"rules":{"cl_field":"select_8679b7e8de1ebd","cl_relation":"is","cl_val":"option-2"}}]}],"price":0,"active":true,"tooltip":"","layOut":"inline","disp_size_img":{"width":"","height":""},"error":false,"gt_translate_keys":["label","tooltip"],"price_dependency":false,"cl_dependency":false,"value":""}],[{"type":"textarea","elementId":"textarea_8679b7e8de1ec7","label":"Demi-coeur connect\u00e9 \u00e0 ","description":"Pr\u00e9cisez avec quel bracelet de votre commande le demi-coeur doit \u00eatre connect\u00e9","pricingType":"fixed","rows":"3","name":"textarea_8679b7e8de1ec7","maxlength":"100","mapToCheckoutFieldParent":"order","mapToCheckoutField":"order_comments","enableCl":true,"cl_rule":"show","cl_val":"option-2","col":6,"relations":[{"operator":false,"rules":[{"operator":false,"rules":{"cl_field":"select_8679b7e8de1ebd","cl_relation":"is","cl_val":"option-2"}}]}],"active":true,"tooltip":"","gt_translate_keys":["label","description","tooltip"],"price_dependency":false,"cl_dependency":false,"value":""}],[{"type":"checkbox-group","required":true,"elementId":"checkbox-group_1679b7e8de1ecc","label":"Taille du poignet","inline":true,"priceOptions":"different_for_all","pricingType":"fixed","name":"checkbox-group_1679b7e8de1ecc","min_options":"1","max_options":"1","other_text":"Other","cl_rule":"show","col":6,"values":[{"label":"3-4 ans","value":"option-1","price":"","pimage":"","pimage_id":"","pthumb":"","tempId":"aco_567","gt_translate_keys":["label"]},{"label":"5-7 ans","value":"option-2","price":"","pimage":"","pimage_id":"","pthumb":"","tempId":"aco_568","gt_translate_keys":["label"]},{"label":"8 - 12 ans","value":"option-3","price":"","pimage":"","pimage_id":"","pthumb":"","tempId":"aco_569","gt_translate_keys":["label"]},{"label":"13-18 ans","value":"option-4","price":"","pimage":"","pimage_id":"","pthumb":"","tempId":"aco_570","gt_translate_keys":["label"]},{"label":"Personnalis\u00e9e","value":"option-5","price":"","pimage":"","pimage_id":"","pthumb":"","tempId":"aco_571","gt_translate_keys":["label"]}],"relations":false,"active":true,"tooltip":"","layOut":"inline","checkUi":"","error":false,"gt_translate_keys":["label","tooltip"],"price_dependency":false,"cl_dependency":["text_7679b7e8de1ecf"],"value":""}],[{"type":"text","elementId":"text_7679b7e8de1ecf","label":"Tour du poignet","description":"en centim\u00e8tres","pricingType":"fixed","name":"text_7679b7e8de1ecf","subtype":"text","minlength":"0","maxlength":"20","mapToCheckoutFieldParent":"billing","mapToCheckoutField":"billing_first_name","enableCl":true,"cl_rule":"show","cl_val":"option-5","col":6,"relations":[{"operator":false,"rules":[{"operator":false,"rules":{"cl_field":"checkbox-group_1679b7e8de1ecc","cl_relation":"is","cl_val":"option-5"}}]}],"active":true,"tooltip":"","gt_translate_keys":["label","description","tooltip"],"price_dependency":false,"cl_dependency":false,"value":""}],[{"type":"textarea","elementId":"textarea_8679b7e8de1ed4","label":"Un commentaire sur votre bijou ?","pricingType":"fixed","rows":"6","name":"textarea_8679b7e8de1ed4","maxlength":"500","mapToCheckoutFieldParent":"billing","mapToCheckoutField":"billing_first_name","cl_rule":"show","col":6,"relations":false,"active":true,"tooltip":"","error":false,"gt_translate_keys":["label","tooltip"],"price_dependency":false,"cl_dependency":false,"value":""}]]}},"config":{"price_override":"","enable_recaptcha":false,"bind_quantity":false,"quantity_bind_formula":false,"disp_summ_show_option_price":true,"disp_summ_show_product_price":true,"disp_summ_show_total_price":true,"disp_summ_show_fee":false,"disp_summ_show_discount":false,"summary_title":"","options_total_label":"Prix des options","total_label":"Total","options_product_label":"Prix du bijou","fee_label":"Fee","discount_label":"Discount","has_price":true,"has_quantity_formula":false},"mc_unit":1,"tax_rate":1,"tax_rate_real":1,"discount":{"percentage":0,"fixed":0},"design":{"conf":{"LabelPosition":"above","DescPosition":"above","UploadField":"custom_1","QuantityFieldStyle":"default"},"css":{"LeftLabelWidth":"120px"}},"formulas":[],"lookuptables":[],"clones":false,"cartKey":false}},"_links":{"self":[{"href":"https:\/\/www.mapesteadoree.fr\/boutique\/wp-json\/wp\/v2\/product\/55497","targetHints":{"allow":["GET"]}}],"collection":[{"href":"https:\/\/www.mapesteadoree.fr\/boutique\/wp-json\/wp\/v2\/product"}],"about":[{"href":"https:\/\/www.mapesteadoree.fr\/boutique\/wp-json\/wp\/v2\/types\/product"}],"replies":[{"embeddable":true,"href":"https:\/\/www.mapesteadoree.fr\/boutique\/wp-json\/wp\/v2\/comments?post=55497"}],"wp:featuredmedia":[{"embeddable":true,"href":"https:\/\/www.mapesteadoree.fr\/boutique\/wp-json\/wp\/v2\/media\/55500"}],"wp:attachment":[{"href":"https:\/\/www.mapesteadoree.fr\/boutique\/wp-json\/wp\/v2\/media?parent=55497"}],"wp:term":[{"taxonomy":"product_brand","embeddable":true,"href":"https:\/\/www.mapesteadoree.fr\/boutique\/wp-json\/wp\/v2\/product_brand?post=55497"},{"taxonomy":"product_cat","embeddable":true,"href":"https:\/\/www.mapesteadoree.fr\/boutique\/wp-json\/wp\/v2\/product_cat?post=55497"},{"taxonomy":"product_tag","embeddable":true,"href":"https:\/\/www.mapesteadoree.fr\/boutique\/wp-json\/wp\/v2\/product_tag?post=55497"}],"curies":[{"name":"wp","href":"https:\/\/api.w.org\/{rel}","templated":true}]}}