{"id":55465,"date":"2025-01-28T09:32:46","date_gmt":"2025-01-28T08:32:46","guid":{"rendered":"https:\/\/www.mapesteadoree.fr\/boutique\/?post_type=product&#038;p=55465"},"modified":"2026-02-17T12:58:25","modified_gmt":"2026-02-17T11:58:25","slug":"bracelet-femme-tube-pop","status":"publish","type":"product","link":"https:\/\/www.mapesteadoree.fr\/boutique\/bijoux\/bracelet-femme-tube-pop\/","title":{"rendered":"Bracelet Tube \u00ab\u00a0POP\u00a0\u00bb"},"content":{"rendered":"<p>C&rsquo;est Nouveau ! D\u00e9couvrez les bracelets de l&rsquo;\u00e9t\u00e9 : les Bracelets Tubes ! Ici en version lithoth\u00e9rapie, avec des perles naturelles 10mm de Quartz Rose, Aventurine verte et Lapis Lazuli.<\/p>\n<h2>Un bracelet Jonc \u00e0 tubes avec perles naturelles<\/h2>\n<p>On en voit beaucoup de ces bracelets \u00e9lastiques, fabriqu\u00e9s en acrylique ou en r\u00e9sine, avec de grosses perles courbes ou incurv\u00e9es. J&rsquo;avoue \u00a0que j&rsquo;aime bien ces bracelets qu&rsquo;on remarque, plus ou moins color\u00e9s, qu&rsquo;on peut porter seuls ou en accumulation.<\/p>\n<p>\u2764\ufe0f Bien qu&rsquo;assez imposants, ils restent l\u00e9gers et donnent un coup de pep&rsquo;s \u00e0 n&rsquo;importe quelle tenue. On peut les porter sur la manche de son pull pr\u00e9f\u00e9r\u00e9 ou alors tout en l\u00e9g\u00e8ret\u00e9 sur une tenue plus l\u00e9g\u00e8re et \u00e0 manche courte.<\/p>\n<p>Ici les perles tubes ont avec un effet de transparence et \u00a0sont multicolores ! Elles vont parfaitement avec les perles naturelles que j&rsquo;ai choisi. \u00a0Des perles plates en \u00a0dor\u00e9 s\u00e9parent les perles tubes et donnent un c\u00f4t\u00e9 classy au bijou.<\/p>\n<p>Ici, j&rsquo;ai voulu (\u00e9videmment) ajouter des perles naturelles diam\u00e8tre 10mm pour que ce bracelet tube ne soit pas que joli.<\/p>\n<p class=\"LC20lb MBeuO DKV0Md\">\ud83d\udc8e Pour ce mod\u00e8le, j&rsquo;ai choisi 3 pierres diff\u00e9rentes :<\/p>\n<ul>\n<li><strong>Quartz Rose<\/strong> = pierre de calme et d&rsquo;apaisement, symbole d&rsquo;amour et de tendresse.<\/li>\n<li><strong>Aventurine verte<\/strong> = \u00a0pierre qui apporte la tranquillit\u00e9 d&rsquo;esprit, apaise le stress<\/li>\n<li><strong>Lapis Lazuli<\/strong> = pierre de sagesse et de communication. Symbole de l&rsquo;amiti\u00e9<\/li>\n<\/ul>\n<h3>Pourquoi porter des pierres naturelles ?<\/h3>\n<p class=\"LC20lb MBeuO DKV0Md\">\u2714\ufe0f Si vous sentez que avez besoin de soutien, d&rsquo;harmonie dans votre vie<\/p>\n<p class=\"LC20lb MBeuO DKV0Md\">\u2714\ufe0f Si vous \u00eates quelqu&rsquo;un de sensible aux pierres<\/p>\n<p class=\"LC20lb MBeuO DKV0Md\">\u27a1\ufe0f Les pierres choisies vous aideront \u00e0 g\u00e9rer votre quotidien, \u00e0 \u00eatre moins stress\u00e9e, apais\u00e9e<\/p>\n<blockquote><p>Chaque bijou est livr\u00e9 dans un pochon en coton et accompagn\u00e9 d&rsquo;une carte personnalis\u00e9 qui reprend les pierres utilis\u00e9es ainsi que leurs bienfaits.<\/p><\/blockquote>\n<h3>Conseils \u00e0 propos des bijoux<\/h3>\n<p class=\"LC20lb MBeuO DKV0Md\">\ud83e\uddf9 Les bijoux en pierres naturelles n\u00e9cessitent peu d&rsquo;entretien, n\u00e9anmoins il est conseill\u00e9 de les mettre \u00e0 l&rsquo;abri de l&rsquo;eau, de l&rsquo;humidit\u00e9 et des produits de douche\/piscine\/mer.<\/p>\n<p class=\"LC20lb MBeuO DKV0Md\">\u274c Les perles tubes en acrylique sont peu fragiles, n\u00e9anmoins si vous les prot\u00e9gez de l&rsquo;eau et des produits abrasifs (chlore, savon, sel&#8230;) elles resteront plus belles plus longtemps !<\/p>\n<p class=\"LC20lb MBeuO DKV0Md\">\ud83c\udf12 Les pierres doivent \u00eatre recharg\u00e9es \u00e0 la pleine lune chaque mois, sur le rebord de votre fen\u00eatre.<\/p>\n<p class=\"LC20lb MBeuO DKV0Md\">\ud83d\udccf Bracelet pour poignet de taille standard. Si vous avez un poignet plus petit ou plus grand que la moyenne, vous pouvez me laisser un commentaire de commande avec la mesure.<\/p>\n","protected":false},"excerpt":{"rendered":"<p><strong>Bracelet Tube en acrylique pour femme avec 3 pierres naturelles : Lapis Lazuli, Quartz Rose et aventurine verte. <\/strong>Bracelet mont\u00e9 sur \u00e9lastique \u00a0avec perles tubulaires &amp; pierres naturelles diam\u00e8tre 10mm.<\/p>\n","protected":false},"featured_media":56379,"comment_status":"open","ping_status":"closed","template":"","meta":[],"product_brand":[],"product_cat":[26,35,2095],"product_tag":[2069],"class_list":{"0":"post-55465","1":"product","2":"type-product","3":"status-publish","4":"has-post-thumbnail","6":"product_cat-pierres-naturelles","7":"product_cat-pierres-naturelles-femme","8":"product_cat-vente-ephemere","9":"product_tag-stress","11":"first","12":"instock","13":"shipping-taxable","14":"purchasable","15":"product-type-simple"},"acf":[],"yoast_head":"<!-- This site is optimized with the Yoast SEO plugin v27.4 - https:\/\/yoast.com\/product\/yoast-seo-wordpress\/ -->\n<title>Bracelet Tube Acrylique multicolore Lithoth\u00e9rapie<\/title>\n<meta name=\"description\" content=\"Bracelet femme tube avec perles incurv\u00e9es en acrylique avec pierres de quartz rose, aventurine verte et lapis lazuli diam\u00e8tre 10mm\" \/>\n<meta name=\"robots\" content=\"index, follow, max-snippet:-1, max-image-preview:large, max-video-preview:-1\" \/>\n<link rel=\"canonical\" href=\"https:\/\/www.mapesteadoree.fr\/boutique\/bijoux\/bracelet-femme-tube-pop\/\" \/>\n<meta property=\"og:locale\" content=\"fr_FR\" \/>\n<meta property=\"og:type\" content=\"article\" \/>\n<meta property=\"og:title\" content=\"Bracelet Tube Acrylique multicolore Lithoth\u00e9rapie\" \/>\n<meta property=\"og:description\" content=\"Bracelet femme tube avec perles incurv\u00e9es en acrylique avec pierres de quartz rose, aventurine verte et lapis lazuli diam\u00e8tre 10mm\" \/>\n<meta property=\"og:url\" content=\"https:\/\/www.mapesteadoree.fr\/boutique\/bijoux\/bracelet-femme-tube-pop\/\" \/>\n<meta property=\"og:site_name\" content=\"Ma Peste Ador\u00e9e\" \/>\n<meta property=\"article:modified_time\" content=\"2026-02-17T11:58:25+00:00\" \/>\n<meta property=\"og:image\" content=\"https:\/\/www.mapesteadoree.fr\/boutique\/wp-content\/uploads\/2025\/01\/bracelet-tube-arc-en-ciel.jpg\" \/>\n\t<meta property=\"og:image:width\" content=\"1500\" \/>\n\t<meta property=\"og:image:height\" content=\"1500\" \/>\n\t<meta property=\"og:image:type\" content=\"image\/jpeg\" \/>\n<meta name=\"twitter:card\" content=\"summary_large_image\" \/>\n<meta name=\"twitter:label1\" content=\"Dur\u00e9e de lecture estim\u00e9e\" \/>\n\t<meta name=\"twitter:data1\" content=\"3 minutes\" \/>\n<script type=\"application\/ld+json\" class=\"yoast-schema-graph\">{\"@context\":\"https:\\\/\\\/schema.org\",\"@graph\":[{\"@type\":\"WebPage\",\"@id\":\"https:\\\/\\\/www.mapesteadoree.fr\\\/boutique\\\/bijoux\\\/bracelet-femme-tube-pop\\\/\",\"url\":\"https:\\\/\\\/www.mapesteadoree.fr\\\/boutique\\\/bijoux\\\/bracelet-femme-tube-pop\\\/\",\"name\":\"Bracelet Tube Acrylique multicolore Lithoth\u00e9rapie\",\"isPartOf\":{\"@id\":\"https:\\\/\\\/www.mapesteadoree.fr\\\/boutique\\\/#website\"},\"primaryImageOfPage\":{\"@id\":\"https:\\\/\\\/www.mapesteadoree.fr\\\/boutique\\\/bijoux\\\/bracelet-femme-tube-pop\\\/#primaryimage\"},\"image\":{\"@id\":\"https:\\\/\\\/www.mapesteadoree.fr\\\/boutique\\\/bijoux\\\/bracelet-femme-tube-pop\\\/#primaryimage\"},\"thumbnailUrl\":\"https:\\\/\\\/www.mapesteadoree.fr\\\/boutique\\\/wp-content\\\/uploads\\\/2025\\\/01\\\/bracelet-tube-arc-en-ciel.jpg\",\"datePublished\":\"2025-01-28T08:32:46+00:00\",\"dateModified\":\"2026-02-17T11:58:25+00:00\",\"description\":\"Bracelet femme tube avec perles incurv\u00e9es en acrylique avec pierres de quartz rose, aventurine verte et lapis lazuli diam\u00e8tre 10mm\",\"breadcrumb\":{\"@id\":\"https:\\\/\\\/www.mapesteadoree.fr\\\/boutique\\\/bijoux\\\/bracelet-femme-tube-pop\\\/#breadcrumb\"},\"inLanguage\":\"fr-FR\",\"potentialAction\":[{\"@type\":\"ReadAction\",\"target\":[\"https:\\\/\\\/www.mapesteadoree.fr\\\/boutique\\\/bijoux\\\/bracelet-femme-tube-pop\\\/\"]}]},{\"@type\":\"ImageObject\",\"inLanguage\":\"fr-FR\",\"@id\":\"https:\\\/\\\/www.mapesteadoree.fr\\\/boutique\\\/bijoux\\\/bracelet-femme-tube-pop\\\/#primaryimage\",\"url\":\"https:\\\/\\\/www.mapesteadoree.fr\\\/boutique\\\/wp-content\\\/uploads\\\/2025\\\/01\\\/bracelet-tube-arc-en-ciel.jpg\",\"contentUrl\":\"https:\\\/\\\/www.mapesteadoree.fr\\\/boutique\\\/wp-content\\\/uploads\\\/2025\\\/01\\\/bracelet-tube-arc-en-ciel.jpg\",\"width\":1500,\"height\":1500,\"caption\":\"Bracelet tube avec pierres naturelles\"},{\"@type\":\"BreadcrumbList\",\"@id\":\"https:\\\/\\\/www.mapesteadoree.fr\\\/boutique\\\/bijoux\\\/bracelet-femme-tube-pop\\\/#breadcrumb\",\"itemListElement\":[{\"@type\":\"ListItem\",\"position\":1,\"name\":\"Accueil\",\"item\":\"https:\\\/\\\/www.mapesteadoree.fr\\\/boutique\\\/\"},{\"@type\":\"ListItem\",\"position\":2,\"name\":\"Boutique de bijoux uniques en pierres naturelles\",\"item\":\"https:\\\/\\\/www.mapesteadoree.fr\\\/boutique\\\/\"},{\"@type\":\"ListItem\",\"position\":3,\"name\":\"Bracelet Tube \u00ab\u00a0POP\u00a0\u00bb\"}]},{\"@type\":\"WebSite\",\"@id\":\"https:\\\/\\\/www.mapesteadoree.fr\\\/boutique\\\/#website\",\"url\":\"https:\\\/\\\/www.mapesteadoree.fr\\\/boutique\\\/\",\"name\":\"Ma Peste Ador\u00e9e\",\"description\":\"\",\"publisher\":{\"@id\":\"https:\\\/\\\/www.mapesteadoree.fr\\\/boutique\\\/#organization\"},\"potentialAction\":[{\"@type\":\"SearchAction\",\"target\":{\"@type\":\"EntryPoint\",\"urlTemplate\":\"https:\\\/\\\/www.mapesteadoree.fr\\\/boutique\\\/?s={search_term_string}\"},\"query-input\":{\"@type\":\"PropertyValueSpecification\",\"valueRequired\":true,\"valueName\":\"search_term_string\"}}],\"inLanguage\":\"fr-FR\"},{\"@type\":\"Organization\",\"@id\":\"https:\\\/\\\/www.mapesteadoree.fr\\\/boutique\\\/#organization\",\"name\":\"Ma Peste Ador\u00e9e\",\"url\":\"https:\\\/\\\/www.mapesteadoree.fr\\\/boutique\\\/\",\"logo\":{\"@type\":\"ImageObject\",\"inLanguage\":\"fr-FR\",\"@id\":\"https:\\\/\\\/www.mapesteadoree.fr\\\/boutique\\\/#\\\/schema\\\/logo\\\/image\\\/\",\"url\":\"https:\\\/\\\/www.mapesteadoree.fr\\\/boutique\\\/wp-content\\\/uploads\\\/2024\\\/10\\\/cropped-logo-mpa-2024.png\",\"contentUrl\":\"https:\\\/\\\/www.mapesteadoree.fr\\\/boutique\\\/wp-content\\\/uploads\\\/2024\\\/10\\\/cropped-logo-mpa-2024.png\",\"width\":470,\"height\":110,\"caption\":\"Ma Peste Ador\u00e9e\"},\"image\":{\"@id\":\"https:\\\/\\\/www.mapesteadoree.fr\\\/boutique\\\/#\\\/schema\\\/logo\\\/image\\\/\"}}]}<\/script>\n<!-- \/ Yoast SEO plugin. -->","yoast_head_json":{"title":"Bracelet Tube Acrylique multicolore Lithoth\u00e9rapie","description":"Bracelet femme tube avec perles incurv\u00e9es en acrylique avec pierres de quartz rose, aventurine verte et lapis lazuli diam\u00e8tre 10mm","robots":{"index":"index","follow":"follow","max-snippet":"max-snippet:-1","max-image-preview":"max-image-preview:large","max-video-preview":"max-video-preview:-1"},"canonical":"https:\/\/www.mapesteadoree.fr\/boutique\/bijoux\/bracelet-femme-tube-pop\/","og_locale":"fr_FR","og_type":"article","og_title":"Bracelet Tube Acrylique multicolore Lithoth\u00e9rapie","og_description":"Bracelet femme tube avec perles incurv\u00e9es en acrylique avec pierres de quartz rose, aventurine verte et lapis lazuli diam\u00e8tre 10mm","og_url":"https:\/\/www.mapesteadoree.fr\/boutique\/bijoux\/bracelet-femme-tube-pop\/","og_site_name":"Ma Peste Ador\u00e9e","article_modified_time":"2026-02-17T11:58:25+00:00","og_image":[{"width":1500,"height":1500,"url":"https:\/\/www.mapesteadoree.fr\/boutique\/wp-content\/uploads\/2025\/01\/bracelet-tube-arc-en-ciel.jpg","type":"image\/jpeg"}],"twitter_card":"summary_large_image","twitter_misc":{"Dur\u00e9e de lecture estim\u00e9e":"3 minutes"},"schema":{"@context":"https:\/\/schema.org","@graph":[{"@type":"WebPage","@id":"https:\/\/www.mapesteadoree.fr\/boutique\/bijoux\/bracelet-femme-tube-pop\/","url":"https:\/\/www.mapesteadoree.fr\/boutique\/bijoux\/bracelet-femme-tube-pop\/","name":"Bracelet Tube Acrylique multicolore Lithoth\u00e9rapie","isPartOf":{"@id":"https:\/\/www.mapesteadoree.fr\/boutique\/#website"},"primaryImageOfPage":{"@id":"https:\/\/www.mapesteadoree.fr\/boutique\/bijoux\/bracelet-femme-tube-pop\/#primaryimage"},"image":{"@id":"https:\/\/www.mapesteadoree.fr\/boutique\/bijoux\/bracelet-femme-tube-pop\/#primaryimage"},"thumbnailUrl":"https:\/\/www.mapesteadoree.fr\/boutique\/wp-content\/uploads\/2025\/01\/bracelet-tube-arc-en-ciel.jpg","datePublished":"2025-01-28T08:32:46+00:00","dateModified":"2026-02-17T11:58:25+00:00","description":"Bracelet femme tube avec perles incurv\u00e9es en acrylique avec pierres de quartz rose, aventurine verte et lapis lazuli diam\u00e8tre 10mm","breadcrumb":{"@id":"https:\/\/www.mapesteadoree.fr\/boutique\/bijoux\/bracelet-femme-tube-pop\/#breadcrumb"},"inLanguage":"fr-FR","potentialAction":[{"@type":"ReadAction","target":["https:\/\/www.mapesteadoree.fr\/boutique\/bijoux\/bracelet-femme-tube-pop\/"]}]},{"@type":"ImageObject","inLanguage":"fr-FR","@id":"https:\/\/www.mapesteadoree.fr\/boutique\/bijoux\/bracelet-femme-tube-pop\/#primaryimage","url":"https:\/\/www.mapesteadoree.fr\/boutique\/wp-content\/uploads\/2025\/01\/bracelet-tube-arc-en-ciel.jpg","contentUrl":"https:\/\/www.mapesteadoree.fr\/boutique\/wp-content\/uploads\/2025\/01\/bracelet-tube-arc-en-ciel.jpg","width":1500,"height":1500,"caption":"Bracelet tube avec pierres naturelles"},{"@type":"BreadcrumbList","@id":"https:\/\/www.mapesteadoree.fr\/boutique\/bijoux\/bracelet-femme-tube-pop\/#breadcrumb","itemListElement":[{"@type":"ListItem","position":1,"name":"Accueil","item":"https:\/\/www.mapesteadoree.fr\/boutique\/"},{"@type":"ListItem","position":2,"name":"Boutique de bijoux uniques en pierres naturelles","item":"https:\/\/www.mapesteadoree.fr\/boutique\/"},{"@type":"ListItem","position":3,"name":"Bracelet Tube \u00ab\u00a0POP\u00a0\u00bb"}]},{"@type":"WebSite","@id":"https:\/\/www.mapesteadoree.fr\/boutique\/#website","url":"https:\/\/www.mapesteadoree.fr\/boutique\/","name":"Ma Peste Ador\u00e9e","description":"","publisher":{"@id":"https:\/\/www.mapesteadoree.fr\/boutique\/#organization"},"potentialAction":[{"@type":"SearchAction","target":{"@type":"EntryPoint","urlTemplate":"https:\/\/www.mapesteadoree.fr\/boutique\/?s={search_term_string}"},"query-input":{"@type":"PropertyValueSpecification","valueRequired":true,"valueName":"search_term_string"}}],"inLanguage":"fr-FR"},{"@type":"Organization","@id":"https:\/\/www.mapesteadoree.fr\/boutique\/#organization","name":"Ma Peste Ador\u00e9e","url":"https:\/\/www.mapesteadoree.fr\/boutique\/","logo":{"@type":"ImageObject","inLanguage":"fr-FR","@id":"https:\/\/www.mapesteadoree.fr\/boutique\/#\/schema\/logo\/image\/","url":"https:\/\/www.mapesteadoree.fr\/boutique\/wp-content\/uploads\/2024\/10\/cropped-logo-mpa-2024.png","contentUrl":"https:\/\/www.mapesteadoree.fr\/boutique\/wp-content\/uploads\/2024\/10\/cropped-logo-mpa-2024.png","width":470,"height":110,"caption":"Ma Peste Ador\u00e9e"},"image":{"@id":"https:\/\/www.mapesteadoree.fr\/boutique\/#\/schema\/logo\/image\/"}}]}},"wcpa_form_fields":null,"_links":{"self":[{"href":"https:\/\/www.mapesteadoree.fr\/boutique\/wp-json\/wp\/v2\/product\/55465","targetHints":{"allow":["GET"]}}],"collection":[{"href":"https:\/\/www.mapesteadoree.fr\/boutique\/wp-json\/wp\/v2\/product"}],"about":[{"href":"https:\/\/www.mapesteadoree.fr\/boutique\/wp-json\/wp\/v2\/types\/product"}],"replies":[{"embeddable":true,"href":"https:\/\/www.mapesteadoree.fr\/boutique\/wp-json\/wp\/v2\/comments?post=55465"}],"wp:featuredmedia":[{"embeddable":true,"href":"https:\/\/www.mapesteadoree.fr\/boutique\/wp-json\/wp\/v2\/media\/56379"}],"wp:attachment":[{"href":"https:\/\/www.mapesteadoree.fr\/boutique\/wp-json\/wp\/v2\/media?parent=55465"}],"wp:term":[{"taxonomy":"product_brand","embeddable":true,"href":"https:\/\/www.mapesteadoree.fr\/boutique\/wp-json\/wp\/v2\/product_brand?post=55465"},{"taxonomy":"product_cat","embeddable":true,"href":"https:\/\/www.mapesteadoree.fr\/boutique\/wp-json\/wp\/v2\/product_cat?post=55465"},{"taxonomy":"product_tag","embeddable":true,"href":"https:\/\/www.mapesteadoree.fr\/boutique\/wp-json\/wp\/v2\/product_tag?post=55465"}],"curies":[{"name":"wp","href":"https:\/\/api.w.org\/{rel}","templated":true}]}}