{"id":55010,"date":"2024-11-22T10:50:10","date_gmt":"2024-11-22T09:50:10","guid":{"rendered":"https:\/\/www.mapesteadoree.fr\/boutique\/?post_type=product&#038;p=55010"},"modified":"2025-12-31T15:01:37","modified_gmt":"2025-12-31T14:01:37","slug":"coeur-magnetique-seul","status":"publish","type":"product","link":"https:\/\/www.mapesteadoree.fr\/boutique\/bijoux\/coeur-magnetique-seul\/","title":{"rendered":"Coeur magn\u00e9tique vendu seul"},"content":{"rendered":"<p><strong>Ajoutez \u00e0 2 bracelets d\u00e9j\u00e0 en votre possession l&rsquo;option coeur magn\u00e9tique<\/strong> propos\u00e9 sur la boutique Ma Peste Ador\u00e9e.<\/p>\n<h2>Acheter un ensemble aimant\u00e9 en forme de coeur<\/h2>\n<p><strong>Vous recevrez un coeur entier, soit 2 parties, avec 2 anneaux pour les accrocher \u00e0 vos 2 bracelets<\/strong><\/p>\n<p>Vous avez le choix entre :<\/p>\n<ul>\n<li>Un coeur magn\u00e9tique acier inox<\/li>\n<li>Un coeur magn\u00e9tique acier inox couleur dor\u00e9<\/li>\n<\/ul>\n<p>Chaque fermoir entier mesure 11x17mm<\/p>\n<h2>Comment fonctionne le coeur aimant\u00e9 pour vos bracelets ?<\/h2>\n<p><strong>Chaque coeur est compos\u00e9 d&rsquo;une partie A + une partie B<\/strong>. Comme n&rsquo;importe quel aimant, il faut bien une partie A + une partie B pour que la connexion fonctionne.<\/p>\n<ul>\n<li>A+A ne se connectent pas<\/li>\n<li>B+B ne se connectent pas<\/li>\n<\/ul>\n<p>Le plus simple, c&rsquo;est d&rsquo;acheter 1 kit pour connecter 2 bracelets.<\/p>\n<p>Mais si vous souhaitez connecter 3 bracelets par exemple, \u00a0il faut :<\/p>\n<ul>\n<li>Acheter 2 kits soit 4 parties<\/li>\n<li>Mettre une partie A sur le 1er bracelet, une partie B sur le second bracelet. Et mettre A+B sur le troisi\u00e8me bracelet.<\/li>\n<\/ul>\n<blockquote><p>Vous pouvez consulter l&rsquo;<a href=\"https:\/\/www.mapesteadoree.fr\/boutique\/loption-coeur-magnetique\/\">article d\u00e9taill\u00e9 qui concerne l&rsquo;option coeur magn\u00e9tique ici.<\/a><\/p><\/blockquote>\n","protected":false},"excerpt":{"rendered":"<p>Cette fiche vous permet d&rsquo;acheter un coeur magn\u00e9tique seul, en acier inoxydable (couleur argent ou or). Un coeur magn\u00e9tique est compos\u00e9 de 2 parties, d&rsquo;une partie A + d&rsquo;une partie B, les 2 s&rsquo;aimantent en les rapprochant.<\/p>\n","protected":false},"featured_media":55014,"comment_status":"open","ping_status":"closed","template":"","meta":[],"product_brand":[],"product_cat":[31],"product_tag":[],"class_list":{"0":"post-55010","1":"product","2":"type-product","3":"status-publish","4":"has-post-thumbnail","6":"product_cat-materiel-sav","7":"wcpa_has_options","9":"first","10":"instock","11":"shipping-taxable","12":"purchasable","13":"product-type-simple"},"acf":[],"yoast_head":"<!-- This site is optimized with the Yoast SEO plugin v27.3 - https:\/\/yoast.com\/product\/yoast-seo-wordpress\/ -->\n<title>Acheter un coeur magn\u00e9tique pour 2 bracelets<\/title>\n<meta name=\"description\" content=\"Ajoutez un coeur magn\u00e9tique en acier inoxydable dor\u00e9 ou argent\u00e9 pour 2 bracelets Ma Peste Ador\u00e9e dej\u00e0 en votre possession.\" \/>\n<meta name=\"robots\" content=\"index, follow, max-snippet:-1, max-image-preview:large, max-video-preview:-1\" \/>\n<link rel=\"canonical\" href=\"https:\/\/www.mapesteadoree.fr\/boutique\/bijoux\/coeur-magnetique-seul\/\" \/>\n<meta property=\"og:locale\" content=\"fr_FR\" \/>\n<meta property=\"og:type\" content=\"article\" \/>\n<meta property=\"og:title\" content=\"Acheter un coeur magn\u00e9tique pour 2 bracelets\" \/>\n<meta property=\"og:description\" content=\"Ajoutez un coeur magn\u00e9tique en acier inoxydable dor\u00e9 ou argent\u00e9 pour 2 bracelets Ma Peste Ador\u00e9e dej\u00e0 en votre possession.\" \/>\n<meta property=\"og:url\" content=\"https:\/\/www.mapesteadoree.fr\/boutique\/bijoux\/coeur-magnetique-seul\/\" \/>\n<meta property=\"og:site_name\" content=\"Ma Peste Ador\u00e9e\" \/>\n<meta property=\"article:modified_time\" content=\"2025-12-31T14:01:37+00:00\" \/>\n<meta property=\"og:image\" content=\"https:\/\/www.mapesteadoree.fr\/boutique\/wp-content\/uploads\/2024\/11\/option-coeur-magnetique-1.jpg\" \/>\n\t<meta property=\"og:image:width\" content=\"1500\" \/>\n\t<meta property=\"og:image:height\" content=\"1500\" \/>\n\t<meta property=\"og:image:type\" content=\"image\/jpeg\" \/>\n<meta name=\"twitter:card\" content=\"summary_large_image\" \/>\n<meta name=\"twitter:label1\" content=\"Dur\u00e9e de lecture estim\u00e9e\" \/>\n\t<meta name=\"twitter:data1\" content=\"1 minute\" \/>\n<script type=\"application\/ld+json\" class=\"yoast-schema-graph\">{\"@context\":\"https:\\\/\\\/schema.org\",\"@graph\":[{\"@type\":\"WebPage\",\"@id\":\"https:\\\/\\\/www.mapesteadoree.fr\\\/boutique\\\/bijoux\\\/coeur-magnetique-seul\\\/\",\"url\":\"https:\\\/\\\/www.mapesteadoree.fr\\\/boutique\\\/bijoux\\\/coeur-magnetique-seul\\\/\",\"name\":\"Acheter un coeur magn\u00e9tique pour 2 bracelets\",\"isPartOf\":{\"@id\":\"https:\\\/\\\/www.mapesteadoree.fr\\\/boutique\\\/#website\"},\"primaryImageOfPage\":{\"@id\":\"https:\\\/\\\/www.mapesteadoree.fr\\\/boutique\\\/bijoux\\\/coeur-magnetique-seul\\\/#primaryimage\"},\"image\":{\"@id\":\"https:\\\/\\\/www.mapesteadoree.fr\\\/boutique\\\/bijoux\\\/coeur-magnetique-seul\\\/#primaryimage\"},\"thumbnailUrl\":\"https:\\\/\\\/www.mapesteadoree.fr\\\/boutique\\\/wp-content\\\/uploads\\\/2024\\\/11\\\/option-coeur-magnetique-1.jpg\",\"datePublished\":\"2024-11-22T09:50:10+00:00\",\"dateModified\":\"2025-12-31T14:01:37+00:00\",\"description\":\"Ajoutez un coeur magn\u00e9tique en acier inoxydable dor\u00e9 ou argent\u00e9 pour 2 bracelets Ma Peste Ador\u00e9e dej\u00e0 en votre possession.\",\"breadcrumb\":{\"@id\":\"https:\\\/\\\/www.mapesteadoree.fr\\\/boutique\\\/bijoux\\\/coeur-magnetique-seul\\\/#breadcrumb\"},\"inLanguage\":\"fr-FR\",\"potentialAction\":[{\"@type\":\"ReadAction\",\"target\":[\"https:\\\/\\\/www.mapesteadoree.fr\\\/boutique\\\/bijoux\\\/coeur-magnetique-seul\\\/\"]}]},{\"@type\":\"ImageObject\",\"inLanguage\":\"fr-FR\",\"@id\":\"https:\\\/\\\/www.mapesteadoree.fr\\\/boutique\\\/bijoux\\\/coeur-magnetique-seul\\\/#primaryimage\",\"url\":\"https:\\\/\\\/www.mapesteadoree.fr\\\/boutique\\\/wp-content\\\/uploads\\\/2024\\\/11\\\/option-coeur-magnetique-1.jpg\",\"contentUrl\":\"https:\\\/\\\/www.mapesteadoree.fr\\\/boutique\\\/wp-content\\\/uploads\\\/2024\\\/11\\\/option-coeur-magnetique-1.jpg\",\"width\":1500,\"height\":1500,\"caption\":\"Achetez un coeur magn\u00e9tique pour vos bracelets ma peste ador\u00e9e\"},{\"@type\":\"BreadcrumbList\",\"@id\":\"https:\\\/\\\/www.mapesteadoree.fr\\\/boutique\\\/bijoux\\\/coeur-magnetique-seul\\\/#breadcrumb\",\"itemListElement\":[{\"@type\":\"ListItem\",\"position\":1,\"name\":\"Accueil\",\"item\":\"https:\\\/\\\/www.mapesteadoree.fr\\\/boutique\\\/\"},{\"@type\":\"ListItem\",\"position\":2,\"name\":\"Boutique de bijoux uniques en pierres naturelles\",\"item\":\"https:\\\/\\\/www.mapesteadoree.fr\\\/boutique\\\/\"},{\"@type\":\"ListItem\",\"position\":3,\"name\":\"Coeur magn\u00e9tique vendu seul\"}]},{\"@type\":\"WebSite\",\"@id\":\"https:\\\/\\\/www.mapesteadoree.fr\\\/boutique\\\/#website\",\"url\":\"https:\\\/\\\/www.mapesteadoree.fr\\\/boutique\\\/\",\"name\":\"Ma Peste Ador\u00e9e\",\"description\":\"\",\"publisher\":{\"@id\":\"https:\\\/\\\/www.mapesteadoree.fr\\\/boutique\\\/#organization\"},\"potentialAction\":[{\"@type\":\"SearchAction\",\"target\":{\"@type\":\"EntryPoint\",\"urlTemplate\":\"https:\\\/\\\/www.mapesteadoree.fr\\\/boutique\\\/?s={search_term_string}\"},\"query-input\":{\"@type\":\"PropertyValueSpecification\",\"valueRequired\":true,\"valueName\":\"search_term_string\"}}],\"inLanguage\":\"fr-FR\"},{\"@type\":\"Organization\",\"@id\":\"https:\\\/\\\/www.mapesteadoree.fr\\\/boutique\\\/#organization\",\"name\":\"Ma Peste Ador\u00e9e\",\"url\":\"https:\\\/\\\/www.mapesteadoree.fr\\\/boutique\\\/\",\"logo\":{\"@type\":\"ImageObject\",\"inLanguage\":\"fr-FR\",\"@id\":\"https:\\\/\\\/www.mapesteadoree.fr\\\/boutique\\\/#\\\/schema\\\/logo\\\/image\\\/\",\"url\":\"https:\\\/\\\/www.mapesteadoree.fr\\\/boutique\\\/wp-content\\\/uploads\\\/2024\\\/10\\\/cropped-logo-mpa-2024.png\",\"contentUrl\":\"https:\\\/\\\/www.mapesteadoree.fr\\\/boutique\\\/wp-content\\\/uploads\\\/2024\\\/10\\\/cropped-logo-mpa-2024.png\",\"width\":470,\"height\":110,\"caption\":\"Ma Peste Ador\u00e9e\"},\"image\":{\"@id\":\"https:\\\/\\\/www.mapesteadoree.fr\\\/boutique\\\/#\\\/schema\\\/logo\\\/image\\\/\"}}]}<\/script>\n<!-- \/ Yoast SEO plugin. -->","yoast_head_json":{"title":"Acheter un coeur magn\u00e9tique pour 2 bracelets","description":"Ajoutez un coeur magn\u00e9tique en acier inoxydable dor\u00e9 ou argent\u00e9 pour 2 bracelets Ma Peste Ador\u00e9e dej\u00e0 en votre possession.","robots":{"index":"index","follow":"follow","max-snippet":"max-snippet:-1","max-image-preview":"max-image-preview:large","max-video-preview":"max-video-preview:-1"},"canonical":"https:\/\/www.mapesteadoree.fr\/boutique\/bijoux\/coeur-magnetique-seul\/","og_locale":"fr_FR","og_type":"article","og_title":"Acheter un coeur magn\u00e9tique pour 2 bracelets","og_description":"Ajoutez un coeur magn\u00e9tique en acier inoxydable dor\u00e9 ou argent\u00e9 pour 2 bracelets Ma Peste Ador\u00e9e dej\u00e0 en votre possession.","og_url":"https:\/\/www.mapesteadoree.fr\/boutique\/bijoux\/coeur-magnetique-seul\/","og_site_name":"Ma Peste Ador\u00e9e","article_modified_time":"2025-12-31T14:01:37+00:00","og_image":[{"width":1500,"height":1500,"url":"https:\/\/www.mapesteadoree.fr\/boutique\/wp-content\/uploads\/2024\/11\/option-coeur-magnetique-1.jpg","type":"image\/jpeg"}],"twitter_card":"summary_large_image","twitter_misc":{"Dur\u00e9e de lecture estim\u00e9e":"1 minute"},"schema":{"@context":"https:\/\/schema.org","@graph":[{"@type":"WebPage","@id":"https:\/\/www.mapesteadoree.fr\/boutique\/bijoux\/coeur-magnetique-seul\/","url":"https:\/\/www.mapesteadoree.fr\/boutique\/bijoux\/coeur-magnetique-seul\/","name":"Acheter un coeur magn\u00e9tique pour 2 bracelets","isPartOf":{"@id":"https:\/\/www.mapesteadoree.fr\/boutique\/#website"},"primaryImageOfPage":{"@id":"https:\/\/www.mapesteadoree.fr\/boutique\/bijoux\/coeur-magnetique-seul\/#primaryimage"},"image":{"@id":"https:\/\/www.mapesteadoree.fr\/boutique\/bijoux\/coeur-magnetique-seul\/#primaryimage"},"thumbnailUrl":"https:\/\/www.mapesteadoree.fr\/boutique\/wp-content\/uploads\/2024\/11\/option-coeur-magnetique-1.jpg","datePublished":"2024-11-22T09:50:10+00:00","dateModified":"2025-12-31T14:01:37+00:00","description":"Ajoutez un coeur magn\u00e9tique en acier inoxydable dor\u00e9 ou argent\u00e9 pour 2 bracelets Ma Peste Ador\u00e9e dej\u00e0 en votre possession.","breadcrumb":{"@id":"https:\/\/www.mapesteadoree.fr\/boutique\/bijoux\/coeur-magnetique-seul\/#breadcrumb"},"inLanguage":"fr-FR","potentialAction":[{"@type":"ReadAction","target":["https:\/\/www.mapesteadoree.fr\/boutique\/bijoux\/coeur-magnetique-seul\/"]}]},{"@type":"ImageObject","inLanguage":"fr-FR","@id":"https:\/\/www.mapesteadoree.fr\/boutique\/bijoux\/coeur-magnetique-seul\/#primaryimage","url":"https:\/\/www.mapesteadoree.fr\/boutique\/wp-content\/uploads\/2024\/11\/option-coeur-magnetique-1.jpg","contentUrl":"https:\/\/www.mapesteadoree.fr\/boutique\/wp-content\/uploads\/2024\/11\/option-coeur-magnetique-1.jpg","width":1500,"height":1500,"caption":"Achetez un coeur magn\u00e9tique pour vos bracelets ma peste ador\u00e9e"},{"@type":"BreadcrumbList","@id":"https:\/\/www.mapesteadoree.fr\/boutique\/bijoux\/coeur-magnetique-seul\/#breadcrumb","itemListElement":[{"@type":"ListItem","position":1,"name":"Accueil","item":"https:\/\/www.mapesteadoree.fr\/boutique\/"},{"@type":"ListItem","position":2,"name":"Boutique de bijoux uniques en pierres naturelles","item":"https:\/\/www.mapesteadoree.fr\/boutique\/"},{"@type":"ListItem","position":3,"name":"Coeur magn\u00e9tique vendu seul"}]},{"@type":"WebSite","@id":"https:\/\/www.mapesteadoree.fr\/boutique\/#website","url":"https:\/\/www.mapesteadoree.fr\/boutique\/","name":"Ma Peste Ador\u00e9e","description":"","publisher":{"@id":"https:\/\/www.mapesteadoree.fr\/boutique\/#organization"},"potentialAction":[{"@type":"SearchAction","target":{"@type":"EntryPoint","urlTemplate":"https:\/\/www.mapesteadoree.fr\/boutique\/?s={search_term_string}"},"query-input":{"@type":"PropertyValueSpecification","valueRequired":true,"valueName":"search_term_string"}}],"inLanguage":"fr-FR"},{"@type":"Organization","@id":"https:\/\/www.mapesteadoree.fr\/boutique\/#organization","name":"Ma Peste Ador\u00e9e","url":"https:\/\/www.mapesteadoree.fr\/boutique\/","logo":{"@type":"ImageObject","inLanguage":"fr-FR","@id":"https:\/\/www.mapesteadoree.fr\/boutique\/#\/schema\/logo\/image\/","url":"https:\/\/www.mapesteadoree.fr\/boutique\/wp-content\/uploads\/2024\/10\/cropped-logo-mpa-2024.png","contentUrl":"https:\/\/www.mapesteadoree.fr\/boutique\/wp-content\/uploads\/2024\/10\/cropped-logo-mpa-2024.png","width":470,"height":110,"caption":"Ma Peste Ador\u00e9e"},"image":{"@id":"https:\/\/www.mapesteadoree.fr\/boutique\/#\/schema\/logo\/image\/"}}]}},"wcpa_form_fields":{"wcpaData":{"product":{"product_price":4,"price_html":"<span class=\"woocommerce-Price-amount amount\"><bdi>4,00&nbsp;<span class=\"woocommerce-Price-currencySymbol\">&euro;<\/span><\/bdi><\/span>","original_product_price":4,"price_including_tax":4,"price_excluding_tax":4,"product_id":{"parent":55010,"variation":false},"is_variable":false,"stock_status":"instock","stock_quantity":null,"parent_sku":"","product_attributes":[],"custom_fields":[],"is_taxable":false,"product_name":"Coeur magn\u00e9tique vendu seul","hasImage":false},"fields":{"sec_067405a570b5f5":{"extra":{"key":"sec_067405a570b5f5","section_id":"sec_067405a570b5f5","name":"Default","status":1,"cl_rule":"show","enableCl":false,"relations":[],"toggle":true,"title_tag":"h3","show_title":false,"showPrice":"default","form_id":55016,"form_rules":{"exclude_from_discount":false,"fee_label":"Fee","disp_hide_options_price":false,"disp_show_section_price":false,"disp_show_field_price":true,"layout_option":"standard","pric_use_as_fee":false,"process_fee_as":"woo_fee"},"layout_option":"standard"},"fields":[[{"active":true,"col":6,"relations":false,"cl_rule":"show","enableCl":false,"price":"","enablePrice":true,"className":"","label_position":"default","desc_position":"default","type":"image-group","required":false,"elementId":"image_2706930331","label":"Choix du coeur","name":"image_2706930331","enable_popup":"no","multiple":true,"layOut":"inline","img_selection_type":"outline","disp_type":"square","values":[{"label":"Acier inox","value":"Option - 1","selected":false,"image":"https:\/\/www.mapesteadoree.fr\/boutique\/wp-content\/uploads\/2022\/01\/coeur-magnetique-argent-151.jpg","thumb":"https:\/\/www.mapesteadoree.fr\/boutique\/wp-content\/uploads\/2022\/01\/coeur-magnetique-argent-151.jpg","tempId":"aco_239","image_id":53240,"price":"0","thumb_src":"https:\/\/www.mapesteadoree.fr\/boutique\/wp-content\/uploads\/2022\/01\/coeur-magnetique-argent-151-100x100.jpg","gt_translate_keys":["label"]},{"label":"Acier inox dor\u00e9","value":"Option - 2","selected":false,"image":"https:\/\/www.mapesteadoree.fr\/boutique\/wp-content\/uploads\/2022\/01\/coeur-magnetique-or-151.jpg","thumb":"https:\/\/www.mapesteadoree.fr\/boutique\/wp-content\/uploads\/2022\/01\/coeur-magnetique-or-151.jpg","tempId":"aco_240","image_id":53241,"price":"2","thumb_src":"https:\/\/www.mapesteadoree.fr\/boutique\/wp-content\/uploads\/2022\/01\/coeur-magnetique-or-151-100x100.jpg","gt_translate_keys":["label"]}],"disp_size_img":{"width":75,"height":75},"error":false,"priceOptions":"different_for_all","pricingType":"fixed","gt_translate_keys":["label"],"price_dependency":false,"cl_dependency":false,"value":""}]]}},"config":{"price_override":"","enable_recaptcha":false,"bind_quantity":false,"quantity_bind_formula":false,"disp_summ_show_option_price":true,"disp_summ_show_product_price":true,"disp_summ_show_total_price":true,"disp_summ_show_fee":false,"disp_summ_show_discount":false,"summary_title":"","options_total_label":"Options Price","total_label":"Total","options_product_label":"Product Price","fee_label":"Fee","discount_label":"Discount","has_price":true,"has_quantity_formula":false},"mc_unit":1,"tax_rate":1,"tax_rate_real":1,"discount":{"percentage":0,"fixed":0},"design":{"conf":{"LabelPosition":"above","DescPosition":"above","UploadField":"custom_1","QuantityFieldStyle":"default"},"css":{"LeftLabelWidth":"120px"}},"formulas":[],"lookuptables":[],"clones":false,"cartKey":false}},"_links":{"self":[{"href":"https:\/\/www.mapesteadoree.fr\/boutique\/wp-json\/wp\/v2\/product\/55010","targetHints":{"allow":["GET"]}}],"collection":[{"href":"https:\/\/www.mapesteadoree.fr\/boutique\/wp-json\/wp\/v2\/product"}],"about":[{"href":"https:\/\/www.mapesteadoree.fr\/boutique\/wp-json\/wp\/v2\/types\/product"}],"replies":[{"embeddable":true,"href":"https:\/\/www.mapesteadoree.fr\/boutique\/wp-json\/wp\/v2\/comments?post=55010"}],"wp:featuredmedia":[{"embeddable":true,"href":"https:\/\/www.mapesteadoree.fr\/boutique\/wp-json\/wp\/v2\/media\/55014"}],"wp:attachment":[{"href":"https:\/\/www.mapesteadoree.fr\/boutique\/wp-json\/wp\/v2\/media?parent=55010"}],"wp:term":[{"taxonomy":"product_brand","embeddable":true,"href":"https:\/\/www.mapesteadoree.fr\/boutique\/wp-json\/wp\/v2\/product_brand?post=55010"},{"taxonomy":"product_cat","embeddable":true,"href":"https:\/\/www.mapesteadoree.fr\/boutique\/wp-json\/wp\/v2\/product_cat?post=55010"},{"taxonomy":"product_tag","embeddable":true,"href":"https:\/\/www.mapesteadoree.fr\/boutique\/wp-json\/wp\/v2\/product_tag?post=55010"}],"curies":[{"name":"wp","href":"https:\/\/api.w.org\/{rel}","templated":true}]}}