{"id":53370,"date":"2024-08-02T14:00:18","date_gmt":"2024-08-02T12:00:18","guid":{"rendered":"https:\/\/www.mapesteadoree.fr\/boutique\/?post_type=product&#038;p=53370"},"modified":"2026-01-15T19:50:54","modified_gmt":"2026-01-15T18:50:54","slug":"bon-cadeau-montant-au-choix","status":"publish","type":"product","link":"https:\/\/www.mapesteadoree.fr\/boutique\/bijoux\/bon-cadeau-montant-au-choix\/","title":{"rendered":"Bon Cadeau &#8211; Montant au choix"},"content":{"rendered":"<p>Bon cadeau \u00e0 imprimer avec montant \u00e0 choisir parmi les propositions.<\/p>\n<h2>Un bon d&rsquo;achat ou bon cadeau Lithoth\u00e9rapie \u00e0 offrir<\/h2>\n<p>C&rsquo;est une belle id\u00e9e de cadeau pour quelqu&rsquo;un qui aime les pierres naturelles et la lithoth\u00e9rapie. Pour une soeur, une amie, une maman ou m\u00eame un fr\u00e8re ou un ami cher ! Sur la boutique il y a des bracelets mais aussi des colliers, des galets &#8230; pour homme, femme ou enfant.<\/p>\n<p>Aucun article de la boutique n&rsquo;est exclu de ce bon cadeau, \u00e9videmment. Tous les bijoux sur-mesure peuvent \u00eatre command\u00e9s avec ce bon d&rsquo;achat.<\/p>\n<h2>Comment acheter puis utiliser le bon cadeau ?<\/h2>\n<p>Pour acheter un bon cadeau, rien de plus simple : il suffit de cocher le montant du bon cadeau que vous souhaitez offrir. Plusieurs montants diff\u00e9rents sont propos\u00e9s, de 20\u20ac \u00e0 100\u20ac, et par tranches de 10\u20ac.<\/p>\n<p><strong>Suite \u00e0 la validation de la commande, vous recevrez par mail sous 24h un bon cadeau format A4 pr\u00eat \u00e0 imprimer, avec un code \u00e0 ins\u00e9rer avant paiement. La d\u00e9duction de la valeur du bon d&rsquo;achat se fera \u00e0 ce moment l\u00e0.<\/strong><\/p>\n<p>La personne a qui vous offrez le cadeau peut ainsi commande ce qu&rsquo;elle veut sur la boutique.<\/p>\n<p>Si vous voulez ajouter un mot personnalis\u00e9 sur le bon cadeau, merci de l&rsquo;indiquer dans la case \u00ab\u00a0commentaire\u00a0\u00bb.<\/p>\n<p>Les bons d&rsquo;achat sont valables 12 mois \u00e0 partir de la date d&rsquo;\u00e9mission. Cette date est pr\u00e9cis\u00e9e sur le bon.<\/p>\n","protected":false},"excerpt":{"rendered":"<p>Bon cadeau pour un bracelet femme 4 pierres au choix avec frais de port inclus.<\/p>\n","protected":false},"featured_media":53371,"comment_status":"open","ping_status":"closed","template":"","meta":[],"product_brand":[],"product_cat":[23,22,24,2081,2084,2087,2085,35,2086],"product_tag":[],"class_list":{"0":"post-53370","1":"product","2":"type-product","3":"status-publish","4":"has-post-thumbnail","6":"product_cat-bijoux-enfants","7":"product_cat-bijoux-femmes","8":"product_cat-bijoux-homme","9":"product_cat-boucles-doreilles","10":"product_cat-bracelets-femme","11":"product_cat-colliers-femme","12":"product_cat-bijoux-pour-la-grossesse","13":"product_cat-pierres-naturelles-femme","14":"product_cat-bijoux-sur-mesure-a-personnaliser","15":"wcpa_has_options","17":"first","18":"instock","19":"shipping-taxable","20":"purchasable","21":"product-type-simple"},"acf":[],"yoast_head":"<!-- This site is optimized with the Yoast SEO plugin v27.5 - https:\/\/yoast.com\/product\/yoast-seo-wordpress\/ -->\n<title>Bon Cadeau - Montant au choix - Ma Peste Ador\u00e9e<\/title>\n<meta name=\"description\" content=\"Bon cadeau \u00e0 offrir, carte cadeau permettant \u00e0 la destinataire de commander ce qu&#039;elle souhaite sur la boutique en ligne Ma Peste Ador\u00e9e\" \/>\n<meta name=\"robots\" content=\"index, follow, max-snippet:-1, max-image-preview:large, max-video-preview:-1\" \/>\n<link rel=\"canonical\" href=\"https:\/\/www.mapesteadoree.fr\/boutique\/bijoux\/bon-cadeau-montant-au-choix\/\" \/>\n<meta property=\"og:locale\" content=\"fr_FR\" \/>\n<meta property=\"og:type\" content=\"article\" \/>\n<meta property=\"og:title\" content=\"Bon Cadeau - Montant au choix - Ma Peste Ador\u00e9e\" \/>\n<meta property=\"og:description\" content=\"Bon cadeau \u00e0 offrir, carte cadeau permettant \u00e0 la destinataire de commander ce qu&#039;elle souhaite sur la boutique en ligne Ma Peste Ador\u00e9e\" \/>\n<meta property=\"og:url\" content=\"https:\/\/www.mapesteadoree.fr\/boutique\/bijoux\/bon-cadeau-montant-au-choix\/\" \/>\n<meta property=\"og:site_name\" content=\"Ma Peste Ador\u00e9e\" \/>\n<meta property=\"article:modified_time\" content=\"2026-01-15T18:50:54+00:00\" \/>\n<meta property=\"og:image\" content=\"https:\/\/www.mapesteadoree.fr\/boutique\/wp-content\/uploads\/2024\/08\/bon-cadeau-mapesteadoree.jpg\" \/>\n\t<meta property=\"og:image:width\" content=\"1500\" \/>\n\t<meta property=\"og:image:height\" content=\"1500\" \/>\n\t<meta property=\"og:image:type\" content=\"image\/jpeg\" \/>\n<meta name=\"twitter:card\" content=\"summary_large_image\" \/>\n<meta name=\"twitter:label1\" content=\"Dur\u00e9e de lecture estim\u00e9e\" \/>\n\t<meta name=\"twitter:data1\" content=\"1 minute\" \/>\n<script type=\"application\/ld+json\" class=\"yoast-schema-graph\">{\"@context\":\"https:\\\/\\\/schema.org\",\"@graph\":[{\"@type\":\"WebPage\",\"@id\":\"https:\\\/\\\/www.mapesteadoree.fr\\\/boutique\\\/bijoux\\\/bon-cadeau-montant-au-choix\\\/\",\"url\":\"https:\\\/\\\/www.mapesteadoree.fr\\\/boutique\\\/bijoux\\\/bon-cadeau-montant-au-choix\\\/\",\"name\":\"Bon Cadeau - Montant au choix - Ma Peste Ador\u00e9e\",\"isPartOf\":{\"@id\":\"https:\\\/\\\/www.mapesteadoree.fr\\\/boutique\\\/#website\"},\"primaryImageOfPage\":{\"@id\":\"https:\\\/\\\/www.mapesteadoree.fr\\\/boutique\\\/bijoux\\\/bon-cadeau-montant-au-choix\\\/#primaryimage\"},\"image\":{\"@id\":\"https:\\\/\\\/www.mapesteadoree.fr\\\/boutique\\\/bijoux\\\/bon-cadeau-montant-au-choix\\\/#primaryimage\"},\"thumbnailUrl\":\"https:\\\/\\\/www.mapesteadoree.fr\\\/boutique\\\/wp-content\\\/uploads\\\/2024\\\/08\\\/bon-cadeau-mapesteadoree.jpg\",\"datePublished\":\"2024-08-02T12:00:18+00:00\",\"dateModified\":\"2026-01-15T18:50:54+00:00\",\"description\":\"Bon cadeau \u00e0 offrir, carte cadeau permettant \u00e0 la destinataire de commander ce qu'elle souhaite sur la boutique en ligne Ma Peste Ador\u00e9e\",\"breadcrumb\":{\"@id\":\"https:\\\/\\\/www.mapesteadoree.fr\\\/boutique\\\/bijoux\\\/bon-cadeau-montant-au-choix\\\/#breadcrumb\"},\"inLanguage\":\"fr-FR\",\"potentialAction\":[{\"@type\":\"ReadAction\",\"target\":[\"https:\\\/\\\/www.mapesteadoree.fr\\\/boutique\\\/bijoux\\\/bon-cadeau-montant-au-choix\\\/\"]}]},{\"@type\":\"ImageObject\",\"inLanguage\":\"fr-FR\",\"@id\":\"https:\\\/\\\/www.mapesteadoree.fr\\\/boutique\\\/bijoux\\\/bon-cadeau-montant-au-choix\\\/#primaryimage\",\"url\":\"https:\\\/\\\/www.mapesteadoree.fr\\\/boutique\\\/wp-content\\\/uploads\\\/2024\\\/08\\\/bon-cadeau-mapesteadoree.jpg\",\"contentUrl\":\"https:\\\/\\\/www.mapesteadoree.fr\\\/boutique\\\/wp-content\\\/uploads\\\/2024\\\/08\\\/bon-cadeau-mapesteadoree.jpg\",\"width\":1500,\"height\":1500,\"caption\":\"Voici un bon cadeau ma peste ador\u00e9e \u00e0 offrir pour toute occasion\"},{\"@type\":\"BreadcrumbList\",\"@id\":\"https:\\\/\\\/www.mapesteadoree.fr\\\/boutique\\\/bijoux\\\/bon-cadeau-montant-au-choix\\\/#breadcrumb\",\"itemListElement\":[{\"@type\":\"ListItem\",\"position\":1,\"name\":\"Accueil\",\"item\":\"https:\\\/\\\/www.mapesteadoree.fr\\\/boutique\\\/\"},{\"@type\":\"ListItem\",\"position\":2,\"name\":\"Boutique de bijoux uniques en pierres naturelles\",\"item\":\"https:\\\/\\\/www.mapesteadoree.fr\\\/boutique\\\/\"},{\"@type\":\"ListItem\",\"position\":3,\"name\":\"Bon Cadeau &#8211; Montant au choix\"}]},{\"@type\":\"WebSite\",\"@id\":\"https:\\\/\\\/www.mapesteadoree.fr\\\/boutique\\\/#website\",\"url\":\"https:\\\/\\\/www.mapesteadoree.fr\\\/boutique\\\/\",\"name\":\"Ma Peste Ador\u00e9e\",\"description\":\"\",\"publisher\":{\"@id\":\"https:\\\/\\\/www.mapesteadoree.fr\\\/boutique\\\/#organization\"},\"potentialAction\":[{\"@type\":\"SearchAction\",\"target\":{\"@type\":\"EntryPoint\",\"urlTemplate\":\"https:\\\/\\\/www.mapesteadoree.fr\\\/boutique\\\/?s={search_term_string}\"},\"query-input\":{\"@type\":\"PropertyValueSpecification\",\"valueRequired\":true,\"valueName\":\"search_term_string\"}}],\"inLanguage\":\"fr-FR\"},{\"@type\":\"Organization\",\"@id\":\"https:\\\/\\\/www.mapesteadoree.fr\\\/boutique\\\/#organization\",\"name\":\"Ma Peste Ador\u00e9e\",\"url\":\"https:\\\/\\\/www.mapesteadoree.fr\\\/boutique\\\/\",\"logo\":{\"@type\":\"ImageObject\",\"inLanguage\":\"fr-FR\",\"@id\":\"https:\\\/\\\/www.mapesteadoree.fr\\\/boutique\\\/#\\\/schema\\\/logo\\\/image\\\/\",\"url\":\"https:\\\/\\\/www.mapesteadoree.fr\\\/boutique\\\/wp-content\\\/uploads\\\/2024\\\/10\\\/cropped-logo-mpa-2024.png\",\"contentUrl\":\"https:\\\/\\\/www.mapesteadoree.fr\\\/boutique\\\/wp-content\\\/uploads\\\/2024\\\/10\\\/cropped-logo-mpa-2024.png\",\"width\":470,\"height\":110,\"caption\":\"Ma Peste Ador\u00e9e\"},\"image\":{\"@id\":\"https:\\\/\\\/www.mapesteadoree.fr\\\/boutique\\\/#\\\/schema\\\/logo\\\/image\\\/\"}}]}<\/script>\n<!-- \/ Yoast SEO plugin. -->","yoast_head_json":{"title":"Bon Cadeau - Montant au choix - Ma Peste Ador\u00e9e","description":"Bon cadeau \u00e0 offrir, carte cadeau permettant \u00e0 la destinataire de commander ce qu'elle souhaite sur la boutique en ligne Ma Peste Ador\u00e9e","robots":{"index":"index","follow":"follow","max-snippet":"max-snippet:-1","max-image-preview":"max-image-preview:large","max-video-preview":"max-video-preview:-1"},"canonical":"https:\/\/www.mapesteadoree.fr\/boutique\/bijoux\/bon-cadeau-montant-au-choix\/","og_locale":"fr_FR","og_type":"article","og_title":"Bon Cadeau - Montant au choix - Ma Peste Ador\u00e9e","og_description":"Bon cadeau \u00e0 offrir, carte cadeau permettant \u00e0 la destinataire de commander ce qu'elle souhaite sur la boutique en ligne Ma Peste Ador\u00e9e","og_url":"https:\/\/www.mapesteadoree.fr\/boutique\/bijoux\/bon-cadeau-montant-au-choix\/","og_site_name":"Ma Peste Ador\u00e9e","article_modified_time":"2026-01-15T18:50:54+00:00","og_image":[{"width":1500,"height":1500,"url":"https:\/\/www.mapesteadoree.fr\/boutique\/wp-content\/uploads\/2024\/08\/bon-cadeau-mapesteadoree.jpg","type":"image\/jpeg"}],"twitter_card":"summary_large_image","twitter_misc":{"Dur\u00e9e de lecture estim\u00e9e":"1 minute"},"schema":{"@context":"https:\/\/schema.org","@graph":[{"@type":"WebPage","@id":"https:\/\/www.mapesteadoree.fr\/boutique\/bijoux\/bon-cadeau-montant-au-choix\/","url":"https:\/\/www.mapesteadoree.fr\/boutique\/bijoux\/bon-cadeau-montant-au-choix\/","name":"Bon Cadeau - Montant au choix - Ma Peste Ador\u00e9e","isPartOf":{"@id":"https:\/\/www.mapesteadoree.fr\/boutique\/#website"},"primaryImageOfPage":{"@id":"https:\/\/www.mapesteadoree.fr\/boutique\/bijoux\/bon-cadeau-montant-au-choix\/#primaryimage"},"image":{"@id":"https:\/\/www.mapesteadoree.fr\/boutique\/bijoux\/bon-cadeau-montant-au-choix\/#primaryimage"},"thumbnailUrl":"https:\/\/www.mapesteadoree.fr\/boutique\/wp-content\/uploads\/2024\/08\/bon-cadeau-mapesteadoree.jpg","datePublished":"2024-08-02T12:00:18+00:00","dateModified":"2026-01-15T18:50:54+00:00","description":"Bon cadeau \u00e0 offrir, carte cadeau permettant \u00e0 la destinataire de commander ce qu'elle souhaite sur la boutique en ligne Ma Peste Ador\u00e9e","breadcrumb":{"@id":"https:\/\/www.mapesteadoree.fr\/boutique\/bijoux\/bon-cadeau-montant-au-choix\/#breadcrumb"},"inLanguage":"fr-FR","potentialAction":[{"@type":"ReadAction","target":["https:\/\/www.mapesteadoree.fr\/boutique\/bijoux\/bon-cadeau-montant-au-choix\/"]}]},{"@type":"ImageObject","inLanguage":"fr-FR","@id":"https:\/\/www.mapesteadoree.fr\/boutique\/bijoux\/bon-cadeau-montant-au-choix\/#primaryimage","url":"https:\/\/www.mapesteadoree.fr\/boutique\/wp-content\/uploads\/2024\/08\/bon-cadeau-mapesteadoree.jpg","contentUrl":"https:\/\/www.mapesteadoree.fr\/boutique\/wp-content\/uploads\/2024\/08\/bon-cadeau-mapesteadoree.jpg","width":1500,"height":1500,"caption":"Voici un bon cadeau ma peste ador\u00e9e \u00e0 offrir pour toute occasion"},{"@type":"BreadcrumbList","@id":"https:\/\/www.mapesteadoree.fr\/boutique\/bijoux\/bon-cadeau-montant-au-choix\/#breadcrumb","itemListElement":[{"@type":"ListItem","position":1,"name":"Accueil","item":"https:\/\/www.mapesteadoree.fr\/boutique\/"},{"@type":"ListItem","position":2,"name":"Boutique de bijoux uniques en pierres naturelles","item":"https:\/\/www.mapesteadoree.fr\/boutique\/"},{"@type":"ListItem","position":3,"name":"Bon Cadeau &#8211; Montant au choix"}]},{"@type":"WebSite","@id":"https:\/\/www.mapesteadoree.fr\/boutique\/#website","url":"https:\/\/www.mapesteadoree.fr\/boutique\/","name":"Ma Peste Ador\u00e9e","description":"","publisher":{"@id":"https:\/\/www.mapesteadoree.fr\/boutique\/#organization"},"potentialAction":[{"@type":"SearchAction","target":{"@type":"EntryPoint","urlTemplate":"https:\/\/www.mapesteadoree.fr\/boutique\/?s={search_term_string}"},"query-input":{"@type":"PropertyValueSpecification","valueRequired":true,"valueName":"search_term_string"}}],"inLanguage":"fr-FR"},{"@type":"Organization","@id":"https:\/\/www.mapesteadoree.fr\/boutique\/#organization","name":"Ma Peste Ador\u00e9e","url":"https:\/\/www.mapesteadoree.fr\/boutique\/","logo":{"@type":"ImageObject","inLanguage":"fr-FR","@id":"https:\/\/www.mapesteadoree.fr\/boutique\/#\/schema\/logo\/image\/","url":"https:\/\/www.mapesteadoree.fr\/boutique\/wp-content\/uploads\/2024\/10\/cropped-logo-mpa-2024.png","contentUrl":"https:\/\/www.mapesteadoree.fr\/boutique\/wp-content\/uploads\/2024\/10\/cropped-logo-mpa-2024.png","width":470,"height":110,"caption":"Ma Peste Ador\u00e9e"},"image":{"@id":"https:\/\/www.mapesteadoree.fr\/boutique\/#\/schema\/logo\/image\/"}}]}},"wcpa_form_fields":{"wcpaData":{"product":{"product_price":0,"price_html":"<span class=\"woocommerce-Price-amount amount\"><bdi>0,00&nbsp;<span class=\"woocommerce-Price-currencySymbol\">&euro;<\/span><\/bdi><\/span>","original_product_price":0,"price_including_tax":0,"price_excluding_tax":0,"product_id":{"parent":53370,"variation":false},"is_variable":false,"stock_status":"instock","stock_quantity":17,"parent_sku":"","product_attributes":[],"custom_fields":[],"is_taxable":false,"product_name":"Bon Cadeau - Montant au choix","hasImage":false},"fields":{"sec_669fe664fdf99e":{"extra":{"key":"sec_669fe664fdf99e","section_id":"sec_669fe664fdf99e","name":"Default","status":1,"cl_rule":"show","enableCl":false,"relations":[],"toggle":true,"title_tag":"h3","show_title":false,"showPrice":"default","form_id":53372,"form_rules":{"exclude_from_discount":false,"fee_label":"Fee","disp_hide_options_price":false,"disp_show_section_price":false,"disp_show_field_price":true,"layout_option":"standard","pric_use_as_fee":false,"process_fee_as":"woo_fee"},"layout_option":"standard"},"fields":[[{"type":"text","elementId":"wcpa-text-1722588881637","label":"Pr\u00e9nom du ou de la destinataire du bon","pricingType":"fixed","name":"text-1722588881637","subtype":"text","mapToCheckoutFieldParent":"order","mapToCheckoutField":"order_comments","cl_rule":"show","col":6,"relations":false,"active":true,"tooltip":"","gt_translate_keys":["label","tooltip"],"price_dependency":false,"cl_dependency":false,"value":""}],[{"type":"radio-group","required":true,"elementId":"wcpa-radio-group-1722601113120","label":"Montant du bon cadeau","enablePrice":true,"priceOptions":"different_for_all","pricingType":"fixed","name":"radio-group-1722601113120","other_text":"Other","cl_rule":"show","col":6,"values":[{"label":"20\u20ac","value":"20\u20ac","price":"20","pimage":"","pimage_id":"","pthumb":"","selected":true,"gt_translate_keys":["label"]},{"label":"30\u20ac","value":"30\u20ac","price":"30","pimage":"","pimage_id":"","pthumb":"","gt_translate_keys":["label"]},{"label":"40\u20ac","value":"40\u20ac","price":"40","pimage":"","pimage_id":"","pthumb":"","gt_translate_keys":["label"]},{"label":"50\u20ac","value":"50\u20ac","price":"50","pimage":"","pimage_id":"","pthumb":"","gt_translate_keys":["label"]},{"label":"60\u20ac","value":"60\u20ac","price":"60","pimage":"","pimage_id":"","pthumb":"","gt_translate_keys":["label"]},{"label":"70\u20ac","value":"70\u20ac","price":"70","pimage":"","pimage_id":"","pthumb":"","gt_translate_keys":["label"]},{"label":"80\u20ac","value":"80\u20ac","price":"80","pimage":"","pimage_id":"","pthumb":"","gt_translate_keys":["label"]},{"label":"90\u20ac","value":"90\u20ac","price":"90","pimage":"","pimage_id":"","pthumb":"","gt_translate_keys":["label"]},{"label":"100\u20ac","value":"100\u20ac","price":"100","pimage":"","pimage_id":"","pthumb":"","gt_translate_keys":["label"]}],"relations":false,"price":0,"active":true,"tooltip":"","layOut":"","gt_translate_keys":["label","tooltip"],"price_dependency":false,"cl_dependency":false,"value":""}],[{"type":"textarea","elementId":"wcpa-textarea-66accd99cc472","label":"Commentaire","pricingType":"fixed","name":"textarea-66accd99cc48a","maxlength":"200","mapToCheckoutFieldParent":"billing","mapToCheckoutField":"billing_first_name","cl_rule":"show","col":6,"relations":false,"active":true,"tooltip":"","gt_translate_keys":["label","tooltip"],"price_dependency":false,"cl_dependency":false,"value":""}]]}},"config":{"price_override":"","enable_recaptcha":false,"bind_quantity":false,"quantity_bind_formula":false,"disp_summ_show_option_price":true,"disp_summ_show_product_price":true,"disp_summ_show_total_price":true,"disp_summ_show_fee":false,"disp_summ_show_discount":false,"summary_title":"","options_total_label":"Prix des options","total_label":"Total","options_product_label":"Prix du bijou","fee_label":"Fee","discount_label":"Discount","has_price":true,"has_quantity_formula":false},"mc_unit":1,"tax_rate":1,"tax_rate_real":1,"discount":{"percentage":0,"fixed":0},"design":{"conf":{"LabelPosition":"above","DescPosition":"above","UploadField":"custom_1","QuantityFieldStyle":"default"},"css":{"LeftLabelWidth":"120px"}},"formulas":[],"lookuptables":[],"clones":false,"cartKey":false}},"_links":{"self":[{"href":"https:\/\/www.mapesteadoree.fr\/boutique\/wp-json\/wp\/v2\/product\/53370","targetHints":{"allow":["GET"]}}],"collection":[{"href":"https:\/\/www.mapesteadoree.fr\/boutique\/wp-json\/wp\/v2\/product"}],"about":[{"href":"https:\/\/www.mapesteadoree.fr\/boutique\/wp-json\/wp\/v2\/types\/product"}],"replies":[{"embeddable":true,"href":"https:\/\/www.mapesteadoree.fr\/boutique\/wp-json\/wp\/v2\/comments?post=53370"}],"wp:featuredmedia":[{"embeddable":true,"href":"https:\/\/www.mapesteadoree.fr\/boutique\/wp-json\/wp\/v2\/media\/53371"}],"wp:attachment":[{"href":"https:\/\/www.mapesteadoree.fr\/boutique\/wp-json\/wp\/v2\/media?parent=53370"}],"wp:term":[{"taxonomy":"product_brand","embeddable":true,"href":"https:\/\/www.mapesteadoree.fr\/boutique\/wp-json\/wp\/v2\/product_brand?post=53370"},{"taxonomy":"product_cat","embeddable":true,"href":"https:\/\/www.mapesteadoree.fr\/boutique\/wp-json\/wp\/v2\/product_cat?post=53370"},{"taxonomy":"product_tag","embeddable":true,"href":"https:\/\/www.mapesteadoree.fr\/boutique\/wp-json\/wp\/v2\/product_tag?post=53370"}],"curies":[{"name":"wp","href":"https:\/\/api.w.org\/{rel}","templated":true}]}}