{"id":53059,"date":"2024-07-02T14:57:30","date_gmt":"2024-07-02T12:57:30","guid":{"rendered":"https:\/\/www.mapesteadoree.fr\/boutique\/?post_type=product&#038;p=53059"},"modified":"2025-04-24T15:51:48","modified_gmt":"2025-04-24T13:51:48","slug":"boucles-doreilles-helios-amethyste","status":"publish","type":"product","link":"https:\/\/www.mapesteadoree.fr\/boutique\/bijoux\/boucles-doreilles-helios-amethyste\/","title":{"rendered":"Boucles d&rsquo;oreilles \u00ab\u00a0H\u00e9lios\u00a0\u00bb Am\u00e9thyste"},"content":{"rendered":"<p>Voici une joli paire de boucles d&rsquo;oreilles en acier inoxydable dor\u00e9 \u00a0et Am\u00e9thyste incrust\u00e9e dans un pendentif soleil<\/p>\n<h2>Des boucles d&rsquo;oreilles en am\u00e9thystes l\u00e9g\u00e8res<\/h2>\n<p>Ces boucles d&rsquo;oreilles sont assez grandes mais sont vraiment tr\u00e8s l\u00e9g\u00e8res : vous ne les sentirez pas, elles ne tirent pas sur les oreilles et virevoltent sous vos oreilles tels des papillons : )<\/p>\n<p>Elle sont compos\u00e9s de :<\/p>\n<ul>\n<li>Crochets en acier inoxydable dor\u00e9<\/li>\n<li>Cercle dor\u00e9 martel\u00e9, plaquage 18k, 40mm de diam\u00e8tre<\/li>\n<li>Pendentif en forme de demi soleil avec petit coeur, et am\u00e9thyste ronde incrust\u00e9e<\/li>\n<\/ul>\n<p>Longueur totale des boucles : 55mm, vous pouvez vous rendre compte de la longueur sur la photo ou je les porte. <strong>Malgr\u00e9 leur taille, elles sont tr\u00e8s l\u00e9g\u00e8res !<\/strong><\/p>\n<h2>De l&rsquo;am\u00e9thyste symbole de s\u00e9r\u00e9nit\u00e9<\/h2>\n<p>Le pendentif d&rsquo;am\u00e9thyste est la touche lithoth\u00e9rapie de ses boucles d&rsquo;oreilles originales. L&rsquo;am\u00e9thyste est une pierre naturelle qui symbolise le calme, l&rsquo;apaisement et la s\u00e9r\u00e9nit\u00e9 :<\/p>\n<ul>\n<li>L&rsquo;am\u00e9thyste est la pierre qui aide \u00e0 rester calme en toute circonstance, elle repr\u00e9sente la s\u00e9r\u00e9nit\u00e9<\/li>\n<li>Elle favorise la concentration et la m\u00e9ditation<\/li>\n<li>C&rsquo;est une pierre de protection puissante<\/li>\n<li>C&rsquo;est aussi une pierre de spiritualit\u00e9, qui aide \u00e0 trouver son chemin dans la vie<\/li>\n<li>Elle aide \u00e0 combattre le stress, la col\u00e8re<\/li>\n<li>Elle aide \u00e0 se d\u00e9barrasser des insomnies<\/li>\n<\/ul>\n<h3>Des boucles d&rsquo;oreilles \u00e0 assortir \u00e0 votre bracelet pr\u00e9f\u00e9r\u00e9 !<\/h3>\n<p>Vous pouvez assortir ces boucles \u00e0 plusieurs bracelets de la boutique :<\/p>\n<ul>\n<li>Le bracelet femme pr\u00e9cieux \u00ab\u00a0\u00eatre prot\u00e9g\u00e9e\u00a0\u00bb<\/li>\n<li>Le bracelet femme \u00ab\u00a0\u00e9quilibre et s\u00e9r\u00e9nit\u00e9\u00a0\u00bb<\/li>\n<li>Le bracelet femme big \u00ab\u00a0\u00eatre cool\u00a0\u00bb<\/li>\n<\/ul>\n<p>Autre option : vous commandez un <a href=\"https:\/\/www.mapesteadoree.fr\/boutique\/bijoux\/bracelet-femme-4-pierres-au-choix\/\">bracelet femme 4 pierres au choix,<\/a> en choisissant par exemple : l&rsquo;am\u00e9thyste, la l\u00e9pidolite, la pyrite et l&rsquo;h\u00e9matite . Avec une breloque paillet\u00e9e dor\u00e9e \u00a0ou une m\u00e9daille grav\u00e9e inox couleur or, ce sera parfait !<\/p>\n<blockquote><p>PS : les pierres naturelles peuvent \u00eatre sensibles \u00e0 l&rsquo;eau, aux produits de douche ou de piscine. Mettez vos bijoux \u00a0\u00e0 l&rsquo;abri pour qu&rsquo;ils restent beaux longtemps<\/p><\/blockquote>\n","protected":false},"excerpt":{"rendered":"<p><strong>Boucles d&rsquo;oreilles H\u00e9lios avec pendentif en am\u00e9thyste.<\/strong> L&rsquo;am\u00e9thyste est une pierre qui apaise, aide \u00e0 bien dormir et prot\u00e8ge son porteur. \u00a0Tr\u00e8s l\u00e9g\u00e8res, ses grandes boucles d&rsquo;oreilles peuvent \u00eatre port\u00e9es tout le temps !<\/p>\n","protected":false},"featured_media":53055,"comment_status":"open","ping_status":"closed","template":"","meta":[],"product_brand":[],"product_cat":[22,2081,26],"product_tag":[],"class_list":{"0":"post-53059","1":"product","2":"type-product","3":"status-publish","4":"has-post-thumbnail","6":"product_cat-bijoux-femmes","7":"product_cat-boucles-doreilles","8":"product_cat-pierres-naturelles","10":"first","11":"instock","12":"shipping-taxable","13":"purchasable","14":"product-type-simple"},"acf":[],"yoast_head":"<!-- This site is optimized with the Yoast SEO plugin v27.4 - https:\/\/yoast.com\/product\/yoast-seo-wordpress\/ -->\n<title>Boucles d&#039;oreilles &quot;H\u00e9lios&quot; Am\u00e9thyste - Ma Peste Ador\u00e9e<\/title>\n<meta name=\"description\" content=\"Boucles d&#039;oreilles rondes couleur or, un bijou lithoth\u00e9rapie avec pendentif d&#039;am\u00e9thyste orn\u00e9 d&#039;un demi soleil et d&#039;un coeur\" \/>\n<meta name=\"robots\" content=\"index, follow, max-snippet:-1, max-image-preview:large, max-video-preview:-1\" \/>\n<link rel=\"canonical\" href=\"https:\/\/www.mapesteadoree.fr\/boutique\/bijoux\/boucles-doreilles-helios-amethyste\/\" \/>\n<meta property=\"og:locale\" content=\"fr_FR\" \/>\n<meta property=\"og:type\" content=\"article\" \/>\n<meta property=\"og:title\" content=\"Boucles d&#039;oreilles &quot;H\u00e9lios&quot; Am\u00e9thyste - Ma Peste Ador\u00e9e\" \/>\n<meta property=\"og:description\" content=\"Boucles d&#039;oreilles rondes couleur or, un bijou lithoth\u00e9rapie avec pendentif d&#039;am\u00e9thyste orn\u00e9 d&#039;un demi soleil et d&#039;un coeur\" \/>\n<meta property=\"og:url\" content=\"https:\/\/www.mapesteadoree.fr\/boutique\/bijoux\/boucles-doreilles-helios-amethyste\/\" \/>\n<meta property=\"og:site_name\" content=\"Ma Peste Ador\u00e9e\" \/>\n<meta property=\"article:modified_time\" content=\"2025-04-24T13:51:48+00:00\" \/>\n<meta property=\"og:image\" content=\"https:\/\/www.mapesteadoree.fr\/boutique\/wp-content\/uploads\/2024\/07\/creoles-pierres-amethyste.jpg\" \/>\n\t<meta property=\"og:image:width\" content=\"1200\" \/>\n\t<meta property=\"og:image:height\" content=\"1200\" \/>\n\t<meta property=\"og:image:type\" content=\"image\/jpeg\" \/>\n<meta name=\"twitter:card\" content=\"summary_large_image\" \/>\n<meta name=\"twitter:label1\" content=\"Dur\u00e9e de lecture estim\u00e9e\" \/>\n\t<meta name=\"twitter:data1\" content=\"2 minutes\" \/>\n<script type=\"application\/ld+json\" class=\"yoast-schema-graph\">{\"@context\":\"https:\\\/\\\/schema.org\",\"@graph\":[{\"@type\":\"WebPage\",\"@id\":\"https:\\\/\\\/www.mapesteadoree.fr\\\/boutique\\\/bijoux\\\/boucles-doreilles-helios-amethyste\\\/\",\"url\":\"https:\\\/\\\/www.mapesteadoree.fr\\\/boutique\\\/bijoux\\\/boucles-doreilles-helios-amethyste\\\/\",\"name\":\"Boucles d'oreilles \\\"H\u00e9lios\\\" Am\u00e9thyste - Ma Peste Ador\u00e9e\",\"isPartOf\":{\"@id\":\"https:\\\/\\\/www.mapesteadoree.fr\\\/boutique\\\/#website\"},\"primaryImageOfPage\":{\"@id\":\"https:\\\/\\\/www.mapesteadoree.fr\\\/boutique\\\/bijoux\\\/boucles-doreilles-helios-amethyste\\\/#primaryimage\"},\"image\":{\"@id\":\"https:\\\/\\\/www.mapesteadoree.fr\\\/boutique\\\/bijoux\\\/boucles-doreilles-helios-amethyste\\\/#primaryimage\"},\"thumbnailUrl\":\"https:\\\/\\\/www.mapesteadoree.fr\\\/boutique\\\/wp-content\\\/uploads\\\/2024\\\/07\\\/creoles-pierres-amethyste.jpg\",\"datePublished\":\"2024-07-02T12:57:30+00:00\",\"dateModified\":\"2025-04-24T13:51:48+00:00\",\"description\":\"Boucles d'oreilles rondes couleur or, un bijou lithoth\u00e9rapie avec pendentif d'am\u00e9thyste orn\u00e9 d'un demi soleil et d'un coeur\",\"breadcrumb\":{\"@id\":\"https:\\\/\\\/www.mapesteadoree.fr\\\/boutique\\\/bijoux\\\/boucles-doreilles-helios-amethyste\\\/#breadcrumb\"},\"inLanguage\":\"fr-FR\",\"potentialAction\":[{\"@type\":\"ReadAction\",\"target\":[\"https:\\\/\\\/www.mapesteadoree.fr\\\/boutique\\\/bijoux\\\/boucles-doreilles-helios-amethyste\\\/\"]}]},{\"@type\":\"ImageObject\",\"inLanguage\":\"fr-FR\",\"@id\":\"https:\\\/\\\/www.mapesteadoree.fr\\\/boutique\\\/bijoux\\\/boucles-doreilles-helios-amethyste\\\/#primaryimage\",\"url\":\"https:\\\/\\\/www.mapesteadoree.fr\\\/boutique\\\/wp-content\\\/uploads\\\/2024\\\/07\\\/creoles-pierres-amethyste.jpg\",\"contentUrl\":\"https:\\\/\\\/www.mapesteadoree.fr\\\/boutique\\\/wp-content\\\/uploads\\\/2024\\\/07\\\/creoles-pierres-amethyste.jpg\",\"width\":1200,\"height\":1200,\"caption\":\"Boucles d'oreilles l\u00e9g\u00e9res en am\u00e9thyste couleur dor\u00e9\"},{\"@type\":\"BreadcrumbList\",\"@id\":\"https:\\\/\\\/www.mapesteadoree.fr\\\/boutique\\\/bijoux\\\/boucles-doreilles-helios-amethyste\\\/#breadcrumb\",\"itemListElement\":[{\"@type\":\"ListItem\",\"position\":1,\"name\":\"Accueil\",\"item\":\"https:\\\/\\\/www.mapesteadoree.fr\\\/boutique\\\/\"},{\"@type\":\"ListItem\",\"position\":2,\"name\":\"Boutique de bijoux uniques en pierres naturelles\",\"item\":\"https:\\\/\\\/www.mapesteadoree.fr\\\/boutique\\\/\"},{\"@type\":\"ListItem\",\"position\":3,\"name\":\"Boucles d&rsquo;oreilles \u00ab\u00a0H\u00e9lios\u00a0\u00bb Am\u00e9thyste\"}]},{\"@type\":\"WebSite\",\"@id\":\"https:\\\/\\\/www.mapesteadoree.fr\\\/boutique\\\/#website\",\"url\":\"https:\\\/\\\/www.mapesteadoree.fr\\\/boutique\\\/\",\"name\":\"Ma Peste Ador\u00e9e\",\"description\":\"\",\"publisher\":{\"@id\":\"https:\\\/\\\/www.mapesteadoree.fr\\\/boutique\\\/#organization\"},\"potentialAction\":[{\"@type\":\"SearchAction\",\"target\":{\"@type\":\"EntryPoint\",\"urlTemplate\":\"https:\\\/\\\/www.mapesteadoree.fr\\\/boutique\\\/?s={search_term_string}\"},\"query-input\":{\"@type\":\"PropertyValueSpecification\",\"valueRequired\":true,\"valueName\":\"search_term_string\"}}],\"inLanguage\":\"fr-FR\"},{\"@type\":\"Organization\",\"@id\":\"https:\\\/\\\/www.mapesteadoree.fr\\\/boutique\\\/#organization\",\"name\":\"Ma Peste Ador\u00e9e\",\"url\":\"https:\\\/\\\/www.mapesteadoree.fr\\\/boutique\\\/\",\"logo\":{\"@type\":\"ImageObject\",\"inLanguage\":\"fr-FR\",\"@id\":\"https:\\\/\\\/www.mapesteadoree.fr\\\/boutique\\\/#\\\/schema\\\/logo\\\/image\\\/\",\"url\":\"https:\\\/\\\/www.mapesteadoree.fr\\\/boutique\\\/wp-content\\\/uploads\\\/2024\\\/10\\\/cropped-logo-mpa-2024.png\",\"contentUrl\":\"https:\\\/\\\/www.mapesteadoree.fr\\\/boutique\\\/wp-content\\\/uploads\\\/2024\\\/10\\\/cropped-logo-mpa-2024.png\",\"width\":470,\"height\":110,\"caption\":\"Ma Peste Ador\u00e9e\"},\"image\":{\"@id\":\"https:\\\/\\\/www.mapesteadoree.fr\\\/boutique\\\/#\\\/schema\\\/logo\\\/image\\\/\"}}]}<\/script>\n<!-- \/ Yoast SEO plugin. -->","yoast_head_json":{"title":"Boucles d'oreilles \"H\u00e9lios\" Am\u00e9thyste - Ma Peste Ador\u00e9e","description":"Boucles d'oreilles rondes couleur or, un bijou lithoth\u00e9rapie avec pendentif d'am\u00e9thyste orn\u00e9 d'un demi soleil et d'un coeur","robots":{"index":"index","follow":"follow","max-snippet":"max-snippet:-1","max-image-preview":"max-image-preview:large","max-video-preview":"max-video-preview:-1"},"canonical":"https:\/\/www.mapesteadoree.fr\/boutique\/bijoux\/boucles-doreilles-helios-amethyste\/","og_locale":"fr_FR","og_type":"article","og_title":"Boucles d'oreilles \"H\u00e9lios\" Am\u00e9thyste - Ma Peste Ador\u00e9e","og_description":"Boucles d'oreilles rondes couleur or, un bijou lithoth\u00e9rapie avec pendentif d'am\u00e9thyste orn\u00e9 d'un demi soleil et d'un coeur","og_url":"https:\/\/www.mapesteadoree.fr\/boutique\/bijoux\/boucles-doreilles-helios-amethyste\/","og_site_name":"Ma Peste Ador\u00e9e","article_modified_time":"2025-04-24T13:51:48+00:00","og_image":[{"width":1200,"height":1200,"url":"https:\/\/www.mapesteadoree.fr\/boutique\/wp-content\/uploads\/2024\/07\/creoles-pierres-amethyste.jpg","type":"image\/jpeg"}],"twitter_card":"summary_large_image","twitter_misc":{"Dur\u00e9e de lecture estim\u00e9e":"2 minutes"},"schema":{"@context":"https:\/\/schema.org","@graph":[{"@type":"WebPage","@id":"https:\/\/www.mapesteadoree.fr\/boutique\/bijoux\/boucles-doreilles-helios-amethyste\/","url":"https:\/\/www.mapesteadoree.fr\/boutique\/bijoux\/boucles-doreilles-helios-amethyste\/","name":"Boucles d'oreilles \"H\u00e9lios\" Am\u00e9thyste - Ma Peste Ador\u00e9e","isPartOf":{"@id":"https:\/\/www.mapesteadoree.fr\/boutique\/#website"},"primaryImageOfPage":{"@id":"https:\/\/www.mapesteadoree.fr\/boutique\/bijoux\/boucles-doreilles-helios-amethyste\/#primaryimage"},"image":{"@id":"https:\/\/www.mapesteadoree.fr\/boutique\/bijoux\/boucles-doreilles-helios-amethyste\/#primaryimage"},"thumbnailUrl":"https:\/\/www.mapesteadoree.fr\/boutique\/wp-content\/uploads\/2024\/07\/creoles-pierres-amethyste.jpg","datePublished":"2024-07-02T12:57:30+00:00","dateModified":"2025-04-24T13:51:48+00:00","description":"Boucles d'oreilles rondes couleur or, un bijou lithoth\u00e9rapie avec pendentif d'am\u00e9thyste orn\u00e9 d'un demi soleil et d'un coeur","breadcrumb":{"@id":"https:\/\/www.mapesteadoree.fr\/boutique\/bijoux\/boucles-doreilles-helios-amethyste\/#breadcrumb"},"inLanguage":"fr-FR","potentialAction":[{"@type":"ReadAction","target":["https:\/\/www.mapesteadoree.fr\/boutique\/bijoux\/boucles-doreilles-helios-amethyste\/"]}]},{"@type":"ImageObject","inLanguage":"fr-FR","@id":"https:\/\/www.mapesteadoree.fr\/boutique\/bijoux\/boucles-doreilles-helios-amethyste\/#primaryimage","url":"https:\/\/www.mapesteadoree.fr\/boutique\/wp-content\/uploads\/2024\/07\/creoles-pierres-amethyste.jpg","contentUrl":"https:\/\/www.mapesteadoree.fr\/boutique\/wp-content\/uploads\/2024\/07\/creoles-pierres-amethyste.jpg","width":1200,"height":1200,"caption":"Boucles d'oreilles l\u00e9g\u00e9res en am\u00e9thyste couleur dor\u00e9"},{"@type":"BreadcrumbList","@id":"https:\/\/www.mapesteadoree.fr\/boutique\/bijoux\/boucles-doreilles-helios-amethyste\/#breadcrumb","itemListElement":[{"@type":"ListItem","position":1,"name":"Accueil","item":"https:\/\/www.mapesteadoree.fr\/boutique\/"},{"@type":"ListItem","position":2,"name":"Boutique de bijoux uniques en pierres naturelles","item":"https:\/\/www.mapesteadoree.fr\/boutique\/"},{"@type":"ListItem","position":3,"name":"Boucles d&rsquo;oreilles \u00ab\u00a0H\u00e9lios\u00a0\u00bb Am\u00e9thyste"}]},{"@type":"WebSite","@id":"https:\/\/www.mapesteadoree.fr\/boutique\/#website","url":"https:\/\/www.mapesteadoree.fr\/boutique\/","name":"Ma Peste Ador\u00e9e","description":"","publisher":{"@id":"https:\/\/www.mapesteadoree.fr\/boutique\/#organization"},"potentialAction":[{"@type":"SearchAction","target":{"@type":"EntryPoint","urlTemplate":"https:\/\/www.mapesteadoree.fr\/boutique\/?s={search_term_string}"},"query-input":{"@type":"PropertyValueSpecification","valueRequired":true,"valueName":"search_term_string"}}],"inLanguage":"fr-FR"},{"@type":"Organization","@id":"https:\/\/www.mapesteadoree.fr\/boutique\/#organization","name":"Ma Peste Ador\u00e9e","url":"https:\/\/www.mapesteadoree.fr\/boutique\/","logo":{"@type":"ImageObject","inLanguage":"fr-FR","@id":"https:\/\/www.mapesteadoree.fr\/boutique\/#\/schema\/logo\/image\/","url":"https:\/\/www.mapesteadoree.fr\/boutique\/wp-content\/uploads\/2024\/10\/cropped-logo-mpa-2024.png","contentUrl":"https:\/\/www.mapesteadoree.fr\/boutique\/wp-content\/uploads\/2024\/10\/cropped-logo-mpa-2024.png","width":470,"height":110,"caption":"Ma Peste Ador\u00e9e"},"image":{"@id":"https:\/\/www.mapesteadoree.fr\/boutique\/#\/schema\/logo\/image\/"}}]}},"wcpa_form_fields":null,"_links":{"self":[{"href":"https:\/\/www.mapesteadoree.fr\/boutique\/wp-json\/wp\/v2\/product\/53059","targetHints":{"allow":["GET"]}}],"collection":[{"href":"https:\/\/www.mapesteadoree.fr\/boutique\/wp-json\/wp\/v2\/product"}],"about":[{"href":"https:\/\/www.mapesteadoree.fr\/boutique\/wp-json\/wp\/v2\/types\/product"}],"replies":[{"embeddable":true,"href":"https:\/\/www.mapesteadoree.fr\/boutique\/wp-json\/wp\/v2\/comments?post=53059"}],"wp:featuredmedia":[{"embeddable":true,"href":"https:\/\/www.mapesteadoree.fr\/boutique\/wp-json\/wp\/v2\/media\/53055"}],"wp:attachment":[{"href":"https:\/\/www.mapesteadoree.fr\/boutique\/wp-json\/wp\/v2\/media?parent=53059"}],"wp:term":[{"taxonomy":"product_brand","embeddable":true,"href":"https:\/\/www.mapesteadoree.fr\/boutique\/wp-json\/wp\/v2\/product_brand?post=53059"},{"taxonomy":"product_cat","embeddable":true,"href":"https:\/\/www.mapesteadoree.fr\/boutique\/wp-json\/wp\/v2\/product_cat?post=53059"},{"taxonomy":"product_tag","embeddable":true,"href":"https:\/\/www.mapesteadoree.fr\/boutique\/wp-json\/wp\/v2\/product_tag?post=53059"}],"curies":[{"name":"wp","href":"https:\/\/api.w.org\/{rel}","templated":true}]}}