{"id":52166,"date":"2024-03-14T15:51:54","date_gmt":"2024-03-14T14:51:54","guid":{"rendered":"https:\/\/www.mapesteadoree.fr\/boutique\/?post_type=product&#038;p=52166"},"modified":"2026-01-18T20:18:41","modified_gmt":"2026-01-18T19:18:41","slug":"sautoir-coeur-energie-positive-cristal-de-roche","status":"publish","type":"product","link":"https:\/\/www.mapesteadoree.fr\/boutique\/bijoux\/sautoir-coeur-energie-positive-cristal-de-roche\/","title":{"rendered":"Sautoir Coeur Energie positive [Cristal de Roche]"},"content":{"rendered":"<p>Voici un collier pour enfant ou adulte, avec un pendentif cylindrique avec une forme de coeur en fil dor\u00e9. La pierre est un cristal de roche (ou cristal de quartz ou quartz blanc, c&rsquo;est pareil : ), elle a un diam\u00e8tre de 17mm.<\/p>\n<p>Le cordon de ce collier est un fil de coton tress\u00e9 de couleur jaune vert, rose flash et turquoise + un fil dor\u00e9.<\/p>\n<h3>Un collier en cristal de roche pour l&rsquo;optimisme<\/h3>\n<p>Le collier lithoth\u00e9rapie Coeur en cristal de quartz \u00a0est un bijou qui fait du bien ! Vous pouvez le porter la journ\u00e9e sur ou sous le tee-shirt ou le pull. Le cristal de roche est une pierre de sagesse &amp; de lumi\u00e8re, qui poss\u00e8de de nombreux bienfaits :<\/p>\n<ul>\n<li>Le cristal de quartz\u00a0augmente la confiance en soi et l\u2019intuition. Pierre positive, elle rebooster le corps et l&rsquo;esprit, elle aide \u00e0 voir les choses de fa\u00e7on positive.<\/li>\n<li>Elle permet de travailler sur l&rsquo;\u00e9nergie qui est \u00e0 l&rsquo;int\u00e9rieur de soi<\/li>\n<li>Elle permet de recentrer et d&rsquo;intensifier l&rsquo;\u00e9nergie vitale<\/li>\n<li>Elle favorise la clairvoyance et la clart\u00e9 mentale<\/li>\n<li>Elle permet d&rsquo;activer \u00a0les 7 chakras<\/li>\n<li>Elle favorise la t\u00e9l\u00e9pathie et \u00a0facilite la m\u00e9ditation<\/li>\n<\/ul>\n<h4>Un collier de lithoth\u00e9rapie pour adulte ou enfant \u00e0 petit prix<\/h4>\n<p>Ce joli collier est propos\u00e9 \u00e0 un prix tout doux ! Il est simple mais original, discret mais quand m\u00eame flashy : )<\/p>\n<blockquote><p>Le petit + : la longueur du collier est \u00e0 choisir, pour un collier plus ou moins long selon le tomb\u00e9 d\u00e9sir\u00e9 (ou selon si c&rsquo;est pour une enfant ou une adulte.<\/p><\/blockquote>\n<p><strong>Attention : le collier\u00a0original en cordon est ferm\u00e9 par un noeud et fait pour \u00eatre pass\u00e9 par la t\u00eate. Seul l&rsquo;option \u00ab\u00a0cha\u00eene acier inoxydable\u00a0\u00bb permet d&rsquo;avoir un collier court (car avec fermoir et cha\u00eene d&rsquo;extension)<\/strong><\/p>\n<h3>Une id\u00e9e cadeau g\u00e9niale et unique<\/h3>\n<p>Ce collier, \u00e0 la fa\u00e7on d&rsquo;un petit grigri, apporte optimisme, chasse le n\u00e9gatif et apporte ouverture d&rsquo;esprit et sagesse.<\/p>\n<blockquote><p>Avec son petit coeur en fil dor\u00e9, ce petit collier est vraiment \u00e0 croquer. Les couleurs flashy du cordon le rendent particuli\u00e8rement lumineux (il est parfait pour l&rsquo;\u00e9t\u00e9 !)<\/p><\/blockquote>\n<h4>Comment recharger les bijoux et les pierres semi-pr\u00e9cieuses ?<\/h4>\n<p>Un article sur la boutique est consacr\u00e9 au nettoyage, \u00e0 la purification et au rechargement des pierres. Mais voici en r\u00e9sum\u00e9 ce que je vous conseille :<\/p>\n<ul>\n<li>nettoyage avec un chiffon doux un peu humide<\/li>\n<li>purification et rechargement \u00e0 la lune ou mieux : \u00e0 la pleine lune (vous laissez les bijoux ou pierres au bord de la fen\u00eatre pendant la nuit)<\/li>\n<\/ul>\n<p><em>PS : Si vous poss\u00e9dez une druse ou un amas cristallin, une am\u00e9thyste ou un quartz de roche ou d&rsquo;aqua aura, vous pouvez l&rsquo;utiliser comme base de rechargement.<\/em><\/p>\n","protected":false},"excerpt":{"rendered":"<p><b>Collier \u00a0avec pendentif cylindrique diam\u00e8tre 17mm en pierre naturelle de cristal de roche.\u00a0<\/b>Cette pierre est une pierre de sagesse, de clairvoyance mais surtout d&rsquo;optimisme et d&rsquo;ouverture d&rsquo;esprit. Le cristal de quartz est une pierre remplie de bonnes \u00e9nergies, qui aide \u00e0 voir les choses de fa\u00e7on positives.<\/p>\n","protected":false},"featured_media":55285,"comment_status":"open","ping_status":"closed","template":"","meta":[],"product_brand":[],"product_cat":[23,22,2087,2113,33,35],"product_tag":[2109,2077],"class_list":{"0":"post-52166","1":"product","2":"type-product","3":"status-publish","4":"has-post-thumbnail","6":"product_cat-bijoux-enfants","7":"product_cat-bijoux-femmes","8":"product_cat-colliers-femme","9":"product_cat-collier-pierres-naturelles","10":"product_cat-pierres-naturelles-enfant","11":"product_cat-pierres-naturelles-femme","12":"product_tag-optimisme","13":"product_tag-school","15":"first","16":"instock","17":"shipping-taxable","18":"purchasable","19":"product-type-simple"},"acf":[],"yoast_head":"<!-- This site is optimized with the Yoast SEO plugin v27.4 - https:\/\/yoast.com\/product\/yoast-seo-wordpress\/ -->\n<title>Sautoir Coeur Energie positive [Cristal de Roche] - Ma Peste Ador\u00e9e<\/title>\n<meta name=\"description\" content=\"Voici un collier en coton color\u00e9 avec pendentif en pierre naturelle de Cristal de roche. C&#039;est un min\u00e9ral qui apporte sagesse, optimisme et \u00e9nergie\" \/>\n<meta name=\"robots\" content=\"index, follow, max-snippet:-1, max-image-preview:large, max-video-preview:-1\" \/>\n<link rel=\"canonical\" href=\"https:\/\/www.mapesteadoree.fr\/boutique\/bijoux\/sautoir-coeur-energie-positive-cristal-de-roche\/\" \/>\n<meta property=\"og:locale\" content=\"fr_FR\" \/>\n<meta property=\"og:type\" content=\"article\" \/>\n<meta property=\"og:title\" content=\"Sautoir Coeur Energie positive [Cristal de Roche] - Ma Peste Ador\u00e9e\" \/>\n<meta property=\"og:description\" content=\"Voici un collier en coton color\u00e9 avec pendentif en pierre naturelle de Cristal de roche. C&#039;est un min\u00e9ral qui apporte sagesse, optimisme et \u00e9nergie\" \/>\n<meta property=\"og:url\" content=\"https:\/\/www.mapesteadoree.fr\/boutique\/bijoux\/sautoir-coeur-energie-positive-cristal-de-roche\/\" \/>\n<meta property=\"og:site_name\" content=\"Ma Peste Ador\u00e9e\" \/>\n<meta property=\"article:modified_time\" content=\"2026-01-18T19:18:41+00:00\" \/>\n<meta property=\"og:image\" content=\"https:\/\/www.mapesteadoree.fr\/boutique\/wp-content\/uploads\/2024\/03\/collier-pierre-blanche-coeur-1.jpg\" \/>\n\t<meta property=\"og:image:width\" content=\"1200\" \/>\n\t<meta property=\"og:image:height\" content=\"1200\" \/>\n\t<meta property=\"og:image:type\" content=\"image\/jpeg\" \/>\n<meta name=\"twitter:card\" content=\"summary_large_image\" \/>\n<meta name=\"twitter:label1\" content=\"Dur\u00e9e de lecture estim\u00e9e\" \/>\n\t<meta name=\"twitter:data1\" content=\"2 minutes\" \/>\n<script type=\"application\/ld+json\" class=\"yoast-schema-graph\">{\"@context\":\"https:\\\/\\\/schema.org\",\"@graph\":[{\"@type\":\"WebPage\",\"@id\":\"https:\\\/\\\/www.mapesteadoree.fr\\\/boutique\\\/bijoux\\\/sautoir-coeur-energie-positive-cristal-de-roche\\\/\",\"url\":\"https:\\\/\\\/www.mapesteadoree.fr\\\/boutique\\\/bijoux\\\/sautoir-coeur-energie-positive-cristal-de-roche\\\/\",\"name\":\"Sautoir Coeur Energie positive [Cristal de Roche] - Ma Peste Ador\u00e9e\",\"isPartOf\":{\"@id\":\"https:\\\/\\\/www.mapesteadoree.fr\\\/boutique\\\/#website\"},\"primaryImageOfPage\":{\"@id\":\"https:\\\/\\\/www.mapesteadoree.fr\\\/boutique\\\/bijoux\\\/sautoir-coeur-energie-positive-cristal-de-roche\\\/#primaryimage\"},\"image\":{\"@id\":\"https:\\\/\\\/www.mapesteadoree.fr\\\/boutique\\\/bijoux\\\/sautoir-coeur-energie-positive-cristal-de-roche\\\/#primaryimage\"},\"thumbnailUrl\":\"https:\\\/\\\/www.mapesteadoree.fr\\\/boutique\\\/wp-content\\\/uploads\\\/2024\\\/03\\\/collier-pierre-blanche-coeur-1.jpg\",\"datePublished\":\"2024-03-14T14:51:54+00:00\",\"dateModified\":\"2026-01-18T19:18:41+00:00\",\"description\":\"Voici un collier en coton color\u00e9 avec pendentif en pierre naturelle de Cristal de roche. C'est un min\u00e9ral qui apporte sagesse, optimisme et \u00e9nergie\",\"breadcrumb\":{\"@id\":\"https:\\\/\\\/www.mapesteadoree.fr\\\/boutique\\\/bijoux\\\/sautoir-coeur-energie-positive-cristal-de-roche\\\/#breadcrumb\"},\"inLanguage\":\"fr-FR\",\"potentialAction\":[{\"@type\":\"ReadAction\",\"target\":[\"https:\\\/\\\/www.mapesteadoree.fr\\\/boutique\\\/bijoux\\\/sautoir-coeur-energie-positive-cristal-de-roche\\\/\"]}]},{\"@type\":\"ImageObject\",\"inLanguage\":\"fr-FR\",\"@id\":\"https:\\\/\\\/www.mapesteadoree.fr\\\/boutique\\\/bijoux\\\/sautoir-coeur-energie-positive-cristal-de-roche\\\/#primaryimage\",\"url\":\"https:\\\/\\\/www.mapesteadoree.fr\\\/boutique\\\/wp-content\\\/uploads\\\/2024\\\/03\\\/collier-pierre-blanche-coeur-1.jpg\",\"contentUrl\":\"https:\\\/\\\/www.mapesteadoree.fr\\\/boutique\\\/wp-content\\\/uploads\\\/2024\\\/03\\\/collier-pierre-blanche-coeur-1.jpg\",\"width\":1200,\"height\":1200,\"caption\":\"Collier lithoth\u00e9rapie avec cristal de roche\"},{\"@type\":\"BreadcrumbList\",\"@id\":\"https:\\\/\\\/www.mapesteadoree.fr\\\/boutique\\\/bijoux\\\/sautoir-coeur-energie-positive-cristal-de-roche\\\/#breadcrumb\",\"itemListElement\":[{\"@type\":\"ListItem\",\"position\":1,\"name\":\"Accueil\",\"item\":\"https:\\\/\\\/www.mapesteadoree.fr\\\/boutique\\\/\"},{\"@type\":\"ListItem\",\"position\":2,\"name\":\"Boutique de bijoux uniques en pierres naturelles\",\"item\":\"https:\\\/\\\/www.mapesteadoree.fr\\\/boutique\\\/\"},{\"@type\":\"ListItem\",\"position\":3,\"name\":\"Sautoir Coeur Energie positive [Cristal de Roche]\"}]},{\"@type\":\"WebSite\",\"@id\":\"https:\\\/\\\/www.mapesteadoree.fr\\\/boutique\\\/#website\",\"url\":\"https:\\\/\\\/www.mapesteadoree.fr\\\/boutique\\\/\",\"name\":\"Ma Peste Ador\u00e9e\",\"description\":\"\",\"publisher\":{\"@id\":\"https:\\\/\\\/www.mapesteadoree.fr\\\/boutique\\\/#organization\"},\"potentialAction\":[{\"@type\":\"SearchAction\",\"target\":{\"@type\":\"EntryPoint\",\"urlTemplate\":\"https:\\\/\\\/www.mapesteadoree.fr\\\/boutique\\\/?s={search_term_string}\"},\"query-input\":{\"@type\":\"PropertyValueSpecification\",\"valueRequired\":true,\"valueName\":\"search_term_string\"}}],\"inLanguage\":\"fr-FR\"},{\"@type\":\"Organization\",\"@id\":\"https:\\\/\\\/www.mapesteadoree.fr\\\/boutique\\\/#organization\",\"name\":\"Ma Peste Ador\u00e9e\",\"url\":\"https:\\\/\\\/www.mapesteadoree.fr\\\/boutique\\\/\",\"logo\":{\"@type\":\"ImageObject\",\"inLanguage\":\"fr-FR\",\"@id\":\"https:\\\/\\\/www.mapesteadoree.fr\\\/boutique\\\/#\\\/schema\\\/logo\\\/image\\\/\",\"url\":\"https:\\\/\\\/www.mapesteadoree.fr\\\/boutique\\\/wp-content\\\/uploads\\\/2024\\\/10\\\/cropped-logo-mpa-2024.png\",\"contentUrl\":\"https:\\\/\\\/www.mapesteadoree.fr\\\/boutique\\\/wp-content\\\/uploads\\\/2024\\\/10\\\/cropped-logo-mpa-2024.png\",\"width\":470,\"height\":110,\"caption\":\"Ma Peste Ador\u00e9e\"},\"image\":{\"@id\":\"https:\\\/\\\/www.mapesteadoree.fr\\\/boutique\\\/#\\\/schema\\\/logo\\\/image\\\/\"}}]}<\/script>\n<!-- \/ Yoast SEO plugin. -->","yoast_head_json":{"title":"Sautoir Coeur Energie positive [Cristal de Roche] - Ma Peste Ador\u00e9e","description":"Voici un collier en coton color\u00e9 avec pendentif en pierre naturelle de Cristal de roche. C'est un min\u00e9ral qui apporte sagesse, optimisme et \u00e9nergie","robots":{"index":"index","follow":"follow","max-snippet":"max-snippet:-1","max-image-preview":"max-image-preview:large","max-video-preview":"max-video-preview:-1"},"canonical":"https:\/\/www.mapesteadoree.fr\/boutique\/bijoux\/sautoir-coeur-energie-positive-cristal-de-roche\/","og_locale":"fr_FR","og_type":"article","og_title":"Sautoir Coeur Energie positive [Cristal de Roche] - Ma Peste Ador\u00e9e","og_description":"Voici un collier en coton color\u00e9 avec pendentif en pierre naturelle de Cristal de roche. C'est un min\u00e9ral qui apporte sagesse, optimisme et \u00e9nergie","og_url":"https:\/\/www.mapesteadoree.fr\/boutique\/bijoux\/sautoir-coeur-energie-positive-cristal-de-roche\/","og_site_name":"Ma Peste Ador\u00e9e","article_modified_time":"2026-01-18T19:18:41+00:00","og_image":[{"width":1200,"height":1200,"url":"https:\/\/www.mapesteadoree.fr\/boutique\/wp-content\/uploads\/2024\/03\/collier-pierre-blanche-coeur-1.jpg","type":"image\/jpeg"}],"twitter_card":"summary_large_image","twitter_misc":{"Dur\u00e9e de lecture estim\u00e9e":"2 minutes"},"schema":{"@context":"https:\/\/schema.org","@graph":[{"@type":"WebPage","@id":"https:\/\/www.mapesteadoree.fr\/boutique\/bijoux\/sautoir-coeur-energie-positive-cristal-de-roche\/","url":"https:\/\/www.mapesteadoree.fr\/boutique\/bijoux\/sautoir-coeur-energie-positive-cristal-de-roche\/","name":"Sautoir Coeur Energie positive [Cristal de Roche] - Ma Peste Ador\u00e9e","isPartOf":{"@id":"https:\/\/www.mapesteadoree.fr\/boutique\/#website"},"primaryImageOfPage":{"@id":"https:\/\/www.mapesteadoree.fr\/boutique\/bijoux\/sautoir-coeur-energie-positive-cristal-de-roche\/#primaryimage"},"image":{"@id":"https:\/\/www.mapesteadoree.fr\/boutique\/bijoux\/sautoir-coeur-energie-positive-cristal-de-roche\/#primaryimage"},"thumbnailUrl":"https:\/\/www.mapesteadoree.fr\/boutique\/wp-content\/uploads\/2024\/03\/collier-pierre-blanche-coeur-1.jpg","datePublished":"2024-03-14T14:51:54+00:00","dateModified":"2026-01-18T19:18:41+00:00","description":"Voici un collier en coton color\u00e9 avec pendentif en pierre naturelle de Cristal de roche. C'est un min\u00e9ral qui apporte sagesse, optimisme et \u00e9nergie","breadcrumb":{"@id":"https:\/\/www.mapesteadoree.fr\/boutique\/bijoux\/sautoir-coeur-energie-positive-cristal-de-roche\/#breadcrumb"},"inLanguage":"fr-FR","potentialAction":[{"@type":"ReadAction","target":["https:\/\/www.mapesteadoree.fr\/boutique\/bijoux\/sautoir-coeur-energie-positive-cristal-de-roche\/"]}]},{"@type":"ImageObject","inLanguage":"fr-FR","@id":"https:\/\/www.mapesteadoree.fr\/boutique\/bijoux\/sautoir-coeur-energie-positive-cristal-de-roche\/#primaryimage","url":"https:\/\/www.mapesteadoree.fr\/boutique\/wp-content\/uploads\/2024\/03\/collier-pierre-blanche-coeur-1.jpg","contentUrl":"https:\/\/www.mapesteadoree.fr\/boutique\/wp-content\/uploads\/2024\/03\/collier-pierre-blanche-coeur-1.jpg","width":1200,"height":1200,"caption":"Collier lithoth\u00e9rapie avec cristal de roche"},{"@type":"BreadcrumbList","@id":"https:\/\/www.mapesteadoree.fr\/boutique\/bijoux\/sautoir-coeur-energie-positive-cristal-de-roche\/#breadcrumb","itemListElement":[{"@type":"ListItem","position":1,"name":"Accueil","item":"https:\/\/www.mapesteadoree.fr\/boutique\/"},{"@type":"ListItem","position":2,"name":"Boutique de bijoux uniques en pierres naturelles","item":"https:\/\/www.mapesteadoree.fr\/boutique\/"},{"@type":"ListItem","position":3,"name":"Sautoir Coeur Energie positive [Cristal de Roche]"}]},{"@type":"WebSite","@id":"https:\/\/www.mapesteadoree.fr\/boutique\/#website","url":"https:\/\/www.mapesteadoree.fr\/boutique\/","name":"Ma Peste Ador\u00e9e","description":"","publisher":{"@id":"https:\/\/www.mapesteadoree.fr\/boutique\/#organization"},"potentialAction":[{"@type":"SearchAction","target":{"@type":"EntryPoint","urlTemplate":"https:\/\/www.mapesteadoree.fr\/boutique\/?s={search_term_string}"},"query-input":{"@type":"PropertyValueSpecification","valueRequired":true,"valueName":"search_term_string"}}],"inLanguage":"fr-FR"},{"@type":"Organization","@id":"https:\/\/www.mapesteadoree.fr\/boutique\/#organization","name":"Ma Peste Ador\u00e9e","url":"https:\/\/www.mapesteadoree.fr\/boutique\/","logo":{"@type":"ImageObject","inLanguage":"fr-FR","@id":"https:\/\/www.mapesteadoree.fr\/boutique\/#\/schema\/logo\/image\/","url":"https:\/\/www.mapesteadoree.fr\/boutique\/wp-content\/uploads\/2024\/10\/cropped-logo-mpa-2024.png","contentUrl":"https:\/\/www.mapesteadoree.fr\/boutique\/wp-content\/uploads\/2024\/10\/cropped-logo-mpa-2024.png","width":470,"height":110,"caption":"Ma Peste Ador\u00e9e"},"image":{"@id":"https:\/\/www.mapesteadoree.fr\/boutique\/#\/schema\/logo\/image\/"}}]}},"wcpa_form_fields":null,"_links":{"self":[{"href":"https:\/\/www.mapesteadoree.fr\/boutique\/wp-json\/wp\/v2\/product\/52166","targetHints":{"allow":["GET"]}}],"collection":[{"href":"https:\/\/www.mapesteadoree.fr\/boutique\/wp-json\/wp\/v2\/product"}],"about":[{"href":"https:\/\/www.mapesteadoree.fr\/boutique\/wp-json\/wp\/v2\/types\/product"}],"replies":[{"embeddable":true,"href":"https:\/\/www.mapesteadoree.fr\/boutique\/wp-json\/wp\/v2\/comments?post=52166"}],"wp:featuredmedia":[{"embeddable":true,"href":"https:\/\/www.mapesteadoree.fr\/boutique\/wp-json\/wp\/v2\/media\/55285"}],"wp:attachment":[{"href":"https:\/\/www.mapesteadoree.fr\/boutique\/wp-json\/wp\/v2\/media?parent=52166"}],"wp:term":[{"taxonomy":"product_brand","embeddable":true,"href":"https:\/\/www.mapesteadoree.fr\/boutique\/wp-json\/wp\/v2\/product_brand?post=52166"},{"taxonomy":"product_cat","embeddable":true,"href":"https:\/\/www.mapesteadoree.fr\/boutique\/wp-json\/wp\/v2\/product_cat?post=52166"},{"taxonomy":"product_tag","embeddable":true,"href":"https:\/\/www.mapesteadoree.fr\/boutique\/wp-json\/wp\/v2\/product_tag?post=52166"}],"curies":[{"name":"wp","href":"https:\/\/api.w.org\/{rel}","templated":true}]}}