{"id":52076,"date":"2024-02-27T11:02:54","date_gmt":"2024-02-27T10:02:54","guid":{"rendered":"https:\/\/www.mapesteadoree.fr\/boutique\/?post_type=product&#038;p=52076"},"modified":"2026-04-01T17:12:04","modified_gmt":"2026-04-01T15:12:04","slug":"galet-plat-mookaite","status":"publish","type":"product","link":"https:\/\/www.mapesteadoree.fr\/boutique\/bijoux\/galet-plat-mookaite\/","title":{"rendered":"Galet Plat de Mooka\u00efte"},"content":{"rendered":"<h1>La Mooka\u00efte : une pierre qui donne confiance<\/h1>\n<p>Voici un galet plat de mooka\u00efte : il a une taille parfaite pour le garder dans sa poche, dans un sac, un cartable ou dans une chambre (sur une commode, une table de chevet). Il n&rsquo;est ni trop grand, ni trop petit, pour un enfant ou un adulte. Juste la taille id\u00e9ale pour profiter de ses bienfaits.<\/p>\n<ul>\n<li>Taille du galet : environ 2,5cm x 3,5cm<\/li>\n<li>Poids : entre 18 et 30g selon la forme<\/li>\n<li>Origine : Madagascar<\/li>\n<\/ul>\n<p>Chaque pierre est naturelle donc la forme comme la couleur peut varier. Chaque exemplaire est donc totalement unique et celui que vous recevrez est celui qui vous \u00e9tait destin\u00e9&#8230; La pierre de mooka\u00efte prend de nombreuses couleurs dont : le jaune moutarde, le rouge bordeaux, le beige cr\u00e8me&#8230;<\/p>\n<h2>La pierre de mooka\u00efte donne l&rsquo;envie d&rsquo;agir<\/h2>\n<p>La mooka\u00efte est une pierre qui insuffle courage et dynamisme, elle donne de la volont\u00e9 et pousse \u00e0 avancer, \u00e0 agir. C&rsquo;est une pierre tr\u00e8s positive, que je conseille souvent aux parents : car elle est un vrai soutien dans le quotidien avec les enfants !<\/p>\n<p>Voici une liste plus compl\u00e8te de ses nombreux bienfaits :<\/p>\n<ul class=\"i8Z77e\">\n<li>La mooka\u00efte est associ\u00e9e au\u00a0 chakra sacr\u00e9 et au chakra du plexus solaire<\/li>\n<li>Favorise l&rsquo;ancrage \u00e0 la terre : elle aide \u00e0 percevoir l&rsquo;\u00e9nergie de la terre. Aide \u00e0 rester concentrer et \u00e0 \u00ab\u00a0avoir les pieds sur terre\u00a0\u00bb<\/li>\n<li>Aide retrouver le calme et l&rsquo;harmonie<\/li>\n<li>Apporte courage, confiance en soi et d\u00e9termination<\/li>\n<li>Combat la peur et la d\u00e9pression<\/li>\n<li>Excellente pierre pour les parents et les personnes qui s&rsquo;occupent d&rsquo;enfants<\/li>\n<li>Aide \u00e0 contr\u00f4ler positivement ses \u00e9motions<\/li>\n<li>Aide \u00e0 retrouver calme et s\u00e9r\u00e9nit\u00e9 apr\u00e8s une col\u00e8re ou une contrari\u00e9t\u00e9<\/li>\n<li>Favorise une bonne circulation sanguine<\/li>\n<li>Utile pour une bonne digestion<\/li>\n<li>Stimule l&rsquo;activit\u00e9 r\u00e9nale et le syst\u00e8me immunitaire<\/li>\n<li>Dans le cadre d&rsquo;une surveillance alimentaire : elle favorise l&rsquo;\u00e9limination, donne l&rsquo;envie de manger plus sainement et de pratiquer une activit\u00e9 physique (motivation ++)<\/li>\n<\/ul>\n<blockquote><p>La mooka\u00efte est la pierre qui vous faut pour relever des d\u00e9fis avec force et \u00e9nergie positive. C&rsquo;est une pierre qui apporte la d\u00e9termination tout en gardant le calme et la ma\u00eetrise de soi.<\/p><\/blockquote>\n","protected":false},"excerpt":{"rendered":"<p>Galet plat de Mooka\u00efte. Pierre polie originaire de Madagascar, \u00e0 garder dans sa poche, un sac ou dans sa chambre. La mooka\u00efte est une pierre qui apporte vitalit\u00e9 et dynamisme, mais elle aide aussi \u00e0 rester calme et \u00e0 l\u00e2cher prise.<\/p>\n","protected":false},"featured_media":57743,"comment_status":"open","ping_status":"closed","template":"","meta":[],"product_brand":[],"product_cat":[1997,26],"product_tag":[],"class_list":{"0":"post-52076","1":"product","2":"type-product","3":"status-publish","4":"has-post-thumbnail","6":"product_cat-mineraux","7":"product_cat-pierres-naturelles","9":"first","10":"instock","11":"shipping-taxable","12":"purchasable","13":"product-type-simple"},"acf":[],"yoast_head":"<!-- This site is optimized with the Yoast SEO plugin v27.6 - https:\/\/yoast.com\/product\/yoast-seo-wordpress\/ -->\n<title>Galet Plat de Mooka\u00efte - Ma Peste Ador\u00e9e<\/title>\n<meta name=\"description\" content=\"La mookaite est une excellente pierre pour les parents et les personnes qui s&#039;occupent d&#039;enfants : elle aide \u00e0 rester calme en toute situation\" \/>\n<meta name=\"robots\" content=\"index, follow, max-snippet:-1, max-image-preview:large, max-video-preview:-1\" \/>\n<link rel=\"canonical\" href=\"https:\/\/www.mapesteadoree.fr\/boutique\/bijoux\/galet-plat-mookaite\/\" \/>\n<meta property=\"og:locale\" content=\"fr_FR\" \/>\n<meta property=\"og:type\" content=\"article\" \/>\n<meta property=\"og:title\" content=\"Galet Plat de Mooka\u00efte - Ma Peste Ador\u00e9e\" \/>\n<meta property=\"og:description\" content=\"La mookaite est une excellente pierre pour les parents et les personnes qui s&#039;occupent d&#039;enfants : elle aide \u00e0 rester calme en toute situation\" \/>\n<meta property=\"og:url\" content=\"https:\/\/www.mapesteadoree.fr\/boutique\/bijoux\/galet-plat-mookaite\/\" \/>\n<meta property=\"og:site_name\" content=\"Ma Peste Ador\u00e9e\" \/>\n<meta property=\"article:modified_time\" content=\"2026-04-01T15:12:04+00:00\" \/>\n<meta property=\"og:image\" content=\"https:\/\/www.mapesteadoree.fr\/boutique\/wp-content\/uploads\/2024\/02\/galet-mookaite-proprietes-2.jpg\" \/>\n\t<meta property=\"og:image:width\" content=\"1200\" \/>\n\t<meta property=\"og:image:height\" content=\"1200\" \/>\n\t<meta property=\"og:image:type\" content=\"image\/jpeg\" \/>\n<meta name=\"twitter:card\" content=\"summary_large_image\" \/>\n<meta name=\"twitter:label1\" content=\"Dur\u00e9e de lecture estim\u00e9e\" \/>\n\t<meta name=\"twitter:data1\" content=\"2 minutes\" \/>\n<script type=\"application\/ld+json\" class=\"yoast-schema-graph\">{\"@context\":\"https:\\\/\\\/schema.org\",\"@graph\":[{\"@type\":\"WebPage\",\"@id\":\"https:\\\/\\\/www.mapesteadoree.fr\\\/boutique\\\/bijoux\\\/galet-plat-mookaite\\\/\",\"url\":\"https:\\\/\\\/www.mapesteadoree.fr\\\/boutique\\\/bijoux\\\/galet-plat-mookaite\\\/\",\"name\":\"Galet Plat de Mooka\u00efte - Ma Peste Ador\u00e9e\",\"isPartOf\":{\"@id\":\"https:\\\/\\\/www.mapesteadoree.fr\\\/boutique\\\/#website\"},\"primaryImageOfPage\":{\"@id\":\"https:\\\/\\\/www.mapesteadoree.fr\\\/boutique\\\/bijoux\\\/galet-plat-mookaite\\\/#primaryimage\"},\"image\":{\"@id\":\"https:\\\/\\\/www.mapesteadoree.fr\\\/boutique\\\/bijoux\\\/galet-plat-mookaite\\\/#primaryimage\"},\"thumbnailUrl\":\"https:\\\/\\\/www.mapesteadoree.fr\\\/boutique\\\/wp-content\\\/uploads\\\/2024\\\/02\\\/galet-mookaite-proprietes-2.jpg\",\"datePublished\":\"2024-02-27T10:02:54+00:00\",\"dateModified\":\"2026-04-01T15:12:04+00:00\",\"description\":\"La mookaite est une excellente pierre pour les parents et les personnes qui s'occupent d'enfants : elle aide \u00e0 rester calme en toute situation\",\"breadcrumb\":{\"@id\":\"https:\\\/\\\/www.mapesteadoree.fr\\\/boutique\\\/bijoux\\\/galet-plat-mookaite\\\/#breadcrumb\"},\"inLanguage\":\"fr-FR\",\"potentialAction\":[{\"@type\":\"ReadAction\",\"target\":[\"https:\\\/\\\/www.mapesteadoree.fr\\\/boutique\\\/bijoux\\\/galet-plat-mookaite\\\/\"]}]},{\"@type\":\"ImageObject\",\"inLanguage\":\"fr-FR\",\"@id\":\"https:\\\/\\\/www.mapesteadoree.fr\\\/boutique\\\/bijoux\\\/galet-plat-mookaite\\\/#primaryimage\",\"url\":\"https:\\\/\\\/www.mapesteadoree.fr\\\/boutique\\\/wp-content\\\/uploads\\\/2024\\\/02\\\/galet-mookaite-proprietes-2.jpg\",\"contentUrl\":\"https:\\\/\\\/www.mapesteadoree.fr\\\/boutique\\\/wp-content\\\/uploads\\\/2024\\\/02\\\/galet-mookaite-proprietes-2.jpg\",\"width\":1200,\"height\":1200,\"caption\":\"Galet plat de mooka\u00efte\"},{\"@type\":\"BreadcrumbList\",\"@id\":\"https:\\\/\\\/www.mapesteadoree.fr\\\/boutique\\\/bijoux\\\/galet-plat-mookaite\\\/#breadcrumb\",\"itemListElement\":[{\"@type\":\"ListItem\",\"position\":1,\"name\":\"Accueil\",\"item\":\"https:\\\/\\\/www.mapesteadoree.fr\\\/boutique\\\/\"},{\"@type\":\"ListItem\",\"position\":2,\"name\":\"Boutique de bijoux uniques en pierres naturelles\",\"item\":\"https:\\\/\\\/www.mapesteadoree.fr\\\/boutique\\\/\"},{\"@type\":\"ListItem\",\"position\":3,\"name\":\"Galet Plat de Mooka\u00efte\"}]},{\"@type\":\"WebSite\",\"@id\":\"https:\\\/\\\/www.mapesteadoree.fr\\\/boutique\\\/#website\",\"url\":\"https:\\\/\\\/www.mapesteadoree.fr\\\/boutique\\\/\",\"name\":\"Ma Peste Ador\u00e9e\",\"description\":\"\",\"publisher\":{\"@id\":\"https:\\\/\\\/www.mapesteadoree.fr\\\/boutique\\\/#organization\"},\"potentialAction\":[{\"@type\":\"SearchAction\",\"target\":{\"@type\":\"EntryPoint\",\"urlTemplate\":\"https:\\\/\\\/www.mapesteadoree.fr\\\/boutique\\\/?s={search_term_string}\"},\"query-input\":{\"@type\":\"PropertyValueSpecification\",\"valueRequired\":true,\"valueName\":\"search_term_string\"}}],\"inLanguage\":\"fr-FR\"},{\"@type\":\"Organization\",\"@id\":\"https:\\\/\\\/www.mapesteadoree.fr\\\/boutique\\\/#organization\",\"name\":\"Ma Peste Ador\u00e9e\",\"url\":\"https:\\\/\\\/www.mapesteadoree.fr\\\/boutique\\\/\",\"logo\":{\"@type\":\"ImageObject\",\"inLanguage\":\"fr-FR\",\"@id\":\"https:\\\/\\\/www.mapesteadoree.fr\\\/boutique\\\/#\\\/schema\\\/logo\\\/image\\\/\",\"url\":\"https:\\\/\\\/www.mapesteadoree.fr\\\/boutique\\\/wp-content\\\/uploads\\\/2024\\\/10\\\/cropped-logo-mpa-2024.png\",\"contentUrl\":\"https:\\\/\\\/www.mapesteadoree.fr\\\/boutique\\\/wp-content\\\/uploads\\\/2024\\\/10\\\/cropped-logo-mpa-2024.png\",\"width\":470,\"height\":110,\"caption\":\"Ma Peste Ador\u00e9e\"},\"image\":{\"@id\":\"https:\\\/\\\/www.mapesteadoree.fr\\\/boutique\\\/#\\\/schema\\\/logo\\\/image\\\/\"}}]}<\/script>\n<!-- \/ Yoast SEO plugin. -->","yoast_head_json":{"title":"Galet Plat de Mooka\u00efte - Ma Peste Ador\u00e9e","description":"La mookaite est une excellente pierre pour les parents et les personnes qui s'occupent d'enfants : elle aide \u00e0 rester calme en toute situation","robots":{"index":"index","follow":"follow","max-snippet":"max-snippet:-1","max-image-preview":"max-image-preview:large","max-video-preview":"max-video-preview:-1"},"canonical":"https:\/\/www.mapesteadoree.fr\/boutique\/bijoux\/galet-plat-mookaite\/","og_locale":"fr_FR","og_type":"article","og_title":"Galet Plat de Mooka\u00efte - Ma Peste Ador\u00e9e","og_description":"La mookaite est une excellente pierre pour les parents et les personnes qui s'occupent d'enfants : elle aide \u00e0 rester calme en toute situation","og_url":"https:\/\/www.mapesteadoree.fr\/boutique\/bijoux\/galet-plat-mookaite\/","og_site_name":"Ma Peste Ador\u00e9e","article_modified_time":"2026-04-01T15:12:04+00:00","og_image":[{"width":1200,"height":1200,"url":"https:\/\/www.mapesteadoree.fr\/boutique\/wp-content\/uploads\/2024\/02\/galet-mookaite-proprietes-2.jpg","type":"image\/jpeg"}],"twitter_card":"summary_large_image","twitter_misc":{"Dur\u00e9e de lecture estim\u00e9e":"2 minutes"},"schema":{"@context":"https:\/\/schema.org","@graph":[{"@type":"WebPage","@id":"https:\/\/www.mapesteadoree.fr\/boutique\/bijoux\/galet-plat-mookaite\/","url":"https:\/\/www.mapesteadoree.fr\/boutique\/bijoux\/galet-plat-mookaite\/","name":"Galet Plat de Mooka\u00efte - Ma Peste Ador\u00e9e","isPartOf":{"@id":"https:\/\/www.mapesteadoree.fr\/boutique\/#website"},"primaryImageOfPage":{"@id":"https:\/\/www.mapesteadoree.fr\/boutique\/bijoux\/galet-plat-mookaite\/#primaryimage"},"image":{"@id":"https:\/\/www.mapesteadoree.fr\/boutique\/bijoux\/galet-plat-mookaite\/#primaryimage"},"thumbnailUrl":"https:\/\/www.mapesteadoree.fr\/boutique\/wp-content\/uploads\/2024\/02\/galet-mookaite-proprietes-2.jpg","datePublished":"2024-02-27T10:02:54+00:00","dateModified":"2026-04-01T15:12:04+00:00","description":"La mookaite est une excellente pierre pour les parents et les personnes qui s'occupent d'enfants : elle aide \u00e0 rester calme en toute situation","breadcrumb":{"@id":"https:\/\/www.mapesteadoree.fr\/boutique\/bijoux\/galet-plat-mookaite\/#breadcrumb"},"inLanguage":"fr-FR","potentialAction":[{"@type":"ReadAction","target":["https:\/\/www.mapesteadoree.fr\/boutique\/bijoux\/galet-plat-mookaite\/"]}]},{"@type":"ImageObject","inLanguage":"fr-FR","@id":"https:\/\/www.mapesteadoree.fr\/boutique\/bijoux\/galet-plat-mookaite\/#primaryimage","url":"https:\/\/www.mapesteadoree.fr\/boutique\/wp-content\/uploads\/2024\/02\/galet-mookaite-proprietes-2.jpg","contentUrl":"https:\/\/www.mapesteadoree.fr\/boutique\/wp-content\/uploads\/2024\/02\/galet-mookaite-proprietes-2.jpg","width":1200,"height":1200,"caption":"Galet plat de mooka\u00efte"},{"@type":"BreadcrumbList","@id":"https:\/\/www.mapesteadoree.fr\/boutique\/bijoux\/galet-plat-mookaite\/#breadcrumb","itemListElement":[{"@type":"ListItem","position":1,"name":"Accueil","item":"https:\/\/www.mapesteadoree.fr\/boutique\/"},{"@type":"ListItem","position":2,"name":"Boutique de bijoux uniques en pierres naturelles","item":"https:\/\/www.mapesteadoree.fr\/boutique\/"},{"@type":"ListItem","position":3,"name":"Galet Plat de Mooka\u00efte"}]},{"@type":"WebSite","@id":"https:\/\/www.mapesteadoree.fr\/boutique\/#website","url":"https:\/\/www.mapesteadoree.fr\/boutique\/","name":"Ma Peste Ador\u00e9e","description":"","publisher":{"@id":"https:\/\/www.mapesteadoree.fr\/boutique\/#organization"},"potentialAction":[{"@type":"SearchAction","target":{"@type":"EntryPoint","urlTemplate":"https:\/\/www.mapesteadoree.fr\/boutique\/?s={search_term_string}"},"query-input":{"@type":"PropertyValueSpecification","valueRequired":true,"valueName":"search_term_string"}}],"inLanguage":"fr-FR"},{"@type":"Organization","@id":"https:\/\/www.mapesteadoree.fr\/boutique\/#organization","name":"Ma Peste Ador\u00e9e","url":"https:\/\/www.mapesteadoree.fr\/boutique\/","logo":{"@type":"ImageObject","inLanguage":"fr-FR","@id":"https:\/\/www.mapesteadoree.fr\/boutique\/#\/schema\/logo\/image\/","url":"https:\/\/www.mapesteadoree.fr\/boutique\/wp-content\/uploads\/2024\/10\/cropped-logo-mpa-2024.png","contentUrl":"https:\/\/www.mapesteadoree.fr\/boutique\/wp-content\/uploads\/2024\/10\/cropped-logo-mpa-2024.png","width":470,"height":110,"caption":"Ma Peste Ador\u00e9e"},"image":{"@id":"https:\/\/www.mapesteadoree.fr\/boutique\/#\/schema\/logo\/image\/"}}]}},"wcpa_form_fields":null,"_links":{"self":[{"href":"https:\/\/www.mapesteadoree.fr\/boutique\/wp-json\/wp\/v2\/product\/52076","targetHints":{"allow":["GET"]}}],"collection":[{"href":"https:\/\/www.mapesteadoree.fr\/boutique\/wp-json\/wp\/v2\/product"}],"about":[{"href":"https:\/\/www.mapesteadoree.fr\/boutique\/wp-json\/wp\/v2\/types\/product"}],"replies":[{"embeddable":true,"href":"https:\/\/www.mapesteadoree.fr\/boutique\/wp-json\/wp\/v2\/comments?post=52076"}],"wp:featuredmedia":[{"embeddable":true,"href":"https:\/\/www.mapesteadoree.fr\/boutique\/wp-json\/wp\/v2\/media\/57743"}],"wp:attachment":[{"href":"https:\/\/www.mapesteadoree.fr\/boutique\/wp-json\/wp\/v2\/media?parent=52076"}],"wp:term":[{"taxonomy":"product_brand","embeddable":true,"href":"https:\/\/www.mapesteadoree.fr\/boutique\/wp-json\/wp\/v2\/product_brand?post=52076"},{"taxonomy":"product_cat","embeddable":true,"href":"https:\/\/www.mapesteadoree.fr\/boutique\/wp-json\/wp\/v2\/product_cat?post=52076"},{"taxonomy":"product_tag","embeddable":true,"href":"https:\/\/www.mapesteadoree.fr\/boutique\/wp-json\/wp\/v2\/product_tag?post=52076"}],"curies":[{"name":"wp","href":"https:\/\/api.w.org\/{rel}","templated":true}]}}