{"id":52070,"date":"2024-02-27T10:11:07","date_gmt":"2024-02-27T09:11:07","guid":{"rendered":"https:\/\/www.mapesteadoree.fr\/boutique\/?post_type=product&#038;p=52070"},"modified":"2025-08-21T10:13:09","modified_gmt":"2025-08-21T08:13:09","slug":"galet-plat-doeil-de-taureau","status":"publish","type":"product","link":"https:\/\/www.mapesteadoree.fr\/boutique\/bijoux\/galet-plat-doeil-de-taureau\/","title":{"rendered":"Galet Plat d&rsquo;Oeil de Taureau"},"content":{"rendered":"<h1>L&rsquo;oeil de taureau : une pierre qui r\u00e9gule l&rsquo;\u00e9nergie<\/h1>\n<p>Voici un galet plat d&rsquo;oeil de taureau : il a une taille parfaite pour le garder dans sa poche, dans un sac, un cartable ou dans une chambre (sur une commode, une table de chevet). Il n&rsquo;est ni trop grand, ni trop petit, pour un enfant ou un adulte. Juste la taille id\u00e9ale pour profiter de ses bienfaits.<\/p>\n<ul>\n<li>Taille du galet : environ 2,5cm x 3,5cm<\/li>\n<li>Poids : entre 18 et 30g selon la forme<\/li>\n<li>Origine : Br\u00e9sil<\/li>\n<\/ul>\n<p>Chaque pierre est naturelle donc la forme comme la couleur peut varier. Chaque exemplaire est donc totalement unique et celui que vous recevrez est celui qui vous \u00e9tait destin\u00e9&#8230; La pierre de taureau ou de boeuf peut avoir des teintes variables, mais elle rest souvent marron-noire avec des reflets intenses rouges.<\/p>\n<h2>L&rsquo;oeil de taureau, une pierre qui donne de la force<\/h2>\n<p>L&rsquo;oeil de taureau (ou de boeuf) est un min\u00e9ral tr\u00e8s int\u00e9ressant en lithoth\u00e9rapie. C&rsquo;est une pierre d&rsquo;endurance et de vitalit\u00e9, mais pas seulement : )<\/p>\n<p>Proche de l&rsquo;oeil de tigre ou encore de l&rsquo;oeil de faucon, elle se distingue par sa couleurs mais aussi ses bienfaits. Voici donc une liste de ses bienfaits :<\/p>\n<ul class=\"i8Z77e\">\n<li>L&rsquo;oeil de taureau est source de confiance en soi et de charisme. Il est associ\u00e9 au chakra du plexus solaire.<\/li>\n<li>Apporte courage et force int\u00e9rieure<\/li>\n<li>Soulage le c\u0153ur du deuil, apporte apaisement et r\u00e9silience<\/li>\n<li>Donne le pouvoir de surmonter avec calme et s\u00e9r\u00e9nit\u00e9 les \u00e9preuves difficiles de la vie<\/li>\n<li>Apaise le mental et tranquillise les personnes nerveuses et stress\u00e9es<\/li>\n<li>D\u00e9veloppe l&rsquo;instinct de survie<\/li>\n<li>Aide \u00e0 se d\u00e9barrasser des peurs, des craintes non fond\u00e9es, de la parano\u00efa<\/li>\n<li>Pierre des sportifs, elle apporte force physique, d\u00e9veloppe l&rsquo;endurance<\/li>\n<li>Aide \u00e0 restaurer la souplesse des os et des muscles<\/li>\n<li>Aide \u00e0 la bonne digestion, \u00e9vite les aigreurs d&rsquo;estomac<\/li>\n<\/ul>\n<blockquote><p>L&rsquo;oeil de taureau, est une excellente pierre pour les sportifs, mais il permet aussi et surtout de garder confiance, de se battre avec force et courage et de garder la t\u00eate haute. Pierre tr\u00e8s positive, elle vous sera utile si vous \u00eates dans une p\u00e9riode de changements ou de difficult\u00e9s.<\/p><\/blockquote>\n","protected":false},"excerpt":{"rendered":"<p>Galet plat d&rsquo;oeil de taureau (encore appel\u00e9 oeil de boeuf). Pierre polie originaire du Br\u00e9sil, \u00e0 garder dans sa poche, un sac ou dans sa chambre. La pierre d&rsquo;oeil de taureau est une pierre de force, qui aide \u00e0 traverser les \u00e9venements difficiles de la vie.<\/p>\n","protected":false},"featured_media":57747,"comment_status":"open","ping_status":"closed","template":"","meta":[],"product_brand":[],"product_cat":[25,1997,26],"product_tag":[],"class_list":{"0":"post-52070","1":"product","2":"type-product","3":"status-publish","4":"has-post-thumbnail","6":"product_cat-accessoires","7":"product_cat-mineraux","8":"product_cat-pierres-naturelles","10":"first","11":"instock","12":"shipping-taxable","13":"purchasable","14":"product-type-simple"},"acf":[],"yoast_head":"<!-- This site is optimized with the Yoast SEO plugin v27.4 - https:\/\/yoast.com\/product\/yoast-seo-wordpress\/ -->\n<title>Galet Plat d&#039;Oeil de Taureau - Ma Peste Ador\u00e9e<\/title>\n<meta name=\"description\" content=\"Galet plat d&#039;oeil de Taureau ou de Boeuf : c&#039;est une pierre de force, d&#039;endurance mais aussi de charisme et de confiance en soi\" \/>\n<meta name=\"robots\" content=\"index, follow, max-snippet:-1, max-image-preview:large, max-video-preview:-1\" \/>\n<link rel=\"canonical\" href=\"https:\/\/www.mapesteadoree.fr\/boutique\/bijoux\/galet-plat-doeil-de-taureau\/\" \/>\n<meta property=\"og:locale\" content=\"fr_FR\" \/>\n<meta property=\"og:type\" content=\"article\" \/>\n<meta property=\"og:title\" content=\"Galet Plat d&#039;Oeil de Taureau - Ma Peste Ador\u00e9e\" \/>\n<meta property=\"og:description\" content=\"Galet plat d&#039;oeil de Taureau ou de Boeuf : c&#039;est une pierre de force, d&#039;endurance mais aussi de charisme et de confiance en soi\" \/>\n<meta property=\"og:url\" content=\"https:\/\/www.mapesteadoree.fr\/boutique\/bijoux\/galet-plat-doeil-de-taureau\/\" \/>\n<meta property=\"og:site_name\" content=\"Ma Peste Ador\u00e9e\" \/>\n<meta property=\"article:modified_time\" content=\"2025-08-21T08:13:09+00:00\" \/>\n<meta property=\"og:image\" content=\"https:\/\/www.mapesteadoree.fr\/boutique\/wp-content\/uploads\/2024\/02\/galet-oeil-taureau-vertus-2.jpg\" \/>\n\t<meta property=\"og:image:width\" content=\"1500\" \/>\n\t<meta property=\"og:image:height\" content=\"1500\" \/>\n\t<meta property=\"og:image:type\" content=\"image\/jpeg\" \/>\n<meta name=\"twitter:card\" content=\"summary_large_image\" \/>\n<meta name=\"twitter:label1\" content=\"Dur\u00e9e de lecture estim\u00e9e\" \/>\n\t<meta name=\"twitter:data1\" content=\"2 minutes\" \/>\n<script type=\"application\/ld+json\" class=\"yoast-schema-graph\">{\"@context\":\"https:\\\/\\\/schema.org\",\"@graph\":[{\"@type\":\"WebPage\",\"@id\":\"https:\\\/\\\/www.mapesteadoree.fr\\\/boutique\\\/bijoux\\\/galet-plat-doeil-de-taureau\\\/\",\"url\":\"https:\\\/\\\/www.mapesteadoree.fr\\\/boutique\\\/bijoux\\\/galet-plat-doeil-de-taureau\\\/\",\"name\":\"Galet Plat d'Oeil de Taureau - Ma Peste Ador\u00e9e\",\"isPartOf\":{\"@id\":\"https:\\\/\\\/www.mapesteadoree.fr\\\/boutique\\\/#website\"},\"primaryImageOfPage\":{\"@id\":\"https:\\\/\\\/www.mapesteadoree.fr\\\/boutique\\\/bijoux\\\/galet-plat-doeil-de-taureau\\\/#primaryimage\"},\"image\":{\"@id\":\"https:\\\/\\\/www.mapesteadoree.fr\\\/boutique\\\/bijoux\\\/galet-plat-doeil-de-taureau\\\/#primaryimage\"},\"thumbnailUrl\":\"https:\\\/\\\/www.mapesteadoree.fr\\\/boutique\\\/wp-content\\\/uploads\\\/2024\\\/02\\\/galet-oeil-taureau-vertus-2.jpg\",\"datePublished\":\"2024-02-27T09:11:07+00:00\",\"dateModified\":\"2025-08-21T08:13:09+00:00\",\"description\":\"Galet plat d'oeil de Taureau ou de Boeuf : c'est une pierre de force, d'endurance mais aussi de charisme et de confiance en soi\",\"breadcrumb\":{\"@id\":\"https:\\\/\\\/www.mapesteadoree.fr\\\/boutique\\\/bijoux\\\/galet-plat-doeil-de-taureau\\\/#breadcrumb\"},\"inLanguage\":\"fr-FR\",\"potentialAction\":[{\"@type\":\"ReadAction\",\"target\":[\"https:\\\/\\\/www.mapesteadoree.fr\\\/boutique\\\/bijoux\\\/galet-plat-doeil-de-taureau\\\/\"]}]},{\"@type\":\"ImageObject\",\"inLanguage\":\"fr-FR\",\"@id\":\"https:\\\/\\\/www.mapesteadoree.fr\\\/boutique\\\/bijoux\\\/galet-plat-doeil-de-taureau\\\/#primaryimage\",\"url\":\"https:\\\/\\\/www.mapesteadoree.fr\\\/boutique\\\/wp-content\\\/uploads\\\/2024\\\/02\\\/galet-oeil-taureau-vertus-2.jpg\",\"contentUrl\":\"https:\\\/\\\/www.mapesteadoree.fr\\\/boutique\\\/wp-content\\\/uploads\\\/2024\\\/02\\\/galet-oeil-taureau-vertus-2.jpg\",\"width\":1500,\"height\":1500,\"caption\":\"Galet plat d'oeil de taureau\"},{\"@type\":\"BreadcrumbList\",\"@id\":\"https:\\\/\\\/www.mapesteadoree.fr\\\/boutique\\\/bijoux\\\/galet-plat-doeil-de-taureau\\\/#breadcrumb\",\"itemListElement\":[{\"@type\":\"ListItem\",\"position\":1,\"name\":\"Accueil\",\"item\":\"https:\\\/\\\/www.mapesteadoree.fr\\\/boutique\\\/\"},{\"@type\":\"ListItem\",\"position\":2,\"name\":\"Boutique de bijoux uniques en pierres naturelles\",\"item\":\"https:\\\/\\\/www.mapesteadoree.fr\\\/boutique\\\/\"},{\"@type\":\"ListItem\",\"position\":3,\"name\":\"Galet Plat d&rsquo;Oeil de Taureau\"}]},{\"@type\":\"WebSite\",\"@id\":\"https:\\\/\\\/www.mapesteadoree.fr\\\/boutique\\\/#website\",\"url\":\"https:\\\/\\\/www.mapesteadoree.fr\\\/boutique\\\/\",\"name\":\"Ma Peste Ador\u00e9e\",\"description\":\"\",\"publisher\":{\"@id\":\"https:\\\/\\\/www.mapesteadoree.fr\\\/boutique\\\/#organization\"},\"potentialAction\":[{\"@type\":\"SearchAction\",\"target\":{\"@type\":\"EntryPoint\",\"urlTemplate\":\"https:\\\/\\\/www.mapesteadoree.fr\\\/boutique\\\/?s={search_term_string}\"},\"query-input\":{\"@type\":\"PropertyValueSpecification\",\"valueRequired\":true,\"valueName\":\"search_term_string\"}}],\"inLanguage\":\"fr-FR\"},{\"@type\":\"Organization\",\"@id\":\"https:\\\/\\\/www.mapesteadoree.fr\\\/boutique\\\/#organization\",\"name\":\"Ma Peste Ador\u00e9e\",\"url\":\"https:\\\/\\\/www.mapesteadoree.fr\\\/boutique\\\/\",\"logo\":{\"@type\":\"ImageObject\",\"inLanguage\":\"fr-FR\",\"@id\":\"https:\\\/\\\/www.mapesteadoree.fr\\\/boutique\\\/#\\\/schema\\\/logo\\\/image\\\/\",\"url\":\"https:\\\/\\\/www.mapesteadoree.fr\\\/boutique\\\/wp-content\\\/uploads\\\/2024\\\/10\\\/cropped-logo-mpa-2024.png\",\"contentUrl\":\"https:\\\/\\\/www.mapesteadoree.fr\\\/boutique\\\/wp-content\\\/uploads\\\/2024\\\/10\\\/cropped-logo-mpa-2024.png\",\"width\":470,\"height\":110,\"caption\":\"Ma Peste Ador\u00e9e\"},\"image\":{\"@id\":\"https:\\\/\\\/www.mapesteadoree.fr\\\/boutique\\\/#\\\/schema\\\/logo\\\/image\\\/\"}}]}<\/script>\n<!-- \/ Yoast SEO plugin. -->","yoast_head_json":{"title":"Galet Plat d'Oeil de Taureau - Ma Peste Ador\u00e9e","description":"Galet plat d'oeil de Taureau ou de Boeuf : c'est une pierre de force, d'endurance mais aussi de charisme et de confiance en soi","robots":{"index":"index","follow":"follow","max-snippet":"max-snippet:-1","max-image-preview":"max-image-preview:large","max-video-preview":"max-video-preview:-1"},"canonical":"https:\/\/www.mapesteadoree.fr\/boutique\/bijoux\/galet-plat-doeil-de-taureau\/","og_locale":"fr_FR","og_type":"article","og_title":"Galet Plat d'Oeil de Taureau - Ma Peste Ador\u00e9e","og_description":"Galet plat d'oeil de Taureau ou de Boeuf : c'est une pierre de force, d'endurance mais aussi de charisme et de confiance en soi","og_url":"https:\/\/www.mapesteadoree.fr\/boutique\/bijoux\/galet-plat-doeil-de-taureau\/","og_site_name":"Ma Peste Ador\u00e9e","article_modified_time":"2025-08-21T08:13:09+00:00","og_image":[{"width":1500,"height":1500,"url":"https:\/\/www.mapesteadoree.fr\/boutique\/wp-content\/uploads\/2024\/02\/galet-oeil-taureau-vertus-2.jpg","type":"image\/jpeg"}],"twitter_card":"summary_large_image","twitter_misc":{"Dur\u00e9e de lecture estim\u00e9e":"2 minutes"},"schema":{"@context":"https:\/\/schema.org","@graph":[{"@type":"WebPage","@id":"https:\/\/www.mapesteadoree.fr\/boutique\/bijoux\/galet-plat-doeil-de-taureau\/","url":"https:\/\/www.mapesteadoree.fr\/boutique\/bijoux\/galet-plat-doeil-de-taureau\/","name":"Galet Plat d'Oeil de Taureau - Ma Peste Ador\u00e9e","isPartOf":{"@id":"https:\/\/www.mapesteadoree.fr\/boutique\/#website"},"primaryImageOfPage":{"@id":"https:\/\/www.mapesteadoree.fr\/boutique\/bijoux\/galet-plat-doeil-de-taureau\/#primaryimage"},"image":{"@id":"https:\/\/www.mapesteadoree.fr\/boutique\/bijoux\/galet-plat-doeil-de-taureau\/#primaryimage"},"thumbnailUrl":"https:\/\/www.mapesteadoree.fr\/boutique\/wp-content\/uploads\/2024\/02\/galet-oeil-taureau-vertus-2.jpg","datePublished":"2024-02-27T09:11:07+00:00","dateModified":"2025-08-21T08:13:09+00:00","description":"Galet plat d'oeil de Taureau ou de Boeuf : c'est une pierre de force, d'endurance mais aussi de charisme et de confiance en soi","breadcrumb":{"@id":"https:\/\/www.mapesteadoree.fr\/boutique\/bijoux\/galet-plat-doeil-de-taureau\/#breadcrumb"},"inLanguage":"fr-FR","potentialAction":[{"@type":"ReadAction","target":["https:\/\/www.mapesteadoree.fr\/boutique\/bijoux\/galet-plat-doeil-de-taureau\/"]}]},{"@type":"ImageObject","inLanguage":"fr-FR","@id":"https:\/\/www.mapesteadoree.fr\/boutique\/bijoux\/galet-plat-doeil-de-taureau\/#primaryimage","url":"https:\/\/www.mapesteadoree.fr\/boutique\/wp-content\/uploads\/2024\/02\/galet-oeil-taureau-vertus-2.jpg","contentUrl":"https:\/\/www.mapesteadoree.fr\/boutique\/wp-content\/uploads\/2024\/02\/galet-oeil-taureau-vertus-2.jpg","width":1500,"height":1500,"caption":"Galet plat d'oeil de taureau"},{"@type":"BreadcrumbList","@id":"https:\/\/www.mapesteadoree.fr\/boutique\/bijoux\/galet-plat-doeil-de-taureau\/#breadcrumb","itemListElement":[{"@type":"ListItem","position":1,"name":"Accueil","item":"https:\/\/www.mapesteadoree.fr\/boutique\/"},{"@type":"ListItem","position":2,"name":"Boutique de bijoux uniques en pierres naturelles","item":"https:\/\/www.mapesteadoree.fr\/boutique\/"},{"@type":"ListItem","position":3,"name":"Galet Plat d&rsquo;Oeil de Taureau"}]},{"@type":"WebSite","@id":"https:\/\/www.mapesteadoree.fr\/boutique\/#website","url":"https:\/\/www.mapesteadoree.fr\/boutique\/","name":"Ma Peste Ador\u00e9e","description":"","publisher":{"@id":"https:\/\/www.mapesteadoree.fr\/boutique\/#organization"},"potentialAction":[{"@type":"SearchAction","target":{"@type":"EntryPoint","urlTemplate":"https:\/\/www.mapesteadoree.fr\/boutique\/?s={search_term_string}"},"query-input":{"@type":"PropertyValueSpecification","valueRequired":true,"valueName":"search_term_string"}}],"inLanguage":"fr-FR"},{"@type":"Organization","@id":"https:\/\/www.mapesteadoree.fr\/boutique\/#organization","name":"Ma Peste Ador\u00e9e","url":"https:\/\/www.mapesteadoree.fr\/boutique\/","logo":{"@type":"ImageObject","inLanguage":"fr-FR","@id":"https:\/\/www.mapesteadoree.fr\/boutique\/#\/schema\/logo\/image\/","url":"https:\/\/www.mapesteadoree.fr\/boutique\/wp-content\/uploads\/2024\/10\/cropped-logo-mpa-2024.png","contentUrl":"https:\/\/www.mapesteadoree.fr\/boutique\/wp-content\/uploads\/2024\/10\/cropped-logo-mpa-2024.png","width":470,"height":110,"caption":"Ma Peste Ador\u00e9e"},"image":{"@id":"https:\/\/www.mapesteadoree.fr\/boutique\/#\/schema\/logo\/image\/"}}]}},"wcpa_form_fields":null,"_links":{"self":[{"href":"https:\/\/www.mapesteadoree.fr\/boutique\/wp-json\/wp\/v2\/product\/52070","targetHints":{"allow":["GET"]}}],"collection":[{"href":"https:\/\/www.mapesteadoree.fr\/boutique\/wp-json\/wp\/v2\/product"}],"about":[{"href":"https:\/\/www.mapesteadoree.fr\/boutique\/wp-json\/wp\/v2\/types\/product"}],"replies":[{"embeddable":true,"href":"https:\/\/www.mapesteadoree.fr\/boutique\/wp-json\/wp\/v2\/comments?post=52070"}],"wp:featuredmedia":[{"embeddable":true,"href":"https:\/\/www.mapesteadoree.fr\/boutique\/wp-json\/wp\/v2\/media\/57747"}],"wp:attachment":[{"href":"https:\/\/www.mapesteadoree.fr\/boutique\/wp-json\/wp\/v2\/media?parent=52070"}],"wp:term":[{"taxonomy":"product_brand","embeddable":true,"href":"https:\/\/www.mapesteadoree.fr\/boutique\/wp-json\/wp\/v2\/product_brand?post=52070"},{"taxonomy":"product_cat","embeddable":true,"href":"https:\/\/www.mapesteadoree.fr\/boutique\/wp-json\/wp\/v2\/product_cat?post=52070"},{"taxonomy":"product_tag","embeddable":true,"href":"https:\/\/www.mapesteadoree.fr\/boutique\/wp-json\/wp\/v2\/product_tag?post=52070"}],"curies":[{"name":"wp","href":"https:\/\/api.w.org\/{rel}","templated":true}]}}