{"id":51172,"date":"2023-09-14T10:02:59","date_gmt":"2023-09-14T08:02:59","guid":{"rendered":"https:\/\/www.mapesteadoree.fr\/boutique\/?post_type=product&#038;p=51172"},"modified":"2025-11-30T19:08:04","modified_gmt":"2025-11-30T18:08:04","slug":"galet-plat-de-rhodonite","status":"publish","type":"product","link":"https:\/\/www.mapesteadoree.fr\/boutique\/bijoux\/galet-plat-de-rhodonite\/","title":{"rendered":"Galet Plat de Rhodonite"},"content":{"rendered":"<h1>La Rhodonite : une pierre de douceur<\/h1>\n<p>Voici un galet plat de rhodonite \u00a0: il a une taille parfaite pour le garder dans sa poche, dans un sac, un cartable ou dans une chambre (sur une commode, une table de chevet). Il n&rsquo;est ni trop grand, ni trop petit, pour un enfant ou un adulte. Juste la taille id\u00e9ale pour profiter de ses bienfaits.<\/p>\n<ul>\n<li>Taille du galet : environ 3,5-4cm x 4-6cm<\/li>\n<li>Poids : entre 35 et 55g selon la forme<\/li>\n<li>Origine : Br\u00e9sil<\/li>\n<\/ul>\n<p>Chaque pierre est naturelle donc la forme comme la couleur peut varier. Chaque exemplaire est donc totalement unique et celui que vous recevrez est celui qui vous \u00e9tait destin\u00e9&#8230; La pierre de rhodonite est une pierre qui contient du noir ou du rose en quantit\u00e9 variable. Sa couleur est mate, avec des inclusions parfois brunes.<\/p>\n<h2>La rhodonite, un gemme qui gu\u00e9rit<\/h2>\n<p>La rhodonite est un min\u00e9ral qui irradie de douceur et de vibrations qui gu\u00e9rissent l&rsquo;\u00e2me et le corps. Il aide \u00e0 se sentir bien, se sentir mieux, se sentir apais\u00e9.e . Voici une liste de ses bienfaits :<\/p>\n<ul class=\"i8Z77e\">\n<li>La rhodonite est une \u00a0pierre bienveillante et \u00e9quilibrante. Elle est aussi protectrice et r\u00e9paratrice, dans le sens qu&rsquo;elle peut r\u00e9parer un coeur bris\u00e9 ou raviver des sentiments \u00e9teints<\/li>\n<li>C&rsquo;est une pierre g\u00e9niale pour la gu\u00e9rison et la sant\u00e9 \u00e9motionnelle : elle aide \u00e0 comprendre et \u00e0 bien g\u00e9rer ses propres \u00e9motions. Elle permet donc d&rsquo;acc\u00e9der \u00e0 la s\u00e9r\u00e9nit\u00e9 d&rsquo;esprit.<\/li>\n<li>Elle symbolise l&rsquo;amiti\u00e9, elle favorise le pardon et la r\u00e9conciliation. Elle aide \u00e0 r\u00e9soudre les conflits (familiaux, en amour ou en amiti\u00e9)<\/li>\n<li>Cette pierre apaise la jalousie du ou de la conjointe. Gr\u00e2ce \u00e0 son r\u00f4le protecteur, elle apporte de la tendresse et de la douceur<\/li>\n<li>Elle renforce le syst\u00e8me immunitaire, r\u00e9gule la circulation du sang, prot\u00e8ge le c\u0153ur<\/li>\n<li>Lutte contre le stress, les angoisses : elle est parfaite pour\u00a0les personnes nerveuses et anxieuses<\/li>\n<li>La rhodonite est connue pour sa capacit\u00e9 \u00e0 att\u00e9nuer les \u00e9tats de choc suite \u00e0 un accident.<\/li>\n<li>Elle renforce le syst\u00e8me immunitaire pour aider \u00e0 mieux lutter contre les maladies<\/li>\n<li>Elle aide \u00e0 la cicatrisation et la gu\u00e9rison des plaies<\/li>\n<\/ul>\n<blockquote><p>La rhodonite \u00e9quilibre le chakra du coeur. Son nom vient du grec \u00ab rhodon \u00bb, qui signifie rose et encourage le pardon. C&rsquo;est une pierre \u00e0 l&rsquo;\u00e9nergie douce, qui apaise et rend plus sage.<\/p><\/blockquote>\n","protected":false},"excerpt":{"rendered":"<p>Galet plat de rhodonite originaire du Br\u00e9sil. Cette pierre a la taille parfaite \u00a0\u00e0 garder dans la poche ou \u00e0 poser dans une chambre. Cette pierre de couleur rose, noir et marron poss\u00e8de une \u00e9nergie douce et gu\u00e9risseuse, du corps et de l&rsquo;esprit. Elle apaise les sentiments n\u00e9gatifs comme la jalousie, la rancoeur ou l&rsquo;anxi\u00e9t\u00e9. Elle aide aussi \u00e0 pardonner et \u00e0 se r\u00e9concilier avec les gens qu&rsquo;on aime.<\/p>\n","protected":false},"featured_media":57756,"comment_status":"open","ping_status":"closed","template":"","meta":[],"product_brand":[],"product_cat":[25,1997,26],"product_tag":[],"class_list":{"0":"post-51172","1":"product","2":"type-product","3":"status-publish","4":"has-post-thumbnail","6":"product_cat-accessoires","7":"product_cat-mineraux","8":"product_cat-pierres-naturelles","10":"first","11":"outofstock","12":"shipping-taxable","13":"purchasable","14":"product-type-simple"},"acf":[],"yoast_head":"<!-- This site is optimized with the Yoast SEO plugin v27.6 - https:\/\/yoast.com\/product\/yoast-seo-wordpress\/ -->\n<title>Galet Plat de Rhodonite - Ma Peste Ador\u00e9e<\/title>\n<meta name=\"description\" content=\"Galet plat de rhodonite : cette pierre encourage le pardon, \u00e9quilibre les \u00e9motions, apporte calme et s\u00e9r\u00e9nit\u00e9 aux personnes stress\u00e9es\" \/>\n<meta name=\"robots\" content=\"index, follow, max-snippet:-1, max-image-preview:large, max-video-preview:-1\" \/>\n<link rel=\"canonical\" href=\"https:\/\/www.mapesteadoree.fr\/boutique\/bijoux\/galet-plat-de-rhodonite\/\" \/>\n<meta property=\"og:locale\" content=\"fr_FR\" \/>\n<meta property=\"og:type\" content=\"article\" \/>\n<meta property=\"og:title\" content=\"Galet Plat de Rhodonite - Ma Peste Ador\u00e9e\" \/>\n<meta property=\"og:description\" content=\"Galet plat de rhodonite : cette pierre encourage le pardon, \u00e9quilibre les \u00e9motions, apporte calme et s\u00e9r\u00e9nit\u00e9 aux personnes stress\u00e9es\" \/>\n<meta property=\"og:url\" content=\"https:\/\/www.mapesteadoree.fr\/boutique\/bijoux\/galet-plat-de-rhodonite\/\" \/>\n<meta property=\"og:site_name\" content=\"Ma Peste Ador\u00e9e\" \/>\n<meta property=\"article:modified_time\" content=\"2025-11-30T18:08:04+00:00\" \/>\n<meta property=\"og:image\" content=\"https:\/\/www.mapesteadoree.fr\/boutique\/wp-content\/uploads\/2024\/02\/rhodonite-proprietes.jpg\" \/>\n\t<meta property=\"og:image:width\" content=\"1200\" \/>\n\t<meta property=\"og:image:height\" content=\"1200\" \/>\n\t<meta property=\"og:image:type\" content=\"image\/jpeg\" \/>\n<meta name=\"twitter:card\" content=\"summary_large_image\" \/>\n<meta name=\"twitter:label1\" content=\"Dur\u00e9e de lecture estim\u00e9e\" \/>\n\t<meta name=\"twitter:data1\" content=\"2 minutes\" \/>\n<script type=\"application\/ld+json\" class=\"yoast-schema-graph\">{\"@context\":\"https:\\\/\\\/schema.org\",\"@graph\":[{\"@type\":\"WebPage\",\"@id\":\"https:\\\/\\\/www.mapesteadoree.fr\\\/boutique\\\/bijoux\\\/galet-plat-de-rhodonite\\\/\",\"url\":\"https:\\\/\\\/www.mapesteadoree.fr\\\/boutique\\\/bijoux\\\/galet-plat-de-rhodonite\\\/\",\"name\":\"Galet Plat de Rhodonite - Ma Peste Ador\u00e9e\",\"isPartOf\":{\"@id\":\"https:\\\/\\\/www.mapesteadoree.fr\\\/boutique\\\/#website\"},\"primaryImageOfPage\":{\"@id\":\"https:\\\/\\\/www.mapesteadoree.fr\\\/boutique\\\/bijoux\\\/galet-plat-de-rhodonite\\\/#primaryimage\"},\"image\":{\"@id\":\"https:\\\/\\\/www.mapesteadoree.fr\\\/boutique\\\/bijoux\\\/galet-plat-de-rhodonite\\\/#primaryimage\"},\"thumbnailUrl\":\"https:\\\/\\\/www.mapesteadoree.fr\\\/boutique\\\/wp-content\\\/uploads\\\/2024\\\/02\\\/rhodonite-proprietes.jpg\",\"datePublished\":\"2023-09-14T08:02:59+00:00\",\"dateModified\":\"2025-11-30T18:08:04+00:00\",\"description\":\"Galet plat de rhodonite : cette pierre encourage le pardon, \u00e9quilibre les \u00e9motions, apporte calme et s\u00e9r\u00e9nit\u00e9 aux personnes stress\u00e9es\",\"breadcrumb\":{\"@id\":\"https:\\\/\\\/www.mapesteadoree.fr\\\/boutique\\\/bijoux\\\/galet-plat-de-rhodonite\\\/#breadcrumb\"},\"inLanguage\":\"fr-FR\",\"potentialAction\":[{\"@type\":\"ReadAction\",\"target\":[\"https:\\\/\\\/www.mapesteadoree.fr\\\/boutique\\\/bijoux\\\/galet-plat-de-rhodonite\\\/\"]}]},{\"@type\":\"ImageObject\",\"inLanguage\":\"fr-FR\",\"@id\":\"https:\\\/\\\/www.mapesteadoree.fr\\\/boutique\\\/bijoux\\\/galet-plat-de-rhodonite\\\/#primaryimage\",\"url\":\"https:\\\/\\\/www.mapesteadoree.fr\\\/boutique\\\/wp-content\\\/uploads\\\/2024\\\/02\\\/rhodonite-proprietes.jpg\",\"contentUrl\":\"https:\\\/\\\/www.mapesteadoree.fr\\\/boutique\\\/wp-content\\\/uploads\\\/2024\\\/02\\\/rhodonite-proprietes.jpg\",\"width\":1200,\"height\":1200,\"caption\":\"Galet plat de rhodonite\"},{\"@type\":\"BreadcrumbList\",\"@id\":\"https:\\\/\\\/www.mapesteadoree.fr\\\/boutique\\\/bijoux\\\/galet-plat-de-rhodonite\\\/#breadcrumb\",\"itemListElement\":[{\"@type\":\"ListItem\",\"position\":1,\"name\":\"Accueil\",\"item\":\"https:\\\/\\\/www.mapesteadoree.fr\\\/boutique\\\/\"},{\"@type\":\"ListItem\",\"position\":2,\"name\":\"Boutique de bijoux uniques en pierres naturelles\",\"item\":\"https:\\\/\\\/www.mapesteadoree.fr\\\/boutique\\\/\"},{\"@type\":\"ListItem\",\"position\":3,\"name\":\"Galet Plat de Rhodonite\"}]},{\"@type\":\"WebSite\",\"@id\":\"https:\\\/\\\/www.mapesteadoree.fr\\\/boutique\\\/#website\",\"url\":\"https:\\\/\\\/www.mapesteadoree.fr\\\/boutique\\\/\",\"name\":\"Ma Peste Ador\u00e9e\",\"description\":\"\",\"publisher\":{\"@id\":\"https:\\\/\\\/www.mapesteadoree.fr\\\/boutique\\\/#organization\"},\"potentialAction\":[{\"@type\":\"SearchAction\",\"target\":{\"@type\":\"EntryPoint\",\"urlTemplate\":\"https:\\\/\\\/www.mapesteadoree.fr\\\/boutique\\\/?s={search_term_string}\"},\"query-input\":{\"@type\":\"PropertyValueSpecification\",\"valueRequired\":true,\"valueName\":\"search_term_string\"}}],\"inLanguage\":\"fr-FR\"},{\"@type\":\"Organization\",\"@id\":\"https:\\\/\\\/www.mapesteadoree.fr\\\/boutique\\\/#organization\",\"name\":\"Ma Peste Ador\u00e9e\",\"url\":\"https:\\\/\\\/www.mapesteadoree.fr\\\/boutique\\\/\",\"logo\":{\"@type\":\"ImageObject\",\"inLanguage\":\"fr-FR\",\"@id\":\"https:\\\/\\\/www.mapesteadoree.fr\\\/boutique\\\/#\\\/schema\\\/logo\\\/image\\\/\",\"url\":\"https:\\\/\\\/www.mapesteadoree.fr\\\/boutique\\\/wp-content\\\/uploads\\\/2024\\\/10\\\/cropped-logo-mpa-2024.png\",\"contentUrl\":\"https:\\\/\\\/www.mapesteadoree.fr\\\/boutique\\\/wp-content\\\/uploads\\\/2024\\\/10\\\/cropped-logo-mpa-2024.png\",\"width\":470,\"height\":110,\"caption\":\"Ma Peste Ador\u00e9e\"},\"image\":{\"@id\":\"https:\\\/\\\/www.mapesteadoree.fr\\\/boutique\\\/#\\\/schema\\\/logo\\\/image\\\/\"}}]}<\/script>\n<!-- \/ Yoast SEO plugin. -->","yoast_head_json":{"title":"Galet Plat de Rhodonite - Ma Peste Ador\u00e9e","description":"Galet plat de rhodonite : cette pierre encourage le pardon, \u00e9quilibre les \u00e9motions, apporte calme et s\u00e9r\u00e9nit\u00e9 aux personnes stress\u00e9es","robots":{"index":"index","follow":"follow","max-snippet":"max-snippet:-1","max-image-preview":"max-image-preview:large","max-video-preview":"max-video-preview:-1"},"canonical":"https:\/\/www.mapesteadoree.fr\/boutique\/bijoux\/galet-plat-de-rhodonite\/","og_locale":"fr_FR","og_type":"article","og_title":"Galet Plat de Rhodonite - Ma Peste Ador\u00e9e","og_description":"Galet plat de rhodonite : cette pierre encourage le pardon, \u00e9quilibre les \u00e9motions, apporte calme et s\u00e9r\u00e9nit\u00e9 aux personnes stress\u00e9es","og_url":"https:\/\/www.mapesteadoree.fr\/boutique\/bijoux\/galet-plat-de-rhodonite\/","og_site_name":"Ma Peste Ador\u00e9e","article_modified_time":"2025-11-30T18:08:04+00:00","og_image":[{"width":1200,"height":1200,"url":"https:\/\/www.mapesteadoree.fr\/boutique\/wp-content\/uploads\/2024\/02\/rhodonite-proprietes.jpg","type":"image\/jpeg"}],"twitter_card":"summary_large_image","twitter_misc":{"Dur\u00e9e de lecture estim\u00e9e":"2 minutes"},"schema":{"@context":"https:\/\/schema.org","@graph":[{"@type":"WebPage","@id":"https:\/\/www.mapesteadoree.fr\/boutique\/bijoux\/galet-plat-de-rhodonite\/","url":"https:\/\/www.mapesteadoree.fr\/boutique\/bijoux\/galet-plat-de-rhodonite\/","name":"Galet Plat de Rhodonite - Ma Peste Ador\u00e9e","isPartOf":{"@id":"https:\/\/www.mapesteadoree.fr\/boutique\/#website"},"primaryImageOfPage":{"@id":"https:\/\/www.mapesteadoree.fr\/boutique\/bijoux\/galet-plat-de-rhodonite\/#primaryimage"},"image":{"@id":"https:\/\/www.mapesteadoree.fr\/boutique\/bijoux\/galet-plat-de-rhodonite\/#primaryimage"},"thumbnailUrl":"https:\/\/www.mapesteadoree.fr\/boutique\/wp-content\/uploads\/2024\/02\/rhodonite-proprietes.jpg","datePublished":"2023-09-14T08:02:59+00:00","dateModified":"2025-11-30T18:08:04+00:00","description":"Galet plat de rhodonite : cette pierre encourage le pardon, \u00e9quilibre les \u00e9motions, apporte calme et s\u00e9r\u00e9nit\u00e9 aux personnes stress\u00e9es","breadcrumb":{"@id":"https:\/\/www.mapesteadoree.fr\/boutique\/bijoux\/galet-plat-de-rhodonite\/#breadcrumb"},"inLanguage":"fr-FR","potentialAction":[{"@type":"ReadAction","target":["https:\/\/www.mapesteadoree.fr\/boutique\/bijoux\/galet-plat-de-rhodonite\/"]}]},{"@type":"ImageObject","inLanguage":"fr-FR","@id":"https:\/\/www.mapesteadoree.fr\/boutique\/bijoux\/galet-plat-de-rhodonite\/#primaryimage","url":"https:\/\/www.mapesteadoree.fr\/boutique\/wp-content\/uploads\/2024\/02\/rhodonite-proprietes.jpg","contentUrl":"https:\/\/www.mapesteadoree.fr\/boutique\/wp-content\/uploads\/2024\/02\/rhodonite-proprietes.jpg","width":1200,"height":1200,"caption":"Galet plat de rhodonite"},{"@type":"BreadcrumbList","@id":"https:\/\/www.mapesteadoree.fr\/boutique\/bijoux\/galet-plat-de-rhodonite\/#breadcrumb","itemListElement":[{"@type":"ListItem","position":1,"name":"Accueil","item":"https:\/\/www.mapesteadoree.fr\/boutique\/"},{"@type":"ListItem","position":2,"name":"Boutique de bijoux uniques en pierres naturelles","item":"https:\/\/www.mapesteadoree.fr\/boutique\/"},{"@type":"ListItem","position":3,"name":"Galet Plat de Rhodonite"}]},{"@type":"WebSite","@id":"https:\/\/www.mapesteadoree.fr\/boutique\/#website","url":"https:\/\/www.mapesteadoree.fr\/boutique\/","name":"Ma Peste Ador\u00e9e","description":"","publisher":{"@id":"https:\/\/www.mapesteadoree.fr\/boutique\/#organization"},"potentialAction":[{"@type":"SearchAction","target":{"@type":"EntryPoint","urlTemplate":"https:\/\/www.mapesteadoree.fr\/boutique\/?s={search_term_string}"},"query-input":{"@type":"PropertyValueSpecification","valueRequired":true,"valueName":"search_term_string"}}],"inLanguage":"fr-FR"},{"@type":"Organization","@id":"https:\/\/www.mapesteadoree.fr\/boutique\/#organization","name":"Ma Peste Ador\u00e9e","url":"https:\/\/www.mapesteadoree.fr\/boutique\/","logo":{"@type":"ImageObject","inLanguage":"fr-FR","@id":"https:\/\/www.mapesteadoree.fr\/boutique\/#\/schema\/logo\/image\/","url":"https:\/\/www.mapesteadoree.fr\/boutique\/wp-content\/uploads\/2024\/10\/cropped-logo-mpa-2024.png","contentUrl":"https:\/\/www.mapesteadoree.fr\/boutique\/wp-content\/uploads\/2024\/10\/cropped-logo-mpa-2024.png","width":470,"height":110,"caption":"Ma Peste Ador\u00e9e"},"image":{"@id":"https:\/\/www.mapesteadoree.fr\/boutique\/#\/schema\/logo\/image\/"}}]}},"wcpa_form_fields":null,"_links":{"self":[{"href":"https:\/\/www.mapesteadoree.fr\/boutique\/wp-json\/wp\/v2\/product\/51172","targetHints":{"allow":["GET"]}}],"collection":[{"href":"https:\/\/www.mapesteadoree.fr\/boutique\/wp-json\/wp\/v2\/product"}],"about":[{"href":"https:\/\/www.mapesteadoree.fr\/boutique\/wp-json\/wp\/v2\/types\/product"}],"replies":[{"embeddable":true,"href":"https:\/\/www.mapesteadoree.fr\/boutique\/wp-json\/wp\/v2\/comments?post=51172"}],"wp:featuredmedia":[{"embeddable":true,"href":"https:\/\/www.mapesteadoree.fr\/boutique\/wp-json\/wp\/v2\/media\/57756"}],"wp:attachment":[{"href":"https:\/\/www.mapesteadoree.fr\/boutique\/wp-json\/wp\/v2\/media?parent=51172"}],"wp:term":[{"taxonomy":"product_brand","embeddable":true,"href":"https:\/\/www.mapesteadoree.fr\/boutique\/wp-json\/wp\/v2\/product_brand?post=51172"},{"taxonomy":"product_cat","embeddable":true,"href":"https:\/\/www.mapesteadoree.fr\/boutique\/wp-json\/wp\/v2\/product_cat?post=51172"},{"taxonomy":"product_tag","embeddable":true,"href":"https:\/\/www.mapesteadoree.fr\/boutique\/wp-json\/wp\/v2\/product_tag?post=51172"}],"curies":[{"name":"wp","href":"https:\/\/api.w.org\/{rel}","templated":true}]}}