{"id":51171,"date":"2023-09-14T09:35:33","date_gmt":"2023-09-14T07:35:33","guid":{"rendered":"https:\/\/www.mapesteadoree.fr\/boutique\/?post_type=product&#038;p=51171"},"modified":"2025-12-16T14:00:22","modified_gmt":"2025-12-16T13:00:22","slug":"galet-plat-quartz-fume","status":"publish","type":"product","link":"https:\/\/www.mapesteadoree.fr\/boutique\/bijoux\/galet-plat-quartz-fume\/","title":{"rendered":"Galet Plat de quartz fum\u00e9"},"content":{"rendered":"<h1>Le quartz fum\u00e9 : une pierre d&rsquo;\u00e9quilibre<\/h1>\n<p>Voici un galet plat de quartz fum\u00e9 \u00a0: il a une taille parfaite pour le garder dans sa poche, dans un sac, un cartable ou dans une chambre (sur une commode, une table de chevet). Il n&rsquo;est ni trop grand, ni trop petit, pour un enfant ou un adulte. Juste la taille id\u00e9ale pour profiter de ses bienfaits.<\/p>\n<ul>\n<li>Taille du galet : environ 3,5-4cm x 4-6cm<\/li>\n<li>Poids : entre 35 et 55g selon la forme<\/li>\n<li>Origine : Br\u00e9sil<\/li>\n<\/ul>\n<p>Chaque pierre est naturelle donc la forme comme la couleur peut varier. Chaque exemplaire est donc totalement unique et celui que vous recevrez est celui qui vous \u00e9tait destin\u00e9&#8230; La pierre de quartz fum\u00e9 est une pierre translucide de couleur marron, tr\u00e8s belle. Elle peut pr\u00e9senter des irr\u00e9gularit\u00e9s, mais assez peu au final.<\/p>\n<p><i>Le gemme de quartz fum\u00e9 sont des pierres de centrage, d&rsquo;ancrage et\u00a0\u00e9quilibre. Il encourage \u00e0 surmonter ses peurs, ses inqui\u00e9tudes mais aussi ses addictions, pour aller vers la vie souhait\u00e9e. C&rsquo;est une pierre de remise en question, qui apaise les angoisses, le stress, aide \u00e0 prendre\u00a0confiance en soi et \u00e0 se lancer, \u00e0 faire des choix.<\/i><\/p>\n<h2>Le quartz fum\u00e9 aide \u00e0 lutter contre les peurs et les addictions<\/h2>\n<p>Le quartz fum\u00e9 est un min\u00e9ral avec des vertus tr\u00e8s int\u00e9ressantes. Il aide dans de nombreuses situations, tr\u00e8s diff\u00e9rentes . Voici une liste de ses bienfaits :<\/p>\n<ul class=\"i8Z77e\">\n<li>Pierre d&rsquo;ancrage \u00e0 la Terre et d&rsquo;\u00e9quilibre, il permet de stabiliser les \u00e9motions, de se sentir enfin \u00e0 sa place<\/li>\n<li>Le quartz fum\u00e9 aide \u00e0 prendre conscience de la r\u00e9alit\u00e9 autour de nous, de voir le verre \u00e0 moiti\u00e9 plein plut\u00f4t qu&rsquo;\u00e0 moiti\u00e9 vide.<\/li>\n<li>Il chasse les id\u00e9es noires, les inqui\u00e9tudes, les angoisses et les peurs \u00a0irrationnelles (les peurs des enfants par exemple : voleur, monstre, nuit noire etc&#8230;)<\/li>\n<li>En cas de situation compliqu\u00e9, d&rsquo;obstacle, il donne la force et le courage d&rsquo;affronter les \u00e9v\u00e9nements \u00a0et de prendre les d\u00e9cisions qui s&rsquo;imposent. C&rsquo;est une\u00a0Pierre de responsabilit\u00e9.<\/li>\n<li>C&rsquo;est une pierre d&rsquo;incarnation, c&rsquo;est \u00e0 dire qu&rsquo;elle aide \u00e0 accepter son corps physique.<\/li>\n<li>Pierre de clairvoyance, elle a le pouvoir d&#8217;emp\u00eacher les ruminations, pour \u00a0obtenir une vision plus claire et plus lucide de soi-m\u00eame et des autres<\/li>\n<li>Le quartz fum\u00e9\u00a0est aussi un \u00a0alli\u00e9 pour les personnes qui ont une ou plusieurs addictions : tabac, alcool, drogues.\u00a0Il aide \u00e0 combattre les envies additionnelles, il aide \u00e0 trouver la force de ne pas recommencer \/ replonger<\/li>\n<li>C&rsquo;est une pierre qui est particuli\u00e8rement recommand\u00e9 aux <em>th\u00e9rapeutes<\/em>. Avec leur travail sur l&rsquo;aura, il permet de restructurer les corps \u00e9motionnels et mentaux des patients.<\/li>\n<\/ul>\n<blockquote><p>Le quartz fum\u00e9 est donc une pierre de v\u00e9rit\u00e9, qui aide \u00e0 voir les choses en face, de voir la r\u00e9alit\u00e9. Il aide aussi \u00e0 trouver le courage de passer au-del\u00e0, afin d&rsquo;\u00eatre apais\u00e9.e<\/p><\/blockquote>\n","protected":false},"excerpt":{"rendered":"<p>Galet plat de quartz fum\u00e9, originaire du Br\u00e9sil. Cette pierre a la taille parfaite \u00a0\u00e0 garder dans la poche ou \u00e0 poser dans une chambre. Cette pierre couleur brun translucide est une pierre qui aide \u00e0 combrattre le stress, mais aussi les angoisses et les peurs irraisonn\u00e9es des enfants comme des adultes. elle aide aussi \u00e0 combattre les d\u00e9pendances.<\/p>\n","protected":false},"featured_media":57754,"comment_status":"open","ping_status":"closed","template":"","meta":[],"product_brand":[],"product_cat":[25,1997,26],"product_tag":[],"class_list":{"0":"post-51171","1":"product","2":"type-product","3":"status-publish","4":"has-post-thumbnail","6":"product_cat-accessoires","7":"product_cat-mineraux","8":"product_cat-pierres-naturelles","10":"first","11":"instock","12":"shipping-taxable","13":"purchasable","14":"product-type-simple"},"acf":[],"yoast_head":"<!-- This site is optimized with the Yoast SEO plugin v27.6 - https:\/\/yoast.com\/product\/yoast-seo-wordpress\/ -->\n<title>Galet Plat de quartz fum\u00e9 - Ma Peste Ador\u00e9e<\/title>\n<meta name=\"description\" content=\"Galet plat de quartz fum\u00e9 : une pierre naturelle qui aide \u00e0 surmonter stress, angoisses, inqui\u00e9tudes, peur irrationnelles et addictions\" \/>\n<meta name=\"robots\" content=\"index, follow, max-snippet:-1, max-image-preview:large, max-video-preview:-1\" \/>\n<link rel=\"canonical\" href=\"https:\/\/www.mapesteadoree.fr\/boutique\/bijoux\/galet-plat-quartz-fume\/\" \/>\n<meta property=\"og:locale\" content=\"fr_FR\" \/>\n<meta property=\"og:type\" content=\"article\" \/>\n<meta property=\"og:title\" content=\"Galet Plat de quartz fum\u00e9 - Ma Peste Ador\u00e9e\" \/>\n<meta property=\"og:description\" content=\"Galet plat de quartz fum\u00e9 : une pierre naturelle qui aide \u00e0 surmonter stress, angoisses, inqui\u00e9tudes, peur irrationnelles et addictions\" \/>\n<meta property=\"og:url\" content=\"https:\/\/www.mapesteadoree.fr\/boutique\/bijoux\/galet-plat-quartz-fume\/\" \/>\n<meta property=\"og:site_name\" content=\"Ma Peste Ador\u00e9e\" \/>\n<meta property=\"article:modified_time\" content=\"2025-12-16T13:00:22+00:00\" \/>\n<meta property=\"og:image\" content=\"https:\/\/www.mapesteadoree.fr\/boutique\/wp-content\/uploads\/2024\/02\/quartz-enfume-proprietes.jpg\" \/>\n\t<meta property=\"og:image:width\" content=\"1200\" \/>\n\t<meta property=\"og:image:height\" content=\"1200\" \/>\n\t<meta property=\"og:image:type\" content=\"image\/jpeg\" \/>\n<meta name=\"twitter:card\" content=\"summary_large_image\" \/>\n<meta name=\"twitter:label1\" content=\"Dur\u00e9e de lecture estim\u00e9e\" \/>\n\t<meta name=\"twitter:data1\" content=\"2 minutes\" \/>\n<script type=\"application\/ld+json\" class=\"yoast-schema-graph\">{\"@context\":\"https:\\\/\\\/schema.org\",\"@graph\":[{\"@type\":\"WebPage\",\"@id\":\"https:\\\/\\\/www.mapesteadoree.fr\\\/boutique\\\/bijoux\\\/galet-plat-quartz-fume\\\/\",\"url\":\"https:\\\/\\\/www.mapesteadoree.fr\\\/boutique\\\/bijoux\\\/galet-plat-quartz-fume\\\/\",\"name\":\"Galet Plat de quartz fum\u00e9 - Ma Peste Ador\u00e9e\",\"isPartOf\":{\"@id\":\"https:\\\/\\\/www.mapesteadoree.fr\\\/boutique\\\/#website\"},\"primaryImageOfPage\":{\"@id\":\"https:\\\/\\\/www.mapesteadoree.fr\\\/boutique\\\/bijoux\\\/galet-plat-quartz-fume\\\/#primaryimage\"},\"image\":{\"@id\":\"https:\\\/\\\/www.mapesteadoree.fr\\\/boutique\\\/bijoux\\\/galet-plat-quartz-fume\\\/#primaryimage\"},\"thumbnailUrl\":\"https:\\\/\\\/www.mapesteadoree.fr\\\/boutique\\\/wp-content\\\/uploads\\\/2024\\\/02\\\/quartz-enfume-proprietes.jpg\",\"datePublished\":\"2023-09-14T07:35:33+00:00\",\"dateModified\":\"2025-12-16T13:00:22+00:00\",\"description\":\"Galet plat de quartz fum\u00e9 : une pierre naturelle qui aide \u00e0 surmonter stress, angoisses, inqui\u00e9tudes, peur irrationnelles et addictions\",\"breadcrumb\":{\"@id\":\"https:\\\/\\\/www.mapesteadoree.fr\\\/boutique\\\/bijoux\\\/galet-plat-quartz-fume\\\/#breadcrumb\"},\"inLanguage\":\"fr-FR\",\"potentialAction\":[{\"@type\":\"ReadAction\",\"target\":[\"https:\\\/\\\/www.mapesteadoree.fr\\\/boutique\\\/bijoux\\\/galet-plat-quartz-fume\\\/\"]}]},{\"@type\":\"ImageObject\",\"inLanguage\":\"fr-FR\",\"@id\":\"https:\\\/\\\/www.mapesteadoree.fr\\\/boutique\\\/bijoux\\\/galet-plat-quartz-fume\\\/#primaryimage\",\"url\":\"https:\\\/\\\/www.mapesteadoree.fr\\\/boutique\\\/wp-content\\\/uploads\\\/2024\\\/02\\\/quartz-enfume-proprietes.jpg\",\"contentUrl\":\"https:\\\/\\\/www.mapesteadoree.fr\\\/boutique\\\/wp-content\\\/uploads\\\/2024\\\/02\\\/quartz-enfume-proprietes.jpg\",\"width\":1200,\"height\":1200,\"caption\":\"Galet plat de quartz fum\u00e9\"},{\"@type\":\"BreadcrumbList\",\"@id\":\"https:\\\/\\\/www.mapesteadoree.fr\\\/boutique\\\/bijoux\\\/galet-plat-quartz-fume\\\/#breadcrumb\",\"itemListElement\":[{\"@type\":\"ListItem\",\"position\":1,\"name\":\"Accueil\",\"item\":\"https:\\\/\\\/www.mapesteadoree.fr\\\/boutique\\\/\"},{\"@type\":\"ListItem\",\"position\":2,\"name\":\"Boutique de bijoux uniques en pierres naturelles\",\"item\":\"https:\\\/\\\/www.mapesteadoree.fr\\\/boutique\\\/\"},{\"@type\":\"ListItem\",\"position\":3,\"name\":\"Galet Plat de quartz fum\u00e9\"}]},{\"@type\":\"WebSite\",\"@id\":\"https:\\\/\\\/www.mapesteadoree.fr\\\/boutique\\\/#website\",\"url\":\"https:\\\/\\\/www.mapesteadoree.fr\\\/boutique\\\/\",\"name\":\"Ma Peste Ador\u00e9e\",\"description\":\"\",\"publisher\":{\"@id\":\"https:\\\/\\\/www.mapesteadoree.fr\\\/boutique\\\/#organization\"},\"potentialAction\":[{\"@type\":\"SearchAction\",\"target\":{\"@type\":\"EntryPoint\",\"urlTemplate\":\"https:\\\/\\\/www.mapesteadoree.fr\\\/boutique\\\/?s={search_term_string}\"},\"query-input\":{\"@type\":\"PropertyValueSpecification\",\"valueRequired\":true,\"valueName\":\"search_term_string\"}}],\"inLanguage\":\"fr-FR\"},{\"@type\":\"Organization\",\"@id\":\"https:\\\/\\\/www.mapesteadoree.fr\\\/boutique\\\/#organization\",\"name\":\"Ma Peste Ador\u00e9e\",\"url\":\"https:\\\/\\\/www.mapesteadoree.fr\\\/boutique\\\/\",\"logo\":{\"@type\":\"ImageObject\",\"inLanguage\":\"fr-FR\",\"@id\":\"https:\\\/\\\/www.mapesteadoree.fr\\\/boutique\\\/#\\\/schema\\\/logo\\\/image\\\/\",\"url\":\"https:\\\/\\\/www.mapesteadoree.fr\\\/boutique\\\/wp-content\\\/uploads\\\/2024\\\/10\\\/cropped-logo-mpa-2024.png\",\"contentUrl\":\"https:\\\/\\\/www.mapesteadoree.fr\\\/boutique\\\/wp-content\\\/uploads\\\/2024\\\/10\\\/cropped-logo-mpa-2024.png\",\"width\":470,\"height\":110,\"caption\":\"Ma Peste Ador\u00e9e\"},\"image\":{\"@id\":\"https:\\\/\\\/www.mapesteadoree.fr\\\/boutique\\\/#\\\/schema\\\/logo\\\/image\\\/\"}}]}<\/script>\n<!-- \/ Yoast SEO plugin. -->","yoast_head_json":{"title":"Galet Plat de quartz fum\u00e9 - Ma Peste Ador\u00e9e","description":"Galet plat de quartz fum\u00e9 : une pierre naturelle qui aide \u00e0 surmonter stress, angoisses, inqui\u00e9tudes, peur irrationnelles et addictions","robots":{"index":"index","follow":"follow","max-snippet":"max-snippet:-1","max-image-preview":"max-image-preview:large","max-video-preview":"max-video-preview:-1"},"canonical":"https:\/\/www.mapesteadoree.fr\/boutique\/bijoux\/galet-plat-quartz-fume\/","og_locale":"fr_FR","og_type":"article","og_title":"Galet Plat de quartz fum\u00e9 - Ma Peste Ador\u00e9e","og_description":"Galet plat de quartz fum\u00e9 : une pierre naturelle qui aide \u00e0 surmonter stress, angoisses, inqui\u00e9tudes, peur irrationnelles et addictions","og_url":"https:\/\/www.mapesteadoree.fr\/boutique\/bijoux\/galet-plat-quartz-fume\/","og_site_name":"Ma Peste Ador\u00e9e","article_modified_time":"2025-12-16T13:00:22+00:00","og_image":[{"width":1200,"height":1200,"url":"https:\/\/www.mapesteadoree.fr\/boutique\/wp-content\/uploads\/2024\/02\/quartz-enfume-proprietes.jpg","type":"image\/jpeg"}],"twitter_card":"summary_large_image","twitter_misc":{"Dur\u00e9e de lecture estim\u00e9e":"2 minutes"},"schema":{"@context":"https:\/\/schema.org","@graph":[{"@type":"WebPage","@id":"https:\/\/www.mapesteadoree.fr\/boutique\/bijoux\/galet-plat-quartz-fume\/","url":"https:\/\/www.mapesteadoree.fr\/boutique\/bijoux\/galet-plat-quartz-fume\/","name":"Galet Plat de quartz fum\u00e9 - Ma Peste Ador\u00e9e","isPartOf":{"@id":"https:\/\/www.mapesteadoree.fr\/boutique\/#website"},"primaryImageOfPage":{"@id":"https:\/\/www.mapesteadoree.fr\/boutique\/bijoux\/galet-plat-quartz-fume\/#primaryimage"},"image":{"@id":"https:\/\/www.mapesteadoree.fr\/boutique\/bijoux\/galet-plat-quartz-fume\/#primaryimage"},"thumbnailUrl":"https:\/\/www.mapesteadoree.fr\/boutique\/wp-content\/uploads\/2024\/02\/quartz-enfume-proprietes.jpg","datePublished":"2023-09-14T07:35:33+00:00","dateModified":"2025-12-16T13:00:22+00:00","description":"Galet plat de quartz fum\u00e9 : une pierre naturelle qui aide \u00e0 surmonter stress, angoisses, inqui\u00e9tudes, peur irrationnelles et addictions","breadcrumb":{"@id":"https:\/\/www.mapesteadoree.fr\/boutique\/bijoux\/galet-plat-quartz-fume\/#breadcrumb"},"inLanguage":"fr-FR","potentialAction":[{"@type":"ReadAction","target":["https:\/\/www.mapesteadoree.fr\/boutique\/bijoux\/galet-plat-quartz-fume\/"]}]},{"@type":"ImageObject","inLanguage":"fr-FR","@id":"https:\/\/www.mapesteadoree.fr\/boutique\/bijoux\/galet-plat-quartz-fume\/#primaryimage","url":"https:\/\/www.mapesteadoree.fr\/boutique\/wp-content\/uploads\/2024\/02\/quartz-enfume-proprietes.jpg","contentUrl":"https:\/\/www.mapesteadoree.fr\/boutique\/wp-content\/uploads\/2024\/02\/quartz-enfume-proprietes.jpg","width":1200,"height":1200,"caption":"Galet plat de quartz fum\u00e9"},{"@type":"BreadcrumbList","@id":"https:\/\/www.mapesteadoree.fr\/boutique\/bijoux\/galet-plat-quartz-fume\/#breadcrumb","itemListElement":[{"@type":"ListItem","position":1,"name":"Accueil","item":"https:\/\/www.mapesteadoree.fr\/boutique\/"},{"@type":"ListItem","position":2,"name":"Boutique de bijoux uniques en pierres naturelles","item":"https:\/\/www.mapesteadoree.fr\/boutique\/"},{"@type":"ListItem","position":3,"name":"Galet Plat de quartz fum\u00e9"}]},{"@type":"WebSite","@id":"https:\/\/www.mapesteadoree.fr\/boutique\/#website","url":"https:\/\/www.mapesteadoree.fr\/boutique\/","name":"Ma Peste Ador\u00e9e","description":"","publisher":{"@id":"https:\/\/www.mapesteadoree.fr\/boutique\/#organization"},"potentialAction":[{"@type":"SearchAction","target":{"@type":"EntryPoint","urlTemplate":"https:\/\/www.mapesteadoree.fr\/boutique\/?s={search_term_string}"},"query-input":{"@type":"PropertyValueSpecification","valueRequired":true,"valueName":"search_term_string"}}],"inLanguage":"fr-FR"},{"@type":"Organization","@id":"https:\/\/www.mapesteadoree.fr\/boutique\/#organization","name":"Ma Peste Ador\u00e9e","url":"https:\/\/www.mapesteadoree.fr\/boutique\/","logo":{"@type":"ImageObject","inLanguage":"fr-FR","@id":"https:\/\/www.mapesteadoree.fr\/boutique\/#\/schema\/logo\/image\/","url":"https:\/\/www.mapesteadoree.fr\/boutique\/wp-content\/uploads\/2024\/10\/cropped-logo-mpa-2024.png","contentUrl":"https:\/\/www.mapesteadoree.fr\/boutique\/wp-content\/uploads\/2024\/10\/cropped-logo-mpa-2024.png","width":470,"height":110,"caption":"Ma Peste Ador\u00e9e"},"image":{"@id":"https:\/\/www.mapesteadoree.fr\/boutique\/#\/schema\/logo\/image\/"}}]}},"wcpa_form_fields":null,"_links":{"self":[{"href":"https:\/\/www.mapesteadoree.fr\/boutique\/wp-json\/wp\/v2\/product\/51171","targetHints":{"allow":["GET"]}}],"collection":[{"href":"https:\/\/www.mapesteadoree.fr\/boutique\/wp-json\/wp\/v2\/product"}],"about":[{"href":"https:\/\/www.mapesteadoree.fr\/boutique\/wp-json\/wp\/v2\/types\/product"}],"replies":[{"embeddable":true,"href":"https:\/\/www.mapesteadoree.fr\/boutique\/wp-json\/wp\/v2\/comments?post=51171"}],"wp:featuredmedia":[{"embeddable":true,"href":"https:\/\/www.mapesteadoree.fr\/boutique\/wp-json\/wp\/v2\/media\/57754"}],"wp:attachment":[{"href":"https:\/\/www.mapesteadoree.fr\/boutique\/wp-json\/wp\/v2\/media?parent=51171"}],"wp:term":[{"taxonomy":"product_brand","embeddable":true,"href":"https:\/\/www.mapesteadoree.fr\/boutique\/wp-json\/wp\/v2\/product_brand?post=51171"},{"taxonomy":"product_cat","embeddable":true,"href":"https:\/\/www.mapesteadoree.fr\/boutique\/wp-json\/wp\/v2\/product_cat?post=51171"},{"taxonomy":"product_tag","embeddable":true,"href":"https:\/\/www.mapesteadoree.fr\/boutique\/wp-json\/wp\/v2\/product_tag?post=51171"}],"curies":[{"name":"wp","href":"https:\/\/api.w.org\/{rel}","templated":true}]}}