{"id":51161,"date":"2023-09-12T15:26:13","date_gmt":"2023-09-12T13:26:13","guid":{"rendered":"https:\/\/www.mapesteadoree.fr\/boutique\/?post_type=product&#038;p=51161"},"modified":"2025-08-21T10:31:13","modified_gmt":"2025-08-21T08:31:13","slug":"galet-plat-amazonite","status":"publish","type":"product","link":"https:\/\/www.mapesteadoree.fr\/boutique\/bijoux\/galet-plat-amazonite\/","title":{"rendered":"Galet Plat d&rsquo;Amazonite"},"content":{"rendered":"<h1>L&rsquo;amazonite : une pierre de bonheur<\/h1>\n<p>Voici un galet plat d&rsquo;amazonite \u00a0: il a une taille parfaite pour le garder dans sa poche, dans un sac, un cartable ou dans une chambre (sur une commode, une table de chevet). Il n&rsquo;est ni trop grand, ni trop petit, pour un enfant ou un adulte. Juste la taille id\u00e9ale pour profiter de ses bienfaits.<\/p>\n<ul>\n<li>Taille du galet : environ 3,5-4cm x 4-6cm<\/li>\n<li>Poids : entre 35 et 55g selon la forme<\/li>\n<li>Origine : Br\u00e9sil<\/li>\n<\/ul>\n<p>Chaque pierre est naturelle donc la forme comme la couleur peut varier. Chaque exemplaire est donc totalement unique et celui que vous recevrez est celui qui vous \u00e9tait destin\u00e9&#8230; La pierre d&rsquo;amazonite est une pierre de couleur bleu vert, un turquoise qui fait penser \u00e0 la couleur des lagons.<\/p>\n<p><i>L&rsquo;amazonite est une pierre de lithoth\u00e9rapie qui\u00a0est\u00a0positive et apaisante. Elle aide \u00e0 se\u00a0sentir bien, heureux,\u00a0enthousiaste. Elle est reli\u00e9e au chakra de la gorge : elle\u00a0d\u00e9veloppe ainsi les capacit\u00e9s d&rsquo;\u00e9coute et l&rsquo;expression.<\/i><\/p>\n<h2>L&rsquo;Amazonite, la pierre qui apaise les inqui\u00e9tudes<\/h2>\n<p>L&rsquo;amazonite est un min\u00e9ral avec un taux vibratoire puissant : il irradie de douceur et de g\u00e9n\u00e9rosit\u00e9 . L&rsquo;amazonite poss\u00e8de de nombreux bienfaits :<\/p>\n<ul class=\"i8Z77e\">\n<li>C&rsquo;est une pierre de paix int\u00e9rieure, qui donne le sentiment d&rsquo;\u00eatre vraiment heureux<\/li>\n<li>Pierre de positivit\u00e9, elle encourage \u00e0 voir les choses du bon c\u00f4t\u00e9 et \u00e0 ne pas trop s&rsquo;inqui\u00e9ter pour l&rsquo;avenir<\/li>\n<li>Elle favorise l&rsquo;expression et l&rsquo;\u00e9coute. C&rsquo;est une pierre g\u00e9n\u00e9reuse, qui pousse \u00e0 aller vers les autres et \u00e0 faire preuve d&#8217;empathie<\/li>\n<li>Elle apaise les inqui\u00e9tudes fond\u00e9es ou non fond\u00e9es, des enfants comme des adultes.<\/li>\n<li>Elle chasse les peurs et les frustration<\/li>\n<li>Elle favorise le bonheur, l&rsquo;amiti\u00e9, l&rsquo;amour mais aussi la compassion et le pardon. Elle soulage les chagrins d&rsquo;amour, elle aide \u00e0 se relever et \u00e0 aller de l&rsquo;avant, \u00e0 croire \u00e0 nouveau au bonheur<\/li>\n<li>Elle aide \u00e0 lutter contre la d\u00e9prime ou la d\u00e9pression, elle \u00e9quilibre les sautes d&rsquo;humeur<\/li>\n<li>Pierre de protection, elle renforce le courage<\/li>\n<li>Aide \u00e0 mieux g\u00e9rer l&rsquo;hyperactivit\u00e9<\/li>\n<\/ul>\n<blockquote><p>L&rsquo;amazonite est une pierre tr\u00e8s apaisante, qui peut calmer les enfants comme les adultes les plus stress\u00e9s. Elle aide \u00e0 l\u00e2cher prise et \u00e0 se sentir en paix avec soi-m\u00eame.<\/p><\/blockquote>\n","protected":false},"excerpt":{"rendered":"<p>Galet plat d&rsquo;amazonite, originaire du Br\u00e9sil. Cette pierre a la taille parfaite \u00a0\u00e0 garder dans la poche ou \u00e0 poser dans une chambre. Cette pierre couleur bleu lagon poss\u00e8de des bienfaits apaisants puissants. C&rsquo;est un gemme qui apporte paix int\u00e9rieur, sentiment de bonheur et positivit\u00e9.<\/p>\n","protected":false},"featured_media":57750,"comment_status":"open","ping_status":"closed","template":"","meta":[],"product_brand":[],"product_cat":[25,1997,26],"product_tag":[2074],"class_list":{"0":"post-51161","1":"product","2":"type-product","3":"status-publish","4":"has-post-thumbnail","6":"product_cat-accessoires","7":"product_cat-mineraux","8":"product_cat-pierres-naturelles","9":"product_tag-hypersensibilite","11":"first","12":"outofstock","13":"shipping-taxable","14":"purchasable","15":"product-type-simple"},"acf":[],"yoast_head":"<!-- This site is optimized with the Yoast SEO plugin v27.6 - https:\/\/yoast.com\/product\/yoast-seo-wordpress\/ -->\n<title>Galet Plat d&#039;Amazonite - Ma Peste Ador\u00e9e<\/title>\n<meta name=\"description\" content=\"Galet plat d&#039;amazonite : pierre r\u00e9confortante et apaisante, l&#039;amazonite vous aide \u00e0 acc\u00e9der \u00e0 la s\u00e9r\u00e9nit\u00e9 et \u00e0 la paix int\u00e9rieure.\" \/>\n<meta name=\"robots\" content=\"index, follow, max-snippet:-1, max-image-preview:large, max-video-preview:-1\" \/>\n<link rel=\"canonical\" href=\"https:\/\/www.mapesteadoree.fr\/boutique\/bijoux\/galet-plat-amazonite\/\" \/>\n<meta property=\"og:locale\" content=\"fr_FR\" \/>\n<meta property=\"og:type\" content=\"article\" \/>\n<meta property=\"og:title\" content=\"Galet Plat d&#039;Amazonite - Ma Peste Ador\u00e9e\" \/>\n<meta property=\"og:description\" content=\"Galet plat d&#039;amazonite : pierre r\u00e9confortante et apaisante, l&#039;amazonite vous aide \u00e0 acc\u00e9der \u00e0 la s\u00e9r\u00e9nit\u00e9 et \u00e0 la paix int\u00e9rieure.\" \/>\n<meta property=\"og:url\" content=\"https:\/\/www.mapesteadoree.fr\/boutique\/bijoux\/galet-plat-amazonite\/\" \/>\n<meta property=\"og:site_name\" content=\"Ma Peste Ador\u00e9e\" \/>\n<meta property=\"article:modified_time\" content=\"2025-08-21T08:31:13+00:00\" \/>\n<meta property=\"og:image\" content=\"https:\/\/www.mapesteadoree.fr\/boutique\/wp-content\/uploads\/2024\/02\/galets-amazonite-proprietes-1.jpg\" \/>\n\t<meta property=\"og:image:width\" content=\"1200\" \/>\n\t<meta property=\"og:image:height\" content=\"1200\" \/>\n\t<meta property=\"og:image:type\" content=\"image\/jpeg\" \/>\n<meta name=\"twitter:card\" content=\"summary_large_image\" \/>\n<meta name=\"twitter:label1\" content=\"Dur\u00e9e de lecture estim\u00e9e\" \/>\n\t<meta name=\"twitter:data1\" content=\"2 minutes\" \/>\n<script type=\"application\/ld+json\" class=\"yoast-schema-graph\">{\"@context\":\"https:\\\/\\\/schema.org\",\"@graph\":[{\"@type\":\"WebPage\",\"@id\":\"https:\\\/\\\/www.mapesteadoree.fr\\\/boutique\\\/bijoux\\\/galet-plat-amazonite\\\/\",\"url\":\"https:\\\/\\\/www.mapesteadoree.fr\\\/boutique\\\/bijoux\\\/galet-plat-amazonite\\\/\",\"name\":\"Galet Plat d'Amazonite - Ma Peste Ador\u00e9e\",\"isPartOf\":{\"@id\":\"https:\\\/\\\/www.mapesteadoree.fr\\\/boutique\\\/#website\"},\"primaryImageOfPage\":{\"@id\":\"https:\\\/\\\/www.mapesteadoree.fr\\\/boutique\\\/bijoux\\\/galet-plat-amazonite\\\/#primaryimage\"},\"image\":{\"@id\":\"https:\\\/\\\/www.mapesteadoree.fr\\\/boutique\\\/bijoux\\\/galet-plat-amazonite\\\/#primaryimage\"},\"thumbnailUrl\":\"https:\\\/\\\/www.mapesteadoree.fr\\\/boutique\\\/wp-content\\\/uploads\\\/2024\\\/02\\\/galets-amazonite-proprietes-1.jpg\",\"datePublished\":\"2023-09-12T13:26:13+00:00\",\"dateModified\":\"2025-08-21T08:31:13+00:00\",\"description\":\"Galet plat d'amazonite : pierre r\u00e9confortante et apaisante, l'amazonite vous aide \u00e0 acc\u00e9der \u00e0 la s\u00e9r\u00e9nit\u00e9 et \u00e0 la paix int\u00e9rieure.\",\"breadcrumb\":{\"@id\":\"https:\\\/\\\/www.mapesteadoree.fr\\\/boutique\\\/bijoux\\\/galet-plat-amazonite\\\/#breadcrumb\"},\"inLanguage\":\"fr-FR\",\"potentialAction\":[{\"@type\":\"ReadAction\",\"target\":[\"https:\\\/\\\/www.mapesteadoree.fr\\\/boutique\\\/bijoux\\\/galet-plat-amazonite\\\/\"]}]},{\"@type\":\"ImageObject\",\"inLanguage\":\"fr-FR\",\"@id\":\"https:\\\/\\\/www.mapesteadoree.fr\\\/boutique\\\/bijoux\\\/galet-plat-amazonite\\\/#primaryimage\",\"url\":\"https:\\\/\\\/www.mapesteadoree.fr\\\/boutique\\\/wp-content\\\/uploads\\\/2024\\\/02\\\/galets-amazonite-proprietes-1.jpg\",\"contentUrl\":\"https:\\\/\\\/www.mapesteadoree.fr\\\/boutique\\\/wp-content\\\/uploads\\\/2024\\\/02\\\/galets-amazonite-proprietes-1.jpg\",\"width\":1200,\"height\":1200,\"caption\":\"Galet plat d'amazonite\"},{\"@type\":\"BreadcrumbList\",\"@id\":\"https:\\\/\\\/www.mapesteadoree.fr\\\/boutique\\\/bijoux\\\/galet-plat-amazonite\\\/#breadcrumb\",\"itemListElement\":[{\"@type\":\"ListItem\",\"position\":1,\"name\":\"Accueil\",\"item\":\"https:\\\/\\\/www.mapesteadoree.fr\\\/boutique\\\/\"},{\"@type\":\"ListItem\",\"position\":2,\"name\":\"Boutique de bijoux uniques en pierres naturelles\",\"item\":\"https:\\\/\\\/www.mapesteadoree.fr\\\/boutique\\\/\"},{\"@type\":\"ListItem\",\"position\":3,\"name\":\"Galet Plat d&rsquo;Amazonite\"}]},{\"@type\":\"WebSite\",\"@id\":\"https:\\\/\\\/www.mapesteadoree.fr\\\/boutique\\\/#website\",\"url\":\"https:\\\/\\\/www.mapesteadoree.fr\\\/boutique\\\/\",\"name\":\"Ma Peste Ador\u00e9e\",\"description\":\"\",\"publisher\":{\"@id\":\"https:\\\/\\\/www.mapesteadoree.fr\\\/boutique\\\/#organization\"},\"potentialAction\":[{\"@type\":\"SearchAction\",\"target\":{\"@type\":\"EntryPoint\",\"urlTemplate\":\"https:\\\/\\\/www.mapesteadoree.fr\\\/boutique\\\/?s={search_term_string}\"},\"query-input\":{\"@type\":\"PropertyValueSpecification\",\"valueRequired\":true,\"valueName\":\"search_term_string\"}}],\"inLanguage\":\"fr-FR\"},{\"@type\":\"Organization\",\"@id\":\"https:\\\/\\\/www.mapesteadoree.fr\\\/boutique\\\/#organization\",\"name\":\"Ma Peste Ador\u00e9e\",\"url\":\"https:\\\/\\\/www.mapesteadoree.fr\\\/boutique\\\/\",\"logo\":{\"@type\":\"ImageObject\",\"inLanguage\":\"fr-FR\",\"@id\":\"https:\\\/\\\/www.mapesteadoree.fr\\\/boutique\\\/#\\\/schema\\\/logo\\\/image\\\/\",\"url\":\"https:\\\/\\\/www.mapesteadoree.fr\\\/boutique\\\/wp-content\\\/uploads\\\/2024\\\/10\\\/cropped-logo-mpa-2024.png\",\"contentUrl\":\"https:\\\/\\\/www.mapesteadoree.fr\\\/boutique\\\/wp-content\\\/uploads\\\/2024\\\/10\\\/cropped-logo-mpa-2024.png\",\"width\":470,\"height\":110,\"caption\":\"Ma Peste Ador\u00e9e\"},\"image\":{\"@id\":\"https:\\\/\\\/www.mapesteadoree.fr\\\/boutique\\\/#\\\/schema\\\/logo\\\/image\\\/\"}}]}<\/script>\n<!-- \/ Yoast SEO plugin. -->","yoast_head_json":{"title":"Galet Plat d'Amazonite - Ma Peste Ador\u00e9e","description":"Galet plat d'amazonite : pierre r\u00e9confortante et apaisante, l'amazonite vous aide \u00e0 acc\u00e9der \u00e0 la s\u00e9r\u00e9nit\u00e9 et \u00e0 la paix int\u00e9rieure.","robots":{"index":"index","follow":"follow","max-snippet":"max-snippet:-1","max-image-preview":"max-image-preview:large","max-video-preview":"max-video-preview:-1"},"canonical":"https:\/\/www.mapesteadoree.fr\/boutique\/bijoux\/galet-plat-amazonite\/","og_locale":"fr_FR","og_type":"article","og_title":"Galet Plat d'Amazonite - Ma Peste Ador\u00e9e","og_description":"Galet plat d'amazonite : pierre r\u00e9confortante et apaisante, l'amazonite vous aide \u00e0 acc\u00e9der \u00e0 la s\u00e9r\u00e9nit\u00e9 et \u00e0 la paix int\u00e9rieure.","og_url":"https:\/\/www.mapesteadoree.fr\/boutique\/bijoux\/galet-plat-amazonite\/","og_site_name":"Ma Peste Ador\u00e9e","article_modified_time":"2025-08-21T08:31:13+00:00","og_image":[{"width":1200,"height":1200,"url":"https:\/\/www.mapesteadoree.fr\/boutique\/wp-content\/uploads\/2024\/02\/galets-amazonite-proprietes-1.jpg","type":"image\/jpeg"}],"twitter_card":"summary_large_image","twitter_misc":{"Dur\u00e9e de lecture estim\u00e9e":"2 minutes"},"schema":{"@context":"https:\/\/schema.org","@graph":[{"@type":"WebPage","@id":"https:\/\/www.mapesteadoree.fr\/boutique\/bijoux\/galet-plat-amazonite\/","url":"https:\/\/www.mapesteadoree.fr\/boutique\/bijoux\/galet-plat-amazonite\/","name":"Galet Plat d'Amazonite - Ma Peste Ador\u00e9e","isPartOf":{"@id":"https:\/\/www.mapesteadoree.fr\/boutique\/#website"},"primaryImageOfPage":{"@id":"https:\/\/www.mapesteadoree.fr\/boutique\/bijoux\/galet-plat-amazonite\/#primaryimage"},"image":{"@id":"https:\/\/www.mapesteadoree.fr\/boutique\/bijoux\/galet-plat-amazonite\/#primaryimage"},"thumbnailUrl":"https:\/\/www.mapesteadoree.fr\/boutique\/wp-content\/uploads\/2024\/02\/galets-amazonite-proprietes-1.jpg","datePublished":"2023-09-12T13:26:13+00:00","dateModified":"2025-08-21T08:31:13+00:00","description":"Galet plat d'amazonite : pierre r\u00e9confortante et apaisante, l'amazonite vous aide \u00e0 acc\u00e9der \u00e0 la s\u00e9r\u00e9nit\u00e9 et \u00e0 la paix int\u00e9rieure.","breadcrumb":{"@id":"https:\/\/www.mapesteadoree.fr\/boutique\/bijoux\/galet-plat-amazonite\/#breadcrumb"},"inLanguage":"fr-FR","potentialAction":[{"@type":"ReadAction","target":["https:\/\/www.mapesteadoree.fr\/boutique\/bijoux\/galet-plat-amazonite\/"]}]},{"@type":"ImageObject","inLanguage":"fr-FR","@id":"https:\/\/www.mapesteadoree.fr\/boutique\/bijoux\/galet-plat-amazonite\/#primaryimage","url":"https:\/\/www.mapesteadoree.fr\/boutique\/wp-content\/uploads\/2024\/02\/galets-amazonite-proprietes-1.jpg","contentUrl":"https:\/\/www.mapesteadoree.fr\/boutique\/wp-content\/uploads\/2024\/02\/galets-amazonite-proprietes-1.jpg","width":1200,"height":1200,"caption":"Galet plat d'amazonite"},{"@type":"BreadcrumbList","@id":"https:\/\/www.mapesteadoree.fr\/boutique\/bijoux\/galet-plat-amazonite\/#breadcrumb","itemListElement":[{"@type":"ListItem","position":1,"name":"Accueil","item":"https:\/\/www.mapesteadoree.fr\/boutique\/"},{"@type":"ListItem","position":2,"name":"Boutique de bijoux uniques en pierres naturelles","item":"https:\/\/www.mapesteadoree.fr\/boutique\/"},{"@type":"ListItem","position":3,"name":"Galet Plat d&rsquo;Amazonite"}]},{"@type":"WebSite","@id":"https:\/\/www.mapesteadoree.fr\/boutique\/#website","url":"https:\/\/www.mapesteadoree.fr\/boutique\/","name":"Ma Peste Ador\u00e9e","description":"","publisher":{"@id":"https:\/\/www.mapesteadoree.fr\/boutique\/#organization"},"potentialAction":[{"@type":"SearchAction","target":{"@type":"EntryPoint","urlTemplate":"https:\/\/www.mapesteadoree.fr\/boutique\/?s={search_term_string}"},"query-input":{"@type":"PropertyValueSpecification","valueRequired":true,"valueName":"search_term_string"}}],"inLanguage":"fr-FR"},{"@type":"Organization","@id":"https:\/\/www.mapesteadoree.fr\/boutique\/#organization","name":"Ma Peste Ador\u00e9e","url":"https:\/\/www.mapesteadoree.fr\/boutique\/","logo":{"@type":"ImageObject","inLanguage":"fr-FR","@id":"https:\/\/www.mapesteadoree.fr\/boutique\/#\/schema\/logo\/image\/","url":"https:\/\/www.mapesteadoree.fr\/boutique\/wp-content\/uploads\/2024\/10\/cropped-logo-mpa-2024.png","contentUrl":"https:\/\/www.mapesteadoree.fr\/boutique\/wp-content\/uploads\/2024\/10\/cropped-logo-mpa-2024.png","width":470,"height":110,"caption":"Ma Peste Ador\u00e9e"},"image":{"@id":"https:\/\/www.mapesteadoree.fr\/boutique\/#\/schema\/logo\/image\/"}}]}},"wcpa_form_fields":null,"_links":{"self":[{"href":"https:\/\/www.mapesteadoree.fr\/boutique\/wp-json\/wp\/v2\/product\/51161","targetHints":{"allow":["GET"]}}],"collection":[{"href":"https:\/\/www.mapesteadoree.fr\/boutique\/wp-json\/wp\/v2\/product"}],"about":[{"href":"https:\/\/www.mapesteadoree.fr\/boutique\/wp-json\/wp\/v2\/types\/product"}],"replies":[{"embeddable":true,"href":"https:\/\/www.mapesteadoree.fr\/boutique\/wp-json\/wp\/v2\/comments?post=51161"}],"wp:featuredmedia":[{"embeddable":true,"href":"https:\/\/www.mapesteadoree.fr\/boutique\/wp-json\/wp\/v2\/media\/57750"}],"wp:attachment":[{"href":"https:\/\/www.mapesteadoree.fr\/boutique\/wp-json\/wp\/v2\/media?parent=51161"}],"wp:term":[{"taxonomy":"product_brand","embeddable":true,"href":"https:\/\/www.mapesteadoree.fr\/boutique\/wp-json\/wp\/v2\/product_brand?post=51161"},{"taxonomy":"product_cat","embeddable":true,"href":"https:\/\/www.mapesteadoree.fr\/boutique\/wp-json\/wp\/v2\/product_cat?post=51161"},{"taxonomy":"product_tag","embeddable":true,"href":"https:\/\/www.mapesteadoree.fr\/boutique\/wp-json\/wp\/v2\/product_tag?post=51161"}],"curies":[{"name":"wp","href":"https:\/\/api.w.org\/{rel}","templated":true}]}}