{"id":51160,"date":"2023-09-12T15:08:09","date_gmt":"2023-09-12T13:08:09","guid":{"rendered":"https:\/\/www.mapesteadoree.fr\/boutique\/?post_type=product&#038;p=51160"},"modified":"2026-05-03T15:19:28","modified_gmt":"2026-05-03T13:19:28","slug":"galet-plat-howlite","status":"publish","type":"product","link":"https:\/\/www.mapesteadoree.fr\/boutique\/bijoux\/galet-plat-howlite\/","title":{"rendered":"Galet Plat d&rsquo;Howlite"},"content":{"rendered":"<h1>Howlite blanche : la pierre de stabilit\u00e9<\/h1>\n<p>Voici un galet plat d&rsquo;howlite : il a une taille parfaite pour le garder dans sa poche, dans un sac, un cartable ou dans une chambre (sur une commode, une table de chevet). Il n&rsquo;est ni trop grand, ni trop petit, pour un enfant ou un adulte. Juste la taille id\u00e9ale pour profiter de ses bienfaits.<\/p>\n<ul>\n<li>Taille du galet : environ 3,5-4cm x 4-6cm<\/li>\n<li>Poids : entre 35 et 55g selon la forme<\/li>\n<li>Origine : USA<\/li>\n<\/ul>\n<p>Chaque pierre est naturelle donc la forme comme la couleur peut varier. Chaque exemplaire est donc totalement unique et celui que vous recevrez est celui qui vous \u00e9tait destin\u00e9&#8230; La pierre d&rsquo;Howlite est une pierre blanche avec des marques grises ou noires, comme des fractures color\u00e9es.<\/p>\n<p><i>L&rsquo;Howlite est une pierre de lithoth\u00e9rapie qui apporte de la stabilit\u00e9 mentale. Elle clarifie les pens\u00e9es, \u00e9claire l&rsquo;esprit, permet de voir les choses telles qu&rsquo;elles sont. Elle permet de r\u00e9duire le stress au quotidien, de prendre les choses avec plus de\u00a0l\u00e9g\u00e8ret\u00e9 .<\/i><\/p>\n<h2>La Howlite pour faire les bons choix<\/h2>\n<p>La pierre naturelle d&rsquo;howlite est une pierre blanche tr\u00e8s int\u00e9ressante en lithoth\u00e9rapie. Elle poss\u00e8de de nombreux bienfaits :<\/p>\n<ul class=\"i8Z77e\">\n<li>C&rsquo;est une pierre de sagesse qui apporte une vraie stabilit\u00e9 \u00e0 son porteur<\/li>\n<li>Elle porte en elle une \u00e9nergie douce. Elle apporte calme, s\u00e9r\u00e9nit\u00e9 et tranquillit\u00e9 d&rsquo;esprit<\/li>\n<li>Elle ouvre le coeur, aide \u00e0 exprimer ses sentiments<\/li>\n<li>Elle calme les \u00e9motions fortes : chagrin, col\u00e8re, crise<\/li>\n<li>Elle permet d&rsquo;avoir une vision claire des choix \u00e0 faire; elle permet ainsi d&rsquo;avancer vers le succ\u00e8s et le bonheur<\/li>\n<li>Pierre spirituelle, elle favorise la m\u00e9ditation<\/li>\n<li>Elle favorise la bonne circulation des flux \u00e9nerg\u00e9tiques<\/li>\n<li>Elle aide \u00e0 d\u00e9velopper son intuition, \u00e0 croire en son ses choix aussi<\/li>\n<li>Elle stimule l&rsquo;inspiration, la cr\u00e9ativit\u00e9, la concentration et la m\u00e9moire<\/li>\n<li>Elle agit positivement \u00a0sur les maux d&rsquo;estomac. Elle am\u00e9liore \u00e9galement la digestion<\/li>\n<li>Elle acc\u00e9l\u00e8re l&rsquo;endormissement<\/li>\n<li>Elle aide le corps \u00e0 l&rsquo;\u00e9liminer les toxines, elle a \u00e9galement une action coupe-faim<\/li>\n<li>Elle renforce les os, apaise naturellement les maux de t\u00eate et att\u00e9nue les douleurs.<\/li>\n<\/ul>\n<p>&nbsp;<\/p>\n<blockquote><p>La howlite est une pierre souvent utilis\u00e9e pour calmer et stabiliser les personnes tr\u00e8s \u00e9motives, qui \u00a0ont du mal \u00e0 g\u00e9rer leurs \u00e9motions et \u00e0 avancer. Elle permet de se lib\u00e9rer de certaines \u00e9nergies qui bloquent leur chemin, en \u00e9tant plus serein.e et apais\u00e9.e<\/p><\/blockquote>\n","protected":false},"excerpt":{"rendered":"<p>Galet plat de Howlite, originaire des Etats-Unis. Cette pierre a la taille parfaite \u00a0\u00e0 garder dans la poche ou \u00e0 poser dans une chambre. Cette pierre \u00a0blanche est connue pour apporter stabilit\u00e9 et s\u00e9r\u00e9nit\u00e9. C&rsquo;est un gemme qui apporte r\u00e9confort, confiance en l&rsquo;avenir et tranquillit\u00e9 d&rsquo;esprit.<\/p>\n","protected":false},"featured_media":57732,"comment_status":"open","ping_status":"closed","template":"","meta":[],"product_brand":[],"product_cat":[25,1997,26],"product_tag":[2074,2069],"class_list":{"0":"post-51160","1":"product","2":"type-product","3":"status-publish","4":"has-post-thumbnail","6":"product_cat-accessoires","7":"product_cat-mineraux","8":"product_cat-pierres-naturelles","9":"product_tag-hypersensibilite","10":"product_tag-stress","12":"first","13":"instock","14":"shipping-taxable","15":"purchasable","16":"product-type-simple"},"acf":[],"yoast_head":"<!-- This site is optimized with the Yoast SEO plugin v27.6 - https:\/\/yoast.com\/product\/yoast-seo-wordpress\/ -->\n<title>Galet Plat d&#039;Howlite - Ma Peste Ador\u00e9e<\/title>\n<meta name=\"description\" content=\"Galet plat d&#039;howlite : une pierre de lithoth\u00e9rapie blanche qui apporte stabilit\u00e9, qui calme et apaise les sentiments n\u00e9gatifs\" \/>\n<meta name=\"robots\" content=\"index, follow, max-snippet:-1, max-image-preview:large, max-video-preview:-1\" \/>\n<link rel=\"canonical\" href=\"https:\/\/www.mapesteadoree.fr\/boutique\/bijoux\/galet-plat-howlite\/\" \/>\n<meta property=\"og:locale\" content=\"fr_FR\" \/>\n<meta property=\"og:type\" content=\"article\" \/>\n<meta property=\"og:title\" content=\"Galet Plat d&#039;Howlite - Ma Peste Ador\u00e9e\" \/>\n<meta property=\"og:description\" content=\"Galet plat d&#039;howlite : une pierre de lithoth\u00e9rapie blanche qui apporte stabilit\u00e9, qui calme et apaise les sentiments n\u00e9gatifs\" \/>\n<meta property=\"og:url\" content=\"https:\/\/www.mapesteadoree.fr\/boutique\/bijoux\/galet-plat-howlite\/\" \/>\n<meta property=\"og:site_name\" content=\"Ma Peste Ador\u00e9e\" \/>\n<meta property=\"article:modified_time\" content=\"2026-05-03T13:19:28+00:00\" \/>\n<meta property=\"og:image\" content=\"https:\/\/www.mapesteadoree.fr\/boutique\/wp-content\/uploads\/2024\/02\/howlite-proprietes.jpg\" \/>\n\t<meta property=\"og:image:width\" content=\"1200\" \/>\n\t<meta property=\"og:image:height\" content=\"1200\" \/>\n\t<meta property=\"og:image:type\" content=\"image\/jpeg\" \/>\n<meta name=\"twitter:card\" content=\"summary_large_image\" \/>\n<meta name=\"twitter:label1\" content=\"Dur\u00e9e de lecture estim\u00e9e\" \/>\n\t<meta name=\"twitter:data1\" content=\"2 minutes\" \/>\n<script type=\"application\/ld+json\" class=\"yoast-schema-graph\">{\"@context\":\"https:\\\/\\\/schema.org\",\"@graph\":[{\"@type\":\"WebPage\",\"@id\":\"https:\\\/\\\/www.mapesteadoree.fr\\\/boutique\\\/bijoux\\\/galet-plat-howlite\\\/\",\"url\":\"https:\\\/\\\/www.mapesteadoree.fr\\\/boutique\\\/bijoux\\\/galet-plat-howlite\\\/\",\"name\":\"Galet Plat d'Howlite - Ma Peste Ador\u00e9e\",\"isPartOf\":{\"@id\":\"https:\\\/\\\/www.mapesteadoree.fr\\\/boutique\\\/#website\"},\"primaryImageOfPage\":{\"@id\":\"https:\\\/\\\/www.mapesteadoree.fr\\\/boutique\\\/bijoux\\\/galet-plat-howlite\\\/#primaryimage\"},\"image\":{\"@id\":\"https:\\\/\\\/www.mapesteadoree.fr\\\/boutique\\\/bijoux\\\/galet-plat-howlite\\\/#primaryimage\"},\"thumbnailUrl\":\"https:\\\/\\\/www.mapesteadoree.fr\\\/boutique\\\/wp-content\\\/uploads\\\/2024\\\/02\\\/howlite-proprietes.jpg\",\"datePublished\":\"2023-09-12T13:08:09+00:00\",\"dateModified\":\"2026-05-03T13:19:28+00:00\",\"description\":\"Galet plat d'howlite : une pierre de lithoth\u00e9rapie blanche qui apporte stabilit\u00e9, qui calme et apaise les sentiments n\u00e9gatifs\",\"breadcrumb\":{\"@id\":\"https:\\\/\\\/www.mapesteadoree.fr\\\/boutique\\\/bijoux\\\/galet-plat-howlite\\\/#breadcrumb\"},\"inLanguage\":\"fr-FR\",\"potentialAction\":[{\"@type\":\"ReadAction\",\"target\":[\"https:\\\/\\\/www.mapesteadoree.fr\\\/boutique\\\/bijoux\\\/galet-plat-howlite\\\/\"]}]},{\"@type\":\"ImageObject\",\"inLanguage\":\"fr-FR\",\"@id\":\"https:\\\/\\\/www.mapesteadoree.fr\\\/boutique\\\/bijoux\\\/galet-plat-howlite\\\/#primaryimage\",\"url\":\"https:\\\/\\\/www.mapesteadoree.fr\\\/boutique\\\/wp-content\\\/uploads\\\/2024\\\/02\\\/howlite-proprietes.jpg\",\"contentUrl\":\"https:\\\/\\\/www.mapesteadoree.fr\\\/boutique\\\/wp-content\\\/uploads\\\/2024\\\/02\\\/howlite-proprietes.jpg\",\"width\":1200,\"height\":1200,\"caption\":\"Galet plat de howlite\"},{\"@type\":\"BreadcrumbList\",\"@id\":\"https:\\\/\\\/www.mapesteadoree.fr\\\/boutique\\\/bijoux\\\/galet-plat-howlite\\\/#breadcrumb\",\"itemListElement\":[{\"@type\":\"ListItem\",\"position\":1,\"name\":\"Accueil\",\"item\":\"https:\\\/\\\/www.mapesteadoree.fr\\\/boutique\\\/\"},{\"@type\":\"ListItem\",\"position\":2,\"name\":\"Boutique de bijoux uniques en pierres naturelles\",\"item\":\"https:\\\/\\\/www.mapesteadoree.fr\\\/boutique\\\/\"},{\"@type\":\"ListItem\",\"position\":3,\"name\":\"Galet Plat d&rsquo;Howlite\"}]},{\"@type\":\"WebSite\",\"@id\":\"https:\\\/\\\/www.mapesteadoree.fr\\\/boutique\\\/#website\",\"url\":\"https:\\\/\\\/www.mapesteadoree.fr\\\/boutique\\\/\",\"name\":\"Ma Peste Ador\u00e9e\",\"description\":\"\",\"publisher\":{\"@id\":\"https:\\\/\\\/www.mapesteadoree.fr\\\/boutique\\\/#organization\"},\"potentialAction\":[{\"@type\":\"SearchAction\",\"target\":{\"@type\":\"EntryPoint\",\"urlTemplate\":\"https:\\\/\\\/www.mapesteadoree.fr\\\/boutique\\\/?s={search_term_string}\"},\"query-input\":{\"@type\":\"PropertyValueSpecification\",\"valueRequired\":true,\"valueName\":\"search_term_string\"}}],\"inLanguage\":\"fr-FR\"},{\"@type\":\"Organization\",\"@id\":\"https:\\\/\\\/www.mapesteadoree.fr\\\/boutique\\\/#organization\",\"name\":\"Ma Peste Ador\u00e9e\",\"url\":\"https:\\\/\\\/www.mapesteadoree.fr\\\/boutique\\\/\",\"logo\":{\"@type\":\"ImageObject\",\"inLanguage\":\"fr-FR\",\"@id\":\"https:\\\/\\\/www.mapesteadoree.fr\\\/boutique\\\/#\\\/schema\\\/logo\\\/image\\\/\",\"url\":\"https:\\\/\\\/www.mapesteadoree.fr\\\/boutique\\\/wp-content\\\/uploads\\\/2024\\\/10\\\/cropped-logo-mpa-2024.png\",\"contentUrl\":\"https:\\\/\\\/www.mapesteadoree.fr\\\/boutique\\\/wp-content\\\/uploads\\\/2024\\\/10\\\/cropped-logo-mpa-2024.png\",\"width\":470,\"height\":110,\"caption\":\"Ma Peste Ador\u00e9e\"},\"image\":{\"@id\":\"https:\\\/\\\/www.mapesteadoree.fr\\\/boutique\\\/#\\\/schema\\\/logo\\\/image\\\/\"}}]}<\/script>\n<!-- \/ Yoast SEO plugin. -->","yoast_head_json":{"title":"Galet Plat d'Howlite - Ma Peste Ador\u00e9e","description":"Galet plat d'howlite : une pierre de lithoth\u00e9rapie blanche qui apporte stabilit\u00e9, qui calme et apaise les sentiments n\u00e9gatifs","robots":{"index":"index","follow":"follow","max-snippet":"max-snippet:-1","max-image-preview":"max-image-preview:large","max-video-preview":"max-video-preview:-1"},"canonical":"https:\/\/www.mapesteadoree.fr\/boutique\/bijoux\/galet-plat-howlite\/","og_locale":"fr_FR","og_type":"article","og_title":"Galet Plat d'Howlite - Ma Peste Ador\u00e9e","og_description":"Galet plat d'howlite : une pierre de lithoth\u00e9rapie blanche qui apporte stabilit\u00e9, qui calme et apaise les sentiments n\u00e9gatifs","og_url":"https:\/\/www.mapesteadoree.fr\/boutique\/bijoux\/galet-plat-howlite\/","og_site_name":"Ma Peste Ador\u00e9e","article_modified_time":"2026-05-03T13:19:28+00:00","og_image":[{"width":1200,"height":1200,"url":"https:\/\/www.mapesteadoree.fr\/boutique\/wp-content\/uploads\/2024\/02\/howlite-proprietes.jpg","type":"image\/jpeg"}],"twitter_card":"summary_large_image","twitter_misc":{"Dur\u00e9e de lecture estim\u00e9e":"2 minutes"},"schema":{"@context":"https:\/\/schema.org","@graph":[{"@type":"WebPage","@id":"https:\/\/www.mapesteadoree.fr\/boutique\/bijoux\/galet-plat-howlite\/","url":"https:\/\/www.mapesteadoree.fr\/boutique\/bijoux\/galet-plat-howlite\/","name":"Galet Plat d'Howlite - Ma Peste Ador\u00e9e","isPartOf":{"@id":"https:\/\/www.mapesteadoree.fr\/boutique\/#website"},"primaryImageOfPage":{"@id":"https:\/\/www.mapesteadoree.fr\/boutique\/bijoux\/galet-plat-howlite\/#primaryimage"},"image":{"@id":"https:\/\/www.mapesteadoree.fr\/boutique\/bijoux\/galet-plat-howlite\/#primaryimage"},"thumbnailUrl":"https:\/\/www.mapesteadoree.fr\/boutique\/wp-content\/uploads\/2024\/02\/howlite-proprietes.jpg","datePublished":"2023-09-12T13:08:09+00:00","dateModified":"2026-05-03T13:19:28+00:00","description":"Galet plat d'howlite : une pierre de lithoth\u00e9rapie blanche qui apporte stabilit\u00e9, qui calme et apaise les sentiments n\u00e9gatifs","breadcrumb":{"@id":"https:\/\/www.mapesteadoree.fr\/boutique\/bijoux\/galet-plat-howlite\/#breadcrumb"},"inLanguage":"fr-FR","potentialAction":[{"@type":"ReadAction","target":["https:\/\/www.mapesteadoree.fr\/boutique\/bijoux\/galet-plat-howlite\/"]}]},{"@type":"ImageObject","inLanguage":"fr-FR","@id":"https:\/\/www.mapesteadoree.fr\/boutique\/bijoux\/galet-plat-howlite\/#primaryimage","url":"https:\/\/www.mapesteadoree.fr\/boutique\/wp-content\/uploads\/2024\/02\/howlite-proprietes.jpg","contentUrl":"https:\/\/www.mapesteadoree.fr\/boutique\/wp-content\/uploads\/2024\/02\/howlite-proprietes.jpg","width":1200,"height":1200,"caption":"Galet plat de howlite"},{"@type":"BreadcrumbList","@id":"https:\/\/www.mapesteadoree.fr\/boutique\/bijoux\/galet-plat-howlite\/#breadcrumb","itemListElement":[{"@type":"ListItem","position":1,"name":"Accueil","item":"https:\/\/www.mapesteadoree.fr\/boutique\/"},{"@type":"ListItem","position":2,"name":"Boutique de bijoux uniques en pierres naturelles","item":"https:\/\/www.mapesteadoree.fr\/boutique\/"},{"@type":"ListItem","position":3,"name":"Galet Plat d&rsquo;Howlite"}]},{"@type":"WebSite","@id":"https:\/\/www.mapesteadoree.fr\/boutique\/#website","url":"https:\/\/www.mapesteadoree.fr\/boutique\/","name":"Ma Peste Ador\u00e9e","description":"","publisher":{"@id":"https:\/\/www.mapesteadoree.fr\/boutique\/#organization"},"potentialAction":[{"@type":"SearchAction","target":{"@type":"EntryPoint","urlTemplate":"https:\/\/www.mapesteadoree.fr\/boutique\/?s={search_term_string}"},"query-input":{"@type":"PropertyValueSpecification","valueRequired":true,"valueName":"search_term_string"}}],"inLanguage":"fr-FR"},{"@type":"Organization","@id":"https:\/\/www.mapesteadoree.fr\/boutique\/#organization","name":"Ma Peste Ador\u00e9e","url":"https:\/\/www.mapesteadoree.fr\/boutique\/","logo":{"@type":"ImageObject","inLanguage":"fr-FR","@id":"https:\/\/www.mapesteadoree.fr\/boutique\/#\/schema\/logo\/image\/","url":"https:\/\/www.mapesteadoree.fr\/boutique\/wp-content\/uploads\/2024\/10\/cropped-logo-mpa-2024.png","contentUrl":"https:\/\/www.mapesteadoree.fr\/boutique\/wp-content\/uploads\/2024\/10\/cropped-logo-mpa-2024.png","width":470,"height":110,"caption":"Ma Peste Ador\u00e9e"},"image":{"@id":"https:\/\/www.mapesteadoree.fr\/boutique\/#\/schema\/logo\/image\/"}}]}},"wcpa_form_fields":null,"_links":{"self":[{"href":"https:\/\/www.mapesteadoree.fr\/boutique\/wp-json\/wp\/v2\/product\/51160","targetHints":{"allow":["GET"]}}],"collection":[{"href":"https:\/\/www.mapesteadoree.fr\/boutique\/wp-json\/wp\/v2\/product"}],"about":[{"href":"https:\/\/www.mapesteadoree.fr\/boutique\/wp-json\/wp\/v2\/types\/product"}],"replies":[{"embeddable":true,"href":"https:\/\/www.mapesteadoree.fr\/boutique\/wp-json\/wp\/v2\/comments?post=51160"}],"wp:featuredmedia":[{"embeddable":true,"href":"https:\/\/www.mapesteadoree.fr\/boutique\/wp-json\/wp\/v2\/media\/57732"}],"wp:attachment":[{"href":"https:\/\/www.mapesteadoree.fr\/boutique\/wp-json\/wp\/v2\/media?parent=51160"}],"wp:term":[{"taxonomy":"product_brand","embeddable":true,"href":"https:\/\/www.mapesteadoree.fr\/boutique\/wp-json\/wp\/v2\/product_brand?post=51160"},{"taxonomy":"product_cat","embeddable":true,"href":"https:\/\/www.mapesteadoree.fr\/boutique\/wp-json\/wp\/v2\/product_cat?post=51160"},{"taxonomy":"product_tag","embeddable":true,"href":"https:\/\/www.mapesteadoree.fr\/boutique\/wp-json\/wp\/v2\/product_tag?post=51160"}],"curies":[{"name":"wp","href":"https:\/\/api.w.org\/{rel}","templated":true}]}}