{"id":51147,"date":"2023-09-08T15:28:43","date_gmt":"2023-09-08T13:28:43","guid":{"rendered":"https:\/\/www.mapesteadoree.fr\/boutique\/?post_type=product&#038;p=51147"},"modified":"2025-08-21T10:31:47","modified_gmt":"2025-08-21T08:31:47","slug":"galet-plat-obsidienne-noire","status":"publish","type":"product","link":"https:\/\/www.mapesteadoree.fr\/boutique\/bijoux\/galet-plat-obsidienne-noire\/","title":{"rendered":"Galet Plat d&rsquo;Obsidienne"},"content":{"rendered":"<h1>L&rsquo;Obsidienne : pour nettoyer le corps et l&rsquo;esprit<\/h1>\n<p>Voici un galet plat d&rsquo;obsidienne noire : il a une taille parfaite pour le garder dans sa poche, dans un sac, un cartable ou dans une chambre (sur une commode, une table de chevet). Il n&rsquo;est ni trop grand, ni trop petit, juste la taille id\u00e9ale pour profiter de ses bienfaits. \u00a0Car l&rsquo;obsidienne est une pierre de lithoth\u00e9rapie \u00a0puissante !<\/p>\n<ul>\n<li>Taille du galet : environ 3,5-4cm x 4-6cm<\/li>\n<li>Poids : entre 35 et 55g selon la forme<\/li>\n<li>Origine : Mexique<\/li>\n<\/ul>\n<p>Chaque pierre est naturelle donc la forme comme la couleur peut varier. Chaque exemplaire est donc totalement unique et celui que vous recevrez est celui qui vous \u00e9tait destin\u00e9&#8230; L&rsquo;obsidienne est une pierre vraiment noire, donc la couleur varie peu, c&rsquo;est surtout la forme qui change d&rsquo;un exemplaire \u00e0 l&rsquo;autre.<\/p>\n<p><i>L&rsquo;obsidienne noire est une pierre de lithoth\u00e9rapie puissante. Elle\u00a0prot\u00e8ge, lib\u00e8re des souffrances psychiques. Elle panse les plaies \u00e9motionnelles. C&rsquo;est aussi une excellente pierre de protection, qui aide aussi \u00a0\u00e0 contrer les attaques psychologiques.<\/i><\/p>\n<h2>L&rsquo;obsidienne noire : une pierre de protection puissante<\/h2>\n<p>La pierre naturelle d&rsquo;obsidienne est une pierre qui apporte sagesse et protection. \u00a0Elle est tr\u00e8s connue en lithoth\u00e9rapie, car elle est tr\u00e8s puissante. Elle poss\u00e8de de nombreux bienfaits :<\/p>\n<ul class=\"i8Z77e\">\n<li>Elle prot\u00e8ge son porteur des \u00e9nergies n\u00e9gatives environnantes de fa\u00e7on puissante.<\/li>\n<li>Elle aide \u00e0 se lib\u00e9rer des \u00e9motions n\u00e9gatives et des blocages d&rsquo;\u00e9nergies<\/li>\n<li>Elle apaise l&rsquo;anxi\u00e9t\u00e9, la tension, la col\u00e8re \u00a0et le stress<\/li>\n<li>C&rsquo;est la pierre de l&rsquo;apprentissage et des connaissances<\/li>\n<li>Pierre d&rsquo;ancrage, elle aide \u00e0 changer, \u00e0 se remettre en question.<\/li>\n<li>Elle aide \u00e0 d\u00e9passer les r\u00e9currences comportementales et les blocages du subconscient<\/li>\n<li>Elle agit comme un miroir de l&rsquo;\u00e2me, aide \u00e0 acc\u00e9der \u00e0 ses vies ant\u00e9rieures et \u00e0 ses exp\u00e9riences pass\u00e9es<\/li>\n<li>L&rsquo;Obsidienne est souvent utilis\u00e9e pour favoriser la clairvoyance et la divination chez les personnes.<\/li>\n<li>Elle r\u00e9gule la circulation du sang et purifie ainsi les organes et tout le corps.<\/li>\n<li>Elle permet \u00e0 la peau de cicatriser et de se r\u00e9g\u00e9n\u00e9rer plus vite, dans les cas de br\u00fblures par exemple.<\/li>\n<li>Elle aide en cas de douleurs abdominales (syndrome de c\u00f4lon irritable ou SCI, de gastoent\u00e9rite, naus\u00e9es, ballonnements&#8230;)<\/li>\n<\/ul>\n<p>&nbsp;<\/p>\n<blockquote><p>Sur le plan holistique, l&rsquo;obsidienne est une\u00a0pierre tr\u00e8s mystique, traditionnellement associ\u00e9e aux mondes de l&rsquo;\u00e9sot\u00e9risme et de la spiritualit\u00e9. Tr\u00e8s magn\u00e9tique, elle est consid\u00e9r\u00e9e comme l&rsquo;une des pierres de protection les plus puissantes.<\/p><\/blockquote>\n","protected":false},"excerpt":{"rendered":"<p>Galet plat d&rsquo;Obsidienne, originaire du Mexique. Cette pierre a la taille parfaite \u00a0\u00e0 garder dans la poche ou \u00e0 poser dans une chambre. Cette pierre \u00a0est connue pour apporter protection et sagesse. C&rsquo;est un gemme puissant et mystique, souvent utilis\u00e9 en lithoth\u00e9rapie.<\/p>\n","protected":false},"featured_media":57746,"comment_status":"open","ping_status":"closed","template":"","meta":[],"product_brand":[],"product_cat":[25,1997,26],"product_tag":[2034],"class_list":{"0":"post-51147","1":"product","2":"type-product","3":"status-publish","4":"has-post-thumbnail","6":"product_cat-accessoires","7":"product_cat-mineraux","8":"product_cat-pierres-naturelles","9":"product_tag-protection","11":"first","12":"instock","13":"shipping-taxable","14":"purchasable","15":"product-type-simple"},"acf":[],"yoast_head":"<!-- This site is optimized with the Yoast SEO plugin v27.4 - https:\/\/yoast.com\/product\/yoast-seo-wordpress\/ -->\n<title>Galet Plat d&#039;Obsidienne - Ma Peste Ador\u00e9e<\/title>\n<meta name=\"description\" content=\"Galet plat d&#039;obsidienne : pierre puissante de protection, de sagesse. C&#039;est une pierre myst\u00e9rieuse tr\u00e8s puissante, qui prot\u00e8ge des \u00e9nergies n\u00e9gatives\" \/>\n<meta name=\"robots\" content=\"index, follow, max-snippet:-1, max-image-preview:large, max-video-preview:-1\" \/>\n<link rel=\"canonical\" href=\"https:\/\/www.mapesteadoree.fr\/boutique\/bijoux\/galet-plat-obsidienne-noire\/\" \/>\n<meta property=\"og:locale\" content=\"fr_FR\" \/>\n<meta property=\"og:type\" content=\"article\" \/>\n<meta property=\"og:title\" content=\"Galet Plat d&#039;Obsidienne - Ma Peste Ador\u00e9e\" \/>\n<meta property=\"og:description\" content=\"Galet plat d&#039;obsidienne : pierre puissante de protection, de sagesse. C&#039;est une pierre myst\u00e9rieuse tr\u00e8s puissante, qui prot\u00e8ge des \u00e9nergies n\u00e9gatives\" \/>\n<meta property=\"og:url\" content=\"https:\/\/www.mapesteadoree.fr\/boutique\/bijoux\/galet-plat-obsidienne-noire\/\" \/>\n<meta property=\"og:site_name\" content=\"Ma Peste Ador\u00e9e\" \/>\n<meta property=\"article:modified_time\" content=\"2025-08-21T08:31:47+00:00\" \/>\n<meta property=\"og:image\" content=\"https:\/\/www.mapesteadoree.fr\/boutique\/wp-content\/uploads\/2024\/02\/obsidienne-proprietes.jpg\" \/>\n\t<meta property=\"og:image:width\" content=\"1200\" \/>\n\t<meta property=\"og:image:height\" content=\"1200\" \/>\n\t<meta property=\"og:image:type\" content=\"image\/jpeg\" \/>\n<meta name=\"twitter:card\" content=\"summary_large_image\" \/>\n<meta name=\"twitter:label1\" content=\"Dur\u00e9e de lecture estim\u00e9e\" \/>\n\t<meta name=\"twitter:data1\" content=\"2 minutes\" \/>\n<script type=\"application\/ld+json\" class=\"yoast-schema-graph\">{\"@context\":\"https:\\\/\\\/schema.org\",\"@graph\":[{\"@type\":\"WebPage\",\"@id\":\"https:\\\/\\\/www.mapesteadoree.fr\\\/boutique\\\/bijoux\\\/galet-plat-obsidienne-noire\\\/\",\"url\":\"https:\\\/\\\/www.mapesteadoree.fr\\\/boutique\\\/bijoux\\\/galet-plat-obsidienne-noire\\\/\",\"name\":\"Galet Plat d'Obsidienne - Ma Peste Ador\u00e9e\",\"isPartOf\":{\"@id\":\"https:\\\/\\\/www.mapesteadoree.fr\\\/boutique\\\/#website\"},\"primaryImageOfPage\":{\"@id\":\"https:\\\/\\\/www.mapesteadoree.fr\\\/boutique\\\/bijoux\\\/galet-plat-obsidienne-noire\\\/#primaryimage\"},\"image\":{\"@id\":\"https:\\\/\\\/www.mapesteadoree.fr\\\/boutique\\\/bijoux\\\/galet-plat-obsidienne-noire\\\/#primaryimage\"},\"thumbnailUrl\":\"https:\\\/\\\/www.mapesteadoree.fr\\\/boutique\\\/wp-content\\\/uploads\\\/2024\\\/02\\\/obsidienne-proprietes.jpg\",\"datePublished\":\"2023-09-08T13:28:43+00:00\",\"dateModified\":\"2025-08-21T08:31:47+00:00\",\"description\":\"Galet plat d'obsidienne : pierre puissante de protection, de sagesse. C'est une pierre myst\u00e9rieuse tr\u00e8s puissante, qui prot\u00e8ge des \u00e9nergies n\u00e9gatives\",\"breadcrumb\":{\"@id\":\"https:\\\/\\\/www.mapesteadoree.fr\\\/boutique\\\/bijoux\\\/galet-plat-obsidienne-noire\\\/#breadcrumb\"},\"inLanguage\":\"fr-FR\",\"potentialAction\":[{\"@type\":\"ReadAction\",\"target\":[\"https:\\\/\\\/www.mapesteadoree.fr\\\/boutique\\\/bijoux\\\/galet-plat-obsidienne-noire\\\/\"]}]},{\"@type\":\"ImageObject\",\"inLanguage\":\"fr-FR\",\"@id\":\"https:\\\/\\\/www.mapesteadoree.fr\\\/boutique\\\/bijoux\\\/galet-plat-obsidienne-noire\\\/#primaryimage\",\"url\":\"https:\\\/\\\/www.mapesteadoree.fr\\\/boutique\\\/wp-content\\\/uploads\\\/2024\\\/02\\\/obsidienne-proprietes.jpg\",\"contentUrl\":\"https:\\\/\\\/www.mapesteadoree.fr\\\/boutique\\\/wp-content\\\/uploads\\\/2024\\\/02\\\/obsidienne-proprietes.jpg\",\"width\":1200,\"height\":1200,\"caption\":\"Galet plat d'obsidienne\"},{\"@type\":\"BreadcrumbList\",\"@id\":\"https:\\\/\\\/www.mapesteadoree.fr\\\/boutique\\\/bijoux\\\/galet-plat-obsidienne-noire\\\/#breadcrumb\",\"itemListElement\":[{\"@type\":\"ListItem\",\"position\":1,\"name\":\"Accueil\",\"item\":\"https:\\\/\\\/www.mapesteadoree.fr\\\/boutique\\\/\"},{\"@type\":\"ListItem\",\"position\":2,\"name\":\"Boutique de bijoux uniques en pierres naturelles\",\"item\":\"https:\\\/\\\/www.mapesteadoree.fr\\\/boutique\\\/\"},{\"@type\":\"ListItem\",\"position\":3,\"name\":\"Galet Plat d&rsquo;Obsidienne\"}]},{\"@type\":\"WebSite\",\"@id\":\"https:\\\/\\\/www.mapesteadoree.fr\\\/boutique\\\/#website\",\"url\":\"https:\\\/\\\/www.mapesteadoree.fr\\\/boutique\\\/\",\"name\":\"Ma Peste Ador\u00e9e\",\"description\":\"\",\"publisher\":{\"@id\":\"https:\\\/\\\/www.mapesteadoree.fr\\\/boutique\\\/#organization\"},\"potentialAction\":[{\"@type\":\"SearchAction\",\"target\":{\"@type\":\"EntryPoint\",\"urlTemplate\":\"https:\\\/\\\/www.mapesteadoree.fr\\\/boutique\\\/?s={search_term_string}\"},\"query-input\":{\"@type\":\"PropertyValueSpecification\",\"valueRequired\":true,\"valueName\":\"search_term_string\"}}],\"inLanguage\":\"fr-FR\"},{\"@type\":\"Organization\",\"@id\":\"https:\\\/\\\/www.mapesteadoree.fr\\\/boutique\\\/#organization\",\"name\":\"Ma Peste Ador\u00e9e\",\"url\":\"https:\\\/\\\/www.mapesteadoree.fr\\\/boutique\\\/\",\"logo\":{\"@type\":\"ImageObject\",\"inLanguage\":\"fr-FR\",\"@id\":\"https:\\\/\\\/www.mapesteadoree.fr\\\/boutique\\\/#\\\/schema\\\/logo\\\/image\\\/\",\"url\":\"https:\\\/\\\/www.mapesteadoree.fr\\\/boutique\\\/wp-content\\\/uploads\\\/2024\\\/10\\\/cropped-logo-mpa-2024.png\",\"contentUrl\":\"https:\\\/\\\/www.mapesteadoree.fr\\\/boutique\\\/wp-content\\\/uploads\\\/2024\\\/10\\\/cropped-logo-mpa-2024.png\",\"width\":470,\"height\":110,\"caption\":\"Ma Peste Ador\u00e9e\"},\"image\":{\"@id\":\"https:\\\/\\\/www.mapesteadoree.fr\\\/boutique\\\/#\\\/schema\\\/logo\\\/image\\\/\"}}]}<\/script>\n<!-- \/ Yoast SEO plugin. -->","yoast_head_json":{"title":"Galet Plat d'Obsidienne - Ma Peste Ador\u00e9e","description":"Galet plat d'obsidienne : pierre puissante de protection, de sagesse. C'est une pierre myst\u00e9rieuse tr\u00e8s puissante, qui prot\u00e8ge des \u00e9nergies n\u00e9gatives","robots":{"index":"index","follow":"follow","max-snippet":"max-snippet:-1","max-image-preview":"max-image-preview:large","max-video-preview":"max-video-preview:-1"},"canonical":"https:\/\/www.mapesteadoree.fr\/boutique\/bijoux\/galet-plat-obsidienne-noire\/","og_locale":"fr_FR","og_type":"article","og_title":"Galet Plat d'Obsidienne - Ma Peste Ador\u00e9e","og_description":"Galet plat d'obsidienne : pierre puissante de protection, de sagesse. C'est une pierre myst\u00e9rieuse tr\u00e8s puissante, qui prot\u00e8ge des \u00e9nergies n\u00e9gatives","og_url":"https:\/\/www.mapesteadoree.fr\/boutique\/bijoux\/galet-plat-obsidienne-noire\/","og_site_name":"Ma Peste Ador\u00e9e","article_modified_time":"2025-08-21T08:31:47+00:00","og_image":[{"width":1200,"height":1200,"url":"https:\/\/www.mapesteadoree.fr\/boutique\/wp-content\/uploads\/2024\/02\/obsidienne-proprietes.jpg","type":"image\/jpeg"}],"twitter_card":"summary_large_image","twitter_misc":{"Dur\u00e9e de lecture estim\u00e9e":"2 minutes"},"schema":{"@context":"https:\/\/schema.org","@graph":[{"@type":"WebPage","@id":"https:\/\/www.mapesteadoree.fr\/boutique\/bijoux\/galet-plat-obsidienne-noire\/","url":"https:\/\/www.mapesteadoree.fr\/boutique\/bijoux\/galet-plat-obsidienne-noire\/","name":"Galet Plat d'Obsidienne - Ma Peste Ador\u00e9e","isPartOf":{"@id":"https:\/\/www.mapesteadoree.fr\/boutique\/#website"},"primaryImageOfPage":{"@id":"https:\/\/www.mapesteadoree.fr\/boutique\/bijoux\/galet-plat-obsidienne-noire\/#primaryimage"},"image":{"@id":"https:\/\/www.mapesteadoree.fr\/boutique\/bijoux\/galet-plat-obsidienne-noire\/#primaryimage"},"thumbnailUrl":"https:\/\/www.mapesteadoree.fr\/boutique\/wp-content\/uploads\/2024\/02\/obsidienne-proprietes.jpg","datePublished":"2023-09-08T13:28:43+00:00","dateModified":"2025-08-21T08:31:47+00:00","description":"Galet plat d'obsidienne : pierre puissante de protection, de sagesse. C'est une pierre myst\u00e9rieuse tr\u00e8s puissante, qui prot\u00e8ge des \u00e9nergies n\u00e9gatives","breadcrumb":{"@id":"https:\/\/www.mapesteadoree.fr\/boutique\/bijoux\/galet-plat-obsidienne-noire\/#breadcrumb"},"inLanguage":"fr-FR","potentialAction":[{"@type":"ReadAction","target":["https:\/\/www.mapesteadoree.fr\/boutique\/bijoux\/galet-plat-obsidienne-noire\/"]}]},{"@type":"ImageObject","inLanguage":"fr-FR","@id":"https:\/\/www.mapesteadoree.fr\/boutique\/bijoux\/galet-plat-obsidienne-noire\/#primaryimage","url":"https:\/\/www.mapesteadoree.fr\/boutique\/wp-content\/uploads\/2024\/02\/obsidienne-proprietes.jpg","contentUrl":"https:\/\/www.mapesteadoree.fr\/boutique\/wp-content\/uploads\/2024\/02\/obsidienne-proprietes.jpg","width":1200,"height":1200,"caption":"Galet plat d'obsidienne"},{"@type":"BreadcrumbList","@id":"https:\/\/www.mapesteadoree.fr\/boutique\/bijoux\/galet-plat-obsidienne-noire\/#breadcrumb","itemListElement":[{"@type":"ListItem","position":1,"name":"Accueil","item":"https:\/\/www.mapesteadoree.fr\/boutique\/"},{"@type":"ListItem","position":2,"name":"Boutique de bijoux uniques en pierres naturelles","item":"https:\/\/www.mapesteadoree.fr\/boutique\/"},{"@type":"ListItem","position":3,"name":"Galet Plat d&rsquo;Obsidienne"}]},{"@type":"WebSite","@id":"https:\/\/www.mapesteadoree.fr\/boutique\/#website","url":"https:\/\/www.mapesteadoree.fr\/boutique\/","name":"Ma Peste Ador\u00e9e","description":"","publisher":{"@id":"https:\/\/www.mapesteadoree.fr\/boutique\/#organization"},"potentialAction":[{"@type":"SearchAction","target":{"@type":"EntryPoint","urlTemplate":"https:\/\/www.mapesteadoree.fr\/boutique\/?s={search_term_string}"},"query-input":{"@type":"PropertyValueSpecification","valueRequired":true,"valueName":"search_term_string"}}],"inLanguage":"fr-FR"},{"@type":"Organization","@id":"https:\/\/www.mapesteadoree.fr\/boutique\/#organization","name":"Ma Peste Ador\u00e9e","url":"https:\/\/www.mapesteadoree.fr\/boutique\/","logo":{"@type":"ImageObject","inLanguage":"fr-FR","@id":"https:\/\/www.mapesteadoree.fr\/boutique\/#\/schema\/logo\/image\/","url":"https:\/\/www.mapesteadoree.fr\/boutique\/wp-content\/uploads\/2024\/10\/cropped-logo-mpa-2024.png","contentUrl":"https:\/\/www.mapesteadoree.fr\/boutique\/wp-content\/uploads\/2024\/10\/cropped-logo-mpa-2024.png","width":470,"height":110,"caption":"Ma Peste Ador\u00e9e"},"image":{"@id":"https:\/\/www.mapesteadoree.fr\/boutique\/#\/schema\/logo\/image\/"}}]}},"wcpa_form_fields":null,"_links":{"self":[{"href":"https:\/\/www.mapesteadoree.fr\/boutique\/wp-json\/wp\/v2\/product\/51147","targetHints":{"allow":["GET"]}}],"collection":[{"href":"https:\/\/www.mapesteadoree.fr\/boutique\/wp-json\/wp\/v2\/product"}],"about":[{"href":"https:\/\/www.mapesteadoree.fr\/boutique\/wp-json\/wp\/v2\/types\/product"}],"replies":[{"embeddable":true,"href":"https:\/\/www.mapesteadoree.fr\/boutique\/wp-json\/wp\/v2\/comments?post=51147"}],"wp:featuredmedia":[{"embeddable":true,"href":"https:\/\/www.mapesteadoree.fr\/boutique\/wp-json\/wp\/v2\/media\/57746"}],"wp:attachment":[{"href":"https:\/\/www.mapesteadoree.fr\/boutique\/wp-json\/wp\/v2\/media?parent=51147"}],"wp:term":[{"taxonomy":"product_brand","embeddable":true,"href":"https:\/\/www.mapesteadoree.fr\/boutique\/wp-json\/wp\/v2\/product_brand?post=51147"},{"taxonomy":"product_cat","embeddable":true,"href":"https:\/\/www.mapesteadoree.fr\/boutique\/wp-json\/wp\/v2\/product_cat?post=51147"},{"taxonomy":"product_tag","embeddable":true,"href":"https:\/\/www.mapesteadoree.fr\/boutique\/wp-json\/wp\/v2\/product_tag?post=51147"}],"curies":[{"name":"wp","href":"https:\/\/api.w.org\/{rel}","templated":true}]}}