{"id":51145,"date":"2023-09-08T15:01:48","date_gmt":"2023-09-08T13:01:48","guid":{"rendered":"https:\/\/www.mapesteadoree.fr\/boutique\/?post_type=product&#038;p=51145"},"modified":"2025-09-05T18:25:39","modified_gmt":"2025-09-05T16:25:39","slug":"galet-plat-de-jaspe-rouge","status":"publish","type":"product","link":"https:\/\/www.mapesteadoree.fr\/boutique\/bijoux\/galet-plat-de-jaspe-rouge\/","title":{"rendered":"Galet Plat de Jaspe Rouge"},"content":{"rendered":"<h1>Le jaspe rouge : la pierre de la vie<\/h1>\n<p>Voici un galet plat de jaspe rouge, il a une taille parfaite pour le garder dans sa poche, dans un sac, un cartable ou dans une chambre (sur une commode, une table de chevet). Il n&rsquo;est ni trop grand, ni trop petit, que ce soit pour un enfant ou un adulte, ce jaspe rouge est une pierre de lithoth\u00e9rapie \u00a0vraiment parfaite !<\/p>\n<ul>\n<li>Taille du galet : environ 3,5-4cm x 4-6cm<\/li>\n<li>Poids : entre 35 et 55g selon la forme<\/li>\n<li>Origine : Br\u00e9sil<\/li>\n<\/ul>\n<p>Chaque pierre est naturelle donc la forme comme la couleur peut varier. Chaque exemplaire est donc totalement unique et celui que vous recevrez est celui qui vous \u00e9tait destin\u00e9&#8230; Le jaspe rouge peut \u00eatre \u00a0stri\u00e9, avec des colorations brunes-noires voire transparentes.<\/p>\n<p><i>Le Jaspe rouge est une pierre\u00a0d&rsquo;enracinement et de protection, tr\u00e8s\u00a0puissante. Il permet\u00a0de rester ancrer et d&rsquo;appr\u00e9cier le moment pr\u00e9sent.\u00a0C&rsquo;est aussi une pierre de vitalit\u00e9, qui\u00a0booster la libido et qui est tr\u00e8s utile aux femmes enceintes.<\/i><\/p>\n<h2>Le jaspe rouge : une pierre de vitalit\u00e9 et de bonne sant\u00e9<\/h2>\n<p>La pierre naturelle de jaspe rouge est une pierre d&rsquo;enracinement, de protection mais aussi de vitalit\u00e9 et de force. \u00a0Elle poss\u00e8de de nombreux bienfaits :<\/p>\n<ul class=\"i8Z77e\">\n<li>Elle prot\u00e8ge son porteur des \u00e9nergies n\u00e9gatives<\/li>\n<li>Elle aide \u00e0 rester ancr\u00e9 dans le moment pr\u00e9sent, \u00e0 bien vivre son quotidien, \u00e0 profiter de la vie.<\/li>\n<li>C&rsquo;est une pierre qui aide aussi \u00e0 se projeter dans un avenir heureux. Elle aide \u00e0 se remettre en question et si besoin \u00e0 \u00ab\u00a0rena\u00eetre\u00a0\u00bb. Elle favorise les id\u00e9es nouvelles.<\/li>\n<li>C&rsquo;est une pierre qui\u00a0offre une belle \u00e9nergie de gu\u00e9rison. Elle \u00a0harmonise et \u00e9quilibre les chakras racine et sacr\u00e9.<\/li>\n<li>Elle apporte force, dynamisme et bonne sant\u00e9.<\/li>\n<li>Pierre de vitalit\u00e9, elle a un tr\u00e8s bon effet fortifiant pour le corps. Elle est souvent utilis\u00e9e pour accompagner les femmes pendant leur grossesse et m\u00eame apr\u00e8s en post-partum. Elle soulage les naus\u00e9es.<\/li>\n<li>C&rsquo;est une pierre qui r\u00e9gule le d\u00e9sir sexuel. Elle stimule la libido,\u00a0lib\u00e8re des blocages psychologiques chez les personnes stress\u00e9es.<\/li>\n<li>Elle aide \u00e0 soulager les jambes lourdes et facilite la circulation du sang dans le corps. Elle contribue ainsi \u00e0 la bonne sant\u00e9 de tous les organes.<\/li>\n<li>Elle renforce le syst\u00e8me immunitaire<\/li>\n<\/ul>\n<p>&nbsp;<\/p>\n<blockquote><p>Sur le plan holistique, le jaspe rouge est\u00a0synonyme de \u00a0force, de protection et de stabilit\u00e9. Il est consid\u00e9r\u00e9 comme un porte-bonheur et est souvent utilis\u00e9 pour attirer la chance.<\/p><\/blockquote>\n","protected":false},"excerpt":{"rendered":"<p>Galet plat de Jaspe rouge, originaire du Br\u00e9sil. Cette pierre a la taille parfaite pour un enfant ou un adulte, \u00e0 garder dans la poche ou \u00e0 poser dans une chambre. Cette pierre \u00a0est connue pour apporter une bonne sant\u00e9, prot\u00e9ger le coeur, le syst\u00e8me immunitaire. Le jaspe rouge est aussi une pierre conseill\u00e9e pour les femmes enceintes ou encore pour booster la libido.<\/p>\n","protected":false},"featured_media":57738,"comment_status":"open","ping_status":"closed","template":"","meta":[],"product_brand":[],"product_cat":[25,1997,26],"product_tag":[],"class_list":{"0":"post-51145","1":"product","2":"type-product","3":"status-publish","4":"has-post-thumbnail","6":"product_cat-accessoires","7":"product_cat-mineraux","8":"product_cat-pierres-naturelles","10":"first","11":"instock","12":"shipping-taxable","13":"purchasable","14":"product-type-simple"},"acf":[],"yoast_head":"<!-- This site is optimized with the Yoast SEO plugin v27.4 - https:\/\/yoast.com\/product\/yoast-seo-wordpress\/ -->\n<title>Galet Plat de Jaspe Rouge - Ma Peste Ador\u00e9e<\/title>\n<meta name=\"description\" content=\"Galet plat de jaspe rouge : pierre d&#039;enracinement, de vitalit\u00e9 et de protection, c&#039;est une pierre utile pour raviver sa libido, prot\u00e9ger sa grossesse...\" \/>\n<meta name=\"robots\" content=\"index, follow, max-snippet:-1, max-image-preview:large, max-video-preview:-1\" \/>\n<link rel=\"canonical\" href=\"https:\/\/www.mapesteadoree.fr\/boutique\/bijoux\/galet-plat-de-jaspe-rouge\/\" \/>\n<meta property=\"og:locale\" content=\"fr_FR\" \/>\n<meta property=\"og:type\" content=\"article\" \/>\n<meta property=\"og:title\" content=\"Galet Plat de Jaspe Rouge - Ma Peste Ador\u00e9e\" \/>\n<meta property=\"og:description\" content=\"Galet plat de jaspe rouge : pierre d&#039;enracinement, de vitalit\u00e9 et de protection, c&#039;est une pierre utile pour raviver sa libido, prot\u00e9ger sa grossesse...\" \/>\n<meta property=\"og:url\" content=\"https:\/\/www.mapesteadoree.fr\/boutique\/bijoux\/galet-plat-de-jaspe-rouge\/\" \/>\n<meta property=\"og:site_name\" content=\"Ma Peste Ador\u00e9e\" \/>\n<meta property=\"article:modified_time\" content=\"2025-09-05T16:25:39+00:00\" \/>\n<meta property=\"og:image\" content=\"https:\/\/www.mapesteadoree.fr\/boutique\/wp-content\/uploads\/2024\/02\/jaspe-rouge-proprietes.jpg\" \/>\n\t<meta property=\"og:image:width\" content=\"1200\" \/>\n\t<meta property=\"og:image:height\" content=\"1200\" \/>\n\t<meta property=\"og:image:type\" content=\"image\/jpeg\" \/>\n<meta name=\"twitter:card\" content=\"summary_large_image\" \/>\n<meta name=\"twitter:label1\" content=\"Dur\u00e9e de lecture estim\u00e9e\" \/>\n\t<meta name=\"twitter:data1\" content=\"2 minutes\" \/>\n<script type=\"application\/ld+json\" class=\"yoast-schema-graph\">{\"@context\":\"https:\\\/\\\/schema.org\",\"@graph\":[{\"@type\":\"WebPage\",\"@id\":\"https:\\\/\\\/www.mapesteadoree.fr\\\/boutique\\\/bijoux\\\/galet-plat-de-jaspe-rouge\\\/\",\"url\":\"https:\\\/\\\/www.mapesteadoree.fr\\\/boutique\\\/bijoux\\\/galet-plat-de-jaspe-rouge\\\/\",\"name\":\"Galet Plat de Jaspe Rouge - Ma Peste Ador\u00e9e\",\"isPartOf\":{\"@id\":\"https:\\\/\\\/www.mapesteadoree.fr\\\/boutique\\\/#website\"},\"primaryImageOfPage\":{\"@id\":\"https:\\\/\\\/www.mapesteadoree.fr\\\/boutique\\\/bijoux\\\/galet-plat-de-jaspe-rouge\\\/#primaryimage\"},\"image\":{\"@id\":\"https:\\\/\\\/www.mapesteadoree.fr\\\/boutique\\\/bijoux\\\/galet-plat-de-jaspe-rouge\\\/#primaryimage\"},\"thumbnailUrl\":\"https:\\\/\\\/www.mapesteadoree.fr\\\/boutique\\\/wp-content\\\/uploads\\\/2024\\\/02\\\/jaspe-rouge-proprietes.jpg\",\"datePublished\":\"2023-09-08T13:01:48+00:00\",\"dateModified\":\"2025-09-05T16:25:39+00:00\",\"description\":\"Galet plat de jaspe rouge : pierre d'enracinement, de vitalit\u00e9 et de protection, c'est une pierre utile pour raviver sa libido, prot\u00e9ger sa grossesse...\",\"breadcrumb\":{\"@id\":\"https:\\\/\\\/www.mapesteadoree.fr\\\/boutique\\\/bijoux\\\/galet-plat-de-jaspe-rouge\\\/#breadcrumb\"},\"inLanguage\":\"fr-FR\",\"potentialAction\":[{\"@type\":\"ReadAction\",\"target\":[\"https:\\\/\\\/www.mapesteadoree.fr\\\/boutique\\\/bijoux\\\/galet-plat-de-jaspe-rouge\\\/\"]}]},{\"@type\":\"ImageObject\",\"inLanguage\":\"fr-FR\",\"@id\":\"https:\\\/\\\/www.mapesteadoree.fr\\\/boutique\\\/bijoux\\\/galet-plat-de-jaspe-rouge\\\/#primaryimage\",\"url\":\"https:\\\/\\\/www.mapesteadoree.fr\\\/boutique\\\/wp-content\\\/uploads\\\/2024\\\/02\\\/jaspe-rouge-proprietes.jpg\",\"contentUrl\":\"https:\\\/\\\/www.mapesteadoree.fr\\\/boutique\\\/wp-content\\\/uploads\\\/2024\\\/02\\\/jaspe-rouge-proprietes.jpg\",\"width\":1200,\"height\":1200,\"caption\":\"Galet plat de jaspe rouge\"},{\"@type\":\"BreadcrumbList\",\"@id\":\"https:\\\/\\\/www.mapesteadoree.fr\\\/boutique\\\/bijoux\\\/galet-plat-de-jaspe-rouge\\\/#breadcrumb\",\"itemListElement\":[{\"@type\":\"ListItem\",\"position\":1,\"name\":\"Accueil\",\"item\":\"https:\\\/\\\/www.mapesteadoree.fr\\\/boutique\\\/\"},{\"@type\":\"ListItem\",\"position\":2,\"name\":\"Boutique de bijoux uniques en pierres naturelles\",\"item\":\"https:\\\/\\\/www.mapesteadoree.fr\\\/boutique\\\/\"},{\"@type\":\"ListItem\",\"position\":3,\"name\":\"Galet Plat de Jaspe Rouge\"}]},{\"@type\":\"WebSite\",\"@id\":\"https:\\\/\\\/www.mapesteadoree.fr\\\/boutique\\\/#website\",\"url\":\"https:\\\/\\\/www.mapesteadoree.fr\\\/boutique\\\/\",\"name\":\"Ma Peste Ador\u00e9e\",\"description\":\"\",\"publisher\":{\"@id\":\"https:\\\/\\\/www.mapesteadoree.fr\\\/boutique\\\/#organization\"},\"potentialAction\":[{\"@type\":\"SearchAction\",\"target\":{\"@type\":\"EntryPoint\",\"urlTemplate\":\"https:\\\/\\\/www.mapesteadoree.fr\\\/boutique\\\/?s={search_term_string}\"},\"query-input\":{\"@type\":\"PropertyValueSpecification\",\"valueRequired\":true,\"valueName\":\"search_term_string\"}}],\"inLanguage\":\"fr-FR\"},{\"@type\":\"Organization\",\"@id\":\"https:\\\/\\\/www.mapesteadoree.fr\\\/boutique\\\/#organization\",\"name\":\"Ma Peste Ador\u00e9e\",\"url\":\"https:\\\/\\\/www.mapesteadoree.fr\\\/boutique\\\/\",\"logo\":{\"@type\":\"ImageObject\",\"inLanguage\":\"fr-FR\",\"@id\":\"https:\\\/\\\/www.mapesteadoree.fr\\\/boutique\\\/#\\\/schema\\\/logo\\\/image\\\/\",\"url\":\"https:\\\/\\\/www.mapesteadoree.fr\\\/boutique\\\/wp-content\\\/uploads\\\/2024\\\/10\\\/cropped-logo-mpa-2024.png\",\"contentUrl\":\"https:\\\/\\\/www.mapesteadoree.fr\\\/boutique\\\/wp-content\\\/uploads\\\/2024\\\/10\\\/cropped-logo-mpa-2024.png\",\"width\":470,\"height\":110,\"caption\":\"Ma Peste Ador\u00e9e\"},\"image\":{\"@id\":\"https:\\\/\\\/www.mapesteadoree.fr\\\/boutique\\\/#\\\/schema\\\/logo\\\/image\\\/\"}}]}<\/script>\n<!-- \/ Yoast SEO plugin. -->","yoast_head_json":{"title":"Galet Plat de Jaspe Rouge - Ma Peste Ador\u00e9e","description":"Galet plat de jaspe rouge : pierre d'enracinement, de vitalit\u00e9 et de protection, c'est une pierre utile pour raviver sa libido, prot\u00e9ger sa grossesse...","robots":{"index":"index","follow":"follow","max-snippet":"max-snippet:-1","max-image-preview":"max-image-preview:large","max-video-preview":"max-video-preview:-1"},"canonical":"https:\/\/www.mapesteadoree.fr\/boutique\/bijoux\/galet-plat-de-jaspe-rouge\/","og_locale":"fr_FR","og_type":"article","og_title":"Galet Plat de Jaspe Rouge - Ma Peste Ador\u00e9e","og_description":"Galet plat de jaspe rouge : pierre d'enracinement, de vitalit\u00e9 et de protection, c'est une pierre utile pour raviver sa libido, prot\u00e9ger sa grossesse...","og_url":"https:\/\/www.mapesteadoree.fr\/boutique\/bijoux\/galet-plat-de-jaspe-rouge\/","og_site_name":"Ma Peste Ador\u00e9e","article_modified_time":"2025-09-05T16:25:39+00:00","og_image":[{"width":1200,"height":1200,"url":"https:\/\/www.mapesteadoree.fr\/boutique\/wp-content\/uploads\/2024\/02\/jaspe-rouge-proprietes.jpg","type":"image\/jpeg"}],"twitter_card":"summary_large_image","twitter_misc":{"Dur\u00e9e de lecture estim\u00e9e":"2 minutes"},"schema":{"@context":"https:\/\/schema.org","@graph":[{"@type":"WebPage","@id":"https:\/\/www.mapesteadoree.fr\/boutique\/bijoux\/galet-plat-de-jaspe-rouge\/","url":"https:\/\/www.mapesteadoree.fr\/boutique\/bijoux\/galet-plat-de-jaspe-rouge\/","name":"Galet Plat de Jaspe Rouge - Ma Peste Ador\u00e9e","isPartOf":{"@id":"https:\/\/www.mapesteadoree.fr\/boutique\/#website"},"primaryImageOfPage":{"@id":"https:\/\/www.mapesteadoree.fr\/boutique\/bijoux\/galet-plat-de-jaspe-rouge\/#primaryimage"},"image":{"@id":"https:\/\/www.mapesteadoree.fr\/boutique\/bijoux\/galet-plat-de-jaspe-rouge\/#primaryimage"},"thumbnailUrl":"https:\/\/www.mapesteadoree.fr\/boutique\/wp-content\/uploads\/2024\/02\/jaspe-rouge-proprietes.jpg","datePublished":"2023-09-08T13:01:48+00:00","dateModified":"2025-09-05T16:25:39+00:00","description":"Galet plat de jaspe rouge : pierre d'enracinement, de vitalit\u00e9 et de protection, c'est une pierre utile pour raviver sa libido, prot\u00e9ger sa grossesse...","breadcrumb":{"@id":"https:\/\/www.mapesteadoree.fr\/boutique\/bijoux\/galet-plat-de-jaspe-rouge\/#breadcrumb"},"inLanguage":"fr-FR","potentialAction":[{"@type":"ReadAction","target":["https:\/\/www.mapesteadoree.fr\/boutique\/bijoux\/galet-plat-de-jaspe-rouge\/"]}]},{"@type":"ImageObject","inLanguage":"fr-FR","@id":"https:\/\/www.mapesteadoree.fr\/boutique\/bijoux\/galet-plat-de-jaspe-rouge\/#primaryimage","url":"https:\/\/www.mapesteadoree.fr\/boutique\/wp-content\/uploads\/2024\/02\/jaspe-rouge-proprietes.jpg","contentUrl":"https:\/\/www.mapesteadoree.fr\/boutique\/wp-content\/uploads\/2024\/02\/jaspe-rouge-proprietes.jpg","width":1200,"height":1200,"caption":"Galet plat de jaspe rouge"},{"@type":"BreadcrumbList","@id":"https:\/\/www.mapesteadoree.fr\/boutique\/bijoux\/galet-plat-de-jaspe-rouge\/#breadcrumb","itemListElement":[{"@type":"ListItem","position":1,"name":"Accueil","item":"https:\/\/www.mapesteadoree.fr\/boutique\/"},{"@type":"ListItem","position":2,"name":"Boutique de bijoux uniques en pierres naturelles","item":"https:\/\/www.mapesteadoree.fr\/boutique\/"},{"@type":"ListItem","position":3,"name":"Galet Plat de Jaspe Rouge"}]},{"@type":"WebSite","@id":"https:\/\/www.mapesteadoree.fr\/boutique\/#website","url":"https:\/\/www.mapesteadoree.fr\/boutique\/","name":"Ma Peste Ador\u00e9e","description":"","publisher":{"@id":"https:\/\/www.mapesteadoree.fr\/boutique\/#organization"},"potentialAction":[{"@type":"SearchAction","target":{"@type":"EntryPoint","urlTemplate":"https:\/\/www.mapesteadoree.fr\/boutique\/?s={search_term_string}"},"query-input":{"@type":"PropertyValueSpecification","valueRequired":true,"valueName":"search_term_string"}}],"inLanguage":"fr-FR"},{"@type":"Organization","@id":"https:\/\/www.mapesteadoree.fr\/boutique\/#organization","name":"Ma Peste Ador\u00e9e","url":"https:\/\/www.mapesteadoree.fr\/boutique\/","logo":{"@type":"ImageObject","inLanguage":"fr-FR","@id":"https:\/\/www.mapesteadoree.fr\/boutique\/#\/schema\/logo\/image\/","url":"https:\/\/www.mapesteadoree.fr\/boutique\/wp-content\/uploads\/2024\/10\/cropped-logo-mpa-2024.png","contentUrl":"https:\/\/www.mapesteadoree.fr\/boutique\/wp-content\/uploads\/2024\/10\/cropped-logo-mpa-2024.png","width":470,"height":110,"caption":"Ma Peste Ador\u00e9e"},"image":{"@id":"https:\/\/www.mapesteadoree.fr\/boutique\/#\/schema\/logo\/image\/"}}]}},"wcpa_form_fields":null,"_links":{"self":[{"href":"https:\/\/www.mapesteadoree.fr\/boutique\/wp-json\/wp\/v2\/product\/51145","targetHints":{"allow":["GET"]}}],"collection":[{"href":"https:\/\/www.mapesteadoree.fr\/boutique\/wp-json\/wp\/v2\/product"}],"about":[{"href":"https:\/\/www.mapesteadoree.fr\/boutique\/wp-json\/wp\/v2\/types\/product"}],"replies":[{"embeddable":true,"href":"https:\/\/www.mapesteadoree.fr\/boutique\/wp-json\/wp\/v2\/comments?post=51145"}],"wp:featuredmedia":[{"embeddable":true,"href":"https:\/\/www.mapesteadoree.fr\/boutique\/wp-json\/wp\/v2\/media\/57738"}],"wp:attachment":[{"href":"https:\/\/www.mapesteadoree.fr\/boutique\/wp-json\/wp\/v2\/media?parent=51145"}],"wp:term":[{"taxonomy":"product_brand","embeddable":true,"href":"https:\/\/www.mapesteadoree.fr\/boutique\/wp-json\/wp\/v2\/product_brand?post=51145"},{"taxonomy":"product_cat","embeddable":true,"href":"https:\/\/www.mapesteadoree.fr\/boutique\/wp-json\/wp\/v2\/product_cat?post=51145"},{"taxonomy":"product_tag","embeddable":true,"href":"https:\/\/www.mapesteadoree.fr\/boutique\/wp-json\/wp\/v2\/product_tag?post=51145"}],"curies":[{"name":"wp","href":"https:\/\/api.w.org\/{rel}","templated":true}]}}