{"id":50679,"date":"2023-06-26T14:49:34","date_gmt":"2023-06-26T12:49:34","guid":{"rendered":"https:\/\/www.mapesteadoree.fr\/boutique\/?post_type=product&#038;p=50679"},"modified":"2026-01-17T15:02:20","modified_gmt":"2026-01-17T14:02:20","slug":"bon-cadeau-bracelet-femme-4-pierres","status":"publish","type":"product","link":"https:\/\/www.mapesteadoree.fr\/boutique\/bijoux\/bon-cadeau-bracelet-femme-4-pierres\/","title":{"rendered":"Bon Cadeau \u00ab\u00a0Bracelet Femme 4 pierres\u00a0\u00bb"},"content":{"rendered":"<p>Bon cadeau pour un bracelet femme 4 pierres au choix avec frais de port inclus.<\/p>\n<p><strong>Suite \u00e0 la validation de la commande, vous recevrez par mail sous 24h un bon cadeau format A4 pr\u00eat \u00e0 imprimer, avec un code \u00e0 ins\u00e9rer avant paiement pour ne rien payer.<\/strong><\/p>\n<p>La personne a qui vous offrez le cadeau peut ainsi composer elle m\u00eame son bracelet personnalis\u00e9. Les options suppl\u00e9mentaires (fil rigide, m\u00e9daille, pompon, breloque ou liberty) sont en sus et la destinataire du cadeau aura le choix de les ajouter ou pas.<\/p>\n<p>Si vous voulez ajouter un mot personnalis\u00e9 sur le bon cadeau, merci de l&rsquo;indiquer dans la case \u00ab\u00a0commentaire\u00a0\u00bb de cette fiche produit.<\/p>\n","protected":false},"excerpt":{"rendered":"<p>Bon cadeau pour un bracelet femme 4 pierres au choix avec frais de port inclus.<\/p>\n","protected":false},"featured_media":50680,"comment_status":"open","ping_status":"closed","template":"","meta":[],"product_brand":[],"product_cat":[22,35],"product_tag":[],"class_list":{"0":"post-50679","1":"product","2":"type-product","3":"status-publish","4":"has-post-thumbnail","6":"product_cat-bijoux-femmes","7":"product_cat-pierres-naturelles-femme","8":"wcpa_has_options","10":"first","11":"instock","12":"shipping-taxable","13":"purchasable","14":"product-type-simple"},"acf":[],"yoast_head":"<!-- This site is optimized with the Yoast SEO plugin v27.3 - https:\/\/yoast.com\/product\/yoast-seo-wordpress\/ -->\n<title>Bon Cadeau &quot;Bracelet Femme 4 pierres&quot; - Ma Peste Ador\u00e9e<\/title>\n<meta name=\"description\" content=\"Bon cadeau \u00e0 offrir, carte cadeau permettant \u00e0 la destinataire de composer son bracelet 4 pierres au choix, frais de port inclus\" \/>\n<meta name=\"robots\" content=\"index, follow, max-snippet:-1, max-image-preview:large, max-video-preview:-1\" \/>\n<link rel=\"canonical\" href=\"https:\/\/www.mapesteadoree.fr\/boutique\/bijoux\/bon-cadeau-bracelet-femme-4-pierres\/\" \/>\n<meta property=\"og:locale\" content=\"fr_FR\" \/>\n<meta property=\"og:type\" content=\"article\" \/>\n<meta property=\"og:title\" content=\"Bon Cadeau &quot;Bracelet Femme 4 pierres&quot; - Ma Peste Ador\u00e9e\" \/>\n<meta property=\"og:description\" content=\"Bon cadeau \u00e0 offrir, carte cadeau permettant \u00e0 la destinataire de composer son bracelet 4 pierres au choix, frais de port inclus\" \/>\n<meta property=\"og:url\" content=\"https:\/\/www.mapesteadoree.fr\/boutique\/bijoux\/bon-cadeau-bracelet-femme-4-pierres\/\" \/>\n<meta property=\"og:site_name\" content=\"Ma Peste Ador\u00e9e\" \/>\n<meta property=\"article:modified_time\" content=\"2026-01-17T14:02:20+00:00\" \/>\n<meta property=\"og:image\" content=\"https:\/\/www.mapesteadoree.fr\/boutique\/wp-content\/uploads\/2023\/06\/bon-cadeau-bRACELET_4PIERRES.jpg\" \/>\n\t<meta property=\"og:image:width\" content=\"700\" \/>\n\t<meta property=\"og:image:height\" content=\"762\" \/>\n\t<meta property=\"og:image:type\" content=\"image\/jpeg\" \/>\n<meta name=\"twitter:card\" content=\"summary_large_image\" \/>\n<meta name=\"twitter:label1\" content=\"Dur\u00e9e de lecture estim\u00e9e\" \/>\n\t<meta name=\"twitter:data1\" content=\"1 minute\" \/>\n<script type=\"application\/ld+json\" class=\"yoast-schema-graph\">{\"@context\":\"https:\\\/\\\/schema.org\",\"@graph\":[{\"@type\":\"WebPage\",\"@id\":\"https:\\\/\\\/www.mapesteadoree.fr\\\/boutique\\\/bijoux\\\/bon-cadeau-bracelet-femme-4-pierres\\\/\",\"url\":\"https:\\\/\\\/www.mapesteadoree.fr\\\/boutique\\\/bijoux\\\/bon-cadeau-bracelet-femme-4-pierres\\\/\",\"name\":\"Bon Cadeau \\\"Bracelet Femme 4 pierres\\\" - Ma Peste Ador\u00e9e\",\"isPartOf\":{\"@id\":\"https:\\\/\\\/www.mapesteadoree.fr\\\/boutique\\\/#website\"},\"primaryImageOfPage\":{\"@id\":\"https:\\\/\\\/www.mapesteadoree.fr\\\/boutique\\\/bijoux\\\/bon-cadeau-bracelet-femme-4-pierres\\\/#primaryimage\"},\"image\":{\"@id\":\"https:\\\/\\\/www.mapesteadoree.fr\\\/boutique\\\/bijoux\\\/bon-cadeau-bracelet-femme-4-pierres\\\/#primaryimage\"},\"thumbnailUrl\":\"https:\\\/\\\/www.mapesteadoree.fr\\\/boutique\\\/wp-content\\\/uploads\\\/2023\\\/06\\\/bon-cadeau-bRACELET_4PIERRES.jpg\",\"datePublished\":\"2023-06-26T12:49:34+00:00\",\"dateModified\":\"2026-01-17T14:02:20+00:00\",\"description\":\"Bon cadeau \u00e0 offrir, carte cadeau permettant \u00e0 la destinataire de composer son bracelet 4 pierres au choix, frais de port inclus\",\"breadcrumb\":{\"@id\":\"https:\\\/\\\/www.mapesteadoree.fr\\\/boutique\\\/bijoux\\\/bon-cadeau-bracelet-femme-4-pierres\\\/#breadcrumb\"},\"inLanguage\":\"fr-FR\",\"potentialAction\":[{\"@type\":\"ReadAction\",\"target\":[\"https:\\\/\\\/www.mapesteadoree.fr\\\/boutique\\\/bijoux\\\/bon-cadeau-bracelet-femme-4-pierres\\\/\"]}]},{\"@type\":\"ImageObject\",\"inLanguage\":\"fr-FR\",\"@id\":\"https:\\\/\\\/www.mapesteadoree.fr\\\/boutique\\\/bijoux\\\/bon-cadeau-bracelet-femme-4-pierres\\\/#primaryimage\",\"url\":\"https:\\\/\\\/www.mapesteadoree.fr\\\/boutique\\\/wp-content\\\/uploads\\\/2023\\\/06\\\/bon-cadeau-bRACELET_4PIERRES.jpg\",\"contentUrl\":\"https:\\\/\\\/www.mapesteadoree.fr\\\/boutique\\\/wp-content\\\/uploads\\\/2023\\\/06\\\/bon-cadeau-bRACELET_4PIERRES.jpg\",\"width\":700,\"height\":762,\"caption\":\"bon cadeau ma peste ador\u00e9e\"},{\"@type\":\"BreadcrumbList\",\"@id\":\"https:\\\/\\\/www.mapesteadoree.fr\\\/boutique\\\/bijoux\\\/bon-cadeau-bracelet-femme-4-pierres\\\/#breadcrumb\",\"itemListElement\":[{\"@type\":\"ListItem\",\"position\":1,\"name\":\"Accueil\",\"item\":\"https:\\\/\\\/www.mapesteadoree.fr\\\/boutique\\\/\"},{\"@type\":\"ListItem\",\"position\":2,\"name\":\"Boutique de bijoux uniques en pierres naturelles\",\"item\":\"https:\\\/\\\/www.mapesteadoree.fr\\\/boutique\\\/\"},{\"@type\":\"ListItem\",\"position\":3,\"name\":\"Bon Cadeau \u00ab\u00a0Bracelet Femme 4 pierres\u00a0\u00bb\"}]},{\"@type\":\"WebSite\",\"@id\":\"https:\\\/\\\/www.mapesteadoree.fr\\\/boutique\\\/#website\",\"url\":\"https:\\\/\\\/www.mapesteadoree.fr\\\/boutique\\\/\",\"name\":\"Ma Peste Ador\u00e9e\",\"description\":\"\",\"publisher\":{\"@id\":\"https:\\\/\\\/www.mapesteadoree.fr\\\/boutique\\\/#organization\"},\"potentialAction\":[{\"@type\":\"SearchAction\",\"target\":{\"@type\":\"EntryPoint\",\"urlTemplate\":\"https:\\\/\\\/www.mapesteadoree.fr\\\/boutique\\\/?s={search_term_string}\"},\"query-input\":{\"@type\":\"PropertyValueSpecification\",\"valueRequired\":true,\"valueName\":\"search_term_string\"}}],\"inLanguage\":\"fr-FR\"},{\"@type\":\"Organization\",\"@id\":\"https:\\\/\\\/www.mapesteadoree.fr\\\/boutique\\\/#organization\",\"name\":\"Ma Peste Ador\u00e9e\",\"url\":\"https:\\\/\\\/www.mapesteadoree.fr\\\/boutique\\\/\",\"logo\":{\"@type\":\"ImageObject\",\"inLanguage\":\"fr-FR\",\"@id\":\"https:\\\/\\\/www.mapesteadoree.fr\\\/boutique\\\/#\\\/schema\\\/logo\\\/image\\\/\",\"url\":\"https:\\\/\\\/www.mapesteadoree.fr\\\/boutique\\\/wp-content\\\/uploads\\\/2024\\\/10\\\/cropped-logo-mpa-2024.png\",\"contentUrl\":\"https:\\\/\\\/www.mapesteadoree.fr\\\/boutique\\\/wp-content\\\/uploads\\\/2024\\\/10\\\/cropped-logo-mpa-2024.png\",\"width\":470,\"height\":110,\"caption\":\"Ma Peste Ador\u00e9e\"},\"image\":{\"@id\":\"https:\\\/\\\/www.mapesteadoree.fr\\\/boutique\\\/#\\\/schema\\\/logo\\\/image\\\/\"}}]}<\/script>\n<!-- \/ Yoast SEO plugin. -->","yoast_head_json":{"title":"Bon Cadeau \"Bracelet Femme 4 pierres\" - Ma Peste Ador\u00e9e","description":"Bon cadeau \u00e0 offrir, carte cadeau permettant \u00e0 la destinataire de composer son bracelet 4 pierres au choix, frais de port inclus","robots":{"index":"index","follow":"follow","max-snippet":"max-snippet:-1","max-image-preview":"max-image-preview:large","max-video-preview":"max-video-preview:-1"},"canonical":"https:\/\/www.mapesteadoree.fr\/boutique\/bijoux\/bon-cadeau-bracelet-femme-4-pierres\/","og_locale":"fr_FR","og_type":"article","og_title":"Bon Cadeau \"Bracelet Femme 4 pierres\" - Ma Peste Ador\u00e9e","og_description":"Bon cadeau \u00e0 offrir, carte cadeau permettant \u00e0 la destinataire de composer son bracelet 4 pierres au choix, frais de port inclus","og_url":"https:\/\/www.mapesteadoree.fr\/boutique\/bijoux\/bon-cadeau-bracelet-femme-4-pierres\/","og_site_name":"Ma Peste Ador\u00e9e","article_modified_time":"2026-01-17T14:02:20+00:00","og_image":[{"width":700,"height":762,"url":"https:\/\/www.mapesteadoree.fr\/boutique\/wp-content\/uploads\/2023\/06\/bon-cadeau-bRACELET_4PIERRES.jpg","type":"image\/jpeg"}],"twitter_card":"summary_large_image","twitter_misc":{"Dur\u00e9e de lecture estim\u00e9e":"1 minute"},"schema":{"@context":"https:\/\/schema.org","@graph":[{"@type":"WebPage","@id":"https:\/\/www.mapesteadoree.fr\/boutique\/bijoux\/bon-cadeau-bracelet-femme-4-pierres\/","url":"https:\/\/www.mapesteadoree.fr\/boutique\/bijoux\/bon-cadeau-bracelet-femme-4-pierres\/","name":"Bon Cadeau \"Bracelet Femme 4 pierres\" - Ma Peste Ador\u00e9e","isPartOf":{"@id":"https:\/\/www.mapesteadoree.fr\/boutique\/#website"},"primaryImageOfPage":{"@id":"https:\/\/www.mapesteadoree.fr\/boutique\/bijoux\/bon-cadeau-bracelet-femme-4-pierres\/#primaryimage"},"image":{"@id":"https:\/\/www.mapesteadoree.fr\/boutique\/bijoux\/bon-cadeau-bracelet-femme-4-pierres\/#primaryimage"},"thumbnailUrl":"https:\/\/www.mapesteadoree.fr\/boutique\/wp-content\/uploads\/2023\/06\/bon-cadeau-bRACELET_4PIERRES.jpg","datePublished":"2023-06-26T12:49:34+00:00","dateModified":"2026-01-17T14:02:20+00:00","description":"Bon cadeau \u00e0 offrir, carte cadeau permettant \u00e0 la destinataire de composer son bracelet 4 pierres au choix, frais de port inclus","breadcrumb":{"@id":"https:\/\/www.mapesteadoree.fr\/boutique\/bijoux\/bon-cadeau-bracelet-femme-4-pierres\/#breadcrumb"},"inLanguage":"fr-FR","potentialAction":[{"@type":"ReadAction","target":["https:\/\/www.mapesteadoree.fr\/boutique\/bijoux\/bon-cadeau-bracelet-femme-4-pierres\/"]}]},{"@type":"ImageObject","inLanguage":"fr-FR","@id":"https:\/\/www.mapesteadoree.fr\/boutique\/bijoux\/bon-cadeau-bracelet-femme-4-pierres\/#primaryimage","url":"https:\/\/www.mapesteadoree.fr\/boutique\/wp-content\/uploads\/2023\/06\/bon-cadeau-bRACELET_4PIERRES.jpg","contentUrl":"https:\/\/www.mapesteadoree.fr\/boutique\/wp-content\/uploads\/2023\/06\/bon-cadeau-bRACELET_4PIERRES.jpg","width":700,"height":762,"caption":"bon cadeau ma peste ador\u00e9e"},{"@type":"BreadcrumbList","@id":"https:\/\/www.mapesteadoree.fr\/boutique\/bijoux\/bon-cadeau-bracelet-femme-4-pierres\/#breadcrumb","itemListElement":[{"@type":"ListItem","position":1,"name":"Accueil","item":"https:\/\/www.mapesteadoree.fr\/boutique\/"},{"@type":"ListItem","position":2,"name":"Boutique de bijoux uniques en pierres naturelles","item":"https:\/\/www.mapesteadoree.fr\/boutique\/"},{"@type":"ListItem","position":3,"name":"Bon Cadeau \u00ab\u00a0Bracelet Femme 4 pierres\u00a0\u00bb"}]},{"@type":"WebSite","@id":"https:\/\/www.mapesteadoree.fr\/boutique\/#website","url":"https:\/\/www.mapesteadoree.fr\/boutique\/","name":"Ma Peste Ador\u00e9e","description":"","publisher":{"@id":"https:\/\/www.mapesteadoree.fr\/boutique\/#organization"},"potentialAction":[{"@type":"SearchAction","target":{"@type":"EntryPoint","urlTemplate":"https:\/\/www.mapesteadoree.fr\/boutique\/?s={search_term_string}"},"query-input":{"@type":"PropertyValueSpecification","valueRequired":true,"valueName":"search_term_string"}}],"inLanguage":"fr-FR"},{"@type":"Organization","@id":"https:\/\/www.mapesteadoree.fr\/boutique\/#organization","name":"Ma Peste Ador\u00e9e","url":"https:\/\/www.mapesteadoree.fr\/boutique\/","logo":{"@type":"ImageObject","inLanguage":"fr-FR","@id":"https:\/\/www.mapesteadoree.fr\/boutique\/#\/schema\/logo\/image\/","url":"https:\/\/www.mapesteadoree.fr\/boutique\/wp-content\/uploads\/2024\/10\/cropped-logo-mpa-2024.png","contentUrl":"https:\/\/www.mapesteadoree.fr\/boutique\/wp-content\/uploads\/2024\/10\/cropped-logo-mpa-2024.png","width":470,"height":110,"caption":"Ma Peste Ador\u00e9e"},"image":{"@id":"https:\/\/www.mapesteadoree.fr\/boutique\/#\/schema\/logo\/image\/"}}]}},"wcpa_form_fields":{"wcpaData":{"product":{"product_price":35.95,"price_html":"<span class=\"woocommerce-Price-amount amount\"><bdi>35,95&nbsp;<span class=\"woocommerce-Price-currencySymbol\">&euro;<\/span><\/bdi><\/span>","original_product_price":35.95,"price_including_tax":35.95,"price_excluding_tax":35.95,"product_id":{"parent":50679,"variation":false},"is_variable":false,"stock_status":"instock","stock_quantity":3,"parent_sku":"","product_attributes":[],"custom_fields":[],"is_taxable":false,"product_name":"Bon Cadeau \"Bracelet Femme 4 pierres\"","hasImage":false},"fields":{"sec_469dc7fd1ee014":{"extra":{"key":"sec_469dc7fd1ee014","section_id":"sec_469dc7fd1ee014","name":"Default","status":1,"cl_rule":"show","enableCl":false,"relations":[],"toggle":true,"title_tag":"h3","show_title":false,"showPrice":"default","form_id":47899,"form_rules":{"exclude_from_discount":false,"fee_label":"Fee","disp_hide_options_price":false,"disp_show_section_price":false,"disp_show_field_price":true,"layout_option":"standard","pric_use_as_fee":false,"process_fee_as":"woo_fee"},"layout_option":"standard"},"fields":[[{"type":"textarea","elementId":"wcpa-textarea-61fd43c3077f4","label":"Commentaire","pricingType":"fixed","name":"textarea-61fd43c307800","maxlength":"200","mapToCheckoutFieldParent":"billing","mapToCheckoutField":"billing_first_name","cl_rule":"show","col":6,"relations":false,"active":true,"tooltip":"","gt_translate_keys":["label","tooltip"],"price_dependency":false,"cl_dependency":false,"value":""}]]}},"config":{"price_override":"","enable_recaptcha":false,"bind_quantity":false,"quantity_bind_formula":false,"disp_summ_show_option_price":true,"disp_summ_show_product_price":true,"disp_summ_show_total_price":true,"disp_summ_show_fee":false,"disp_summ_show_discount":false,"summary_title":"","options_total_label":"Prix des options","total_label":"Total","options_product_label":"Prix du bijou","fee_label":"Fee","discount_label":"Discount","has_price":true,"has_quantity_formula":false},"mc_unit":1,"tax_rate":1,"tax_rate_real":1,"discount":{"percentage":0,"fixed":0},"design":{"conf":{"LabelPosition":"above","DescPosition":"above","UploadField":"custom_1","QuantityFieldStyle":"default"},"css":{"LeftLabelWidth":"120px"}},"formulas":[],"lookuptables":[],"clones":false,"cartKey":false}},"_links":{"self":[{"href":"https:\/\/www.mapesteadoree.fr\/boutique\/wp-json\/wp\/v2\/product\/50679","targetHints":{"allow":["GET"]}}],"collection":[{"href":"https:\/\/www.mapesteadoree.fr\/boutique\/wp-json\/wp\/v2\/product"}],"about":[{"href":"https:\/\/www.mapesteadoree.fr\/boutique\/wp-json\/wp\/v2\/types\/product"}],"replies":[{"embeddable":true,"href":"https:\/\/www.mapesteadoree.fr\/boutique\/wp-json\/wp\/v2\/comments?post=50679"}],"wp:featuredmedia":[{"embeddable":true,"href":"https:\/\/www.mapesteadoree.fr\/boutique\/wp-json\/wp\/v2\/media\/50680"}],"wp:attachment":[{"href":"https:\/\/www.mapesteadoree.fr\/boutique\/wp-json\/wp\/v2\/media?parent=50679"}],"wp:term":[{"taxonomy":"product_brand","embeddable":true,"href":"https:\/\/www.mapesteadoree.fr\/boutique\/wp-json\/wp\/v2\/product_brand?post=50679"},{"taxonomy":"product_cat","embeddable":true,"href":"https:\/\/www.mapesteadoree.fr\/boutique\/wp-json\/wp\/v2\/product_cat?post=50679"},{"taxonomy":"product_tag","embeddable":true,"href":"https:\/\/www.mapesteadoree.fr\/boutique\/wp-json\/wp\/v2\/product_tag?post=50679"}],"curies":[{"name":"wp","href":"https:\/\/api.w.org\/{rel}","templated":true}]}}