{"id":50595,"date":"2023-06-09T16:32:51","date_gmt":"2023-06-09T14:32:51","guid":{"rendered":"https:\/\/www.mapesteadoree.fr\/boutique\/?post_type=product&#038;p=50595"},"modified":"2025-11-13T11:21:07","modified_gmt":"2025-11-13T10:21:07","slug":"bracelet-maitresse-fais-un-voeu","status":"publish","type":"product","link":"https:\/\/www.mapesteadoree.fr\/boutique\/bijoux\/bracelet-maitresse-fais-un-voeu\/","title":{"rendered":"Bracelet \u00ab\u00a0Ma\u00eetresse Fais un voeu\u00a0\u00bb"},"content":{"rendered":"<p>Bracelet br\u00e9silien largeur 15mm et longueur 35cm environ, pouvant \u00eatre accroch\u00e9 au poignet comme \u00e0 la cheville avec un double noeud. Ce joli bracelet est agr\u00e9ment\u00e9 d&rsquo;une m\u00e9daille martel\u00e9e effet \u00ab\u00a0paillettes\u00a0\u00bb couleur dor\u00e9e et diam\u00e8tre 15mm, ainsi qu&rsquo;une perle de Lapis lazuli 8mm.<\/p>\n<h2>Une id\u00e9e cadeau original pour une ma\u00eetresse cool !<\/h2>\n<p><strong>Ce bijou estival a \u00e9t\u00e9 pens\u00e9 comme un cadeau pour la ma\u00eetresse en fin d&rsquo;ann\u00e9e scolaire<\/strong> : l&#8217;emballage est inclus dans le prix et il est comme pr\u00e9sent\u00e9 sur les photos de la galerie.<\/p>\n<ul>\n<li>Bracelet joliment pr\u00e9sent\u00e9 sur une carte avec le mot suivant <em>\u00ab\u00a0Merci ma\u00eetresse pour cette belle ann\u00e9e scolaire ! Ce bracelet de poignet ou de cheville t&rsquo;accompagnera cet \u00e9t\u00e9. Il contient du lapis lazuli, symbole de s\u00e9r\u00e9nit\u00e9. Fais un voeu en l&rsquo;accrochant : si le bracelet se casse, ton voeu sera exauc\u00e9&#8230;\u00a0\u00bb<\/em><\/li>\n<li>Pochette cadeau avec autocollant th\u00e8me \u00e9cole avec \u00e9crit \u00ab\u00a0merci\u00a0\u00bb<\/li>\n<\/ul>\n<h2>Une pierre de lapis lazuli pour la s\u00e9r\u00e9nit\u00e9<\/h2>\n<p>Le lapis lazuli est une pierre puissante dans la lithoth\u00e9rapie, voici quelques uns de ses bienfaits le plus connus :<\/p>\n<ul>\n<li>Symbole de la s\u00e9r\u00e9nit\u00e9, d&rsquo;amiti\u00e9 et de v\u00e9rit\u00e9<\/li>\n<li>Pierre de communication, qui stimule l&rsquo;intelligence, la subtilit\u00e9, l&rsquo;imagination et la cr\u00e9ativit\u00e9<\/li>\n<li>Prot\u00e8ge contre les \u00e9nergies n\u00e9gatives<\/li>\n<li>\u00c9loigne le stress et l&rsquo;anxi\u00e9t\u00e9<\/li>\n<li>Augmente la confiance en soi<\/li>\n<li>Aide \u00e0 se d\u00e9barrasser des migraines<\/li>\n<\/ul>\n<blockquote><p>La lapis lazuli \u00e9tait la pierre sacr\u00e9e des Egyptiens car ils associaient sa couleur bleu fonc\u00e9 et la nuit sombre d&rsquo;un ciel \u00e9toil\u00e9 &#8230;<\/p><\/blockquote>\n<h3>D&rsquo;autres id\u00e9es cadeaux pour les ma\u00eetresses<\/h3>\n<p>Dans la boutique vous trouverez d&rsquo;autres id\u00e9es de petits pr\u00e9sents \u00e0 offrir \u00e0 l&rsquo;enseignante, l&rsquo;institutrice, l&rsquo;atsem, le ma\u00eetre ou la ma\u00eetresse de votre enfant.<\/p>\n<ul>\n<li><a href=\"https:\/\/www.mapesteadoree.fr\/boutique\/bijoux\/kit-de-pierres-pour-enseignante-ou-enseignant\/\">Le kit de 3 pierres sp\u00e9cial enseignant ou enseignante<\/a> avec fluorine, quartz rose et aventurine verte \u00e0 9,90\u20ac<\/li>\n<li><a href=\"https:\/\/www.mapesteadoree.fr\/boutique\/bijoux\/bracelet-metier-enfants-ecole\/\">Le bracelet \u00ab\u00a0M\u00e9tier enfants &amp; \u00e9cole\u00a0\u00bb<\/a>, un bracelet pour tous les m\u00e9tiers de l&rsquo;\u00e9ducation \u00e0 25\u20ac<\/li>\n<\/ul>\n<p><em>PS : tous les autres bracelets de la boutique peuvent \u00e9galement convenir pour un ma\u00eetre ou une ma\u00eetresse, n&rsquo;h\u00e9sitez pas \u00e0 choisir en fonction du th\u00e8me ou des couleurs.<\/em><\/p>\n<p><strong>Si vous souhaitez offrir ce bracelet \u00e0 une ATSEM, une personne qui s&rsquo;occupe de votre enfant \u00e0 la cr\u00e8che ou n&rsquo;importe qui d&rsquo;autre, pr\u00e9cisez le moi en commentaire de commande : j&rsquo;adapterai le message sur la carte o\u00f9 est accroch\u00e9 le bracelet.<\/strong><\/p>\n","protected":false},"excerpt":{"rendered":"<p>Bracelet de poignet ou de cheville, fa\u00e7on bracelet br\u00e9silien avec perle de Lapis lazuli et m\u00e9daille qui brille de mille feux ! Ce bracelet a \u00e9t\u00e9 imagin\u00e9 pour \u00eatre offert \u00e0 une ma\u00eetresse, une atsem, une auxiliaire de pu\u00e9riculture de la cr\u00e8che&#8230;.<\/p>\n","protected":false},"featured_media":50597,"comment_status":"open","ping_status":"closed","template":"","meta":[],"product_brand":[],"product_cat":[26],"product_tag":[2077],"class_list":{"0":"post-50595","1":"product","2":"type-product","3":"status-publish","4":"has-post-thumbnail","6":"product_cat-pierres-naturelles","7":"product_tag-school","8":"wcpa_has_options","10":"first","11":"instock","12":"shipping-taxable","13":"purchasable","14":"product-type-simple"},"acf":[],"yoast_head":"<!-- This site is optimized with the Yoast SEO plugin v27.5 - https:\/\/yoast.com\/product\/yoast-seo-wordpress\/ -->\n<title>Bracelet &quot;Ma\u00eetresse Fais un voeu&quot; - Ma Peste Ador\u00e9e<\/title>\n<meta name=\"robots\" content=\"index, follow, max-snippet:-1, max-image-preview:large, max-video-preview:-1\" \/>\n<link rel=\"canonical\" href=\"https:\/\/www.mapesteadoree.fr\/boutique\/bijoux\/bracelet-maitresse-fais-un-voeu\/\" \/>\n<meta property=\"og:locale\" content=\"fr_FR\" \/>\n<meta property=\"og:type\" content=\"article\" \/>\n<meta property=\"og:title\" content=\"Bracelet &quot;Ma\u00eetresse Fais un voeu&quot; - Ma Peste Ador\u00e9e\" \/>\n<meta property=\"og:description\" content=\"Bracelet de poignet ou de cheville, fa\u00e7on bracelet br\u00e9silien avec perle de Lapis lazuli et m\u00e9daille qui brille de mille feux ! Ce bracelet a \u00e9t\u00e9 imagin\u00e9 pour \u00eatre offert \u00e0 une ma\u00eetresse, une atsem, une auxiliaire de pu\u00e9riculture de la cr\u00e8che....\" \/>\n<meta property=\"og:url\" content=\"https:\/\/www.mapesteadoree.fr\/boutique\/bijoux\/bracelet-maitresse-fais-un-voeu\/\" \/>\n<meta property=\"og:site_name\" content=\"Ma Peste Ador\u00e9e\" \/>\n<meta property=\"article:modified_time\" content=\"2025-11-13T10:21:07+00:00\" \/>\n<meta property=\"og:image\" content=\"https:\/\/www.mapesteadoree.fr\/boutique\/wp-content\/uploads\/2023\/06\/cadeau-maitresse-pas-cher.jpg\" \/>\n\t<meta property=\"og:image:width\" content=\"1200\" \/>\n\t<meta property=\"og:image:height\" content=\"1200\" \/>\n\t<meta property=\"og:image:type\" content=\"image\/jpeg\" \/>\n<meta name=\"twitter:card\" content=\"summary_large_image\" \/>\n<meta name=\"twitter:label1\" content=\"Dur\u00e9e de lecture estim\u00e9e\" \/>\n\t<meta name=\"twitter:data1\" content=\"2 minutes\" \/>\n<script type=\"application\/ld+json\" class=\"yoast-schema-graph\">{\"@context\":\"https:\\\/\\\/schema.org\",\"@graph\":[{\"@type\":\"WebPage\",\"@id\":\"https:\\\/\\\/www.mapesteadoree.fr\\\/boutique\\\/bijoux\\\/bracelet-maitresse-fais-un-voeu\\\/\",\"url\":\"https:\\\/\\\/www.mapesteadoree.fr\\\/boutique\\\/bijoux\\\/bracelet-maitresse-fais-un-voeu\\\/\",\"name\":\"Bracelet \\\"Ma\u00eetresse Fais un voeu\\\" - Ma Peste Ador\u00e9e\",\"isPartOf\":{\"@id\":\"https:\\\/\\\/www.mapesteadoree.fr\\\/boutique\\\/#website\"},\"primaryImageOfPage\":{\"@id\":\"https:\\\/\\\/www.mapesteadoree.fr\\\/boutique\\\/bijoux\\\/bracelet-maitresse-fais-un-voeu\\\/#primaryimage\"},\"image\":{\"@id\":\"https:\\\/\\\/www.mapesteadoree.fr\\\/boutique\\\/bijoux\\\/bracelet-maitresse-fais-un-voeu\\\/#primaryimage\"},\"thumbnailUrl\":\"https:\\\/\\\/www.mapesteadoree.fr\\\/boutique\\\/wp-content\\\/uploads\\\/2023\\\/06\\\/cadeau-maitresse-pas-cher.jpg\",\"datePublished\":\"2023-06-09T14:32:51+00:00\",\"dateModified\":\"2025-11-13T10:21:07+00:00\",\"breadcrumb\":{\"@id\":\"https:\\\/\\\/www.mapesteadoree.fr\\\/boutique\\\/bijoux\\\/bracelet-maitresse-fais-un-voeu\\\/#breadcrumb\"},\"inLanguage\":\"fr-FR\",\"potentialAction\":[{\"@type\":\"ReadAction\",\"target\":[\"https:\\\/\\\/www.mapesteadoree.fr\\\/boutique\\\/bijoux\\\/bracelet-maitresse-fais-un-voeu\\\/\"]}]},{\"@type\":\"ImageObject\",\"inLanguage\":\"fr-FR\",\"@id\":\"https:\\\/\\\/www.mapesteadoree.fr\\\/boutique\\\/bijoux\\\/bracelet-maitresse-fais-un-voeu\\\/#primaryimage\",\"url\":\"https:\\\/\\\/www.mapesteadoree.fr\\\/boutique\\\/wp-content\\\/uploads\\\/2023\\\/06\\\/cadeau-maitresse-pas-cher.jpg\",\"contentUrl\":\"https:\\\/\\\/www.mapesteadoree.fr\\\/boutique\\\/wp-content\\\/uploads\\\/2023\\\/06\\\/cadeau-maitresse-pas-cher.jpg\",\"width\":1200,\"height\":1200,\"caption\":\"Id\u00e9e cadeau originale et pas ch\u00e8re pour une ma\u00eetresse\"},{\"@type\":\"BreadcrumbList\",\"@id\":\"https:\\\/\\\/www.mapesteadoree.fr\\\/boutique\\\/bijoux\\\/bracelet-maitresse-fais-un-voeu\\\/#breadcrumb\",\"itemListElement\":[{\"@type\":\"ListItem\",\"position\":1,\"name\":\"Accueil\",\"item\":\"https:\\\/\\\/www.mapesteadoree.fr\\\/boutique\\\/\"},{\"@type\":\"ListItem\",\"position\":2,\"name\":\"Boutique de bijoux uniques en pierres naturelles\",\"item\":\"https:\\\/\\\/www.mapesteadoree.fr\\\/boutique\\\/\"},{\"@type\":\"ListItem\",\"position\":3,\"name\":\"Bracelet \u00ab\u00a0Ma\u00eetresse Fais un voeu\u00a0\u00bb\"}]},{\"@type\":\"WebSite\",\"@id\":\"https:\\\/\\\/www.mapesteadoree.fr\\\/boutique\\\/#website\",\"url\":\"https:\\\/\\\/www.mapesteadoree.fr\\\/boutique\\\/\",\"name\":\"Ma Peste Ador\u00e9e\",\"description\":\"\",\"publisher\":{\"@id\":\"https:\\\/\\\/www.mapesteadoree.fr\\\/boutique\\\/#organization\"},\"potentialAction\":[{\"@type\":\"SearchAction\",\"target\":{\"@type\":\"EntryPoint\",\"urlTemplate\":\"https:\\\/\\\/www.mapesteadoree.fr\\\/boutique\\\/?s={search_term_string}\"},\"query-input\":{\"@type\":\"PropertyValueSpecification\",\"valueRequired\":true,\"valueName\":\"search_term_string\"}}],\"inLanguage\":\"fr-FR\"},{\"@type\":\"Organization\",\"@id\":\"https:\\\/\\\/www.mapesteadoree.fr\\\/boutique\\\/#organization\",\"name\":\"Ma Peste Ador\u00e9e\",\"url\":\"https:\\\/\\\/www.mapesteadoree.fr\\\/boutique\\\/\",\"logo\":{\"@type\":\"ImageObject\",\"inLanguage\":\"fr-FR\",\"@id\":\"https:\\\/\\\/www.mapesteadoree.fr\\\/boutique\\\/#\\\/schema\\\/logo\\\/image\\\/\",\"url\":\"https:\\\/\\\/www.mapesteadoree.fr\\\/boutique\\\/wp-content\\\/uploads\\\/2024\\\/10\\\/cropped-logo-mpa-2024.png\",\"contentUrl\":\"https:\\\/\\\/www.mapesteadoree.fr\\\/boutique\\\/wp-content\\\/uploads\\\/2024\\\/10\\\/cropped-logo-mpa-2024.png\",\"width\":470,\"height\":110,\"caption\":\"Ma Peste Ador\u00e9e\"},\"image\":{\"@id\":\"https:\\\/\\\/www.mapesteadoree.fr\\\/boutique\\\/#\\\/schema\\\/logo\\\/image\\\/\"}}]}<\/script>\n<!-- \/ Yoast SEO plugin. -->","yoast_head_json":{"title":"Bracelet \"Ma\u00eetresse Fais un voeu\" - Ma Peste Ador\u00e9e","robots":{"index":"index","follow":"follow","max-snippet":"max-snippet:-1","max-image-preview":"max-image-preview:large","max-video-preview":"max-video-preview:-1"},"canonical":"https:\/\/www.mapesteadoree.fr\/boutique\/bijoux\/bracelet-maitresse-fais-un-voeu\/","og_locale":"fr_FR","og_type":"article","og_title":"Bracelet \"Ma\u00eetresse Fais un voeu\" - Ma Peste Ador\u00e9e","og_description":"Bracelet de poignet ou de cheville, fa\u00e7on bracelet br\u00e9silien avec perle de Lapis lazuli et m\u00e9daille qui brille de mille feux ! Ce bracelet a \u00e9t\u00e9 imagin\u00e9 pour \u00eatre offert \u00e0 une ma\u00eetresse, une atsem, une auxiliaire de pu\u00e9riculture de la cr\u00e8che....","og_url":"https:\/\/www.mapesteadoree.fr\/boutique\/bijoux\/bracelet-maitresse-fais-un-voeu\/","og_site_name":"Ma Peste Ador\u00e9e","article_modified_time":"2025-11-13T10:21:07+00:00","og_image":[{"width":1200,"height":1200,"url":"https:\/\/www.mapesteadoree.fr\/boutique\/wp-content\/uploads\/2023\/06\/cadeau-maitresse-pas-cher.jpg","type":"image\/jpeg"}],"twitter_card":"summary_large_image","twitter_misc":{"Dur\u00e9e de lecture estim\u00e9e":"2 minutes"},"schema":{"@context":"https:\/\/schema.org","@graph":[{"@type":"WebPage","@id":"https:\/\/www.mapesteadoree.fr\/boutique\/bijoux\/bracelet-maitresse-fais-un-voeu\/","url":"https:\/\/www.mapesteadoree.fr\/boutique\/bijoux\/bracelet-maitresse-fais-un-voeu\/","name":"Bracelet \"Ma\u00eetresse Fais un voeu\" - Ma Peste Ador\u00e9e","isPartOf":{"@id":"https:\/\/www.mapesteadoree.fr\/boutique\/#website"},"primaryImageOfPage":{"@id":"https:\/\/www.mapesteadoree.fr\/boutique\/bijoux\/bracelet-maitresse-fais-un-voeu\/#primaryimage"},"image":{"@id":"https:\/\/www.mapesteadoree.fr\/boutique\/bijoux\/bracelet-maitresse-fais-un-voeu\/#primaryimage"},"thumbnailUrl":"https:\/\/www.mapesteadoree.fr\/boutique\/wp-content\/uploads\/2023\/06\/cadeau-maitresse-pas-cher.jpg","datePublished":"2023-06-09T14:32:51+00:00","dateModified":"2025-11-13T10:21:07+00:00","breadcrumb":{"@id":"https:\/\/www.mapesteadoree.fr\/boutique\/bijoux\/bracelet-maitresse-fais-un-voeu\/#breadcrumb"},"inLanguage":"fr-FR","potentialAction":[{"@type":"ReadAction","target":["https:\/\/www.mapesteadoree.fr\/boutique\/bijoux\/bracelet-maitresse-fais-un-voeu\/"]}]},{"@type":"ImageObject","inLanguage":"fr-FR","@id":"https:\/\/www.mapesteadoree.fr\/boutique\/bijoux\/bracelet-maitresse-fais-un-voeu\/#primaryimage","url":"https:\/\/www.mapesteadoree.fr\/boutique\/wp-content\/uploads\/2023\/06\/cadeau-maitresse-pas-cher.jpg","contentUrl":"https:\/\/www.mapesteadoree.fr\/boutique\/wp-content\/uploads\/2023\/06\/cadeau-maitresse-pas-cher.jpg","width":1200,"height":1200,"caption":"Id\u00e9e cadeau originale et pas ch\u00e8re pour une ma\u00eetresse"},{"@type":"BreadcrumbList","@id":"https:\/\/www.mapesteadoree.fr\/boutique\/bijoux\/bracelet-maitresse-fais-un-voeu\/#breadcrumb","itemListElement":[{"@type":"ListItem","position":1,"name":"Accueil","item":"https:\/\/www.mapesteadoree.fr\/boutique\/"},{"@type":"ListItem","position":2,"name":"Boutique de bijoux uniques en pierres naturelles","item":"https:\/\/www.mapesteadoree.fr\/boutique\/"},{"@type":"ListItem","position":3,"name":"Bracelet \u00ab\u00a0Ma\u00eetresse Fais un voeu\u00a0\u00bb"}]},{"@type":"WebSite","@id":"https:\/\/www.mapesteadoree.fr\/boutique\/#website","url":"https:\/\/www.mapesteadoree.fr\/boutique\/","name":"Ma Peste Ador\u00e9e","description":"","publisher":{"@id":"https:\/\/www.mapesteadoree.fr\/boutique\/#organization"},"potentialAction":[{"@type":"SearchAction","target":{"@type":"EntryPoint","urlTemplate":"https:\/\/www.mapesteadoree.fr\/boutique\/?s={search_term_string}"},"query-input":{"@type":"PropertyValueSpecification","valueRequired":true,"valueName":"search_term_string"}}],"inLanguage":"fr-FR"},{"@type":"Organization","@id":"https:\/\/www.mapesteadoree.fr\/boutique\/#organization","name":"Ma Peste Ador\u00e9e","url":"https:\/\/www.mapesteadoree.fr\/boutique\/","logo":{"@type":"ImageObject","inLanguage":"fr-FR","@id":"https:\/\/www.mapesteadoree.fr\/boutique\/#\/schema\/logo\/image\/","url":"https:\/\/www.mapesteadoree.fr\/boutique\/wp-content\/uploads\/2024\/10\/cropped-logo-mpa-2024.png","contentUrl":"https:\/\/www.mapesteadoree.fr\/boutique\/wp-content\/uploads\/2024\/10\/cropped-logo-mpa-2024.png","width":470,"height":110,"caption":"Ma Peste Ador\u00e9e"},"image":{"@id":"https:\/\/www.mapesteadoree.fr\/boutique\/#\/schema\/logo\/image\/"}}]}},"wcpa_form_fields":{"wcpaData":{"product":{"product_price":9,"price_html":"<span class=\"woocommerce-Price-amount amount\"><bdi>9,00&nbsp;<span class=\"woocommerce-Price-currencySymbol\">&euro;<\/span><\/bdi><\/span>","original_product_price":9,"price_including_tax":9,"price_excluding_tax":9,"product_id":{"parent":50595,"variation":false},"is_variable":false,"stock_status":"instock","stock_quantity":3,"parent_sku":"","product_attributes":[],"custom_fields":[],"is_taxable":false,"product_name":"Bracelet \"Ma\u00eetresse Fais un voeu\"","hasImage":false},"fields":{"sec_369fa35f154f07":{"extra":{"key":"sec_369fa35f154f07","section_id":"sec_369fa35f154f07","name":"Default","status":1,"cl_rule":"show","enableCl":false,"relations":[],"toggle":true,"title_tag":"h3","show_title":false,"showPrice":"default","form_id":47899,"form_rules":{"exclude_from_discount":false,"fee_label":"Fee","disp_hide_options_price":false,"disp_show_section_price":false,"disp_show_field_price":true,"layout_option":"standard","pric_use_as_fee":false,"process_fee_as":"woo_fee"},"layout_option":"standard"},"fields":[[{"type":"textarea","elementId":"wcpa-textarea-61fd43c3077f4","label":"Commentaire","pricingType":"fixed","name":"textarea-61fd43c307800","maxlength":"200","mapToCheckoutFieldParent":"billing","mapToCheckoutField":"billing_first_name","cl_rule":"show","col":6,"relations":false,"active":true,"tooltip":"","gt_translate_keys":["label","tooltip"],"price_dependency":false,"cl_dependency":false,"value":""}]]}},"config":{"price_override":"","enable_recaptcha":false,"bind_quantity":false,"quantity_bind_formula":false,"disp_summ_show_option_price":true,"disp_summ_show_product_price":true,"disp_summ_show_total_price":true,"disp_summ_show_fee":false,"disp_summ_show_discount":false,"summary_title":"","options_total_label":"Prix des options","total_label":"Total","options_product_label":"Prix du bijou","fee_label":"Fee","discount_label":"Discount","has_price":true,"has_quantity_formula":false},"mc_unit":1,"tax_rate":1,"tax_rate_real":1,"discount":{"percentage":0,"fixed":0},"design":{"conf":{"LabelPosition":"above","DescPosition":"above","UploadField":"custom_1","QuantityFieldStyle":"default"},"css":{"LeftLabelWidth":"120px"}},"formulas":[],"lookuptables":[],"clones":false,"cartKey":false}},"_links":{"self":[{"href":"https:\/\/www.mapesteadoree.fr\/boutique\/wp-json\/wp\/v2\/product\/50595","targetHints":{"allow":["GET"]}}],"collection":[{"href":"https:\/\/www.mapesteadoree.fr\/boutique\/wp-json\/wp\/v2\/product"}],"about":[{"href":"https:\/\/www.mapesteadoree.fr\/boutique\/wp-json\/wp\/v2\/types\/product"}],"replies":[{"embeddable":true,"href":"https:\/\/www.mapesteadoree.fr\/boutique\/wp-json\/wp\/v2\/comments?post=50595"}],"wp:featuredmedia":[{"embeddable":true,"href":"https:\/\/www.mapesteadoree.fr\/boutique\/wp-json\/wp\/v2\/media\/50597"}],"wp:attachment":[{"href":"https:\/\/www.mapesteadoree.fr\/boutique\/wp-json\/wp\/v2\/media?parent=50595"}],"wp:term":[{"taxonomy":"product_brand","embeddable":true,"href":"https:\/\/www.mapesteadoree.fr\/boutique\/wp-json\/wp\/v2\/product_brand?post=50595"},{"taxonomy":"product_cat","embeddable":true,"href":"https:\/\/www.mapesteadoree.fr\/boutique\/wp-json\/wp\/v2\/product_cat?post=50595"},{"taxonomy":"product_tag","embeddable":true,"href":"https:\/\/www.mapesteadoree.fr\/boutique\/wp-json\/wp\/v2\/product_tag?post=50595"}],"curies":[{"name":"wp","href":"https:\/\/api.w.org\/{rel}","templated":true}]}}