{"id":50293,"date":"2023-04-20T16:21:57","date_gmt":"2023-04-20T14:21:57","guid":{"rendered":"https:\/\/www.mapesteadoree.fr\/boutique\/?post_type=product&#038;p=50293"},"modified":"2025-07-31T16:26:46","modified_gmt":"2025-07-31T14:26:46","slug":"bracelet-femme-en-hematite-contre-la-fatigue","status":"publish","type":"product","link":"https:\/\/www.mapesteadoree.fr\/boutique\/bijoux\/bracelet-femme-en-hematite-contre-la-fatigue\/","title":{"rendered":"Bracelet Femme en H\u00e9matite contre la fatigue"},"content":{"rendered":"<p>C&rsquo;est un bracelet simple en \u00e9l\u00e9gant, compos\u00e9 de fines pierres semi-pr\u00e9cieuses d&rsquo;H\u00e9matite, diam\u00e8tre 4mm. \u00a0Montage sur fil \u00e9lastique de couleur noir.<\/p>\n<p>Il est adapt\u00e9 aux poignets allant de 16cm \u00e0 17cm de tour.<\/p>\n<h3>L&rsquo;H\u00e9matite : une pierre qui combat les coups de fatigue<\/h3>\n<p>Si vous vous sentez fatigu\u00e9e, \u00e9puis\u00e9e, qu&rsquo;un rien vous agace et que vous \u00eatre en permanence en manque d&rsquo;\u00e9nergie, ce petit bracelet est fait pour vous. Il est en effet sp\u00e9cialement recommand\u00e9 pour les femmes ou mamans fatigu\u00e9es, victimes d&rsquo;\u00e9puisement maternel ou professionnel.<\/p>\n<p>Voici les bienfaits de l&rsquo;h\u00e9matite :<\/p>\n<ul>\n<li>Poss\u00e8de des vertus anti-douleurs et anti-fatigue<\/li>\n<li>Permet \u00e0 l&rsquo;ensemble du corps de se d\u00e9tendre<\/li>\n<li>Apporte vitalit\u00e9 au corps, stimule l&rsquo;\u00e9nergie interne<\/li>\n<li>Calme les crampes li\u00e9es aux r\u00e8gles douloureuses<\/li>\n<li>Equilibre le corps et l&rsquo;esprit<\/li>\n<li>Renforce l&rsquo;estime de soi<\/li>\n<li>Aide \u00e0 la gu\u00e9rison des blessures<\/li>\n<li>Elimine les toxines<\/li>\n<\/ul>\n","protected":false},"excerpt":{"rendered":"<p>Bracelet fin en pierres naturelles d&rsquo;h\u00e9matite 4mm, montage sur \u00e9lastique. L&rsquo;h\u00e9matique a des bienfaits \u00e9tonnantes contre la fatigue chronique, l&rsquo;\u00e9puisement maternel ou encore la fatigue li\u00e9e au surmenage au travail.<\/p>\n","protected":false},"featured_media":57283,"comment_status":"open","ping_status":"closed","template":"","meta":[],"product_brand":[],"product_cat":[22,2084,35],"product_tag":[2075,2068],"class_list":{"0":"post-50293","1":"product","2":"type-product","3":"status-publish","4":"has-post-thumbnail","6":"product_cat-bijoux-femmes","7":"product_cat-bracelets-femme","8":"product_cat-pierres-naturelles-femme","9":"product_tag-fatigue","10":"product_tag-maman","12":"first","13":"outofstock","14":"shipping-taxable","15":"purchasable","16":"product-type-simple"},"acf":[],"yoast_head":"<!-- This site is optimized with the Yoast SEO plugin v27.4 - https:\/\/yoast.com\/product\/yoast-seo-wordpress\/ -->\n<title>Bracelet Femme en H\u00e9matite contre la fatigue - Ma Peste Ador\u00e9e<\/title>\n<meta name=\"description\" content=\"Bracelet femme en pierres naturelles d&#039;H\u00e9matite 4mm, bracelet qui aide \u00e0 combattre la fatigue chronique et l&#039;\u00e9puisement maternel\" \/>\n<meta name=\"robots\" content=\"index, follow, max-snippet:-1, max-image-preview:large, max-video-preview:-1\" \/>\n<link rel=\"canonical\" href=\"https:\/\/www.mapesteadoree.fr\/boutique\/bijoux\/bracelet-femme-en-hematite-contre-la-fatigue\/\" \/>\n<meta property=\"og:locale\" content=\"fr_FR\" \/>\n<meta property=\"og:type\" content=\"article\" \/>\n<meta property=\"og:title\" content=\"Bracelet Femme en H\u00e9matite contre la fatigue - Ma Peste Ador\u00e9e\" \/>\n<meta property=\"og:description\" content=\"Bracelet femme en pierres naturelles d&#039;H\u00e9matite 4mm, bracelet qui aide \u00e0 combattre la fatigue chronique et l&#039;\u00e9puisement maternel\" \/>\n<meta property=\"og:url\" content=\"https:\/\/www.mapesteadoree.fr\/boutique\/bijoux\/bracelet-femme-en-hematite-contre-la-fatigue\/\" \/>\n<meta property=\"og:site_name\" content=\"Ma Peste Ador\u00e9e\" \/>\n<meta property=\"article:modified_time\" content=\"2025-07-31T14:26:46+00:00\" \/>\n<meta property=\"og:image\" content=\"https:\/\/www.mapesteadoree.fr\/boutique\/wp-content\/uploads\/2023\/04\/bracelet-pierres-contre-fatigue-1.jpg\" \/>\n\t<meta property=\"og:image:width\" content=\"1200\" \/>\n\t<meta property=\"og:image:height\" content=\"1200\" \/>\n\t<meta property=\"og:image:type\" content=\"image\/jpeg\" \/>\n<meta name=\"twitter:card\" content=\"summary_large_image\" \/>\n<meta name=\"twitter:label1\" content=\"Dur\u00e9e de lecture estim\u00e9e\" \/>\n\t<meta name=\"twitter:data1\" content=\"1 minute\" \/>\n<script type=\"application\/ld+json\" class=\"yoast-schema-graph\">{\"@context\":\"https:\\\/\\\/schema.org\",\"@graph\":[{\"@type\":\"WebPage\",\"@id\":\"https:\\\/\\\/www.mapesteadoree.fr\\\/boutique\\\/bijoux\\\/bracelet-femme-en-hematite-contre-la-fatigue\\\/\",\"url\":\"https:\\\/\\\/www.mapesteadoree.fr\\\/boutique\\\/bijoux\\\/bracelet-femme-en-hematite-contre-la-fatigue\\\/\",\"name\":\"Bracelet Femme en H\u00e9matite contre la fatigue - Ma Peste Ador\u00e9e\",\"isPartOf\":{\"@id\":\"https:\\\/\\\/www.mapesteadoree.fr\\\/boutique\\\/#website\"},\"primaryImageOfPage\":{\"@id\":\"https:\\\/\\\/www.mapesteadoree.fr\\\/boutique\\\/bijoux\\\/bracelet-femme-en-hematite-contre-la-fatigue\\\/#primaryimage\"},\"image\":{\"@id\":\"https:\\\/\\\/www.mapesteadoree.fr\\\/boutique\\\/bijoux\\\/bracelet-femme-en-hematite-contre-la-fatigue\\\/#primaryimage\"},\"thumbnailUrl\":\"https:\\\/\\\/www.mapesteadoree.fr\\\/boutique\\\/wp-content\\\/uploads\\\/2023\\\/04\\\/bracelet-pierres-contre-fatigue-1.jpg\",\"datePublished\":\"2023-04-20T14:21:57+00:00\",\"dateModified\":\"2025-07-31T14:26:46+00:00\",\"description\":\"Bracelet femme en pierres naturelles d'H\u00e9matite 4mm, bracelet qui aide \u00e0 combattre la fatigue chronique et l'\u00e9puisement maternel\",\"breadcrumb\":{\"@id\":\"https:\\\/\\\/www.mapesteadoree.fr\\\/boutique\\\/bijoux\\\/bracelet-femme-en-hematite-contre-la-fatigue\\\/#breadcrumb\"},\"inLanguage\":\"fr-FR\",\"potentialAction\":[{\"@type\":\"ReadAction\",\"target\":[\"https:\\\/\\\/www.mapesteadoree.fr\\\/boutique\\\/bijoux\\\/bracelet-femme-en-hematite-contre-la-fatigue\\\/\"]}]},{\"@type\":\"ImageObject\",\"inLanguage\":\"fr-FR\",\"@id\":\"https:\\\/\\\/www.mapesteadoree.fr\\\/boutique\\\/bijoux\\\/bracelet-femme-en-hematite-contre-la-fatigue\\\/#primaryimage\",\"url\":\"https:\\\/\\\/www.mapesteadoree.fr\\\/boutique\\\/wp-content\\\/uploads\\\/2023\\\/04\\\/bracelet-pierres-contre-fatigue-1.jpg\",\"contentUrl\":\"https:\\\/\\\/www.mapesteadoree.fr\\\/boutique\\\/wp-content\\\/uploads\\\/2023\\\/04\\\/bracelet-pierres-contre-fatigue-1.jpg\",\"width\":1200,\"height\":1200,\"caption\":\"Bracelet femme contre la fatigue en pierre d'h\u00e9matite\"},{\"@type\":\"BreadcrumbList\",\"@id\":\"https:\\\/\\\/www.mapesteadoree.fr\\\/boutique\\\/bijoux\\\/bracelet-femme-en-hematite-contre-la-fatigue\\\/#breadcrumb\",\"itemListElement\":[{\"@type\":\"ListItem\",\"position\":1,\"name\":\"Accueil\",\"item\":\"https:\\\/\\\/www.mapesteadoree.fr\\\/boutique\\\/\"},{\"@type\":\"ListItem\",\"position\":2,\"name\":\"Boutique de bijoux uniques en pierres naturelles\",\"item\":\"https:\\\/\\\/www.mapesteadoree.fr\\\/boutique\\\/\"},{\"@type\":\"ListItem\",\"position\":3,\"name\":\"Bracelet Femme en H\u00e9matite contre la fatigue\"}]},{\"@type\":\"WebSite\",\"@id\":\"https:\\\/\\\/www.mapesteadoree.fr\\\/boutique\\\/#website\",\"url\":\"https:\\\/\\\/www.mapesteadoree.fr\\\/boutique\\\/\",\"name\":\"Ma Peste Ador\u00e9e\",\"description\":\"\",\"publisher\":{\"@id\":\"https:\\\/\\\/www.mapesteadoree.fr\\\/boutique\\\/#organization\"},\"potentialAction\":[{\"@type\":\"SearchAction\",\"target\":{\"@type\":\"EntryPoint\",\"urlTemplate\":\"https:\\\/\\\/www.mapesteadoree.fr\\\/boutique\\\/?s={search_term_string}\"},\"query-input\":{\"@type\":\"PropertyValueSpecification\",\"valueRequired\":true,\"valueName\":\"search_term_string\"}}],\"inLanguage\":\"fr-FR\"},{\"@type\":\"Organization\",\"@id\":\"https:\\\/\\\/www.mapesteadoree.fr\\\/boutique\\\/#organization\",\"name\":\"Ma Peste Ador\u00e9e\",\"url\":\"https:\\\/\\\/www.mapesteadoree.fr\\\/boutique\\\/\",\"logo\":{\"@type\":\"ImageObject\",\"inLanguage\":\"fr-FR\",\"@id\":\"https:\\\/\\\/www.mapesteadoree.fr\\\/boutique\\\/#\\\/schema\\\/logo\\\/image\\\/\",\"url\":\"https:\\\/\\\/www.mapesteadoree.fr\\\/boutique\\\/wp-content\\\/uploads\\\/2024\\\/10\\\/cropped-logo-mpa-2024.png\",\"contentUrl\":\"https:\\\/\\\/www.mapesteadoree.fr\\\/boutique\\\/wp-content\\\/uploads\\\/2024\\\/10\\\/cropped-logo-mpa-2024.png\",\"width\":470,\"height\":110,\"caption\":\"Ma Peste Ador\u00e9e\"},\"image\":{\"@id\":\"https:\\\/\\\/www.mapesteadoree.fr\\\/boutique\\\/#\\\/schema\\\/logo\\\/image\\\/\"}}]}<\/script>\n<!-- \/ Yoast SEO plugin. -->","yoast_head_json":{"title":"Bracelet Femme en H\u00e9matite contre la fatigue - Ma Peste Ador\u00e9e","description":"Bracelet femme en pierres naturelles d'H\u00e9matite 4mm, bracelet qui aide \u00e0 combattre la fatigue chronique et l'\u00e9puisement maternel","robots":{"index":"index","follow":"follow","max-snippet":"max-snippet:-1","max-image-preview":"max-image-preview:large","max-video-preview":"max-video-preview:-1"},"canonical":"https:\/\/www.mapesteadoree.fr\/boutique\/bijoux\/bracelet-femme-en-hematite-contre-la-fatigue\/","og_locale":"fr_FR","og_type":"article","og_title":"Bracelet Femme en H\u00e9matite contre la fatigue - Ma Peste Ador\u00e9e","og_description":"Bracelet femme en pierres naturelles d'H\u00e9matite 4mm, bracelet qui aide \u00e0 combattre la fatigue chronique et l'\u00e9puisement maternel","og_url":"https:\/\/www.mapesteadoree.fr\/boutique\/bijoux\/bracelet-femme-en-hematite-contre-la-fatigue\/","og_site_name":"Ma Peste Ador\u00e9e","article_modified_time":"2025-07-31T14:26:46+00:00","og_image":[{"width":1200,"height":1200,"url":"https:\/\/www.mapesteadoree.fr\/boutique\/wp-content\/uploads\/2023\/04\/bracelet-pierres-contre-fatigue-1.jpg","type":"image\/jpeg"}],"twitter_card":"summary_large_image","twitter_misc":{"Dur\u00e9e de lecture estim\u00e9e":"1 minute"},"schema":{"@context":"https:\/\/schema.org","@graph":[{"@type":"WebPage","@id":"https:\/\/www.mapesteadoree.fr\/boutique\/bijoux\/bracelet-femme-en-hematite-contre-la-fatigue\/","url":"https:\/\/www.mapesteadoree.fr\/boutique\/bijoux\/bracelet-femme-en-hematite-contre-la-fatigue\/","name":"Bracelet Femme en H\u00e9matite contre la fatigue - Ma Peste Ador\u00e9e","isPartOf":{"@id":"https:\/\/www.mapesteadoree.fr\/boutique\/#website"},"primaryImageOfPage":{"@id":"https:\/\/www.mapesteadoree.fr\/boutique\/bijoux\/bracelet-femme-en-hematite-contre-la-fatigue\/#primaryimage"},"image":{"@id":"https:\/\/www.mapesteadoree.fr\/boutique\/bijoux\/bracelet-femme-en-hematite-contre-la-fatigue\/#primaryimage"},"thumbnailUrl":"https:\/\/www.mapesteadoree.fr\/boutique\/wp-content\/uploads\/2023\/04\/bracelet-pierres-contre-fatigue-1.jpg","datePublished":"2023-04-20T14:21:57+00:00","dateModified":"2025-07-31T14:26:46+00:00","description":"Bracelet femme en pierres naturelles d'H\u00e9matite 4mm, bracelet qui aide \u00e0 combattre la fatigue chronique et l'\u00e9puisement maternel","breadcrumb":{"@id":"https:\/\/www.mapesteadoree.fr\/boutique\/bijoux\/bracelet-femme-en-hematite-contre-la-fatigue\/#breadcrumb"},"inLanguage":"fr-FR","potentialAction":[{"@type":"ReadAction","target":["https:\/\/www.mapesteadoree.fr\/boutique\/bijoux\/bracelet-femme-en-hematite-contre-la-fatigue\/"]}]},{"@type":"ImageObject","inLanguage":"fr-FR","@id":"https:\/\/www.mapesteadoree.fr\/boutique\/bijoux\/bracelet-femme-en-hematite-contre-la-fatigue\/#primaryimage","url":"https:\/\/www.mapesteadoree.fr\/boutique\/wp-content\/uploads\/2023\/04\/bracelet-pierres-contre-fatigue-1.jpg","contentUrl":"https:\/\/www.mapesteadoree.fr\/boutique\/wp-content\/uploads\/2023\/04\/bracelet-pierres-contre-fatigue-1.jpg","width":1200,"height":1200,"caption":"Bracelet femme contre la fatigue en pierre d'h\u00e9matite"},{"@type":"BreadcrumbList","@id":"https:\/\/www.mapesteadoree.fr\/boutique\/bijoux\/bracelet-femme-en-hematite-contre-la-fatigue\/#breadcrumb","itemListElement":[{"@type":"ListItem","position":1,"name":"Accueil","item":"https:\/\/www.mapesteadoree.fr\/boutique\/"},{"@type":"ListItem","position":2,"name":"Boutique de bijoux uniques en pierres naturelles","item":"https:\/\/www.mapesteadoree.fr\/boutique\/"},{"@type":"ListItem","position":3,"name":"Bracelet Femme en H\u00e9matite contre la fatigue"}]},{"@type":"WebSite","@id":"https:\/\/www.mapesteadoree.fr\/boutique\/#website","url":"https:\/\/www.mapesteadoree.fr\/boutique\/","name":"Ma Peste Ador\u00e9e","description":"","publisher":{"@id":"https:\/\/www.mapesteadoree.fr\/boutique\/#organization"},"potentialAction":[{"@type":"SearchAction","target":{"@type":"EntryPoint","urlTemplate":"https:\/\/www.mapesteadoree.fr\/boutique\/?s={search_term_string}"},"query-input":{"@type":"PropertyValueSpecification","valueRequired":true,"valueName":"search_term_string"}}],"inLanguage":"fr-FR"},{"@type":"Organization","@id":"https:\/\/www.mapesteadoree.fr\/boutique\/#organization","name":"Ma Peste Ador\u00e9e","url":"https:\/\/www.mapesteadoree.fr\/boutique\/","logo":{"@type":"ImageObject","inLanguage":"fr-FR","@id":"https:\/\/www.mapesteadoree.fr\/boutique\/#\/schema\/logo\/image\/","url":"https:\/\/www.mapesteadoree.fr\/boutique\/wp-content\/uploads\/2024\/10\/cropped-logo-mpa-2024.png","contentUrl":"https:\/\/www.mapesteadoree.fr\/boutique\/wp-content\/uploads\/2024\/10\/cropped-logo-mpa-2024.png","width":470,"height":110,"caption":"Ma Peste Ador\u00e9e"},"image":{"@id":"https:\/\/www.mapesteadoree.fr\/boutique\/#\/schema\/logo\/image\/"}}]}},"wcpa_form_fields":null,"_links":{"self":[{"href":"https:\/\/www.mapesteadoree.fr\/boutique\/wp-json\/wp\/v2\/product\/50293","targetHints":{"allow":["GET"]}}],"collection":[{"href":"https:\/\/www.mapesteadoree.fr\/boutique\/wp-json\/wp\/v2\/product"}],"about":[{"href":"https:\/\/www.mapesteadoree.fr\/boutique\/wp-json\/wp\/v2\/types\/product"}],"replies":[{"embeddable":true,"href":"https:\/\/www.mapesteadoree.fr\/boutique\/wp-json\/wp\/v2\/comments?post=50293"}],"wp:featuredmedia":[{"embeddable":true,"href":"https:\/\/www.mapesteadoree.fr\/boutique\/wp-json\/wp\/v2\/media\/57283"}],"wp:attachment":[{"href":"https:\/\/www.mapesteadoree.fr\/boutique\/wp-json\/wp\/v2\/media?parent=50293"}],"wp:term":[{"taxonomy":"product_brand","embeddable":true,"href":"https:\/\/www.mapesteadoree.fr\/boutique\/wp-json\/wp\/v2\/product_brand?post=50293"},{"taxonomy":"product_cat","embeddable":true,"href":"https:\/\/www.mapesteadoree.fr\/boutique\/wp-json\/wp\/v2\/product_cat?post=50293"},{"taxonomy":"product_tag","embeddable":true,"href":"https:\/\/www.mapesteadoree.fr\/boutique\/wp-json\/wp\/v2\/product_tag?post=50293"}],"curies":[{"name":"wp","href":"https:\/\/api.w.org\/{rel}","templated":true}]}}