{"id":49819,"date":"2023-01-23T11:35:04","date_gmt":"2023-01-23T10:35:04","guid":{"rendered":"https:\/\/www.mapesteadoree.fr\/boutique\/?post_type=product&#038;p=49819"},"modified":"2025-08-21T11:00:45","modified_gmt":"2025-08-21T09:00:45","slug":"galet-plat-de-cristal-de-roche","status":"publish","type":"product","link":"https:\/\/www.mapesteadoree.fr\/boutique\/bijoux\/galet-plat-de-cristal-de-roche\/","title":{"rendered":"Galet Plat de Cristal de Roche"},"content":{"rendered":"<h1>Le quartz blanc : la pierre\u00a0pour trouver sa lumi\u00e8re<\/h1>\n<p>Voici un galet plat de quartz blanc ou cristal de quartz , il a une taille parfaite pour le garder dans sa poche, dans un sac, un cartable ou dans une chambre (sur une commode, une table de chevet). Il n&rsquo;est ni trop grand, ni trop petit, que ce soit pour un enfant ou un adulte, ce cristal de quartz est une pierre de lithoth\u00e9rapie \u00a0vraiment parfaite !<\/p>\n<ul>\n<li>Taille du galet : environ 3,5-4cm x 4-6cm<\/li>\n<li>Poids : entre 35 et 55g selon la forme<\/li>\n<li>Origine : Br\u00e9sil<\/li>\n<\/ul>\n<p>Chaque pierre est naturelle donc la forme comme la couleur peut varier. Chaque exemplaire est donc totalement unique et celui que vous recevrez est celui qui vous \u00e9tait destin\u00e9&#8230; Cependant le quartz blanc \u00e9tant de couleur blanche, plus ou moins transparente, les variations de couleur sont l\u00e9g\u00e8res.<\/p>\n<p><i>Le Cristal de quartz est une pierre de lumi\u00e8re, qui aide \u00e0 trouver son propre chemin, \u00e0 \u00eatre soi m\u00eame.\u00a0C&rsquo;est un min\u00e9ral\u00a0qui rassure, qui qui apaise les \u00e9motions fortes pour mieux les vivre et les accepter.\u00a0<\/i><\/p>\n<h2>Le quartz blanc : la pierre qui rend plus heureux<\/h2>\n<p>La pierre naturelle de cristal de quartz est une pierre de r\u00e9confort, qui am\u00e9liore la qualit\u00e9 de vie et rend plus heureux. \u00a0Elle poss\u00e8de de nombreux bienfaits :<\/p>\n<ul class=\"i8Z77e\">\n<li>C&rsquo;est une pierre qui r\u00e9conforte et offre des sentiments positifs et joyeux<\/li>\n<li>Elle revitalise, donne de l&rsquo;espoir et de l&rsquo;\u00e9nergie pour remonter la pente et se sentir mieux<\/li>\n<li>C&rsquo;est une pierre sacr\u00e9e qui offre clairvoyance, \u00e9veil de la conscience et sagesse.<\/li>\n<li>Elle d\u00e9veloppe imagination et intuition.<\/li>\n<li>Elle apporte vitalit\u00e9 et r\u00e9confort, elle permet aussi de d\u00e9bloquer et de canaliser les \u00e9nergies du corps et de l&rsquo;esprit.<\/li>\n<li>Elle donne une certaine libert\u00e9 \u00e0 l&rsquo;esprit, permettant ainsi d&rsquo;avoir le courage de choisir sa vie, d&rsquo;\u00eatre heureux.<\/li>\n<li>Le quartz blanc aide \u00e0 atteindre \u00a0des niveaux \u00e9lev\u00e9s de qui\u00e9tude et d&rsquo;\u00e9quilibre \u00e9nerg\u00e9tique.<\/li>\n<li>C&rsquo;est la pierre du gu\u00e9risseur par excellence.<\/li>\n<li>Elle canalise les \u00e9nergies, aide \u00e0 gu\u00e9rir des affections physiques et mentale<\/li>\n<li>Pierre qui fortifie le corps en g\u00e9n\u00e9ral : au niveau des yeux, des oreilles, du c\u0153ur, des poumons, du syst\u00e8me digestif ou du syst\u00e8me nerveux. Le cristal de quartz aide \u00e0 lutter contre \u00a0les douleurs ressenties dans le corps.<\/li>\n<li>La cristal de roche est une pierre qui permet de purifier et recharger les autres cristaux \u00e0 son contact.<\/li>\n<\/ul>\n<p>&nbsp;<\/p>\n<blockquote><p><em>Sur le plan holistique et gr\u00e2ce \u00e0 ses capacit\u00e9s de nettoyage et de rechargement \u00e9nerg\u00e9tique, ce gemme\u00a0<b>peut s&rsquo;utiliser pour l&rsquo;harmonisation et le r\u00e9\u00e9quilibrage de n&rsquo;importe quel chakra !<\/b><\/em><\/p><\/blockquote>\n<p><strong>Le cristal de quartz est une pierre \u00e9tonnante, son usage est relat\u00e9 dans le nombreux manuscrits tr\u00e8s anciens. C&rsquo;est une pierre\u00a0<\/strong><b>qui aurait le pouvoir de gu\u00e9rir les blessures et les maladies, qui permet de communiquer avec les esprits&#8230; C&rsquo;est une pierre qu&rsquo;il faut avoir chez soi pour b\u00e9n\u00e9ficier de toutes ses bonnes ondes.<\/b><\/p>\n","protected":false},"excerpt":{"rendered":"<p>Galet plat de Cristal de roche, originaire du Br\u00e9sil. Cette pierre a la taille parfaite pour un enfant ou un adulte, \u00e0 garder dans la poche ou \u00e0 poser dans une chambre. Cette pierre \u00a0est connue pour ses bienfaits de r\u00e9confort, elle rend heureux et aide \u00e0 trouver la lumi\u00e8re au fond de soi. Elle concentre l&rsquo;esprit, favorise la m\u00e9ditation et \u00e9limine la n\u00e9gativit\u00e9.<\/p>\n","protected":false},"featured_media":57719,"comment_status":"open","ping_status":"closed","template":"","meta":[],"product_brand":[],"product_cat":[25,1997,26],"product_tag":[],"class_list":{"0":"post-49819","1":"product","2":"type-product","3":"status-publish","4":"has-post-thumbnail","6":"product_cat-accessoires","7":"product_cat-mineraux","8":"product_cat-pierres-naturelles","10":"first","11":"instock","12":"shipping-taxable","13":"purchasable","14":"product-type-simple"},"acf":[],"yoast_head":"<!-- This site is optimized with the Yoast SEO plugin v27.4 - https:\/\/yoast.com\/product\/yoast-seo-wordpress\/ -->\n<title>Galet Plat de Cristal de Roche - Ma Peste Ador\u00e9e<\/title>\n<meta name=\"description\" content=\"Galet plat de cristal de quartz : la pierre de lumi\u00e8re, pour s&#039;accepter, se sentir heureux et trouver son chemin \u00e0 travers la vie\" \/>\n<meta name=\"robots\" content=\"index, follow, max-snippet:-1, max-image-preview:large, max-video-preview:-1\" \/>\n<link rel=\"canonical\" href=\"https:\/\/www.mapesteadoree.fr\/boutique\/bijoux\/galet-plat-de-cristal-de-roche\/\" \/>\n<meta property=\"og:locale\" content=\"fr_FR\" \/>\n<meta property=\"og:type\" content=\"article\" \/>\n<meta property=\"og:title\" content=\"Galet Plat de Cristal de Roche - Ma Peste Ador\u00e9e\" \/>\n<meta property=\"og:description\" content=\"Galet plat de cristal de quartz : la pierre de lumi\u00e8re, pour s&#039;accepter, se sentir heureux et trouver son chemin \u00e0 travers la vie\" \/>\n<meta property=\"og:url\" content=\"https:\/\/www.mapesteadoree.fr\/boutique\/bijoux\/galet-plat-de-cristal-de-roche\/\" \/>\n<meta property=\"og:site_name\" content=\"Ma Peste Ador\u00e9e\" \/>\n<meta property=\"article:modified_time\" content=\"2025-08-21T09:00:45+00:00\" \/>\n<meta property=\"og:image\" content=\"https:\/\/www.mapesteadoree.fr\/boutique\/wp-content\/uploads\/2024\/02\/cristal-roche-proprietes.jpg\" \/>\n\t<meta property=\"og:image:width\" content=\"1200\" \/>\n\t<meta property=\"og:image:height\" content=\"1200\" \/>\n\t<meta property=\"og:image:type\" content=\"image\/jpeg\" \/>\n<meta name=\"twitter:card\" content=\"summary_large_image\" \/>\n<meta name=\"twitter:label1\" content=\"Dur\u00e9e de lecture estim\u00e9e\" \/>\n\t<meta name=\"twitter:data1\" content=\"3 minutes\" \/>\n<script type=\"application\/ld+json\" class=\"yoast-schema-graph\">{\"@context\":\"https:\\\/\\\/schema.org\",\"@graph\":[{\"@type\":\"WebPage\",\"@id\":\"https:\\\/\\\/www.mapesteadoree.fr\\\/boutique\\\/bijoux\\\/galet-plat-de-cristal-de-roche\\\/\",\"url\":\"https:\\\/\\\/www.mapesteadoree.fr\\\/boutique\\\/bijoux\\\/galet-plat-de-cristal-de-roche\\\/\",\"name\":\"Galet Plat de Cristal de Roche - Ma Peste Ador\u00e9e\",\"isPartOf\":{\"@id\":\"https:\\\/\\\/www.mapesteadoree.fr\\\/boutique\\\/#website\"},\"primaryImageOfPage\":{\"@id\":\"https:\\\/\\\/www.mapesteadoree.fr\\\/boutique\\\/bijoux\\\/galet-plat-de-cristal-de-roche\\\/#primaryimage\"},\"image\":{\"@id\":\"https:\\\/\\\/www.mapesteadoree.fr\\\/boutique\\\/bijoux\\\/galet-plat-de-cristal-de-roche\\\/#primaryimage\"},\"thumbnailUrl\":\"https:\\\/\\\/www.mapesteadoree.fr\\\/boutique\\\/wp-content\\\/uploads\\\/2024\\\/02\\\/cristal-roche-proprietes.jpg\",\"datePublished\":\"2023-01-23T10:35:04+00:00\",\"dateModified\":\"2025-08-21T09:00:45+00:00\",\"description\":\"Galet plat de cristal de quartz : la pierre de lumi\u00e8re, pour s'accepter, se sentir heureux et trouver son chemin \u00e0 travers la vie\",\"breadcrumb\":{\"@id\":\"https:\\\/\\\/www.mapesteadoree.fr\\\/boutique\\\/bijoux\\\/galet-plat-de-cristal-de-roche\\\/#breadcrumb\"},\"inLanguage\":\"fr-FR\",\"potentialAction\":[{\"@type\":\"ReadAction\",\"target\":[\"https:\\\/\\\/www.mapesteadoree.fr\\\/boutique\\\/bijoux\\\/galet-plat-de-cristal-de-roche\\\/\"]}]},{\"@type\":\"ImageObject\",\"inLanguage\":\"fr-FR\",\"@id\":\"https:\\\/\\\/www.mapesteadoree.fr\\\/boutique\\\/bijoux\\\/galet-plat-de-cristal-de-roche\\\/#primaryimage\",\"url\":\"https:\\\/\\\/www.mapesteadoree.fr\\\/boutique\\\/wp-content\\\/uploads\\\/2024\\\/02\\\/cristal-roche-proprietes.jpg\",\"contentUrl\":\"https:\\\/\\\/www.mapesteadoree.fr\\\/boutique\\\/wp-content\\\/uploads\\\/2024\\\/02\\\/cristal-roche-proprietes.jpg\",\"width\":1200,\"height\":1200,\"caption\":\"Galet de cristal de roche\"},{\"@type\":\"BreadcrumbList\",\"@id\":\"https:\\\/\\\/www.mapesteadoree.fr\\\/boutique\\\/bijoux\\\/galet-plat-de-cristal-de-roche\\\/#breadcrumb\",\"itemListElement\":[{\"@type\":\"ListItem\",\"position\":1,\"name\":\"Accueil\",\"item\":\"https:\\\/\\\/www.mapesteadoree.fr\\\/boutique\\\/\"},{\"@type\":\"ListItem\",\"position\":2,\"name\":\"Boutique de bijoux uniques en pierres naturelles\",\"item\":\"https:\\\/\\\/www.mapesteadoree.fr\\\/boutique\\\/\"},{\"@type\":\"ListItem\",\"position\":3,\"name\":\"Galet Plat de Cristal de Roche\"}]},{\"@type\":\"WebSite\",\"@id\":\"https:\\\/\\\/www.mapesteadoree.fr\\\/boutique\\\/#website\",\"url\":\"https:\\\/\\\/www.mapesteadoree.fr\\\/boutique\\\/\",\"name\":\"Ma Peste Ador\u00e9e\",\"description\":\"\",\"publisher\":{\"@id\":\"https:\\\/\\\/www.mapesteadoree.fr\\\/boutique\\\/#organization\"},\"potentialAction\":[{\"@type\":\"SearchAction\",\"target\":{\"@type\":\"EntryPoint\",\"urlTemplate\":\"https:\\\/\\\/www.mapesteadoree.fr\\\/boutique\\\/?s={search_term_string}\"},\"query-input\":{\"@type\":\"PropertyValueSpecification\",\"valueRequired\":true,\"valueName\":\"search_term_string\"}}],\"inLanguage\":\"fr-FR\"},{\"@type\":\"Organization\",\"@id\":\"https:\\\/\\\/www.mapesteadoree.fr\\\/boutique\\\/#organization\",\"name\":\"Ma Peste Ador\u00e9e\",\"url\":\"https:\\\/\\\/www.mapesteadoree.fr\\\/boutique\\\/\",\"logo\":{\"@type\":\"ImageObject\",\"inLanguage\":\"fr-FR\",\"@id\":\"https:\\\/\\\/www.mapesteadoree.fr\\\/boutique\\\/#\\\/schema\\\/logo\\\/image\\\/\",\"url\":\"https:\\\/\\\/www.mapesteadoree.fr\\\/boutique\\\/wp-content\\\/uploads\\\/2024\\\/10\\\/cropped-logo-mpa-2024.png\",\"contentUrl\":\"https:\\\/\\\/www.mapesteadoree.fr\\\/boutique\\\/wp-content\\\/uploads\\\/2024\\\/10\\\/cropped-logo-mpa-2024.png\",\"width\":470,\"height\":110,\"caption\":\"Ma Peste Ador\u00e9e\"},\"image\":{\"@id\":\"https:\\\/\\\/www.mapesteadoree.fr\\\/boutique\\\/#\\\/schema\\\/logo\\\/image\\\/\"}}]}<\/script>\n<!-- \/ Yoast SEO plugin. -->","yoast_head_json":{"title":"Galet Plat de Cristal de Roche - Ma Peste Ador\u00e9e","description":"Galet plat de cristal de quartz : la pierre de lumi\u00e8re, pour s'accepter, se sentir heureux et trouver son chemin \u00e0 travers la vie","robots":{"index":"index","follow":"follow","max-snippet":"max-snippet:-1","max-image-preview":"max-image-preview:large","max-video-preview":"max-video-preview:-1"},"canonical":"https:\/\/www.mapesteadoree.fr\/boutique\/bijoux\/galet-plat-de-cristal-de-roche\/","og_locale":"fr_FR","og_type":"article","og_title":"Galet Plat de Cristal de Roche - Ma Peste Ador\u00e9e","og_description":"Galet plat de cristal de quartz : la pierre de lumi\u00e8re, pour s'accepter, se sentir heureux et trouver son chemin \u00e0 travers la vie","og_url":"https:\/\/www.mapesteadoree.fr\/boutique\/bijoux\/galet-plat-de-cristal-de-roche\/","og_site_name":"Ma Peste Ador\u00e9e","article_modified_time":"2025-08-21T09:00:45+00:00","og_image":[{"width":1200,"height":1200,"url":"https:\/\/www.mapesteadoree.fr\/boutique\/wp-content\/uploads\/2024\/02\/cristal-roche-proprietes.jpg","type":"image\/jpeg"}],"twitter_card":"summary_large_image","twitter_misc":{"Dur\u00e9e de lecture estim\u00e9e":"3 minutes"},"schema":{"@context":"https:\/\/schema.org","@graph":[{"@type":"WebPage","@id":"https:\/\/www.mapesteadoree.fr\/boutique\/bijoux\/galet-plat-de-cristal-de-roche\/","url":"https:\/\/www.mapesteadoree.fr\/boutique\/bijoux\/galet-plat-de-cristal-de-roche\/","name":"Galet Plat de Cristal de Roche - Ma Peste Ador\u00e9e","isPartOf":{"@id":"https:\/\/www.mapesteadoree.fr\/boutique\/#website"},"primaryImageOfPage":{"@id":"https:\/\/www.mapesteadoree.fr\/boutique\/bijoux\/galet-plat-de-cristal-de-roche\/#primaryimage"},"image":{"@id":"https:\/\/www.mapesteadoree.fr\/boutique\/bijoux\/galet-plat-de-cristal-de-roche\/#primaryimage"},"thumbnailUrl":"https:\/\/www.mapesteadoree.fr\/boutique\/wp-content\/uploads\/2024\/02\/cristal-roche-proprietes.jpg","datePublished":"2023-01-23T10:35:04+00:00","dateModified":"2025-08-21T09:00:45+00:00","description":"Galet plat de cristal de quartz : la pierre de lumi\u00e8re, pour s'accepter, se sentir heureux et trouver son chemin \u00e0 travers la vie","breadcrumb":{"@id":"https:\/\/www.mapesteadoree.fr\/boutique\/bijoux\/galet-plat-de-cristal-de-roche\/#breadcrumb"},"inLanguage":"fr-FR","potentialAction":[{"@type":"ReadAction","target":["https:\/\/www.mapesteadoree.fr\/boutique\/bijoux\/galet-plat-de-cristal-de-roche\/"]}]},{"@type":"ImageObject","inLanguage":"fr-FR","@id":"https:\/\/www.mapesteadoree.fr\/boutique\/bijoux\/galet-plat-de-cristal-de-roche\/#primaryimage","url":"https:\/\/www.mapesteadoree.fr\/boutique\/wp-content\/uploads\/2024\/02\/cristal-roche-proprietes.jpg","contentUrl":"https:\/\/www.mapesteadoree.fr\/boutique\/wp-content\/uploads\/2024\/02\/cristal-roche-proprietes.jpg","width":1200,"height":1200,"caption":"Galet de cristal de roche"},{"@type":"BreadcrumbList","@id":"https:\/\/www.mapesteadoree.fr\/boutique\/bijoux\/galet-plat-de-cristal-de-roche\/#breadcrumb","itemListElement":[{"@type":"ListItem","position":1,"name":"Accueil","item":"https:\/\/www.mapesteadoree.fr\/boutique\/"},{"@type":"ListItem","position":2,"name":"Boutique de bijoux uniques en pierres naturelles","item":"https:\/\/www.mapesteadoree.fr\/boutique\/"},{"@type":"ListItem","position":3,"name":"Galet Plat de Cristal de Roche"}]},{"@type":"WebSite","@id":"https:\/\/www.mapesteadoree.fr\/boutique\/#website","url":"https:\/\/www.mapesteadoree.fr\/boutique\/","name":"Ma Peste Ador\u00e9e","description":"","publisher":{"@id":"https:\/\/www.mapesteadoree.fr\/boutique\/#organization"},"potentialAction":[{"@type":"SearchAction","target":{"@type":"EntryPoint","urlTemplate":"https:\/\/www.mapesteadoree.fr\/boutique\/?s={search_term_string}"},"query-input":{"@type":"PropertyValueSpecification","valueRequired":true,"valueName":"search_term_string"}}],"inLanguage":"fr-FR"},{"@type":"Organization","@id":"https:\/\/www.mapesteadoree.fr\/boutique\/#organization","name":"Ma Peste Ador\u00e9e","url":"https:\/\/www.mapesteadoree.fr\/boutique\/","logo":{"@type":"ImageObject","inLanguage":"fr-FR","@id":"https:\/\/www.mapesteadoree.fr\/boutique\/#\/schema\/logo\/image\/","url":"https:\/\/www.mapesteadoree.fr\/boutique\/wp-content\/uploads\/2024\/10\/cropped-logo-mpa-2024.png","contentUrl":"https:\/\/www.mapesteadoree.fr\/boutique\/wp-content\/uploads\/2024\/10\/cropped-logo-mpa-2024.png","width":470,"height":110,"caption":"Ma Peste Ador\u00e9e"},"image":{"@id":"https:\/\/www.mapesteadoree.fr\/boutique\/#\/schema\/logo\/image\/"}}]}},"wcpa_form_fields":null,"_links":{"self":[{"href":"https:\/\/www.mapesteadoree.fr\/boutique\/wp-json\/wp\/v2\/product\/49819","targetHints":{"allow":["GET"]}}],"collection":[{"href":"https:\/\/www.mapesteadoree.fr\/boutique\/wp-json\/wp\/v2\/product"}],"about":[{"href":"https:\/\/www.mapesteadoree.fr\/boutique\/wp-json\/wp\/v2\/types\/product"}],"replies":[{"embeddable":true,"href":"https:\/\/www.mapesteadoree.fr\/boutique\/wp-json\/wp\/v2\/comments?post=49819"}],"wp:featuredmedia":[{"embeddable":true,"href":"https:\/\/www.mapesteadoree.fr\/boutique\/wp-json\/wp\/v2\/media\/57719"}],"wp:attachment":[{"href":"https:\/\/www.mapesteadoree.fr\/boutique\/wp-json\/wp\/v2\/media?parent=49819"}],"wp:term":[{"taxonomy":"product_brand","embeddable":true,"href":"https:\/\/www.mapesteadoree.fr\/boutique\/wp-json\/wp\/v2\/product_brand?post=49819"},{"taxonomy":"product_cat","embeddable":true,"href":"https:\/\/www.mapesteadoree.fr\/boutique\/wp-json\/wp\/v2\/product_cat?post=49819"},{"taxonomy":"product_tag","embeddable":true,"href":"https:\/\/www.mapesteadoree.fr\/boutique\/wp-json\/wp\/v2\/product_tag?post=49819"}],"curies":[{"name":"wp","href":"https:\/\/api.w.org\/{rel}","templated":true}]}}