{"id":49817,"date":"2023-01-23T11:11:50","date_gmt":"2023-01-23T10:11:50","guid":{"rendered":"https:\/\/www.mapesteadoree.fr\/boutique\/?post_type=product&#038;p=49817"},"modified":"2025-10-09T07:52:05","modified_gmt":"2025-10-09T05:52:05","slug":"galet-plat-de-cornaline","status":"publish","type":"product","link":"https:\/\/www.mapesteadoree.fr\/boutique\/bijoux\/galet-plat-de-cornaline\/","title":{"rendered":"Galet Plat de Cornaline"},"content":{"rendered":"<h1>La Cornaline : pierre solaire de joie<\/h1>\n<p>Voici un galet plat de Cornaline , il a une taille parfaite pour le garder dans sa poche, dans un sac, un cartable ou dans une chambre (sur une commode, une table de chevet). Il n&rsquo;est ni trop grand, ni trop petit, que ce soit pour un enfant ou un adulte, cette cornaline jaune orange est une pierre de lithoth\u00e9rapie \u00a0vraiment parfaite !<\/p>\n<ul>\n<li>Taille du galet : environ 3-4cm x 4-6cm<\/li>\n<li>Poids : entre 35 et 55g selon la forme<\/li>\n<li>Origine : Br\u00e9sil<\/li>\n<\/ul>\n<p>Chaque pierre est naturelle donc la forme comme la couleur peut varier. Chaque exemplaire est donc totalement unique et celui que vous recevrez est celui qui vous \u00e9tait destin\u00e9&#8230; La cornaline est de couleur allant du jaune transparent clair, au jaune soutenu, jusqu&rsquo;au orange ou presque rouge.<\/p>\n<p><i>La Cornaline est un min\u00e9ral connu et reconnu pour ses bienfaits positifs : elle transmet force, vitalit\u00e9 et\u00a0\u00e9nergie, elle donne l&rsquo;amour de la vie. C&rsquo;est une pierre gu\u00e9risseuse, qui a le pouvoir de stimuler les organes, elle a des bienfaits anti-inflammatoires et lutte contre les toxines.<\/i><\/p>\n<h2>La Cornaline : la pierre de vitalit\u00e9 et de bonne humeur<\/h2>\n<p>La pierre naturelle de Cornaline est une pierre qui transmet des sentiments positifs, qui donne du courage. \u00a0Elle poss\u00e8de de nombreux bienfaits :<\/p>\n<ul class=\"i8Z77e\">\n<li>C&rsquo;est une pierre solaire de joie, de bonne humeur, d&rsquo;enthousiasme<\/li>\n<li>Elle apporte vitalit\u00e9 et \u00e9nergie \u00e0 son porteur<\/li>\n<li>Elle donne du courage, de la volont\u00e9 d&rsquo;agir et de se d\u00e9passer<\/li>\n<li>Elle a des effets apaisants sur les personnes \u00e9motives et col\u00e9riques<\/li>\n<li>Elle r\u00e9gule le trop plein d&rsquo;\u00e9nergie, aide \u00e0 canaliser ses \u00e9motions.<\/li>\n<li>Elle \u00e9limine les sentiments de d\u00e9prime, de d\u00e9pression ou de d\u00e9sespoir.<\/li>\n<li>Cette pierre booste l&rsquo;acceptation de soi chez les personnes sensibles ou hypersensibles<\/li>\n<li>\n<div class=\"Z26q7c UK95Uc Sth6v\" data-content-feature=\"0,1,2,3\" data-sokoban-feature=\"Vjbam\">\n<div>\n<div class=\"LicuJb uhHOwf BYbUcd\" aria-hidden=\"true\">Elle a le pouvoir de chasser les mauvais sentiments et les pens\u00e9es n\u00e9gatives ( la jalousie, le ressentiment et la col\u00e8re)<\/div>\n<\/div>\n<\/div>\n<\/li>\n<li>Pour les adultes : la cornaline stimule la sexualit\u00e9, augmente la fertilit\u00e9 et aide \u00e0 vaincre ses peurs. Elle aide \u00e0 se lib\u00e9rer, \u00e0 se sentir \u00e0 l&rsquo;aide avec son corps. C&rsquo;est une bonne pierre pour stimuler la f\u00e9condit\u00e9 ou booster sa vie sexuelle.<\/li>\n<\/ul>\n<p><strong>La Cornaline est une pierre\u00a0vraiment utile \u00e0 tout un chacun : que ce soit pour les adultes ou les enfants, elle apporte\u00a0joie, bonheur et sentiments positifs et aide \u00e0 \u00e9carter les \u00e9motions\u00a0n\u00e9gatives qui ont tendance \u00e0\u00a0pourrir la vie : jalousie,\u00a0rancoeur,\u00a0ressentiment ou col\u00e8re&#8230;<\/strong><\/p>\n<p><i>Sur le plan holistique, La cornaline est, <\/i><b style=\"font-style: italic;\">reli\u00e9e au chakra sacr\u00e9 qui est situ\u00e9 au niveau du ventre<\/b><i>. Elle correspond \u00e0 beaucoup de monde, car comme expliqu\u00e9 plus haut, ses \u00e9nergies s&rsquo;adaptent facilement \u00e0 diff\u00e9rentes personnalit\u00e9s. <\/i><\/p>\n<blockquote><p>La cornaline \u00e9tant une pierre de bonheur, c&rsquo;est une bonne id\u00e9e de cadeau si vous souhaitez initier un ou\u00a0une proche \u00e0 la lithoth\u00e9rapie. Vous pouvez l&rsquo;associer avec le galet d&rsquo;oeil de tigre (courage, d\u00e9termination, chance).<\/p><\/blockquote>\n","protected":false},"excerpt":{"rendered":"<p>Galet plat de Cornaline, originaire du Br\u00e9sil. Cette pierre a la taille parfaite pour un enfant ou un adulte, \u00e0 garder dans la poche ou \u00e0 poser dans une chambre. Cette pierre \u00a0est connue pour ses bienfaits li\u00e9s aux sentiments positifs, la joie, le bonheur, la bonne humeur. Elle combat les \u00e9motions n\u00e9gatives telles que la col\u00e8re, l&rsquo;impatience, la jalousie, la rancoeur ou encore le ressentiment.<\/p>\n","protected":false},"featured_media":57716,"comment_status":"open","ping_status":"closed","template":"","meta":[],"product_brand":[],"product_cat":[25,1997,26],"product_tag":[],"class_list":{"0":"post-49817","1":"product","2":"type-product","3":"status-publish","4":"has-post-thumbnail","6":"product_cat-accessoires","7":"product_cat-mineraux","8":"product_cat-pierres-naturelles","10":"first","11":"outofstock","12":"shipping-taxable","13":"purchasable","14":"product-type-simple"},"acf":[],"yoast_head":"<!-- This site is optimized with the Yoast SEO plugin v27.4 - https:\/\/yoast.com\/product\/yoast-seo-wordpress\/ -->\n<title>Galet Plat de Cornaline - Ma Peste Ador\u00e9e<\/title>\n<meta name=\"description\" content=\"Galet plat de cornaline : la pierre pour se sentir heureux, de bonne humeur, pour dissiper les sentiments n\u00e9gatifs et se sentir bien\" \/>\n<meta name=\"robots\" content=\"index, follow, max-snippet:-1, max-image-preview:large, max-video-preview:-1\" \/>\n<link rel=\"canonical\" href=\"https:\/\/www.mapesteadoree.fr\/boutique\/bijoux\/galet-plat-de-cornaline\/\" \/>\n<meta property=\"og:locale\" content=\"fr_FR\" \/>\n<meta property=\"og:type\" content=\"article\" \/>\n<meta property=\"og:title\" content=\"Galet Plat de Cornaline - Ma Peste Ador\u00e9e\" \/>\n<meta property=\"og:description\" content=\"Galet plat de cornaline : la pierre pour se sentir heureux, de bonne humeur, pour dissiper les sentiments n\u00e9gatifs et se sentir bien\" \/>\n<meta property=\"og:url\" content=\"https:\/\/www.mapesteadoree.fr\/boutique\/bijoux\/galet-plat-de-cornaline\/\" \/>\n<meta property=\"og:site_name\" content=\"Ma Peste Ador\u00e9e\" \/>\n<meta property=\"article:modified_time\" content=\"2025-10-09T05:52:05+00:00\" \/>\n<meta property=\"og:image\" content=\"https:\/\/www.mapesteadoree.fr\/boutique\/wp-content\/uploads\/2024\/02\/cornaline-proprietes.jpg\" \/>\n\t<meta property=\"og:image:width\" content=\"1200\" \/>\n\t<meta property=\"og:image:height\" content=\"1200\" \/>\n\t<meta property=\"og:image:type\" content=\"image\/jpeg\" \/>\n<meta name=\"twitter:card\" content=\"summary_large_image\" \/>\n<meta name=\"twitter:label1\" content=\"Dur\u00e9e de lecture estim\u00e9e\" \/>\n\t<meta name=\"twitter:data1\" content=\"2 minutes\" \/>\n<script type=\"application\/ld+json\" class=\"yoast-schema-graph\">{\"@context\":\"https:\\\/\\\/schema.org\",\"@graph\":[{\"@type\":\"WebPage\",\"@id\":\"https:\\\/\\\/www.mapesteadoree.fr\\\/boutique\\\/bijoux\\\/galet-plat-de-cornaline\\\/\",\"url\":\"https:\\\/\\\/www.mapesteadoree.fr\\\/boutique\\\/bijoux\\\/galet-plat-de-cornaline\\\/\",\"name\":\"Galet Plat de Cornaline - Ma Peste Ador\u00e9e\",\"isPartOf\":{\"@id\":\"https:\\\/\\\/www.mapesteadoree.fr\\\/boutique\\\/#website\"},\"primaryImageOfPage\":{\"@id\":\"https:\\\/\\\/www.mapesteadoree.fr\\\/boutique\\\/bijoux\\\/galet-plat-de-cornaline\\\/#primaryimage\"},\"image\":{\"@id\":\"https:\\\/\\\/www.mapesteadoree.fr\\\/boutique\\\/bijoux\\\/galet-plat-de-cornaline\\\/#primaryimage\"},\"thumbnailUrl\":\"https:\\\/\\\/www.mapesteadoree.fr\\\/boutique\\\/wp-content\\\/uploads\\\/2024\\\/02\\\/cornaline-proprietes.jpg\",\"datePublished\":\"2023-01-23T10:11:50+00:00\",\"dateModified\":\"2025-10-09T05:52:05+00:00\",\"description\":\"Galet plat de cornaline : la pierre pour se sentir heureux, de bonne humeur, pour dissiper les sentiments n\u00e9gatifs et se sentir bien\",\"breadcrumb\":{\"@id\":\"https:\\\/\\\/www.mapesteadoree.fr\\\/boutique\\\/bijoux\\\/galet-plat-de-cornaline\\\/#breadcrumb\"},\"inLanguage\":\"fr-FR\",\"potentialAction\":[{\"@type\":\"ReadAction\",\"target\":[\"https:\\\/\\\/www.mapesteadoree.fr\\\/boutique\\\/bijoux\\\/galet-plat-de-cornaline\\\/\"]}]},{\"@type\":\"ImageObject\",\"inLanguage\":\"fr-FR\",\"@id\":\"https:\\\/\\\/www.mapesteadoree.fr\\\/boutique\\\/bijoux\\\/galet-plat-de-cornaline\\\/#primaryimage\",\"url\":\"https:\\\/\\\/www.mapesteadoree.fr\\\/boutique\\\/wp-content\\\/uploads\\\/2024\\\/02\\\/cornaline-proprietes.jpg\",\"contentUrl\":\"https:\\\/\\\/www.mapesteadoree.fr\\\/boutique\\\/wp-content\\\/uploads\\\/2024\\\/02\\\/cornaline-proprietes.jpg\",\"width\":1200,\"height\":1200,\"caption\":\"galet plat de cornaline\"},{\"@type\":\"BreadcrumbList\",\"@id\":\"https:\\\/\\\/www.mapesteadoree.fr\\\/boutique\\\/bijoux\\\/galet-plat-de-cornaline\\\/#breadcrumb\",\"itemListElement\":[{\"@type\":\"ListItem\",\"position\":1,\"name\":\"Accueil\",\"item\":\"https:\\\/\\\/www.mapesteadoree.fr\\\/boutique\\\/\"},{\"@type\":\"ListItem\",\"position\":2,\"name\":\"Boutique de bijoux uniques en pierres naturelles\",\"item\":\"https:\\\/\\\/www.mapesteadoree.fr\\\/boutique\\\/\"},{\"@type\":\"ListItem\",\"position\":3,\"name\":\"Galet Plat de Cornaline\"}]},{\"@type\":\"WebSite\",\"@id\":\"https:\\\/\\\/www.mapesteadoree.fr\\\/boutique\\\/#website\",\"url\":\"https:\\\/\\\/www.mapesteadoree.fr\\\/boutique\\\/\",\"name\":\"Ma Peste Ador\u00e9e\",\"description\":\"\",\"publisher\":{\"@id\":\"https:\\\/\\\/www.mapesteadoree.fr\\\/boutique\\\/#organization\"},\"potentialAction\":[{\"@type\":\"SearchAction\",\"target\":{\"@type\":\"EntryPoint\",\"urlTemplate\":\"https:\\\/\\\/www.mapesteadoree.fr\\\/boutique\\\/?s={search_term_string}\"},\"query-input\":{\"@type\":\"PropertyValueSpecification\",\"valueRequired\":true,\"valueName\":\"search_term_string\"}}],\"inLanguage\":\"fr-FR\"},{\"@type\":\"Organization\",\"@id\":\"https:\\\/\\\/www.mapesteadoree.fr\\\/boutique\\\/#organization\",\"name\":\"Ma Peste Ador\u00e9e\",\"url\":\"https:\\\/\\\/www.mapesteadoree.fr\\\/boutique\\\/\",\"logo\":{\"@type\":\"ImageObject\",\"inLanguage\":\"fr-FR\",\"@id\":\"https:\\\/\\\/www.mapesteadoree.fr\\\/boutique\\\/#\\\/schema\\\/logo\\\/image\\\/\",\"url\":\"https:\\\/\\\/www.mapesteadoree.fr\\\/boutique\\\/wp-content\\\/uploads\\\/2024\\\/10\\\/cropped-logo-mpa-2024.png\",\"contentUrl\":\"https:\\\/\\\/www.mapesteadoree.fr\\\/boutique\\\/wp-content\\\/uploads\\\/2024\\\/10\\\/cropped-logo-mpa-2024.png\",\"width\":470,\"height\":110,\"caption\":\"Ma Peste Ador\u00e9e\"},\"image\":{\"@id\":\"https:\\\/\\\/www.mapesteadoree.fr\\\/boutique\\\/#\\\/schema\\\/logo\\\/image\\\/\"}}]}<\/script>\n<!-- \/ Yoast SEO plugin. -->","yoast_head_json":{"title":"Galet Plat de Cornaline - Ma Peste Ador\u00e9e","description":"Galet plat de cornaline : la pierre pour se sentir heureux, de bonne humeur, pour dissiper les sentiments n\u00e9gatifs et se sentir bien","robots":{"index":"index","follow":"follow","max-snippet":"max-snippet:-1","max-image-preview":"max-image-preview:large","max-video-preview":"max-video-preview:-1"},"canonical":"https:\/\/www.mapesteadoree.fr\/boutique\/bijoux\/galet-plat-de-cornaline\/","og_locale":"fr_FR","og_type":"article","og_title":"Galet Plat de Cornaline - Ma Peste Ador\u00e9e","og_description":"Galet plat de cornaline : la pierre pour se sentir heureux, de bonne humeur, pour dissiper les sentiments n\u00e9gatifs et se sentir bien","og_url":"https:\/\/www.mapesteadoree.fr\/boutique\/bijoux\/galet-plat-de-cornaline\/","og_site_name":"Ma Peste Ador\u00e9e","article_modified_time":"2025-10-09T05:52:05+00:00","og_image":[{"width":1200,"height":1200,"url":"https:\/\/www.mapesteadoree.fr\/boutique\/wp-content\/uploads\/2024\/02\/cornaline-proprietes.jpg","type":"image\/jpeg"}],"twitter_card":"summary_large_image","twitter_misc":{"Dur\u00e9e de lecture estim\u00e9e":"2 minutes"},"schema":{"@context":"https:\/\/schema.org","@graph":[{"@type":"WebPage","@id":"https:\/\/www.mapesteadoree.fr\/boutique\/bijoux\/galet-plat-de-cornaline\/","url":"https:\/\/www.mapesteadoree.fr\/boutique\/bijoux\/galet-plat-de-cornaline\/","name":"Galet Plat de Cornaline - Ma Peste Ador\u00e9e","isPartOf":{"@id":"https:\/\/www.mapesteadoree.fr\/boutique\/#website"},"primaryImageOfPage":{"@id":"https:\/\/www.mapesteadoree.fr\/boutique\/bijoux\/galet-plat-de-cornaline\/#primaryimage"},"image":{"@id":"https:\/\/www.mapesteadoree.fr\/boutique\/bijoux\/galet-plat-de-cornaline\/#primaryimage"},"thumbnailUrl":"https:\/\/www.mapesteadoree.fr\/boutique\/wp-content\/uploads\/2024\/02\/cornaline-proprietes.jpg","datePublished":"2023-01-23T10:11:50+00:00","dateModified":"2025-10-09T05:52:05+00:00","description":"Galet plat de cornaline : la pierre pour se sentir heureux, de bonne humeur, pour dissiper les sentiments n\u00e9gatifs et se sentir bien","breadcrumb":{"@id":"https:\/\/www.mapesteadoree.fr\/boutique\/bijoux\/galet-plat-de-cornaline\/#breadcrumb"},"inLanguage":"fr-FR","potentialAction":[{"@type":"ReadAction","target":["https:\/\/www.mapesteadoree.fr\/boutique\/bijoux\/galet-plat-de-cornaline\/"]}]},{"@type":"ImageObject","inLanguage":"fr-FR","@id":"https:\/\/www.mapesteadoree.fr\/boutique\/bijoux\/galet-plat-de-cornaline\/#primaryimage","url":"https:\/\/www.mapesteadoree.fr\/boutique\/wp-content\/uploads\/2024\/02\/cornaline-proprietes.jpg","contentUrl":"https:\/\/www.mapesteadoree.fr\/boutique\/wp-content\/uploads\/2024\/02\/cornaline-proprietes.jpg","width":1200,"height":1200,"caption":"galet plat de cornaline"},{"@type":"BreadcrumbList","@id":"https:\/\/www.mapesteadoree.fr\/boutique\/bijoux\/galet-plat-de-cornaline\/#breadcrumb","itemListElement":[{"@type":"ListItem","position":1,"name":"Accueil","item":"https:\/\/www.mapesteadoree.fr\/boutique\/"},{"@type":"ListItem","position":2,"name":"Boutique de bijoux uniques en pierres naturelles","item":"https:\/\/www.mapesteadoree.fr\/boutique\/"},{"@type":"ListItem","position":3,"name":"Galet Plat de Cornaline"}]},{"@type":"WebSite","@id":"https:\/\/www.mapesteadoree.fr\/boutique\/#website","url":"https:\/\/www.mapesteadoree.fr\/boutique\/","name":"Ma Peste Ador\u00e9e","description":"","publisher":{"@id":"https:\/\/www.mapesteadoree.fr\/boutique\/#organization"},"potentialAction":[{"@type":"SearchAction","target":{"@type":"EntryPoint","urlTemplate":"https:\/\/www.mapesteadoree.fr\/boutique\/?s={search_term_string}"},"query-input":{"@type":"PropertyValueSpecification","valueRequired":true,"valueName":"search_term_string"}}],"inLanguage":"fr-FR"},{"@type":"Organization","@id":"https:\/\/www.mapesteadoree.fr\/boutique\/#organization","name":"Ma Peste Ador\u00e9e","url":"https:\/\/www.mapesteadoree.fr\/boutique\/","logo":{"@type":"ImageObject","inLanguage":"fr-FR","@id":"https:\/\/www.mapesteadoree.fr\/boutique\/#\/schema\/logo\/image\/","url":"https:\/\/www.mapesteadoree.fr\/boutique\/wp-content\/uploads\/2024\/10\/cropped-logo-mpa-2024.png","contentUrl":"https:\/\/www.mapesteadoree.fr\/boutique\/wp-content\/uploads\/2024\/10\/cropped-logo-mpa-2024.png","width":470,"height":110,"caption":"Ma Peste Ador\u00e9e"},"image":{"@id":"https:\/\/www.mapesteadoree.fr\/boutique\/#\/schema\/logo\/image\/"}}]}},"wcpa_form_fields":null,"_links":{"self":[{"href":"https:\/\/www.mapesteadoree.fr\/boutique\/wp-json\/wp\/v2\/product\/49817","targetHints":{"allow":["GET"]}}],"collection":[{"href":"https:\/\/www.mapesteadoree.fr\/boutique\/wp-json\/wp\/v2\/product"}],"about":[{"href":"https:\/\/www.mapesteadoree.fr\/boutique\/wp-json\/wp\/v2\/types\/product"}],"replies":[{"embeddable":true,"href":"https:\/\/www.mapesteadoree.fr\/boutique\/wp-json\/wp\/v2\/comments?post=49817"}],"wp:featuredmedia":[{"embeddable":true,"href":"https:\/\/www.mapesteadoree.fr\/boutique\/wp-json\/wp\/v2\/media\/57716"}],"wp:attachment":[{"href":"https:\/\/www.mapesteadoree.fr\/boutique\/wp-json\/wp\/v2\/media?parent=49817"}],"wp:term":[{"taxonomy":"product_brand","embeddable":true,"href":"https:\/\/www.mapesteadoree.fr\/boutique\/wp-json\/wp\/v2\/product_brand?post=49817"},{"taxonomy":"product_cat","embeddable":true,"href":"https:\/\/www.mapesteadoree.fr\/boutique\/wp-json\/wp\/v2\/product_cat?post=49817"},{"taxonomy":"product_tag","embeddable":true,"href":"https:\/\/www.mapesteadoree.fr\/boutique\/wp-json\/wp\/v2\/product_tag?post=49817"}],"curies":[{"name":"wp","href":"https:\/\/api.w.org\/{rel}","templated":true}]}}