{"id":49815,"date":"2023-01-23T10:10:37","date_gmt":"2023-01-23T09:10:37","guid":{"rendered":"https:\/\/www.mapesteadoree.fr\/boutique\/?post_type=product&#038;p=49815"},"modified":"2025-08-14T14:55:42","modified_gmt":"2025-08-14T12:55:42","slug":"galet-plat-fluorite","status":"publish","type":"product","link":"https:\/\/www.mapesteadoree.fr\/boutique\/bijoux\/galet-plat-fluorite\/","title":{"rendered":"Galet Plat de Fluorite"},"content":{"rendered":"<p>Voici un galet plat de fluorite , il a une taille parfaite pour le garder dans sa poche, dans un sac, un cartable ou dans une chambre (sur une commode, une table de chevet). Il n&rsquo;est ni trop grand, ni trop petit, que ce soit pour un enfant ou un adulte, cette fluorite est une pierre de lithoth\u00e9rapie \u00a0vraiment parfaite !<\/p>\n<ul>\n<li>Taille du galet : environ 3,5-4cm x 4-6cm<\/li>\n<li>Poids : entre 35 et 55g selon la forme<\/li>\n<li>Origine : Chine<\/li>\n<\/ul>\n<h1>La fluorite : la pierre de concentration<\/h1>\n<p>Chaque pierre est naturelle donc la forme comme la couleur peut varier. Chaque exemplaire est donc totalement unique et celui que vous recevrez est celui qui vous \u00e9tait destin\u00e9..(La fluorite peut \u00eatre transparente, verte translucide ou violet clair ou fonc\u00e9).<\/p>\n<p><i>La Fluorite est un min\u00e9ral connu pour ses vertus li\u00e9es aux examens, \u00e0 l&rsquo;\u00e9cole, car elle augmente la capacit\u00e9 de concentration, de m\u00e9morisation mais aussi d&rsquo;intuition. C&rsquo;est une\u00a0bonne pierre pour soutenir un enfant dans son travail \u00e0 l&rsquo;\u00e9cole ou un adulte qui fait des \u00e9tudes.<\/i><\/p>\n<h2>La fluorite : une pierre de protection psychique<\/h2>\n<p>La pierre naturelle de fluorite est une pierre de concentration mais aussi de fa\u00e7on plus g\u00e9n\u00e9rale, elle aide \u00e0 clarifier le mental. \u00a0Elle poss\u00e8de de nombreux bienfaits :<\/p>\n<ul class=\"i8Z77e\">\n<li>C&rsquo;est une pierre de concentration, qui aide \u00e0 m\u00e9moriser<\/li>\n<li>Elle augmente l&rsquo;intuition et la clart\u00e9 mentale<\/li>\n<li>Elle favorise l&rsquo;apprentissage de fa\u00e7on g\u00e9n\u00e9rale<\/li>\n<li>Elle aide \u00e0 s&rsquo;organiser, \u00e0 effectuer des t\u00e2ches les unes apr\u00e8s les autres de fa\u00e7on ordonn\u00e9e.<\/li>\n<li>Elle combat l&rsquo;instabilit\u00e9 et le chaos, elle aide \u00e0 y voir clair m\u00eame dans les situations stressante<\/li>\n<li>Elle aide \u00e0 voir les choses telles qu&rsquo;elles sont, \u00e0 \u00eatre objectif et impartial<\/li>\n<li>Elle aide \u00e0 se d\u00e9barrasser des blocages psychologiques<\/li>\n<li>C&rsquo;est un tr\u00e8s bonne pierre de m\u00e9ditation, car elle ouvre l&rsquo;esprit<\/li>\n<li>Elle apporte harmonie et \u00e9quilibre.<\/li>\n<li>Elle donne confiance en soi et en ses capacit\u00e9s<\/li>\n<li>C&rsquo;est une pierre de de bien-\u00eatre, qui absorbe le stress, en particulier le stress \u00e9lectromagn\u00e9tique (pour les enfants, c&rsquo;est par exemple le stress li\u00e9 \u00e0 l&rsquo;utilisation des \u00e9crans)<\/li>\n<\/ul>\n<p><strong>La Fluorite est une pierre de clairvoyance, qui nourrit l&rsquo;esprit et son\u00a0<\/strong><b>fonctionnement. Elle aide \u00e0 faire fonctionner son mental de fa\u00e7on\u00a0optimal, \u00e0\u00a0\u00eatre objectif et \u00e0 rester\u00a0focalis\u00e9.\u00a0<\/b><\/p>\n<blockquote><p><em>Sur le plan holistique, la fluorite est connect\u00e9e au chakra de la gorge et au chakra frontal. Ce min\u00e9ral\u00a0permet ainsi de lib\u00e9rer la r\u00e9flexion, la parole, les sentiments. C&rsquo;est une pierre qui aide en cas de blocages divers, physiques ou \u00e9motionnels. C&rsquo;est une pierre que vous pouvez garder en permanence avec vous, qui vous aidera \u00e0 vous sentir en phase avec vous m\u00eame et les autres.<\/em><\/p><\/blockquote>\n","protected":false},"excerpt":{"rendered":"<p>Galet plat de Fluorite, originaire de Chine. Cette pierre a la taille parfaite pour un enfant ou un adulte, \u00e0 garder dans la poche ou \u00e0 poser dans une chambre. Cette pierre puissante est connue pour ses bienfaits li\u00e9s au cerveau, \u00e0 l&rsquo;esprit car elle aide \u00e0 rester concentr\u00e9, organis\u00e9e, \u00e0 avoir confiance en soi et \u00e0 voir les choses de fa\u00e7on subjective.<\/p>\n","protected":false},"featured_media":57540,"comment_status":"open","ping_status":"closed","template":"","meta":[],"product_brand":[],"product_cat":[25,1997,26],"product_tag":[2088],"class_list":{"0":"post-49815","1":"product","2":"type-product","3":"status-publish","4":"has-post-thumbnail","6":"product_cat-accessoires","7":"product_cat-mineraux","8":"product_cat-pierres-naturelles","9":"product_tag-rentree","11":"first","12":"outofstock","13":"shipping-taxable","14":"purchasable","15":"product-type-simple"},"acf":[],"yoast_head":"<!-- This site is optimized with the Yoast SEO plugin v27.5 - https:\/\/yoast.com\/product\/yoast-seo-wordpress\/ -->\n<title>Galet Plat de Fluorite - Ma Peste Ador\u00e9e<\/title>\n<meta name=\"description\" content=\"Galet plat de fluorite : la pierre de l&#039;\u00e9cole et des examens, pour booster la concentration, l&#039;organisation, la m\u00e9morisation mais aussi la confiance en soi.\" \/>\n<meta name=\"robots\" content=\"index, follow, max-snippet:-1, max-image-preview:large, max-video-preview:-1\" \/>\n<link rel=\"canonical\" href=\"https:\/\/www.mapesteadoree.fr\/boutique\/bijoux\/galet-plat-fluorite\/\" \/>\n<meta property=\"og:locale\" content=\"fr_FR\" \/>\n<meta property=\"og:type\" content=\"article\" \/>\n<meta property=\"og:title\" content=\"Galet Plat de Fluorite - Ma Peste Ador\u00e9e\" \/>\n<meta property=\"og:description\" content=\"Galet plat de fluorite : la pierre de l&#039;\u00e9cole et des examens, pour booster la concentration, l&#039;organisation, la m\u00e9morisation mais aussi la confiance en soi.\" \/>\n<meta property=\"og:url\" content=\"https:\/\/www.mapesteadoree.fr\/boutique\/bijoux\/galet-plat-fluorite\/\" \/>\n<meta property=\"og:site_name\" content=\"Ma Peste Ador\u00e9e\" \/>\n<meta property=\"article:modified_time\" content=\"2025-08-14T12:55:42+00:00\" \/>\n<meta property=\"og:image\" content=\"https:\/\/www.mapesteadoree.fr\/boutique\/wp-content\/uploads\/2023\/01\/fluorite-proprietes-copie.jpg\" \/>\n\t<meta property=\"og:image:width\" content=\"1200\" \/>\n\t<meta property=\"og:image:height\" content=\"1200\" \/>\n\t<meta property=\"og:image:type\" content=\"image\/jpeg\" \/>\n<meta name=\"twitter:card\" content=\"summary_large_image\" \/>\n<meta name=\"twitter:label1\" content=\"Dur\u00e9e de lecture estim\u00e9e\" \/>\n\t<meta name=\"twitter:data1\" content=\"2 minutes\" \/>\n<script type=\"application\/ld+json\" class=\"yoast-schema-graph\">{\"@context\":\"https:\\\/\\\/schema.org\",\"@graph\":[{\"@type\":\"WebPage\",\"@id\":\"https:\\\/\\\/www.mapesteadoree.fr\\\/boutique\\\/bijoux\\\/galet-plat-fluorite\\\/\",\"url\":\"https:\\\/\\\/www.mapesteadoree.fr\\\/boutique\\\/bijoux\\\/galet-plat-fluorite\\\/\",\"name\":\"Galet Plat de Fluorite - Ma Peste Ador\u00e9e\",\"isPartOf\":{\"@id\":\"https:\\\/\\\/www.mapesteadoree.fr\\\/boutique\\\/#website\"},\"primaryImageOfPage\":{\"@id\":\"https:\\\/\\\/www.mapesteadoree.fr\\\/boutique\\\/bijoux\\\/galet-plat-fluorite\\\/#primaryimage\"},\"image\":{\"@id\":\"https:\\\/\\\/www.mapesteadoree.fr\\\/boutique\\\/bijoux\\\/galet-plat-fluorite\\\/#primaryimage\"},\"thumbnailUrl\":\"https:\\\/\\\/www.mapesteadoree.fr\\\/boutique\\\/wp-content\\\/uploads\\\/2023\\\/01\\\/fluorite-proprietes-copie.jpg\",\"datePublished\":\"2023-01-23T09:10:37+00:00\",\"dateModified\":\"2025-08-14T12:55:42+00:00\",\"description\":\"Galet plat de fluorite : la pierre de l'\u00e9cole et des examens, pour booster la concentration, l'organisation, la m\u00e9morisation mais aussi la confiance en soi.\",\"breadcrumb\":{\"@id\":\"https:\\\/\\\/www.mapesteadoree.fr\\\/boutique\\\/bijoux\\\/galet-plat-fluorite\\\/#breadcrumb\"},\"inLanguage\":\"fr-FR\",\"potentialAction\":[{\"@type\":\"ReadAction\",\"target\":[\"https:\\\/\\\/www.mapesteadoree.fr\\\/boutique\\\/bijoux\\\/galet-plat-fluorite\\\/\"]}]},{\"@type\":\"ImageObject\",\"inLanguage\":\"fr-FR\",\"@id\":\"https:\\\/\\\/www.mapesteadoree.fr\\\/boutique\\\/bijoux\\\/galet-plat-fluorite\\\/#primaryimage\",\"url\":\"https:\\\/\\\/www.mapesteadoree.fr\\\/boutique\\\/wp-content\\\/uploads\\\/2023\\\/01\\\/fluorite-proprietes-copie.jpg\",\"contentUrl\":\"https:\\\/\\\/www.mapesteadoree.fr\\\/boutique\\\/wp-content\\\/uploads\\\/2023\\\/01\\\/fluorite-proprietes-copie.jpg\",\"width\":1200,\"height\":1200,\"caption\":\"D\u00e9couvrez les bienfaits de la fluorite\"},{\"@type\":\"BreadcrumbList\",\"@id\":\"https:\\\/\\\/www.mapesteadoree.fr\\\/boutique\\\/bijoux\\\/galet-plat-fluorite\\\/#breadcrumb\",\"itemListElement\":[{\"@type\":\"ListItem\",\"position\":1,\"name\":\"Accueil\",\"item\":\"https:\\\/\\\/www.mapesteadoree.fr\\\/boutique\\\/\"},{\"@type\":\"ListItem\",\"position\":2,\"name\":\"Boutique de bijoux uniques en pierres naturelles\",\"item\":\"https:\\\/\\\/www.mapesteadoree.fr\\\/boutique\\\/\"},{\"@type\":\"ListItem\",\"position\":3,\"name\":\"Galet Plat de Fluorite\"}]},{\"@type\":\"WebSite\",\"@id\":\"https:\\\/\\\/www.mapesteadoree.fr\\\/boutique\\\/#website\",\"url\":\"https:\\\/\\\/www.mapesteadoree.fr\\\/boutique\\\/\",\"name\":\"Ma Peste Ador\u00e9e\",\"description\":\"\",\"publisher\":{\"@id\":\"https:\\\/\\\/www.mapesteadoree.fr\\\/boutique\\\/#organization\"},\"potentialAction\":[{\"@type\":\"SearchAction\",\"target\":{\"@type\":\"EntryPoint\",\"urlTemplate\":\"https:\\\/\\\/www.mapesteadoree.fr\\\/boutique\\\/?s={search_term_string}\"},\"query-input\":{\"@type\":\"PropertyValueSpecification\",\"valueRequired\":true,\"valueName\":\"search_term_string\"}}],\"inLanguage\":\"fr-FR\"},{\"@type\":\"Organization\",\"@id\":\"https:\\\/\\\/www.mapesteadoree.fr\\\/boutique\\\/#organization\",\"name\":\"Ma Peste Ador\u00e9e\",\"url\":\"https:\\\/\\\/www.mapesteadoree.fr\\\/boutique\\\/\",\"logo\":{\"@type\":\"ImageObject\",\"inLanguage\":\"fr-FR\",\"@id\":\"https:\\\/\\\/www.mapesteadoree.fr\\\/boutique\\\/#\\\/schema\\\/logo\\\/image\\\/\",\"url\":\"https:\\\/\\\/www.mapesteadoree.fr\\\/boutique\\\/wp-content\\\/uploads\\\/2024\\\/10\\\/cropped-logo-mpa-2024.png\",\"contentUrl\":\"https:\\\/\\\/www.mapesteadoree.fr\\\/boutique\\\/wp-content\\\/uploads\\\/2024\\\/10\\\/cropped-logo-mpa-2024.png\",\"width\":470,\"height\":110,\"caption\":\"Ma Peste Ador\u00e9e\"},\"image\":{\"@id\":\"https:\\\/\\\/www.mapesteadoree.fr\\\/boutique\\\/#\\\/schema\\\/logo\\\/image\\\/\"}}]}<\/script>\n<!-- \/ Yoast SEO plugin. -->","yoast_head_json":{"title":"Galet Plat de Fluorite - Ma Peste Ador\u00e9e","description":"Galet plat de fluorite : la pierre de l'\u00e9cole et des examens, pour booster la concentration, l'organisation, la m\u00e9morisation mais aussi la confiance en soi.","robots":{"index":"index","follow":"follow","max-snippet":"max-snippet:-1","max-image-preview":"max-image-preview:large","max-video-preview":"max-video-preview:-1"},"canonical":"https:\/\/www.mapesteadoree.fr\/boutique\/bijoux\/galet-plat-fluorite\/","og_locale":"fr_FR","og_type":"article","og_title":"Galet Plat de Fluorite - Ma Peste Ador\u00e9e","og_description":"Galet plat de fluorite : la pierre de l'\u00e9cole et des examens, pour booster la concentration, l'organisation, la m\u00e9morisation mais aussi la confiance en soi.","og_url":"https:\/\/www.mapesteadoree.fr\/boutique\/bijoux\/galet-plat-fluorite\/","og_site_name":"Ma Peste Ador\u00e9e","article_modified_time":"2025-08-14T12:55:42+00:00","og_image":[{"width":1200,"height":1200,"url":"https:\/\/www.mapesteadoree.fr\/boutique\/wp-content\/uploads\/2023\/01\/fluorite-proprietes-copie.jpg","type":"image\/jpeg"}],"twitter_card":"summary_large_image","twitter_misc":{"Dur\u00e9e de lecture estim\u00e9e":"2 minutes"},"schema":{"@context":"https:\/\/schema.org","@graph":[{"@type":"WebPage","@id":"https:\/\/www.mapesteadoree.fr\/boutique\/bijoux\/galet-plat-fluorite\/","url":"https:\/\/www.mapesteadoree.fr\/boutique\/bijoux\/galet-plat-fluorite\/","name":"Galet Plat de Fluorite - Ma Peste Ador\u00e9e","isPartOf":{"@id":"https:\/\/www.mapesteadoree.fr\/boutique\/#website"},"primaryImageOfPage":{"@id":"https:\/\/www.mapesteadoree.fr\/boutique\/bijoux\/galet-plat-fluorite\/#primaryimage"},"image":{"@id":"https:\/\/www.mapesteadoree.fr\/boutique\/bijoux\/galet-plat-fluorite\/#primaryimage"},"thumbnailUrl":"https:\/\/www.mapesteadoree.fr\/boutique\/wp-content\/uploads\/2023\/01\/fluorite-proprietes-copie.jpg","datePublished":"2023-01-23T09:10:37+00:00","dateModified":"2025-08-14T12:55:42+00:00","description":"Galet plat de fluorite : la pierre de l'\u00e9cole et des examens, pour booster la concentration, l'organisation, la m\u00e9morisation mais aussi la confiance en soi.","breadcrumb":{"@id":"https:\/\/www.mapesteadoree.fr\/boutique\/bijoux\/galet-plat-fluorite\/#breadcrumb"},"inLanguage":"fr-FR","potentialAction":[{"@type":"ReadAction","target":["https:\/\/www.mapesteadoree.fr\/boutique\/bijoux\/galet-plat-fluorite\/"]}]},{"@type":"ImageObject","inLanguage":"fr-FR","@id":"https:\/\/www.mapesteadoree.fr\/boutique\/bijoux\/galet-plat-fluorite\/#primaryimage","url":"https:\/\/www.mapesteadoree.fr\/boutique\/wp-content\/uploads\/2023\/01\/fluorite-proprietes-copie.jpg","contentUrl":"https:\/\/www.mapesteadoree.fr\/boutique\/wp-content\/uploads\/2023\/01\/fluorite-proprietes-copie.jpg","width":1200,"height":1200,"caption":"D\u00e9couvrez les bienfaits de la fluorite"},{"@type":"BreadcrumbList","@id":"https:\/\/www.mapesteadoree.fr\/boutique\/bijoux\/galet-plat-fluorite\/#breadcrumb","itemListElement":[{"@type":"ListItem","position":1,"name":"Accueil","item":"https:\/\/www.mapesteadoree.fr\/boutique\/"},{"@type":"ListItem","position":2,"name":"Boutique de bijoux uniques en pierres naturelles","item":"https:\/\/www.mapesteadoree.fr\/boutique\/"},{"@type":"ListItem","position":3,"name":"Galet Plat de Fluorite"}]},{"@type":"WebSite","@id":"https:\/\/www.mapesteadoree.fr\/boutique\/#website","url":"https:\/\/www.mapesteadoree.fr\/boutique\/","name":"Ma Peste Ador\u00e9e","description":"","publisher":{"@id":"https:\/\/www.mapesteadoree.fr\/boutique\/#organization"},"potentialAction":[{"@type":"SearchAction","target":{"@type":"EntryPoint","urlTemplate":"https:\/\/www.mapesteadoree.fr\/boutique\/?s={search_term_string}"},"query-input":{"@type":"PropertyValueSpecification","valueRequired":true,"valueName":"search_term_string"}}],"inLanguage":"fr-FR"},{"@type":"Organization","@id":"https:\/\/www.mapesteadoree.fr\/boutique\/#organization","name":"Ma Peste Ador\u00e9e","url":"https:\/\/www.mapesteadoree.fr\/boutique\/","logo":{"@type":"ImageObject","inLanguage":"fr-FR","@id":"https:\/\/www.mapesteadoree.fr\/boutique\/#\/schema\/logo\/image\/","url":"https:\/\/www.mapesteadoree.fr\/boutique\/wp-content\/uploads\/2024\/10\/cropped-logo-mpa-2024.png","contentUrl":"https:\/\/www.mapesteadoree.fr\/boutique\/wp-content\/uploads\/2024\/10\/cropped-logo-mpa-2024.png","width":470,"height":110,"caption":"Ma Peste Ador\u00e9e"},"image":{"@id":"https:\/\/www.mapesteadoree.fr\/boutique\/#\/schema\/logo\/image\/"}}]}},"wcpa_form_fields":null,"_links":{"self":[{"href":"https:\/\/www.mapesteadoree.fr\/boutique\/wp-json\/wp\/v2\/product\/49815","targetHints":{"allow":["GET"]}}],"collection":[{"href":"https:\/\/www.mapesteadoree.fr\/boutique\/wp-json\/wp\/v2\/product"}],"about":[{"href":"https:\/\/www.mapesteadoree.fr\/boutique\/wp-json\/wp\/v2\/types\/product"}],"replies":[{"embeddable":true,"href":"https:\/\/www.mapesteadoree.fr\/boutique\/wp-json\/wp\/v2\/comments?post=49815"}],"wp:featuredmedia":[{"embeddable":true,"href":"https:\/\/www.mapesteadoree.fr\/boutique\/wp-json\/wp\/v2\/media\/57540"}],"wp:attachment":[{"href":"https:\/\/www.mapesteadoree.fr\/boutique\/wp-json\/wp\/v2\/media?parent=49815"}],"wp:term":[{"taxonomy":"product_brand","embeddable":true,"href":"https:\/\/www.mapesteadoree.fr\/boutique\/wp-json\/wp\/v2\/product_brand?post=49815"},{"taxonomy":"product_cat","embeddable":true,"href":"https:\/\/www.mapesteadoree.fr\/boutique\/wp-json\/wp\/v2\/product_cat?post=49815"},{"taxonomy":"product_tag","embeddable":true,"href":"https:\/\/www.mapesteadoree.fr\/boutique\/wp-json\/wp\/v2\/product_tag?post=49815"}],"curies":[{"name":"wp","href":"https:\/\/api.w.org\/{rel}","templated":true}]}}