{"id":49795,"date":"2023-01-23T09:45:19","date_gmt":"2023-01-23T08:45:19","guid":{"rendered":"https:\/\/www.mapesteadoree.fr\/boutique\/?post_type=product&#038;p=49795"},"modified":"2026-02-10T13:46:14","modified_gmt":"2026-02-10T12:46:14","slug":"galet-plat-doeil-de-tigre","status":"publish","type":"product","link":"https:\/\/www.mapesteadoree.fr\/boutique\/bijoux\/galet-plat-doeil-de-tigre\/","title":{"rendered":"Galet Plat d&rsquo;Oeil de tigre"},"content":{"rendered":"<h1>Un galet d&rsquo;Oeil de tigre \u00e0 garder dans sa poche<\/h1>\n<p>Voici un galet plat d&rsquo;oeil de tigre , il a une taille parfaite pour le garder dans sa poche, dans un sac, un cartable ou dans une chambre (sur une commode, une table de chevet). Il n&rsquo;est ni trop grand, ni trop petit, que ce soit pour un enfant ou un adulte, ce galet d&rsquo;oeil de tigre a la taille qu&rsquo;il faut.<\/p>\n<ul>\n<li>Taille du galet : environ 3,5-4cm x 4-6cm<\/li>\n<li>Poids : entre 35 et 55g selon la forme<\/li>\n<li>Origine : Br\u00e9sil<\/li>\n<\/ul>\n<p>Chaque pierre est naturelle donc la forme comme la couleur peut varier. Chaque exemplaire est donc totalement unique et celui que vous recevrez est celui qui vous \u00e9tait destin\u00e9&#8230;<em> L&rsquo;oeil de tigre est une sorte de bouclier \u00e9nerg\u00e9tique. En lithoth\u00e9rapie, cette pierre est connue pour \u00eatre myst\u00e9rieuse, mais aussi tr\u00e8s protectrice.\u00a0<\/em><\/p>\n<h2>L&rsquo;oeil de tigre et ses bienfaits puissants<\/h2>\n<p>La pierre d&rsquo;oeil de tigre est une pierre de protection mais pas seulement. \u00a0Elle poss\u00e8de de nombreux bienfaits :<\/p>\n<ul class=\"i8Z77e\">\n<li>C&rsquo;est une pierre de r\u00e9confort<\/li>\n<li>Son \u00e9nergie puissante prot\u00e9ge des influences ext\u00e9rieures n\u00e9gatives. Pos\u00e9e dans une pi\u00e8ce, l&rsquo;oeil de tigre d\u00e9barrasse des mauvaises \u00e9nergies.<\/li>\n<li>Elle apporte courage et d\u00e9termination \u00e0 son porteur.<\/li>\n<li>L&rsquo;oeil de tigre diminue les sentiments de col\u00e8re, d&rsquo;impatience et de tension.<\/li>\n<li>Elle aide \u00e0 r\u00e9aliser ses projets personnels, elle incite \u00e0 foncer, \u00e0 tenter. Elle aide \u00e0 atteindre ses objectifs.<\/li>\n<li>C&rsquo;est une pierre d&rsquo;\u00e9quilibre, qui \u00e9limine la n\u00e9gativit\u00e9, la tristesse<\/li>\n<li>Elle aide \u00e0 y voir plus clair dans ses propres attentes, ses propres d\u00e9sirs.<\/li>\n<li>Elle aide \u00e0 d\u00e9passer les blocages \u00e9motionnels, ainsi elle participe \u00e0 l&rsquo;harmonie dans les relations avec les autres.<\/li>\n<li>Pierre de chance et de prosp\u00e9rit\u00e9<\/li>\n<\/ul>\n<p><strong>L&rsquo;oeil de tigre est \u00e0 la fois une pierre de\u00a0protection, de r\u00e9confort mais aussi de courage et d&rsquo;audace. C&rsquo;est une pierre qui aidera les enfants \u00e0 affronter les\u00a0<\/strong><b>contrari\u00e9t\u00e9s mais aussi \u00e0 mieux g\u00e9rer leurs \u00e9motions (crise de col\u00e8re par exemple). Pour les adultes, elle\u00a0aidera \u00e0 mener \u00e0\u00a0bien ses projets et \u00e0 avoir le courage de\u00a0prendre les d\u00e9cisions qui\u00a0s&rsquo;imposent.<\/b><\/p>\n<p><i>Sur le plan spirituel, l&rsquo;<\/i><strong style=\"font-style: italic;\">oeil de tigre<\/strong><i> est associ\u00e9e au chakra du plexus solaire. Ce chakra du plexus solaire symbolise l\u2019\u00e9nergie du soleil, comme la pierre d\u2019\u0153il de tigre. Quand ce chakra est ouvert et \u00e9quilibr\u00e9, il facilite la digestion (alimentaire, de l&rsquo;esprit, des\u00a0\u00e9motions\u00a0..) Il facilite la prise de d\u00e9cision, redonne l\u2019estime de soi.<\/i><\/p>\n","protected":false},"excerpt":{"rendered":"<p>Galet plat d&rsquo;oeil de tigre, originaire du Br\u00e9sil. L&rsquo;oeil de tigre est une pierre de protection, mais aussi qui r\u00e9conforte, donne du courage, de l&rsquo;audace et de la d\u00e9termination. C&rsquo;est une pierre de r\u00e9ussite, de chance, qui aide \u00e0 faire face.<\/p>\n","protected":false},"featured_media":57749,"comment_status":"open","ping_status":"closed","template":"","meta":[],"product_brand":[],"product_cat":[25,1997,26],"product_tag":[2034],"class_list":{"0":"post-49795","1":"product","2":"type-product","3":"status-publish","4":"has-post-thumbnail","6":"product_cat-accessoires","7":"product_cat-mineraux","8":"product_cat-pierres-naturelles","9":"product_tag-protection","11":"first","12":"instock","13":"shipping-taxable","14":"purchasable","15":"product-type-simple"},"acf":[],"yoast_head":"<!-- This site is optimized with the Yoast SEO plugin v27.6 - https:\/\/yoast.com\/product\/yoast-seo-wordpress\/ -->\n<title>Galet Plat d&#039;Oeil de tigre - Ma Peste Ador\u00e9e<\/title>\n<meta name=\"description\" content=\"Galet plat d&#039;oeil de tigre : c&#039;est une pierre de r\u00e9confort, de courage et de d\u00e9termination mais \u00e9galement de protection contre le n\u00e9gatif\" \/>\n<meta name=\"robots\" content=\"index, follow, max-snippet:-1, max-image-preview:large, max-video-preview:-1\" \/>\n<link rel=\"canonical\" href=\"https:\/\/www.mapesteadoree.fr\/boutique\/bijoux\/galet-plat-doeil-de-tigre\/\" \/>\n<meta property=\"og:locale\" content=\"fr_FR\" \/>\n<meta property=\"og:type\" content=\"article\" \/>\n<meta property=\"og:title\" content=\"Galet Plat d&#039;Oeil de tigre - Ma Peste Ador\u00e9e\" \/>\n<meta property=\"og:description\" content=\"Galet plat d&#039;oeil de tigre : c&#039;est une pierre de r\u00e9confort, de courage et de d\u00e9termination mais \u00e9galement de protection contre le n\u00e9gatif\" \/>\n<meta property=\"og:url\" content=\"https:\/\/www.mapesteadoree.fr\/boutique\/bijoux\/galet-plat-doeil-de-tigre\/\" \/>\n<meta property=\"og:site_name\" content=\"Ma Peste Ador\u00e9e\" \/>\n<meta property=\"article:modified_time\" content=\"2026-02-10T12:46:14+00:00\" \/>\n<meta property=\"og:image\" content=\"https:\/\/www.mapesteadoree.fr\/boutique\/wp-content\/uploads\/2024\/02\/oeil-tigre-proprietes.jpg\" \/>\n\t<meta property=\"og:image:width\" content=\"1500\" \/>\n\t<meta property=\"og:image:height\" content=\"1500\" \/>\n\t<meta property=\"og:image:type\" content=\"image\/jpeg\" \/>\n<meta name=\"twitter:card\" content=\"summary_large_image\" \/>\n<meta name=\"twitter:label1\" content=\"Dur\u00e9e de lecture estim\u00e9e\" \/>\n\t<meta name=\"twitter:data1\" content=\"2 minutes\" \/>\n<script type=\"application\/ld+json\" class=\"yoast-schema-graph\">{\"@context\":\"https:\\\/\\\/schema.org\",\"@graph\":[{\"@type\":\"WebPage\",\"@id\":\"https:\\\/\\\/www.mapesteadoree.fr\\\/boutique\\\/bijoux\\\/galet-plat-doeil-de-tigre\\\/\",\"url\":\"https:\\\/\\\/www.mapesteadoree.fr\\\/boutique\\\/bijoux\\\/galet-plat-doeil-de-tigre\\\/\",\"name\":\"Galet Plat d'Oeil de tigre - Ma Peste Ador\u00e9e\",\"isPartOf\":{\"@id\":\"https:\\\/\\\/www.mapesteadoree.fr\\\/boutique\\\/#website\"},\"primaryImageOfPage\":{\"@id\":\"https:\\\/\\\/www.mapesteadoree.fr\\\/boutique\\\/bijoux\\\/galet-plat-doeil-de-tigre\\\/#primaryimage\"},\"image\":{\"@id\":\"https:\\\/\\\/www.mapesteadoree.fr\\\/boutique\\\/bijoux\\\/galet-plat-doeil-de-tigre\\\/#primaryimage\"},\"thumbnailUrl\":\"https:\\\/\\\/www.mapesteadoree.fr\\\/boutique\\\/wp-content\\\/uploads\\\/2024\\\/02\\\/oeil-tigre-proprietes.jpg\",\"datePublished\":\"2023-01-23T08:45:19+00:00\",\"dateModified\":\"2026-02-10T12:46:14+00:00\",\"description\":\"Galet plat d'oeil de tigre : c'est une pierre de r\u00e9confort, de courage et de d\u00e9termination mais \u00e9galement de protection contre le n\u00e9gatif\",\"breadcrumb\":{\"@id\":\"https:\\\/\\\/www.mapesteadoree.fr\\\/boutique\\\/bijoux\\\/galet-plat-doeil-de-tigre\\\/#breadcrumb\"},\"inLanguage\":\"fr-FR\",\"potentialAction\":[{\"@type\":\"ReadAction\",\"target\":[\"https:\\\/\\\/www.mapesteadoree.fr\\\/boutique\\\/bijoux\\\/galet-plat-doeil-de-tigre\\\/\"]}]},{\"@type\":\"ImageObject\",\"inLanguage\":\"fr-FR\",\"@id\":\"https:\\\/\\\/www.mapesteadoree.fr\\\/boutique\\\/bijoux\\\/galet-plat-doeil-de-tigre\\\/#primaryimage\",\"url\":\"https:\\\/\\\/www.mapesteadoree.fr\\\/boutique\\\/wp-content\\\/uploads\\\/2024\\\/02\\\/oeil-tigre-proprietes.jpg\",\"contentUrl\":\"https:\\\/\\\/www.mapesteadoree.fr\\\/boutique\\\/wp-content\\\/uploads\\\/2024\\\/02\\\/oeil-tigre-proprietes.jpg\",\"width\":1500,\"height\":1500,\"caption\":\"Galet plat d'oeil de tigre\"},{\"@type\":\"BreadcrumbList\",\"@id\":\"https:\\\/\\\/www.mapesteadoree.fr\\\/boutique\\\/bijoux\\\/galet-plat-doeil-de-tigre\\\/#breadcrumb\",\"itemListElement\":[{\"@type\":\"ListItem\",\"position\":1,\"name\":\"Accueil\",\"item\":\"https:\\\/\\\/www.mapesteadoree.fr\\\/boutique\\\/\"},{\"@type\":\"ListItem\",\"position\":2,\"name\":\"Boutique de bijoux uniques en pierres naturelles\",\"item\":\"https:\\\/\\\/www.mapesteadoree.fr\\\/boutique\\\/\"},{\"@type\":\"ListItem\",\"position\":3,\"name\":\"Galet Plat d&rsquo;Oeil de tigre\"}]},{\"@type\":\"WebSite\",\"@id\":\"https:\\\/\\\/www.mapesteadoree.fr\\\/boutique\\\/#website\",\"url\":\"https:\\\/\\\/www.mapesteadoree.fr\\\/boutique\\\/\",\"name\":\"Ma Peste Ador\u00e9e\",\"description\":\"\",\"publisher\":{\"@id\":\"https:\\\/\\\/www.mapesteadoree.fr\\\/boutique\\\/#organization\"},\"potentialAction\":[{\"@type\":\"SearchAction\",\"target\":{\"@type\":\"EntryPoint\",\"urlTemplate\":\"https:\\\/\\\/www.mapesteadoree.fr\\\/boutique\\\/?s={search_term_string}\"},\"query-input\":{\"@type\":\"PropertyValueSpecification\",\"valueRequired\":true,\"valueName\":\"search_term_string\"}}],\"inLanguage\":\"fr-FR\"},{\"@type\":\"Organization\",\"@id\":\"https:\\\/\\\/www.mapesteadoree.fr\\\/boutique\\\/#organization\",\"name\":\"Ma Peste Ador\u00e9e\",\"url\":\"https:\\\/\\\/www.mapesteadoree.fr\\\/boutique\\\/\",\"logo\":{\"@type\":\"ImageObject\",\"inLanguage\":\"fr-FR\",\"@id\":\"https:\\\/\\\/www.mapesteadoree.fr\\\/boutique\\\/#\\\/schema\\\/logo\\\/image\\\/\",\"url\":\"https:\\\/\\\/www.mapesteadoree.fr\\\/boutique\\\/wp-content\\\/uploads\\\/2024\\\/10\\\/cropped-logo-mpa-2024.png\",\"contentUrl\":\"https:\\\/\\\/www.mapesteadoree.fr\\\/boutique\\\/wp-content\\\/uploads\\\/2024\\\/10\\\/cropped-logo-mpa-2024.png\",\"width\":470,\"height\":110,\"caption\":\"Ma Peste Ador\u00e9e\"},\"image\":{\"@id\":\"https:\\\/\\\/www.mapesteadoree.fr\\\/boutique\\\/#\\\/schema\\\/logo\\\/image\\\/\"}}]}<\/script>\n<!-- \/ Yoast SEO plugin. -->","yoast_head_json":{"title":"Galet Plat d'Oeil de tigre - Ma Peste Ador\u00e9e","description":"Galet plat d'oeil de tigre : c'est une pierre de r\u00e9confort, de courage et de d\u00e9termination mais \u00e9galement de protection contre le n\u00e9gatif","robots":{"index":"index","follow":"follow","max-snippet":"max-snippet:-1","max-image-preview":"max-image-preview:large","max-video-preview":"max-video-preview:-1"},"canonical":"https:\/\/www.mapesteadoree.fr\/boutique\/bijoux\/galet-plat-doeil-de-tigre\/","og_locale":"fr_FR","og_type":"article","og_title":"Galet Plat d'Oeil de tigre - Ma Peste Ador\u00e9e","og_description":"Galet plat d'oeil de tigre : c'est une pierre de r\u00e9confort, de courage et de d\u00e9termination mais \u00e9galement de protection contre le n\u00e9gatif","og_url":"https:\/\/www.mapesteadoree.fr\/boutique\/bijoux\/galet-plat-doeil-de-tigre\/","og_site_name":"Ma Peste Ador\u00e9e","article_modified_time":"2026-02-10T12:46:14+00:00","og_image":[{"width":1500,"height":1500,"url":"https:\/\/www.mapesteadoree.fr\/boutique\/wp-content\/uploads\/2024\/02\/oeil-tigre-proprietes.jpg","type":"image\/jpeg"}],"twitter_card":"summary_large_image","twitter_misc":{"Dur\u00e9e de lecture estim\u00e9e":"2 minutes"},"schema":{"@context":"https:\/\/schema.org","@graph":[{"@type":"WebPage","@id":"https:\/\/www.mapesteadoree.fr\/boutique\/bijoux\/galet-plat-doeil-de-tigre\/","url":"https:\/\/www.mapesteadoree.fr\/boutique\/bijoux\/galet-plat-doeil-de-tigre\/","name":"Galet Plat d'Oeil de tigre - Ma Peste Ador\u00e9e","isPartOf":{"@id":"https:\/\/www.mapesteadoree.fr\/boutique\/#website"},"primaryImageOfPage":{"@id":"https:\/\/www.mapesteadoree.fr\/boutique\/bijoux\/galet-plat-doeil-de-tigre\/#primaryimage"},"image":{"@id":"https:\/\/www.mapesteadoree.fr\/boutique\/bijoux\/galet-plat-doeil-de-tigre\/#primaryimage"},"thumbnailUrl":"https:\/\/www.mapesteadoree.fr\/boutique\/wp-content\/uploads\/2024\/02\/oeil-tigre-proprietes.jpg","datePublished":"2023-01-23T08:45:19+00:00","dateModified":"2026-02-10T12:46:14+00:00","description":"Galet plat d'oeil de tigre : c'est une pierre de r\u00e9confort, de courage et de d\u00e9termination mais \u00e9galement de protection contre le n\u00e9gatif","breadcrumb":{"@id":"https:\/\/www.mapesteadoree.fr\/boutique\/bijoux\/galet-plat-doeil-de-tigre\/#breadcrumb"},"inLanguage":"fr-FR","potentialAction":[{"@type":"ReadAction","target":["https:\/\/www.mapesteadoree.fr\/boutique\/bijoux\/galet-plat-doeil-de-tigre\/"]}]},{"@type":"ImageObject","inLanguage":"fr-FR","@id":"https:\/\/www.mapesteadoree.fr\/boutique\/bijoux\/galet-plat-doeil-de-tigre\/#primaryimage","url":"https:\/\/www.mapesteadoree.fr\/boutique\/wp-content\/uploads\/2024\/02\/oeil-tigre-proprietes.jpg","contentUrl":"https:\/\/www.mapesteadoree.fr\/boutique\/wp-content\/uploads\/2024\/02\/oeil-tigre-proprietes.jpg","width":1500,"height":1500,"caption":"Galet plat d'oeil de tigre"},{"@type":"BreadcrumbList","@id":"https:\/\/www.mapesteadoree.fr\/boutique\/bijoux\/galet-plat-doeil-de-tigre\/#breadcrumb","itemListElement":[{"@type":"ListItem","position":1,"name":"Accueil","item":"https:\/\/www.mapesteadoree.fr\/boutique\/"},{"@type":"ListItem","position":2,"name":"Boutique de bijoux uniques en pierres naturelles","item":"https:\/\/www.mapesteadoree.fr\/boutique\/"},{"@type":"ListItem","position":3,"name":"Galet Plat d&rsquo;Oeil de tigre"}]},{"@type":"WebSite","@id":"https:\/\/www.mapesteadoree.fr\/boutique\/#website","url":"https:\/\/www.mapesteadoree.fr\/boutique\/","name":"Ma Peste Ador\u00e9e","description":"","publisher":{"@id":"https:\/\/www.mapesteadoree.fr\/boutique\/#organization"},"potentialAction":[{"@type":"SearchAction","target":{"@type":"EntryPoint","urlTemplate":"https:\/\/www.mapesteadoree.fr\/boutique\/?s={search_term_string}"},"query-input":{"@type":"PropertyValueSpecification","valueRequired":true,"valueName":"search_term_string"}}],"inLanguage":"fr-FR"},{"@type":"Organization","@id":"https:\/\/www.mapesteadoree.fr\/boutique\/#organization","name":"Ma Peste Ador\u00e9e","url":"https:\/\/www.mapesteadoree.fr\/boutique\/","logo":{"@type":"ImageObject","inLanguage":"fr-FR","@id":"https:\/\/www.mapesteadoree.fr\/boutique\/#\/schema\/logo\/image\/","url":"https:\/\/www.mapesteadoree.fr\/boutique\/wp-content\/uploads\/2024\/10\/cropped-logo-mpa-2024.png","contentUrl":"https:\/\/www.mapesteadoree.fr\/boutique\/wp-content\/uploads\/2024\/10\/cropped-logo-mpa-2024.png","width":470,"height":110,"caption":"Ma Peste Ador\u00e9e"},"image":{"@id":"https:\/\/www.mapesteadoree.fr\/boutique\/#\/schema\/logo\/image\/"}}]}},"wcpa_form_fields":null,"_links":{"self":[{"href":"https:\/\/www.mapesteadoree.fr\/boutique\/wp-json\/wp\/v2\/product\/49795","targetHints":{"allow":["GET"]}}],"collection":[{"href":"https:\/\/www.mapesteadoree.fr\/boutique\/wp-json\/wp\/v2\/product"}],"about":[{"href":"https:\/\/www.mapesteadoree.fr\/boutique\/wp-json\/wp\/v2\/types\/product"}],"replies":[{"embeddable":true,"href":"https:\/\/www.mapesteadoree.fr\/boutique\/wp-json\/wp\/v2\/comments?post=49795"}],"wp:featuredmedia":[{"embeddable":true,"href":"https:\/\/www.mapesteadoree.fr\/boutique\/wp-json\/wp\/v2\/media\/57749"}],"wp:attachment":[{"href":"https:\/\/www.mapesteadoree.fr\/boutique\/wp-json\/wp\/v2\/media?parent=49795"}],"wp:term":[{"taxonomy":"product_brand","embeddable":true,"href":"https:\/\/www.mapesteadoree.fr\/boutique\/wp-json\/wp\/v2\/product_brand?post=49795"},{"taxonomy":"product_cat","embeddable":true,"href":"https:\/\/www.mapesteadoree.fr\/boutique\/wp-json\/wp\/v2\/product_cat?post=49795"},{"taxonomy":"product_tag","embeddable":true,"href":"https:\/\/www.mapesteadoree.fr\/boutique\/wp-json\/wp\/v2\/product_tag?post=49795"}],"curies":[{"name":"wp","href":"https:\/\/api.w.org\/{rel}","templated":true}]}}