{"id":49467,"date":"2022-12-09T20:04:24","date_gmt":"2022-12-09T19:04:24","guid":{"rendered":"https:\/\/www.mapesteadoree.fr\/boutique\/?post_type=product&#038;p=49467"},"modified":"2025-09-04T20:48:03","modified_gmt":"2025-09-04T18:48:03","slug":"galet-plat-de-quartz-rose","status":"publish","type":"product","link":"https:\/\/www.mapesteadoree.fr\/boutique\/bijoux\/galet-plat-de-quartz-rose\/","title":{"rendered":"Galet Plat de Quartz Rose"},"content":{"rendered":"<p>Voici un galet plat de quartz rose qui a une taille parfaite pour le garder dans sa poche, dans un sac, un cartable ou dans une chambre (sur une commode, une table de chevet). Il n&rsquo;est ni trop grand, ni trop petit, que ce soit pour un enfant ou un adulte, ce galet de quartz rose a la taille qu&rsquo;il faut.<\/p>\n<ul>\n<li>Taille du galet : environ 3,5-4cm x 4-6cm<\/li>\n<li>Poids : entre 35 et 55g selon la forme<\/li>\n<li>Origine : Br\u00e9sil<\/li>\n<\/ul>\n<h1>Un galet de Quartz rose \u00e0 emporter partout avec vous<\/h1>\n<p>Chaque pierre est naturelle donc la forme comme la couleur peut varier. Chaque exemplaire est donc totalement unique et celui que vous recevrez est celui qui vous \u00e9tait destin\u00e9&#8230;<\/p>\n<h2>Le quartz rose, pierre de l&rsquo;amour ultime<\/h2>\n<p>Le quartz rose poss\u00e8de une \u00e9nergie douce et rassurante qui symbolise l&rsquo;amour. Il poss\u00e8de de nombreux bienfaits :<\/p>\n<ul class=\"i8Z77e\">\n<li>Pierre de \u00ab\u00a0l\u2019amour doux\u00a0\u00bb, de l\u2019amour ultime : \u00a0elle apporte la paix et le calme dans les relations<\/li>\n<li>Symbole de l\u2019amour m\u00e8re enfant, de l\u2019amour maternel<\/li>\n<li>Gu\u00e9rit les blessures \u00e9motionnelles, supprime la n\u00e9gativit\u00e9, r\u00e9tablit l\u2019harmonie apr\u00e8s les conflits<\/li>\n<li>Favorise le go\u00fbt de l\u2019art, de la musique et de la parole \u00e9crite<\/li>\n<li>Comble les carences affectives<\/li>\n<li>Pierre efficace pour le coeur, la circulation et les vaisseaux sanguins. Elle apaise le syst\u00e8me nerveux et gu\u00e9rit les d\u00e9pressions.<\/li>\n<li>Pierre de pardon et de paix, elle gu\u00e9rit les peines de coeur les plus profondes<\/li>\n<li>Pierre Douce et apaisante, elle apporte un sentiment de s\u00e9curit\u00e9, elle fait se sentir aim\u00e9.e<\/li>\n<li>Aide \u00e0 se d\u00e9barrasser des insomnies, aide \u00e0 dormir d&rsquo;un sommeil r\u00e9parateur<\/li>\n<\/ul>\n<p><em>Le quartz rose est une pierre adapt\u00e9e aux enfants comme aux adultes. Elle permet de retrouver le calme, la s\u00e9r\u00e9nit\u00e9, de se sentir entour\u00e9.e d&rsquo;amour et d&rsquo;\u00eatre rassur\u00e9.e. C&rsquo;est une pierre qui aide \u00e0 bien dormir, \u00e0 se remettre d&rsquo;\u00e9motions fortes ou de conflits. Elle apaise, rend la vie plus douce, elle permet de voir les choses du bon c\u00f4t\u00e9.<\/em><\/p>\n","protected":false},"excerpt":{"rendered":"<p>Galet plat de Quartz Rose, origine Br\u00e9sil. Le quartz rose est une pierre de lithoth\u00e9rapie connue et reconnue pour ses effets positifs pour le corps et l&rsquo;esprit : il apaise, rassure, r\u00e9conforte et donne le sentiment d&rsquo;\u00eatre envelopp\u00e9 d&rsquo;amour.<\/p>\n","protected":false},"featured_media":57755,"comment_status":"open","ping_status":"closed","template":"","meta":[],"product_brand":[],"product_cat":[25,1997,26],"product_tag":[2102,2070],"class_list":{"0":"post-49467","1":"product","2":"type-product","3":"status-publish","4":"has-post-thumbnail","6":"product_cat-accessoires","7":"product_cat-mineraux","8":"product_cat-pierres-naturelles","9":"product_tag-amour","10":"product_tag-sommeil","12":"first","13":"instock","14":"shipping-taxable","15":"purchasable","16":"product-type-simple"},"acf":[],"yoast_head":"<!-- This site is optimized with the Yoast SEO plugin v27.6 - https:\/\/yoast.com\/product\/yoast-seo-wordpress\/ -->\n<title>Galet Plat de Quartz Rose - Ma Peste Ador\u00e9e<\/title>\n<meta name=\"description\" content=\"Galet plat de pierre de quartz rose 6x3,5cm : pierre de l&#039;amour ultime, de l&#039;amour de soi et des autres. R\u00e9conforte et rassure\" \/>\n<meta name=\"robots\" content=\"index, follow, max-snippet:-1, max-image-preview:large, max-video-preview:-1\" \/>\n<link rel=\"canonical\" href=\"https:\/\/www.mapesteadoree.fr\/boutique\/bijoux\/galet-plat-de-quartz-rose\/\" \/>\n<meta property=\"og:locale\" content=\"fr_FR\" \/>\n<meta property=\"og:type\" content=\"article\" \/>\n<meta property=\"og:title\" content=\"Galet Plat de Quartz Rose - Ma Peste Ador\u00e9e\" \/>\n<meta property=\"og:description\" content=\"Galet plat de pierre de quartz rose 6x3,5cm : pierre de l&#039;amour ultime, de l&#039;amour de soi et des autres. R\u00e9conforte et rassure\" \/>\n<meta property=\"og:url\" content=\"https:\/\/www.mapesteadoree.fr\/boutique\/bijoux\/galet-plat-de-quartz-rose\/\" \/>\n<meta property=\"og:site_name\" content=\"Ma Peste Ador\u00e9e\" \/>\n<meta property=\"article:modified_time\" content=\"2025-09-04T18:48:03+00:00\" \/>\n<meta property=\"og:image\" content=\"https:\/\/www.mapesteadoree.fr\/boutique\/wp-content\/uploads\/2024\/02\/quartz-rose-proprietes.jpg\" \/>\n\t<meta property=\"og:image:width\" content=\"1200\" \/>\n\t<meta property=\"og:image:height\" content=\"1200\" \/>\n\t<meta property=\"og:image:type\" content=\"image\/jpeg\" \/>\n<meta name=\"twitter:card\" content=\"summary_large_image\" \/>\n<meta name=\"twitter:label1\" content=\"Dur\u00e9e de lecture estim\u00e9e\" \/>\n\t<meta name=\"twitter:data1\" content=\"2 minutes\" \/>\n<script type=\"application\/ld+json\" class=\"yoast-schema-graph\">{\"@context\":\"https:\\\/\\\/schema.org\",\"@graph\":[{\"@type\":\"WebPage\",\"@id\":\"https:\\\/\\\/www.mapesteadoree.fr\\\/boutique\\\/bijoux\\\/galet-plat-de-quartz-rose\\\/\",\"url\":\"https:\\\/\\\/www.mapesteadoree.fr\\\/boutique\\\/bijoux\\\/galet-plat-de-quartz-rose\\\/\",\"name\":\"Galet Plat de Quartz Rose - Ma Peste Ador\u00e9e\",\"isPartOf\":{\"@id\":\"https:\\\/\\\/www.mapesteadoree.fr\\\/boutique\\\/#website\"},\"primaryImageOfPage\":{\"@id\":\"https:\\\/\\\/www.mapesteadoree.fr\\\/boutique\\\/bijoux\\\/galet-plat-de-quartz-rose\\\/#primaryimage\"},\"image\":{\"@id\":\"https:\\\/\\\/www.mapesteadoree.fr\\\/boutique\\\/bijoux\\\/galet-plat-de-quartz-rose\\\/#primaryimage\"},\"thumbnailUrl\":\"https:\\\/\\\/www.mapesteadoree.fr\\\/boutique\\\/wp-content\\\/uploads\\\/2024\\\/02\\\/quartz-rose-proprietes.jpg\",\"datePublished\":\"2022-12-09T19:04:24+00:00\",\"dateModified\":\"2025-09-04T18:48:03+00:00\",\"description\":\"Galet plat de pierre de quartz rose 6x3,5cm : pierre de l'amour ultime, de l'amour de soi et des autres. R\u00e9conforte et rassure\",\"breadcrumb\":{\"@id\":\"https:\\\/\\\/www.mapesteadoree.fr\\\/boutique\\\/bijoux\\\/galet-plat-de-quartz-rose\\\/#breadcrumb\"},\"inLanguage\":\"fr-FR\",\"potentialAction\":[{\"@type\":\"ReadAction\",\"target\":[\"https:\\\/\\\/www.mapesteadoree.fr\\\/boutique\\\/bijoux\\\/galet-plat-de-quartz-rose\\\/\"]}]},{\"@type\":\"ImageObject\",\"inLanguage\":\"fr-FR\",\"@id\":\"https:\\\/\\\/www.mapesteadoree.fr\\\/boutique\\\/bijoux\\\/galet-plat-de-quartz-rose\\\/#primaryimage\",\"url\":\"https:\\\/\\\/www.mapesteadoree.fr\\\/boutique\\\/wp-content\\\/uploads\\\/2024\\\/02\\\/quartz-rose-proprietes.jpg\",\"contentUrl\":\"https:\\\/\\\/www.mapesteadoree.fr\\\/boutique\\\/wp-content\\\/uploads\\\/2024\\\/02\\\/quartz-rose-proprietes.jpg\",\"width\":1200,\"height\":1200,\"caption\":\"Galet plat de quartz rose\"},{\"@type\":\"BreadcrumbList\",\"@id\":\"https:\\\/\\\/www.mapesteadoree.fr\\\/boutique\\\/bijoux\\\/galet-plat-de-quartz-rose\\\/#breadcrumb\",\"itemListElement\":[{\"@type\":\"ListItem\",\"position\":1,\"name\":\"Accueil\",\"item\":\"https:\\\/\\\/www.mapesteadoree.fr\\\/boutique\\\/\"},{\"@type\":\"ListItem\",\"position\":2,\"name\":\"Boutique de bijoux uniques en pierres naturelles\",\"item\":\"https:\\\/\\\/www.mapesteadoree.fr\\\/boutique\\\/\"},{\"@type\":\"ListItem\",\"position\":3,\"name\":\"Galet Plat de Quartz Rose\"}]},{\"@type\":\"WebSite\",\"@id\":\"https:\\\/\\\/www.mapesteadoree.fr\\\/boutique\\\/#website\",\"url\":\"https:\\\/\\\/www.mapesteadoree.fr\\\/boutique\\\/\",\"name\":\"Ma Peste Ador\u00e9e\",\"description\":\"\",\"publisher\":{\"@id\":\"https:\\\/\\\/www.mapesteadoree.fr\\\/boutique\\\/#organization\"},\"potentialAction\":[{\"@type\":\"SearchAction\",\"target\":{\"@type\":\"EntryPoint\",\"urlTemplate\":\"https:\\\/\\\/www.mapesteadoree.fr\\\/boutique\\\/?s={search_term_string}\"},\"query-input\":{\"@type\":\"PropertyValueSpecification\",\"valueRequired\":true,\"valueName\":\"search_term_string\"}}],\"inLanguage\":\"fr-FR\"},{\"@type\":\"Organization\",\"@id\":\"https:\\\/\\\/www.mapesteadoree.fr\\\/boutique\\\/#organization\",\"name\":\"Ma Peste Ador\u00e9e\",\"url\":\"https:\\\/\\\/www.mapesteadoree.fr\\\/boutique\\\/\",\"logo\":{\"@type\":\"ImageObject\",\"inLanguage\":\"fr-FR\",\"@id\":\"https:\\\/\\\/www.mapesteadoree.fr\\\/boutique\\\/#\\\/schema\\\/logo\\\/image\\\/\",\"url\":\"https:\\\/\\\/www.mapesteadoree.fr\\\/boutique\\\/wp-content\\\/uploads\\\/2024\\\/10\\\/cropped-logo-mpa-2024.png\",\"contentUrl\":\"https:\\\/\\\/www.mapesteadoree.fr\\\/boutique\\\/wp-content\\\/uploads\\\/2024\\\/10\\\/cropped-logo-mpa-2024.png\",\"width\":470,\"height\":110,\"caption\":\"Ma Peste Ador\u00e9e\"},\"image\":{\"@id\":\"https:\\\/\\\/www.mapesteadoree.fr\\\/boutique\\\/#\\\/schema\\\/logo\\\/image\\\/\"}}]}<\/script>\n<!-- \/ Yoast SEO plugin. -->","yoast_head_json":{"title":"Galet Plat de Quartz Rose - Ma Peste Ador\u00e9e","description":"Galet plat de pierre de quartz rose 6x3,5cm : pierre de l'amour ultime, de l'amour de soi et des autres. R\u00e9conforte et rassure","robots":{"index":"index","follow":"follow","max-snippet":"max-snippet:-1","max-image-preview":"max-image-preview:large","max-video-preview":"max-video-preview:-1"},"canonical":"https:\/\/www.mapesteadoree.fr\/boutique\/bijoux\/galet-plat-de-quartz-rose\/","og_locale":"fr_FR","og_type":"article","og_title":"Galet Plat de Quartz Rose - Ma Peste Ador\u00e9e","og_description":"Galet plat de pierre de quartz rose 6x3,5cm : pierre de l'amour ultime, de l'amour de soi et des autres. R\u00e9conforte et rassure","og_url":"https:\/\/www.mapesteadoree.fr\/boutique\/bijoux\/galet-plat-de-quartz-rose\/","og_site_name":"Ma Peste Ador\u00e9e","article_modified_time":"2025-09-04T18:48:03+00:00","og_image":[{"width":1200,"height":1200,"url":"https:\/\/www.mapesteadoree.fr\/boutique\/wp-content\/uploads\/2024\/02\/quartz-rose-proprietes.jpg","type":"image\/jpeg"}],"twitter_card":"summary_large_image","twitter_misc":{"Dur\u00e9e de lecture estim\u00e9e":"2 minutes"},"schema":{"@context":"https:\/\/schema.org","@graph":[{"@type":"WebPage","@id":"https:\/\/www.mapesteadoree.fr\/boutique\/bijoux\/galet-plat-de-quartz-rose\/","url":"https:\/\/www.mapesteadoree.fr\/boutique\/bijoux\/galet-plat-de-quartz-rose\/","name":"Galet Plat de Quartz Rose - Ma Peste Ador\u00e9e","isPartOf":{"@id":"https:\/\/www.mapesteadoree.fr\/boutique\/#website"},"primaryImageOfPage":{"@id":"https:\/\/www.mapesteadoree.fr\/boutique\/bijoux\/galet-plat-de-quartz-rose\/#primaryimage"},"image":{"@id":"https:\/\/www.mapesteadoree.fr\/boutique\/bijoux\/galet-plat-de-quartz-rose\/#primaryimage"},"thumbnailUrl":"https:\/\/www.mapesteadoree.fr\/boutique\/wp-content\/uploads\/2024\/02\/quartz-rose-proprietes.jpg","datePublished":"2022-12-09T19:04:24+00:00","dateModified":"2025-09-04T18:48:03+00:00","description":"Galet plat de pierre de quartz rose 6x3,5cm : pierre de l'amour ultime, de l'amour de soi et des autres. R\u00e9conforte et rassure","breadcrumb":{"@id":"https:\/\/www.mapesteadoree.fr\/boutique\/bijoux\/galet-plat-de-quartz-rose\/#breadcrumb"},"inLanguage":"fr-FR","potentialAction":[{"@type":"ReadAction","target":["https:\/\/www.mapesteadoree.fr\/boutique\/bijoux\/galet-plat-de-quartz-rose\/"]}]},{"@type":"ImageObject","inLanguage":"fr-FR","@id":"https:\/\/www.mapesteadoree.fr\/boutique\/bijoux\/galet-plat-de-quartz-rose\/#primaryimage","url":"https:\/\/www.mapesteadoree.fr\/boutique\/wp-content\/uploads\/2024\/02\/quartz-rose-proprietes.jpg","contentUrl":"https:\/\/www.mapesteadoree.fr\/boutique\/wp-content\/uploads\/2024\/02\/quartz-rose-proprietes.jpg","width":1200,"height":1200,"caption":"Galet plat de quartz rose"},{"@type":"BreadcrumbList","@id":"https:\/\/www.mapesteadoree.fr\/boutique\/bijoux\/galet-plat-de-quartz-rose\/#breadcrumb","itemListElement":[{"@type":"ListItem","position":1,"name":"Accueil","item":"https:\/\/www.mapesteadoree.fr\/boutique\/"},{"@type":"ListItem","position":2,"name":"Boutique de bijoux uniques en pierres naturelles","item":"https:\/\/www.mapesteadoree.fr\/boutique\/"},{"@type":"ListItem","position":3,"name":"Galet Plat de Quartz Rose"}]},{"@type":"WebSite","@id":"https:\/\/www.mapesteadoree.fr\/boutique\/#website","url":"https:\/\/www.mapesteadoree.fr\/boutique\/","name":"Ma Peste Ador\u00e9e","description":"","publisher":{"@id":"https:\/\/www.mapesteadoree.fr\/boutique\/#organization"},"potentialAction":[{"@type":"SearchAction","target":{"@type":"EntryPoint","urlTemplate":"https:\/\/www.mapesteadoree.fr\/boutique\/?s={search_term_string}"},"query-input":{"@type":"PropertyValueSpecification","valueRequired":true,"valueName":"search_term_string"}}],"inLanguage":"fr-FR"},{"@type":"Organization","@id":"https:\/\/www.mapesteadoree.fr\/boutique\/#organization","name":"Ma Peste Ador\u00e9e","url":"https:\/\/www.mapesteadoree.fr\/boutique\/","logo":{"@type":"ImageObject","inLanguage":"fr-FR","@id":"https:\/\/www.mapesteadoree.fr\/boutique\/#\/schema\/logo\/image\/","url":"https:\/\/www.mapesteadoree.fr\/boutique\/wp-content\/uploads\/2024\/10\/cropped-logo-mpa-2024.png","contentUrl":"https:\/\/www.mapesteadoree.fr\/boutique\/wp-content\/uploads\/2024\/10\/cropped-logo-mpa-2024.png","width":470,"height":110,"caption":"Ma Peste Ador\u00e9e"},"image":{"@id":"https:\/\/www.mapesteadoree.fr\/boutique\/#\/schema\/logo\/image\/"}}]}},"wcpa_form_fields":null,"_links":{"self":[{"href":"https:\/\/www.mapesteadoree.fr\/boutique\/wp-json\/wp\/v2\/product\/49467","targetHints":{"allow":["GET"]}}],"collection":[{"href":"https:\/\/www.mapesteadoree.fr\/boutique\/wp-json\/wp\/v2\/product"}],"about":[{"href":"https:\/\/www.mapesteadoree.fr\/boutique\/wp-json\/wp\/v2\/types\/product"}],"replies":[{"embeddable":true,"href":"https:\/\/www.mapesteadoree.fr\/boutique\/wp-json\/wp\/v2\/comments?post=49467"}],"wp:featuredmedia":[{"embeddable":true,"href":"https:\/\/www.mapesteadoree.fr\/boutique\/wp-json\/wp\/v2\/media\/57755"}],"wp:attachment":[{"href":"https:\/\/www.mapesteadoree.fr\/boutique\/wp-json\/wp\/v2\/media?parent=49467"}],"wp:term":[{"taxonomy":"product_brand","embeddable":true,"href":"https:\/\/www.mapesteadoree.fr\/boutique\/wp-json\/wp\/v2\/product_brand?post=49467"},{"taxonomy":"product_cat","embeddable":true,"href":"https:\/\/www.mapesteadoree.fr\/boutique\/wp-json\/wp\/v2\/product_cat?post=49467"},{"taxonomy":"product_tag","embeddable":true,"href":"https:\/\/www.mapesteadoree.fr\/boutique\/wp-json\/wp\/v2\/product_tag?post=49467"}],"curies":[{"name":"wp","href":"https:\/\/api.w.org\/{rel}","templated":true}]}}