{"id":49359,"date":"2022-11-28T10:24:37","date_gmt":"2022-11-28T09:24:37","guid":{"rendered":"https:\/\/www.mapesteadoree.fr\/boutique\/?post_type=product&#038;p=49359"},"modified":"2025-08-21T10:39:03","modified_gmt":"2025-08-21T08:39:03","slug":"galet-plat-obsidienne-acajou","status":"publish","type":"product","link":"https:\/\/www.mapesteadoree.fr\/boutique\/bijoux\/galet-plat-obsidienne-acajou\/","title":{"rendered":"Galet Plat d&rsquo;Obsidienne Acajou"},"content":{"rendered":"<h1>Un galet d&rsquo;Obsidienne Acajou \u00e0 emporter partout avec vous<\/h1>\n<p>Voici un galet plat d&rsquo;obsidienne acajou (encore appel\u00e9e \u00ab\u00a0obsidienne Mahogany\u00a0\u00bb) , il a une taille parfaite pour le garder dans sa poche, dans un sac, un cartable ou dans une chambre (sur une commode, une table de chevet). Il n&rsquo;est ni trop grand, ni trop petit, que ce soit pour un enfant ou un adulte, ce galet d&rsquo;obsidienne mahogany a la taille qu&rsquo;il faut.<\/p>\n<ul>\n<li>Taille du galet : environ 3,5-4cm x 4-6cm<\/li>\n<li>Poids : entre 35 et 55g selon la forme<\/li>\n<li>Origine : Mexique<\/li>\n<\/ul>\n<p>Chaque pierre est naturelle donc la forme comme la couleur peut varier. Chaque exemplaire est donc totalement unique et celui que vous recevrez est celui qui vous \u00e9tait destin\u00e9&#8230;<em> L&rsquo;obsidienne mahogany est une vari\u00e9t\u00e9 d&rsquo;obsidienne qui poss\u00e8de des inclusions d&rsquo;h\u00e9matite ou de magn\u00e9tite, ce qui lui donne sa couleur rouge et noir-brun\u00e2tre.<\/em><\/p>\n<h2>L&rsquo;obsidienne acajou d\u00e9tend et prot\u00e8ge l&rsquo;esprit<\/h2>\n<p>L&rsquo;obsidienne acajou est une pierre de protection mais pas seulement. \u00a0Elle poss\u00e8de de nombreux bienfaits :<\/p>\n<ul class=\"i8Z77e\">\n<li>Prot\u00e8ge contre les \u00e9nergies n\u00e9gatives<\/li>\n<li>Permet d&rsquo;absorber les effets li\u00e9s au stress<\/li>\n<li>Aide \u00e0 retrouver son calme apr\u00e8s une crise ou un exc\u00e8s de col\u00e8re<\/li>\n<li>D\u00e9tend l&rsquo;esprit, permet de faire le vide dans sa t\u00eate<\/li>\n<li>Nettoie les\u00a0pens\u00e9es pour ne garder que le positif<\/li>\n<li>Accompagne pendant les moments ou les \u00e9tapes difficiles de la vie. Permet d&rsquo;att\u00e9nuer les douleurs psychiques<\/li>\n<li>Aide \u00e0 trouver la page, \u00e0 passer \u00e0 autre chose, \u00e0 ne pas rester ancrer dans le n\u00e9gatif<\/li>\n<li>Apporte de la force, aide \u00e0 \u00eatre honn\u00eate, juste et droit<\/li>\n<li>Soulage diff\u00e9rents types de douleurs comme les courbatures ou les crampes<\/li>\n<li>Am\u00e9liore la circulation sanguine<\/li>\n<li>Stimule les fonctions des reins et du foie<\/li>\n<\/ul>\n<p><strong>L&rsquo;obsidienne mahogany est parfaite pour les personnes en manque d&rsquo;\u00e9nergie et de motivation, ou pour ceux qui ont du mal \u00e0 g\u00e9rer leur col\u00e8re, leur stress et leurs frustrations (adultes comme enfants). Elle aide \u00e0 relativiser et \u00e0 retrouver le calme apr\u00e8s la temp\u00eate.<\/strong><\/p>\n<p><em>L&rsquo;obsidienne mahogany est li\u00e9e au Chakra racine. C&rsquo;est au niveau de ce centre \u00e9nerg\u00e9tique que se logent nos besoins et d\u00e9sirs les plus \u00e9l\u00e9mentaires, notre besoin de s\u00fbret\u00e9 et de s\u00e9curit\u00e9. D\u00e9bloquer ce chakra, c&rsquo;est la premi\u00e8re chose \u00e0 faire pour ensuite aborder nos \u00e9motions plus complexes et nos pens\u00e9es sup\u00e9rieures.\u00a0<\/em><\/p>\n","protected":false},"excerpt":{"rendered":"<p>Galet plat d&rsquo;obsidienne acajou, originaire du Mexique. L&rsquo;obsidienne acajou est une pierre qui prot\u00e8ge mais qui aide \u00e9galement \u00e0 contr\u00f4ler ses crises de col\u00e8re, \u00e0 retrouver son calme et son \u00e9nergie positive<\/p>\n","protected":false},"featured_media":57744,"comment_status":"open","ping_status":"closed","template":"","meta":[],"product_brand":[],"product_cat":[25,1997,26],"product_tag":[2034],"class_list":{"0":"post-49359","1":"product","2":"type-product","3":"status-publish","4":"has-post-thumbnail","6":"product_cat-accessoires","7":"product_cat-mineraux","8":"product_cat-pierres-naturelles","9":"product_tag-protection","11":"first","12":"instock","13":"shipping-taxable","14":"purchasable","15":"product-type-simple"},"acf":[],"yoast_head":"<!-- This site is optimized with the Yoast SEO plugin v27.4 - https:\/\/yoast.com\/product\/yoast-seo-wordpress\/ -->\n<title>Galet Plat d&#039;Obsidienne Acajou - Ma Peste Ador\u00e9e<\/title>\n<meta name=\"description\" content=\"Galet plat de pierre d&#039;obsidienne acajou : c&#039;est une pierre qui prot\u00e8ge mais qui aide \u00e9galement \u00e0 calmer les crises de col\u00e8re\" \/>\n<meta name=\"robots\" content=\"index, follow, max-snippet:-1, max-image-preview:large, max-video-preview:-1\" \/>\n<link rel=\"canonical\" href=\"https:\/\/www.mapesteadoree.fr\/boutique\/bijoux\/galet-plat-obsidienne-acajou\/\" \/>\n<meta property=\"og:locale\" content=\"fr_FR\" \/>\n<meta property=\"og:type\" content=\"article\" \/>\n<meta property=\"og:title\" content=\"Galet Plat d&#039;Obsidienne Acajou - Ma Peste Ador\u00e9e\" \/>\n<meta property=\"og:description\" content=\"Galet plat de pierre d&#039;obsidienne acajou : c&#039;est une pierre qui prot\u00e8ge mais qui aide \u00e9galement \u00e0 calmer les crises de col\u00e8re\" \/>\n<meta property=\"og:url\" content=\"https:\/\/www.mapesteadoree.fr\/boutique\/bijoux\/galet-plat-obsidienne-acajou\/\" \/>\n<meta property=\"og:site_name\" content=\"Ma Peste Ador\u00e9e\" \/>\n<meta property=\"article:modified_time\" content=\"2025-08-21T08:39:03+00:00\" \/>\n<meta property=\"og:image\" content=\"https:\/\/www.mapesteadoree.fr\/boutique\/wp-content\/uploads\/2024\/02\/obsidienne-acajou-proprietes.jpg\" \/>\n\t<meta property=\"og:image:width\" content=\"1500\" \/>\n\t<meta property=\"og:image:height\" content=\"1500\" \/>\n\t<meta property=\"og:image:type\" content=\"image\/jpeg\" \/>\n<meta name=\"twitter:card\" content=\"summary_large_image\" \/>\n<meta name=\"twitter:label1\" content=\"Dur\u00e9e de lecture estim\u00e9e\" \/>\n\t<meta name=\"twitter:data1\" content=\"2 minutes\" \/>\n<script type=\"application\/ld+json\" class=\"yoast-schema-graph\">{\"@context\":\"https:\\\/\\\/schema.org\",\"@graph\":[{\"@type\":\"WebPage\",\"@id\":\"https:\\\/\\\/www.mapesteadoree.fr\\\/boutique\\\/bijoux\\\/galet-plat-obsidienne-acajou\\\/\",\"url\":\"https:\\\/\\\/www.mapesteadoree.fr\\\/boutique\\\/bijoux\\\/galet-plat-obsidienne-acajou\\\/\",\"name\":\"Galet Plat d'Obsidienne Acajou - Ma Peste Ador\u00e9e\",\"isPartOf\":{\"@id\":\"https:\\\/\\\/www.mapesteadoree.fr\\\/boutique\\\/#website\"},\"primaryImageOfPage\":{\"@id\":\"https:\\\/\\\/www.mapesteadoree.fr\\\/boutique\\\/bijoux\\\/galet-plat-obsidienne-acajou\\\/#primaryimage\"},\"image\":{\"@id\":\"https:\\\/\\\/www.mapesteadoree.fr\\\/boutique\\\/bijoux\\\/galet-plat-obsidienne-acajou\\\/#primaryimage\"},\"thumbnailUrl\":\"https:\\\/\\\/www.mapesteadoree.fr\\\/boutique\\\/wp-content\\\/uploads\\\/2024\\\/02\\\/obsidienne-acajou-proprietes.jpg\",\"datePublished\":\"2022-11-28T09:24:37+00:00\",\"dateModified\":\"2025-08-21T08:39:03+00:00\",\"description\":\"Galet plat de pierre d'obsidienne acajou : c'est une pierre qui prot\u00e8ge mais qui aide \u00e9galement \u00e0 calmer les crises de col\u00e8re\",\"breadcrumb\":{\"@id\":\"https:\\\/\\\/www.mapesteadoree.fr\\\/boutique\\\/bijoux\\\/galet-plat-obsidienne-acajou\\\/#breadcrumb\"},\"inLanguage\":\"fr-FR\",\"potentialAction\":[{\"@type\":\"ReadAction\",\"target\":[\"https:\\\/\\\/www.mapesteadoree.fr\\\/boutique\\\/bijoux\\\/galet-plat-obsidienne-acajou\\\/\"]}]},{\"@type\":\"ImageObject\",\"inLanguage\":\"fr-FR\",\"@id\":\"https:\\\/\\\/www.mapesteadoree.fr\\\/boutique\\\/bijoux\\\/galet-plat-obsidienne-acajou\\\/#primaryimage\",\"url\":\"https:\\\/\\\/www.mapesteadoree.fr\\\/boutique\\\/wp-content\\\/uploads\\\/2024\\\/02\\\/obsidienne-acajou-proprietes.jpg\",\"contentUrl\":\"https:\\\/\\\/www.mapesteadoree.fr\\\/boutique\\\/wp-content\\\/uploads\\\/2024\\\/02\\\/obsidienne-acajou-proprietes.jpg\",\"width\":1500,\"height\":1500,\"caption\":\"galet plat d'obsidienne acajou\"},{\"@type\":\"BreadcrumbList\",\"@id\":\"https:\\\/\\\/www.mapesteadoree.fr\\\/boutique\\\/bijoux\\\/galet-plat-obsidienne-acajou\\\/#breadcrumb\",\"itemListElement\":[{\"@type\":\"ListItem\",\"position\":1,\"name\":\"Accueil\",\"item\":\"https:\\\/\\\/www.mapesteadoree.fr\\\/boutique\\\/\"},{\"@type\":\"ListItem\",\"position\":2,\"name\":\"Boutique de bijoux uniques en pierres naturelles\",\"item\":\"https:\\\/\\\/www.mapesteadoree.fr\\\/boutique\\\/\"},{\"@type\":\"ListItem\",\"position\":3,\"name\":\"Galet Plat d&rsquo;Obsidienne Acajou\"}]},{\"@type\":\"WebSite\",\"@id\":\"https:\\\/\\\/www.mapesteadoree.fr\\\/boutique\\\/#website\",\"url\":\"https:\\\/\\\/www.mapesteadoree.fr\\\/boutique\\\/\",\"name\":\"Ma Peste Ador\u00e9e\",\"description\":\"\",\"publisher\":{\"@id\":\"https:\\\/\\\/www.mapesteadoree.fr\\\/boutique\\\/#organization\"},\"potentialAction\":[{\"@type\":\"SearchAction\",\"target\":{\"@type\":\"EntryPoint\",\"urlTemplate\":\"https:\\\/\\\/www.mapesteadoree.fr\\\/boutique\\\/?s={search_term_string}\"},\"query-input\":{\"@type\":\"PropertyValueSpecification\",\"valueRequired\":true,\"valueName\":\"search_term_string\"}}],\"inLanguage\":\"fr-FR\"},{\"@type\":\"Organization\",\"@id\":\"https:\\\/\\\/www.mapesteadoree.fr\\\/boutique\\\/#organization\",\"name\":\"Ma Peste Ador\u00e9e\",\"url\":\"https:\\\/\\\/www.mapesteadoree.fr\\\/boutique\\\/\",\"logo\":{\"@type\":\"ImageObject\",\"inLanguage\":\"fr-FR\",\"@id\":\"https:\\\/\\\/www.mapesteadoree.fr\\\/boutique\\\/#\\\/schema\\\/logo\\\/image\\\/\",\"url\":\"https:\\\/\\\/www.mapesteadoree.fr\\\/boutique\\\/wp-content\\\/uploads\\\/2024\\\/10\\\/cropped-logo-mpa-2024.png\",\"contentUrl\":\"https:\\\/\\\/www.mapesteadoree.fr\\\/boutique\\\/wp-content\\\/uploads\\\/2024\\\/10\\\/cropped-logo-mpa-2024.png\",\"width\":470,\"height\":110,\"caption\":\"Ma Peste Ador\u00e9e\"},\"image\":{\"@id\":\"https:\\\/\\\/www.mapesteadoree.fr\\\/boutique\\\/#\\\/schema\\\/logo\\\/image\\\/\"}}]}<\/script>\n<!-- \/ Yoast SEO plugin. -->","yoast_head_json":{"title":"Galet Plat d'Obsidienne Acajou - Ma Peste Ador\u00e9e","description":"Galet plat de pierre d'obsidienne acajou : c'est une pierre qui prot\u00e8ge mais qui aide \u00e9galement \u00e0 calmer les crises de col\u00e8re","robots":{"index":"index","follow":"follow","max-snippet":"max-snippet:-1","max-image-preview":"max-image-preview:large","max-video-preview":"max-video-preview:-1"},"canonical":"https:\/\/www.mapesteadoree.fr\/boutique\/bijoux\/galet-plat-obsidienne-acajou\/","og_locale":"fr_FR","og_type":"article","og_title":"Galet Plat d'Obsidienne Acajou - Ma Peste Ador\u00e9e","og_description":"Galet plat de pierre d'obsidienne acajou : c'est une pierre qui prot\u00e8ge mais qui aide \u00e9galement \u00e0 calmer les crises de col\u00e8re","og_url":"https:\/\/www.mapesteadoree.fr\/boutique\/bijoux\/galet-plat-obsidienne-acajou\/","og_site_name":"Ma Peste Ador\u00e9e","article_modified_time":"2025-08-21T08:39:03+00:00","og_image":[{"width":1500,"height":1500,"url":"https:\/\/www.mapesteadoree.fr\/boutique\/wp-content\/uploads\/2024\/02\/obsidienne-acajou-proprietes.jpg","type":"image\/jpeg"}],"twitter_card":"summary_large_image","twitter_misc":{"Dur\u00e9e de lecture estim\u00e9e":"2 minutes"},"schema":{"@context":"https:\/\/schema.org","@graph":[{"@type":"WebPage","@id":"https:\/\/www.mapesteadoree.fr\/boutique\/bijoux\/galet-plat-obsidienne-acajou\/","url":"https:\/\/www.mapesteadoree.fr\/boutique\/bijoux\/galet-plat-obsidienne-acajou\/","name":"Galet Plat d'Obsidienne Acajou - Ma Peste Ador\u00e9e","isPartOf":{"@id":"https:\/\/www.mapesteadoree.fr\/boutique\/#website"},"primaryImageOfPage":{"@id":"https:\/\/www.mapesteadoree.fr\/boutique\/bijoux\/galet-plat-obsidienne-acajou\/#primaryimage"},"image":{"@id":"https:\/\/www.mapesteadoree.fr\/boutique\/bijoux\/galet-plat-obsidienne-acajou\/#primaryimage"},"thumbnailUrl":"https:\/\/www.mapesteadoree.fr\/boutique\/wp-content\/uploads\/2024\/02\/obsidienne-acajou-proprietes.jpg","datePublished":"2022-11-28T09:24:37+00:00","dateModified":"2025-08-21T08:39:03+00:00","description":"Galet plat de pierre d'obsidienne acajou : c'est une pierre qui prot\u00e8ge mais qui aide \u00e9galement \u00e0 calmer les crises de col\u00e8re","breadcrumb":{"@id":"https:\/\/www.mapesteadoree.fr\/boutique\/bijoux\/galet-plat-obsidienne-acajou\/#breadcrumb"},"inLanguage":"fr-FR","potentialAction":[{"@type":"ReadAction","target":["https:\/\/www.mapesteadoree.fr\/boutique\/bijoux\/galet-plat-obsidienne-acajou\/"]}]},{"@type":"ImageObject","inLanguage":"fr-FR","@id":"https:\/\/www.mapesteadoree.fr\/boutique\/bijoux\/galet-plat-obsidienne-acajou\/#primaryimage","url":"https:\/\/www.mapesteadoree.fr\/boutique\/wp-content\/uploads\/2024\/02\/obsidienne-acajou-proprietes.jpg","contentUrl":"https:\/\/www.mapesteadoree.fr\/boutique\/wp-content\/uploads\/2024\/02\/obsidienne-acajou-proprietes.jpg","width":1500,"height":1500,"caption":"galet plat d'obsidienne acajou"},{"@type":"BreadcrumbList","@id":"https:\/\/www.mapesteadoree.fr\/boutique\/bijoux\/galet-plat-obsidienne-acajou\/#breadcrumb","itemListElement":[{"@type":"ListItem","position":1,"name":"Accueil","item":"https:\/\/www.mapesteadoree.fr\/boutique\/"},{"@type":"ListItem","position":2,"name":"Boutique de bijoux uniques en pierres naturelles","item":"https:\/\/www.mapesteadoree.fr\/boutique\/"},{"@type":"ListItem","position":3,"name":"Galet Plat d&rsquo;Obsidienne Acajou"}]},{"@type":"WebSite","@id":"https:\/\/www.mapesteadoree.fr\/boutique\/#website","url":"https:\/\/www.mapesteadoree.fr\/boutique\/","name":"Ma Peste Ador\u00e9e","description":"","publisher":{"@id":"https:\/\/www.mapesteadoree.fr\/boutique\/#organization"},"potentialAction":[{"@type":"SearchAction","target":{"@type":"EntryPoint","urlTemplate":"https:\/\/www.mapesteadoree.fr\/boutique\/?s={search_term_string}"},"query-input":{"@type":"PropertyValueSpecification","valueRequired":true,"valueName":"search_term_string"}}],"inLanguage":"fr-FR"},{"@type":"Organization","@id":"https:\/\/www.mapesteadoree.fr\/boutique\/#organization","name":"Ma Peste Ador\u00e9e","url":"https:\/\/www.mapesteadoree.fr\/boutique\/","logo":{"@type":"ImageObject","inLanguage":"fr-FR","@id":"https:\/\/www.mapesteadoree.fr\/boutique\/#\/schema\/logo\/image\/","url":"https:\/\/www.mapesteadoree.fr\/boutique\/wp-content\/uploads\/2024\/10\/cropped-logo-mpa-2024.png","contentUrl":"https:\/\/www.mapesteadoree.fr\/boutique\/wp-content\/uploads\/2024\/10\/cropped-logo-mpa-2024.png","width":470,"height":110,"caption":"Ma Peste Ador\u00e9e"},"image":{"@id":"https:\/\/www.mapesteadoree.fr\/boutique\/#\/schema\/logo\/image\/"}}]}},"wcpa_form_fields":null,"_links":{"self":[{"href":"https:\/\/www.mapesteadoree.fr\/boutique\/wp-json\/wp\/v2\/product\/49359","targetHints":{"allow":["GET"]}}],"collection":[{"href":"https:\/\/www.mapesteadoree.fr\/boutique\/wp-json\/wp\/v2\/product"}],"about":[{"href":"https:\/\/www.mapesteadoree.fr\/boutique\/wp-json\/wp\/v2\/types\/product"}],"replies":[{"embeddable":true,"href":"https:\/\/www.mapesteadoree.fr\/boutique\/wp-json\/wp\/v2\/comments?post=49359"}],"wp:featuredmedia":[{"embeddable":true,"href":"https:\/\/www.mapesteadoree.fr\/boutique\/wp-json\/wp\/v2\/media\/57744"}],"wp:attachment":[{"href":"https:\/\/www.mapesteadoree.fr\/boutique\/wp-json\/wp\/v2\/media?parent=49359"}],"wp:term":[{"taxonomy":"product_brand","embeddable":true,"href":"https:\/\/www.mapesteadoree.fr\/boutique\/wp-json\/wp\/v2\/product_brand?post=49359"},{"taxonomy":"product_cat","embeddable":true,"href":"https:\/\/www.mapesteadoree.fr\/boutique\/wp-json\/wp\/v2\/product_cat?post=49359"},{"taxonomy":"product_tag","embeddable":true,"href":"https:\/\/www.mapesteadoree.fr\/boutique\/wp-json\/wp\/v2\/product_tag?post=49359"}],"curies":[{"name":"wp","href":"https:\/\/api.w.org\/{rel}","templated":true}]}}