{"id":49356,"date":"2022-11-28T09:33:54","date_gmt":"2022-11-28T08:33:54","guid":{"rendered":"https:\/\/www.mapesteadoree.fr\/boutique\/?post_type=product&#038;p=49356"},"modified":"2026-04-23T12:32:33","modified_gmt":"2026-04-23T10:32:33","slug":"galet-plat-de-labradorite","status":"publish","type":"product","link":"https:\/\/www.mapesteadoree.fr\/boutique\/bijoux\/galet-plat-de-labradorite\/","title":{"rendered":"Galet Plat de Labradorite"},"content":{"rendered":"<h1>Un galet de Labradorite \u00e0 emporter partout avec vous<\/h1>\n<p>Voici un galet plat de Labradorite, il a une taille parfaite pour le garder dans sa poche, dans un sac, un cartable ou dans une chambre (sur une commode, une table de chevet). Il n&rsquo;est ni trop grand, ni trop petit, que ce soit pour un enfant ou un adulte, ce galet de labradorite a la taille qu&rsquo;il faut.<\/p>\n<ul>\n<li>Taille du galet : environ 2,5cm x 3,5cm<\/li>\n<li>Poids : entre 20 et 30g \u00a0selon la forme<\/li>\n<li>Origine : Madagascar<\/li>\n<\/ul>\n<p>Chaque pierre est naturelle donc la forme comme la couleur peut varier. Chaque exemplaire est donc totalement unique et celui que vous recevrez est celui qui vous \u00e9tait destin\u00e9&#8230;<\/p>\n<h2>La Labradorite, la pierre de protection des vibrations n\u00e9gatives<\/h2>\n<p>La Labradorite est une pierre bien connue en lithoth\u00e9rapie. Elle poss\u00e8de de nombreux bienfaits :<\/p>\n<ul class=\"i8Z77e\">\n<li>Elle agit comme un\u00a0bouclier protecteur, un peu comme\u00a0une \u00e9ponge : elle absorbe les \u00e9nergies\u00a0n\u00e9gatives, les probl\u00e8mes et la tristesse d\u2019autrui\u00a0et elle les dissout. La labradorite prot\u00e8ge donc son porteur des vibrations n\u00e9fastes de son environnement<\/li>\n<li>Poss\u00e8de une \u00e9nergie positive, chaleureuse et joyeuse avec ses reflets arc-en-ciel<\/li>\n<li>Apporte amiti\u00e9 et compr\u00e9hension, mais aussi cr\u00e9ativit\u00e9, enthousiasme et spontan\u00e9it\u00e9<\/li>\n<li>Aide \u00e0 surmonter les sentiments d&rsquo;ins\u00e9curit\u00e9, d&rsquo;anxi\u00e9t\u00e9 ainsi que le stress.<\/li>\n<li>Favorise \u00a0l&rsquo;esprit vif, l&rsquo;acuit\u00e9 mentale et l&rsquo;intellect.<\/li>\n<li>Aide \u00e0 se remettre d&rsquo;une grande fatigue, effet r\u00e9g\u00e9n\u00e9ratrice<\/li>\n<li>Pierre d&rsquo;intuition, qui aide \u00e0 faire les bons choix<\/li>\n<li>Aide \u00e0 se souvenir de ses r\u00eaves<\/li>\n<li>Aide \u00e0 d\u00e9velopper une force spirituelle, comme une lumi\u00e8re \u00e0 l&rsquo;int\u00e9rieur de soi<\/li>\n<\/ul>\n<p><i>La couleur de la Labradorite est verte-grise avec des reflets bleus presque arc-en-ciel. La Labradorite est \u00a0li\u00e9e au chakra du\u00a03<\/i><sup style=\"font-style: italic;\">\u00e8me<\/sup><i>\u00a0Oeil, que l&rsquo;on\u00a0appelle aussi \u00ab\u00a0Ajna\u00a0\u00bb. Il est en lien avec la capacit\u00e9 d\u2019introspection, \u00e0 la clairvoyance et aussi \u00e0 l\u2019intuition. Ce chakra favorise le dialogue avec les mondes subtils et l\u2019inconscient. C\u2019est le 6<\/i><sup style=\"font-style: italic;\">\u00e8me<\/sup><i>\u00a0Chakra, il ouvre la porte au Chakra Coronal, celui de la pleine conscience. C&rsquo;est pour cela que la Labradorite est une pierre souvent utilis\u00e9e par certains praticiens (reiki, hypnose, m\u00e9diums&#8230;.)<\/i><\/p>\n","protected":false},"excerpt":{"rendered":"<p>Galet plat de Labradorite, originaire de Madagascar. La Labradorite est une pierre de protection puissante, qui agit comme un bouclier. Elle renvoie les \u00e9nergies n\u00e9gatives vers son \u00e9metteur et prot\u00e8ge ainsi le r\u00e9cepteur.<\/p>\n","protected":false},"featured_media":57740,"comment_status":"open","ping_status":"closed","template":"","meta":[],"product_brand":[],"product_cat":[25,1997,26],"product_tag":[2074,2034],"class_list":{"0":"post-49356","1":"product","2":"type-product","3":"status-publish","4":"has-post-thumbnail","6":"product_cat-accessoires","7":"product_cat-mineraux","8":"product_cat-pierres-naturelles","9":"product_tag-hypersensibilite","10":"product_tag-protection","12":"first","13":"instock","14":"shipping-taxable","15":"purchasable","16":"product-type-simple"},"acf":[],"yoast_head":"<!-- This site is optimized with the Yoast SEO plugin v27.4 - https:\/\/yoast.com\/product\/yoast-seo-wordpress\/ -->\n<title>Galet Plat de Labradorite - Ma Peste Ador\u00e9e<\/title>\n<meta name=\"description\" content=\"Galet plat de pierre de labradorite 6x3,5cm : pierre de protection puissance, agit comme un bouclier, prot\u00e8ge celle ou celui qui la porte\" \/>\n<meta name=\"robots\" content=\"index, follow, max-snippet:-1, max-image-preview:large, max-video-preview:-1\" \/>\n<link rel=\"canonical\" href=\"https:\/\/www.mapesteadoree.fr\/boutique\/bijoux\/galet-plat-de-labradorite\/\" \/>\n<meta property=\"og:locale\" content=\"fr_FR\" \/>\n<meta property=\"og:type\" content=\"article\" \/>\n<meta property=\"og:title\" content=\"Galet Plat de Labradorite - Ma Peste Ador\u00e9e\" \/>\n<meta property=\"og:description\" content=\"Galet plat de pierre de labradorite 6x3,5cm : pierre de protection puissance, agit comme un bouclier, prot\u00e8ge celle ou celui qui la porte\" \/>\n<meta property=\"og:url\" content=\"https:\/\/www.mapesteadoree.fr\/boutique\/bijoux\/galet-plat-de-labradorite\/\" \/>\n<meta property=\"og:site_name\" content=\"Ma Peste Ador\u00e9e\" \/>\n<meta property=\"article:modified_time\" content=\"2026-04-23T10:32:33+00:00\" \/>\n<meta property=\"og:image\" content=\"https:\/\/www.mapesteadoree.fr\/boutique\/wp-content\/uploads\/2024\/02\/labradorite-proprietes.jpg\" \/>\n\t<meta property=\"og:image:width\" content=\"1200\" \/>\n\t<meta property=\"og:image:height\" content=\"1200\" \/>\n\t<meta property=\"og:image:type\" content=\"image\/jpeg\" \/>\n<meta name=\"twitter:card\" content=\"summary_large_image\" \/>\n<meta name=\"twitter:label1\" content=\"Dur\u00e9e de lecture estim\u00e9e\" \/>\n\t<meta name=\"twitter:data1\" content=\"2 minutes\" \/>\n<script type=\"application\/ld+json\" class=\"yoast-schema-graph\">{\"@context\":\"https:\\\/\\\/schema.org\",\"@graph\":[{\"@type\":\"WebPage\",\"@id\":\"https:\\\/\\\/www.mapesteadoree.fr\\\/boutique\\\/bijoux\\\/galet-plat-de-labradorite\\\/\",\"url\":\"https:\\\/\\\/www.mapesteadoree.fr\\\/boutique\\\/bijoux\\\/galet-plat-de-labradorite\\\/\",\"name\":\"Galet Plat de Labradorite - Ma Peste Ador\u00e9e\",\"isPartOf\":{\"@id\":\"https:\\\/\\\/www.mapesteadoree.fr\\\/boutique\\\/#website\"},\"primaryImageOfPage\":{\"@id\":\"https:\\\/\\\/www.mapesteadoree.fr\\\/boutique\\\/bijoux\\\/galet-plat-de-labradorite\\\/#primaryimage\"},\"image\":{\"@id\":\"https:\\\/\\\/www.mapesteadoree.fr\\\/boutique\\\/bijoux\\\/galet-plat-de-labradorite\\\/#primaryimage\"},\"thumbnailUrl\":\"https:\\\/\\\/www.mapesteadoree.fr\\\/boutique\\\/wp-content\\\/uploads\\\/2024\\\/02\\\/labradorite-proprietes.jpg\",\"datePublished\":\"2022-11-28T08:33:54+00:00\",\"dateModified\":\"2026-04-23T10:32:33+00:00\",\"description\":\"Galet plat de pierre de labradorite 6x3,5cm : pierre de protection puissance, agit comme un bouclier, prot\u00e8ge celle ou celui qui la porte\",\"breadcrumb\":{\"@id\":\"https:\\\/\\\/www.mapesteadoree.fr\\\/boutique\\\/bijoux\\\/galet-plat-de-labradorite\\\/#breadcrumb\"},\"inLanguage\":\"fr-FR\",\"potentialAction\":[{\"@type\":\"ReadAction\",\"target\":[\"https:\\\/\\\/www.mapesteadoree.fr\\\/boutique\\\/bijoux\\\/galet-plat-de-labradorite\\\/\"]}]},{\"@type\":\"ImageObject\",\"inLanguage\":\"fr-FR\",\"@id\":\"https:\\\/\\\/www.mapesteadoree.fr\\\/boutique\\\/bijoux\\\/galet-plat-de-labradorite\\\/#primaryimage\",\"url\":\"https:\\\/\\\/www.mapesteadoree.fr\\\/boutique\\\/wp-content\\\/uploads\\\/2024\\\/02\\\/labradorite-proprietes.jpg\",\"contentUrl\":\"https:\\\/\\\/www.mapesteadoree.fr\\\/boutique\\\/wp-content\\\/uploads\\\/2024\\\/02\\\/labradorite-proprietes.jpg\",\"width\":1200,\"height\":1200,\"caption\":\"galet plat de labradorite\"},{\"@type\":\"BreadcrumbList\",\"@id\":\"https:\\\/\\\/www.mapesteadoree.fr\\\/boutique\\\/bijoux\\\/galet-plat-de-labradorite\\\/#breadcrumb\",\"itemListElement\":[{\"@type\":\"ListItem\",\"position\":1,\"name\":\"Accueil\",\"item\":\"https:\\\/\\\/www.mapesteadoree.fr\\\/boutique\\\/\"},{\"@type\":\"ListItem\",\"position\":2,\"name\":\"Boutique de bijoux uniques en pierres naturelles\",\"item\":\"https:\\\/\\\/www.mapesteadoree.fr\\\/boutique\\\/\"},{\"@type\":\"ListItem\",\"position\":3,\"name\":\"Galet Plat de Labradorite\"}]},{\"@type\":\"WebSite\",\"@id\":\"https:\\\/\\\/www.mapesteadoree.fr\\\/boutique\\\/#website\",\"url\":\"https:\\\/\\\/www.mapesteadoree.fr\\\/boutique\\\/\",\"name\":\"Ma Peste Ador\u00e9e\",\"description\":\"\",\"publisher\":{\"@id\":\"https:\\\/\\\/www.mapesteadoree.fr\\\/boutique\\\/#organization\"},\"potentialAction\":[{\"@type\":\"SearchAction\",\"target\":{\"@type\":\"EntryPoint\",\"urlTemplate\":\"https:\\\/\\\/www.mapesteadoree.fr\\\/boutique\\\/?s={search_term_string}\"},\"query-input\":{\"@type\":\"PropertyValueSpecification\",\"valueRequired\":true,\"valueName\":\"search_term_string\"}}],\"inLanguage\":\"fr-FR\"},{\"@type\":\"Organization\",\"@id\":\"https:\\\/\\\/www.mapesteadoree.fr\\\/boutique\\\/#organization\",\"name\":\"Ma Peste Ador\u00e9e\",\"url\":\"https:\\\/\\\/www.mapesteadoree.fr\\\/boutique\\\/\",\"logo\":{\"@type\":\"ImageObject\",\"inLanguage\":\"fr-FR\",\"@id\":\"https:\\\/\\\/www.mapesteadoree.fr\\\/boutique\\\/#\\\/schema\\\/logo\\\/image\\\/\",\"url\":\"https:\\\/\\\/www.mapesteadoree.fr\\\/boutique\\\/wp-content\\\/uploads\\\/2024\\\/10\\\/cropped-logo-mpa-2024.png\",\"contentUrl\":\"https:\\\/\\\/www.mapesteadoree.fr\\\/boutique\\\/wp-content\\\/uploads\\\/2024\\\/10\\\/cropped-logo-mpa-2024.png\",\"width\":470,\"height\":110,\"caption\":\"Ma Peste Ador\u00e9e\"},\"image\":{\"@id\":\"https:\\\/\\\/www.mapesteadoree.fr\\\/boutique\\\/#\\\/schema\\\/logo\\\/image\\\/\"}}]}<\/script>\n<!-- \/ Yoast SEO plugin. -->","yoast_head_json":{"title":"Galet Plat de Labradorite - Ma Peste Ador\u00e9e","description":"Galet plat de pierre de labradorite 6x3,5cm : pierre de protection puissance, agit comme un bouclier, prot\u00e8ge celle ou celui qui la porte","robots":{"index":"index","follow":"follow","max-snippet":"max-snippet:-1","max-image-preview":"max-image-preview:large","max-video-preview":"max-video-preview:-1"},"canonical":"https:\/\/www.mapesteadoree.fr\/boutique\/bijoux\/galet-plat-de-labradorite\/","og_locale":"fr_FR","og_type":"article","og_title":"Galet Plat de Labradorite - Ma Peste Ador\u00e9e","og_description":"Galet plat de pierre de labradorite 6x3,5cm : pierre de protection puissance, agit comme un bouclier, prot\u00e8ge celle ou celui qui la porte","og_url":"https:\/\/www.mapesteadoree.fr\/boutique\/bijoux\/galet-plat-de-labradorite\/","og_site_name":"Ma Peste Ador\u00e9e","article_modified_time":"2026-04-23T10:32:33+00:00","og_image":[{"width":1200,"height":1200,"url":"https:\/\/www.mapesteadoree.fr\/boutique\/wp-content\/uploads\/2024\/02\/labradorite-proprietes.jpg","type":"image\/jpeg"}],"twitter_card":"summary_large_image","twitter_misc":{"Dur\u00e9e de lecture estim\u00e9e":"2 minutes"},"schema":{"@context":"https:\/\/schema.org","@graph":[{"@type":"WebPage","@id":"https:\/\/www.mapesteadoree.fr\/boutique\/bijoux\/galet-plat-de-labradorite\/","url":"https:\/\/www.mapesteadoree.fr\/boutique\/bijoux\/galet-plat-de-labradorite\/","name":"Galet Plat de Labradorite - Ma Peste Ador\u00e9e","isPartOf":{"@id":"https:\/\/www.mapesteadoree.fr\/boutique\/#website"},"primaryImageOfPage":{"@id":"https:\/\/www.mapesteadoree.fr\/boutique\/bijoux\/galet-plat-de-labradorite\/#primaryimage"},"image":{"@id":"https:\/\/www.mapesteadoree.fr\/boutique\/bijoux\/galet-plat-de-labradorite\/#primaryimage"},"thumbnailUrl":"https:\/\/www.mapesteadoree.fr\/boutique\/wp-content\/uploads\/2024\/02\/labradorite-proprietes.jpg","datePublished":"2022-11-28T08:33:54+00:00","dateModified":"2026-04-23T10:32:33+00:00","description":"Galet plat de pierre de labradorite 6x3,5cm : pierre de protection puissance, agit comme un bouclier, prot\u00e8ge celle ou celui qui la porte","breadcrumb":{"@id":"https:\/\/www.mapesteadoree.fr\/boutique\/bijoux\/galet-plat-de-labradorite\/#breadcrumb"},"inLanguage":"fr-FR","potentialAction":[{"@type":"ReadAction","target":["https:\/\/www.mapesteadoree.fr\/boutique\/bijoux\/galet-plat-de-labradorite\/"]}]},{"@type":"ImageObject","inLanguage":"fr-FR","@id":"https:\/\/www.mapesteadoree.fr\/boutique\/bijoux\/galet-plat-de-labradorite\/#primaryimage","url":"https:\/\/www.mapesteadoree.fr\/boutique\/wp-content\/uploads\/2024\/02\/labradorite-proprietes.jpg","contentUrl":"https:\/\/www.mapesteadoree.fr\/boutique\/wp-content\/uploads\/2024\/02\/labradorite-proprietes.jpg","width":1200,"height":1200,"caption":"galet plat de labradorite"},{"@type":"BreadcrumbList","@id":"https:\/\/www.mapesteadoree.fr\/boutique\/bijoux\/galet-plat-de-labradorite\/#breadcrumb","itemListElement":[{"@type":"ListItem","position":1,"name":"Accueil","item":"https:\/\/www.mapesteadoree.fr\/boutique\/"},{"@type":"ListItem","position":2,"name":"Boutique de bijoux uniques en pierres naturelles","item":"https:\/\/www.mapesteadoree.fr\/boutique\/"},{"@type":"ListItem","position":3,"name":"Galet Plat de Labradorite"}]},{"@type":"WebSite","@id":"https:\/\/www.mapesteadoree.fr\/boutique\/#website","url":"https:\/\/www.mapesteadoree.fr\/boutique\/","name":"Ma Peste Ador\u00e9e","description":"","publisher":{"@id":"https:\/\/www.mapesteadoree.fr\/boutique\/#organization"},"potentialAction":[{"@type":"SearchAction","target":{"@type":"EntryPoint","urlTemplate":"https:\/\/www.mapesteadoree.fr\/boutique\/?s={search_term_string}"},"query-input":{"@type":"PropertyValueSpecification","valueRequired":true,"valueName":"search_term_string"}}],"inLanguage":"fr-FR"},{"@type":"Organization","@id":"https:\/\/www.mapesteadoree.fr\/boutique\/#organization","name":"Ma Peste Ador\u00e9e","url":"https:\/\/www.mapesteadoree.fr\/boutique\/","logo":{"@type":"ImageObject","inLanguage":"fr-FR","@id":"https:\/\/www.mapesteadoree.fr\/boutique\/#\/schema\/logo\/image\/","url":"https:\/\/www.mapesteadoree.fr\/boutique\/wp-content\/uploads\/2024\/10\/cropped-logo-mpa-2024.png","contentUrl":"https:\/\/www.mapesteadoree.fr\/boutique\/wp-content\/uploads\/2024\/10\/cropped-logo-mpa-2024.png","width":470,"height":110,"caption":"Ma Peste Ador\u00e9e"},"image":{"@id":"https:\/\/www.mapesteadoree.fr\/boutique\/#\/schema\/logo\/image\/"}}]}},"wcpa_form_fields":null,"_links":{"self":[{"href":"https:\/\/www.mapesteadoree.fr\/boutique\/wp-json\/wp\/v2\/product\/49356","targetHints":{"allow":["GET"]}}],"collection":[{"href":"https:\/\/www.mapesteadoree.fr\/boutique\/wp-json\/wp\/v2\/product"}],"about":[{"href":"https:\/\/www.mapesteadoree.fr\/boutique\/wp-json\/wp\/v2\/types\/product"}],"replies":[{"embeddable":true,"href":"https:\/\/www.mapesteadoree.fr\/boutique\/wp-json\/wp\/v2\/comments?post=49356"}],"wp:featuredmedia":[{"embeddable":true,"href":"https:\/\/www.mapesteadoree.fr\/boutique\/wp-json\/wp\/v2\/media\/57740"}],"wp:attachment":[{"href":"https:\/\/www.mapesteadoree.fr\/boutique\/wp-json\/wp\/v2\/media?parent=49356"}],"wp:term":[{"taxonomy":"product_brand","embeddable":true,"href":"https:\/\/www.mapesteadoree.fr\/boutique\/wp-json\/wp\/v2\/product_brand?post=49356"},{"taxonomy":"product_cat","embeddable":true,"href":"https:\/\/www.mapesteadoree.fr\/boutique\/wp-json\/wp\/v2\/product_cat?post=49356"},{"taxonomy":"product_tag","embeddable":true,"href":"https:\/\/www.mapesteadoree.fr\/boutique\/wp-json\/wp\/v2\/product_tag?post=49356"}],"curies":[{"name":"wp","href":"https:\/\/api.w.org\/{rel}","templated":true}]}}