{"id":48481,"date":"2022-06-13T10:29:42","date_gmt":"2022-06-13T08:29:42","guid":{"rendered":"https:\/\/www.mapesteadoree.fr\/boutique\/?post_type=product&#038;p=48481"},"modified":"2025-11-24T21:39:56","modified_gmt":"2025-11-24T20:39:56","slug":"kit-de-pierres-pour-enseignante-ou-enseignant","status":"publish","type":"product","link":"https:\/\/www.mapesteadoree.fr\/boutique\/bijoux\/kit-de-pierres-pour-enseignante-ou-enseignant\/","title":{"rendered":"Kit de Pierres pour Enseignante ou Enseignant"},"content":{"rendered":"<h2>Un kit \u00a0de 3 pierres de lithoth\u00e9rapie pour Ma\u00eetresse ou Ma\u00eetre<\/h2>\n<p>Voici un pochon \u00a0de lithoth\u00e9rapie sp\u00e9cialement cr\u00e9\u00e9 pour les enseignantes et les enseignants, quelque soit le niveau enseign\u00e9 : maternelle, primaire, coll\u00e8ge, lyc\u00e9e, universit\u00e9 &#8230; Ce kit est compos\u00e9 de 3 pierres que j&rsquo;ai s\u00e9lectionn\u00e9 pour leurs bienfaits en lien avec l&rsquo;enseignement.<\/p>\n<p><strong>Si vous avez un cadeau \u00e0 faire pour la fin de l&rsquo;ann\u00e9e scolaire, c&rsquo;est vraiment un pr\u00e9sent original !<\/strong> Une chouette fa\u00e7on de dire merci \u00e0 la ma\u00eetresse ador\u00e9e de votre enfant. \u00a0Si vous faites partie des m\u00e9tiers de l&rsquo;enseignement, pas besoin d&rsquo;attendre qu&rsquo;on vous offre ce kit : vous pouvez vous l&rsquo;offrir vous m\u00eame : )<\/p>\n<p>Les 3 pierres qui composent ce kit sont des cristaux en forme de pointes. Je trouve ces pointes particuli\u00e8rement jolies, <strong>elles trouveront facilement leur place dans une jolie coupelle dans la classe de l&rsquo;enseignante, ou m\u00eame \u00e0 la maison.<\/strong> Elles peuvent \u00e9galement \u00eatre utilis\u00e9es dans un sac, dans une poche&#8230;. afin qu&rsquo;elles d\u00e9ploient toutes leurs \u00e9nergies positives.<\/p>\n<h2>3 pierres naturelles pour les m\u00e9tiers de l&rsquo;enseignement<\/h2>\n<p>Voici les vertus des 3 pierres que j&rsquo;ai choisi pour former ce joli kit :<\/p>\n<ul>\n<li><strong>Aventurine verte :<\/strong> Elle apaise l&rsquo;esprit, calme les irritabilit\u00e9s. Elle \u00e9loigne les pens\u00e9es n\u00e9gatives. Elle rend plus patient et plus pers\u00e9v\u00e9rant. Elle\u00a0apporte de l&rsquo;introspection et du contr\u00f4le de soi. C&rsquo;est une bonne pierre de m\u00e9ditation, associ\u00e9e au quartz rose elle permet de faire un travail complet sur le chakra du coeur \u00e9veillant l&rsquo;amour de soi et des autres.<\/li>\n<li><strong>Quartz rose :<\/strong> c&rsquo;est la pierre de l&rsquo;amour, de la bienveillance, de la compassion et de l&#8217;empathie. Pierre de calme, d&rsquo;apaisement. Elle aide \u00e0 d\u00e9velopper des relations apais\u00e9es avec autrui.<\/li>\n<li><strong>Fluorite :<\/strong> c&rsquo;est la pierre du g\u00e9nie ! Pierre de la concentration, de la discipline. Elle donne de la clart\u00e9 intellectuelle. Elle estompe le d\u00e9sordre et l\u2019instabilit\u00e9. Elle apaise les peurs, diminue le stress, apporte de la s\u00e9r\u00e9nit\u00e9.<\/li>\n<\/ul>\n<p><em>Les pointes de quartz rose et d&rsquo;aventurine verte mesurent 30mm de long, la fluorite 20mm.<\/em><\/p>\n<h3>Un cadeau de fin d&rsquo;ann\u00e9e original, pr\u00eat \u00e0 offrir !<\/h3>\n<p>Ce kit est livr\u00e9 dans un pochon en coton naturel, permettant ainsi de transporter facilement les pierres. Il est accompagn\u00e9 d&rsquo;un livret en papier pli\u00e9 en 2, qui reprend les pierres utilis\u00e9es ainsi que leurs bienfaits (voir photos dans la galerie)<\/p>\n<p>Ce kit est livr\u00e9 emball\u00e9 dans une pochette cadeau, et vous pouvez m\u00eame personnalis\u00e9 l&rsquo;\u00e9tiquette coll\u00e9e sur l&#8217;emballage. (voir plus bas : vous pouvez remplir vous m\u00eame le champ pour \u00e9crire le texte de l&rsquo;\u00e9tiquette (100 caract\u00e8res max)<\/p>\n<p>Sur la boutique, vous trouverez \u00e9galement un bracelet en pierres fines sp\u00e9cial m\u00e9tier de l&rsquo;enseignement, <a href=\"https:\/\/www.mapesteadoree.fr\/boutique\/bijoux\/bracelet-metier-enfants-ecole\/\">une autre id\u00e9e de cadeau pour une super maitresse qui a assur\u00e9 toute l&rsquo;ann\u00e9e<\/a> : )<\/p>\n<p>&nbsp;<\/p>\n<p>&nbsp;<\/p>\n<p>&nbsp;<\/p>\n<p>&nbsp;<\/p>\n","protected":false},"excerpt":{"rendered":"<p><strong>Kit Lithoth\u00e9rapie sp\u00e9cial Enseignante ou Enseignant, compos\u00e9 de 3 cristaux en forme de pointe<\/strong> : quartz rose, aventurine verte et fluorite. Kit livr\u00e9 dans un pochon en coton naturel, avec livret d&rsquo;explications des pierres et pochette cadeau. Etiquette avec petit mot \u00e0 personnaliser : )<\/p>\n","protected":false},"featured_media":57758,"comment_status":"open","ping_status":"closed","template":"","meta":[],"product_brand":[],"product_cat":[1998,1997],"product_tag":[2077],"class_list":{"0":"post-48481","1":"product","2":"type-product","3":"status-publish","4":"has-post-thumbnail","6":"product_cat-kits-lithotherapie","7":"product_cat-mineraux","8":"product_tag-school","9":"wcpa_has_options","11":"first","12":"instock","13":"shipping-taxable","14":"purchasable","15":"product-type-simple"},"acf":[],"yoast_head":"<!-- This site is optimized with the Yoast SEO plugin v27.4 - https:\/\/yoast.com\/product\/yoast-seo-wordpress\/ -->\n<title>Kit de Pierres pour Enseignante ou Enseignant - Ma Peste Ador\u00e9e<\/title>\n<meta name=\"description\" content=\"Kit lithoth\u00e9rapie compos\u00e9 de 3 pierres naturelles : quartz rose, aventurine et fluorite. Une id\u00e9e cadeau pour maitresse ou maitre.\" \/>\n<meta name=\"robots\" content=\"index, follow, max-snippet:-1, max-image-preview:large, max-video-preview:-1\" \/>\n<link rel=\"canonical\" href=\"https:\/\/www.mapesteadoree.fr\/boutique\/bijoux\/kit-de-pierres-pour-enseignante-ou-enseignant\/\" \/>\n<meta property=\"og:locale\" content=\"fr_FR\" \/>\n<meta property=\"og:type\" content=\"article\" \/>\n<meta property=\"og:title\" content=\"Kit de Pierres pour Enseignante ou Enseignant - Ma Peste Ador\u00e9e\" \/>\n<meta property=\"og:description\" content=\"Kit lithoth\u00e9rapie compos\u00e9 de 3 pierres naturelles : quartz rose, aventurine et fluorite. Une id\u00e9e cadeau pour maitresse ou maitre.\" \/>\n<meta property=\"og:url\" content=\"https:\/\/www.mapesteadoree.fr\/boutique\/bijoux\/kit-de-pierres-pour-enseignante-ou-enseignant\/\" \/>\n<meta property=\"og:site_name\" content=\"Ma Peste Ador\u00e9e\" \/>\n<meta property=\"article:modified_time\" content=\"2025-11-24T20:39:56+00:00\" \/>\n<meta property=\"og:image\" content=\"https:\/\/www.mapesteadoree.fr\/boutique\/wp-content\/uploads\/2022\/06\/IDEE-CADEAU-FIN-ANNEE-SCOLAIRE-768x768-1.jpg\" \/>\n\t<meta property=\"og:image:width\" content=\"768\" \/>\n\t<meta property=\"og:image:height\" content=\"768\" \/>\n\t<meta property=\"og:image:type\" content=\"image\/jpeg\" \/>\n<meta name=\"twitter:card\" content=\"summary_large_image\" \/>\n<meta name=\"twitter:label1\" content=\"Dur\u00e9e de lecture estim\u00e9e\" \/>\n\t<meta name=\"twitter:data1\" content=\"3 minutes\" \/>\n<script type=\"application\/ld+json\" class=\"yoast-schema-graph\">{\"@context\":\"https:\\\/\\\/schema.org\",\"@graph\":[{\"@type\":\"WebPage\",\"@id\":\"https:\\\/\\\/www.mapesteadoree.fr\\\/boutique\\\/bijoux\\\/kit-de-pierres-pour-enseignante-ou-enseignant\\\/\",\"url\":\"https:\\\/\\\/www.mapesteadoree.fr\\\/boutique\\\/bijoux\\\/kit-de-pierres-pour-enseignante-ou-enseignant\\\/\",\"name\":\"Kit de Pierres pour Enseignante ou Enseignant - Ma Peste Ador\u00e9e\",\"isPartOf\":{\"@id\":\"https:\\\/\\\/www.mapesteadoree.fr\\\/boutique\\\/#website\"},\"primaryImageOfPage\":{\"@id\":\"https:\\\/\\\/www.mapesteadoree.fr\\\/boutique\\\/bijoux\\\/kit-de-pierres-pour-enseignante-ou-enseignant\\\/#primaryimage\"},\"image\":{\"@id\":\"https:\\\/\\\/www.mapesteadoree.fr\\\/boutique\\\/bijoux\\\/kit-de-pierres-pour-enseignante-ou-enseignant\\\/#primaryimage\"},\"thumbnailUrl\":\"https:\\\/\\\/www.mapesteadoree.fr\\\/boutique\\\/wp-content\\\/uploads\\\/2022\\\/06\\\/IDEE-CADEAU-FIN-ANNEE-SCOLAIRE-768x768-1.jpg\",\"datePublished\":\"2022-06-13T08:29:42+00:00\",\"dateModified\":\"2025-11-24T20:39:56+00:00\",\"description\":\"Kit lithoth\u00e9rapie compos\u00e9 de 3 pierres naturelles : quartz rose, aventurine et fluorite. Une id\u00e9e cadeau pour maitresse ou maitre.\",\"breadcrumb\":{\"@id\":\"https:\\\/\\\/www.mapesteadoree.fr\\\/boutique\\\/bijoux\\\/kit-de-pierres-pour-enseignante-ou-enseignant\\\/#breadcrumb\"},\"inLanguage\":\"fr-FR\",\"potentialAction\":[{\"@type\":\"ReadAction\",\"target\":[\"https:\\\/\\\/www.mapesteadoree.fr\\\/boutique\\\/bijoux\\\/kit-de-pierres-pour-enseignante-ou-enseignant\\\/\"]}]},{\"@type\":\"ImageObject\",\"inLanguage\":\"fr-FR\",\"@id\":\"https:\\\/\\\/www.mapesteadoree.fr\\\/boutique\\\/bijoux\\\/kit-de-pierres-pour-enseignante-ou-enseignant\\\/#primaryimage\",\"url\":\"https:\\\/\\\/www.mapesteadoree.fr\\\/boutique\\\/wp-content\\\/uploads\\\/2022\\\/06\\\/IDEE-CADEAU-FIN-ANNEE-SCOLAIRE-768x768-1.jpg\",\"contentUrl\":\"https:\\\/\\\/www.mapesteadoree.fr\\\/boutique\\\/wp-content\\\/uploads\\\/2022\\\/06\\\/IDEE-CADEAU-FIN-ANNEE-SCOLAIRE-768x768-1.jpg\",\"width\":768,\"height\":768,\"caption\":\"Kit de pierres pour enseignant\"},{\"@type\":\"BreadcrumbList\",\"@id\":\"https:\\\/\\\/www.mapesteadoree.fr\\\/boutique\\\/bijoux\\\/kit-de-pierres-pour-enseignante-ou-enseignant\\\/#breadcrumb\",\"itemListElement\":[{\"@type\":\"ListItem\",\"position\":1,\"name\":\"Accueil\",\"item\":\"https:\\\/\\\/www.mapesteadoree.fr\\\/boutique\\\/\"},{\"@type\":\"ListItem\",\"position\":2,\"name\":\"Boutique de bijoux uniques en pierres naturelles\",\"item\":\"https:\\\/\\\/www.mapesteadoree.fr\\\/boutique\\\/\"},{\"@type\":\"ListItem\",\"position\":3,\"name\":\"Kit de Pierres pour Enseignante ou Enseignant\"}]},{\"@type\":\"WebSite\",\"@id\":\"https:\\\/\\\/www.mapesteadoree.fr\\\/boutique\\\/#website\",\"url\":\"https:\\\/\\\/www.mapesteadoree.fr\\\/boutique\\\/\",\"name\":\"Ma Peste Ador\u00e9e\",\"description\":\"\",\"publisher\":{\"@id\":\"https:\\\/\\\/www.mapesteadoree.fr\\\/boutique\\\/#organization\"},\"potentialAction\":[{\"@type\":\"SearchAction\",\"target\":{\"@type\":\"EntryPoint\",\"urlTemplate\":\"https:\\\/\\\/www.mapesteadoree.fr\\\/boutique\\\/?s={search_term_string}\"},\"query-input\":{\"@type\":\"PropertyValueSpecification\",\"valueRequired\":true,\"valueName\":\"search_term_string\"}}],\"inLanguage\":\"fr-FR\"},{\"@type\":\"Organization\",\"@id\":\"https:\\\/\\\/www.mapesteadoree.fr\\\/boutique\\\/#organization\",\"name\":\"Ma Peste Ador\u00e9e\",\"url\":\"https:\\\/\\\/www.mapesteadoree.fr\\\/boutique\\\/\",\"logo\":{\"@type\":\"ImageObject\",\"inLanguage\":\"fr-FR\",\"@id\":\"https:\\\/\\\/www.mapesteadoree.fr\\\/boutique\\\/#\\\/schema\\\/logo\\\/image\\\/\",\"url\":\"https:\\\/\\\/www.mapesteadoree.fr\\\/boutique\\\/wp-content\\\/uploads\\\/2024\\\/10\\\/cropped-logo-mpa-2024.png\",\"contentUrl\":\"https:\\\/\\\/www.mapesteadoree.fr\\\/boutique\\\/wp-content\\\/uploads\\\/2024\\\/10\\\/cropped-logo-mpa-2024.png\",\"width\":470,\"height\":110,\"caption\":\"Ma Peste Ador\u00e9e\"},\"image\":{\"@id\":\"https:\\\/\\\/www.mapesteadoree.fr\\\/boutique\\\/#\\\/schema\\\/logo\\\/image\\\/\"}}]}<\/script>\n<!-- \/ Yoast SEO plugin. -->","yoast_head_json":{"title":"Kit de Pierres pour Enseignante ou Enseignant - Ma Peste Ador\u00e9e","description":"Kit lithoth\u00e9rapie compos\u00e9 de 3 pierres naturelles : quartz rose, aventurine et fluorite. Une id\u00e9e cadeau pour maitresse ou maitre.","robots":{"index":"index","follow":"follow","max-snippet":"max-snippet:-1","max-image-preview":"max-image-preview:large","max-video-preview":"max-video-preview:-1"},"canonical":"https:\/\/www.mapesteadoree.fr\/boutique\/bijoux\/kit-de-pierres-pour-enseignante-ou-enseignant\/","og_locale":"fr_FR","og_type":"article","og_title":"Kit de Pierres pour Enseignante ou Enseignant - Ma Peste Ador\u00e9e","og_description":"Kit lithoth\u00e9rapie compos\u00e9 de 3 pierres naturelles : quartz rose, aventurine et fluorite. Une id\u00e9e cadeau pour maitresse ou maitre.","og_url":"https:\/\/www.mapesteadoree.fr\/boutique\/bijoux\/kit-de-pierres-pour-enseignante-ou-enseignant\/","og_site_name":"Ma Peste Ador\u00e9e","article_modified_time":"2025-11-24T20:39:56+00:00","og_image":[{"width":768,"height":768,"url":"https:\/\/www.mapesteadoree.fr\/boutique\/wp-content\/uploads\/2022\/06\/IDEE-CADEAU-FIN-ANNEE-SCOLAIRE-768x768-1.jpg","type":"image\/jpeg"}],"twitter_card":"summary_large_image","twitter_misc":{"Dur\u00e9e de lecture estim\u00e9e":"3 minutes"},"schema":{"@context":"https:\/\/schema.org","@graph":[{"@type":"WebPage","@id":"https:\/\/www.mapesteadoree.fr\/boutique\/bijoux\/kit-de-pierres-pour-enseignante-ou-enseignant\/","url":"https:\/\/www.mapesteadoree.fr\/boutique\/bijoux\/kit-de-pierres-pour-enseignante-ou-enseignant\/","name":"Kit de Pierres pour Enseignante ou Enseignant - Ma Peste Ador\u00e9e","isPartOf":{"@id":"https:\/\/www.mapesteadoree.fr\/boutique\/#website"},"primaryImageOfPage":{"@id":"https:\/\/www.mapesteadoree.fr\/boutique\/bijoux\/kit-de-pierres-pour-enseignante-ou-enseignant\/#primaryimage"},"image":{"@id":"https:\/\/www.mapesteadoree.fr\/boutique\/bijoux\/kit-de-pierres-pour-enseignante-ou-enseignant\/#primaryimage"},"thumbnailUrl":"https:\/\/www.mapesteadoree.fr\/boutique\/wp-content\/uploads\/2022\/06\/IDEE-CADEAU-FIN-ANNEE-SCOLAIRE-768x768-1.jpg","datePublished":"2022-06-13T08:29:42+00:00","dateModified":"2025-11-24T20:39:56+00:00","description":"Kit lithoth\u00e9rapie compos\u00e9 de 3 pierres naturelles : quartz rose, aventurine et fluorite. Une id\u00e9e cadeau pour maitresse ou maitre.","breadcrumb":{"@id":"https:\/\/www.mapesteadoree.fr\/boutique\/bijoux\/kit-de-pierres-pour-enseignante-ou-enseignant\/#breadcrumb"},"inLanguage":"fr-FR","potentialAction":[{"@type":"ReadAction","target":["https:\/\/www.mapesteadoree.fr\/boutique\/bijoux\/kit-de-pierres-pour-enseignante-ou-enseignant\/"]}]},{"@type":"ImageObject","inLanguage":"fr-FR","@id":"https:\/\/www.mapesteadoree.fr\/boutique\/bijoux\/kit-de-pierres-pour-enseignante-ou-enseignant\/#primaryimage","url":"https:\/\/www.mapesteadoree.fr\/boutique\/wp-content\/uploads\/2022\/06\/IDEE-CADEAU-FIN-ANNEE-SCOLAIRE-768x768-1.jpg","contentUrl":"https:\/\/www.mapesteadoree.fr\/boutique\/wp-content\/uploads\/2022\/06\/IDEE-CADEAU-FIN-ANNEE-SCOLAIRE-768x768-1.jpg","width":768,"height":768,"caption":"Kit de pierres pour enseignant"},{"@type":"BreadcrumbList","@id":"https:\/\/www.mapesteadoree.fr\/boutique\/bijoux\/kit-de-pierres-pour-enseignante-ou-enseignant\/#breadcrumb","itemListElement":[{"@type":"ListItem","position":1,"name":"Accueil","item":"https:\/\/www.mapesteadoree.fr\/boutique\/"},{"@type":"ListItem","position":2,"name":"Boutique de bijoux uniques en pierres naturelles","item":"https:\/\/www.mapesteadoree.fr\/boutique\/"},{"@type":"ListItem","position":3,"name":"Kit de Pierres pour Enseignante ou Enseignant"}]},{"@type":"WebSite","@id":"https:\/\/www.mapesteadoree.fr\/boutique\/#website","url":"https:\/\/www.mapesteadoree.fr\/boutique\/","name":"Ma Peste Ador\u00e9e","description":"","publisher":{"@id":"https:\/\/www.mapesteadoree.fr\/boutique\/#organization"},"potentialAction":[{"@type":"SearchAction","target":{"@type":"EntryPoint","urlTemplate":"https:\/\/www.mapesteadoree.fr\/boutique\/?s={search_term_string}"},"query-input":{"@type":"PropertyValueSpecification","valueRequired":true,"valueName":"search_term_string"}}],"inLanguage":"fr-FR"},{"@type":"Organization","@id":"https:\/\/www.mapesteadoree.fr\/boutique\/#organization","name":"Ma Peste Ador\u00e9e","url":"https:\/\/www.mapesteadoree.fr\/boutique\/","logo":{"@type":"ImageObject","inLanguage":"fr-FR","@id":"https:\/\/www.mapesteadoree.fr\/boutique\/#\/schema\/logo\/image\/","url":"https:\/\/www.mapesteadoree.fr\/boutique\/wp-content\/uploads\/2024\/10\/cropped-logo-mpa-2024.png","contentUrl":"https:\/\/www.mapesteadoree.fr\/boutique\/wp-content\/uploads\/2024\/10\/cropped-logo-mpa-2024.png","width":470,"height":110,"caption":"Ma Peste Ador\u00e9e"},"image":{"@id":"https:\/\/www.mapesteadoree.fr\/boutique\/#\/schema\/logo\/image\/"}}]}},"wcpa_form_fields":{"wcpaData":{"product":{"product_price":9.9,"price_html":"<span class=\"woocommerce-Price-amount amount\"><bdi>9,90&nbsp;<span class=\"woocommerce-Price-currencySymbol\">&euro;<\/span><\/bdi><\/span>","original_product_price":9.9,"price_including_tax":9.9,"price_excluding_tax":9.9,"product_id":{"parent":48481,"variation":false},"is_variable":false,"stock_status":"instock","stock_quantity":1,"parent_sku":"","product_attributes":[],"custom_fields":[],"is_taxable":false,"product_name":"Kit de Pierres pour Enseignante ou Enseignant","hasImage":false},"fields":{"sec_069e18df00c1fa":{"extra":{"key":"sec_069e18df00c1fa","section_id":"sec_069e18df00c1fa","name":"Default","status":1,"cl_rule":"show","enableCl":false,"relations":[],"toggle":true,"title_tag":"h3","show_title":false,"showPrice":"default","form_id":48480,"form_rules":{"exclude_from_discount":false,"fee_label":"Fee","disp_hide_options_price":false,"disp_show_section_price":false,"disp_show_field_price":true,"layout_option":"standard","pric_use_as_fee":false,"process_fee_as":"woo_fee"},"layout_option":"standard"},"fields":[[{"type":"textarea","required":true,"elementId":"wcpa-textarea-62a6ed97a25d2","label":"Texte \u00e9tiquette cadeau","description":"par ex. \"Merci Ma\u00eetresse pour cette super ann\u00e9e, de la part de Louis\"","pricingType":"fixed","name":"textarea-62a6ed97a25e4","maxlength":"100","mapToCheckoutFieldParent":"billing","mapToCheckoutField":"billing_first_name","cl_rule":"show","col":6,"relations":false,"active":true,"tooltip":"","gt_translate_keys":["label","description","tooltip"],"price_dependency":false,"cl_dependency":false,"value":""}]]}},"config":{"price_override":"","enable_recaptcha":false,"bind_quantity":false,"quantity_bind_formula":false,"disp_summ_show_option_price":true,"disp_summ_show_product_price":true,"disp_summ_show_total_price":true,"disp_summ_show_fee":false,"disp_summ_show_discount":false,"summary_title":"","options_total_label":"Prix des options","total_label":"Total","options_product_label":"Prix du bijou","fee_label":"Fee","discount_label":"Discount","has_price":true,"has_quantity_formula":false},"mc_unit":1,"tax_rate":1,"tax_rate_real":1,"discount":{"percentage":0,"fixed":0},"design":{"conf":{"LabelPosition":"above","DescPosition":"above","UploadField":"custom_1","QuantityFieldStyle":"default"},"css":{"LeftLabelWidth":"120px"}},"formulas":[],"lookuptables":[],"clones":false,"cartKey":false}},"_links":{"self":[{"href":"https:\/\/www.mapesteadoree.fr\/boutique\/wp-json\/wp\/v2\/product\/48481","targetHints":{"allow":["GET"]}}],"collection":[{"href":"https:\/\/www.mapesteadoree.fr\/boutique\/wp-json\/wp\/v2\/product"}],"about":[{"href":"https:\/\/www.mapesteadoree.fr\/boutique\/wp-json\/wp\/v2\/types\/product"}],"replies":[{"embeddable":true,"href":"https:\/\/www.mapesteadoree.fr\/boutique\/wp-json\/wp\/v2\/comments?post=48481"}],"wp:featuredmedia":[{"embeddable":true,"href":"https:\/\/www.mapesteadoree.fr\/boutique\/wp-json\/wp\/v2\/media\/57758"}],"wp:attachment":[{"href":"https:\/\/www.mapesteadoree.fr\/boutique\/wp-json\/wp\/v2\/media?parent=48481"}],"wp:term":[{"taxonomy":"product_brand","embeddable":true,"href":"https:\/\/www.mapesteadoree.fr\/boutique\/wp-json\/wp\/v2\/product_brand?post=48481"},{"taxonomy":"product_cat","embeddable":true,"href":"https:\/\/www.mapesteadoree.fr\/boutique\/wp-json\/wp\/v2\/product_cat?post=48481"},{"taxonomy":"product_tag","embeddable":true,"href":"https:\/\/www.mapesteadoree.fr\/boutique\/wp-json\/wp\/v2\/product_tag?post=48481"}],"curies":[{"name":"wp","href":"https:\/\/api.w.org\/{rel}","templated":true}]}}