{"id":47897,"date":"2022-02-04T16:03:30","date_gmt":"2022-02-04T15:03:30","guid":{"rendered":"https:\/\/www.mapesteadoree.fr\/boutique\/?post_type=product&#038;p=47897"},"modified":"2025-12-31T15:01:47","modified_gmt":"2025-12-31T14:01:47","slug":"forfait-reparation-bracelet","status":"publish","type":"product","link":"https:\/\/www.mapesteadoree.fr\/boutique\/bijoux\/forfait-reparation-bracelet\/","title":{"rendered":"Forfait R\u00e9paration Bracelet"},"content":{"rendered":"<p>Votre bracelet est de la mauvaise taille : trop petit ou trop grand, ou alors il est cass\u00e9. Vous ne vous sentez pas de vous en occuper vous m\u00eame : pas de stress je m&rsquo;occupe de tout ! Votre bracelet sera bient\u00f4t \u00e0 la taille parfaite et comme neuf : ) En achetant cette fiche produit, vous pouvez m&rsquo;exp\u00e9dier votre bracelet \u00e9lastique en pierres naturelles (exclusivement Ma Peste Ador\u00e9e). D\u00e8s r\u00e9ception, je m&rsquo;occupe de l&rsquo;ajuster ou de le r\u00e9parer.<\/p>\n<h2>Forfait pour faire agrandir, raccourcir ou r\u00e9parer votre bracelet<\/h2>\n<p>Ce forfait comprend :<\/p>\n<ul>\n<li>la reprise du bracelet : agrandissement, r\u00e9tr\u00e9cissement ou r\u00e9paration selon la taille de poignet que vous m&rsquo;indiquerez.<\/li>\n<li>les perles \u00e0 ajouter si besoin sont incluses dans le prix (6 ou 8mm)<\/li>\n<li>le replacement \u00a0des m\u00e9dailles, breloques ou pompon, \u00a0et m\u00eame nouveau liberty si besoin (selon stock disponible)<\/li>\n<\/ul>\n<p><strong>Pour commander ce forfait, laissez moi bien en commentaire vos instructions (ce qu&rsquo;il faut faire et la taille d\u00e9sir\u00e9e (le mieux : le tour de poignet pr\u00e9cis)<\/strong> L&rsquo;adresse pour m&rsquo;envoyer votre bracelet en r\u00e9paration vous sera communiqu\u00e9e d\u00e8s que la commande sera pass\u00e9e.<\/p>\n","protected":false},"excerpt":{"rendered":"<p>Forfait de r\u00e9paration de bracelet \u00e9lastique en pierres naturelles de diam\u00e8tre 6 ou 8 mm. Vous m&rsquo;envoyez le bracelet \u00e0 r\u00e9parer, agrandir ou r\u00e9tr\u00e9cir, vous m&rsquo;indiquez la taille du poignet pr\u00e9cise et je m&rsquo;occupe de tout. <strong>Uniquement pour les bracelets Ma Peste Ador\u00e9e.<\/strong><\/p>\n","protected":false},"featured_media":55001,"comment_status":"open","ping_status":"closed","template":"","meta":[],"product_brand":[],"product_cat":[31],"product_tag":[],"class_list":{"0":"post-47897","1":"product","2":"type-product","3":"status-publish","4":"has-post-thumbnail","6":"product_cat-materiel-sav","7":"wcpa_has_options","9":"first","10":"instock","11":"shipping-taxable","12":"purchasable","13":"product-type-simple"},"acf":[],"yoast_head":"<!-- This site is optimized with the Yoast SEO plugin v27.5 - https:\/\/yoast.com\/product\/yoast-seo-wordpress\/ -->\n<title>Forfait de r\u00e9paration pour bracelet \u00e9lastique en pierres<\/title>\n<meta name=\"description\" content=\"Forfait de r\u00e9paration pour r\u00e9parer, raccourcir ou agrandir un bracelet \u00e9lastique Ma Peste Ador\u00e9e r\u00e9alis\u00e9 avec des perles naturelles de diam\u00e8tre 6mm\" \/>\n<meta name=\"robots\" content=\"index, follow, max-snippet:-1, max-image-preview:large, max-video-preview:-1\" \/>\n<link rel=\"canonical\" href=\"https:\/\/www.mapesteadoree.fr\/boutique\/bijoux\/forfait-reparation-bracelet\/\" \/>\n<meta property=\"og:locale\" content=\"fr_FR\" \/>\n<meta property=\"og:type\" content=\"article\" \/>\n<meta property=\"og:title\" content=\"Forfait de r\u00e9paration pour bracelet \u00e9lastique en pierres\" \/>\n<meta property=\"og:description\" content=\"Forfait de r\u00e9paration pour r\u00e9parer, raccourcir ou agrandir un bracelet \u00e9lastique Ma Peste Ador\u00e9e r\u00e9alis\u00e9 avec des perles naturelles de diam\u00e8tre 6mm\" \/>\n<meta property=\"og:url\" content=\"https:\/\/www.mapesteadoree.fr\/boutique\/bijoux\/forfait-reparation-bracelet\/\" \/>\n<meta property=\"og:site_name\" content=\"Ma Peste Ador\u00e9e\" \/>\n<meta property=\"article:modified_time\" content=\"2025-12-31T14:01:47+00:00\" \/>\n<meta property=\"og:image\" content=\"https:\/\/www.mapesteadoree.fr\/boutique\/wp-content\/uploads\/2022\/02\/forfait-reparation-1.jpg\" \/>\n\t<meta property=\"og:image:width\" content=\"1500\" \/>\n\t<meta property=\"og:image:height\" content=\"1500\" \/>\n\t<meta property=\"og:image:type\" content=\"image\/jpeg\" \/>\n<meta name=\"twitter:card\" content=\"summary_large_image\" \/>\n<meta name=\"twitter:label1\" content=\"Dur\u00e9e de lecture estim\u00e9e\" \/>\n\t<meta name=\"twitter:data1\" content=\"1 minute\" \/>\n<script type=\"application\/ld+json\" class=\"yoast-schema-graph\">{\"@context\":\"https:\\\/\\\/schema.org\",\"@graph\":[{\"@type\":\"WebPage\",\"@id\":\"https:\\\/\\\/www.mapesteadoree.fr\\\/boutique\\\/bijoux\\\/forfait-reparation-bracelet\\\/\",\"url\":\"https:\\\/\\\/www.mapesteadoree.fr\\\/boutique\\\/bijoux\\\/forfait-reparation-bracelet\\\/\",\"name\":\"Forfait de r\u00e9paration pour bracelet \u00e9lastique en pierres\",\"isPartOf\":{\"@id\":\"https:\\\/\\\/www.mapesteadoree.fr\\\/boutique\\\/#website\"},\"primaryImageOfPage\":{\"@id\":\"https:\\\/\\\/www.mapesteadoree.fr\\\/boutique\\\/bijoux\\\/forfait-reparation-bracelet\\\/#primaryimage\"},\"image\":{\"@id\":\"https:\\\/\\\/www.mapesteadoree.fr\\\/boutique\\\/bijoux\\\/forfait-reparation-bracelet\\\/#primaryimage\"},\"thumbnailUrl\":\"https:\\\/\\\/www.mapesteadoree.fr\\\/boutique\\\/wp-content\\\/uploads\\\/2022\\\/02\\\/forfait-reparation-1.jpg\",\"datePublished\":\"2022-02-04T15:03:30+00:00\",\"dateModified\":\"2025-12-31T14:01:47+00:00\",\"description\":\"Forfait de r\u00e9paration pour r\u00e9parer, raccourcir ou agrandir un bracelet \u00e9lastique Ma Peste Ador\u00e9e r\u00e9alis\u00e9 avec des perles naturelles de diam\u00e8tre 6mm\",\"breadcrumb\":{\"@id\":\"https:\\\/\\\/www.mapesteadoree.fr\\\/boutique\\\/bijoux\\\/forfait-reparation-bracelet\\\/#breadcrumb\"},\"inLanguage\":\"fr-FR\",\"potentialAction\":[{\"@type\":\"ReadAction\",\"target\":[\"https:\\\/\\\/www.mapesteadoree.fr\\\/boutique\\\/bijoux\\\/forfait-reparation-bracelet\\\/\"]}]},{\"@type\":\"ImageObject\",\"inLanguage\":\"fr-FR\",\"@id\":\"https:\\\/\\\/www.mapesteadoree.fr\\\/boutique\\\/bijoux\\\/forfait-reparation-bracelet\\\/#primaryimage\",\"url\":\"https:\\\/\\\/www.mapesteadoree.fr\\\/boutique\\\/wp-content\\\/uploads\\\/2022\\\/02\\\/forfait-reparation-1.jpg\",\"contentUrl\":\"https:\\\/\\\/www.mapesteadoree.fr\\\/boutique\\\/wp-content\\\/uploads\\\/2022\\\/02\\\/forfait-reparation-1.jpg\",\"width\":1500,\"height\":1500,\"caption\":\"En cas de casse ou tout autre probl\u00e8me, envoyez moi votre bracelet en r\u00e9paration\"},{\"@type\":\"BreadcrumbList\",\"@id\":\"https:\\\/\\\/www.mapesteadoree.fr\\\/boutique\\\/bijoux\\\/forfait-reparation-bracelet\\\/#breadcrumb\",\"itemListElement\":[{\"@type\":\"ListItem\",\"position\":1,\"name\":\"Accueil\",\"item\":\"https:\\\/\\\/www.mapesteadoree.fr\\\/boutique\\\/\"},{\"@type\":\"ListItem\",\"position\":2,\"name\":\"Boutique de bijoux uniques en pierres naturelles\",\"item\":\"https:\\\/\\\/www.mapesteadoree.fr\\\/boutique\\\/\"},{\"@type\":\"ListItem\",\"position\":3,\"name\":\"Forfait R\u00e9paration Bracelet\"}]},{\"@type\":\"WebSite\",\"@id\":\"https:\\\/\\\/www.mapesteadoree.fr\\\/boutique\\\/#website\",\"url\":\"https:\\\/\\\/www.mapesteadoree.fr\\\/boutique\\\/\",\"name\":\"Ma Peste Ador\u00e9e\",\"description\":\"\",\"publisher\":{\"@id\":\"https:\\\/\\\/www.mapesteadoree.fr\\\/boutique\\\/#organization\"},\"potentialAction\":[{\"@type\":\"SearchAction\",\"target\":{\"@type\":\"EntryPoint\",\"urlTemplate\":\"https:\\\/\\\/www.mapesteadoree.fr\\\/boutique\\\/?s={search_term_string}\"},\"query-input\":{\"@type\":\"PropertyValueSpecification\",\"valueRequired\":true,\"valueName\":\"search_term_string\"}}],\"inLanguage\":\"fr-FR\"},{\"@type\":\"Organization\",\"@id\":\"https:\\\/\\\/www.mapesteadoree.fr\\\/boutique\\\/#organization\",\"name\":\"Ma Peste Ador\u00e9e\",\"url\":\"https:\\\/\\\/www.mapesteadoree.fr\\\/boutique\\\/\",\"logo\":{\"@type\":\"ImageObject\",\"inLanguage\":\"fr-FR\",\"@id\":\"https:\\\/\\\/www.mapesteadoree.fr\\\/boutique\\\/#\\\/schema\\\/logo\\\/image\\\/\",\"url\":\"https:\\\/\\\/www.mapesteadoree.fr\\\/boutique\\\/wp-content\\\/uploads\\\/2024\\\/10\\\/cropped-logo-mpa-2024.png\",\"contentUrl\":\"https:\\\/\\\/www.mapesteadoree.fr\\\/boutique\\\/wp-content\\\/uploads\\\/2024\\\/10\\\/cropped-logo-mpa-2024.png\",\"width\":470,\"height\":110,\"caption\":\"Ma Peste Ador\u00e9e\"},\"image\":{\"@id\":\"https:\\\/\\\/www.mapesteadoree.fr\\\/boutique\\\/#\\\/schema\\\/logo\\\/image\\\/\"}}]}<\/script>\n<!-- \/ Yoast SEO plugin. -->","yoast_head_json":{"title":"Forfait de r\u00e9paration pour bracelet \u00e9lastique en pierres","description":"Forfait de r\u00e9paration pour r\u00e9parer, raccourcir ou agrandir un bracelet \u00e9lastique Ma Peste Ador\u00e9e r\u00e9alis\u00e9 avec des perles naturelles de diam\u00e8tre 6mm","robots":{"index":"index","follow":"follow","max-snippet":"max-snippet:-1","max-image-preview":"max-image-preview:large","max-video-preview":"max-video-preview:-1"},"canonical":"https:\/\/www.mapesteadoree.fr\/boutique\/bijoux\/forfait-reparation-bracelet\/","og_locale":"fr_FR","og_type":"article","og_title":"Forfait de r\u00e9paration pour bracelet \u00e9lastique en pierres","og_description":"Forfait de r\u00e9paration pour r\u00e9parer, raccourcir ou agrandir un bracelet \u00e9lastique Ma Peste Ador\u00e9e r\u00e9alis\u00e9 avec des perles naturelles de diam\u00e8tre 6mm","og_url":"https:\/\/www.mapesteadoree.fr\/boutique\/bijoux\/forfait-reparation-bracelet\/","og_site_name":"Ma Peste Ador\u00e9e","article_modified_time":"2025-12-31T14:01:47+00:00","og_image":[{"width":1500,"height":1500,"url":"https:\/\/www.mapesteadoree.fr\/boutique\/wp-content\/uploads\/2022\/02\/forfait-reparation-1.jpg","type":"image\/jpeg"}],"twitter_card":"summary_large_image","twitter_misc":{"Dur\u00e9e de lecture estim\u00e9e":"1 minute"},"schema":{"@context":"https:\/\/schema.org","@graph":[{"@type":"WebPage","@id":"https:\/\/www.mapesteadoree.fr\/boutique\/bijoux\/forfait-reparation-bracelet\/","url":"https:\/\/www.mapesteadoree.fr\/boutique\/bijoux\/forfait-reparation-bracelet\/","name":"Forfait de r\u00e9paration pour bracelet \u00e9lastique en pierres","isPartOf":{"@id":"https:\/\/www.mapesteadoree.fr\/boutique\/#website"},"primaryImageOfPage":{"@id":"https:\/\/www.mapesteadoree.fr\/boutique\/bijoux\/forfait-reparation-bracelet\/#primaryimage"},"image":{"@id":"https:\/\/www.mapesteadoree.fr\/boutique\/bijoux\/forfait-reparation-bracelet\/#primaryimage"},"thumbnailUrl":"https:\/\/www.mapesteadoree.fr\/boutique\/wp-content\/uploads\/2022\/02\/forfait-reparation-1.jpg","datePublished":"2022-02-04T15:03:30+00:00","dateModified":"2025-12-31T14:01:47+00:00","description":"Forfait de r\u00e9paration pour r\u00e9parer, raccourcir ou agrandir un bracelet \u00e9lastique Ma Peste Ador\u00e9e r\u00e9alis\u00e9 avec des perles naturelles de diam\u00e8tre 6mm","breadcrumb":{"@id":"https:\/\/www.mapesteadoree.fr\/boutique\/bijoux\/forfait-reparation-bracelet\/#breadcrumb"},"inLanguage":"fr-FR","potentialAction":[{"@type":"ReadAction","target":["https:\/\/www.mapesteadoree.fr\/boutique\/bijoux\/forfait-reparation-bracelet\/"]}]},{"@type":"ImageObject","inLanguage":"fr-FR","@id":"https:\/\/www.mapesteadoree.fr\/boutique\/bijoux\/forfait-reparation-bracelet\/#primaryimage","url":"https:\/\/www.mapesteadoree.fr\/boutique\/wp-content\/uploads\/2022\/02\/forfait-reparation-1.jpg","contentUrl":"https:\/\/www.mapesteadoree.fr\/boutique\/wp-content\/uploads\/2022\/02\/forfait-reparation-1.jpg","width":1500,"height":1500,"caption":"En cas de casse ou tout autre probl\u00e8me, envoyez moi votre bracelet en r\u00e9paration"},{"@type":"BreadcrumbList","@id":"https:\/\/www.mapesteadoree.fr\/boutique\/bijoux\/forfait-reparation-bracelet\/#breadcrumb","itemListElement":[{"@type":"ListItem","position":1,"name":"Accueil","item":"https:\/\/www.mapesteadoree.fr\/boutique\/"},{"@type":"ListItem","position":2,"name":"Boutique de bijoux uniques en pierres naturelles","item":"https:\/\/www.mapesteadoree.fr\/boutique\/"},{"@type":"ListItem","position":3,"name":"Forfait R\u00e9paration Bracelet"}]},{"@type":"WebSite","@id":"https:\/\/www.mapesteadoree.fr\/boutique\/#website","url":"https:\/\/www.mapesteadoree.fr\/boutique\/","name":"Ma Peste Ador\u00e9e","description":"","publisher":{"@id":"https:\/\/www.mapesteadoree.fr\/boutique\/#organization"},"potentialAction":[{"@type":"SearchAction","target":{"@type":"EntryPoint","urlTemplate":"https:\/\/www.mapesteadoree.fr\/boutique\/?s={search_term_string}"},"query-input":{"@type":"PropertyValueSpecification","valueRequired":true,"valueName":"search_term_string"}}],"inLanguage":"fr-FR"},{"@type":"Organization","@id":"https:\/\/www.mapesteadoree.fr\/boutique\/#organization","name":"Ma Peste Ador\u00e9e","url":"https:\/\/www.mapesteadoree.fr\/boutique\/","logo":{"@type":"ImageObject","inLanguage":"fr-FR","@id":"https:\/\/www.mapesteadoree.fr\/boutique\/#\/schema\/logo\/image\/","url":"https:\/\/www.mapesteadoree.fr\/boutique\/wp-content\/uploads\/2024\/10\/cropped-logo-mpa-2024.png","contentUrl":"https:\/\/www.mapesteadoree.fr\/boutique\/wp-content\/uploads\/2024\/10\/cropped-logo-mpa-2024.png","width":470,"height":110,"caption":"Ma Peste Ador\u00e9e"},"image":{"@id":"https:\/\/www.mapesteadoree.fr\/boutique\/#\/schema\/logo\/image\/"}}]}},"wcpa_form_fields":{"wcpaData":{"product":{"product_price":10,"price_html":"<span class=\"woocommerce-Price-amount amount\"><bdi>10,00&nbsp;<span class=\"woocommerce-Price-currencySymbol\">&euro;<\/span><\/bdi><\/span>","original_product_price":10,"price_including_tax":10,"price_excluding_tax":10,"product_id":{"parent":47897,"variation":false},"is_variable":false,"stock_status":"instock","stock_quantity":null,"parent_sku":"","product_attributes":[],"custom_fields":[],"is_taxable":false,"product_name":"Forfait R\u00e9paration Bracelet","hasImage":false},"fields":{"sec_569fede82f2876":{"extra":{"key":"sec_569fede82f2876","section_id":"sec_569fede82f2876","name":"Default","status":1,"cl_rule":"show","enableCl":false,"relations":[],"toggle":true,"title_tag":"h3","show_title":false,"showPrice":"default","form_id":47899,"form_rules":{"exclude_from_discount":false,"fee_label":"Fee","disp_hide_options_price":false,"disp_show_section_price":false,"disp_show_field_price":true,"layout_option":"standard","pric_use_as_fee":false,"process_fee_as":"woo_fee"},"layout_option":"standard"},"fields":[[{"type":"textarea","elementId":"wcpa-textarea-61fd43c3077f4","label":"Commentaire","pricingType":"fixed","name":"textarea-61fd43c307800","maxlength":"200","mapToCheckoutFieldParent":"billing","mapToCheckoutField":"billing_first_name","cl_rule":"show","col":6,"relations":false,"active":true,"tooltip":"","gt_translate_keys":["label","tooltip"],"price_dependency":false,"cl_dependency":false,"value":""}]]}},"config":{"price_override":"","enable_recaptcha":false,"bind_quantity":false,"quantity_bind_formula":false,"disp_summ_show_option_price":true,"disp_summ_show_product_price":true,"disp_summ_show_total_price":true,"disp_summ_show_fee":false,"disp_summ_show_discount":false,"summary_title":"","options_total_label":"Prix des options","total_label":"Total","options_product_label":"Prix du bijou","fee_label":"Fee","discount_label":"Discount","has_price":true,"has_quantity_formula":false},"mc_unit":1,"tax_rate":1,"tax_rate_real":1,"discount":{"percentage":0,"fixed":0},"design":{"conf":{"LabelPosition":"above","DescPosition":"above","UploadField":"custom_1","QuantityFieldStyle":"default"},"css":{"LeftLabelWidth":"120px"}},"formulas":[],"lookuptables":[],"clones":false,"cartKey":false}},"_links":{"self":[{"href":"https:\/\/www.mapesteadoree.fr\/boutique\/wp-json\/wp\/v2\/product\/47897","targetHints":{"allow":["GET"]}}],"collection":[{"href":"https:\/\/www.mapesteadoree.fr\/boutique\/wp-json\/wp\/v2\/product"}],"about":[{"href":"https:\/\/www.mapesteadoree.fr\/boutique\/wp-json\/wp\/v2\/types\/product"}],"replies":[{"embeddable":true,"href":"https:\/\/www.mapesteadoree.fr\/boutique\/wp-json\/wp\/v2\/comments?post=47897"}],"wp:featuredmedia":[{"embeddable":true,"href":"https:\/\/www.mapesteadoree.fr\/boutique\/wp-json\/wp\/v2\/media\/55001"}],"wp:attachment":[{"href":"https:\/\/www.mapesteadoree.fr\/boutique\/wp-json\/wp\/v2\/media?parent=47897"}],"wp:term":[{"taxonomy":"product_brand","embeddable":true,"href":"https:\/\/www.mapesteadoree.fr\/boutique\/wp-json\/wp\/v2\/product_brand?post=47897"},{"taxonomy":"product_cat","embeddable":true,"href":"https:\/\/www.mapesteadoree.fr\/boutique\/wp-json\/wp\/v2\/product_cat?post=47897"},{"taxonomy":"product_tag","embeddable":true,"href":"https:\/\/www.mapesteadoree.fr\/boutique\/wp-json\/wp\/v2\/product_tag?post=47897"}],"curies":[{"name":"wp","href":"https:\/\/api.w.org\/{rel}","templated":true}]}}