{"id":28841,"date":"2011-06-06T11:36:55","date_gmt":"2011-06-06T09:36:55","guid":{"rendered":"https:\/\/gmqrapphj.preview.infomaniak.website\/mentions-legales\/"},"modified":"2022-01-31T14:30:28","modified_gmt":"2022-01-31T13:30:28","slug":"mentions-legales","status":"publish","type":"page","link":"https:\/\/www.mapesteadoree.fr\/boutique\/mentions-legales\/","title":{"rendered":"Mentions l\u00e9gales"},"content":{"rendered":"<h2><span style=\"color: #000000; font-size: 22px; line-height: 1.5;\">Mentions L\u00e9gales<\/span><\/h2>\n<h4 style=\"font-size: 1.2em; line-height: 1.2em; color: #0aade2; margin: 5px 0px 5px 0px;\"><span style=\"color: #888888;\">Conform\u00e9ment aux dispositions des articles 6-III et 19 de la loi pour la Confiance dans l\u2019\u00c9conomie Num\u00e9rique, nous vous informons que :<\/span><\/h4>\n<p style=\"margin: 5px 0px 5px 0px;\">\n<p style=\"margin: 5px 0px 5px 0px;\"><strong>Le pr\u00e9sent site web est \u00e9dit\u00e9 par :<\/strong><br \/>\nEI Ma Peste Ador\u00e9e<br \/>\nSitu\u00e9e :<\/p>\n<p>27 bis chemin de Combe Mig\u00e8re &#8211; Montlegun &#8211; 11000 Carcassonne<\/p>\n<p style=\"margin: 5px 0px 5px 0px;\">Adresse de courrier \u00e9lectronique : moi(@)mapesteadoree.fr \u2013 T\u00e9l. : 06 99 65 00 34<br \/>\nNum\u00e9ro Siret : 488 205 816 00074<\/p>\n<p style=\"margin: 5px 0px 5px 0px;\">\n<p style=\"margin: 5px 0px 5px 0px;\"><strong>Le site Internet est h\u00e9berg\u00e9 par la soci\u00e9t\u00e9 :<\/strong><br \/>\n<strong style=\"font-family: Arial, 'Lucida grande', 'Bitstream Charter', 'Liberation sans', FreeSans, sans-serif; font-size: 12px; color: #3c3c3c; line-height: 16px; padding: 0px; margin: 0px;\">INFOMANIAK<\/strong><br style=\"font-family: Arial, 'Lucida grande', 'Bitstream Charter', 'Liberation sans', FreeSans, sans-serif; font-size: 12px; color: #3c3c3c; line-height: 14px; clear: both; padding: 0px; margin: 0px;\" \/><br style=\"font-family: Arial, 'Lucida grande', 'Bitstream Charter', 'Liberation sans', FreeSans, sans-serif; font-size: 12px; color: #3c3c3c; line-height: 14px; clear: both; padding: 0px; margin: 0px;\" \/>Si\u00e8ge social : Gen\u00eave &#8211; SUISSE.<\/p>\n<p><strong>Limitation de responsabilit\u00e9 :<\/strong><br \/>\nL\u2019utilisateur reconna\u00eet avoir pris connaissance des pr\u00e9sentes conditions d\u2019utilisation et s\u2019engage \u00e0 les respecter. L\u2019utilisateur du site internet \u00ab www.mapesteadoree.fr \u00bb reconna\u00eet disposer de la comp\u00e9tence et des moyens n\u00e9cessaires pour acc\u00e9der et utiliser ce site.. Mapesteador\u00e9e ne saurait garantir l\u2019exactitude, la compl\u00e9tude, l\u2019actualit\u00e9 des informations diffus\u00e9es sur son site. En cons\u00e9quence, l\u2019utilisateur reconna\u00eet utiliser ces informations sous sa responsabilit\u00e9 exclusive.<\/p>\n<p><strong>Politique de confidentialit\u00e9 du site :<\/strong><br \/>\nCette politique de confidentialit\u00e9 du site internet www.mapesteadoree.fr, porte sur le traitement des renseignements personnels d\u2019identification qui sont recueillis lorsque vous \u00eates sur le site web et lorsque vous utilisez les services du site web, comme d\u00e9crit dans cette politique de confidentialit\u00e9 du site. www.mapesteadoree.fr n\u2019est pas responsable des politiques ou pratiques en mati\u00e8re de respect de la vie priv\u00e9e des autres sites web auxquels vous choisissez de vous connecter \u00e0 partir du site web, et elle vous encourage \u00e0 examiner les politiques en mati\u00e8re de respect de la vie priv\u00e9e de ces autres sites web de fa\u00e7on \u00e0 ce que vous puissiez comprendre comment ils recueillent, utilisent et partagent les renseignements.<\/p>\n<p><strong>Concernant vos donn\u00e9es personnelles, nous ne vendons ni ne louons jamais votre adresse de courriel ni aucune autre information personnelle d&rsquo;identification que vous nous fournissez.<\/strong><\/p>\n<p>Dans le cadre de nos statistiques, nous utilisons la solution Google Analytics.<br \/>\nLes donn\u00e9es de fr\u00e9quentation du site sont trait\u00e9es de mani\u00e8re parfaitement anonymes, aucune donn\u00e9e personnelle n&rsquo;est relev\u00e9e par Google Analytics. Vous pouvez obtenir davantage d&rsquo;information concernant \u00e0 l&rsquo;adresse suivante :\u00a0<a href=\"http:\/\/www.google.com\/analytics\/\" target=\"_blank\" rel=\"nofollow noopener\">http:\/\/www.google.com\/analytics\/<\/a><\/p>\n<p><strong>Recueil et utilisation des renseignements :<\/strong><\/p>\n<p>Mapesteadoree.fr ne recueille pas de renseignements personnels d\u2019identification lorsque vous acc\u00e9dez \u00e0 la page d\u2019accueil du site web et que vous naviguez sur le site web.<\/p>\n<p><strong>Protection des donn\u00e9es\/vie priv\u00e9e<\/strong><br \/>\nLa soci\u00e9t\u00e9 qui exploite le site s\u2019engage \u00e0 se conformer aux l\u00e9gislations fran\u00e7aises et europ\u00e9ennes sur la protection des donn\u00e9es \u00e0 caract\u00e8re personnel.<\/p>\n<p>Conform\u00e9ment \u00e0 la Loi Informatique et libert\u00e9s, l\u2019utilisateur dispose d\u2019un droit d\u2019acc\u00e8s, de modification, de rectification, et de suppression des donn\u00e9es qui le concernent (article 34 de la Loi Informatique et libert\u00e9 du 6 janvier 1978 en \u00e9crivant \u00e0 moi(@)mapesteadoree.fr<\/p>\n<p>Conform\u00e9ment \u00e0 cette m\u00eame loi du 6 janvier 1978 relative \u00e0 l\u2019informatique, aux fichiers et aux libert\u00e9s, notre site Internet a fait l\u2019objet d\u2019une d\u00e9claration aupr\u00e8s de la CNIL (Commission Nationale Informatique et Libert\u00e9s) sous le num\u00e9ro : 1549759.<\/p>\n<p><strong>Concernant vos donn\u00e9es personnelles, nous ne vendons ni ne louons jamais votre adresse de courriel ni aucune autre information personnelle d&rsquo;identification que vous nous fournissez.<\/strong><\/p>\n","protected":false},"excerpt":{"rendered":"<p>Mentions L\u00e9gales Conform\u00e9ment aux dispositions des articles 6-III et 19 de la loi pour la Confiance dans l\u2019\u00c9conomie Num\u00e9rique, nous vous informons que : Le pr\u00e9sent site web est \u00e9dit\u00e9 par : EI Ma Peste Ador\u00e9e Situ\u00e9e : 27 bis chemin de Combe Mig\u00e8re &#8211; Montlegun &#8211; 11000 Carcassonne Adresse de courrier \u00e9lectronique : moi(@)mapesteadoree.fr [&hellip;]<\/p>\n","protected":false},"author":1,"featured_media":0,"parent":0,"menu_order":2,"comment_status":"closed","ping_status":"closed","template":"","meta":{"footnotes":""},"class_list":["post-28841","page","type-page","status-publish","hentry"],"acf":[],"yoast_head":"<!-- This site is optimized with the Yoast SEO plugin v27.5 - https:\/\/yoast.com\/product\/yoast-seo-wordpress\/ -->\n<title>Mentions l\u00e9gales<\/title>\n<meta name=\"description\" content=\"Mentions l\u00e9gales\" \/>\n<meta name=\"robots\" content=\"index, follow, max-snippet:-1, max-image-preview:large, max-video-preview:-1\" \/>\n<link rel=\"canonical\" href=\"https:\/\/www.mapesteadoree.fr\/boutique\/mentions-legales\/\" \/>\n<meta property=\"og:locale\" content=\"fr_FR\" \/>\n<meta property=\"og:type\" content=\"article\" \/>\n<meta property=\"og:title\" content=\"Mentions l\u00e9gales\" \/>\n<meta property=\"og:description\" content=\"Mentions l\u00e9gales\" \/>\n<meta property=\"og:url\" content=\"https:\/\/www.mapesteadoree.fr\/boutique\/mentions-legales\/\" \/>\n<meta property=\"og:site_name\" content=\"Ma Peste Ador\u00e9e\" \/>\n<meta property=\"article:modified_time\" content=\"2022-01-31T13:30:28+00:00\" \/>\n<meta name=\"twitter:card\" content=\"summary_large_image\" \/>\n<meta name=\"twitter:label1\" content=\"Dur\u00e9e de lecture estim\u00e9e\" \/>\n\t<meta name=\"twitter:data1\" content=\"3 minutes\" \/>\n<script type=\"application\/ld+json\" class=\"yoast-schema-graph\">{\"@context\":\"https:\\\/\\\/schema.org\",\"@graph\":[{\"@type\":\"WebPage\",\"@id\":\"https:\\\/\\\/www.mapesteadoree.fr\\\/boutique\\\/mentions-legales\\\/\",\"url\":\"https:\\\/\\\/www.mapesteadoree.fr\\\/boutique\\\/mentions-legales\\\/\",\"name\":\"Mentions l\u00e9gales\",\"isPartOf\":{\"@id\":\"https:\\\/\\\/www.mapesteadoree.fr\\\/boutique\\\/#website\"},\"datePublished\":\"2011-06-06T09:36:55+00:00\",\"dateModified\":\"2022-01-31T13:30:28+00:00\",\"description\":\"Mentions l\u00e9gales\",\"breadcrumb\":{\"@id\":\"https:\\\/\\\/www.mapesteadoree.fr\\\/boutique\\\/mentions-legales\\\/#breadcrumb\"},\"inLanguage\":\"fr-FR\",\"potentialAction\":[{\"@type\":\"ReadAction\",\"target\":[\"https:\\\/\\\/www.mapesteadoree.fr\\\/boutique\\\/mentions-legales\\\/\"]}]},{\"@type\":\"BreadcrumbList\",\"@id\":\"https:\\\/\\\/www.mapesteadoree.fr\\\/boutique\\\/mentions-legales\\\/#breadcrumb\",\"itemListElement\":[{\"@type\":\"ListItem\",\"position\":1,\"name\":\"Accueil\",\"item\":\"https:\\\/\\\/www.mapesteadoree.fr\\\/boutique\\\/\"},{\"@type\":\"ListItem\",\"position\":2,\"name\":\"Mentions l\u00e9gales\"}]},{\"@type\":\"WebSite\",\"@id\":\"https:\\\/\\\/www.mapesteadoree.fr\\\/boutique\\\/#website\",\"url\":\"https:\\\/\\\/www.mapesteadoree.fr\\\/boutique\\\/\",\"name\":\"Ma Peste Ador\u00e9e\",\"description\":\"\",\"publisher\":{\"@id\":\"https:\\\/\\\/www.mapesteadoree.fr\\\/boutique\\\/#organization\"},\"potentialAction\":[{\"@type\":\"SearchAction\",\"target\":{\"@type\":\"EntryPoint\",\"urlTemplate\":\"https:\\\/\\\/www.mapesteadoree.fr\\\/boutique\\\/?s={search_term_string}\"},\"query-input\":{\"@type\":\"PropertyValueSpecification\",\"valueRequired\":true,\"valueName\":\"search_term_string\"}}],\"inLanguage\":\"fr-FR\"},{\"@type\":\"Organization\",\"@id\":\"https:\\\/\\\/www.mapesteadoree.fr\\\/boutique\\\/#organization\",\"name\":\"Ma Peste Ador\u00e9e\",\"url\":\"https:\\\/\\\/www.mapesteadoree.fr\\\/boutique\\\/\",\"logo\":{\"@type\":\"ImageObject\",\"inLanguage\":\"fr-FR\",\"@id\":\"https:\\\/\\\/www.mapesteadoree.fr\\\/boutique\\\/#\\\/schema\\\/logo\\\/image\\\/\",\"url\":\"https:\\\/\\\/www.mapesteadoree.fr\\\/boutique\\\/wp-content\\\/uploads\\\/2024\\\/10\\\/cropped-logo-mpa-2024.png\",\"contentUrl\":\"https:\\\/\\\/www.mapesteadoree.fr\\\/boutique\\\/wp-content\\\/uploads\\\/2024\\\/10\\\/cropped-logo-mpa-2024.png\",\"width\":470,\"height\":110,\"caption\":\"Ma Peste Ador\u00e9e\"},\"image\":{\"@id\":\"https:\\\/\\\/www.mapesteadoree.fr\\\/boutique\\\/#\\\/schema\\\/logo\\\/image\\\/\"}}]}<\/script>\n<!-- \/ Yoast SEO plugin. -->","yoast_head_json":{"title":"Mentions l\u00e9gales","description":"Mentions l\u00e9gales","robots":{"index":"index","follow":"follow","max-snippet":"max-snippet:-1","max-image-preview":"max-image-preview:large","max-video-preview":"max-video-preview:-1"},"canonical":"https:\/\/www.mapesteadoree.fr\/boutique\/mentions-legales\/","og_locale":"fr_FR","og_type":"article","og_title":"Mentions l\u00e9gales","og_description":"Mentions l\u00e9gales","og_url":"https:\/\/www.mapesteadoree.fr\/boutique\/mentions-legales\/","og_site_name":"Ma Peste Ador\u00e9e","article_modified_time":"2022-01-31T13:30:28+00:00","twitter_card":"summary_large_image","twitter_misc":{"Dur\u00e9e de lecture estim\u00e9e":"3 minutes"},"schema":{"@context":"https:\/\/schema.org","@graph":[{"@type":"WebPage","@id":"https:\/\/www.mapesteadoree.fr\/boutique\/mentions-legales\/","url":"https:\/\/www.mapesteadoree.fr\/boutique\/mentions-legales\/","name":"Mentions l\u00e9gales","isPartOf":{"@id":"https:\/\/www.mapesteadoree.fr\/boutique\/#website"},"datePublished":"2011-06-06T09:36:55+00:00","dateModified":"2022-01-31T13:30:28+00:00","description":"Mentions l\u00e9gales","breadcrumb":{"@id":"https:\/\/www.mapesteadoree.fr\/boutique\/mentions-legales\/#breadcrumb"},"inLanguage":"fr-FR","potentialAction":[{"@type":"ReadAction","target":["https:\/\/www.mapesteadoree.fr\/boutique\/mentions-legales\/"]}]},{"@type":"BreadcrumbList","@id":"https:\/\/www.mapesteadoree.fr\/boutique\/mentions-legales\/#breadcrumb","itemListElement":[{"@type":"ListItem","position":1,"name":"Accueil","item":"https:\/\/www.mapesteadoree.fr\/boutique\/"},{"@type":"ListItem","position":2,"name":"Mentions l\u00e9gales"}]},{"@type":"WebSite","@id":"https:\/\/www.mapesteadoree.fr\/boutique\/#website","url":"https:\/\/www.mapesteadoree.fr\/boutique\/","name":"Ma Peste Ador\u00e9e","description":"","publisher":{"@id":"https:\/\/www.mapesteadoree.fr\/boutique\/#organization"},"potentialAction":[{"@type":"SearchAction","target":{"@type":"EntryPoint","urlTemplate":"https:\/\/www.mapesteadoree.fr\/boutique\/?s={search_term_string}"},"query-input":{"@type":"PropertyValueSpecification","valueRequired":true,"valueName":"search_term_string"}}],"inLanguage":"fr-FR"},{"@type":"Organization","@id":"https:\/\/www.mapesteadoree.fr\/boutique\/#organization","name":"Ma Peste Ador\u00e9e","url":"https:\/\/www.mapesteadoree.fr\/boutique\/","logo":{"@type":"ImageObject","inLanguage":"fr-FR","@id":"https:\/\/www.mapesteadoree.fr\/boutique\/#\/schema\/logo\/image\/","url":"https:\/\/www.mapesteadoree.fr\/boutique\/wp-content\/uploads\/2024\/10\/cropped-logo-mpa-2024.png","contentUrl":"https:\/\/www.mapesteadoree.fr\/boutique\/wp-content\/uploads\/2024\/10\/cropped-logo-mpa-2024.png","width":470,"height":110,"caption":"Ma Peste Ador\u00e9e"},"image":{"@id":"https:\/\/www.mapesteadoree.fr\/boutique\/#\/schema\/logo\/image\/"}}]}},"_links":{"self":[{"href":"https:\/\/www.mapesteadoree.fr\/boutique\/wp-json\/wp\/v2\/pages\/28841","targetHints":{"allow":["GET"]}}],"collection":[{"href":"https:\/\/www.mapesteadoree.fr\/boutique\/wp-json\/wp\/v2\/pages"}],"about":[{"href":"https:\/\/www.mapesteadoree.fr\/boutique\/wp-json\/wp\/v2\/types\/page"}],"author":[{"embeddable":true,"href":"https:\/\/www.mapesteadoree.fr\/boutique\/wp-json\/wp\/v2\/users\/1"}],"replies":[{"embeddable":true,"href":"https:\/\/www.mapesteadoree.fr\/boutique\/wp-json\/wp\/v2\/comments?post=28841"}],"version-history":[{"count":0,"href":"https:\/\/www.mapesteadoree.fr\/boutique\/wp-json\/wp\/v2\/pages\/28841\/revisions"}],"wp:attachment":[{"href":"https:\/\/www.mapesteadoree.fr\/boutique\/wp-json\/wp\/v2\/media?parent=28841"}],"curies":[{"name":"wp","href":"https:\/\/api.w.org\/{rel}","templated":true}]}}