{"id":28840,"date":"2011-06-06T11:36:55","date_gmt":"2011-06-06T09:36:55","guid":{"rendered":"https:\/\/gmqrapphj.preview.infomaniak.website\/livraison\/"},"modified":"2025-01-20T15:02:02","modified_gmt":"2025-01-20T14:02:02","slug":"livraison","status":"publish","type":"page","link":"https:\/\/www.mapesteadoree.fr\/boutique\/livraison\/","title":{"rendered":"Livraison"},"content":{"rendered":"<h1><span style=\"font-size: 18pt;\">Livraison<\/span><\/h1>\n<h4><strong>Modalit\u00e9s :<\/strong><\/h4>\n<p>Les produits sont livr\u00e9s \u00e0 l&rsquo;adresse indiqu\u00e9e par le consommateur au moment de la commande, en France m\u00e9tropolitaine mais aussi vers les pays de l&rsquo;UE et la Suisse et le Monde. Le consommateur est tenu de v\u00e9rifier l&rsquo;\u00e9tat de l&#8217;emballage de la marchandise \u00e0 la livraison et de signaler les dommages d\u00fbs au transporteur sur le bon de livraison s&rsquo;il s&rsquo;agit d&rsquo;un colissimo suivi avec signature, ainsi qu&rsquo;\u00e0 la soci\u00e9t\u00e9 MA PESTE ADOREE, dans un d\u00e9lai d&rsquo;une semaine.<\/p>\n<p><strong>La date de livraison estim\u00e9e est indiqu\u00e9 sur chaque fiche produit et lors de votre commande, au moment du choix du transporteur.<\/strong> Les bijoux \u00e9tant r\u00e9alis\u00e9s \u00e0 la main et les commandes \u00e9tant trait\u00e9es les unes apr\u00e8s les autres, il faut compter environ 2 jours ouvr\u00e9s\u00a0pour fabriquer vos bijoux personnalis\u00e9s. Si vous avez un d\u00e9lai court urgent, vous pouvez contacter Ma Peste Ador\u00e9e par mail \u00e0 moi@mapesteadoree.fr pour qu&rsquo;elle vous indique plus pr\u00e9cisement quand la commande sera exp\u00e9di\u00e9e.<\/p>\n<p><strong>Attention : Les d\u00e9lais de livraison peuvent \u00eatre rallong\u00e9s \u00e0 certaines p\u00e9diodes (forte activit\u00e9, cong\u00e9s, maladie\u00a0<\/strong><strong>ou autre). Dans ce cas, le d\u00e9lai estimatif de\u00a0livraison indiqu\u00e9 sur chaque fiche produit est rallong\u00e9.<\/strong><\/p>\n<p><strong>Ma Peste Ador\u00e9e ne peut \u00eatre tenue responsable des \u00e9ventuels probl\u00e8mes de livraison de la Poste :<\/strong><\/p>\n<ul>\n<li><strong>Retard de livraison<\/strong><\/li>\n<li><strong>Paquet signal\u00e9 comme livr\u00e9 par la Poste mais non re\u00e7u par le client<\/strong><\/li>\n<li><strong>Paquet retourn\u00e9 \u00e0 l&rsquo;exp\u00e9diteur (dans 99% des cas, le client a mal renseign\u00e9 son adresse de livraison, ou alors sa bo\u00eete aux lettres n&rsquo;\u00e9tait pas accessible)<\/strong><\/li>\n<\/ul>\n<div><strong>Dans ces 3 cas, le client a la possibilit\u00e9 de porter r\u00e9clamation aupr\u00e8s de la poste via le formulaire disponible sur le site de la poste :\u00a0http:\/\/www.laposte.fr\/reclamation\/creer\/conso<\/strong><\/div>\n<div><\/div>\n<h4><strong>Tarifs :<\/strong><\/h4>\n<p><span style=\"color: #000000;\"><strong><strong>\u25ba\u00a0Exp\u00e9dition vers<\/strong> la France M\u00e9tropolitaine \u00a0:<\/strong><\/span><\/p>\n<p><span style=\"color: #d0121a;\"><strong>La Livraison en Lettre Suivie France est offerte d\u00e8s 29\u20ac <\/strong><b>d&rsquo;achat\u00a0<\/b><\/span><\/p>\n<p><strong>Pour une commande \u00e0 moins de 29\u20ac :<br \/>\n<\/strong><strong>-Lettre Suivie contre un forfait de 3,99 \u20ac<\/strong>, quels que soient la taille et le poids de votre commande. D\u00e9p\u00f4t dans la bo\u00eete aux lettres sans signature. Livraison variable et non garantie, le plus souvent sous 3 \u00e0 4 jours.<\/p>\n<p><strong>Peu importe le montant de votre commande, vous pouvez \u00e9galement opter pour :<\/strong><\/p>\n<ul>\n<li><strong>Mondial Relay \/ 4,99 \u20ac. <\/strong>D\u00e9p\u00f4t au point Mondial relay de votre choix. Livraison variable, entre 3 et 5 jours g\u00e9n\u00e9ralement.<\/li>\n<li><strong>Colissimo 48h \/ 5,99 \u20ac. <\/strong>D\u00e9p\u00f4t dans la bo\u00eete aux lettres sans signature. Livraison en 48h garantie par la Poste.<\/li>\n<li><strong style=\"font-size: revert;\">Colissimo 48h avec assurance R1 \/ 9\u20ac. <\/strong>Indemnit\u00e9 de 50\u20ac en cas de perte ou d&rsquo;avarie) et remis contre signature. Livraison en 48h garantie par la Poste.<\/li>\n<\/ul>\n<p><strong><strong><strong>\u25ba\u00a0Exp\u00e9dition vers<\/strong>\u00a0les DOM-TOM :<\/strong><\/strong><\/p>\n<ul>\n<li><strong>Lettre Suivie \/ 3,99 \u20ac<\/strong>, quels que soient la taille et le poids de votre commande. D\u00e9p\u00f4t dans la bo\u00eete aux lettres sans signature. Livraison variable non garantie, le plus souvent sous 6 \u00e0 15 jours.<\/li>\n<li><strong>Mondial Relay \/ 4,99 \u20ac. <\/strong>D\u00e9p\u00f4t au point Mondial relay de votre choix. Livraison variable, entre 3 et 5 jours g\u00e9n\u00e9ralement.<\/li>\n<\/ul>\n<div><\/div>\n<div><strong>\u25ba\u00a0Exp\u00e9dition vers l&rsquo;Union Europ\u00e9enne, la Suisse et le reste du monde<\/strong><\/div>\n<div><\/div>\n<ul>\n<li><strong>Mondial Relay \/ Belgique et Luxembourg uniquement \/ 4,99 \u20ac. <\/strong>D\u00e9p\u00f4t au point Mondial relay de votre choix. Livraison variable, entre 4 et 7 jours g\u00e9n\u00e9ralement.<\/li>\n<li><strong>Lettre Suivie Internationale \/ 7,99 \u20ac.<\/strong> Quels que soient la taille et le poids de votre commande. D\u00e9p\u00f4t dans la bo\u00eete aux lettres sans signature. D\u00e9lai de livraison variable selon le pays.<\/li>\n<\/ul>\n<h3>RETOURS<\/h3>\n<div class=\"titreArt\">Selon l&rsquo;Article L121-20-2 du code de la consommation<\/div>\n<div class=\"histoArt\">\n<ul>\n<li>Modifi\u00e9 par\u00a0<a class=\"liensArtResolu\" href=\"http:\/\/www.legifrance.gouv.fr\/affichTexteArticle.do;jsessionid=EB0A896B46BA3B37F4F3D22935833506.tpdila19v_3?cidTexte=JORFTEXT000000259993&amp;idArticle=LEGIARTI000006242160&amp;dateTexte=20130415&amp;categorieLien=id#LEGIARTI000006242160\">Ordonnance n\u00b02005-648 du 6 juin 2005 &#8211; art. 1 JORF 7 juin 2005 en vigueur le 1er d\u00e9cembre 2005<\/a><\/li>\n<li>Abrog\u00e9 par\u00a0<a class=\"liensArtResolu\" href=\"http:\/\/www.legifrance.gouv.fr\/affichTexteArticle.do;jsessionid=EB0A896B46BA3B37F4F3D22935833506.tpdila19v_3?cidTexte=JORFTEXT000028738036&amp;idArticle=LEGIARTI000028739866&amp;dateTexte=20130415&amp;categorieLien=id#LEGIARTI000028739866\">LOI n\u00b02014-344 du 17 mars 2014 &#8211; art. 9 (V)<\/a><\/li>\n<\/ul>\n<\/div>\n<div class=\"corpsArt\">\n<p>\u00ab\u00a0Le droit de r\u00e9tractation ne peut \u00eatre exerc\u00e9, sauf si les parties en sont convenues autrement, pour les contrats de fourniture de biens confectionn\u00e9s selon les sp\u00e9cifications du consommateur ou nettement personnalis\u00e9s.\u00a0\u00bb<\/p>\n<p><strong>Pour ainsi dire, les bijoux Ma Peste Ador\u00e9e \u00e9tant personnalis\u00e9s selon vos indications, ils ne peuvent faire l&rsquo;objet d&rsquo;un retour sauf lorsqu&rsquo;une erreur de fabrication est constat\u00e9e (gravure ou assemblage erron\u00e9).<\/strong><\/p>\n<\/div>\n<p>Coordonn\u00e9es du Service Apr\u00e8s Vente :<\/p>\n<p>Ga\u00eblle \/ moi@mapesteadoree.fr<\/p>\n","protected":false},"excerpt":{"rendered":"<p>Livraison Modalit\u00e9s : Les produits sont livr\u00e9s \u00e0 l&rsquo;adresse indiqu\u00e9e par le consommateur au moment de la commande, en France m\u00e9tropolitaine mais aussi vers les pays de l&rsquo;UE et la Suisse et le Monde. Le consommateur est tenu de v\u00e9rifier l&rsquo;\u00e9tat de l&#8217;emballage de la marchandise \u00e0 la livraison et de signaler les dommages d\u00fbs [&hellip;]<\/p>\n","protected":false},"author":1,"featured_media":0,"parent":0,"menu_order":0,"comment_status":"closed","ping_status":"closed","template":"template-fullwidth.php","meta":{"footnotes":""},"class_list":["post-28840","page","type-page","status-publish","hentry"],"acf":[],"yoast_head":"<!-- This site is optimized with the Yoast SEO plugin v27.4 - https:\/\/yoast.com\/product\/yoast-seo-wordpress\/ -->\n<title>Livraison<\/title>\n<meta name=\"description\" content=\"Nos conditions g\u00e9n\u00e9rales de livraison\" \/>\n<meta name=\"robots\" content=\"index, follow, max-snippet:-1, max-image-preview:large, max-video-preview:-1\" \/>\n<link rel=\"canonical\" href=\"https:\/\/www.mapesteadoree.fr\/boutique\/livraison\/\" \/>\n<meta property=\"og:locale\" content=\"fr_FR\" \/>\n<meta property=\"og:type\" content=\"article\" \/>\n<meta property=\"og:title\" content=\"Livraison\" \/>\n<meta property=\"og:description\" content=\"Nos conditions g\u00e9n\u00e9rales de livraison\" \/>\n<meta property=\"og:url\" content=\"https:\/\/www.mapesteadoree.fr\/boutique\/livraison\/\" \/>\n<meta property=\"og:site_name\" content=\"Ma Peste Ador\u00e9e\" \/>\n<meta property=\"article:modified_time\" content=\"2025-01-20T14:02:02+00:00\" \/>\n<meta name=\"twitter:card\" content=\"summary_large_image\" \/>\n<meta name=\"twitter:label1\" content=\"Dur\u00e9e de lecture estim\u00e9e\" \/>\n\t<meta name=\"twitter:data1\" content=\"4 minutes\" \/>\n<script type=\"application\/ld+json\" class=\"yoast-schema-graph\">{\"@context\":\"https:\\\/\\\/schema.org\",\"@graph\":[{\"@type\":\"WebPage\",\"@id\":\"https:\\\/\\\/www.mapesteadoree.fr\\\/boutique\\\/livraison\\\/\",\"url\":\"https:\\\/\\\/www.mapesteadoree.fr\\\/boutique\\\/livraison\\\/\",\"name\":\"Livraison\",\"isPartOf\":{\"@id\":\"https:\\\/\\\/www.mapesteadoree.fr\\\/boutique\\\/#website\"},\"datePublished\":\"2011-06-06T09:36:55+00:00\",\"dateModified\":\"2025-01-20T14:02:02+00:00\",\"description\":\"Nos conditions g\u00e9n\u00e9rales de livraison\",\"breadcrumb\":{\"@id\":\"https:\\\/\\\/www.mapesteadoree.fr\\\/boutique\\\/livraison\\\/#breadcrumb\"},\"inLanguage\":\"fr-FR\",\"potentialAction\":[{\"@type\":\"ReadAction\",\"target\":[\"https:\\\/\\\/www.mapesteadoree.fr\\\/boutique\\\/livraison\\\/\"]}]},{\"@type\":\"BreadcrumbList\",\"@id\":\"https:\\\/\\\/www.mapesteadoree.fr\\\/boutique\\\/livraison\\\/#breadcrumb\",\"itemListElement\":[{\"@type\":\"ListItem\",\"position\":1,\"name\":\"Accueil\",\"item\":\"https:\\\/\\\/www.mapesteadoree.fr\\\/boutique\\\/\"},{\"@type\":\"ListItem\",\"position\":2,\"name\":\"Livraison\"}]},{\"@type\":\"WebSite\",\"@id\":\"https:\\\/\\\/www.mapesteadoree.fr\\\/boutique\\\/#website\",\"url\":\"https:\\\/\\\/www.mapesteadoree.fr\\\/boutique\\\/\",\"name\":\"Ma Peste Ador\u00e9e\",\"description\":\"\",\"publisher\":{\"@id\":\"https:\\\/\\\/www.mapesteadoree.fr\\\/boutique\\\/#organization\"},\"potentialAction\":[{\"@type\":\"SearchAction\",\"target\":{\"@type\":\"EntryPoint\",\"urlTemplate\":\"https:\\\/\\\/www.mapesteadoree.fr\\\/boutique\\\/?s={search_term_string}\"},\"query-input\":{\"@type\":\"PropertyValueSpecification\",\"valueRequired\":true,\"valueName\":\"search_term_string\"}}],\"inLanguage\":\"fr-FR\"},{\"@type\":\"Organization\",\"@id\":\"https:\\\/\\\/www.mapesteadoree.fr\\\/boutique\\\/#organization\",\"name\":\"Ma Peste Ador\u00e9e\",\"url\":\"https:\\\/\\\/www.mapesteadoree.fr\\\/boutique\\\/\",\"logo\":{\"@type\":\"ImageObject\",\"inLanguage\":\"fr-FR\",\"@id\":\"https:\\\/\\\/www.mapesteadoree.fr\\\/boutique\\\/#\\\/schema\\\/logo\\\/image\\\/\",\"url\":\"https:\\\/\\\/www.mapesteadoree.fr\\\/boutique\\\/wp-content\\\/uploads\\\/2024\\\/10\\\/cropped-logo-mpa-2024.png\",\"contentUrl\":\"https:\\\/\\\/www.mapesteadoree.fr\\\/boutique\\\/wp-content\\\/uploads\\\/2024\\\/10\\\/cropped-logo-mpa-2024.png\",\"width\":470,\"height\":110,\"caption\":\"Ma Peste Ador\u00e9e\"},\"image\":{\"@id\":\"https:\\\/\\\/www.mapesteadoree.fr\\\/boutique\\\/#\\\/schema\\\/logo\\\/image\\\/\"}}]}<\/script>\n<!-- \/ Yoast SEO plugin. -->","yoast_head_json":{"title":"Livraison","description":"Nos conditions g\u00e9n\u00e9rales de livraison","robots":{"index":"index","follow":"follow","max-snippet":"max-snippet:-1","max-image-preview":"max-image-preview:large","max-video-preview":"max-video-preview:-1"},"canonical":"https:\/\/www.mapesteadoree.fr\/boutique\/livraison\/","og_locale":"fr_FR","og_type":"article","og_title":"Livraison","og_description":"Nos conditions g\u00e9n\u00e9rales de livraison","og_url":"https:\/\/www.mapesteadoree.fr\/boutique\/livraison\/","og_site_name":"Ma Peste Ador\u00e9e","article_modified_time":"2025-01-20T14:02:02+00:00","twitter_card":"summary_large_image","twitter_misc":{"Dur\u00e9e de lecture estim\u00e9e":"4 minutes"},"schema":{"@context":"https:\/\/schema.org","@graph":[{"@type":"WebPage","@id":"https:\/\/www.mapesteadoree.fr\/boutique\/livraison\/","url":"https:\/\/www.mapesteadoree.fr\/boutique\/livraison\/","name":"Livraison","isPartOf":{"@id":"https:\/\/www.mapesteadoree.fr\/boutique\/#website"},"datePublished":"2011-06-06T09:36:55+00:00","dateModified":"2025-01-20T14:02:02+00:00","description":"Nos conditions g\u00e9n\u00e9rales de livraison","breadcrumb":{"@id":"https:\/\/www.mapesteadoree.fr\/boutique\/livraison\/#breadcrumb"},"inLanguage":"fr-FR","potentialAction":[{"@type":"ReadAction","target":["https:\/\/www.mapesteadoree.fr\/boutique\/livraison\/"]}]},{"@type":"BreadcrumbList","@id":"https:\/\/www.mapesteadoree.fr\/boutique\/livraison\/#breadcrumb","itemListElement":[{"@type":"ListItem","position":1,"name":"Accueil","item":"https:\/\/www.mapesteadoree.fr\/boutique\/"},{"@type":"ListItem","position":2,"name":"Livraison"}]},{"@type":"WebSite","@id":"https:\/\/www.mapesteadoree.fr\/boutique\/#website","url":"https:\/\/www.mapesteadoree.fr\/boutique\/","name":"Ma Peste Ador\u00e9e","description":"","publisher":{"@id":"https:\/\/www.mapesteadoree.fr\/boutique\/#organization"},"potentialAction":[{"@type":"SearchAction","target":{"@type":"EntryPoint","urlTemplate":"https:\/\/www.mapesteadoree.fr\/boutique\/?s={search_term_string}"},"query-input":{"@type":"PropertyValueSpecification","valueRequired":true,"valueName":"search_term_string"}}],"inLanguage":"fr-FR"},{"@type":"Organization","@id":"https:\/\/www.mapesteadoree.fr\/boutique\/#organization","name":"Ma Peste Ador\u00e9e","url":"https:\/\/www.mapesteadoree.fr\/boutique\/","logo":{"@type":"ImageObject","inLanguage":"fr-FR","@id":"https:\/\/www.mapesteadoree.fr\/boutique\/#\/schema\/logo\/image\/","url":"https:\/\/www.mapesteadoree.fr\/boutique\/wp-content\/uploads\/2024\/10\/cropped-logo-mpa-2024.png","contentUrl":"https:\/\/www.mapesteadoree.fr\/boutique\/wp-content\/uploads\/2024\/10\/cropped-logo-mpa-2024.png","width":470,"height":110,"caption":"Ma Peste Ador\u00e9e"},"image":{"@id":"https:\/\/www.mapesteadoree.fr\/boutique\/#\/schema\/logo\/image\/"}}]}},"_links":{"self":[{"href":"https:\/\/www.mapesteadoree.fr\/boutique\/wp-json\/wp\/v2\/pages\/28840","targetHints":{"allow":["GET"]}}],"collection":[{"href":"https:\/\/www.mapesteadoree.fr\/boutique\/wp-json\/wp\/v2\/pages"}],"about":[{"href":"https:\/\/www.mapesteadoree.fr\/boutique\/wp-json\/wp\/v2\/types\/page"}],"author":[{"embeddable":true,"href":"https:\/\/www.mapesteadoree.fr\/boutique\/wp-json\/wp\/v2\/users\/1"}],"replies":[{"embeddable":true,"href":"https:\/\/www.mapesteadoree.fr\/boutique\/wp-json\/wp\/v2\/comments?post=28840"}],"version-history":[{"count":0,"href":"https:\/\/www.mapesteadoree.fr\/boutique\/wp-json\/wp\/v2\/pages\/28840\/revisions"}],"wp:attachment":[{"href":"https:\/\/www.mapesteadoree.fr\/boutique\/wp-json\/wp\/v2\/media?parent=28840"}],"curies":[{"name":"wp","href":"https:\/\/api.w.org\/{rel}","templated":true}]}}